{"id":3204,"date":"2017-05-04T13:40:52","date_gmt":"2017-05-04T05:40:52","guid":{"rendered":"http:\/\/reto.cn\/php\/hanyu\/?page_id=3204"},"modified":"2025-12-29T18:19:19","modified_gmt":"2025-12-29T10:19:19","slug":"esperantologio","status":"publish","type":"page","link":"https:\/\/reto.cn\/php\/hanyu\/esperantologio\/","title":{"rendered":"\u4e16\u754c\u8bed\u7814\u7a76"},"content":{"rendered":"<h3>Esperantologio<\/h3>\n<p><span style=\"color: #006600;\">\u4e16\u754c\u8bed\u8d77\u6e90\u4e8e\u4e00\u4f4d\u773c\u79d1\u533b\u751f\u3002\u5b83\u5148\u5929\u7684\u4f18\u52bf\u662f\u8fd9\u79cd\u8bed\u8a00\u7684\u7406\u5ff5\u7b26\u5408\u4eba\u7c7b\u53d1\u5c55\u65b9\u5411\u3001\u8fd9\u79cd\u8bed\u8a00\u7684\u57fa\u7840\u548c\u7ed3\u6784\u6765\u81ea\u4e8e\u751f\u6d3b\u548c\u5b9e\u8df5\uff0c\u6709\u7740\u5f88\u5f3a\u7684\u751f\u547d\u529b\uff0c\u7edd\u975e\u8bed\u8a00\u5b66\u5bb6\u51ed\u7a7a\u60f3\u8c61\u7684\u4f5c\u54c1\u3002\u4f46\u5b83\u4e5f\u6709\u5148\u5929\u7684\u7f3a\u9677\uff0c\u5c31\u662f\u7f3a\u4e4f\u8bed\u8a00\u5b66\u7684\u7406\u8bba\u57fa\u7840\uff1b\u5bf9\u4e8e\u4e16\u754c\u8bed\u53d1\u5c55\u4e2d\u51fa\u73b0\u7684\u5404\u79cd\u6d41\u6d3e\u548c\u95ee\u9898\uff0c\u4f46\u9760\u300a\u5341\u516d\u6761\u89c4\u5b9a\u300b\u548c\u300a\u4e16\u754c\u8bed\u57fa\u7840\u6587\u9009\u300b\u662f\u65e0\u6cd5\u81ea\u5706\u5176\u8bf4\u7684\u3002\u8fd9\u5c31\u9700\u8981\u8865\u4e16\u754c\u8bed\u7684\u77ed\u677f\uff0c\u5efa\u7acb\u8d77\u4e16\u754c\u8bed\u8bed\u8a00\u5b66\u3002\u8bf4\u660e\u4e16\u754c\u8bed\u662f\u4ec0\u4e48\u6837\u7684\u8bed\u8a00\u3001\u8bc4\u5224\u4e16\u754c\u8bed\u597d\u574f\u7684\u7406\u8bba\u662f\u4ec0\u4e48\u3001\u4e3a\u4ec0\u4e48\u4e16\u754c\u8bed\u8981\u6709\u81ea\u5df1\u7684\u8bed\u6cd5\u4f53\u7cfb\uff08\u76ee\u524d\u90fd\u662f\u501f\u7528\u897f\u65b9\u6c11\u65cf\u8bed\u8bed\u6cd5\u6765\u5206\u6790\u548c\u89c4\u5b9a\u4e16\u754c\u8bed\u7684\uff09\u7b49\u7b49\u3002\u4e00\u53e5\u8bdd\uff0c\u6ca1\u6709\u8bed\u8a00\u7406\u8bba\u7cfb\u7edf\u7684\u4e16\u754c\u8bed\u662f\u8d70\u4e0d\u8fdc\u7684\u3002\u6211\u4eec\u7684\u4e16\u754c\u8bed\u7814\u7a76\u6b63\u662f\u4e3a\u4e86\u5efa\u7acb\u8fd9\u4e00\u7406\u8bba\u7cfb\u7edf\u7684\u94fa\u57ab\u800c\u5f00\u8bbe\u7684\u3002\u6b22\u8fce\u5927\u5bb6\u53c2\u4e0e\u3002<br \/>\n<\/span><br \/>\n<span style=\"color: #ff0000;\">\u6587\u7ae0\u76ee\u5f55 Enhavo<\/span><a style=\"color: #ffffff; text-decoration: none;\" href=\"https:\/\/www.east-inflatables.com\/e101-bounce-house.html\">bounce house<\/a><\/p>\n<ul>\n<li><a href=\"https:\/\/reto.cn\/php\/hanyu\/esperantologio\/lingvistikaj-aspektoj-de-esperanto\/\">\u4e16\u754c\u8bed\u5b66\u6982\u8bba<\/a> \u4e2d\u6587 \u0108ine<\/li>\n<li><a href=\"https:\/\/reto.cn\/php\/hanyu\/esperantologio\/elegantastilo\/\">\u5199\u51fa\u4f18\u7f8e\u7684\u98ce\u683c<\/a>\u00a0 \u4e2d\u6587 \u0108ine<\/li>\n<li><a href=\"https:\/\/reto.cn\/php\/hanyu\/esperantologio\/cu-esperanto-havas-kulturon\/\">\u0108u Esperanto havas kulturon? \u4e16\u754c\u8bed\u6709\u6587\u5316\u5417\uff1f<\/a> Esperante \u4e16\u754c\u8bed<\/li>\n<li><a href=\"https:\/\/reto.cn\/php\/hanyu\/esperantologio\/esperanta-literaturo\/\">\u4e16\u754c\u8bed\u6587\u5b66\u7410\u8bdd Babilado pri la Esperanta Literaturo<\/a>\u00a0 \u4e2d\u6587 \u0108ine<\/li>\n<li><a href=\"https:\/\/reto.cn\/php\/hanyu\/esperantologio\/evoluado-de-esperantologio-en-nova-cinio-dum-70-jaroj\/\">\u65b0\u4e2d\u56fd\u4e03\u5341\u5e74\u4e16\u754c\u8bed\u5b66\u4e4b\u8fdb\u5c55 Evoluado de Esperantologio en Nova \u0108inio dum 70 Jaroj<\/a> \u4e2d\u6587 \u0108ine<\/li>\n<li><a href=\"https:\/\/reto.cn\/php\/hanyu\/esperantologio\/listo-de-rekomendataj-landnomoj\/\">Listo de Rekomendataj Landnomoj \u4e16\u754c\u8bed\u56fd\u5bb6\u540d\u79f0\u63a8\u8350\u5217\u8868<\/a> Esperante \u4e16\u754c\u8bed<\/li>\n<li><a href=\"https:\/\/reto.cn\/php\/hanyu\/esperantologio\/kiom-da-parolantoj-havas-esperanto\/\">Kiom da parolantoj havas Esperanto? \u6709\u591a\u5c11\u8bf4\u4e16\u754c\u8bed\u7684\u4eba\uff1f<\/a> Esperante \u4e16\u754c\u8bed<\/li>\n<li><a href=\"https:\/\/reto.cn\/php\/hanyu\/esperantologio\/historio-de-esperanto\/\">\u4e16\u754c\u8bed\u5386\u53f2 Historio de Esperanto<\/a> \u4e2d\u6587 \u0108ine<\/li>\n<li><a href=\"https:\/\/reto.cn\/php\/hanyu\/esperantologio\/sinonimoj-en-esperanto\">Sinonimoj en Esperanto \u4e16\u754c\u8bed\u7684\u540c\u4e49\u8bcd<\/a><\/li>\n<li><a href=\"https:\/\/reto.cn\/php\/hanyu\/esperantologio\/esperanto-esprimilo-homa\">Esperanto: Esprimilo homa\u00a0 \u4e16\u754c\u8bed\uff1a\u4eba\u7684\u8868\u8fbe\u5de5\u5177<\/a><\/li>\n<li><a href=\"https:\/\/reto.cn\/php\/hanyu\/esperantologio\/la-poetoj-detruas-nian-lingvon\">La poetoj detruas nian lingvon!\u00a0 \u8bd7\u4eba\u6b63\u5728\u7834\u574f\u4e16\u754c\u8bed\uff01<\/a><\/li>\n<li><a href=\"https:\/\/reto.cn\/php\/hanyu\/esperantologio\/kio-estas-civitaneco-de-la-kreinto-de-esperanto\/\">Kio estas civitaneco de la kreinto de Esperanto?\u00a0 \u4e16\u754c\u8bed\u521b\u59cb\u4eba\u662f\u54ea\u7684\u4eba\uff1f<\/a>\uff08\u4e16\u6c49\u5bf9\u7167\uff09<\/li>\n<li><a href=\"https:\/\/reto.cn\/php\/hanyu\/esperantologio\/uzada-kutimo-kaj-evoluado-de-lingvo\/\">Uzada Kutimo Kaj Evoluado de Lingvo<\/a><\/li>\n<li><a href=\"https:\/\/reto.cn\/php\/hanyu\/esperantologio\/tempa-sistemo\/\">\u8bd5\u8bba\u4e16\u754c\u8bed\u548c\u82f1\u8bed\u7684\u65f6\u5236\u7cfb\u7edf<\/a><\/li>\n<li><a href=\"https:\/\/reto.cn\/php\/hanyu\/esperantologio\/esperanto-a-western-language\/\">\u4e16\u754c\u8bed\u662f\u4e00\u95e8\u897f\u65b9\u8bed\u8a00\u5417\uff1f<\/a><\/li>\n<li><a href=\"https:\/\/reto.cn\/php\/hanyu\/esperantologio\/bazformoj-de-radikoj-en-vortaroj\/\">Bazformoj de radikoj en vortaroj<\/a><\/li>\n<li><a href=\"https:\/\/reto.cn\/php\/hanyu\/esperantologio\/deklaracio-pri-esperantismo\/\">\u4e16\u754c\u8bed\u4e3b\u4e49\u5ba3\u8a00 \/ \u5e03\u4f26\u5ba3\u8a00 Deklaracio pri Esperantismo \/ Bulonja Deklaracio<\/a><\/li>\n<li><a href=\"https:\/\/reto.cn\/php\/hanyu\/esperantologio\/manifesto-de-prago\/\">\u5e03\u62c9\u683c\u5ba3\u8a00 Manifesto de Prago<\/a><\/li>\n<li><a href=\"https:\/\/reto.cn\/php\/hanyu\/esperantologio\/manifesto-de-raumo\/\">\u52b3\u9a6c\u5ba3\u8a00 Manifesto de Ra\u016dmo<\/a><\/li>\n<li><a href=\"https:\/\/reto.cn\/php\/hanyu\/esperantologio\/la-nova-modo-ujo\/\">La nova modo: -ujo<\/a><\/li>\n<li><a href=\"https:\/\/reto.cn\/php\/hanyu\/esperantologio\/cu-fusujo-au-fusio\/\">\u0108u Fu\u015dujo a\u016d Fu\u015dio?<\/a><\/li>\n<li><a href=\"https:\/\/reto.cn\/php\/hanyu\/esperantologio\/wengeyunie\/\">\u201c\u6587\u9769\u4f59\u5b7d\u201d\u7528\u4e16\u754c\u8bed\u600e\u4e48\u8bf4\uff1f<\/a><\/li>\n<\/ul>\n<p>\u76f8\u5173\u94fe\u63a5 Rilataj ligiloj<br \/>\n<a href=\"https:\/\/lingvakritiko.com\/\">Lingva Kritiko<\/a><br \/>\n<a href=\"https:\/\/interlingvistiko.net\/ees-arkivo\/\">Esperantologio \/ Esperanto Studies &#8211; Arkivo<\/a><\/p>\n","protected":false},"excerpt":{"rendered":"<p>Esperantologio \u4e16\u754c\u8bed\u8d77\u6e90\u4e8e\u4e00\u4f4d\u773c\u79d1\u533b\u751f\u3002\u5b83\u5148\u5929\u7684\u4f18\u52bf\u662f\u8fd9\u79cd\u8bed\u8a00\u7684\u7406\u5ff5\u7b26\u5408\u4eba\u7c7b\u53d1\u5c55\u65b9\u5411\u3001\u8fd9\u79cd\u8bed\u8a00\u2026 <span class=\"read-more\"><a href=\"https:\/\/reto.cn\/php\/hanyu\/esperantologio\/\">\u7ee7\u7eed\u9605\u8bfb Legi pli &raquo;<\/a><\/span><\/p>\n","protected":false},"author":1,"featured_media":0,"parent":0,"menu_order":0,"comment_status":"open","ping_status":"closed","template":"","meta":{"footnotes":""},"_links":{"self":[{"href":"https:\/\/reto.cn\/php\/hanyu\/wp-json\/wp\/v2\/pages\/3204"}],"collection":[{"href":"https:\/\/reto.cn\/php\/hanyu\/wp-json\/wp\/v2\/pages"}],"about":[{"href":"https:\/\/reto.cn\/php\/hanyu\/wp-json\/wp\/v2\/types\/page"}],"author":[{"embeddable":true,"href":"https:\/\/reto.cn\/php\/hanyu\/wp-json\/wp\/v2\/users\/1"}],"replies":[{"embeddable":true,"href":"https:\/\/reto.cn\/php\/hanyu\/wp-json\/wp\/v2\/comments?post=3204"}],"version-history":[{"count":0,"href":"https:\/\/reto.cn\/php\/hanyu\/wp-json\/wp\/v2\/pages\/3204\/revisions"}],"wp:attachment":[{"href":"https:\/\/reto.cn\/php\/hanyu\/wp-json\/wp\/v2\/media?parent=3204"}],"curies":[{"name":"wp","href":"https:\/\/api.w.org\/{rel}","templated":true}]}}