{"id":3226,"date":"2017-05-04T16:48:33","date_gmt":"2017-05-04T08:48:33","guid":{"rendered":"http:\/\/reto.cn\/php\/hanyu\/?page_id=3226"},"modified":"2017-05-04T16:48:33","modified_gmt":"2017-05-04T08:48:33","slug":"kio-estas-civitaneco-de-la-kreinto-de-esperanto","status":"publish","type":"page","link":"https:\/\/reto.cn\/php\/hanyu\/esperantologio\/kio-estas-civitaneco-de-la-kreinto-de-esperanto\/","title":{"rendered":"\u4e16\u754c\u8bed\u521b\u59cb\u4eba\u662f\u54ea\u7684\u4eba\uff1f"},"content":{"rendered":"<p>&nbsp;<\/p>\n<h3><img decoding=\"async\" loading=\"lazy\" class=\" alignleft\" src=\"http:\/\/reto.cn\/bildo\/cina\/diversajoj\/zamenhof-01.jpg\" width=\"160\" height=\"206\" \/>Kio Estas Civitaneco de la Kreinto de Esperanto?<br \/>\n<strong>\u4e16\u754c\u8bed\u521b\u59cb\u4eba\u662f\u54ea\u7684\u4eba\uff1f<\/strong><\/h3>\n<p>Prelego de Chielismo por La 14a Maja Seminario de HEA \u00a0en Uhano<br \/>\nKreinto de Esperanto estas tre mondkonata kiel unu el kvar judaj famuloj agnoskitaj de Unui\u011dantaj Nacioj. Ili estas Jesuo, Einstein, Marks k Zamenhof. La \u015dtataneco de la anta\u016daj tri personoj estas evidente klaraj. Kaj nur la lasta persono kreinto de Esperanto L.L. Zamenhof ne havas komunan opinion..<br \/>\n\u4e16\u754c\u8bed\u521b\u59cb\u4eba\u662f\u56fd\u9645\u4e0a\u5e7f\u4e3a\u4eba\u77e5\uff0c\u88ab\u8054\u5408\u56fd\u8ba4\u5b9a\u7684\u56db\u4e2a\u72b9\u592a\u4f1f\u4eba\u4e4b\u4e00\u3002\u4ed6\u4eec\u662f\u8036\u82cf\u3001\u7231\u56e0\u65af\u5766\u3001\u9a6c\u514b\u601d\u548c\u67f4\u95e8\u970d\u592b\u3002\u524d\u9762\u4e09\u4f4d\u7684\u56fd\u7c4d\u90fd\u4e0d\u5bb9\u7f6e\u7591\uff0c\u53ea\u6709\u6700\u540e\u4e00\u4f4d\u3001\u4e16\u754c\u8bed\u7684\u521b\u59cb\u4eba\u67f4\u95e8\u970d\u592b\u7684\u56fd\u7c4d\u6ca1\u6709\u5b9a\u8bba\u3002<br \/>\n<strong>\u00a0\u00a0 <\/strong><br \/>\nDelonge oni rakontas pri kreinto de Esperanto Zamenhof, ke li naski\u011dis en Bialistoko oriente de Pollando. \u015cajnas ke Zamenhof estu pollandano. Pro tio la pola esperantisto sentas sin fiera, kaj la pola \u015dtato anka\u016d kontribuas kontinue por disvastigi Esperanton. Sed la rusa esperantisto ignoras la internacian opinion, kaj nomas je Zamenhof nia samideano (rusia esperantisto). Jes, nome de rusia esperantisto Zamenhof aktivis, sed la\u016d la parola\u0135o Zamenhof nomas Litovion kiel sian patrujon. Al la kontra\u016ddiroj kiel esperantisto mi volas science analizi tiujn kontra\u016ddirojn, memore al 150-jara naski\u011ddatreveno de la kreinto de Esperanto. Jen miaj opinioj diskuteblaj anta\u016d la samideanoj.<br \/>\n\u957f\u671f\u4ee5\u6765\uff0c\u4ecb\u7ecd\u4e16\u754c\u8bed\u7684\u521b\u59cb\u4eba\u67f4\u95e8\u970d\u592b\u7684\u6807\u51c6\u8bf4\u6cd5\u662f\uff0c\u67f4\u95e8\u970d\u592b\u51fa\u751f\u4e8e\u6ce2\u5170\u4e1c\u90e8\u7684\u6bd4\u4e9a\u91cc\u65af\u6258\u514b\u5e02\u3002\u8fd9\u597d\u50cf\u662f\u5728\u8bf4\uff0c\u67f4\u95e8\u970d\u592b\u662f\u6ce2\u5170\u4eba\u3002\u800c\u6ce2\u5170\u4e16\u754c\u8bed\u8005\u4e5f\u4ee5\u6b64\u4e3a\u8363\uff0c\u6ce2\u5170\u56fd\u5bb6\u4e5f\u4e3a\u4e16\u754c\u8bed\u7684\u63a8\u5e7f\u505a\u51fa\u4e86\u957f\u671f\u7684\u8d21\u732e\u3002\u4f46\u4fc4\u7f57\u65af\u7684\u4e16\u754c\u8bed\u8005\u5374\u6f20\u89c6\u56fd\u9645\u516c\u8ba4\u7684\u8bf4\u6cd5\uff0c\u79f0\u547c\u67f4\u95e8\u970d\u592b\u4e3a\u6211\u4eec\u7684\u540c\u5fd7\uff08\u4fc4\u7f57\u65af\u4e16\u754c\u8bed\u8005\uff09\u3002\u7684\u786e\uff0c\u67f4\u95e8\u970d\u592b\u662f\u4ee5\u4fc4\u7f57\u65af\u4e16\u754c\u8bed\u540d\u4e49\u6d3b\u52a8\u7684\u3002\u4f46\u6839\u636e\u4ed6\u7684\u6f14\u8bb2\u96c6\uff0c\u5374\u53d1\u73b0\u4ed6\u79f0\u7acb\u9676\u5b9b\u4e3a\u81ea\u5df1\u7684\u7956\u56fd\u3002\u5bf9\u6b64\uff0c\u6211\u4eec\u4f5c\u4e3a\u4e16\u754c\u8bed\u8005\uff0c\u6709\u5fc5\u8981\u5ba2\u89c2\u7684\u7814\u7a76\u4e00\u4e0b\u8fd9\u4e9b\u8bf4\u6cd5\u7684\u539f\u56e0\uff0c\u4e5f\u662f\u5bf9\u4e16\u754c\u8bed\u521b\u59cb\u4eba\u8bde\u8fb0150\u5e74\u7684\u7eaa\u5ff5\u3002\u4e0b\u9762\u662f\u6211\u7684\u51e0\u4e2a\u89c2\u70b9\uff0c\u4f9b\u5927\u5bb6\u7814\u7a76\u8ba8\u8bba\u3002<\/p>\n<ol>\n<li>Pollandano<\/li>\n<\/ol>\n<p>Sendube Ludoviko Zamenhof (1859-1917) naski\u011dis en Bialitoko oriente de la Pola Respubliko. Lia patro Marko Zamenhof (1837-1907) naski\u011dis en la urbeto Tik\u0109in apude de Bialistoko. En la urbeton Tik\u0109in lia avo Fabian Zamenhof(1801-1861) transloki\u011dis la\u016d vojo Kurlando(Litvio) \u2013 Vilno(Litovio)- Grodno(Belorusio) \u2013Tik\u0109in(Pollando), tamen tri generacioj vivis tie jam indi\u011deni\u011daj. La\u016d tio \u015dajnas sen problemo ke Zamenhof devas esti pollandano. Sed problemo estas tiam ke ankora\u016d ne naski\u011dis la Pola Respubliko, kiam Zamenhof vivas le\u011de en teritorio de Rusia Imperio. Lia patro nutris sin kaj sian familion pere de salajro kaj pensiono donitaj de Rusia Imperio, sed ne de Pola Respubliko. Fakte, \u011dis sia morto Zamenhof ne scias, ke li fari\u011dos venonta civitano de Pola Respubliko.<br \/>\n\u4e00\u3001\u6ce2\u5170\u4eba\u7684\u539f\u56e0\u548c\u8bc1\u636e<br \/>\n\u6beb\u65e0\u7591\u95ee\uff0c\u8def\u9053\u7ef4\u8003\u00b7\u67f4\u95e8\u970d\u592b\u7684\u51fa\u751f\u5730\u5728\u4eca\u5929\u7684\u6ce2\u5170\u4e1c\u90e8\u7684\u6bd4\u4e9a\u91cc\u65af\u6258\u514b\u5e02\u3002\u4ed6\u7236\u4eb2\u9a6c\u5c14\u79d1\u00b7\u67f4\u95e8\u970d\u592b\uff081837-1907\uff09\u7684\u51fa\u751f\u5730\u5c31\u5728\u6bd4\u4e9a\u91cc\u65af\u6258\u514b\u5e02\u9644\u8fd1\u7684\u8fea\u514b\u8f9b\u9547\u3002\u867d\u7136\uff0c\u8def\u9053\u7ef4\u8003\u00b7\u67f4\u95e8\u970d\u592b\u7684\u7237\u7237\u6cd5\u6bd4\u5b89\u00b7\u67f4\u95e8\u970d\u592b\uff081801-1861\uff09\u4ece\u5e93\u5c14\u5170\u5730\u533a\uff08\u73b0\u5c5e\u62c9\u8131\u7ef4\u4e9a\uff09\u8f97\u8f6c\u7ef4\u5c14\u7ebd\u65af\uff08\u73b0\u5c5e\u7acb\u9676\u5b9b\uff09\u548c\u54e5\u7f57\u5f97\u8bfa\uff08\u73b0\u5c5e\u767d\u4fc4\u7f57\u65af\uff09\u8fc1\u5230\u4e86\u8fea\u514b\u8f9b\u9547\uff08\u73b0\u5c5e\u6ce2\u5170\uff09\uff0c\u4f46\u4e09\u4ee3\u4eba\u5728\u8be5\u5730\u533a\u7684\u5c45\u4f4f\uff0c\u53ef\u4ee5\u8bf4\u5df2\u7ecf\u662f\u5f53\u5730\u4eba\u4e86\u3002\u6309\u7406\u8bf4\uff0c\u67f4\u95e8\u970d\u592b\u662f\u6ce2\u5170\u4eba\u5e94\u8be5\u6ca1\u6709\u95ee\u9898\u7684\u3002\u4f46\u95ee\u9898\u662f\uff0c\u67f4\u95e8\u970d\u592b\u4ece\u751f\u5230\u6b7b\u65f6\u6ce2\u5170\u5e76\u6ca1\u6709\u72ec\u7acb\uff0c\u800c\u662f\u5c5e\u4e8e\u4fc4\u7f57\u65af\u5e1d\u56fd\u7684\u4e00\u90e8\u5206\u3002\u4ed6\u7236\u4eb2\u517b\u5bb6\u7cca\u53e3\u7684\u85aa\u6c34\u4e0e\u517b\u8001\u91d1\u662f\u4fc4\u7f57\u65af\u5e1d\u56fd\u652f\u4ed8\u7684\uff0c\u4e0d\u662f\u6ce2\u5170\u56fd\u5bb6\u652f\u4ed8\u7684\u3002\u6216\u8005\u8bf4\uff0c\u67f4\u95e8\u970d\u592b\u6b7b\u7684\u65f6\u5019\uff0c\u4ed6\u5e76\u4e0d\u77e5\u9053\u81ea\u5df1\u5c06\u6765\u4f1a\u6210\u4e3a\u6ce2\u5170\u4eba\u3002<\/p>\n<ol>\n<li>Rusiano<\/li>\n<\/ol>\n<p>Dum la pasinteco Pollando estis regita de Rusia Imperio. Anka\u016d Varsovia Esperanto-Grupo apartenis al Esperanto-klubo de Sankta Peterburgo. Dume 100 jarojn Bjalistoko ne apartenis al Pollando, sed al Grodna Gubernio (Belorusio). Zamenhof sendube posedas civitanecan legitimacion far Rusia Imperio. Lia oficiala nomo registrita sur sia le\u011ddokumento devas esti Lazar Markovi\u0109 Zamenov. Kreinto de Esperanto diplomi\u011dis de Moskva Universitato. Li devas esti edukita de la rusia kulturo. Lia oficiala lingvo devas esti la rusa lingvo. Fakte, en la juneco Zamenhof sopiris fari\u011di ruslingva literaturisto. Lia patro Mark Zamenhof anka\u016d estis brile konata pro sia elokventa ruslingveco. La patro parolas hejme nur per la rusa lingvo. La\u016d la faktoj la rusa esperantisto rajtas titoligi al Zamenhof nian samideanon (rusia esperantisto). Fakte, ni anka\u016d povas facile trovi rusian esperantistecon, kion Zamenhof pretendis en publikaj prelegoj. Oficiale Zamenhof estu la rusia \u015dtatano, \u011duste, la rusia hebreo.<br \/>\n\u4e8c\u3001\u4fc4\u7f57\u65af\u516c\u6c11\u7684\u539f\u56e0\u548c\u8bc1\u636e<br \/>\n\u5f53\u65f6\u7684\u6ce2\u5170\u5c5e\u4e8e\u4fc4\u7f57\u65af\u662f\u5386\u53f2\u4e8b\u5b9e\u3002\u534e\u6c99\u7684\u4e16\u754c\u8bed\u5c0f\u7ec4\u4e5f\u662f\u96b6\u5c5e\u4fc4\u7f57\u65af\u5723\u5f7c\u5f97\u5821\u4e16\u754c\u8bed\u7ec4\u7ec7\u7684\u3002\u800c\u5f53\u65f6\u7684\u767e\u5e74\u95f4\u6bd4\u4e9a\u91cc\u65af\u6258\u514b\u5e02\u4e5f\u4e0d\u5c5e\u4e8e\u4eca\u5929\u7684\u6ce2\u5170\u7ba1\u8f96\uff0c\u800c\u662f\u5c5e\u4e8e\u4eca\u5929\u7684\u767d\u4fc4\u7f57\u65af\u7684\u54e5\u7f57\u5fb7\u8bfa\u5dde\u7ba1\u8f96\u3002\u67f4\u95e8\u970d\u592b\u7684\u8eab\u4efd\u8bc1\u660e\u5e94\u8be5\u662f\u4fc4\u7f57\u65af\u5b98\u65b9\u7b7e\u53d1\u7684\u62a4\u7167\u3002\u4ed6\u7684\u6cd5\u5b9a\u540d\u5b57\u5e94\u8be5\u662f\u4fc4\u6587\u4e66\u5199\u7684\uff1a\u62c9\u624e\u5c14\u00b7\u9a6c\u5c14\u514b\u7ef4\u5947\u00b7\u624e\u8fc8\u8bfa\u592b\u3002\u4e16\u754c\u8bed\u7684\u521b\u59cb\u4eba\u6bd5\u4e1a\u4e8e\u83ab\u65af\u79d1\u5927\u5b66\uff0c\u6240\u53d7\u7684\u6559\u80b2\u5e94\u8be5\u662f\u4fc4\u7f57\u65af\u6587\u5316\u3002\u4ed6\u7684\u6b63\u5f0f\u8bed\u8a00\u5e94\u8be5\u662f\u4fc4\u8bed\u3002\u4e8b\u5b9e\u4e0a\uff0c\u67f4\u95e8\u970d\u592b\u65e9\u5e74\u6e34\u671b\u6210\u4e3a\u4fc4\u7f57\u65af\u6587\u5b66\u5bb6\u3002\u4ed6\u7684\u7236\u4eb2\u9a6c\u5c14\u79d1\u00b7\u67f4\u95e8\u970d\u592b\u5c31\u662f\u4ee5\u6f02\u4eae\u7684\u4fc4\u6587\u800c\u663e\u9732\u624d\u534e\u7684\uff1b\u5728\u5bb6\u91cc\u53ea\u8bf4\u4fc4\u6587\u3002\u800c\u4e14\uff0c1887\u5e74\u516c\u5e03\u7684\u4e16\u754c\u8bed\u7b2c\u4e00\u4e66\u7b2c\u4e00\u7248\u4e5f\u662f\u4fc4\u6587\u7684\u3002\u6240\u4ee5\uff0c\u4fc4\u7f57\u65af\u4e16\u754c\u8bed\u8005\u79f0\u67f4\u95e8\u970d\u592b\u4e3a\u6211\u4eec\u7684\u540c\u5fd7\uff08\u4fc4\u7f57\u65af\u4e16\u754c\u8bed\u8005\uff09\uff0c\u4e5f\u5e94\u8be5\u6ca1\u6709\u95ee\u9898\u7684\u3002\u4e8b\u5b9e\u4e0a\uff0c\u67f4\u95e8\u970d\u592b\u672c\u4eba\u4e5f\u81ea\u79f0\u4e3a\u4fc4\u56fd\u4e16\u754c\u8bed\u8005\u7684\u3002\u8fd9\u5728\u4ed6\u7684\u516c\u5f00\u6f14\u8bb2\u4e2d\u5f88\u5bb9\u6613\u627e\u5230\u3002\u6240\u4ee5\u4ece\u6cd5\u7406\u4e0a\u8bb2\u67f4\u95e8\u970d\u592b\u662f\u4fc4\u56fd\u4eba\u3002\u786e\u5207\u5730\u8bf4\uff0c\u662f\u4fc4\u7f57\u65af\u5e1d\u56fd\u7684\u72b9\u592a\u4eba\u3002<\/p>\n<ol>\n<li>Rusia hebro<\/li>\n<\/ol>\n<p>Ludoviko Zamenhof naski\u011dis en Bialitoko oriente de la Pola Respubliko. Dume Bjalistoko estis komerca centro kun multaj judoj. Ludoviko naski\u011dis kaj kreskis en la juda strato(Ulica Zielona). Kvankam Zamenhof neniam ka\u015das sian judecon, tamen historie oni miskorektis la veran nomon anstata\u016d Verda Strato(Ulica Zydowska), hodia\u016d nomita Zamenhofa Strato. Zamenhof iam estis cionisto, kaj fervoris por la cionismo. Finfine li trovis ke harmonio de la nacio e\u0109 homaro dependas de interkompreni\u011do per Esperanto. Li fari\u011dis la homaranisto. Kiam en Francio okazos juda konferenco esperantista, kiu invitas honoran titolon de Zamenhof, li rifuzas la inviton, malgra\u016d tio ke li amas sian naciecon \u0109iam kaj kore kun granda simpatio.<br \/>\n\u4e09\u3001\u4fc4\u7f57\u65af\u5e1d\u56fd\u7684\u72b9\u592a\u4eba<br \/>\n\u8def\u9053\u7ef4\u8003\u00b7\u67f4\u95e8\u970d\u592b\u7684\u51fa\u751f\u5730\u5728\u4eca\u5929\u7684\u6ce2\u5170\u4e1c\u90e8\u7684\u6bd4\u4e9a\u91cc\u65af\u6258\u514b\u5e02\u3002\u5f53\u65f6\u7684\u6bd4\u4e9a\u91cc\u65af\u6258\u514b\u5e02\u662f\u4e2a\u5546\u4e1a\u4e2d\u5fc3\uff0c\u90a3\u91cc\u5c45\u4f4f\u7740\u5927\u6279\u7684\u72b9\u592a\u4eba\u3002\u67f4\u95e8\u970d\u592b\u5c31\u662f\u51fa\u751f\u548c\u6210\u957f\u5728\u8be5\u5e02\u7684Ulica Zydowska(\u72b9\u592a\u5df7)\u3002\u867d\u7136\uff0c\u67f4\u95e8\u970d\u592b\u672c\u4eba\u4ece\u6ca1\u9690\u7792\u8fc7\u81ea\u5df1\u72b9\u592a\u4eba\u7684\u8eab\u4efd\u548c\u51fa\u751f\u5730\uff0c\u4e0d\u77e5\u7531\u4e8e\u4ec0\u4e48\u539f\u56e0\u957f\u671f\u4ee5\u6765\u5386\u53f2\u8d44\u6599\u7be1\u6539\u4e86\u5730\u540d\uff0c\u58f0\u79f0\u4ed6\u51fa\u751f\u5728Ulica Zielona(\u7eff\u8272\u8857)\uff0c\u4e5f\u5c31\u662f\u4eca\u5929\u7684\u67f4\u95e8\u970d\u592b\u5927\u8857\u3002\u67f4\u95e8\u970d\u592b\u66fe\u7ecf\u662f\u72b9\u592a\u590d\u56fd\u4e3b\u4e49\u8005\uff0c\u4e3a\u72b9\u592a\u6c11\u65cf\u7684\u590d\u5174\u5954\u8d70\u547c\u53f7\u3002\u6700\u7ec8, \u4ed6\u53d1\u73b0\uff0c\u5b9e\u73b0\u6c11\u65cf\u548c\u89e3\u3001\u4eba\u7c7b\u548c\u8c10\u7684\u529e\u6cd5\u4e4b\u4e00\u662f\u901a\u8fc7\u4e16\u754c\u8bed\u6765\u4e92\u76f8\u4e86\u89e3\u3002\u4ed6\u6210\u4e3a\u4e86\u4eba\u7c7b\u4e00\u5458\u4e3b\u4e49\u8005\u3002\u5f53\u6cd5\u56fd\u53ec\u5f00\u56fd\u9645\u72b9\u592a\u4eba\u4e16\u754c\u8bed\u5927\u4f1a\u65f6\uff0c\u867d\u7136\u4ed6\u6df1\u6df1\u7231\u7740\u81ea\u5df1\u7684\u72b9\u592a\u6c11\u65cf\uff0c\u4e3a\u82e6\u96be\u6df1\u91cd\u7684\u72b9\u592a\u4eba\u800c\u5e9f\u5bdd\u96be\u98df, \u4f46\u4ed6\u5a49\u8a00\u62d2\u7edd\u4e86\u5927\u4f1a\u7684\u540d\u8a89\u9080\u8bf7\u3002<br \/>\n\u0108. Patra lando Litovujo<br \/>\nBjalistoka regiono tradicie apartenas teritorie al Litovujo, kiu mencias ne nur la Litovan Respublikon, anka\u016d najbarajn regionojn kun similaj kulturoj. Fakte, propra teritorio formas propran homon. Kiam Zamenhof studas en Moskvo, a\u016d laboras en Varsovio, li tuj sentas sian ak\u0109enton diferenca kun la rusa a\u016d pola, kaj apartenas al la litova. Kiam li kuracistas Varsovie, e\u0109 lokanoj rifuzis lian servon. Al li la \u0109efaj pacientoj devenis de la litova teritorio. Anka\u016d lia edzino Klara Kobernik\uff081863-1924\uff09 ne estas varsoviano, kaj venis de sia hejmloko Gonas en Litovio. E\u0109 oni asertas ke Zamenhof kreinto de Esperanto prononcas ne \u011duste kun litova ak\u0109ento kiel \u015c = S, \u0108 = C\u2026Fakte, je sia senteco Zamenhof apartenas al litova lo\u011dantaro. Li prenas Litovujon kiel sian patrujon, kiu nutris lian kreskadon. En 1907 li prelegis kun elkora amo: Vi staras ant\u016d miaj okuloj,mia kara Litovujo, mia malfel\u0109a patrujo, kiun mi neniam povas forgesi, kvankam mi forlasis vin kiel juna knabo.<br \/>\n\u56db\u3001\u7956\u56fd\u662f\u7acb\u9676\u5b9b\u7684\u539f\u56e0\u548c\u8bc1\u636e<br \/>\n\u73b0\u5728\u6ce2\u5170\u4e1c\u90e8\u7684\u6bd4\u4e9a\u91cc\u65af\u6258\u514b\u5730\u533a\uff0c\u539f\u4f4f\u6c11\u6587\u5316\u662f\u5c5e\u4e8e\u7acb\u9676\u5b9b\u5730\u533a\u7684\u3002\u6211\u4eec\u73b0\u5728\u6240\u8bf4\u7684\u7acb\u9676\u5b9b\u5730\u533a\uff0c\u5e76\u4e0d\u5355\u6307\u4eca\u5929\u7684\u7acb\u9676\u5b9b\u5171\u548c\u56fd\uff1b\u800c\u662f\u5305\u62ec\u76f8\u90bb\u7684\u4e00\u4e9b\u5730\u533a\u3002\u8fd9\u4e9b\u5730\u533a\u5728\u5730\u7406\u6587\u5316\u4e0a\u6709\u7740\u540c\u6e90\u7684\u57fa\u7840\u3002\u771f\u662f\u4e00\u65b9\u6c34\u571f\u517b\u4e00\u65b9\u4eba\uff0c\u5f53\u67f4\u95e8\u970d\u592b\u5230\u83ab\u65af\u79d1\u4e0a\u5927\u5b66\uff0c\u6216\u8005\u5728\u6ce2\u5170\u751f\u6d3b\u65f6\uff0c\u4ed6\u9a6c\u4e0a\u611f\u5230\u81ea\u5df1\u8bf4\u8bdd\u7684\u8154\u8c03\u4e0d\u5c5e\u4e8e\u4fc4\u7f57\u65af\u4eba\u6216\u534e\u6c99\u4eba\uff0c\u800c\u662f\u5c5e\u4e8e\u7acb\u9676\u5b9b\u4eba\u7684\u53d1\u97f3\u3002\u5f53\u4ed6\u5728\u534e\u6c99\u884c\u533b\u65f6\uff0c\u4ee5\u81f3\u4e8e\u5f53\u5730\u4eba\u6839\u672c\u4e0d\u4e70\u5b83\u7684\u5e10\uff0c\u4ed6\u7684\u4e3b\u8981\u987e\u5ba2\u8fd8\u662f\u90a3\u4e9b\u6765\u81ea\u7acb\u9676\u5b9b\u5730\u533a\u7684\u79fb\u6c11\u6216\u8fc7\u5ba2\u3002\u4ed6\u7684\u59bb\u5b50\u514b\u62c9\u62c9\u00b7\u7386\u5c14\u767d\u5c3c\u514b\uff081863-1924\uff09\u4e0d\u662f\u534e\u6c99\u4eba\uff0c\u4e5f\u662f\u4ece\u8001\u5bb6\u7acb\u9676\u5b9b\u5730\u533a\u9ad8\u7eb3\u65af\u5e02\uff08\u73b0\u5c5e\u7acb\u9676\u5b9b\u5171\u548c\u56fd\uff09\u6765\u7684\u4eba\u3002\u751a\u81f3\uff0c\u4eba\u4eec\u53d1\u73b0\u4e16\u754c\u8bed\u521b\u59cb\u4eba\u67f4\u95e8\u970d\u592b\u5728\u6717\u8bfb\u4e16\u754c\u8bed\u65f6\u5e76\u4e0d\u6807\u51c6\uff0c\u800c\u662f\u5e26\u7740\u7acb\u9676\u5b9b\u8154\u7684\u53d1\u97f3\uff0c\u628a\u201csh\u201d\u3001\u201dchi\u201d\u8bfb\u6210\u4e86\u201cs\u201d\u3001\u201dc\u201d\u7b49\u3002\u6240\u4ee5\uff0c\u67f4\u95e8\u970d\u592b\u5730\u57df\u611f\u60c5\u4e0a\u662f\u5c5e\u4e8e\u7acb\u9676\u5b9b\u4eba\u7684\u3002\u4ed6\u628a\u751f\u517b\u81ea\u5df1\u7684\u7acb\u9676\u5b9b\u5f53\u6210\u4e86\u81ea\u5df1\u7684\u53ef\u7231\u7684\u7956\u56fd\u3002\u4ed6\u66fe\u57281907\u5e74\u6df1\u60c5\u5730\u8bf4\u9053\uff1a\u6211\u4eb2\u7231\u7684\u7acb\u9676\u5b9b\uff0c\u60a8\u5c31\u7ad9\u7acb\u5728\u6211\u7684\u773c\u524d\u3002\u867d\u7136\u6211\u5c11\u5e74\u65f6\u5c31\u79bb\u5f00\u4e86\u60a8\uff0c\u4f46\u6211\u6bcf\u65f6\u6bcf\u523b\u4e0d\u80fd\u628a\u60a8\u5fd8\u8bb0\uff0c\u6211\u90a3\u82e6\u96be\u7684\u7956\u56fd\uff01\uff08 Vi staras ant\u016d miaj okuloj,mia kara Litovujo, mia malfel\u0109a patrujo, kiun mi neniam povas forgesi, kvankam mi forlasis vin kiel juna knabo.\uff09<br \/>\nNun mi povas sinteze respondi temon de la prelego.<br \/>\nLa\u016d le\u011da teorio Zamenhof estas \u015dtatano de Rusia Imperio. Lia oficiala nomo registrita sur sia le\u011ddokumento estas Lazar Markovi\u0109 Zamenov. La\u016d gento Zamenhof apartenas al la juda popolo de Ruslando. Li havas hebrean nomon Ljezer Mordka Zamenhof. En la jaro1895 Zamenhof naski\u011dis kaj kreskis en Litova regiono de Rusia Imperio. Li prenas Litovujon sia naski\u011dregiono kiel sian patrujon. Lia naski\u011dloko estas Bialistoko, kiu nun apartenas al Pola Respubliko. Fakte Zamenhof longe vivis kaj fine dormis en Varsovio \u0109efurbo de Pollando. Oni povas opinii ke li estu Pollandano (ne estu polo). Tamen, konsiderante kredon, Zamenhof kredas homaranismon. Li mem opinias ke li apartenas al la homaro!<br \/>\n\u73b0\u5728\u6211\u53ef\u4ee5\u603b\u7ed3\u6027\u7684\u56de\u7b54\u4e00\u4e0b\u672c\u6587\u7684\u95ee\u9898\u4e86\u3002<br \/>\n\u67f4\u95e8\u970d\u592b\u4ece\u6cd5\u7406\u4e0a\u8bb2\u662f\u4fc4\u56fd\u4eba\u3002\u4ed6\u7684\u4fc4\u6587\u6cd5\u5b9a\u540d\u5b57\u662f\uff1a\u62c9\u624e\u5c14\u00b7\u9a6c\u5c14\u514b\u7ef4\u5947\u00b7\u624e\u8fc8\u8bfa\u592b\u3002\u67f4\u95e8\u970d\u592b\u4ece\u79cd\u65cf\u4e0a\u8bb2\u662f\u4fc4\u56fd\u72b9\u592a\u4eba\u3002\u4ed6\u7684\u72b9\u592a\u540d\u5b57\u662f\uff1a\u5217\u5bb0\u5c14\u00b7\u83ab\u5c14\u5f97\u5361\u00b7\u67f4\u95e8\u970d\u592b\u3002\u67f4\u95e8\u970d\u592b1859\u5e74\u51fa\u751f\u5728\u4fc4\u7f57\u65af\u5e1d\u56fd\u7684\u7acb\u9676\u5b9b\u5730\u533a\u3002\u4ed6\u628a\u751f\u517b\u81ea\u5df1\u7684\u7acb\u9676\u5b9b\u5730\u533a\u5f53\u4f5c\u81ea\u5df1\u7684\u7956\u56fd\u3002\u67f4\u95e8\u970d\u592b\u7684\u51fa\u751f\u5730\u6bd4\u4e9a\u91cc\u65af\u6258\u514b\u5f53\u4eca\u5c5e\u4e8e\u6ce2\u5170\u5171\u548c\u56fd\uff0c\u800c\u4e14\u67f4\u95e8\u970d\u592b\u4e00\u751f\u4e2d\u5f88\u957f\u65f6\u95f4\u662f\u5728\u6ce2\u5170\u9996\u90fd\u534e\u6c99\u6e21\u8fc7\u7684\uff0c\u800c\u4e14\u5728\u6b64\u5b89\u606f\u3002\u6240\u4ee5\u8bf4\u67f4\u95e8\u970d\u592b\u7684\u6ce2\u5170\u4eba\u4e5f\u4e0d\u4e3a\u8fc7\u3002\u4ece\u4e2a\u4eba\u4fe1\u4ef0\u4e0a\u770b\uff0c\u67f4\u95e8\u970d\u592b\u5d07\u4fe1\u4eba\u7c7b\u4e00\u5458\u4e3b\u4e49\uff0c\u4ed6\u8ba4\u4e3a\u81ea\u5df1\u5c5e\u4e8e\u4eba\u7c7b\uff01<br \/>\n\u897f\u5b89\u4e16\u754c\u8bed\u534f\u4f1a\u4f1a\u957f\u738b\u5929\u4e49<br \/>\n2009\u5e745\u670820\u65e5\u4fee\u6539\u4e8e\u897f\u5b89<br \/>\n<a href=\"https:\/\/reto.cn\/php\/hanyu\/esperantologio\">\u8fd4\u56de\u4e16\u754c\u8bed\u7814\u7a76\u680f\u76ee\u76ee\u5f55<\/a><\/p>\n","protected":false},"excerpt":{"rendered":"<p>&nbsp; Kio Estas Civitaneco de la Kreinto de Esperanto?\u2026 <span class=\"read-more\"><a href=\"https:\/\/reto.cn\/php\/hanyu\/esperantologio\/kio-estas-civitaneco-de-la-kreinto-de-esperanto\/\">\u7ee7\u7eed\u9605\u8bfb Legi pli &raquo;<\/a><\/span><\/p>\n","protected":false},"author":1,"featured_media":0,"parent":3204,"menu_order":0,"comment_status":"open","ping_status":"closed","template":"","meta":{"footnotes":""},"_links":{"self":[{"href":"https:\/\/reto.cn\/php\/hanyu\/wp-json\/wp\/v2\/pages\/3226"}],"collection":[{"href":"https:\/\/reto.cn\/php\/hanyu\/wp-json\/wp\/v2\/pages"}],"about":[{"href":"https:\/\/reto.cn\/php\/hanyu\/wp-json\/wp\/v2\/types\/page"}],"author":[{"embeddable":true,"href":"https:\/\/reto.cn\/php\/hanyu\/wp-json\/wp\/v2\/users\/1"}],"replies":[{"embeddable":true,"href":"https:\/\/reto.cn\/php\/hanyu\/wp-json\/wp\/v2\/comments?post=3226"}],"version-history":[{"count":0,"href":"https:\/\/reto.cn\/php\/hanyu\/wp-json\/wp\/v2\/pages\/3226\/revisions"}],"up":[{"embeddable":true,"href":"https:\/\/reto.cn\/php\/hanyu\/wp-json\/wp\/v2\/pages\/3204"}],"wp:attachment":[{"href":"https:\/\/reto.cn\/php\/hanyu\/wp-json\/wp\/v2\/media?parent=3226"}],"curies":[{"name":"wp","href":"https:\/\/api.w.org\/{rel}","templated":true}]}}