{"id":3354,"date":"2017-06-14T01:47:34","date_gmt":"2017-06-13T17:47:34","guid":{"rendered":"http:\/\/reto.cn\/php\/hanyu\/?page_id=3354"},"modified":"2024-12-01T17:24:11","modified_gmt":"2024-12-01T09:24:11","slug":"apple_esperanto","status":"publish","type":"page","link":"https:\/\/reto.cn\/php\/hanyu\/programoj-de-esperanto\/apple_esperanto\/","title":{"rendered":"Apple \u5e73\u53f0\u76f8\u5173\u8f6f\u4ef6"},"content":{"rendered":"<h4 class=\"entry-title\">Apple \u7cfb\u7edf\u76f8\u5173\u4e16\u754c\u8bed\u8f6f\u4ef6<\/h4>\n<p class=\"entry-title\">1\u3001\u4e16\u754c\u8bed\u8f93\u5165<\/p>\n<p class=\"entry-title\">\uff081\uff09\u82f9\u679c\u624b\u673a\u548c\u82f9\u679c\u5e73\u677f\u4e16\u754c\u8bed\u5b57\u6bcd\u8f93\u5165<\/p>\n<p>\u82f9\u679c\u624b\u673a\u4e0a\u7684\u4e16\u754c\u8bed\u5b57\u6bcd\u8f93\u5165\u8f6f\u4ef6\uff0c\u6211\u627e\u5230\u4e86\u4e24\u4e2a\uff0c\u4e00\u4e2a\u662f Esperanta Klavaro\uff0c\u4e00\u4e2a\u662f Esperanto keyboard\u3002<\/p>\n<p>\u6253\u5f00\u82f9\u679c\u624b\u673a\u8f6f\u4ef6\u5546\u5e97\uff0c\u641c\u7d22 klavaro\uff0c\u7136\u540e\u53ef\u4ee5\u9009\u62e9\u5b89\u88c5\u8fd9\u4e24\u4e2a\u8f93\u5165\u6cd5\u3002<\/p>\n<p><img decoding=\"async\" loading=\"lazy\" class=\"alignnone \" src=\"https:\/\/reto.cn\/bildo\/cina\/programo\/apple-esperanto\/serchi.jpg\" width=\"400\" height=\"711\" \/><\/p>\n<p>Esperanta Klavaro \u7684\u952e\u76d8\uff0c\u53d6\u6d88\u4e86\u4e16\u754c\u8bed\u4e0d\u7528\u7684 q w x y \u56db\u4e2a\u5b57\u6bcd\uff0c\u4ee3\u4e4b\u4ee5\u4e16\u754c\u8bed\u7684\u516d\u4e2a\u5e3d\u5b50\u5b57\u6bcd\uff0c\u53ef\u4ee5\u4e00\u952e\u76f4\u63a5\u8f93\u5165\u4e16\u754c\u8bed\uff0c\u8fd8\u5e26\u81ea\u52a8\u63d0\u793a\u8865\u9f50\u529f\u80fd\uff1a\u8f93\u5165 in\uff0c\u4e0b\u9762\u7684\u5019\u9009\u533a\u5c31\u51fa\u73b0\u4e86 internacia\u3001inter\u3001infanoj \u4f9b\u4f60\u9009\u62e9\uff0c\u4e00\u70b9\u51fb\u5c31\u81ea\u52a8\u4e0a\u5c4f\u4e86\u3002<\/p>\n<p><img decoding=\"async\" loading=\"lazy\" class=\"alignnone \" src=\"https:\/\/reto.cn\/bildo\/cina\/programo\/apple-esperanto\/klavaro.jpg\" width=\"400\" height=\"710\" \/><\/p>\n<p>Esperanto keyboard\uff0c\u662f\u901a\u8fc7\u957f\u6309\u952e\u4f4d\u7684\u65b9\u5f0f\u8f93\u5165\u4e16\u754c\u8bed\u5b57\u6bcd\uff1a\u957f\u6309\u5b57\u6bcd c\uff0c\u5c31\u51fa\u73b0 c \u0109 \u00e7 \u0107 \u010d \u51e0\u4e2a\u5b57\u6bcd\u4f9b\u4f60\u9009\u62e9\u3002\u867d\u7136\u4e0d\u80fd\u4e00\u952e\u4e0a\u5c4f\uff0c\u4f46\u56e0\u4e3a\u4fdd\u7559\u4e86 q w x y \u8fd9\u56db\u4e2a\u82f1\u8bed\u5b57\u6bcd\uff0c\u91c7\u7528\u7684\u662f\u6211\u4eec\u6700\u5e38\u7528\u7684\u82f1\u8bed QWERTY \u952e\u4f4d\u5e03\u5c40\uff0c\u65b9\u4fbf\u76f2\u6253\u3002\u800c\u4e14\uff0c\u5728\u548c\u5916\u56fd\u4e16\u754c\u8bed\u804a\u5929\u65f6\uff0c\u5982\u679c\u9700\u8981\u7528\u6c49\u8bed\u62fc\u97f3\u8f93\u5165\u81ea\u5df1\u7684\u540d\u5b57\u6216\u8005\u4e2d\u56fd\u5730\u540d\uff0c\u4e5f\u4e0d\u7528\u5207\u6362\u8f93\u5165\u6cd5\u3002\u8fd9\u4e2a\u8f93\u5165\u6cd5\u4e5f\u5e26\u81ea\u52a8\u63d0\u793a\u8865\u9f50\u529f\u80fd\uff1a\u8f93\u5165 la\uff0c\u5019\u9009\u533a\u5c31\u51fa\u73b0\u4e86 lando\u3001la\u016d\u3001lasta \u4f9b\u4f60\u9009\u62e9\u3002<\/p>\n<p><img decoding=\"async\" loading=\"lazy\" class=\"alignnone \" src=\"https:\/\/reto.cn\/bildo\/cina\/programo\/apple-esperanto\/keyboard1.jpg\" width=\"400\" height=\"711\" \/><\/p>\n<p><img decoding=\"async\" loading=\"lazy\" class=\"alignnone \" src=\"https:\/\/reto.cn\/bildo\/cina\/programo\/apple-esperanto\/keyboard2.jpg\" width=\"400\" height=\"711\" \/><\/p>\n<p>\uff082\uff09\u82f9\u679c\u64cd\u4f5c\u7cfb\u7edf\u00a0Mac OS X \u4e16\u754c\u8bed\u5b57\u6bcd\u8f93\u5165<br \/>\nAmiketo<br \/>\n\uff08\u672c\u4eba\u672a\u6d4b\u8bd5\u8fc7\uff09<\/p>\n<p>2\u3001\u4e16\u754c\u8bed\u8bcd\u5178<br \/>\n\uff081\uff09 \u7ebf\u7684<a href=\"http:\/\/vortaro.net\/\" target=\"_blank\" rel=\"noopener noreferrer\">Plena Ilustrita Vortaro de Esperanto<\/a>\u53ef\u4ee5\u4f7f\u7528\u3002<br \/>\n\uff082\uff09\u5728\u5fae\u4fe1\u4e0a\u5173\u6ce8\u516c\u4f17\u53f7 Hura\uff0c\u53ef\u4ee5\u5728\u7ebf\u67e5\u8be2\u4e16\u754c\u8bed-\u6c49\u8bed\u548c\u6c49\u8bed-\u4e16\u754c\u8bed\u5355\u8bcd\u3002<br \/>\n\uff083\uff09\u8c01\u77e5\u9053\u5728\u82f9\u679c\u624b\u673a\u4e0a\u6709\u4ec0\u4e48\u597d\u7684\u8bcd\u5178\u8f6f\u4ef6\uff1f<\/p>\n<p><a href=\"https:\/\/reto.cn\/php\/hanyu\/windows_esperanto\">Windows \u7cfb\u7edf\u76f8\u5173\u4e16\u754c\u8bed\u8f6f\u4ef6<br \/>\n<\/a><a href=\"https:\/\/reto.cn\/php\/hanyu\/android_esperanto\">\u5b89\u5353\u7cfb\u7edf\u76f8\u5173\u4e16\u754c\u8bed\u8f6f\u4ef6<\/a><br \/>\n<a href=\"https:\/\/reto.cn\/php\/hanyu\/linux_esperanto\">Linux\u7cfb\u7edf\u76f8\u5173\u4e16\u754c\u8bed\u8f6f\u4ef6<\/a><\/p>\n","protected":false},"excerpt":{"rendered":"<p>Apple \u7cfb\u7edf\u76f8\u5173\u4e16\u754c\u8bed\u8f6f\u4ef6 1\u3001\u4e16\u754c\u8bed\u8f93\u5165 \uff081\uff09\u82f9\u679c\u624b\u673a\u548c\u82f9\u679c\u5e73\u677f\u4e16\u754c\u8bed\u5b57\u6bcd\u8f93\u5165 \u82f9\u679c\u624b\u673a\u4e0a\u7684\u4e16\u754c\u8bed\u5b57\u6bcd\u2026 <span class=\"read-more\"><a href=\"https:\/\/reto.cn\/php\/hanyu\/programoj-de-esperanto\/apple_esperanto\/\">\u7ee7\u7eed\u9605\u8bfb Legi pli &raquo;<\/a><\/span><\/p>\n","protected":false},"author":1,"featured_media":0,"parent":11031,"menu_order":0,"comment_status":"open","ping_status":"closed","template":"","meta":{"footnotes":""},"_links":{"self":[{"href":"https:\/\/reto.cn\/php\/hanyu\/wp-json\/wp\/v2\/pages\/3354"}],"collection":[{"href":"https:\/\/reto.cn\/php\/hanyu\/wp-json\/wp\/v2\/pages"}],"about":[{"href":"https:\/\/reto.cn\/php\/hanyu\/wp-json\/wp\/v2\/types\/page"}],"author":[{"embeddable":true,"href":"https:\/\/reto.cn\/php\/hanyu\/wp-json\/wp\/v2\/users\/1"}],"replies":[{"embeddable":true,"href":"https:\/\/reto.cn\/php\/hanyu\/wp-json\/wp\/v2\/comments?post=3354"}],"version-history":[{"count":0,"href":"https:\/\/reto.cn\/php\/hanyu\/wp-json\/wp\/v2\/pages\/3354\/revisions"}],"up":[{"embeddable":true,"href":"https:\/\/reto.cn\/php\/hanyu\/wp-json\/wp\/v2\/pages\/11031"}],"wp:attachment":[{"href":"https:\/\/reto.cn\/php\/hanyu\/wp-json\/wp\/v2\/media?parent=3354"}],"curies":[{"name":"wp","href":"https:\/\/api.w.org\/{rel}","templated":true}]}}