{"id":406,"date":"2015-05-14T00:08:51","date_gmt":"2015-05-13T16:08:51","guid":{"rendered":"http:\/\/reto.cn\/php\/blog\/wordpress\/?page_id=406"},"modified":"2026-01-02T23:12:29","modified_gmt":"2026-01-02T15:12:29","slug":"diversajoj","status":"publish","type":"page","link":"https:\/\/reto.cn\/php\/hanyu\/diversajoj\/","title":{"rendered":"\u4e16\u754c\u8bed\u6742\u8d27\u94fa"},"content":{"rendered":"<h3>Diversa\u0135oj de Esperanto<\/h3>\n<p><span style=\"color: #006600;\">\u8fd9\u4e2a\u680f\u76ee\u6536\u96c6\u7684\u662f\u4e00\u4e9b\u4e0e\u4e16\u754c\u8bed\u6709\u5173\u7684\u77e5\u8bc6\u3001\u56fe\u7247\u7b49\u5185\u5bb9\u3002<\/span><\/p>\n<p>1\u3001\u4e16\u754c\u8bed\u7eff\u661f\u65d7\u7684\u6bd4\u4f8b\uff0c\u4f9b\u5236\u4f5c\u7eff\u661f\u65d7\u65f6\u53c2\u8003\u3002<\/p>\n<p><img decoding=\"async\" loading=\"lazy\" class=\"aligncenter\" src=\"http:\/\/reto.cn\/bildo\/cina\/diversajoj\/verdaflago.gif\" width=\"260\" height=\"173\" \/><\/p>\n<p>La\u016d siatempa rekomendo de la Estraro de UEA, \u0109iuj Esperanto-flagoj konformu al jenaj proporcioj:<\/p>\n<p>Long : lar\u011do : Latero de la blanka kvadrato = 3 : 2 : 1.<\/p>\n<p>Latero de la blanka kvadrato : radio de la cirklo \u0109irka\u016dskribebla \u0109irka\u016d la stelo = 10 : 3,5.<\/p>\n<p><img decoding=\"async\" loading=\"lazy\" class=\"size-medium aligncenter\" src=\"http:\/\/reto.cn\/bildo\/cina\/diversajoj\/esperanta_flago_proporcioj.png\" width=\"423\" height=\"297\" \/><\/p>\n<p>\u6309\u7167\u5f53\u65f6\u56fd\u9645\u4e16\u754c\u8bed\u534f\u4f1a\u7406\u4e8b\u4f1a\u7684\u63a8\u8350\uff0c\u6240\u6709\u7684\u4e16\u754c\u8bed\u65d7\u5e1c\u5e94\u5f53\u7b26\u5408\u4e0b\u9762\u7684\u6bd4\u4f8b\uff1a<\/p>\n<p>\u5bbd\uff1a\u9ad8\uff1a\u767d\u8272\u6b63\u65b9\u5f62 = 3:2:1\u3002<\/p>\n<p>\u767d\u8272\u6b63\u65b9\u5f62\uff1a\u56f4\u7ed5\u4e94\u89d2\u661f\u7684\u5706\u7684\u534a\u5f84 = 10:3.5\u3002<\/p>\n<p>2\u3001\u4e16\u754c\u8bed Esperanto \u4e00\u76f4\u662f\u4ee5\u4e0a\u9762\u7684\u7eff\u661f\u65d7\u4e3a\u5176\u6807\u5fd7\u7684\u3002\u4f46\u8fd1\u5e74\u6765\uff0c\u4e00\u4e9b\u4eba\u628a\u7eff\u661f\u65d7\u8bef\u8ba4\u4e3a\u67d0\u4e2a\u5b97\u6559\u7684\u65d7\u5e1c\uff0c\u56e0\u6b64\u4e00\u4e9b\u4e16\u754c\u8bed\u8005\u5728\u4e16\u754c\u8bed\u6d3b\u52a8\u4e2d\u5f00\u59cb\u4f7f\u7528\u4e0b\u9762\u7684\u6807\u5fd7\uff1a<\/p>\n<p><img decoding=\"async\" loading=\"lazy\" class=\"aligncenter\" src=\"http:\/\/reto.cn\/bildo\/cina\/diversajoj\/esperanto_simblo_1.jpg\" width=\"307\" height=\"220\" \/><\/p>\n<p><img decoding=\"async\" loading=\"lazy\" class=\" aligncenter\" src=\"http:\/\/reto.cn\/bildo\/cina\/diversajoj\/esperanto_simblo_2.jpg\" width=\"315\" height=\"189\" \/><\/p>\n<p>3\u3001\u67f4\u95e8\u970d\u592b\u50cf<br \/>\n\u5f69\u8272\u50cf\u7684\u5927\u5c0f\u662f1307X1687\u50cf\u7d20\uff0c\u9ed1\u767d\u50cf\u7684\u5927\u5c0f\u662f214X300\u50cf\u7d20\u3002\u5982\u679c\u641e\u6d3b\u52a8\u65f6\u9700\u8981\u6253\u5370\u51fa\u6765\u5f20\u8d34\uff0c\u53ef\u4ee5\u6839\u636e\u9700\u8981\u9009\u7528\u3002<br \/>\n<img decoding=\"async\" loading=\"lazy\" class=\"aligncenter\" src=\"http:\/\/reto.cn\/bildo\/cina\/diversajoj\/zamenhof-01.jpg\" width=\"248\" height=\"320\" \/><\/p>\n<p><img decoding=\"async\" loading=\"lazy\" class=\"size-medium aligncenter\" src=\"http:\/\/reto.cn\/bildo\/cina\/diversajoj\/zamenhof-02.jpg\" width=\"214\" height=\"300\" \/><\/p>\n<p>4\u3001\u4e16\u754c\u8bed\u300a\u5e0c\u671b\u9882\u300b\u6b4c\u8bcd\uff08\u4e16\u754c\u8bed\uff09\u53ca\u4e94\u7ebf\u8c31<br \/>\n<a href=\"http:\/\/reto.cn\/bildo\/cina\/diversajoj\/la_espero.pdf\">http:\/\/reto.cn\/bildo\/cina\/diversajoj\/la_espero.pdf<\/a><\/p>\n<p>5\u3001\u4e16\u754c\u8bed\u300a\u5e0c\u671b\u9882\u300b\u6b4c\u8bcd\uff08\u4e16\u754c\u8bed\uff09\u53ca\u7b80\u8c31<br \/>\n<a href=\"http:\/\/reto.cn\/bildo\/cina\/diversajoj\/la_espero.jpg\">http:\/\/reto.cn\/bildo\/cina\/diversajoj\/la_espero.jpg<\/a><\/p>\n<p>6\u3001<a href=\"https:\/\/reto.cn\/php\/hanyu\/la-espero\" target=\"_blank\" rel=\"noopener noreferrer\">\u4e16\u754c\u8bed\u300a\u5e0c\u671b\u9882\u300b\u6b4c\u8bcd\uff08\u4e16\u754c\u8bed\u3001\u6c49\u8bed\uff09<\/a><\/p>\n<p>7\u3001\u300a\u5e0c\u671b\u9882\u300bmp3 \u97f3\u9891<br \/>\n\uff081\uff09<a href=\"http:\/\/reto.cn\/hanyu\/sono\/la-espero-piano.mp3\" target=\"_blank\" rel=\"noopener noreferrer\">\u300a\u5e0c\u671b\u9882\u300b\u94a2\u7434\u72ec\u594f<\/a><br \/>\n\uff082\uff09<a href=\"http:\/\/reto.cn\/hanyu\/sono\/la-espero-solo.mp3\" target=\"_blank\" rel=\"noopener noreferrer\">\u300a\u5e0c\u671b\u9882\u300b\u5973\u58f0\u72ec\u5531<\/a><br \/>\n\uff083\uff09<a href=\"http:\/\/reto.cn\/hanyu\/sono\/la-espero-hhoro.mp3\" target=\"_blank\" rel=\"noopener noreferrer\">\u300a\u5e0c\u671b\u9882\u300b\u5408\u5531<\/a><br \/>\n\uff084\uff09<a href=\"https:\/\/reto.cn\/hanyu\/sono\/la-espero-viro.mp3\">\u300a\u5e0c\u671b\u9882\u300b\u7537\u58f0<\/a>\uff08\u53d8\u8c03\uff1f\uff09<\/p>\n<p>8\u3001<a href=\"https:\/\/reto.cn\/php\/hanyu\/ekzameni_edukada_ministrio\">\u4e2d\u56fd\u6559\u80b2\u90e8\u6587\u4ef6\u548c\u4e16\u754c\u8bed\u5b66\u79d1\u4ee3\u7801<\/a><\/p>\n<p>1963\u548c1982\u5e74\uff0c\u6559\u80b2\u90e8\u66fe\u53d1\u6587\uff0c\u660e\u786e\u89c4\u5b9a\uff0c\u6bd5\u4e1a\u751f\u6bd5\u4e1a\u3001\u5e72\u90e8\u8003\u6838\u548c\u7814\u7a76\u751f\u53ef\u5c06\u4e16\u754c\u8bed\u4f5c\u4e3a\u7b2c\u4e8c\u5916\u8bed\u79d1\u76ee\u3002\u70b9\u51fb\u4e0a\u9762\u7684\u94fe\u63a5\u53ef\u4ee5\u67e5\u9605\u4e24\u4e2a\u6587\u4ef6\u548c\u4e16\u754c\u8bed\u5b66\u79d1\u4ee3\u7801\u3002<\/p>\n<p>9\u3001\u4e0b\u9762\u7684\u8bf7\u52ff\u5438\u70df\u5438\u6bd2\u544a\u8beb\u6807\u5fd7\uff0c\u6253\u5370\u51fa\u6765\uff0c\u8d34\u5728\u529e\u516c\u5ba4\uff01<\/p>\n<p><img decoding=\"async\" loading=\"lazy\" class=\"aligncenter\" src=\"http:\/\/reto.cn\/bildo\/cina\/diversajoj\/nek_tabakon_nek_drogon.jpg\" width=\"293\" height=\"100\" \/><\/p>\n<p>\u4e2d\u56fd\u4e16\u754c\u8bed\u7f51\u7ad9\u7eff\u7f51<br \/>\nVerda Reto, la \u0109ina esperanta retejo<br \/>\n<a href=\"https:\/\/reto.cn\">https:\/\/reto.cn<\/a><\/p>\n","protected":false},"excerpt":{"rendered":"<p>Diversa\u0135oj de Esperanto \u8fd9\u4e2a\u680f\u76ee\u6536\u96c6\u7684\u662f\u4e00\u4e9b\u4e0e\u4e16\u754c\u8bed\u6709\u5173\u7684\u77e5\u8bc6\u3001\u56fe\u7247\u7b49\u5185\u5bb9\u3002 1\u3001\u4e16\u754c\u2026 <span class=\"read-more\"><a href=\"https:\/\/reto.cn\/php\/hanyu\/diversajoj\/\">\u7ee7\u7eed\u9605\u8bfb Legi pli &raquo;<\/a><\/span><\/p>\n","protected":false},"author":1,"featured_media":0,"parent":0,"menu_order":0,"comment_status":"open","ping_status":"open","template":"","meta":{"footnotes":""},"_links":{"self":[{"href":"https:\/\/reto.cn\/php\/hanyu\/wp-json\/wp\/v2\/pages\/406"}],"collection":[{"href":"https:\/\/reto.cn\/php\/hanyu\/wp-json\/wp\/v2\/pages"}],"about":[{"href":"https:\/\/reto.cn\/php\/hanyu\/wp-json\/wp\/v2\/types\/page"}],"author":[{"embeddable":true,"href":"https:\/\/reto.cn\/php\/hanyu\/wp-json\/wp\/v2\/users\/1"}],"replies":[{"embeddable":true,"href":"https:\/\/reto.cn\/php\/hanyu\/wp-json\/wp\/v2\/comments?post=406"}],"version-history":[{"count":0,"href":"https:\/\/reto.cn\/php\/hanyu\/wp-json\/wp\/v2\/pages\/406\/revisions"}],"wp:attachment":[{"href":"https:\/\/reto.cn\/php\/hanyu\/wp-json\/wp\/v2\/media?parent=406"}],"curies":[{"name":"wp","href":"https:\/\/api.w.org\/{rel}","templated":true}]}}