{"id":4356,"date":"2018-01-13T18:46:05","date_gmt":"2018-01-13T10:46:05","guid":{"rendered":"http:\/\/reto.cn\/php\/hanyu\/?page_id=4356"},"modified":"2022-11-25T10:33:16","modified_gmt":"2022-11-25T02:33:16","slug":"legintoj-de-la-kourso","status":"publish","type":"page","link":"https:\/\/reto.cn\/php\/hanyu\/konciza_kurso\/legintoj-de-la-kourso\/","title":{"rendered":"\u4e16\u754c\u8bed\u7b80\u660e\u57fa\u7840\u6559\u7a0b\u6717\u8bfb\u8005"},"content":{"rendered":"<p>\u4e16\u754c\u8bed\u7b80\u660e\u57fa\u7840\u6559\u7a0b<br \/>\nKonciza Fundamenta Kurso de Esperanto<\/p>\n<h2 style=\"text-align: left;\">Legintoj de tekstoj en la<br \/>\nKonciza Fundamenta Kurso de Esperanto por \u0108inoj<\/h2>\n<div style=\"width: 152px\" class=\"wp-caption alignnone\"><img decoding=\"async\" loading=\"lazy\" class=\"\" src=\"https:\/\/reto.cn\/kurso\/bildo\/leginto\/aleksandrawatanuki.jpg\" alt=\"\" width=\"142\" height=\"200\" \/><p class=\"wp-caption-text\">Aleksandra Watanuki<br \/>Pollando \u6ce2\u5170<\/p><\/div>\n<div style=\"width: 133px\" class=\"wp-caption alignnone\"><img decoding=\"async\" loading=\"lazy\" src=\"https:\/\/reto.cn\/kurso\/bildo\/leginto\/aleksandringor.jpg\" alt=\"\" width=\"123\" height=\"200\" \/><p class=\"wp-caption-text\">Aleksandr Ingor<br \/>Ukrainio \u4e4c\u514b\u5170<\/p><\/div>\n<div style=\"width: 145px\" class=\"wp-caption alignnone\"><img decoding=\"async\" loading=\"lazy\" class=\"\" src=\"https:\/\/reto.cn\/kurso\/bildo\/leginto\/angelarquillos.jpg\" width=\"135\" height=\"200\" \/><p class=\"wp-caption-text\">Angel Arquillos<br \/>Hispanio \u897f\u73ed\u7259<\/p><\/div>\n<div style=\"width: 159px\" class=\"wp-caption alignnone\"><img decoding=\"async\" loading=\"lazy\" class=\"\" src=\"https:\/\/reto.cn\/kurso\/bildo\/leginto\/andremueller.jpg\" width=\"149\" height=\"200\" \/><p class=\"wp-caption-text\">Andr\u00e9 M\u00fcller<br \/>Germanio \/ Svislando \u5fb7\u56fd \/ \u745e\u58eb<\/p><\/div>\n<div style=\"width: 161px\" class=\"wp-caption alignnone\"><img decoding=\"async\" loading=\"lazy\" src=\"https:\/\/reto.cn\/kurso\/bildo\/leginto\/arielbonkorpa.jpg\" alt=\"\" width=\"151\" height=\"199\" \/><p class=\"wp-caption-text\">Ariel Bonkorpa<br \/>Britio \u82f1\u56fd<\/p><\/div>\n<div style=\"width: 162px\" class=\"wp-caption alignnone\"><img decoding=\"async\" loading=\"lazy\" class=\"\" src=\"https:\/\/reto.cn\/kurso\/bildo\/leginto\/bettychatterjee.jpg\" width=\"152\" height=\"200\" \/><p class=\"wp-caption-text\">Betty Chatterjee<br \/>Britio \/ Danio \u82f1\u56fd \/ \u4e39\u9ea6<\/p><\/div>\n<div style=\"width: 159px\" class=\"wp-caption alignnone\"><img decoding=\"async\" loading=\"lazy\" class=\"\" src=\"https:\/\/reto.cn\/kurso\/bildo\/leginto\/claudiostehling.jpg\" width=\"149\" height=\"199\" \/><p class=\"wp-caption-text\">Cl\u00e1udio Stehling<br \/>Brazilo \u5df4\u897f<\/p><\/div>\n<div style=\"width: 143px\" class=\"wp-caption alignnone\"><img decoding=\"async\" loading=\"lazy\" class=\"\" src=\"https:\/\/reto.cn\/kurso\/bildo\/leginto\/cledercollares.jpg\" width=\"133\" height=\"200\" \/><p class=\"wp-caption-text\">Cleder Collares<br \/>Brazilo \u5df4\u897f<\/p><\/div>\n<div style=\"width: 160px\" class=\"wp-caption alignnone\"><img decoding=\"async\" loading=\"lazy\" class=\"\" src=\"https:\/\/reto.cn\/kurso\/bildo\/leginto\/danielalbertocotarelogarcia.jpg\" width=\"150\" height=\"200\" \/><p class=\"wp-caption-text\">Daniel Alberto Cotarelo Garc\u00eda<br \/>Argentino \u963f\u6839\u5ef7<\/p><\/div>\n<div style=\"width: 154px\" class=\"wp-caption alignnone\"><img decoding=\"async\" loading=\"lazy\" class=\"\" src=\"https:\/\/reto.cn\/kurso\/bildo\/leginto\/deborarossetti.jpg\" width=\"144\" height=\"200\" \/><p class=\"wp-caption-text\">Debora Rossetti<br \/>Italio \u610f\u5927\u5229<\/p><\/div>\n<div style=\"width: 152px\" class=\"wp-caption alignnone\"><img decoding=\"async\" loading=\"lazy\" class=\"\" src=\"https:\/\/reto.cn\/kurso\/bildo\/leginto\/ekaterinalozina.jpg\" width=\"142\" height=\"199\" \/><p class=\"wp-caption-text\">Ekaterina Lozina<br \/>Rusio \u4fc4\u7f57\u65af<\/p><\/div>\n<div style=\"width: 172px\" class=\"wp-caption alignnone\"><img decoding=\"async\" loading=\"lazy\" class=\"\" src=\"https:\/\/reto.cn\/kurso\/bildo\/leginto\/francoisenoireau.jpg\" width=\"162\" height=\"200\" \/><p class=\"wp-caption-text\">Fran\u00e7oise NOIREAU<br \/>Francio \u6cd5\u56fd<\/p><\/div>\n<div style=\"width: 190px\" class=\"wp-caption alignnone\"><img decoding=\"async\" loading=\"lazy\" class=\"\" src=\"https:\/\/reto.cn\/kurso\/bildo\/leginto\/gonzalocarrascomorey.jpg\" width=\"180\" height=\"200\" \/><p class=\"wp-caption-text\">Gonzalo Carrasco Morey<br \/>Hispanio \u897f\u73ed\u7259<\/p><\/div>\n<div style=\"width: 157px\" class=\"wp-caption alignnone\"><img decoding=\"async\" loading=\"lazy\" class=\"\" src=\"https:\/\/reto.cn\/kurso\/bildo\/leginto\/jeanpolsparenberg.jpg\" alt=\"\" width=\"147\" height=\"200\" \/><p class=\"wp-caption-text\">Jean-Pol Sparenberg<br \/>Belgio \u6bd4\u5229\u65f6<\/p><\/div>\n<div style=\"width: 161px\" class=\"wp-caption alignnone\"><img decoding=\"async\" loading=\"lazy\" src=\"https:\/\/reto.cn\/kurso\/bildo\/leginto\/liuxiaozhe.jpg\" alt=\"\" width=\"151\" height=\"199\" \/><p class=\"wp-caption-text\">Liu Xiaozhe (Solis)\u00a0<br \/>\u0108inio \u4e2d\u56fd<\/p><\/div>\n<div style=\"width: 162px\" class=\"wp-caption alignnone\"><img decoding=\"async\" loading=\"lazy\" class=\"\" src=\"https:\/\/reto.cn\/kurso\/bildo\/leginto\/miaohui.jpg\" width=\"152\" height=\"200\" \/><p class=\"wp-caption-text\">\u5999\u6167 Miaohui<br \/>\u0108inio \u4e2d\u56fd<\/p><\/div>\n<div style=\"width: 157px\" class=\"wp-caption alignnone\"><img decoding=\"async\" loading=\"lazy\" class=\"\" src=\"https:\/\/reto.cn\/kurso\/bildo\/leginto\/lucasbarbosa.jpg\" width=\"147\" height=\"200\" \/><p class=\"wp-caption-text\">Lucas Barbosa<br \/>Brazilo \u5df4\u897f<\/p><\/div>\n<div style=\"width: 154px\" class=\"wp-caption alignnone\"><img decoding=\"async\" loading=\"lazy\" class=\"\" src=\"https:\/\/reto.cn\/kurso\/bildo\/leginto\/lixiaohong.jpg\" width=\"144\" height=\"199\" \/><p class=\"wp-caption-text\">\u674e\u6653\u7ea2 Li Xiaohong<br \/>\u0108inio \u4e2d\u56fd<\/p><\/div>\n<div style=\"width: 159px\" class=\"wp-caption alignnone\"><img decoding=\"async\" loading=\"lazy\" class=\"\" src=\"https:\/\/reto.cn\/kurso\/bildo\/leginto\/liuzhi.jpg\" width=\"149\" height=\"199\" \/><p class=\"wp-caption-text\">\u5218\u5fd7 Liu Zhi<br \/>\u0108inio \u4e2d\u56fd<\/p><\/div>\n<div style=\"width: 166px\" class=\"wp-caption alignnone\"><img decoding=\"async\" loading=\"lazy\" class=\"\" src=\"https:\/\/reto.cn\/kurso\/bildo\/leginto\/malgorzatabaczynska.jpg\" width=\"156\" height=\"200\" \/><p class=\"wp-caption-text\">Ma\u0142gorzata Baczy\u0144ska<br \/>Pollando \u6ce2\u5170<\/p><\/div>\n<div style=\"width: 158px\" class=\"wp-caption alignnone\"><img decoding=\"async\" loading=\"lazy\" class=\"\" src=\"https:\/\/reto.cn\/kurso\/bildo\/leginto\/marijabelosevic.jpg\" width=\"148\" height=\"199\" \/><p class=\"wp-caption-text\">Marija Belo\u0161evi\u0107<br \/>Kroatio \u514b\u7f57\u5730\u4e9a<\/p><\/div>\n<div style=\"width: 167px\" class=\"wp-caption alignnone\"><img decoding=\"async\" loading=\"lazy\" class=\"\" src=\"https:\/\/reto.cn\/kurso\/bildo\/leginto\/michelechaplain.jpg\" width=\"157\" height=\"200\" \/><p class=\"wp-caption-text\">Mich\u00e9le Chaplain<br \/>Francio \u6cd5\u56fd<\/p><\/div>\n<div style=\"width: 144px\" class=\"wp-caption alignnone\"><img decoding=\"async\" loading=\"lazy\" src=\"https:\/\/reto.cn\/kurso\/bildo\/leginto\/pradipghimire.jpg\" alt=\"\" width=\"134\" height=\"200\" \/><p class=\"wp-caption-text\">Pradip Ghimire<br \/>Nepalo \u5c3c\u6cca\u5c14<\/p><\/div>\n<div style=\"width: 157px\" class=\"wp-caption alignnone\"><img decoding=\"async\" loading=\"lazy\" class=\"\" src=\"https:\/\/reto.cn\/kurso\/bildo\/leginto\/ryszardakwiatkowska.jpg\" alt=\"\" width=\"147\" height=\"200\" \/><p class=\"wp-caption-text\">Ryszarda Kwiatkowska<br \/>Pollando \u6ce2\u5170<\/p><\/div>\n<div style=\"width: 160px\" class=\"wp-caption alignnone\"><img decoding=\"async\" loading=\"lazy\" class=\"\" src=\"https:\/\/reto.cn\/kurso\/bildo\/leginto\/saeedahmad.jpg\" alt=\"\" width=\"150\" height=\"199\" \/><p class=\"wp-caption-text\">Saeed Ahmad<br \/>Pakistano \u5df4\u57fa\u65af\u5766<\/p><\/div>\n<div style=\"width: 149px\" class=\"wp-caption alignnone\"><img decoding=\"async\" loading=\"lazy\" src=\"https:\/\/reto.cn\/kurso\/bildo\/leginto\/shixueqin.jpg\" alt=\"\" width=\"139\" height=\"200\" \/><p class=\"wp-caption-text\">\u53f2\u96ea\u82b9 Shi Xueqin<br \/>\u0108inio \u4e2d\u56fd<\/p><\/div>\n<div style=\"width: 141px\" class=\"wp-caption alignnone\"><img decoding=\"async\" loading=\"lazy\" src=\"https:\/\/reto.cn\/kurso\/bildo\/leginto\/huangzeyao.jpg\" alt=\"\" width=\"131\" height=\"200\" \/><p class=\"wp-caption-text\">Suno Huang Zeyao \u9ec4\u6cfd\u5c27<br \/>\u0108inio \u4e2d\u56fd<\/p><\/div>\n<div style=\"width: 184px\" class=\"wp-caption alignnone\"><img decoding=\"async\" loading=\"lazy\" src=\"https:\/\/reto.cn\/kurso\/bildo\/leginto\/szilvasilaszlo.jpg\" alt=\"\" width=\"174\" height=\"199\" \/><p class=\"wp-caption-text\">Szilv\u00e1si L\u00e1szl\u00f3<br \/>Hungario \u5308\u7259\u5229<\/p><\/div>\n<div style=\"width: 143px\" class=\"wp-caption alignnone\"><img decoding=\"async\" loading=\"lazy\" class=\"\" src=\"https:\/\/reto.cn\/kurso\/bildo\/leginto\/timmorley.jpg\" width=\"133\" height=\"199\" \/><p class=\"wp-caption-text\">Tim Morley<br \/>Britio \u82f1\u56fd<\/p><\/div>\n<div style=\"width: 168px\" class=\"wp-caption alignnone\"><img decoding=\"async\" loading=\"lazy\" class=\"\" src=\"https:\/\/reto.cn\/kurso\/bildo\/leginto\/valeryserduk.jpg\" width=\"158\" height=\"199\" \/><p class=\"wp-caption-text\">Valery Serduk<br \/>Rusio \u4fc4\u7f57\u65af<\/p><\/div>\n<div style=\"width: 151px\" class=\"wp-caption alignnone\"><img decoding=\"async\" loading=\"lazy\" class=\"\" src=\"https:\/\/reto.cn\/kurso\/bildo\/leginto\/yangchunhai.jpg\" alt=\"\" width=\"141\" height=\"200\" \/><p class=\"wp-caption-text\">\u6768\u6d77\u6625 Yang Haichun<br \/>\u0108inio \u4e2d\u56fd<\/p><\/div>\n<div style=\"width: 152px\" class=\"wp-caption alignnone\"><img decoding=\"async\" loading=\"lazy\" class=\"\" src=\"https:\/\/reto.cn\/kurso\/bildo\/leginto\/zhaowenqi.jpg\" alt=\"\" width=\"142\" height=\"200\" \/><p class=\"wp-caption-text\">\u8d75\u6587\u742a Venki<br \/>\u0108inio \u4e2d\u56fd<\/p><\/div>\n<div style=\"width: 154px\" class=\"wp-caption alignnone\"><img decoding=\"async\" loading=\"lazy\" class=\"\" src=\"https:\/\/reto.cn\/kurso\/bildo\/leginto\/zhouqi.jpg\" width=\"144\" height=\"199\" \/><p class=\"wp-caption-text\">\u5468\u797a Ci\u011do<br \/>\u0108inio \u4e2d\u56fd<\/p><\/div>\n<table class=\" alignnone\">\n<tbody>\n<tr>\n<td style=\"text-align: left;\"><a href=\"https:\/\/reto.cn\/php\/hanyu\/konciza_kurso\">\u8fd4\u56de\u4e16\u754c\u8bed\u7b80\u660e\u57fa\u7840\u6559\u7a0b<br \/>\nreveni al Konciza Fundamenta Kurso de Esperanto por \u0108inoj<\/a><\/td>\n<\/tr>\n<\/tbody>\n<\/table>\n","protected":false},"excerpt":{"rendered":"<p>\u4e16\u754c\u8bed\u7b80\u660e\u57fa\u7840\u6559\u7a0b Konciza Fundamenta Kurso de Esperanto Leginto\u2026 <span class=\"read-more\"><a href=\"https:\/\/reto.cn\/php\/hanyu\/konciza_kurso\/legintoj-de-la-kourso\/\">\u7ee7\u7eed\u9605\u8bfb Legi pli &raquo;<\/a><\/span><\/p>\n","protected":false},"author":1,"featured_media":0,"parent":176,"menu_order":41,"comment_status":"open","ping_status":"closed","template":"","meta":{"footnotes":""},"_links":{"self":[{"href":"https:\/\/reto.cn\/php\/hanyu\/wp-json\/wp\/v2\/pages\/4356"}],"collection":[{"href":"https:\/\/reto.cn\/php\/hanyu\/wp-json\/wp\/v2\/pages"}],"about":[{"href":"https:\/\/reto.cn\/php\/hanyu\/wp-json\/wp\/v2\/types\/page"}],"author":[{"embeddable":true,"href":"https:\/\/reto.cn\/php\/hanyu\/wp-json\/wp\/v2\/users\/1"}],"replies":[{"embeddable":true,"href":"https:\/\/reto.cn\/php\/hanyu\/wp-json\/wp\/v2\/comments?post=4356"}],"version-history":[{"count":0,"href":"https:\/\/reto.cn\/php\/hanyu\/wp-json\/wp\/v2\/pages\/4356\/revisions"}],"up":[{"embeddable":true,"href":"https:\/\/reto.cn\/php\/hanyu\/wp-json\/wp\/v2\/pages\/176"}],"wp:attachment":[{"href":"https:\/\/reto.cn\/php\/hanyu\/wp-json\/wp\/v2\/media?parent=4356"}],"curies":[{"name":"wp","href":"https:\/\/api.w.org\/{rel}","templated":true}]}}