{"id":436,"date":"2015-05-14T19:45:06","date_gmt":"2015-05-14T11:45:06","guid":{"rendered":"http:\/\/reto.cn\/php\/blog\/wordpress\/?page_id=436"},"modified":"2023-10-22T22:59:08","modified_gmt":"2023-10-22T14:59:08","slug":"ker","status":"publish","type":"page","link":"https:\/\/reto.cn\/php\/hanyu\/ker\/","title":{"rendered":"\u4e16\u754c\u8bed\u7b49\u7ea7\u8003\u8bd5 KER"},"content":{"rendered":"<h3>Ekzamenado de Esperanto<\/h3>\n<p><strong><b>\u4e00\u3001KER\u4e16\u754c\u8bed\u7b49\u7ea7\u8003\u8bd5\u4ecb\u7ecd<\/b><\/strong><\/p>\n<p>\u8d75\u6587\u742a<\/p>\n<p>KER\u8003\u8bd5\u662f\u76ee\u524d\u4e16\u754c\u4e0a\u6700\u6743\u5a01\u7684\u4e16\u754c\u8bed\u8003\u8bd5\uff0c\u8be5\u8003\u8bd5\u57282008\u5e74\u8bbe\u7acb\uff0c\u9075\u5faa\u6b27\u6d32\u59d4\u5458\u4f1a\u5236\u5b9a\u7684\u6b27\u6d32\u5171\u540c\u8bed\u8a00\u53c2\u8003\u6807\u51c6\uff08Komuna E\u016dropa Referenckadro\uff0c\u7b80\u79f0KER\uff09\u3002KER\u4e16\u754c\u8bed\u8003\u8bd5\u8bbe\u6709\u4e09\u4e2a\u7b49\u7ea7\uff1aB1\u3001B2\u3001C1\uff0c\u5bf9\u5e94\u4e16\u754c\u8bed\u5b66\u4e60\u7684\u521d\u3001\u4e2d\u3001\u9ad8\u7ea7\u6c34\u5e73\u3002\u6bcf\u4e2a\u7b49\u7ea7\u5305\u542b\u7b14\u8bd5\u4e0e\u53e3\u8bd5\uff0c\u7b14\u8bd5\u6d89\u53ca\u8bed\u8a00\u77e5\u8bc6\u3001\u9605\u8bfb\u3001\u4f5c\u6587\u7b49\u5185\u5bb9\uff0c\u53e3\u8bd5\u5219\u6d89\u53ca\u542c\u529b\u53ca\u53e3\u8bed\u8868\u8fbe\u3002\u7b14\u8bd5\u548c\u53e3\u8bd5\u53ef\u4ee5\u4e00\u8d77\u8003\u6216\u8005\u5206\u522b\u8003\uff0c\u8003\u8bd5\u901a\u8fc7\u540e\u83b7\u5f97\u5b8c\u5168\u8bc1\u4e66\u6216\u8005\u5355\u9879\u7684\u8bc1\u4e66\u3002KER\u8003\u8bd5\u7684\u8bc1\u4e66\u7531\u5308\u7259\u5229\u56fd\u5bb6\u8bed\u8a00\u8003\u8bd5\u4e2d\u5fc3\uff08ORIG\u00d3\uff09\u9881\u53d1\uff0c\u662f\u62e5\u6709\u6b63\u5f0f\u6548\u529b\u7684\u6587\u4ef6\u3002\u5230\u76ee\u524d\u4e3a\u6b62\u5df2\u6709\u6765\u81ea70\u4e2a\u56fd\u5bb6\u76842200\u591a\u4eba\u901a\u8fc7\u4e86KER\u8003\u8bd5\u3002<\/p>\n<p>KER\u8003\u8bd5\u4e3b\u8981\u5728\u5927\u4e2d\u89c4\u6a21\u7684\u4e16\u754c\u8bed\u6d3b\u52a8\u671f\u95f4\u4e3e\u529e\uff0c\u5982\u56fd\u9645\u4e16\u754c\u8bed\u5927\u4f1a\u3001\u56fd\u9645\u9752\u5e74\u5927\u4f1a\u3001\u5317\u7f8e\u4e16\u754c\u8bed\u6691\u671f\u590f\u4ee4\u8425\u3001\u4ee5\u53ca\u5df4\u897f\u3001\u5fb7\u56fd\u3001\u610f\u5927\u5229\u3001\u897f\u73ed\u7259\u7b49\u56fd\u7684\u56fd\u5bb6\u5927\u4f1a\u7b49\u7b49\u3002\u9664\u6b64\u4ee5\u5916\uff0c\u6bcf\u5e746\u6708\u90fd\u4f1a\u4e3e\u529e\u4e00\u6b21KER\u5168\u7403\u7edf\u8003\uff08Tutmonda Ekzameno\uff09\uff0c\u56fd\u5185\u5df2\u7ecf\u4e3e\u529e\u8fc7KER\u8003\u8bd5\u7684\u57ce\u5e02\u6709\u5317\u4eac\u3001\u5929\u6d25\u3001\u67a3\u5e84\u3001\u6cc9\u5dde\u3001\u5e7f\u5dde\u3001\u6210\u90fd\u3001\u6d77\u53e3\u7b49\u5730\u3002<\/p>\n<p>\u300aEsperanto\u00a0de Nivelo al Nivelo\u300b\u662fKER\u8003\u8bd5\u7684\u6307\u5b9a\u53c2\u8003\u4e66\uff0c\u4ecb\u7ecd\u4e86\u8be5\u8003\u8bd5\u7684\u8003\u5bdf\u8303\u56f4\u3001\u6807\u51c6\u548c\u4f8b\u9898\uff0c\u8be5\u4e66\u7535\u5b50\u7248\u53ef\u514d\u8d39\u4e0b\u8f7d\uff1a<a href=\"https:\/\/edukado.net\/upload\/enhavo\/dosieroj\/Ekzamenoj\/Esperanto%20de%20nivelo%20al%20nivelo_reta_preta_korektita3maju%2028.pdf\">Esperanto de nivelo al nivelo<\/a>\u3002<br \/>\n\u56fd\u5185\u7684KER\u8003\u8bd5\u4fe1\u606f\u53ef\u4ee5\u5173\u6ce8QQ\u7fa4\uff1a235651108\uff08\u62a5\u540d\u3001\u54a8\u8be2\u3001\u4ea4\u6d41\u7b49\uff09<\/p>\n<p><strong>\u4e8c\u3001B1\u3001B2\u3001C1 \u542c\u529b\u6837\u9898<\/strong><\/p>\n<ul>\n<li>KER-specimeno B1 Nova serio LAB6\u00a0 <a href=\"https:\/\/reto.cn\/php\/hanyu\/ker\/teksto-de-auda-kompreno\/\" target=\"_blank\" rel=\"noopener\">\u53c2\u8003\u6587\u672c<\/a><br \/>\n<audio style=\"margin: auto; top: 0; right: 0; bottom: 0; left: 0;\" src=\"https:\/\/reto.cn\/ker\/specimeno\/sono\/b1.mp3\" controls=\"controls\"><\/audio><\/li>\n<li>KER-specimeno B2 Nova serio LAB4<br \/>\n<audio style=\"margin: auto; top: 0; right: 0; bottom: 0; left: 0;\" src=\"https:\/\/reto.cn\/ker\/specimeno\/sono\/b2.mp3\" controls=\"controls\"><span data-mce-type=\"bookmark\" style=\"display: inline-block; width: 0px; overflow: hidden; line-height: 0;\" class=\"mce_SELRES_start\">\ufeff<\/span><\/audio><\/li>\n<li>KER-specimenoj C1 Nova serio LAB2<br \/>\n<audio style=\"margin: auto; top: 0; right: 0; bottom: 0; left: 0;\" src=\"https:\/\/reto.cn\/ker\/specimeno\/sono\/c1.mp3\" controls=\"controls\"><span data-mce-type=\"bookmark\" style=\"display: inline-block; width: 0px; overflow: hidden; line-height: 0;\" class=\"mce_SELRES_start\">\ufeff<\/span><\/audio><\/li>\n<\/ul>\n<p>\u4e0b\u9762\u662f\u542c\u529b\u7406\u89e3\u8003\u8bd5\u8fc7\u7a0b\u4e2d\u7684\u63d0\u793a\u8bed\uff1a<br \/>\nA\u016dda kompreno &#8211; proceso de la ekzamenparto B1 \u2013 B2<\/p>\n<p>Estimata ekzameni\u011danto. Vi nun faras la taskojn de la a\u016dskulta kompreno. Mi nun klarigas la sinsekvon de tiu ekzamen-parto. Balda\u016d vi a\u016ddus du esperantlingvajn tekstojn. La taskofolion vi devas plenigi surbaze de la a\u016dditaj tekstoj. La tekstojn vi povas a\u016dskulti trifoje. Post \u0109iu a\u016dskultado sekvas pa\u016dzo.<\/p>\n<p>Je la unua a\u016dskulatado vi ne rajtas vidi la taskojn. Se vi deziras, vi rajtas fari notojn dum la a\u016dskultado. Vi povas uzi por tio la dorsan flankon de la taskofolioj.<\/p>\n<p>Jen la unua teksto :<\/p>\n<p>Nun malfermu la taskofolion.<\/p>\n<p>Vi havas du minutojn por legi la demandojn, kiuj apartenas al la unua teksto.<\/p>\n<p>\u00b7 POST 2 MINUTOJ :<br \/>\nSekvas la dua a\u016dskultado de la unua teksto.<br \/>\nNun komencu plenigi la taskofolion. Vi havas 3 minutojn.<\/p>\n<p>\u00b7 POST 3 MINUTOJ :<br \/>\nSekvas la tria a\u016dskultado de la unua teksto.<br \/>\nDa\u016drigu la plenigadon de la taskofolio. Vi havas 3 minutojn.<br \/>\n1a legado de la unua teksto<br \/>\n2a legado de la unua teksto.<br \/>\n3a legado de la unua teksto.<br \/>\nEszperant\u00f3 : B1-B2 \u2013 laboros instrukci\u00f3k<br \/>\n\u00b7 POST 3 MINUTOJ :<br \/>\nNun sekvas la dua teksto. Bonvolu a\u016dskulti \u011din sen rigardi la taskojn.<br \/>\nNun vi havas du minutojn por legi la demandojn, kiuj apartenas al la dua teksto.<br \/>\n\u00b7 POST 2 MINUTOJ :<br \/>\nSekvas la dua a\u016dskultado de la dua teksto.<br \/>\nNun komencu la plenigadon de la taskofolio. Vi havas 3 minutojn.<br \/>\n\u00b7 POST 3 MINUTOJ :<\/p>\n<p>Sekvas la tria a\u016dskultado de la dua teksto.<br \/>\nDa\u016drigu la plenigadon de la taskofolio. Via havas 3 minutojn.<br \/>\n\u00b7 POST 3 MINUTOJ :<\/p>\n<p>Mi petas vin plenigi sur la taskofolio tiun parton, kiu koncernas viajn personajn<br \/>\ninfomojn. Poste bonvolu transdoni viajn taskofoliojn al nia kunlaboranto.<br \/>\n1a legado de la dua teksto<br \/>\n2a legado de la dua teksto<br \/>\n3a legado de la dua teksto<\/p>\n<p><strong>\u4e09\u3001KER\u4e16\u754c\u8bed\u8003\u8bd5\u7b49\u7ea7\u8bc1\u4e66<\/strong><\/p>\n<p><img decoding=\"async\" loading=\"lazy\" class=\"alignnone size-medium\" src=\"http:\/\/reto.cn\/ker\/ekzameno_ker_atestilo.jpg\" width=\"796\" height=\"599\" \/><br \/>\nLa novaj ekzamenoj de UEA la\u016d la Komuna E\u016dropa Referenckadro (KER) nun estas ellaboritaj (el la 6 ekzistantaj) en niveloj B1, B2 kaj C1. La akreditigo kaj funkciigo de la sistemo okazis kunlabore kun la \u015ctata Lingvoekzamena Centro (<a class=\"external\" href=\"http:\/\/www.itk.hu\/\" target=\"_blank\" rel=\"noopener\">ITK<\/a>) en Budape\u015dto, kie Esperanto trovi\u011das inter la \u015dtate rekonataj fremdaj lingvoj kaj kadre de ties ekzamensistemo havas la samajn rajtojn kiel la aliaj fremdaj lingvoj. Plurmil kandidatoj estas testataj \u0109iujare en la menciitaj niveloj en la t.n. dulingva (hungara-Esperanta) versio de la lingvaj ekzamenoj.<\/p>\n<p>\u6458\u81ea <a href=\"http:\/\/edukado.net\/ekzamenoj\/ker\">http:\/\/edukado.net\/ekzamenoj\/ker<\/a><\/p>\n<p>\u76f8\u5173\u94fe\u63a5\uff1a<\/p>\n<p><a href=\"https:\/\/reto.cn\/php\/hanyu\/lernado-de-esperanto\/\">\u4e16\u754c\u8bed\u5b66\u4e60 Lernado de Esperanto<\/a><br \/>\n<a href=\"https:\/\/reto.cn\/php\/hanyu\/ekzameni_edukada_ministrio\">\u4e2d\u56fd\u6559\u80b2\u90e8\u6587\u4ef6\u548c\u4e16\u754c\u8bed\u5b66\u79d1\u4ee3\u7801<\/a><\/p>\n","protected":false},"excerpt":{"rendered":"<p>Ekzamenado de Esperanto \u4e00\u3001KER\u4e16\u754c\u8bed\u7b49\u7ea7\u8003\u8bd5\u4ecb\u7ecd \u8d75\u6587\u742a KER\u8003\u8bd5\u662f\u76ee\u524d\u4e16\u754c\u4e0a\u6700\u2026 <span class=\"read-more\"><a href=\"https:\/\/reto.cn\/php\/hanyu\/ker\/\">\u7ee7\u7eed\u9605\u8bfb Legi pli &raquo;<\/a><\/span><\/p>\n","protected":false},"author":1,"featured_media":0,"parent":0,"menu_order":0,"comment_status":"open","ping_status":"open","template":"","meta":{"footnotes":""},"_links":{"self":[{"href":"https:\/\/reto.cn\/php\/hanyu\/wp-json\/wp\/v2\/pages\/436"}],"collection":[{"href":"https:\/\/reto.cn\/php\/hanyu\/wp-json\/wp\/v2\/pages"}],"about":[{"href":"https:\/\/reto.cn\/php\/hanyu\/wp-json\/wp\/v2\/types\/page"}],"author":[{"embeddable":true,"href":"https:\/\/reto.cn\/php\/hanyu\/wp-json\/wp\/v2\/users\/1"}],"replies":[{"embeddable":true,"href":"https:\/\/reto.cn\/php\/hanyu\/wp-json\/wp\/v2\/comments?post=436"}],"version-history":[{"count":0,"href":"https:\/\/reto.cn\/php\/hanyu\/wp-json\/wp\/v2\/pages\/436\/revisions"}],"wp:attachment":[{"href":"https:\/\/reto.cn\/php\/hanyu\/wp-json\/wp\/v2\/media?parent=436"}],"curies":[{"name":"wp","href":"https:\/\/api.w.org\/{rel}","templated":true}]}}