{"id":4915,"date":"2019-01-15T21:28:09","date_gmt":"2019-01-15T13:28:09","guid":{"rendered":"http:\/\/reto.cn\/php\/hanyu\/?page_id=4915"},"modified":"2026-03-24T16:45:56","modified_gmt":"2026-03-24T08:45:56","slug":"rigardi-la-mondon-per-esperanto","status":"publish","type":"page","link":"https:\/\/reto.cn\/php\/hanyu\/rigardi-la-mondon-per-esperanto\/","title":{"rendered":"\u7eff\u7f51\u770b\u4e16\u754c"},"content":{"rendered":"<p>&nbsp;<\/p>\n<h3 style=\"text-align: center;\">Rigardu la Mondon per Verda Reto en Esperanto<\/h3>\n<p dir=\"ltr\" style=\"text-align: center;\"><span style=\"color: #ff0000;\">\u72ec\u7acb\u601d\u8003 \u5ba2\u89c2\u516c\u6b63 \u4ee5\u7528\u4fc3\u5b66 \u5b66\u4ee5\u81f4\u7528<\/span><\/p>\n<ul>\n<li><a href=\"https:\/\/reto.cn\/php\/hanyu\/rigardi-la-mondon-per-esperanto\/kulture-fremda-enmigrado-sangas-germanion\/\">Kulture fremda enmigrado \u015dan\u011das Germanion \u5916\u6765\u79fb\u6c11\u6587\u5316\u6539\u53d8\u5fb7\u56fd<\/a><\/li>\n<li><a href=\"https:\/\/reto.cn\/php\/hanyu\/rigardi-la-mondon-per-esperanto\/matenmangoj-tra-la-mondo\/\">Matenman\u011doj tra la mondo \u4e16\u754c\u5404\u5730\u7684\u65e9\u9910<\/a><\/li>\n<li><a href=\"https:\/\/reto.cn\/php\/hanyu\/rigardi-la-mondon-per-esperanto\/europa-himno\/\">E\u016dropa himno \u6b27\u76df\u4f1a\u6b4c\u300a\u6b22\u4e50\u9882\u300b<\/a><\/li>\n<li><a href=\"https:\/\/reto.cn\/php\/hanyu\/rigardi-la-mondon-per-esperanto\/cu-ni-timu-neurosciencon\/\">\u0108u ni timu NE\u016cROSCIENCON? \u6211\u4eec\u5e94\u8be5\u5bf9\u795e\u7ecf\u79d1\u5b66\u5fc3\u751f\u6050\u60e7\u5417\uff1f<\/a><\/li>\n<li><a href=\"https:\/\/reto.cn\/php\/hanyu\/rigardi-la-mondon-per-esperanto\/la-internacio\/\">La Internacio \u56fd\u9645\u6b4c \u4e16\u754c\u8bed\u00b7\u6cd5\u8bed\u00b7\u4e2d\u6587<\/a><\/li>\n<li><a href=\"https:\/\/reto.cn\/php\/hanyu\/rigardi-la-mondon-per-esperanto\/necesas-lingva-diverseco\/\">Necesas lingva diverseco \u5fc5\u987b\u4fdd\u6301\u8bed\u8a00\u7684\u591a\u6837\u6027<\/a><\/li>\n<li><a href=\"https:\/\/reto.cn\/php\/hanyu\/rigardi-la-mondon-per-esperanto\/haitianoj-transiras-amase-la-riveregon-rio-grande-por-atingi-teksason\/\">Haitianoj transiras amase la riveregon Rio Grande por atingi Teksason\u00a0\u6d77\u5730\u4eba\u8702\u62e5\u8fc7\u6cb3\u5230\u5fb7\u514b\u8428\u65af<\/a><\/li>\n<li><a href=\"https:\/\/reto.cn\/php\/hanyu\/rigardi-la-mondon-per-esperanto\/la-graveco-uzi-ofte-la-lingvon-lernatan\/\">La graveco uzi ofte la lingvon lernatan \u7ecf\u5e38\u4f7f\u7528\u6240\u5b66\u8bed\u8a00\u7684\u91cd\u8981\u6027<\/a><\/li>\n<li><a href=\"https:\/\/reto.cn\/php\/hanyu\/rigardi-la-mondon-per-esperanto\/kiu-fremda-lingvo-estas-pli-utila\/\">Kiu fremda lingvo estas pli utila? \u54ea\u79cd\u5916\u8bed\u6700\u6709\u7528\uff1f<\/a><\/li>\n<li><a href=\"https:\/\/reto.cn\/php\/hanyu\/rigardi-la-mondon-per-esperanto\/subakva-gardeno-en-italio\/\">Subakva \u011cardeno en Italio \u610f\u5927\u5229\u7684\u6c34\u4e0b\u82b1\u56ed<\/a><\/li>\n<li><a href=\"https:\/\/reto.cn\/php\/hanyu\/rigardi-la-mondon-per-esperanto\/cu-dio-ekzistas-same-kiel-ogroj-monstroj-kaj-feoj\/\">\u0108u Dio ekzistas same kiel ogroj, monstroj kaj feoj? \u6cd5\u56fd\u4e0d\u4fe1\u4ef0\u5b97\u6559\u7684\u4eba\u8d8a\u6765\u8d8a\u591a<\/a><\/li>\n<li><a href=\"https:\/\/reto.cn\/php\/hanyu\/rigardi-la-mondon-per-esperanto\/la-landaj-limoj\">La Landaj Limoj \u56fd\u754c<\/a><\/li>\n<li><a href=\"https:\/\/reto.cn\/php\/hanyu\/rigardi-la-mondon-per-esperanto\/ursoj-ofte-aperas-en-loglokoj\/\">\u201cUrsoj ofte aperas en lo\u011dlokoj\u201d \u201c\u718a\u51fa\u6ca1\u201d<\/a><\/li>\n<li><a href=\"https:\/\/reto.cn\/php\/hanyu\/rigardi-la-mondon-per-esperanto\/kial-judoj-devas-vocdoni-por-trump\">Kial Judoj Devas Vo\u0109doni por Trump?<\/a><\/li>\n<li><a href=\"https:\/\/reto.cn\/php\/hanyu\/rigardi-la-mondon-per-esperanto\/pensiga-libro-pri-serboj\">Pensiga Libro pri Serboj\u00a0 \u897f\u65b9\u5a92\u4f53\u5bf9\u585e\u5c14\u7ef4\u4e9a\u4eba\u7684\u5996\u9b54\u5316<\/a><\/li>\n<li><a href=\"https:\/\/reto.cn\/php\/hanyu\/rigardi-la-mondon-per-esperanto\/universala-deklaracio-de-homaj-rajtoj\/\">Universala Deklaracio de Homaj Rajtoj \u4e16\u754c\u4eba\u6743\u5ba3\u8a00<\/a><\/li>\n<li><a href=\"https:\/\/reto.cn\/php\/hanyu\/rigardi-la-mondon-per-esperanto\/deklaro-de-sendependeco-de-usono\">Deklaro de Sendependeco de Usono\u00a0 \u7f8e\u56fd\u72ec\u7acb\u5ba3\u8a00 <\/a><\/li>\n<li><a href=\"https:\/\/reto.cn\/php\/hanyu\/rigardi-la-mondon-per-esperanto\/usonaj-merkatoj-eksplodas\">Usonaj Merkatoj Eksplodas <\/a><\/li>\n<li><a href=\"https:\/\/reto.cn\/php\/hanyu\/rigardi-la-mondon-per-esperanto\/elektra-aviadilo-aprobita\">Elektra Aviadilo Aprobita \u7535\u52a8\u98de\u673a\u53d6\u5f97\u98de\u884c\u8bb8\u53ef<\/a><\/li>\n<li><a href=\"https:\/\/reto.cn\/php\/hanyu\/rigardi-la-mondon-per-esperanto\/palestina-eduka-sistemo\">Palestina Eduka Sistemo \u5df4\u52d2\u65af\u5766\u7684\u6559\u80b2\u4f53\u7cfb<\/a><\/li>\n<li><a href=\"https:\/\/reto.cn\/php\/hanyu\/rigardi-la-mondon-per-esperanto\/niaj-familiaj-vojagoj\">Niaj familiaj voja\u011doj \u4e00\u4e2a\u82cf\u8054\u5bb6\u5ead\u7684\u7b2c\u4e00\u6b21\u51fa\u56fd\u65c5\u884c<\/a><\/li>\n<li><a href=\"https:\/\/reto.cn\/php\/hanyu\/rigardi-la-mondon-per-esperanto\/ventoturbino-sen-padelo\">Ventoturbino sen Padelo \u65e0\u53f6\u7247\u98ce\u529b\u6da1\u8f6e\u53d1\u7535\u673a<\/a><\/li>\n<li><a href=\"https:\/\/reto.cn\/php\/hanyu\/rigardi-la-mondon-per-esperanto\/sango-de-civilizacio-en-europo\">Granda \u015dan\u011do de civilizacio en E\u016dropo \u6b27\u6d32\u6587\u660e\u5de8\u53d8<\/a><\/li>\n<li><a href=\"https:\/\/reto.cn\/php\/hanyu\/rigardi-la-mondon-per-esperanto\/la-rifugintoj-ne-estas-rifugintoj\">La \u201crifu\u011dintoj\u201d ne estas rifu\u011dintoj \u201c\u96be\u6c11\u201d\u4e0d\u662f\u96be\u6c11<\/a><\/li>\n<li><a href=\"https:\/\/reto.cn\/php\/hanyu\/rigardi-la-mondon-per-esperanto\/mangi-insektojn\">Man\u011di Insektojn \u98df\u7528\u6606\u866b<\/a><\/li>\n<li><a href=\"https:\/\/reto.cn\/php\/hanyu\/rigardi-la-mondon-per-esperanto\/transporto-en-kubo-artefarita-kolapso\">Transporto en Kubo \u2013 artefarita kolapso \u53e4\u5df4\u7684\u4ea4\u901a<\/a><\/li>\n<li><a href=\"https:\/\/reto.cn\/php\/hanyu\/rigardi-la-mondon-per-esperanto\/ekonomio-de-kubo-enigma-fusajo\">Ekonomio de Kubo \u2013 enigma fu\u015da\u0135o<\/a><\/li>\n<li><a href=\"https:\/\/reto.cn\/php\/hanyu\/rigardi-la-mondon-per-esperanto\/intertrakti-kun-la-rusoj-10-bazaj-sugestoj\">Intertrakti kun la rusoj: 10 bazaj sugestoj \u548c\u4fc4\u7f57\u65af\u4eba\u6253\u4ea4\u9053\u768410\u4e2a\u57fa\u672c\u5efa\u8bae<\/a><\/li>\n<li><a href=\"https:\/\/reto.cn\/php\/hanyu\/rigardi-la-mondon-per-esperanto\/10-cefaj-eraroj-de-la-cinaj-komercistoj-en-rusio\">10 \u0109efaj eraroj de la \u0109inaj komercistoj en Rusio \u5728\u4fc4\u4e2d\u56fd\u5546\u4eba\u768410\u4e2a\u4e3b\u8981\u9519\u8bef<\/a><\/li>\n<li><a href=\"https:\/\/reto.cn\/php\/hanyu\/filino-de-chavez-estas-la-plej-rica-virino-de-venezuelo\">Filino de Ch\u00e1vez estas la plej ri\u0109a virino de Venezuelo<\/a><\/li>\n<li><a href=\"https:\/\/reto.cn\/php\/hanyu\/kio-okazis-hodiau-en-venezuelo\">Kio okazis hodia\u016d en Venezuelo?\u00a0<\/a><\/li>\n<li><a href=\"https:\/\/reto.cn\/php\/hanyu\/pri-la-eventoj-en-venezuelo\">Pri la eventoj en Venezuelo<\/a><\/li>\n<li><a href=\"https:\/\/reto.cn\/php\/hanyu\/kial-oni-elektis-trump\">Kial oni elektis Trump?<\/a><\/li>\n<li><a href=\"https:\/\/reto.cn\/php\/hanyu\/kubo-mito-pri-la-bona-medicino\">Kubo \u2013 mito pri la bona medicino<\/a><\/li>\n<li><a href=\"https:\/\/reto.cn\/php\/hanyu\/dependo-de-religio-en-pakistano\">Dependo de religio en Pakistano<\/a><\/li>\n<li><a href=\"https:\/\/reto.cn\/php\/hanyu\/lenin-kaj-loktobra-revolucio-en-moderna-rusio\">Lenin kaj l\u2019Oktobra Revolucio en moderna Rusio<\/a><\/li>\n<li><a href=\"https:\/\/reto.cn\/php\/hanyu\/kristanoj-en-irano\">Kristanoj en Irano<\/a><\/li>\n<li><a href=\"https:\/\/reto.cn\/php\/hanyu\/infrastrukturo-en-kubo-monopolismo-kaj-haoso\">Infrastrukturo en Kubo \u2013 monopolismo kaj \u0125aoso<\/a><\/li>\n<li><a href=\"https:\/\/reto.cn\/php\/hanyu\/kubaj-mitoj-la-lando-malrica-sed-socio-justa\">Kubaj mitoj: La lando malri\u0109a, sed socio justa<\/a><\/li>\n<li><a href=\"https:\/\/reto.cn\/php\/hanyu\/kubo-la-lando-de-mitoj\">Kubo \u2013 la lando de mitoj<\/a><\/li>\n<\/ul>\n","protected":false},"excerpt":{"rendered":"<p>&nbsp; Rigardu la Mondon per Verda Reto en Esperanto \u72ec\u7acb\u2026 <span class=\"read-more\"><a href=\"https:\/\/reto.cn\/php\/hanyu\/rigardi-la-mondon-per-esperanto\/\">\u7ee7\u7eed\u9605\u8bfb Legi pli &raquo;<\/a><\/span><\/p>\n","protected":false},"author":1,"featured_media":0,"parent":0,"menu_order":0,"comment_status":"open","ping_status":"closed","template":"","meta":{"footnotes":""},"_links":{"self":[{"href":"https:\/\/reto.cn\/php\/hanyu\/wp-json\/wp\/v2\/pages\/4915"}],"collection":[{"href":"https:\/\/reto.cn\/php\/hanyu\/wp-json\/wp\/v2\/pages"}],"about":[{"href":"https:\/\/reto.cn\/php\/hanyu\/wp-json\/wp\/v2\/types\/page"}],"author":[{"embeddable":true,"href":"https:\/\/reto.cn\/php\/hanyu\/wp-json\/wp\/v2\/users\/1"}],"replies":[{"embeddable":true,"href":"https:\/\/reto.cn\/php\/hanyu\/wp-json\/wp\/v2\/comments?post=4915"}],"version-history":[{"count":4,"href":"https:\/\/reto.cn\/php\/hanyu\/wp-json\/wp\/v2\/pages\/4915\/revisions"}],"predecessor-version":[{"id":19960,"href":"https:\/\/reto.cn\/php\/hanyu\/wp-json\/wp\/v2\/pages\/4915\/revisions\/19960"}],"wp:attachment":[{"href":"https:\/\/reto.cn\/php\/hanyu\/wp-json\/wp\/v2\/media?parent=4915"}],"curies":[{"name":"wp","href":"https:\/\/api.w.org\/{rel}","templated":true}]}}