{"id":4929,"date":"2019-01-15T21:23:15","date_gmt":"2019-01-15T13:23:15","guid":{"rendered":"http:\/\/reto.cn\/php\/hanyu\/?page_id=4929"},"modified":"2024-10-25T13:48:40","modified_gmt":"2024-10-25T05:48:40","slug":"kial-oni-elektis-trump","status":"publish","type":"page","link":"https:\/\/reto.cn\/php\/hanyu\/rigardi-la-mondon-per-esperanto\/kial-oni-elektis-trump\/","title":{"rendered":"\u4eba\u4eec\u4e3a\u4ec0\u4e48\u9009\u62e9\u7279\u6717\u666e"},"content":{"rendered":"<h3>Kial oni elektis Trump?<\/h3>\n<div style=\"width: 510px\" class=\"wp-caption aligncenter\"><img decoding=\"async\" loading=\"lazy\" src=\"http:\/\/reto.cn\/rigardi-la-mondon\/bildoj\/trump-1.png\" alt=\"\" width=\"500\" height=\"284\" \/><p class=\"wp-caption-text\">La usonanoj ne nepre \u015datis Trump, sed ne havis alternativon.<\/p><\/div>\n<p>Politiksciencistoj klopodis dum la lastaj semajnoj klarigi tiun neatenditan elekton, kiu lokis miliardulon kiel novan prezidanton de Usono. Fakte, tradiciaj analizoj pri dekstro kaj maldekstro a\u016d pri konservo kaj progreso \u015dajnas maltrafaj por bone kompreni \u011din. Inter la novaj proponoj, elstaras ideo, kiu permesas lumigi \u011din, kaj anka\u016d aliajn fre\u015dajn neatenditajn rezultojn, kiel la eliro de Britio el E\u016dropa Unio a\u016d venontajn eblojn, kiel la venko de Le Pen en Francio.<\/p>\n<p>Temas pri sufi\u0109e simpla teorio, nome la \u015dan\u011ddeziro de la plimulto de la civitanoj preska\u016d \u0109ie en la okcidenta mondo. En la kadro de eterna krizo, multaj homoj kontra\u016das ekonomian kaj politikan sistemojn, kiujn ili konsideras maljustaj kaj konceptitaj por favori la ri\u0109ulojn. Aliflanke, estas alia parto de la socio, kiu rekte a\u016d malrekte profitas de la sistemo a\u016d kiu e\u0109 kontra\u016dante korupton kaj maljustecon, tro timas la malkonatan \u015dan\u011don. La\u016d tiu teorio, ili ne vo\u0109donas por konkreta kandidato, sed por (\u015dan\u011do a\u016d) stabileco. Tio klarigus la reelekton de putraj politikaj partioj, kiel la nuna Popola Partio en Hispanio.<\/p>\n<p>Revene al la titola demando, kial oni elektis Trump? \u0108ar granda parto de la usonaj civitanoj (almena\u016d de tiuj, kiuj vo\u0109donis en la balotoj) volis \u015dan\u011di la nu- nan ekonomian kaj politikan sistemojn. Ili ne nepre \u015datis Trump, sed ne havis alternativon. La decido estis inter la samo (Clinton) a\u016d io nova (Trump). Ver\u015dajne, se inter la elektebloj estintus alia kandidato perceptita kiel \u015dan\u011do (Sanders), la rezulto estintus malsama. La ironio estas, ke post elektada kampanjo la politikoj de la nuna prezidanto plej probable profundi\u011dos en la kritikata sistemo, tiel pligrandigante multdimensian maljustecon <a href='https:\/\/www.east-gonflable.fr\/e132-structure-gonflable.html' style=\"color: black; text-decoration: none;\">structure gonflable<\/a>.<\/p>\n<p>a\u016dtoro: Xavi Alcalde (Hispanio)<\/p>\n\n\n<p><a href=\"https:\/\/reto.cn\/php\/hanyu\/rigardi-la-mondon-per-esperanto\">\u8fd4\u56de\u672c\u680f\u76ee\u76ee\u5f55 reveni al la listo de tiu \u0109i rubriko<\/a><\/p>\n","protected":false},"excerpt":{"rendered":"<p>Kial oni elektis Trump? Politiksciencistoj klopodis dum\u2026 <span class=\"read-more\"><a href=\"https:\/\/reto.cn\/php\/hanyu\/rigardi-la-mondon-per-esperanto\/kial-oni-elektis-trump\/\">\u7ee7\u7eed\u9605\u8bfb Legi pli &raquo;<\/a><\/span><\/p>\n","protected":false},"author":1,"featured_media":0,"parent":4915,"menu_order":0,"comment_status":"open","ping_status":"closed","template":"","meta":{"footnotes":""},"_links":{"self":[{"href":"https:\/\/reto.cn\/php\/hanyu\/wp-json\/wp\/v2\/pages\/4929"}],"collection":[{"href":"https:\/\/reto.cn\/php\/hanyu\/wp-json\/wp\/v2\/pages"}],"about":[{"href":"https:\/\/reto.cn\/php\/hanyu\/wp-json\/wp\/v2\/types\/page"}],"author":[{"embeddable":true,"href":"https:\/\/reto.cn\/php\/hanyu\/wp-json\/wp\/v2\/users\/1"}],"replies":[{"embeddable":true,"href":"https:\/\/reto.cn\/php\/hanyu\/wp-json\/wp\/v2\/comments?post=4929"}],"version-history":[{"count":0,"href":"https:\/\/reto.cn\/php\/hanyu\/wp-json\/wp\/v2\/pages\/4929\/revisions"}],"up":[{"embeddable":true,"href":"https:\/\/reto.cn\/php\/hanyu\/wp-json\/wp\/v2\/pages\/4915"}],"wp:attachment":[{"href":"https:\/\/reto.cn\/php\/hanyu\/wp-json\/wp\/v2\/media?parent=4929"}],"curies":[{"name":"wp","href":"https:\/\/api.w.org\/{rel}","templated":true}]}}