{"id":4949,"date":"2019-01-16T14:29:43","date_gmt":"2019-01-16T06:29:43","guid":{"rendered":"http:\/\/reto.cn\/php\/hanyu\/?page_id=4949"},"modified":"2019-01-16T14:29:43","modified_gmt":"2019-01-16T06:29:43","slug":"kristanoj-en-irano","status":"publish","type":"page","link":"https:\/\/reto.cn\/php\/hanyu\/rigardi-la-mondon-per-esperanto\/kristanoj-en-irano\/","title":{"rendered":"Kristanoj en Irano \u4f0a\u6717\u7684\u57fa\u7763\u6559\u5f92"},"content":{"rendered":"\n\t\t\t\t<p>Oni scias, ke Irano estas islama \u015dtato. Sed multaj homoj ne scias, ke en tiu islama \u015dtato estas kristanoj! En la Facebook, mi renkontis sinjoron Avanesian, kiu estas ateisto en Irano. Ni interparolas pri la kristanoj en Irano. \u0108ar mi parolas la anglan lingvon malbone, tiel nia dialogo estas simpla, sed per kio oni jam povas koni la situacion de kristanoj en Irano.<\/p>\n<p>Mi tradukis nian interparolon al Esperanto.<\/p>\n<p>Mi:<br \/>Saluton!<\/p>\n<p>Avanesian:<br \/>Saluton!<\/p>\n<p>Mi:<br \/>pardonu!<br \/>\u0108u vi estas islamano?<\/p>\n<p>Avanesian:<br \/>Ne, mi ne kredas al religio.<\/p>\n<p>Mi:<br \/>Dankon!<br \/>Mi scias, ke Irano estas islama \u015dtato. Sed oni diras, ke en Irano estas anka\u016d kristanoj. \u0108u tio estas vere?<\/p>\n<p>Avanesian:<br \/>Jes, vere.<br \/>kristanismo estas tre maljuna en Irano, eble de unua jarcento.<br \/>Asuranoj kaj Armenoj estas Iranaj kristanoj.<br \/>Armenio estas la patrolando de Iranaj kristanoj<\/p>\n<p>Mi:<br \/>Mi misopinias, ke \u0109iuj iranoj estas islamanoj. Mi ne scias, ke en Irano estas kristanoj.<br \/>Kia estas ilia situacio en Irano?<br \/>\u0109u la kristanoj estas sekuraj kaj ili havas egalan rajton kun la islamanoj?<\/p>\n<p>Avanesian:<br \/>ne, ili ne havas egalajn rajtojn.<br \/>beda\u016drinde la registaro estas severa islama.<br \/>alivorte neniu havas humanajn rajtojn pro la ekstrema registaro.<br \/>mi estas ateisto kaj ne povas diri mian opinion klare \u2026 la registaro mortigos min se ili scias, ke mi eliriris el islamo.<\/p>\n<p>Mi:<br \/>hodia\u016d oni diris al mi, ke e\u0109 en la centro de la urbo Tehran estas pre\u011dejo de kristanismo, kio signifas, ke la kristanoj havas la saman rajton kun la islamanoj<\/p>\n<p>Avanesian:<br \/>e\u0109 islamanoj ne havas bonajn rajtojn \u0109i tie.<br \/>e\u0109 kristanoj devas vesti kiel islamanoj \u2026 virinoj devas vesti tukon sur iliaj kapoj.<\/p>\n<p>Mi:<br \/>\u0109ino diris, ke iranaj islamanoj estas laikaj<\/p>\n<p>Avanesian:<br \/>li diris \u011duste \u2026 plejparto de popolo ne kredas al la registaro.<\/p>\n<p>Mi:<br \/>\u0109u ili kredas la islamon?<\/p>\n<p>Avanesian:<br \/>jes<br \/>sed ili ne kredas al politika islamo.<br \/>la registaro regas kun milita forto kaj diktatoreco.<\/p>\n<p>Mi:<br \/>kaj, \u0109u la idoj de islamanoj en irano devas esti islamanoj?<\/p>\n<p>Avanesian:<br \/>jes.<\/p>\n<p>Mi:<br \/>kaj la idoj de la islamanoj ne rajtas forlasi la islamon, \u0109u ne?<\/p>\n<p>Avanesian:<br \/>se iu forlasas islamon, li devas morti\u011di la\u016d islamaj le\u011doj.<br \/>islamo estas fireligio<br \/>multaj da kristanoj migras el Irano al Armenio kaj Usono.<\/p>\n<p>Mi:<br \/>\u0109u mi povas aperigi nian dialogon en la \u0109ina retejo?<\/p>\n<p>Avanesian:<br \/>la \u0109ina registaro kaj la Irana registaro estas tre proksimaj \u2026 mi timas ke nia registaro scios, ke mi forlasisi islamon kaj \u011denos min.<\/p>\n<p>Mi:<br \/>Bone. Mi malka\u015dos vian kompletan nomon, kaj aperos nur via parta nomo.<\/p>\n<p>Avanesian:<br \/>Bone.<br \/>dankon!<\/p>\n<p>Mi:<br \/>Mi povas kompreni vin.<br \/>kaj la problemo: kial Irano permesas la kristan pre\u011dejon en la centro de la urbo Tehrano?<\/p>\n<p>Avanesian:<br \/>\u011di estas nur politika reklamo<br \/>ili volas pretendi, ke \u0109iuj estas liberaj en Irano, sed tiu estas granda mensogo!<\/p>\n\n<p><a href=\"https:\/\/reto.cn\/php\/hanyu\/rigardi-la-mondon-per-esperanto\">\u8fd4\u56de\u672c\u680f\u76ee\u76ee\u5f55 reveni al la listo de tiu \u0109i rubriko<\/a><\/p>\n\t\t","protected":false},"excerpt":{"rendered":"<p>Oni scias, ke Irano estas islama \u015dtato. Sed multaj homo\u2026 <span class=\"read-more\"><a href=\"https:\/\/reto.cn\/php\/hanyu\/rigardi-la-mondon-per-esperanto\/kristanoj-en-irano\/\">\u7ee7\u7eed\u9605\u8bfb Legi pli &raquo;<\/a><\/span><\/p>\n","protected":false},"author":1,"featured_media":0,"parent":4915,"menu_order":0,"comment_status":"open","ping_status":"closed","template":"","meta":{"footnotes":""},"_links":{"self":[{"href":"https:\/\/reto.cn\/php\/hanyu\/wp-json\/wp\/v2\/pages\/4949"}],"collection":[{"href":"https:\/\/reto.cn\/php\/hanyu\/wp-json\/wp\/v2\/pages"}],"about":[{"href":"https:\/\/reto.cn\/php\/hanyu\/wp-json\/wp\/v2\/types\/page"}],"author":[{"embeddable":true,"href":"https:\/\/reto.cn\/php\/hanyu\/wp-json\/wp\/v2\/users\/1"}],"replies":[{"embeddable":true,"href":"https:\/\/reto.cn\/php\/hanyu\/wp-json\/wp\/v2\/comments?post=4949"}],"version-history":[{"count":0,"href":"https:\/\/reto.cn\/php\/hanyu\/wp-json\/wp\/v2\/pages\/4949\/revisions"}],"up":[{"embeddable":true,"href":"https:\/\/reto.cn\/php\/hanyu\/wp-json\/wp\/v2\/pages\/4915"}],"wp:attachment":[{"href":"https:\/\/reto.cn\/php\/hanyu\/wp-json\/wp\/v2\/media?parent=4949"}],"curies":[{"name":"wp","href":"https:\/\/api.w.org\/{rel}","templated":true}]}}