{"id":4984,"date":"2019-01-30T09:06:32","date_gmt":"2019-01-30T01:06:32","guid":{"rendered":"http:\/\/reto.cn\/php\/hanyu\/?page_id=4984"},"modified":"2024-10-25T14:02:03","modified_gmt":"2024-10-25T06:02:03","slug":"pri-la-eventoj-en-venezuelo","status":"publish","type":"page","link":"https:\/\/reto.cn\/php\/hanyu\/rigardi-la-mondon-per-esperanto\/pri-la-eventoj-en-venezuelo\/","title":{"rendered":"Pri la eventoj en Venezuelo"},"content":{"rendered":"\n<p>Kreskanta malkontento estas en Venezuelo, ka\u016dzita de hiperinflacio, interrompo de publika elektra servo kaj manko de man\u011da\u0135oj kaj medicinoj, tio ka\u016dzis politikan krizon.<\/p>\n\n\n\n<p>Opozicia gvidanto Juan Guaid\u00f3 deklaris sin provizora prezidento sekvinte la grandajn protestojn, kiuj bravigis kontra\u016dulojn de la nuna socialisma prezidento Nicol\u00e1s Maduro.<\/p>\n\n\n\n<p>Proksimume 26 homoj mortis dum manifestacioj pasintsemajnaj kaj OUN avertis, ke la situacio povus plie senkontroli\u011di <a href=\"https:\/\/www.east-gonflable.fr\/e107-aire-de-jeux-gonflable.html\" style=\"color: black; text-decoration: none;\">aire de jeux gonflable<\/a>.<\/p>\n\n\n\n<p>Pli ol tri milionoj da venezuelanoj fu\u011dis el sia lando dum la lastaj jaroj pro malsato, manko de kuracado, kreskantaj senlaboreco kaj perforta krimo.<\/p>\n\n\n\n<p>a\u016dtoro: Gab\u00e1nyi Zolt\u00e1n<br>el Facebook<\/p>\n\n\n\n<p><a href=\"https:\/\/reto.cn\/php\/hanyu\/rigardi-la-mondon-per-esperanto\">\u8fd4\u56de\u672c\u680f\u76ee\u76ee\u5f55 reveni al la listo de tiu \u0109i rubriko<\/a><\/p>\n","protected":false},"excerpt":{"rendered":"<p>Kreskanta malkontento estas en Venezuelo, ka\u016dzita de hi\u2026 <span class=\"read-more\"><a href=\"https:\/\/reto.cn\/php\/hanyu\/rigardi-la-mondon-per-esperanto\/pri-la-eventoj-en-venezuelo\/\">\u7ee7\u7eed\u9605\u8bfb Legi pli &raquo;<\/a><\/span><\/p>\n","protected":false},"author":1,"featured_media":0,"parent":4915,"menu_order":0,"comment_status":"open","ping_status":"closed","template":"","meta":{"footnotes":""},"_links":{"self":[{"href":"https:\/\/reto.cn\/php\/hanyu\/wp-json\/wp\/v2\/pages\/4984"}],"collection":[{"href":"https:\/\/reto.cn\/php\/hanyu\/wp-json\/wp\/v2\/pages"}],"about":[{"href":"https:\/\/reto.cn\/php\/hanyu\/wp-json\/wp\/v2\/types\/page"}],"author":[{"embeddable":true,"href":"https:\/\/reto.cn\/php\/hanyu\/wp-json\/wp\/v2\/users\/1"}],"replies":[{"embeddable":true,"href":"https:\/\/reto.cn\/php\/hanyu\/wp-json\/wp\/v2\/comments?post=4984"}],"version-history":[{"count":0,"href":"https:\/\/reto.cn\/php\/hanyu\/wp-json\/wp\/v2\/pages\/4984\/revisions"}],"up":[{"embeddable":true,"href":"https:\/\/reto.cn\/php\/hanyu\/wp-json\/wp\/v2\/pages\/4915"}],"wp:attachment":[{"href":"https:\/\/reto.cn\/php\/hanyu\/wp-json\/wp\/v2\/media?parent=4984"}],"curies":[{"name":"wp","href":"https:\/\/api.w.org\/{rel}","templated":true}]}}