{"id":4998,"date":"2019-01-30T09:34:19","date_gmt":"2019-01-30T01:34:19","guid":{"rendered":"http:\/\/reto.cn\/php\/hanyu\/?page_id=4998"},"modified":"2019-01-30T09:34:19","modified_gmt":"2019-01-30T01:34:19","slug":"kio-okazis-hodiau-en-venezuelo","status":"publish","type":"page","link":"https:\/\/reto.cn\/php\/hanyu\/rigardi-la-mondon-per-esperanto\/kio-okazis-hodiau-en-venezuelo\/","title":{"rendered":"Kio okazis hodia\u016d en Venezuelo?"},"content":{"rendered":"\n\t\t\t\t\n<figure class=\"wp-block-image\"><img decoding=\"async\" src=\"http:\/\/reto.cn\/rigardi-la-mondon\/bildoj\/venezuelo-1.jpg\" alt=\"image\" \/><\/figure>\n\n\n<h2 class=\"wp-block-heading\">Juan Guaid\u00f3 faris gravajn anoncojn dum la opozicia koncentri\u011do de la \u00a023-a de Januaro en Karakaso, kie li \u0135uris kiel provizora prezidento<\/h2>\n\n\n<p>Merkredo 23 de januaro la prezidento de la nacia parlamento, Juan Guaid\u00f3, \u0135uri\u011dis kiel prezidento provizora de Venezuelo anta\u016d miloj da venezuelanoj kiuj eliris por protesti en la stratoj de Karakaso. Li anoncis, plie, protestan mar\u015don kiu okazos en la semajnfino por transdoni la Le\u011don de Amnestio.<\/p>\n\n\n<p><em><strong>\u201cLa silento kun kiu ni komencis \u0109i tiun jaron hodia\u016d rompi\u011das per krioj kaj kura\u011do. Ne plu silento, en nia koro ni havas la fidon de sukceso\u201d<\/strong><\/em>\u00a0diris Guaid\u00f3 de la supro de la estrado kie li estis.<\/p>\n\n\n<p>Anka\u016d li invitis al la Venezuela popolo unui\u011di,\u00a0<em><strong>\u201c\u0109i tio ne temas pri tordi la brakojn de aliuloj, ni man-premos. \u0108ar la \u0109avista flanko estis trompita kaj frustrita, al ili ni diras ke ni havas planon por Venezuelo restari\u011di\u201d<\/strong><\/em><\/p>\n\n\n<p>Li alvokis mar\u015don por la semajnfino por doni la le\u011don de Amnestio, kaj la unuan semajnon de Februaro okazos movilizado por ricevi la humanan helpon:<strong><em>\u00a0\u201cdum la venontaj tagoj ni iros al \u0109iu sektoro. Kaj atentu! \u0108ar venos agoj por fari\u201d<\/em><\/strong><\/p>\n\n\n<p>Per la apogo de la publiko inter krioj kaj eksklamacioj li diris:<\/p>\n\n\n<h2 class=\"wp-block-heading\"><em><strong>\u201cpor eviti ajnan dubon, hodia\u016d mi faras la pa\u015don kun vi. Komprenante ke ni estas en diktaturo kaj ke popolo unuigita neniam estos venkita\u201d.<\/strong><\/em><\/h2>\n\n\n<figure class=\"wp-block-image\"><img decoding=\"async\" src=\"http:\/\/reto.cn\/rigardi-la-mondon\/bildoj\/venezuelo-2.jpg\" alt=\"image\" \/><\/figure>\n\n\n<h2 class=\"wp-block-heading\"><strong>\u201cHodia\u016d 23 de januaro 2019 en mia kondi\u0109o kiel prezidento de la nacia parlamento, invokante la artikolojn de la konstitucio de la Venezuela Respubliko, respektante miajn kundiputitojn, mi \u0135uras preni formale la nacian ekzekutivon sur min, kaj esti la prezidento de Venezuelo por atingi la \u0109eson de la uzurpado, transiran registaron kaj havi liberajn balotadojn\u201d<\/strong><\/h2>\n\n\n<p>Kelkajn minutojn post lia deklaracio, la \u011denerala secretario de la OEA, Luis Almagro, salutis la decidon de Juan Guaid\u00f3. Kaj poste la usona registaro pere de Donald Trump, agnoskis Guaidon kiel Prezidento provizora de Venezuelo.<\/p>\n\n\n<p>Aliaj landoj kiel Kanado, Brazilo, Peruo, \u0108ilio, Kolombio, Gvatemalo, Argentino, Paragvajo, Ekvadoro, Kostariko, anka\u016d agnoskis lin.<\/p>\n\n\n<p>el <a href=\"https:\/\/cxapelo.tumblr.com\" target=\"_blank\" rel=\"noreferrer noopener\" aria-label=\"https:\/\/cxapelo.tumblr.com (opens in a new tab)\">https:\/\/cxapelo.tumblr.com<\/a><\/p>\n\n\n<p><a href=\"https:\/\/reto.cn\/php\/hanyu\/rigardi-la-mondon-per-esperanto\">\u8fd4\u56de\u672c\u680f\u76ee\u76ee\u5f55 reveni al la listo de tiu \u0109i rubriko<\/a><\/p>\n\t\t","protected":false},"excerpt":{"rendered":"<p>Juan Guaid\u00f3 faris gravajn anoncojn dum la opozicia konc\u2026 <span class=\"read-more\"><a href=\"https:\/\/reto.cn\/php\/hanyu\/rigardi-la-mondon-per-esperanto\/kio-okazis-hodiau-en-venezuelo\/\">\u7ee7\u7eed\u9605\u8bfb Legi pli &raquo;<\/a><\/span><\/p>\n","protected":false},"author":1,"featured_media":0,"parent":4915,"menu_order":0,"comment_status":"open","ping_status":"closed","template":"","meta":{"footnotes":""},"_links":{"self":[{"href":"https:\/\/reto.cn\/php\/hanyu\/wp-json\/wp\/v2\/pages\/4998"}],"collection":[{"href":"https:\/\/reto.cn\/php\/hanyu\/wp-json\/wp\/v2\/pages"}],"about":[{"href":"https:\/\/reto.cn\/php\/hanyu\/wp-json\/wp\/v2\/types\/page"}],"author":[{"embeddable":true,"href":"https:\/\/reto.cn\/php\/hanyu\/wp-json\/wp\/v2\/users\/1"}],"replies":[{"embeddable":true,"href":"https:\/\/reto.cn\/php\/hanyu\/wp-json\/wp\/v2\/comments?post=4998"}],"version-history":[{"count":0,"href":"https:\/\/reto.cn\/php\/hanyu\/wp-json\/wp\/v2\/pages\/4998\/revisions"}],"up":[{"embeddable":true,"href":"https:\/\/reto.cn\/php\/hanyu\/wp-json\/wp\/v2\/pages\/4915"}],"wp:attachment":[{"href":"https:\/\/reto.cn\/php\/hanyu\/wp-json\/wp\/v2\/media?parent=4998"}],"curies":[{"name":"wp","href":"https:\/\/api.w.org\/{rel}","templated":true}]}}