{"id":5003,"date":"2019-01-30T16:16:16","date_gmt":"2019-01-30T08:16:16","guid":{"rendered":"http:\/\/reto.cn\/php\/hanyu\/?page_id=5003"},"modified":"2019-01-30T16:16:16","modified_gmt":"2019-01-30T08:16:16","slug":"filino-de-chavez-estas-la-plej-rica-virino-de-venezuelo","status":"publish","type":"page","link":"https:\/\/reto.cn\/php\/hanyu\/rigardi-la-mondon-per-esperanto\/filino-de-chavez-estas-la-plej-rica-virino-de-venezuelo\/","title":{"rendered":"Filino de Ch\u00e1vez estas la plej ri\u0109a virino de Venezuelo \u67e5\u97e6\u65af\u7684\u5973\u513f\u662f\u59d4\u5185\u745e\u62c9\u6700\u5bcc\u6709\u7684\u5973\u4eba"},"content":{"rendered":"<p>\t\t\t\t<img decoding=\"async\" loading=\"lazy\" class=\"alignnone \" src=\"http:\/\/reto.cn\/rigardi-la-mondon\/bildoj\/venezuelo-3.jpg\" width=\"398\" height=\"232\" \/><br \/>\nMar\u00eda Gabriela Ch\u00e1vez, filino de la mortinta Venezuela prezidento Hugo Ch\u00e1vez; aperas inter la plej ri\u0109aj homoj de Venezuelo.<br \/>\n<strong>4.197.000.000 dolaroj estas \u015dia ri\u0109a\u0135o, kaj \u015di gardas \u011din en bankoj el Andoro kaj Usono.<\/strong><br \/>\nTiu kvanto superas la ri\u0109a\u0135ojn, kiujn la proprietulo de Empresas Polar Lorenzo Mendoza havas, e\u0109 pli ol Venezuela entreprenisto Gustavo Cisneros, kiu posedas kapitalon de 3.600.000.000 dolaroj la\u016d Forbes.<br \/>\nNumtempe, \u015di laboras kiel alterna reprezentanto de Venezuelo en la Unui\u011dintaj Nacioj, en Novjorko.<br \/>\n<img decoding=\"async\" loading=\"lazy\" class=\"alignnone size-medium\" src=\"http:\/\/reto.cn\/rigardi-la-mondon\/bildoj\/venezuelo-4.jpg\" width=\"308\" height=\"169\" \/><br \/>\nEn \u0109i tiu socialista re\u011dimo, la registaro ri\u0109i\u011das dum la popolo \u0109iutage malri\u0109i\u011das.<\/p>\n<h2><strong>Kion Ch\u00e1vez pensis pri tio?<\/strong><\/h2>\n<p><img decoding=\"async\" loading=\"lazy\" class=\"alignnone size-medium\" src=\"http:\/\/reto.cn\/rigardi-la-mondon\/bildoj\/venezuelo-5.jpg\" width=\"303\" height=\"283\" \/><\/p>\n<h2><em>\u201cEsti ri\u0109ulo estas malbona\u201d<\/em><\/h2>\n<p><strong>\u201cJesuo Kristo diris \u011din: estas pli facile por kamelo iri tra trueton de kudrilo, ol por ri\u0109ulo eniri en la regnon de Dio. Mi ne diris ke esti ri\u0109ulo estas malbona, mi prenas frazon de mia sinjoro, de mia Kristo je kiu mi kredas. Mi deziras ke la ri\u0109uloj de Venezueloj metu siajn manojn sur la koron, espereble ili rimarkos ke neeblas vivi kun tiom da ri\u0109eco \u0109irka\u016data de malri\u0109eco\u2026\u201d<\/strong><\/p>\n<h2><strong>Ironie, lia filino estas ri\u0109ulino nun<\/strong><\/h2>\n<p>el <a href=\"https:\/\/cxapelo.tumblr.com\/\" target=\"_blank\" rel=\"noreferrer noopener\">https:\/\/cxapelo.tumblr.com<\/a><br \/>\n<a href=\"https:\/\/reto.cn\/php\/hanyu\/rigardi-la-mondon-per-esperanto\">\u8fd4\u56de\u672c\u680f\u76ee\u76ee\u5f55 reveni al la listo de tiu \u0109i rubriko<\/a><br \/>\n&nbsp;\t\t<\/p>\n","protected":false},"excerpt":{"rendered":"<p>Mar\u00eda Gabriela Ch\u00e1vez, filino de la mortinta Venezuela \u2026 <span class=\"read-more\"><a href=\"https:\/\/reto.cn\/php\/hanyu\/rigardi-la-mondon-per-esperanto\/filino-de-chavez-estas-la-plej-rica-virino-de-venezuelo\/\">\u7ee7\u7eed\u9605\u8bfb Legi pli &raquo;<\/a><\/span><\/p>\n","protected":false},"author":1,"featured_media":0,"parent":4915,"menu_order":0,"comment_status":"closed","ping_status":"closed","template":"","meta":{"footnotes":""},"_links":{"self":[{"href":"https:\/\/reto.cn\/php\/hanyu\/wp-json\/wp\/v2\/pages\/5003"}],"collection":[{"href":"https:\/\/reto.cn\/php\/hanyu\/wp-json\/wp\/v2\/pages"}],"about":[{"href":"https:\/\/reto.cn\/php\/hanyu\/wp-json\/wp\/v2\/types\/page"}],"author":[{"embeddable":true,"href":"https:\/\/reto.cn\/php\/hanyu\/wp-json\/wp\/v2\/users\/1"}],"replies":[{"embeddable":true,"href":"https:\/\/reto.cn\/php\/hanyu\/wp-json\/wp\/v2\/comments?post=5003"}],"version-history":[{"count":0,"href":"https:\/\/reto.cn\/php\/hanyu\/wp-json\/wp\/v2\/pages\/5003\/revisions"}],"up":[{"embeddable":true,"href":"https:\/\/reto.cn\/php\/hanyu\/wp-json\/wp\/v2\/pages\/4915"}],"wp:attachment":[{"href":"https:\/\/reto.cn\/php\/hanyu\/wp-json\/wp\/v2\/media?parent=5003"}],"curies":[{"name":"wp","href":"https:\/\/api.w.org\/{rel}","templated":true}]}}