{"id":5159,"date":"2019-03-17T17:22:06","date_gmt":"2019-03-17T09:22:06","guid":{"rendered":"http:\/\/reto.cn\/php\/hanyu\/?page_id=5159"},"modified":"2022-01-28T11:54:53","modified_gmt":"2022-01-28T03:54:53","slug":"kurso_1","status":"publish","type":"page","link":"https:\/\/reto.cn\/php\/hanyu\/wangchongfang_mezgrada_kurso\/helpilo\/kurso_1\/","title":{"rendered":"\u4e16\u754c\u8bed\u4e2d\u7ea7\u6559\u7a0b\u5b66\u4e60\u8f85\u5bfc \u7b2c\u4e00\u8bfe"},"content":{"rendered":"<p>\u300a\u738b\u5d07\u82b3\u4e16\u754c\u8bed\u5b9e\u7528\u4e2d\u7ea7\u8bfe\u672c\u300b\u5b66\u4e60\u8f85\u5bfc<br \/>\n<strong><b>\u7b2c\u4e00\u8bfe<\/b><\/strong><br \/>\n\u7b2c\u4e00\u8bfe\u8bfe\u6587\u53c2\u8003\u8bd1\u6587<br \/>\n<strong><b>A<\/b><\/strong><br \/>\n<strong><b>\u9539<\/b><\/strong><br \/>\n\uff08\u4e00\u4e2a\u53e4\u8001\u7684\u6cd5\u56fd\u6545\u4e8b\uff09<br \/>\n\u4ece\u524d\u6cd5\u56fd\u6709\u4e00\u4f4d\u56fd\u738b\u627e\u6765\u4e86\u4e09\u540d\u5de5\u4eba\uff0c\u5bf9\u4ed6\u4eec\u8bf4\uff1a<br \/>\n\u201c\u8c01\u6316\u7684\u6c9f\u6700\u957f\uff0c\u6211\u5c06\u7ed9\u8c01\u5956\u8d4f\u3002\u201d<br \/>\n\u524d\u4e24\u540d\u5de5\u4eba\u4e8e\u662f\u5f00\u59cb\u4e89\u8bba\u4ed6\u4eec\u5e94\u8be5\u4f7f\u7528\u4ec0\u4e48\u6837\u7684\u9539\u3002<br \/>\n\u201c\u597d\u7684\u9539\u5e94\u8be5\u662f\u957f\u7684\uff0c\u201d\u4e00\u4e2a\u8bf4\u3002<br \/>\n\u201c\u5b83\u5e94\u8be5\u662f\u5bbd\u7684\uff0c\u201d\u53e6\u4e00\u4e2a\u8bf4\u3002<br \/>\n\u5728\u4ed6\u4eec\u4e89\u8bba\u7684\u65f6\u5019\uff0c\u7b2c\u4e09\u540d\u5de5\u4eba\u7528\u4e00\u628a\u4e0d\u7b97\u597d\u4e5f\u4e0d\u7b97\u574f\u7684\u9539\u6316\u597d\u4e86\u4e00\u9053\u6c9f\uff0c\u83b7\u5f97\u4e86\u5956\u8d4f\u3002<br \/>\n\u4e16\u754c\u8bed\u8005\u4eec\uff0c\u4eb2\u7231\u7684\u6218\u53cb\u4eec\uff0c\u6211\u4eec\u5207\u83ab\u628a\u65f6\u95f4\u6d6a\u8d39\u5728\u95f2\u8c08\u548c\u4e89\u8bba\u4e0a\u3002\u8ba9\u6211\u4eec\u53ea\u7ba1\u6316\u6211\u4eec\u7684\u6c9f\u5427!<br \/>\n\u67f4\u95e8\u970d\u592b\u7684\u4e16\u754c\u8bed\u4e07\u5c81!<br \/>\n\uff08\u9009\u81ea\u300aCart\u6559\u6388\u8a00\u8bba\u96c6\u300b\uff09<br \/>\n<strong><b>B<\/b><\/strong><br \/>\n<strong><b>\u4f1a\u4f11\u606f\u7684\u4eba\u4e5f\u4f1a\u5de5\u4f5c<\/b><\/strong><br \/>\n\u661f\u671f\u65e5\u4e0b\u5348\uff0c\u6211\u548c\u674e\u660e\u5750\u5728\u6211\u5bb6\u7684\u684c\u65c1\u3002\u6211\u4eec\u5728\u5b66\u4e60\u4e16\u754c\u8bed\u3002\u684c\u4e0a\u653e\u7740\u7b14\u8bb0\u672c\u548c\u4e66\u3002\u674e\u660e\u5728\u6717\u8bfb\uff0c\u6211\u628a\u4ed6\u6240\u8bfb\u7684\u53e5\u5b50\u7528\u94c5\u7b14\u8bb0\u4e0b\u3002\u5b66\u4e60\u6301\u7eed\u4e86\u5f88\u957f\u65f6\u95f4\u3002<br \/>\n\u2014\u2014\u6211\u5df2\u7ecf\u7d2f\u4e86\u3002\u6211\u60f3\u4f11\u606f\u4e00\u4e0b\uff0c\u6d88\u9063\u6d88\u9063\u3002\u2014\u2014\u6211\u8bf4\u3002<br \/>\n\u2014\u2014\u597d\u5427\uff0c\u6211\u4eec\u5c31\u4f11\u606f\u5427\u3002\u4f1a\u4f11\u606f\u7684\u4eba\u4e5f\u4f1a\u5de5\u4f5c\u3002\u2014\u2014\u674e\u660e\u6109\u5feb\u5730\u8bf4\u3002<br \/>\n\u2014\u2014\u6211\u6709\u4e00\u9053\u5f88\u6709\u8da3\u7684\u9898\u60f3\u7ed9\u4f60\u505a\u4e00\u505a\u3002\u4f60\u80fd\u505a\u51fa\u6765\u5417\uff1f<br \/>\n\u2014\u2014\u6211\u4e0d\u77e5\u9053\u6211\u80fd\u4e0d\u80fd\u505a\u51fa\u6765\uff0c\u4f46\u6211\u613f\u610f\u8bd5\u4e00\u8bd5\u3002\u2014\u2014\u6211\u56de\u7b54\u8bf4\u3002<br \/>\n\u2014\u2014\u54ea\u513f\u6709\u706b\u67f4\uff1f<br \/>\n\u2014\u2014\u8fd9\u513f\u6709\u3002<br \/>\n\u6211\u7ed9\u4ed6\u4e00\u76d2\u706b\u67f4\uff0c\u4ed6\u4ece\u76d2\u4e2d\u53d6\u51fa\u516d\u6839\u3002\u7136\u540e\u4ed6\u5bf9\u6211\u8bf4\uff1a<br \/>\n\u2014\u2014\u4f60\u80fd\u7528\u516d\u6839\u706b\u67f4\u6446\u51fa\u56db\u4e2a\u4e09\u89d2\u5f62\u6765\u5417\uff1f<br \/>\n\u6211\u7ede\u5c3d\u8111\u6c41\u60f3\u6446\u51fa\u56db\u4e2a\u4e09\u89d2\u5f62\u6765\uff0c\u4f46\u6ca1\u6709\u6210\u529f\u3002\u6211\u627f\u8ba4\u81ea\u5df1\u6446\u4e0d\u51fa\u6765\uff0c\u5c31\u8bf7\u4ed6\u6446\u7ed9\u6211\u770b\u3002<br \/>\n\u4ed6\u9996\u5148\u7528\u4e09\u6839\u706b\u67f4\u6446\u51fa\u4e00\u4e2a\u4e09\u89d2\u5f62\uff0c\u7136\u540e\u6309\u5982\u4e0b\u529e\u6cd5\u628a\u53e6\u5916\u4e09\u6839\u706b\u67f4\u653e\u5728\u8fd9\u4e2a\u4e09\u89d2\u5f62\u4e0a\u3002\uff08\u56fe\u5f62\u7565\uff09<br \/>\n\u2014\u2014\u8fd9\u4e2a\u6446\u6cd5\u591a\u7b80\u5355\u554a\uff01\u5047\u5982\u6211\u518d\u52a8\u4e00\u4f1a\u513f\u8111\u7b4b\uff0c\u6211\u81ea\u5df1\u4e5f\u4f1a\u6446\u51fa\u6765\u7684\u3002\u2014\u2014\u6211\u8bf4\u2014\u2014\u4f60\u80fd\u7ed9\u6211\u518d\u51fa\u4e00\u9053\u9898\u5417\uff1f<br \/>\n\u2014\u2014\u90a3\u5c31\u8bf7\u4f60\u8bbe\u6cd5\u7528\u540c\u6837\u591a\u7684\u706b\u67f4\u6446\u51fa\u4e00\u4e2a\u4e16\u754c\u8bed\u540e\u7f00\u6216\u524d\u7f00\u6765\u5427\u3002<br \/>\n\u6211\u8fc5\u901f\u7528\u516d\u6839\u706b\u67f4\u6446\u51fa\u4e0b\u9762\u8fd9\u4e2a\u540e\u7f00ET\uff0c\u4e8e\u662f\u6211\u5f97\u5230\u4e86\u674e\u660e\u7684\u79f0\u8d5e\u3002\u540e\u6765\u6211\u4eec\u53c8\u5f00\u59cb\u5b66\u4e60\uff0c\u4e00\u76f4\u5b66\u5230\u5929\u9ed1\u3002<br \/>\n\u5e7d\u9ed8<br \/>\n1<br \/>\n\u5f7c\u5f97\u5728\u7ed9\u7956\u6bcd\u5199\u4fe1\u3002\u4ed6\u5f00\u59cb\u5199\u9053\uff1a\u201c\u4eb2\u7231\u7684\u5976\u5976\uff0c\u6211\u7ed9\u60a8\u5199\u5f97\u5f88\u6162\uff0c\u56e0\u4e3a\u6211\u77e5\u9053\u60a8\u4e0d\u80fd\u8bfb\u5f97\u5f88\u5feb\u2026\u2026\u201d<br \/>\n2<br \/>\n\u6709\u4e00\u4e2a\u4eba\u7ed9\u670b\u53cb\u5199\u4fe1\u8bf4\uff1a\u201c\u6211\u5728\u7ed9\u4f60\u5bc4\u4e00\u4ef6\u4e0a\u8863\uff0c\u4f60\u4f1a\u5728\u5b83\u7684\u5de6\u8fb9\u53e3\u888b\u91cc\u627e\u5230\u8fd9\u5c01\u4fe1\u3002\u201d<\/p>\n<h5>\u7ec3\u4e60\u53c2\u8003\u7b54\u6848<\/h5>\n<ol>\n<li>\u6717\u8bfb\u4e0b\u5217\u5355\u8bcd\uff0c\u6ce8\u610f\u5355\u8bcd\u91cd\u97f3\uff1a\uff08\u7b54\u6848\u7565\uff09<\/li>\n<li>\u8bf4\u51fa\u4e0b\u5217\u77ed\u6587\u4e2d\u5212\u7ebf\u5404\u8bcd\u7684\u8bcd\u7c7b\uff1a<\/li>\n<\/ol>\n<p>en \uff08\u4ecb\u8bcd\uff09\uff0c iu \uff08\u4ee3\u8bcd\uff09\uff0c mi \uff08\u4ee3\u8bcd\uff09\uff0c pro \uff08\u4ecb\u8bcd\uff09\uff0c tion \uff08\u4ee3\u8bcd\uff0c\u5bbe\u683c\uff09\uff0c tiam \uff08\u526f\u8bcd\uff09\uff0c alia \uff08\u5f62\u5bb9\u8bcd\uff09\uff0c mi \uff08\u4ee3\u8bcd\uff09\uff0c pro \uff08\u4ecb\u8bcd\uff09\uff0c ne \uff08\u526f\u8bcd\uff09\uff0c kion \uff08\u4ee3\u8bcd\uff0c\u5bbe\u683c\uff09\uff0c iu \uff08\u4ee3\u8bcd\uff09\uff0c en \uff08\u4ecb\u8bcd\uff09\uff0c \u011din \uff08\u4ee3\u8bcd\uff0c\u5bbe\u683c\uff09\uff0c kaj \uff08\u8fde\u8bcd\uff09\uff0c unu \uff08\u4ee3\u8bcd\uff09\uff0c \u011din \uff08\u4ee3\u8bcd\uff0c\u5bbe\u683c\uff09\uff0c kaj \uff08\u8fde\u8bcd\uff09\uff0c alia \uff08\u5f62\u5bb9\u8bcd\uff09\uff0c tiam \uff08\u526f\u8bcd\uff09\uff0c ni\uff08\u4ee3\u8bcd\uff09<br \/>\nIII. \u4eff\u7167\u4f8b\u53e5\u7528kiu\u6216kio\u586b\u5145\uff1a<\/p>\n<ol>\n<li>Kio \u00a02. Kio \u00a03. Kiuj \u00a04. Kio \u00a05. Kiun \u00a06. Kion \u00a07. Kiun \u00a08. Kiuj \u00a09. Kiu<\/li>\n<li>\u4eff\u7167\u4f8b\u9898\u6539\u5199\u4e0b\u5217\u53e5\u5b50\uff1a<\/li>\n<li>La libro, pri kiu vi parolis, estas interesa.<\/li>\n<li>La floro, kiun mi a\u0109etis, estas belega.<\/li>\n<li>La homo, kiu staras \u0109e la fenestro, estas alta.<\/li>\n<li>La eraro, kiun mia frato faris, instruas min.<\/li>\n<li>Mi atente a\u016dskultas la fabelojn, kiujn mia onklo ofte rakontas al mi.<\/li>\n<li>\u5c06\u4e0b\u5217\u53e5\u5b50\u8bd1\u6210\u6c49\u8bed\u5e76\u6ce8\u610fkiu\u7684\u7528\u6cd5\uff1a<\/li>\n<\/ol>\n<p>A<\/p>\n<ol>\n<li>\u90a3\u4ef6\u4e8b\u662f\u54ea\u4e2a\u5b66\u751f\u505a\u7684\uff1f<\/li>\n<li>\u4f60\u8c08\u7684\u662f\u54ea\u4e00\u672c\u4e66\uff1f<\/li>\n<li>\u6211\u4e0d\u77e5\u9053\u90a3\u4ef6\u4e8b\u662f\u8c01\u505a\u7684\u3002<\/li>\n<li>\u8bf7\u544a\u8bc9\u6211\u4f60\u8bfb\u8fc7\u54ea\u4e9b\u4e66\u3002<\/li>\n<li>\u4f60\u77e5\u9053\u4e0d\u77e5\u9053\u4ed6\u4f4f\u5728\u54ea\u4e2a\u623f\u95f4\u91cc\uff1f<\/li>\n<\/ol>\n<p>B<\/p>\n<ol>\n<li>\u6211\u521a\u624d\u770b\u89c1\u4e86\u6628\u5929\u548c\u4f60\u5728\u4e00\u8d77\u7684\u90a3\u4f4d\u5148\u751f\u3002<\/li>\n<li>\u4ed6\u4f4f\u5728\u82b1\u56ed\u65c1\u8fb9\u7684\u90a3\u6240\u623f\u5b50\u91cc\u3002<\/li>\n<li>\u623f\u95f4\u91cc\u6709\u4e00\u5f20\u684c\u5b50\u3001\u4e09\u628a\u6905\u5b50\uff0c\u5b83\u4eec\u90fd\u662f\u574f\u7684\u3002<\/li>\n<li>\u8fd9\u5b69\u5b50\u5c31\u662f\u6628\u5929\u548c\u4ed6\u7684\u51e0\u4e2a\uff08\u5e74\u5e7c\u7684\uff09\u513f\u5b50\u5728\u4e00\u8d77\u6e38\u620f\u7684\u90a3\u4e2a\u5c0f\u7537\u5b69\u5417\uff1f\uff08fileto\u6307\u5e74\u9f84\u5f88\u5c0f\u7684\u513f\u5b50\uff0c\u4e0d\u80fd\u8bd1\u6210\u201c\u5c0f\u513f\u5b50\u201d\uff0c\u56e0\u4e3a\u5728\u6c49\u8bed\u4e2d\u201c\u5c0f\u513f\u5b50\u201d\u6307\u6392\u884c\u6700\u5c0f\u7684\u513f\u5b50\u3002\uff09<\/li>\n<li>\u4ed6\u5750\u9760\u7a97\u7684\u90a3\u628a\u6905\u5b50\u4e0a\u3002<\/li>\n<li>\u90a3\u4e2a\u52e4\u594b\u7684\u5b66\u751f\u4e16\u754c\u8bed\u5b66\u5f97\u5f88\u597d\u3002<\/li>\n<\/ol>\n<p>C<\/p>\n<ol>\n<li>\u4ed6\u5728\u90a3\u91cc\u548c\u6628\u5929\u4ece\u5317\u4eac\u6765\u7684\u90a3\u4e2a\u4eba\u4e00\u8d77\u6563\u6b65\u3002<\/li>\n<li>\u53ea\u987e\u95f2\u8c08\u800c\u4ec0\u4e48\u4e5f\u4e0d\u5e72\u7684\u4eba\u662f\u4e0d\u597d\u7684\u3002<\/li>\n<li>\u6700\u540e\u7b11\u7684\u4eba\u7b11\u5f97\u6700\u597d\u3002\uff08\u8c1a\u8bed\uff09<\/li>\n<li>\u53ea\u6709\u4ece\u6765\u4e0d\u505a\u4e8b\u7684\u4eba\u624d\u4e0d\u72af\u9519\u8bef\u3002\uff08\u8c1a\u8bed\uff09<\/li>\n<\/ol>\n<p>\u0108<\/p>\n<ol>\n<li>\u4e0d\u52b3\u52a8\u8005\u4e0d\u5f97\u98df\u3002<\/li>\n<li>\u8bdd\u8bb2\u5f97\u591a\u7684\u4eba\u4e8b\u60c5\u505a\u5f97\u5c11\u3002\uff08\u8c1a\u8bed\uff09<\/li>\n<li>\u7761\u7720\u65f6\u95f4\u957f\u7684\u4eba\uff0c\u751f\u547d\u77ed\u4fc3\u3002\uff08\u8c1a\u8bed\uff09<\/li>\n<li>\u884c\u4e3a\u6b63\u6d3e\u7684\u4eba\u4e0d\u9700\u8981\u5bb3\u6015\u3002\uff08\u8c1a\u8bed\uff09<\/li>\n<li>\u4e3a\u5927\u5bb6\u5de5\u4f5c\u7684\u4eba\u4e0d\u8bb0\u6302\u81ea\u5df1\u3002\uff08\u8c1a\u8bed\uff09<\/li>\n<li>\u5c06\u4e0b\u5217\u53e5\u5b50\u8bd1\u6210\u6c49\u8bed\u5e76\u6ce8\u610fkio\u7684\u7528\u6cd5\uff1a<\/li>\n<\/ol>\n<p>A<\/p>\n<ol>\n<li>\u6211\u95ee\u4ed6\u662f\u5e72\u4ec0\u4e48\u5de5\u4f5c\u7684\uff1f<\/li>\n<li>\u8001\u5e08\u95ee\u5b66\u751f\u684c\u4e0a\u653e\u7740\u4ec0\u4e48\u4e1c\u897f\u3002<\/li>\n<li>\u8bf7\u544a\u8bc9\u6211\uff0c\u4f60\u600e\u4e48\u5566\uff1f<\/li>\n<li>\u4f60\u662f\u4e0d\u662f\u77e5\u9053\u4ec0\u4e48\u4e1c\u897f\u5728\u90a3\u91cc\u71c3\u70e7\uff1f<\/li>\n<li>\u6211\u4e0d\u77e5\u9053\u4f60\u60f3\u8981\u4ec0\u4e48\u3002<\/li>\n<li>\u5979\u60f3\u8981\u77e5\u9053\u4ed6\u521a\u624d\u8c08\u7684\u662f\u4ec0\u4e48\u3002<\/li>\n<\/ol>\n<p>B<\/p>\n<ol>\n<li>\u6211\u5728\u5b66\u4e60\u4f60\u6240\u6559\u7684\u4e1c\u897f\u3002<\/li>\n<li>\u4f60\u77e5\u9053\u4eca\u5929\u65e9\u6668\u53d1\u751f\u7684\u4e8b\u60c5\u5417\uff1f<\/li>\n<li>\u4f60\u60f3\u8981\u7684\u4e1c\u897f\u4e70\u6765\u4e86\u6ca1\u6709\uff1f<\/li>\n<li>\u6211\u8981\u5f88\u597d\u5730\u4e86\u89e3\u4ed6\u6240\u8bb2\u7684\u4e8b\u60c5\u3002<\/li>\n<li>\u8bf7\u8d2d\u4e70\u4f60\u9700\u8981\u7684\u4e1c\u897f\u3002<\/li>\n<li>\u8fd9\u672c\u5c0f\u4e66\u91cc\u6709\u6211\u5728\u4e00\u672c\u6742\u5fd7\u4e0a\u8bfb\u5230\u8fc7\u7684\u4e1c\u897f\u3002<\/li>\n<\/ol>\n<p>C<\/p>\n<ol>\n<li>\u6709\u59cb\u5fc5\u6709\u7ec8\u3002\uff08\u8c1a\u8bed\uff09<\/li>\n<li>\u6709\u5fd7\u8005\uff0c\u4e8b\u7adf\u6210\u3002\uff08\u8c1a\u8bed\uff09<\/li>\n<li>\u6ca1\u6709\u4e22\u5931\u7684\u4e1c\u897f\uff0c\u522b\u53bb\u5bfb\u627e\u3002\uff08\u8c1a\u8bed\uff09<\/li>\n<li>\u8fc7\u53bb\u4e86\u7684\u4e8b\u60c5\u4e0d\u4f1a\u518d\u6765\u3002\uff08\u8c1a\u8bed\uff09<\/li>\n<li>\u5b66\u4f1a\u4e86\u7684\u4e1c\u897f\u4e0d\u4f1a\u4e22\u5931\u3002\uff08\u8c1a\u8bed\uff09<\/li>\n<li>\u5bf9\u4f60\u6709\u7528\u7684\u4e1c\u897f\uff0c\u5bf9\u6211\u4e5f\u6709\u7528\u3002<\/li>\n<\/ol>\n<p>VII. \u5c06\u4e0b\u5217\u53e5\u5b50\u8bd1\u6210\u4e16\u754c\u8bed\uff1a<\/p>\n<ol>\n<li>Ni donos premion al tiu, kiu lernos plej diligente.<\/li>\n<li>Dum ili babilis, mi legis la libron, kiun mi a\u0109etis hiera\u016d.<\/li>\n<li>Ne perdu vian tempon, farante nenion dum la tuta tago.<\/li>\n<li>Li faris du triangulojn el kvin alumetoj.<\/li>\n<li>Skribinte la leteron, mi \u011din (for) sendis.<\/li>\n<li>\u0108u vi povas solvi la problemon, kiun mi \u0135us metis al vi?<\/li>\n<li>La kamarado, kiu estis kun ni hiera\u016d, lo\u011das en tiu \u0109ambro.<\/li>\n<li>La amiko, kiun mi vizitos, estas esperantisto.<\/li>\n<li>Li legas la gazeton, kiun vi donis al li hiera\u016d.<\/li>\n<li>\u0108u vi vidas tiun, kiu sidas \u0109e la tablo?<\/li>\n<\/ol>\n<p>\u8fd4\u56de<a href=\"https:\/\/reto.cn\/php\/hanyu\/wangchongfang_mezgrada_kurso\/helpilo\/\">\u300a\u738b\u5d07\u82b3\u4e16\u754c\u8bed\u5b9e\u7528\u4e2d\u7ea7\u8bfe\u672c\u300b\u5b66\u4e60\u8f85\u5bfc\u76ee\u5f55<\/a><\/p>\n","protected":false},"excerpt":{"rendered":"<p>\u300a\u738b\u5d07\u82b3\u4e16\u754c\u8bed\u5b9e\u7528\u4e2d\u7ea7\u8bfe\u672c\u300b\u5b66\u4e60\u8f85\u5bfc \u7b2c\u4e00\u8bfe \u7b2c\u4e00\u8bfe\u8bfe\u6587\u53c2\u8003\u8bd1\u6587 A \u9539 \uff08\u4e00\u4e2a\u53e4\u8001\u7684\u6cd5\u56fd\u6545\u4e8b\uff09 \u4ece\u524d\u6cd5\u56fd\u6709\u4e00\u2026 <span class=\"read-more\"><a href=\"https:\/\/reto.cn\/php\/hanyu\/wangchongfang_mezgrada_kurso\/helpilo\/kurso_1\/\">\u7ee7\u7eed\u9605\u8bfb Legi pli &raquo;<\/a><\/span><\/p>\n","protected":false},"author":1,"featured_media":0,"parent":5162,"menu_order":3,"comment_status":"open","ping_status":"closed","template":"","meta":{"footnotes":""},"_links":{"self":[{"href":"https:\/\/reto.cn\/php\/hanyu\/wp-json\/wp\/v2\/pages\/5159"}],"collection":[{"href":"https:\/\/reto.cn\/php\/hanyu\/wp-json\/wp\/v2\/pages"}],"about":[{"href":"https:\/\/reto.cn\/php\/hanyu\/wp-json\/wp\/v2\/types\/page"}],"author":[{"embeddable":true,"href":"https:\/\/reto.cn\/php\/hanyu\/wp-json\/wp\/v2\/users\/1"}],"replies":[{"embeddable":true,"href":"https:\/\/reto.cn\/php\/hanyu\/wp-json\/wp\/v2\/comments?post=5159"}],"version-history":[{"count":0,"href":"https:\/\/reto.cn\/php\/hanyu\/wp-json\/wp\/v2\/pages\/5159\/revisions"}],"up":[{"embeddable":true,"href":"https:\/\/reto.cn\/php\/hanyu\/wp-json\/wp\/v2\/pages\/5162"}],"wp:attachment":[{"href":"https:\/\/reto.cn\/php\/hanyu\/wp-json\/wp\/v2\/media?parent=5159"}],"curies":[{"name":"wp","href":"https:\/\/api.w.org\/{rel}","templated":true}]}}