{"id":5199,"date":"2019-03-21T01:47:56","date_gmt":"2019-03-20T17:47:56","guid":{"rendered":"http:\/\/reto.cn\/php\/hanyu\/?page_id=5199"},"modified":"2019-03-21T01:47:56","modified_gmt":"2019-03-20T17:47:56","slug":"kurso_2","status":"publish","type":"page","link":"https:\/\/reto.cn\/php\/hanyu\/wangchongfang_mezgrada_kurso\/helpilo\/kurso_2\/","title":{"rendered":"\u4e16\u754c\u8bed\u4e2d\u7ea7\u6559\u7a0b\u5b66\u4e60\u8f85\u5bfc \u7b2c\u4e8c\u8bfe"},"content":{"rendered":"<h5>\u7b2c\u4e8c\u8bfe\u8bfe\u6587\u53c2\u8003\u8bd1\u6587<\/h5>\n<p><strong><b>A<\/b><\/strong><br \/>\n<strong><b>\u6570\u548c\u8ba1\u7b97<\/b><\/strong><br \/>\n&nbsp;<br \/>\n\u8ba9\u6211\u4eec\u8bfb\u51fa\uff1a\uff08\u6570\u5b57\u7565\uff09<br \/>\n\u201c\u4e00\u201d\u3001\u201c\u4e8c\u201d\u3001\u201c\u4e09\u201d\u7b49\u6570\u91cf\u5c31\u662f\u6570\uff0c\u6570\u7684\u4e66\u5199\u7b26\u53f7\u662f\u6570\u5b57\uff0c\u4f8b\u59821\uff0c2\uff0c3\u548c I\uff0cII\uff0cIII\u3002<br \/>\n\u6559\u5e08\uff1a\u540c\u5fd7\u4eec\uff0c\u6211\u4eec\u73b0\u5728\u5f00\u59cb\u4e0a\u8bfe\u3002\u5148\u542c\u6211\u8bb2\uff0c\u7136\u540e\u56de\u7b54\u6211\u7684\u95ee\u9898\u3002\u90fd\u51c6\u5907\u597d\u4e86\u5417\uff1f<br \/>\n\u5b66\u751f\uff1a\u51c6\u5907\u597d\u4e86\u3002<br \/>\n\u6559\u5e08\uff1aA\u540c\u5fd7\uff0c\u4f60\u6709\u51e0\u53ea\u624b\uff1f<br \/>\n\u5b66\u751fA\uff1a\u6211\u6709\u4e24\u53ea\u624b\u3002<br \/>\n\u6559\u5e08\uff1a\u8bf7\u6570\u4e00\u6570\u4f60\u7684\u624b\u6307\uff0c\u7136\u540e\u544a\u8bc9\u6211\uff0c\u4f60\u6709\u591a\u5c11\u624b\u6307\u3002<br \/>\n\u5b66\u751fA\uff1a\u6211\u5728\u6570\u624b\u6307\uff1a\u4e00\u3001\u4e8c\u3001\u4e09\u2026\u5341\u3002\u6211\u6709\u5341\u4e2a\u624b\u6307\u3002<br \/>\n\u6559\u5e08\uff1a\u5f88\u597d\u3002\u8bf7\u518d\u4ece\u5341\u6570\u5230\u4e8c\u5341\u3002<br \/>\n\u5b66\u751fA\uff1a\u6211\u5728\u6570\u5341\u4e00\u3001\u5341\u4e8c\u3001\u2026\u5341\u4e5d\u3001\u4e8c\u5341\u3002<br \/>\n\u6559\u5e08\uff1a\u4f60\u77e5\u9053\u6211\u4eec\u6559\u5ba4\u91cc\u6709\u591a\u5c11\u5b66\u751f\u5417\uff1f<br \/>\n\u5b66\u751fA\uff1a\u6211\u77e5\u9053\u3002\u6559\u5ba4\u91cc\u6709\u4e94\u5341\u4e03\u4f4d\u5b66\u751f\u3002<br \/>\n\u6559\u5e08\uff1aB\u540c\u5fd7\uff0c\u8bf7\u7b97\u4e00\u4e0b\uff1a\u4e8c\u5341\u52a0\u4e5d\u7b49\u4e8e\u591a\u5c11\uff1f<br \/>\n\u5b66\u751fB\uff1a\u4e8c\u5341\u52a0\u4e5d\u7b49\u4e8e\u4e8c\u5341\u4e5d\u3002<br \/>\n\u6559\u5e08\uff1a\u4e03\u5341\u51cf\u4e00\u7b49\u4e8e\u591a\u5c11\uff1f<br \/>\n\u5b66\u751fB\uff1a\u4e03\u5341\u51cf\u4e00\u7b49\u4e8e\u516d\u5341\u4e5d\u3002<br \/>\n\u6559\u5e08\uff1a\u8fd9\u662f\u4ec0\u4e48\u8fd0\u7b97\u65b9\u6cd5\uff1f<br \/>\n\u5b66\u751fB\uff1a\u8fd9\u662f\u51cf\u6cd5\u3002<br \/>\n\u6559\u5e08\uff1aC\u540c\u5fd7\uff0c\u4e00\u767e\u52a0\u4e5d\u767e\u7b49\u4e8e\u591a\u5c11\uff1f<br \/>\n\u5b66\u751fC\uff1a\u4e00\u767e\u52a0\u4e5d\u767e\u7b49\u4e8e\u4e00\u5343\u3002<br \/>\n\u6559\u5e08\uff1a\u5341\u4e07\u51cf\u4e00\u4e07\u7b49\u4e8e\u591a\u5c11\uff1f<br \/>\n\u5b66\u751fC\uff1a\u5341\u4e07\u51cf\u4e00\u4e07\u7b49\u4e8e\u4e5d\u4e07\u3002<br \/>\n\u6559\u5e08\uff1a\u4e94\u5341\u4e07\u52a0\u4e94\u5341\u4e07\u7b49\u4e8e\u591a\u5c11\uff1f<br \/>\n\u5b66\u751f\uff1a\u7b49\u4e8e\u4e00\u767e\u4e07\u3002<br \/>\n\u6559\u5e08\uff1a\u0108\u540c\u5fd7\uff0c\u4e09\u4e58\u4ee5\u4e8c\uff08\u6216\u4e8c\u4e58\u4e09\uff09\u7b49\u4e8e\u591a\u5c11\uff1f<br \/>\n\u5b66\u751f\u0108\uff1a\u4e09\u4e58\u4ee5\u4e8c\uff08\u6216\u4e8c\u4e58\u4e09\uff09\u7b49\u4e8e\u516d\u3002<br \/>\n\u6559\u5e08\uff1a\u4e8c\u5341\u4e58\u4ee5\u4e03\uff08\u6216\u4e03\u4e58\u4e8c\u5341\uff09\u7b49\u4e8e\u591a\u5c11\uff1f<br \/>\n\u5b66\u751f\u0108\uff1a\u4e8c\u5341\u4e58\u4ee5\u4e03\uff08\u6216\u4e03\u4e58\u4e8c\u5341\uff09\u7b49\u4e8e\u4e00\u767e\u56db\u5341\u3002<br \/>\n\u6559\u5e08\uff1a\u8fd9\u662f\u4ec0\u4e48\u8fd0\u7b97\u65b9\u6cd5\uff1f<br \/>\n\u5b66\u751f\u0108\uff1a\u8fd9\u662f\u4e58\u6cd5\u3002<br \/>\n\u6559\u5e08\uff1aD\u540c\u5fd7\uff0c\u5341\u9664\u4ee5\u4e8c\uff08\u6216\u4e8c\u9664\u5341\uff09\u7b49\u4e8e\u591a\u5c11\uff1f\u8fd9\u662f\u4ec0\u4e48\u8fd0\u7b97\u65b9\u6cd5\uff1f<br \/>\n\u5b66\u751fD\uff1a\u5341\u9664\u4ee5\u4e8c\uff08\u6216\u4e8c\u9664\u5341\uff09\u7b49\u4e8e\u4e94\u3002\u8fd9\u662f\u9664\u6cd5\u3002<br \/>\n\u6559\u5e08\uff1a\u4e94\u5206\u4e4b\u4e8c\u52a0\u4e94\u5206\u4e4b\u4e00\u7b49\u4e8e\u591a\u5c11\uff1f<br \/>\n\u5b66\u751fD\uff1a\u4e94\u5206\u4e4b\u4e8c\u52a0\u4e94\u5206\u4e4b\u4e00\u7b49\u4e8e\u4e94\u5206\u4e4b\u4e09\u3002<br \/>\n\u6559\u5e08\uff1a\u8bf7\u770b\u9ed1\u677f\uff0c\u8bfb\u51fa1983\u8fd9\u4e2a\u6570\u3002<br \/>\n\u5b66\u751fD\uff1a\u6211\u5728\u8bfb\u4e00\u5343\u4e5d\u767e\u516b\u5341\u4e09\u3002<br \/>\n\u6559\u5e08\uff1a\u4e0b\u8bfe\u7684\u65f6\u95f4\u5df2\u7ecf\u5230\u4e86\u3002\u540c\u5fd7\u4eec\uff0c\u518d\u89c1\uff01<br \/>\n\u5b66\u751f\uff1a\u8001\u5e08\uff0c\u518d\u89c1\u3002<br \/>\n&nbsp;<br \/>\n<strong><b>B<\/b><\/strong><br \/>\n<strong><b>\u8d2d\u7269<\/b><\/strong><br \/>\n&nbsp;<br \/>\n1<br \/>\n\u51fa\u552e\u7269\u54c1\u7684\u573a\u6240\u662f\u5546\u5e97\u3002\u201cbutiko\u201d\u662f\u5c0f\u5546\u5e97\uff0c\u201cmagazeno\u201d\u662f\u5927\u5546\u5e97\u3002\u201c\u0109iovendejo\u201d\u662f\u4e00\u79cd\u51e0\u4e4e\u53ef\u4ee5\u5728\u91cc\u9762\u4e70\u5230\u4e00\u5207\u7269\u54c1\u7684\u5927\u5546\u5e97\u3002<br \/>\n2<br \/>\n\u9648\u660e\u8981\u4e70\u4e00\u4ef6\u65b0\u4e0a\u8863\uff0c\u6797\u6d77\u8981\u4e70\u4e00\u53cc\u978b\u3002\u6628\u5929\u4e0a\u5348\u4ed6\u4eec\u8d70\u8fdb\u4e00\u5bb6\u65b0\u7684\u767e\u8d27\u5546\u5e97\u3002<br \/>\n\u5728\u767e\u8d27\u5546\u5e97\u91cc\u8425\u4e1a\u5458\u5e2e\u52a9\u9648\u660e\u786e\u5b9a\u597d\u9002\u5408\u7684\u4e0a\u8863\u5c3a\u5bf8\u53f7\u7801\uff0c\u7136\u540e\u4ed6\u8bd5\u7a7f\u4e86\u51e0\u4ef6\u4e0a\u8863\u3002\u4ed6\u89c9\u5f97\u90a3\u4ef6\u7070\u8272\u7684\u5f88\u5408\u8eab\uff0c\u4fbf\u7acb\u523b\u51b3\u5b9a\u4e70\u4e0b\u3002\u6797\u6d77\u7ed9\u81ea\u5df1\u9009\u4e86\u4e00\u53cc\u9ed1\u8272\u7684\u978b\u3002\u867d\u7136\u4ed6\u5e76\u4e0d\u5341\u5206\u559c\u6b22\u90a3\u53cc\u978b\uff0c\u4f46\u4ed6\u8fd8\u662f\u4e70\u4e0b\u4e86\uff0c\u56e0\u4e3a\u90a3\u53cc\u978b\u4e0d\u8d35\u3002\u4ed6\u4eec\u5728\u6536\u6b3e\u5904\u4ed8\u6b3e\u540e\uff0c\u4fbf\u628a\u4e70\u597d\u7684\u4e1c\u897f\u62ff\u56de\u5bb6\uff0c\u4e24\u4eba\u90fd\u5f88\u6ee1\u610f\u3002<br \/>\n3<br \/>\n\u552e\u8d27\u5458\uff1a\u60a8\u597d\u3002\u60a8\u8981\u4e70\u4ec0\u4e48\uff1f<br \/>\n\u987e\u5ba2\uff1a\u4e00\u516c\u65a4\u534a\u82f9\u679c\u3002<br \/>\n\u552e\u8d27\u5458\uff1a\u60a8\u8fd8\u8981\u4e70\u522b\u7684\u5417\uff1f\u521a\u5230\u4e86\u4e00\u6279\u5f88\u597d\u7684\u68a8\u3002\u6211\u5efa\u8bae\u60a8\u4e70\u4e00\u4e9b\u56de\u53bb\u3002<br \/>\n\u987e\u5ba2\uff1a\u90a3\u5c31\u4e5f\u7ed9\u6211\u79f0\u4e00\u516c\u65a4\u68a8\u5427\u3002\u603b\u5171\u591a\u5c11\u94b1\uff1f<br \/>\n\u552e\u8d27\u5458\uff1a\u4e24\u5143\u516d\u89d2\u3002<br \/>\n\u987e\u5ba2\uff1a\u7ed9\u4f60\u94b1\u3002<br \/>\n\u552e\u8d27\u5458\uff1a\u8bf7\u7b49\u4e00\u7b49\u3002\u6211\u7ed9\u60a8\u628a\u5b83\u4eec\u5305\u597d\u3002<br \/>\n\u987e\u5ba2\uff1a\u8c22\u8c22\u4f60\u670d\u52a1\u8fd9\u4e48\u5468\u5230\u3002<br \/>\n\u552e\u8d27\u5458\uff1a\u4e0d\u7528\u5ba2\u6c14\u3002\u518d\u89c1\u3002<br \/>\n\u987e\u5ba2\uff1a\u518d\u89c1\u3002<br \/>\n4<br \/>\n\u552e\u8d27\u5458\uff1a\u60a8\u597d\uff0c\u5148\u751f\u3002\u60a8\u8981\u4e70\u4ec0\u4e48\uff1f<br \/>\n\u987e\u5ba2\uff1a\u8bf7\u7ed9\u6211\u4e00\u76d2\u9999\u70df\u3002<br \/>\n\u552e\u8d27\u5458\uff1a\u60a8\u559c\u6b22\u54ea\u4e00\u79cd\uff0c\u70df\u53f6\u545b\u7684\u8fd8\u662f\u5e73\u548c\u7684\uff1f<br \/>\n\u987e\u5ba2\uff1a\u6211\u8981\u5e73\u548c\u7684\u3002<br \/>\n\u552e\u8d27\u5458\uff1a\u5148\u751f\uff0c\u60a8\u8981\u4e0d\u8981\u4e70\u4e00\u4e2a\u70df\u5634\u6216\u70df\u6597\u3002<br \/>\n\u987e\u5ba2\uff1a\u4e0d\uff0c\u8c22\u8c22\u3002\u6211\u5df2\u7ecf\u6709\u4e86\u70df\u5634\uff0c\u6211\u4e0d\u62bd\u70df\u6597\u3002<br \/>\n\u552e\u8d27\u5458\uff1a\u60a8\u8981\u70df\u76d2\u5417\uff1f<br \/>\n\u987e\u5ba2\uff1a\u8981\u7684\u3002\u8bf7\u62ff\u4e00\u4e2a\u7ed9\u6211\u770b\u770b\u3002<br \/>\n\u552e\u8d27\u5458\uff1a\u60a8\u559c\u6b22\u4ec0\u4e48\u989c\u8272\u7684\uff0c\u9ec4\u8272\u7684\u8fd8\u662f\u8910\u8272\u7684\uff1f<br \/>\n\u987e\u5ba2\uff1a\u6211\u559c\u6b22\u8910\u8272\u7684\uff0c\u800c\u4e0d\u5927\u559c\u6b22\u9ec4\u8272\u7684\u3002\u591a\u5c11\u94b1\u4e00\u4e2a\uff1f<br \/>\n\u552e\u8d27\u5458\uff1a\u4e00\u5143\u4e09\u89d2\uff0c\u5148\u751f\u3002\u8fd9\u4e2a\u4ef7\u683c\u5b9e\u5728\u4fbf\u5b9c\u3002<br \/>\n\u987e\u5ba2\uff1a\u55ec\uff0c\u53ea\u82b1\u4e00\u5143\u4e09\u89d2\u5c31\u80fd\u4e70\u8fd9\u4e48\u597d\u7684\u70df\u76d2\u5417\uff1f\u597d\uff0c\u6211\u628a\u5b83\u4e70\u4e0b\u3002\u603b\u5171\u591a\u5c11\u94b1\uff1f<br \/>\n\u552e\u8d27\u5458\uff1a\u4e24\u5143\u56db\u89d2\uff0c\u5148\u751f\u3002<br \/>\n\u987e\u5ba2\uff1a\uff08\u4ea4\u7ed9\u552e\u8d27\u5458\u4e00\u5f20\u4e94\u5143\u7684\u949e\u7968\uff09<br \/>\n\u552e\u8d27\u5458\uff1a\u8c22\u8c22\u3002\u8fd9\u662f\u627e\u7684\u94b1\u2014\u2014\u4e24\u5143\u516d\u89d2\u3002<br \/>\n\u987e\u5ba2\uff1a\u518d\u89c1\u3002<br \/>\n\u552e\u8d27\u5458\uff1a\u518d\u89c1\u3002<br \/>\n5<br \/>\n\u4e00\u4e2a\u5b66\u751f\u8d70\u8fdb\u767e\u8d27\u5546\u5e97\u3002<br \/>\n\u2014\u2014\u4e00\u516c\u65a4\u9762\u5305\u8981\u591a\u5c11\u94b1\uff1f\u2014\u2014\u4ed6\u95ee\u3002<br \/>\n\u2014\u2014\u56db\u6cd5\u90ce\u3002\u2014\u2014\u552e\u8d27\u5458\u56de\u7b54\u3002<br \/>\n\u2014\u2014\u4e00\u7c73\u5e03\u6599\u5462\uff1f<br \/>\n\u2014\u2014\u5341\u4e8c\u6cd5\u90ce\u3002<br \/>\n\u2014\u2014\u4e24\u516c\u65a4\u9762\u5305\u548c\u4e24\u7c73\u5e03\u6599\u8981\u591a\u5c11\u94b1\uff1f<br \/>\n\u2014\u2014\u4e09\u5341\u4e8c\u6cd5\u90ce\u3002<br \/>\n\u2014\u2014\u5982\u679c\u6211\u7ed9\u4f60\u56db\u5341\u6cd5\u90ce\uff0c\u4f60\u5e94\u8be5\u627e\u7ed9\u6211\u591a\u5c11\u94b1\uff1f<br \/>\n\u2014\u2014\u516b\u6cd5\u90ce\u3002<br \/>\n\u2014\u2014\u8c22\u8c22\u3002\u8bf7\u628a\u8fd9\u4e9b\u5199\u8fdb\u8fd9\u672c\u7ec3\u4e60\u8584\u4e2d\uff01<br \/>\n\u552e\u8d27\u5458\u628a\u90a3\u4e9b\u5168\u90e8\u5199\u8fdb\u7ec3\u4e60\u8584\u4e2d\u3002<br \/>\n\u2014\u2014\u7ed9\u4f60\u7ec3\u4e60\u8584\u3002\u53ef\u662f\u4f60\u4e3a\u4ec0\u4e48\u8981\u6211\u5199\u8fd9\u4e9b\u6570\u5b57\u5462\uff1f<br \/>\n\u2014\u2014\u56e0\u4e3a\u8fd9\u662f\u6211\u7684\u5bb6\u5ead\u4f5c\u4e1a\u3002<br \/>\n&nbsp;<\/p>\n<h5>\u7ec3\u4e60\u53c2\u8003\u7b54\u6848<\/h5>\n<p>&nbsp;<\/p>\n<ol>\n<li>\u8bf4\u51fa\u4e0b\u5217\u5404\u8bcd\u54ea\u4e9b\u662f\u6d3e\u751f\u8bcd\uff0c\u54ea\u4e9b\u662f\u5408\u6210\u8bcd\uff0c\u5e76\u8bf4\u51fa\u5b83\u4eec\u7684\u8bcd\u4e49\uff1a<\/li>\n<\/ol>\n<p>&nbsp;<br \/>\nhejmtasko\uff08\u5408\u6210\uff0c\u5bb6\u5ead\u4f5c\u4e1a\uff09, arbaro\uff08\u6d3e\u751f\uff0c\u68ee\u6797\uff09\uff0c gesinjoroj\uff08\u6d3e\u751f\uff0c\u5148\u751f\u4eec\u5973\u58eb\u4eec\uff1b\u592b\u5987\uff09\uff0c multekosta\uff08\u5408\u6210\uff0c\u6602\u8d35\u7684\uff09\uff0c denove\uff08\u6d3e\u751f\uff0c\u91cd\u65b0\uff09\uff0c interkompreni\u011do\uff08\u6d3e\u751f\uff0c\u76f8\u4e92\u4e86\u89e3\uff09\uff0c belsona\uff08\u5408\u6210\uff0c\u8bfb\u97f3\u4f18\u7f8e\u7684\uff09\uff0c longeda\u016dra\uff08\u5408\u6210\uff0c\u6301\u4e45\u7684\uff09\uff0c vesperman\u011do\uff08\u5408\u6210\uff0c\u665a\u996d\uff09\uff0c vivipova\uff08\u5408\u6210\uff0c\u6709\u751f\u547d\u529b\u7684\uff09\uff0c posttagmezo\uff08\u6d3e\u751f\u52a0\u5408\u6210\uff0c\u5348\u540e\uff09\uff0c klas\u0109ambro\uff08\u5408\u6210\uff0c\u6559\u5ba4\uff09\uff0c terpomo\uff08\u5408\u6210\uff0c\u571f\u8c46\uff09\uff0c mallaborema\uff08\u6d3e\u751f\uff0c\u61d2\u60f0\u7684\uff09\uff0c longatempe\uff08\u5408\u6210\uff0c\u957f\u65f6\u95f4\u5730\uff09\uff0c eldoni\uff08\u6d3e\u751f\uff0c\u51fa\u7248\uff09\uff0c jarcento\uff08\u5408\u6210\uff0c\u4e16\u7eaa\uff09\uff0c taglaboristo\uff08\u5408\u6210\u52a0\u6d3e\u751f\uff0c\u77ed\u5de5\uff09\uff0c vortaro\uff08\u6d3e\u751f\uff0c\u8bcd\u5178\uff09\uff0c lega\u0135o\uff08\u6d3e\u751f\uff0c\u8bfb\u7269\uff09\uff0c tran\u0109ileto\uff08\u6d3e\u751f\uff0c\u5c0f\u5200\uff09\uff0c monbileto\uff08\u5408\u6210\u52a0\u6d3e\u751f\uff0c\u949e\u7968\uff09\uff0c akvofalo\uff08\u5408\u6210\uff0c\u7011\u5e03\uff09\uff0c duonpatrino\uff08\u6d3e\u751f\uff0c\u7ee7\u6bcd\uff09\uff0c sukera\u0135o\uff08\u6d3e\u751f\uff0c\u7cd6\u679c\uff09\uff0c pirujo\uff08\u6d3e\u751f\uff0c\u68a8\u6811\uff09\uff0c pirarbo\uff08\u5408\u6210\uff0c\u68a8\u6811\uff09\uff0c cerbumi\uff08\u6d3e\u751f\uff0c\u52a8\u8111\u7b4b\uff09\uff0c skribsigno\uff08\u5408\u6210\uff0c\u4e66\u5199\u7b26\u53f7\uff09\uff0c homplena\uff08\u5408\u6210\uff0c\u6324\u6ee1\u4eba\u7684\uff09\uff0c plumingo\uff08\u6d3e\u751f\uff0c\u94a2\u7b14\u6746\uff09\uff0c kamparano\uff08\u6d3e\u751f\uff0c\u519c\u6c11\uff09<br \/>\n&nbsp;<\/p>\n<ol>\n<li>\u8bfb\u51fa\u5e76\u5199\u51fa\u4e0b\u5217\u6570\u5b57\uff1a\uff08\u7b54\u6848\u7565\uff09<\/li>\n<\/ol>\n<p>&nbsp;<\/p>\n<ul>\n<li>\u8bfb\u51fa\u4e0b\u5217\u7b97\u5f0f\uff1a\uff08\u7b54\u6848\u7565\uff09<\/li>\n<\/ul>\n<p>&nbsp;<\/p>\n<ol>\n<li>\u5c06\u4e0b\u5217\u53e5\u5b50\u8bd1\u6210\u6c49\u8bed\uff1a<\/li>\n<\/ol>\n<p>A<\/p>\n<ol>\n<li>\u6211\u7684\u5de5\u4f5c\u53ea\u505a\u4e86\u4e00\u534a\u3002<\/li>\n<li>\u5c3c\u53e4\u62c9\u559c\u5fe7\u53c2\u534a\u3002<\/li>\n<li>\u826f\u597d\u7684\u5f00\u7aef\uff0c\u6210\u529f\u7684\u4e00\u534a\u3002\uff08\u8c1a\u8bed\uff09<\/li>\n<li>\u4ed6\u7ed9\u4e86\u6211\u534a\u4e2a\u82f9\u679c\u3002<\/li>\n<li>\u5979\u534a\u95ed\u4e0a\u773c\u775b\u3002<\/li>\n<li>\u571f\u8c46\u70e7\u5f97\u534a\u719f\u3002<\/li>\n<li>\u8fd9\u672c\u4e66\u6211\u53ea\u8bfb\u4e86\u4e09\u5206\u4e4b\u4e00\u3002<\/li>\n<li>\u56db\u5206\u4e4b\u4e00\u52a0\u516b\u5206\u4e4b\u4e00\u7b49\u4e8e\u516b\u5206\u4e4b\u4e09\u3002<\/li>\n<\/ol>\n<p>9; \u767e\u4e07\u662f\u7531\u8bb8\u591a\u4e2a\u5343\u5206\u4e4b\u4e00\u7ec4\u6210\u7684\u3002\uff08\u8c1a\u8bed\u3002\u610f\u4e3a\uff1a\u79ef\u5c0f\u91cf\uff0c\u6210\u5927\u91cf\uff1b\u79ef\u5c11\u6210\u591a\uff1b\u805a\u6c99\u6210\u5854\uff1b\u96c6\u814b\u6210\u88d8\u3002\uff09<br \/>\nB<\/p>\n<ol>\n<li>\u516d\u662f\u4e09\u7684\u4e8c\u500d\u3002<\/li>\n<li>\u5341\u4e00\u7684\u5341\u4e8c\u500d\u662f\u4e00\u767e\u4e09\u5341\u4e8c\u3002<\/li>\n<li>\u4ed6\u8dd1\u5f97\u6bd4\u5979\u5feb\u4e09\u500d\u3002<\/li>\n<li>\u4ed6\u500d\u52a0\u9ad8\u5174\u3002<\/li>\n<li>\u987e\u5ba2\u7684\u6570\u91cf\u589e\u52a0\u4e86\u4e24\u500d\uff08\u6216\u589e\u5230\u4e86\u4e09\u500d\uff09\u3002<\/li>\n<li>\u4ed6\u5f97\u5230\u53cc\u500d\u7684\u62a5\u916c\u3002<\/li>\n<li>\u53cc\u80a1\u7ebf\u6bd4\u5355\u80a1\u7ebf\u7ed3\u5b9e\u3002<\/li>\n<\/ol>\n<p>&nbsp;<\/p>\n<ol>\n<li>\u4eff\u7167\u4f8b\u53e5\u7528\u4e0b\u5217\u8bcd\u8bed\u9020\u53e5\u3002\uff08\u7b54\u6848\u7565\uff09<\/li>\n<\/ol>\n<p>&nbsp;<\/p>\n<ol>\n<li>\u5c06\u4e0b\u5217\u5bf9\u8bdd\u8bd1\u6210\u4e16\u754c\u8bed\uff1a<\/li>\n<\/ol>\n<p>Vendisto: Kion vi deziras a\u0109eti, sinjoro? (a\u016d: Per kio mi povas servi al vi, sinjoro?)<br \/>\nKliento: Du kilogramojn da piroj.<br \/>\nVendisto: \u0108u vi deziras ankora\u016d ion alian?<br \/>\nKliento: Kiom kostas kilogramo da pomoj?<br \/>\nVendisto: Na\u016d \u011dja\u016d-ojn.<br \/>\nKliento: Bonvolu pesi al mi kilogramon. Kiom mi \u015duldas al vi entute? (a\u016d: Kiom mi devas pagi entute?)<br \/>\nVendisto: Du j\u016dan-ojn kaj ses \u011dja\u016d-ojn.<br \/>\nKliento: Jen kvin-j\u016dana bileto.<br \/>\nVendisto: Jen la resta\u0135o \u2014 du j\u016dan-oj kaj kvar \u011dja\u016d-oj. Nur unu momenton. Mi pakos ilin por vi.<br \/>\nKliento: Dankon pro via bonega servo.<br \/>\nVendisto: Ne dankinde. \u011cis revido.<br \/>\nKliento: \u011cis revido.<br \/>\n&nbsp;<br \/>\nVII. \u6309\u4f8b\u53e5\u7528\u4e0b\u5217\u6bcf\u7ec4\u8bcd\u9020\u53e5\uff1a\uff08\u7b54\u6848\u7565\uff09<br \/>\n&nbsp;<br \/>\nVIII. \u5c06\u4e0b\u5217\u53e5\u5b50\u8bd1\u6210\u6c49\u8bed\uff1a<\/p>\n<ol>\n<li>\u6c34\u548c\u9762\u5305\u6709\u5229\u5065\u5eb7\u3002\uff08\u8c1a\u8bed\u3002\u610f\u4e3a\uff1a\u7c97\u8336\u6de1\u996d\u4fdd\u5065\u5eb7\u3002\uff09<\/li>\n<li>\u6728\u5934\u53ef\u7528\u6765\u751f\u706b\u3002<\/li>\n<li>\u8001\u5e74\u65f6\u8981\u4e3a\u5e74\u9752\u65f6\u7684\u8fc7\u9519\u4ed8\u51fa\u4ee3\u4ef7\uff08\u8c1a\u8bed\uff09<\/li>\n<li>\u51e1\u4e8b\u7686\u6709\u62a5\u5e94\u4e4b\u65f6\u3002\uff08\u8c1a\u8bed\uff09<\/li>\n<li>\u6211\u5f88\u559c\u6b22\u90a3\u4f4d\u59d1\u5a18\u3002<\/li>\n<li>\u6211\u66f4\u559c\u6b22\u5e74\u8f7b\u4eba\u3002<\/li>\n<li>\u8fd8\u672a\u66fe\u6709\u8fc7\u4eba\u4eba\u90fd\u559c\u6b22\u7684\u4eba\u3002\uff08\u8c1a\u8bed\uff09<\/li>\n<li>\u6211\u559c\u6b22\u6625\u5929\uff0c\u4f46\u6211\u66f4\u559c\u6b22\u590f\u5929\u3002<\/li>\n<li>\u5f00\u5934, \u4ed6\u89c9\u5f97\u6709\u70b9\u957f\u3002<\/li>\n<li>\u5982\u679c\u4f60\uff08\u5c06\u6765\uff09\u5b66\u4e60\u4e16\u754c\u8bed\uff0c\u4f60\u4e00\u5b9a\u4f1a\u89c9\u5f97\u5b83\u5f88\u5bb9\u6613\u3002<\/li>\n<li>\u4ed6\u4eec\u867d\u7136\u8001\u4e86\uff0c\u4f46\u8fd8\u5728\u5b66\u4e60\u4e16\u754c\u8bed\u3002<\/li>\n<li>\u6211\u4ec0\u4e48\u4e5f\u6ca1\u770b\u89c1\uff0c\u867d\u7136\u4e00\u5207\u90fd\u5f88\u660e\u4eae\u3002<\/li>\n<\/ol>\n<p>\u8fd4\u56de<a href=\"https:\/\/reto.cn\/php\/hanyu\/wangchongfang_mezgrada_kurso\/helpilo\/\">\u300a\u738b\u5d07\u82b3\u4e16\u754c\u8bed\u5b9e\u7528\u4e2d\u7ea7\u8bfe\u672c\u300b\u5b66\u4e60\u8f85\u5bfc\u76ee\u5f55<\/a>\t\t<\/p>\n","protected":false},"excerpt":{"rendered":"<p>\u7b2c\u4e8c\u8bfe\u8bfe\u6587\u53c2\u8003\u8bd1\u6587 A \u6570\u548c\u8ba1\u7b97 &nbsp; \u8ba9\u6211\u4eec\u8bfb\u51fa\uff1a\uff08\u6570\u5b57\u7565\uff09 \u201c\u4e00\u201d\u3001\u201c\u4e8c\u201d\u3001\u201c\u4e09\u201d\u7b49\u6570\u91cf\u5c31\u662f\u6570\uff0c\u6570\u2026 <span class=\"read-more\"><a href=\"https:\/\/reto.cn\/php\/hanyu\/wangchongfang_mezgrada_kurso\/helpilo\/kurso_2\/\">\u7ee7\u7eed\u9605\u8bfb Legi pli &raquo;<\/a><\/span><\/p>\n","protected":false},"author":1,"featured_media":0,"parent":5162,"menu_order":4,"comment_status":"closed","ping_status":"closed","template":"","meta":{"footnotes":""},"_links":{"self":[{"href":"https:\/\/reto.cn\/php\/hanyu\/wp-json\/wp\/v2\/pages\/5199"}],"collection":[{"href":"https:\/\/reto.cn\/php\/hanyu\/wp-json\/wp\/v2\/pages"}],"about":[{"href":"https:\/\/reto.cn\/php\/hanyu\/wp-json\/wp\/v2\/types\/page"}],"author":[{"embeddable":true,"href":"https:\/\/reto.cn\/php\/hanyu\/wp-json\/wp\/v2\/users\/1"}],"replies":[{"embeddable":true,"href":"https:\/\/reto.cn\/php\/hanyu\/wp-json\/wp\/v2\/comments?post=5199"}],"version-history":[{"count":0,"href":"https:\/\/reto.cn\/php\/hanyu\/wp-json\/wp\/v2\/pages\/5199\/revisions"}],"up":[{"embeddable":true,"href":"https:\/\/reto.cn\/php\/hanyu\/wp-json\/wp\/v2\/pages\/5162"}],"wp:attachment":[{"href":"https:\/\/reto.cn\/php\/hanyu\/wp-json\/wp\/v2\/media?parent=5199"}],"curies":[{"name":"wp","href":"https:\/\/api.w.org\/{rel}","templated":true}]}}