{"id":5210,"date":"2019-03-21T09:32:31","date_gmt":"2019-03-21T01:32:31","guid":{"rendered":"http:\/\/reto.cn\/php\/hanyu\/?page_id=5210"},"modified":"2019-03-21T09:32:31","modified_gmt":"2019-03-21T01:32:31","slug":"kurso_4","status":"publish","type":"page","link":"https:\/\/reto.cn\/php\/hanyu\/wangchongfang_mezgrada_kurso\/helpilo\/kurso_4\/","title":{"rendered":"\u4e16\u754c\u8bed\u4e2d\u7ea7\u6559\u7a0b\u5b66\u4e60\u8f85\u5bfc \u7b2c\u56db\u8bfe"},"content":{"rendered":"<p>\t\t\t\t<strong><b>\u7b2c\u56db\u8bfe<\/b><\/strong><\/p>\n<h5>\u7b2c\u56db\u8bfe\u8bfe\u6587\u53c2\u8003\u8bd1\u6587<\/h5>\n<p>&nbsp;<br \/>\n<strong><b>A<\/b><\/strong><br \/>\n<strong><b>\u4eba\u4f53<\/b><\/strong><br \/>\n\u4eba\u4f53\u7531\u5934\u3001\u8eaf\u5e72\u548c\u56db\u80a2\u4e09\u4e2a\u4e3b\u8981\u90e8\u5206\u7ec4\u6210\u3002<br \/>\n\u5934\u7531\u9885\u90e8\u548c\u9762\u90e8\u7ec4\u6210\u3002\u4eba\u7684\u5934\u4e0a\u957f\u7740\u5934\u53d1\uff0c\u4f46\u4e0d\u662f\u6bcf\u4e2a\u4eba\u90fd\u6709\u5934\u53d1\u3002\u6ca1\u6709\u5934\u53d1\u7684\u4eba\u662f\u79c3\u5b50\u3002\u8138\u7684\u4e0a\u90e8\u662f\u989d\u5934\uff0c\u4e0b\u90e8\u662f\u4e0b\u5df4\u3002\u989d\u7684\u4e0b\u90e8\u6709\u4e24\u53ea\u773c\u775b\u548c\u4e24\u9053\u7709\u6bdb\u3002\u4eba\u7528\u773c\u775b\u770b\u4e1c\u897f\u3002\u770b\u4e0d\u89c1\u4e1c\u897f\u7684\u4eba\u662f\u778e\u5b50\u3002\u4eba\u6709\u4e24\u53ea\u8033\u6735\uff0c\u8033\u6735\u53ef\u7528\u6765\u542c\u58f0\u97f3\u3002\u542c\u4e0d\u89c1\u58f0\u97f3\u7684\u4eba\u662f\u804b\u5b50\u3002\u4eba\u7684\u8138\u4e0a\u8fd8\u6709\u53cc\u988a\u3001\u4e00\u4e2a\u9f3b\u5b50\u3001\u4e00\u5f20\u5634\u3002\u5634\u7684\u8fb9\u7f18\u90e8\u5206\u662f\u5507\u3002\u5634\u91cc\u6709\u820c\u5934\u548c\u7259\u9f7f\u3002\u4eba\u7528\u9f3b\u5b50\u547c\u5438\u548c\u8fa8\u522b\u6c14\u5473\uff0c\u7528\u5634\u5403\u996d\u548c\u8bf4\u8bdd\uff0c\u7528\u7259\u9f7f\u5480\u56bc\u3002\u4e0d\u80fd\u8bf4\u8bdd\u7684\u4eba\u662f\u54d1\u5df4\uff0c\u800c\u4e14\u5e38\u5e38\u53c8\u804b\u53c8\u54d1\u3002<br \/>\n\u9888\u8fde\u63a5\u5934\u90e8\u548c\u8eaf\u5e72\u3002\u9888\u5185\u6709\u54bd\u5589\u3002\u8eaf\u5e72\u7684\u524d\u90e8\u662f\u80f8\u548c\u8179\uff0c\u5176\u540e\u90e8\uff0c\u5373\u4ece\u80a9\u81f3\u81c0\u90e8\u662f\u80cc\u3002\u80f8\u812f\u4e0a\u6709\u4e00\u5bf9\u4e73\u623f\u3002\u80f8\u7684\u91cc\u9762\u6709\u80ba\u548c\u5fc3\u810f\u3002\u8179\u90e8\u91cc\u6709\u80c3\u3001\u80a0\u5b50\u548c\u5176\u4ed6\u5185\u810f\u3002\u8179\u90e8\u5927\u7684\u4eba\u662f\u5927\u8179\u4fbf\u4fbf\u7684\u80d6\u5b50\u3002\u8eaf\u5e72\u6700\u7ec6\u7684\u90e8\u5206\uff0c\u5373\u4ece\u80f8\u7684\u4e0b\u90e8\u81f3\u4e24\u80ef\u4e4b\u95f4\u7684\u90e8\u5206\uff0c\u662f\u8170\u90e8\u3002\u8170\u90e8\u7ea4\u7f8e\u7684\u59d1\u5a18\u662f\u82d7\u6761\u7684\u3002<br \/>\n\u4eba\u6709\u4e24\u53ea\u4e0a\u80a2\u548c\u4e24\u53ea\u4e0b\u80a2\uff0c\u5373\u4e24\u81c2\u548c\u4e24\u817f\u3002\u81c2\u7684\u672b\u7aef\u90e8\u5206\u662f\u624b\uff0c\u817f\u7684\u672b\u7aef\u90e8\u5206\u662f\u811a\u3002\u6bcf\u53ea\u624b\u6216\u6bcf\u53ea\u811a\u6709\u4e94\u6307\/\u8dbe\uff0c\u6bcf\u4e2a\u6307\/\u8dbe\u5934\u90fd\u6709\u6307\/\u8dbe\u7532\u3002<br \/>\n\u7531\u4e8e\u67d0\u79cd\u539f\u56e0\u7f3a\u5c11\u4e00\u4e24\u53ea\u80a2\u4f53\u7684\u4eba\u662f\u6b8b\u75be\u4eba\u3002<br \/>\n&nbsp;<br \/>\n<strong><b>B<\/b><\/strong><br \/>\n<strong><b>\u5173\u4e8e\u536b\u751f\u7684\u529d\u544a<\/b><\/strong><br \/>\n\u53ea\u6709\u5f53\u4f60\u997f\u4e86\u7684\u65f6\u5019\u624d\u5e94\u5403\u996d\uff0c\u9971\u4e86\u5c31\u5e94\u8be5\u7acb\u5373\u505c\u6b62\u3002\u5e94\u8be5\u5403\u65b0\u9c9c\u7684\u3001\u70e7\u716e\u5f97\u7f8e\u5473\u53ef\u53e3\u7684\u98df\u7269\uff0c\u76d0\u548c\u9999\u6599\u4e0d\u8981\u52a0\u5f97\u592a\u591a\u3002\u5e94\u8be5\u6162\u6162\u5730\u5403\uff0c\u56e0\u4e3a\u5403\u5f97\u5feb\u3001\u5403\u5f97\u592a\u591a\u5bf9\u4f60\u7684\u5065\u5eb7\u6709\u5bb3\u3002\u7ed9\u81ea\u5df1\u505a\u7b80\u5355\u7684\u98df\u7269\u5403\u5e76\u5b9a\u65f6\u5c31\u9910\u7684\u4eba\u8eab\u4f53\u5065\u5eb7\u5f3a\u58ee\u3002<br \/>\n\u6e05\u6d01\u7684\u6c34\u662f\u5bf9\u5065\u5eb7\u6700\u6709\u76ca\u7684\u996e\u6599\u3002\u8336\u548c\u5496\u5561\u6709\u52a9\u4e8e\u6d88\u5316\uff0c\u5b83\u4eec\u5bf9\u6210\u5e74\u4eba\u6709\u76ca\uff0c\u4f46\u5bf9\u513f\u7ae5\u6709\u5bb3\u3002\u9152\u662f\u6700\u6709\u5bb3\u7684\u996e\u6599\uff0c\u5c24\u5176\u662f\u5f53\u4eba\u4eec\u7a7a\u8179\u996e\u7528\u7684\u65f6\u5019\u3002\u5373\u4f7f\u53ea\u996e\u4e00\u5c0f\u676f\uff0c\u5b83\u4e5f\u635f\u5bb3\u4eba\u4eec\u7684\u5065\u5eb7\u3002<br \/>\n&nbsp;<br \/>\n\u5f00\u6000\u4e00\u7b11<br \/>\n<strong><b>1<\/b><\/strong><br \/>\n\u2014\u2014\u4f60\u4f1a\u5012\u7acb\u884c\u8d70\u5417\uff1f<br \/>\n\u2014\u2014\u6211\u4f1a\u3002<br \/>\n\u2014\u2014\u5012\u7acb\u7684\u65f6\u5019\u8840\u662f\u4e0d\u662f\u5f80\u4f60\u8111\u888b\u91cc\u6d41\uff1f<br \/>\n\u2014\u2014\u5514\uff0c\u662f\u7684\u3002<br \/>\n\u2014\u2014\u4f60\u77e5\u9053\u4ec0\u4e48\u539f\u56e0\u5417\uff1f<br \/>\n\u2014\u2014\u4e0d\u77e5\u9053\u3002<br \/>\n\u2014\u2014\u56e0\u4e3a\u4f60\u7684\u8111\u888b\u662f\u7a7a\u7684\u3002<br \/>\n<strong><b>2<\/b><\/strong><br \/>\n\u2014\u2014\u4f60\u80fd\u4e0d\u80fd\u8bf4\u51fa\u4e3a\u4ec0\u4e48\u9f3b\u5b50\u957f\u5728\u8138\u7684\u4e2d\u95f4\u5440\uff1f<br \/>\n\u2014\u2014\u4e0d\u80fd\u3002<br \/>\n\u2014\u2014\u8fd9\u662f\u4e3a\u4e86\u4f7f\u773c\u775b\u80fd\u957f\u5728\u9f3b\u5b50\u7684\u4e24\u8fb9\u3002<br \/>\n<strong><b>3<\/b><\/strong><br \/>\n\u201c\u5988\u5988\uff0c\u201d\u5f7c\u5f97\u95ee\uff0c\u201c\u4e3a\u4ec0\u4e48\u6211\u4eec\u7684\u8001\u5e08\u5934\u4e0a\u7684\u5934\u53d1\u8fd9\u4e48\u5c11\uff1f\u201d<br \/>\n\u201c\u56e0\u4e3a\u4ed6\u8111\u7b4b\u52a8\u5f97\u592a\u591a\u3002\u201d\u5988\u5988\u56de\u7b54\u8bf4\u3002<br \/>\n\u201c\u5988\u5988\uff0c\u53ef\u662f\u4f60\u4e3a\u4ec0\u4e48\u6709\u8fd9\u4e48\u591a\u7684\u5934\u53d1\u5440\uff1f\u201d<br \/>\n<strong><b>\u00a0<\/b><\/strong><\/p>\n<h5>\u7ec3\u4e60\u53c2\u8003\u7b54\u6848<\/h5>\n<p>&nbsp;<\/p>\n<ol>\n<li>\u8bf4\u51fa\u7531\u8bcd\u6839san-\u6784\u6210\u7684\u6d3e\u751f\u8bcd\u548c\u5408\u6210\u8bcd\u7684\u610f\u601d\uff1a<\/li>\n<\/ol>\n<p>sano\uff08\u5065\u5eb7\uff09\uff0csaniga\uff08\u589e\u8fdb\u5065\u5eb7\u7684\uff09\uff0csanigi\uff08\u4f7f\u5065\u5eb7\uff09\uff0csani\u011di\uff08\u53d8\u5f97\u5065\u5eb7\uff0c\u5065\u5eb7\u8d77\u6765\uff09\uff0csanstato\uff08\u5065\u5eb7\u72b6\u51b5\uff09\uff0cmalsana\uff08\u6709\u75c5\u7684\uff09\uff0cmalsano\uff08\u75c5\uff09\uff0cmalsani\uff08\u6709\u75c5\uff09\uff0cmalsaneca\uff08\u75c5\u6001\u7684\uff09\uff0cmalsaneto\uff08\u5c0f\u75c5\uff0c\u4e0d\u8212\u670d\uff09\uff0cmalsanigi\uff08\u4f7f\u751f\u75c5\uff09\uff0cmalsaniga\uff08\u81f4\u75c5\u7684\uff09\uff0cmalsani\u011di\uff08\u5f97\u75c5\uff09\uff0cmalsanulo\uff08\u75c5\u4eba\uff09\uff0cmalsanulejo\uff08\u533b\u9662\uff09\uff0cresanigi\uff08\u4f7f\u6062\u590d\u5065\u5eb7\uff0c\u6cbb\u597d\uff09\uff0cresani\u011di\uff08\u6062\u590d\u5065\u5eb7\uff09\uff0cneresanigebla\uff08\u6cbb\u4e0d\u597d\u7684\uff09\uff0ckormalsano\uff08\u5fc3\u810f\u75c5\uff09\uff0cokulmalsano\uff08\u773c\u75c5\uff09<br \/>\n&nbsp;<\/p>\n<ol>\n<li>\u5c06\u4e0b\u5217\u5355\u8bcd\u8bd1\u6210\u4e16\u754c\u8bed\uff1a<\/li>\n<li>korpo \u00a02. kapo \u00a03. frunto \u00a04. cerbo \u00a05. viza\u011do \u00a06. vango \u00a07. nazo \u00a08. okulo \u00a09\uff0ebrovo \u00a010. orelo \u00a011. bu\u015do \u00a012. lipo \u00a013. lango \u00a014. dento \u00a015. mentono \u00a016. la kvar membroj \u00a017. supra membro \u00a018. malsupra membro \u00a019\uff0ebrako \u00a020. mano \u00a021. fingro \u00a022. ungo \u00a023. \u015dultro \u00a024. kolo \u00a025. gor\u011do \u00a026. trunko \u00a027. brusto \u00a028. ventro \u00a029\uff0emamo \u00a030. pulmo \u00a031. koro \u00a032. stomako \u00a033. intesto \u00a034. interna\u0135o \u00a035. dorso \u00a036. talio \u00a037. kokso \u00a038. sidvango \u00a039\uff0ekruro \u00a040. piedo \u00a041. haro<\/li>\n<\/ol>\n<p>&nbsp;<br \/>\nIII. \u9009\u62e9\u9002\u5f53\u7684\u8bcd\u8bf4\u660e\u5bb9\u8c8c\uff1a<br \/>\n\uff08\u505aA\u9898\u65f6\u8981\u6ce8\u610f\u4e3b\u8bed\u548c\u8868\u8bed\u4e4b\u95f4\u6570\u7684\u4e00\u81f4\uff0c\u4f8b\u5982\uff1aLa korpo de Li Ming estas fortika. La dentoj de Li Ming estas blankaj. \u505aB\u9898\u65f6\u8981\u6ce8\u610fhavi\u7684\u5bbe\u8bed\u8981\u7528\u5bbe\u683c\uff0c\u4f8b\u5982\uff1a Maria havas longforman viza\u011don. Maria havas bluajn okulojn. \u7b54\u6848\u7565\u3002\uff09<br \/>\n&nbsp;<\/p>\n<ol>\n<li>\u5c06\u4e0b\u5217\u53e5\u5b50\u8bd1\u6210\u6c49\u8bed\uff1a<\/li>\n<li>\u8981\u591a\u60f3\u5c11\u8bf4\u3002<\/li>\n<li>\u6211\u4e0d\u51c6\u8bb8\u5979\u79bb\u5f00\u3002<\/li>\n<li>\u6211\u8bf7\u60a8\u539f\u8c05\u6211\u3002<\/li>\n<li>\u5979\u4e0d\u5fc5\u6765\u3002<\/li>\n<li>\u4ed6\u53eb\u6211\u4eca\u5929\u6765\u3002<\/li>\n<li>\u6211\u7ed9\u4ed6\u4e00\u652f\u94a2\u7b14\uff0c\u597d\u8ba9\u4ed6\u5199\u5b57\u3002<\/li>\n<li>\u4eca\u5929\uff08\u4f60\uff09\u8981\u628a\u5b57\u5199\u597d\uff0c\u8ba9\u8001\u5e08\u770b\u770b\uff0c\u4f60\u662f\u80fd\u591f\u628a\u5b57\u5199\u597d\u7684\u3002<\/li>\n<li>\uff08\u4f60\uff09\u8981\u628a\u8fd9\u4e00\u8bfe\u5b66\u4f1a\uff0c\u4ee5\u4fbf\u4f60\u80fd\u5e2e\u52a9\u4f60\u90a3\u4f4d\u751f\u75c5\u7684\u670b\u53cb\u3002<\/li>\n<\/ol>\n<p>9\uff0e\u56e0\u6b64\u8bf7\u5199\u4fe1\u7ed9\u4ed6\uff0c\u8ba9\u4ed6\u77e5\u9053\u8fd9\u4ef6\u4e8b\u3002<\/p>\n<ol start=\"10\">\n<li>\u5982\u679c\u6709\u4e1c\u897f\u5230\u5634\u8fb9\uff0c\u5c31\u522b\u628a\u5634\u95ed\u4e0a\u3002\uff08\u8c1a\u8bed\uff09<\/li>\n<li>\u4ed6\u9664\u4e86\u5065\u5eb7\u4ec0\u4e48\u90fd\u4e0d\u7f3a\u3002<\/li>\n<li>\u5982\u679c\u7f3a\u5c11\u6210\u5e74\u4eba\uff0c\u5b69\u5b50\u4e5f\u53ef\u4ee5\u7b97\u662f\u5927\u4eba\u3002<\/li>\n<\/ol>\n<p>&nbsp;<\/p>\n<ol>\n<li>\u5c06\u4e0b\u5217\u53e5\u5b50\u8bd1\u6210\u6c49\u8bed\uff0c\u6ce8\u610fkomenci\u548c\u0109esi\u7684\u7528\u6cd5\uff1a<\/li>\n<li>\u6211\u548c\u6211\u7684\u670b\u53cb\u5728\u4e03\u70b9\u5f00\u59cb\u5de5\u4f5c\u3002<\/li>\n<li>\u6211\u4eec\u5341\u70b9\u949f\u505c\u6b62\u5de5\u4f5c\u3002<\/li>\n<li>\u6211\u4eec\u7684\u5de5\u4f5c\u5728\u4e03\u70b9\u5f00\u59cb\u3002<\/li>\n<li>\u6211\u4eec\u7684\u5de5\u4f5c\u5728\u5341\u70b9\u505c\u6b62\u3002<\/li>\n<\/ol>\n<p>&nbsp;<\/p>\n<ol>\n<li>\u5c06\u4e0b\u5217\u53e5\u5b50\u8bd1\u6210\u4e16\u754c\u8bed\uff1a<\/li>\n<li>La homa korpo konsistas el tri \u0109efaj partoj: kapo, trunko kaj membroj.<\/li>\n<li>La parto de la \u015dultro \u011dis la mano (a\u016d: La parto inter la \u015dultro kaj la mano) estas la brako.<\/li>\n<li>La parto, kiu kunligas la kapon kaj trunkon estas la kolo.<\/li>\n<li>La anta\u016daj partoj de la trunko estas la brusto kaj ventro, kaj la malanta\u016da parto estas la dorso.<\/li>\n<li>La anta\u016da parto de la piedo estas la piedfingroj.<\/li>\n<li>Li rigardas supren, sed vidas nenion.<\/li>\n<li>Li atente a\u016dskultas, sed a\u016ddas nenion.<\/li>\n<li>Teo estas utila al la homo, \u0109ar \u011di helpas al digestado.<\/li>\n<\/ol>\n<p>9\uff0eEn la \u0109ambro ne estas (a\u016d: ne trovi\u011das) se\u011do.<\/p>\n<ol start=\"10\">\n<li>Nenio mankas al mi krom tempo.<\/li>\n<\/ol>\n<p>&nbsp;<br \/>\n\u8fd4\u56de<a href=\"https:\/\/reto.cn\/php\/hanyu\/wangchongfang_mezgrada_kurso\/helpilo\/\">\u300a\u738b\u5d07\u82b3\u4e16\u754c\u8bed\u5b9e\u7528\u4e2d\u7ea7\u8bfe\u672c\u300b\u5b66\u4e60\u8f85\u5bfc\u76ee\u5f55<\/a>\t\t<\/p>\n","protected":false},"excerpt":{"rendered":"<p>\u7b2c\u56db\u8bfe \u7b2c\u56db\u8bfe\u8bfe\u6587\u53c2\u8003\u8bd1\u6587 &nbsp; A \u4eba\u4f53 \u4eba\u4f53\u7531\u5934\u3001\u8eaf\u5e72\u548c\u56db\u80a2\u4e09\u4e2a\u4e3b\u8981\u90e8\u5206\u7ec4\u6210\u3002 \u5934\u7531\u9885\u90e8\u548c\u9762\u90e8\u7ec4\u6210\u2026 <span class=\"read-more\"><a href=\"https:\/\/reto.cn\/php\/hanyu\/wangchongfang_mezgrada_kurso\/helpilo\/kurso_4\/\">\u7ee7\u7eed\u9605\u8bfb Legi pli &raquo;<\/a><\/span><\/p>\n","protected":false},"author":1,"featured_media":0,"parent":5162,"menu_order":6,"comment_status":"closed","ping_status":"closed","template":"","meta":{"footnotes":""},"_links":{"self":[{"href":"https:\/\/reto.cn\/php\/hanyu\/wp-json\/wp\/v2\/pages\/5210"}],"collection":[{"href":"https:\/\/reto.cn\/php\/hanyu\/wp-json\/wp\/v2\/pages"}],"about":[{"href":"https:\/\/reto.cn\/php\/hanyu\/wp-json\/wp\/v2\/types\/page"}],"author":[{"embeddable":true,"href":"https:\/\/reto.cn\/php\/hanyu\/wp-json\/wp\/v2\/users\/1"}],"replies":[{"embeddable":true,"href":"https:\/\/reto.cn\/php\/hanyu\/wp-json\/wp\/v2\/comments?post=5210"}],"version-history":[{"count":0,"href":"https:\/\/reto.cn\/php\/hanyu\/wp-json\/wp\/v2\/pages\/5210\/revisions"}],"up":[{"embeddable":true,"href":"https:\/\/reto.cn\/php\/hanyu\/wp-json\/wp\/v2\/pages\/5162"}],"wp:attachment":[{"href":"https:\/\/reto.cn\/php\/hanyu\/wp-json\/wp\/v2\/media?parent=5210"}],"curies":[{"name":"wp","href":"https:\/\/api.w.org\/{rel}","templated":true}]}}