{"id":5224,"date":"2019-03-21T11:30:22","date_gmt":"2019-03-21T03:30:22","guid":{"rendered":"http:\/\/reto.cn\/php\/hanyu\/?page_id=5224"},"modified":"2019-03-21T11:30:22","modified_gmt":"2019-03-21T03:30:22","slug":"kurso_5","status":"publish","type":"page","link":"https:\/\/reto.cn\/php\/hanyu\/wangchongfang_mezgrada_kurso\/helpilo\/kurso_5\/","title":{"rendered":"\u4e16\u754c\u8bed\u4e2d\u7ea7\u6559\u7a0b\u5b66\u4e60\u8f85\u5bfc \u7b2c\u4e94\u8bfe"},"content":{"rendered":"<p>\t\t\t\t<strong><b>\u7b2c\u4e94\u8bfe<\/b><\/strong><\/p>\n<h5>\u7b2c\u4e94\u8bfe\u8bfe\u6587\u53c2\u8003\u8bd1\u6587<\/h5>\n<p>&nbsp;<br \/>\n<strong><b>A<\/b><\/strong><br \/>\n<strong><b>\u4e24\u5144\u5f1f<\/b><\/strong><br \/>\n\uff08\u4fdd\u52a0\u5229\u4e9a\u6c11\u95f4\u6545\u4e8b\uff09<br \/>\n\u4ece\u524d\u6709\u5f1f\u5144\u4e24\u4eba\u3002\u4ed6\u4eec\u5df2\u7ecf\u6210\u5bb6\u3002\u5f1f\u5f1f\u6709\u56db\u4e2a\u5b69\u5b50\uff0c\u54e5\u54e5\u4e00\u4e2a\u5b69\u5b50\u4e5f\u6ca1\u6709\u3002\u7236\u4eb2\u6b7b\u540e\u4ed6\u4eec\u6ca1\u6709\u628a\u571f\u5730\u5206\u5f00\uff0c\u800c\u662f\u5728\u4e00\u8d77\u8015\u79cd\u3002\u9ea6\u5b50\u719f\u4e86\uff0c\u4ed6\u4eec\u6536\u5272\u3001\u6253\u8c37\u5e76\u628a\u7cae\u98df\u5206\u6210\u76f8\u7b49\u7684\u4e24\u4efd\u3002<br \/>\n\u665a\u95f4\uff0c\u54e5\u54e5\u4e0a\u4e86\u5e8a\uff0c\u4f46\u662f\u7761\u4e0d\u7740\u3002\u4ed6\u60f3\uff1a\u201c\u6211\u4eec\u7684\u7cae\u98df\u5206\u5f97\u516c\u5e73\u5417\uff1f\u5f1f\u5f1f\u5bb6\u91cc\u4eba\u53e3\u591a\u3002\u4e3a\u4e86\u517b\u6d3b\u5b69\u5b50\u4ed6\u9700\u8981\u8f83\u591a\u7684\u7cae\u98df\u3002\u6211\u5f97\u8d76\u5feb\u53bb\u628a\u6211\u7684\u7cae\u98df\u62ff\u51fa\u4e00\u4e9b\u7ed9\u4ed6\u6dfb\u4e0a\uff0c\u4f46\u8981\u4e0d\u8ba9\u4ed6\u77e5\u9053\u3002<br \/>\n\u5f1f\u5f1f\u591c\u91cc\u9192\u6765\uff0c\u4e5f\u5f00\u59cb\u60f3\u90a3\u540c\u4e00\u4ef6\u4e8b\u3002\u201c\u6211\u548c\u59bb\u5b50\u5e74\u7eaa\u8f7b\uff0c\u8eab\u4f53\u597d\uff0c\u201d\u4ed6\u60f3\uff0c\u201c\u800c\u4e14\u73b0\u5728\u6211\u4eec\u5b69\u5b50\u4e5f\u5df2\u7ecf\u5f00\u59cb\u7ed9\u6211\u4eec\u5f53\u5e2e\u624b\u4e86\u3002\u5b69\u5b50\u8d8a\u591a\uff0c\u5e2e\u624b\u8d8a\u591a\u3002\u53ef\u662f\u6211\u7684\u54e5\u54e5\u5ac2\u5ac2\u6ca1\u6709\u5b69\u5b50\uff0c\u54e5\u54e5\u7684\u8eab\u4f53\u8fd8\u6bd4\u6211\u5f31\uff0c\u6211\u5f97\u628a\u6211\u7684\u7cae\u98df\u62ff\u51fa\u4e00\u4e9b\u7ed9\u4ed6\u7684\u7cae\u98df\u6dfb\u4e0a\u3002\u201d\u4e8e\u662f\u4ed6\u4ece\u5e8a\u4e0a\u8d77\u6765\u3002\u8d70\u8fc7\u53bb\u4ece\u4ed6\u7684\u7cae\u98df\u4e2d\u62ff\u51fa\u4e00\u4e9b\u6dfb\u5230\u4ed6\u54e5\u54e5\u7684\u90a3\u4efd\u7cae\u98df\u4e0a\u3002<br \/>\n\u767d\u5929\u4ed6\u4eec\u770b\u5230\u90a3\u4e24\u4efd\u7cae\u98df\u53c8\u4e00\u6837\u591a\u4e86\u3002\u4ed6\u4eec\u611f\u5230\u60ca\u5947\uff0c\u4f46\u8c01\u4e5f\u6ca1\u6709\u542d\u58f0\u3002\u7b2c\u4e8c\u5929\u591c\u91cc\u4ed6\u4eec\u53c8\u4e92\u76f8\u7ed9\u5bf9\u65b9\u6dfb\u52a0\u7cae\u98df\u3002\u7531\u4e8e\u4ed6\u4eec\u505a\u8fd9\u4ef6\u4e8b\u7684\u65f6\u95f4\u4e0d\u540c\uff0c\u4ed6\u4eec\u6ca1\u6709\u76f8\u9047\u3002\u90a3\u4e24\u4efd\u7cae\u98df\u53c8\u91cd\u65b0\u76f8\u7b49\u4e86\u3002<br \/>\n\u5c31\u8fd9\u6837\u4ed6\u4eec\u5728\u51e0\u5929\u591c\u91cc\u4e92\u76f8\u7ed9\u5bf9\u65b9\u6dfb\u52a0\u7cae\u98df\u3002<br \/>\n\u6700\u540e\u4e24\u5144\u5f1f\u7ec8\u4e8e\u76f8\u9047\u3002\u8fd9\u65f6\u4e24\u4e2a\u4eba\u90fd\u660e\u767d\u4e86\u4e3a\u4ec0\u4e48\u4e24\u4efd\u7cae\u98df\u59cb\u7ec8\u4e00\u6837\u591a\u7684\u539f\u56e0\u3002\u4ed6\u4eec\u7684\u53cc\u773c\u88ab\u559c\u60a6\u7684\u6cea\u6c34\u6e7f\u6da6\uff0c\u4e92\u76f8\u62e5\u62b1\u5728\u4e00\u8d77\uff0c\u51b3\u5b9a\u4e00\u8f88\u5b50\u4f4f\u5728\u4e00\u8d77\uff0c\u4e8b\u4e8b\u4e92\u76f8\u5e2e\u52a9\u3002\u4ed6\u4eec\u975e\u5e38\u5e78\u798f\u3002<br \/>\n&nbsp;<br \/>\n<strong><b>B<\/b><\/strong><br \/>\n<strong><b>\u6211\u7684\u4e00\u5929<\/b><\/strong><br \/>\n\u6211\u6bcf\u5929\u65e9\u4e0a\u516d\u70b9\u9192\u6765\uff0c\u867d\u7136\u8fd9\u65f6\u6211\u8fd8\u778c\u7761\uff0c\u4f46\u6211\u7acb\u523b\u8d77\u5e8a\u3002\u6211\u62ff\u8d77\u8863\u670d\u7a7f\u5230\u8eab\u4e0a\u3002\u590f\u5929\u6211\u901a\u5e38\u4e0d\u7a7f\u6df1\u8272\u8863\u670d\uff0c\u6211\u53ea\u7a7f\u6d45\u8272\u8863\u670d\u3002\u7a7f\u4e0a\u8863\u670d\u540e\uff0c\u6211\u6253\u5f00\u95e8\u7a97\u3002\u6211\u8d70\u5230\u9662\u5b50\u91cc\u5e76\u5728\u90a3\u91cc\u505a\u65e9\u64cd\u3002\u56de\u5230\u623f\u95f4\u540e\u6211\u7528\u6c34\u548c\u80a5\u7682\u6d17\u624b\u6d17\u8138\uff0c\u7528\u7259\u5237\u5237\u7259\uff0c\u7136\u540e\u7528\u624b\u5dfe\u64e6\u624b\u3002\u6211\u5bf9\u7740\u955c\u5b50\u7528\u68b3\u5b50\u68b3\u5934\u3002\u4e03\u70b9\u6211\u51c6\u5907\u597d\u5403\u65e9\u996d\u3002\u6211\u65e9\u996d\u603b\u662f\u5403\u5f97\u5f88\u9999\u3002<br \/>\n\u4e03\u70b9\u534a\u6211\u79bb\u5bb6\u8fc5\u901f\u5411\u5b66\u6821\u8d70\u53bb\u3002\u6211\u4eec\u516b\u70b9\u5f00\u59cb\u4e0a\u8bfe\u3002\u6211\u4eec\u4e0a\u5348\u4e0a\u56db\u8282\u8bfe\u3002<br \/>\n\u6211\u4e2d\u5348\u5728\u5bb6\u91cc\u5403\u996d\uff0c\u7136\u540e\u7761\u5348\u89c9\u3002<br \/>\n\u6211\u4eec\u4e0b\u5348\u7684\u5b66\u4e60\u5728\u4e24\u70b9\u5f00\u59cb\uff0c\u7ea6\u56db\u70b9\u534a\u7ed3\u675f\u3002<br \/>\n\u5403\u5b8c\u665a\u996d\u540e\u6211\u505a\u5bb6\u5ead\u4f5c\u4e1a\u5e76\u81ea\u5b66\u4e16\u754c\u8bed\u3002\u6709\u65f6\u6211\u542c\u5e7f\u64ad\u6216\u770b\u7535\u89c6\u3002<br \/>\n\u6211\u591c\u665a\u4e5d\u70b9\u8d70\u8fdb\u5367\u5ba4\u3002\u6211\u8131\u53bb\u4e0a\u8863\u3001\u88e4\u5b50\u3001\u978b\u3001\u889c\uff0c\u4e0a\u5e8a\u7761\u89c9\u3002\u5173\u4e0a\u7535\u706f\u540e\uff0c\u6211\u5408\u4e0a\u53cc\u773c\uff0c\u5f88\u5feb\u5c31\u7761\u7740\u4e86\u3002\u6211\u6bcf\u5929\u591c\u91cc\u7761\u5f97\u5f88\u719f\uff0c\u4e00\u76f4\u7761\u5230\u5929\u4eae\u624d\u9192\u3002<br \/>\n&nbsp;<br \/>\n\u8c1a\u8bed<br \/>\n\u4e0d\u8981\u6094\u6068\u6628\u5929\uff0c\u4e0d\u8981\u7b49\u5f85\u660e\u5929\uff0c\u4e0d\u8981\u653e\u5f03\u4eca\u5929\u3002<br \/>\n\u660e\u5929\u662f\u61d2\u4eba\u6700\u559c\u7231\u7684\u65e5\u5b50\u3002<br \/>\n\u955c\u5b50\u5e2e\u4e0d\u4e86\u4e11\u4eba\u7684\u5fd9\u3002<br \/>\n\u4e00\u71d5\u4e0d\u6210\u6625\u3002<br \/>\n\u65b0\u7b24\u5e1a\u626b\u5f97\u7279\u522b\u5e72\u51c0\u3002\uff08\u8fd9\u53e5\u8bdd\u8ba5\u7b11\u65b0\u5230\u4efb\u7684\u7ba1\u4e8b\u8005\u5439\u6bdb\u6c42\u75b5\uff0c\u8fd1\u4f3c\u4e8e\u201c\u65b0\u5b98\u4e0a\u4efb\u4e09\u628a\u706b\u201d\uff09<br \/>\n\u5c11\u8bf4\u8bdd\uff0c\u591a\u505a\u4e8b\u3002<br \/>\n\u7784\u51c6\u7684\u662f\u96c1\uff0c\u5c04\u4e2d\u7684\u662f\u5929\u3002\uff08\u6bd4\u55bb\u5931\u8d25\uff09<br \/>\n&nbsp;<br \/>\n\u5bf9\u8bdd<br \/>\n&nbsp;<br \/>\n\u2014\u2014\u60a8\u597d\uff0cA\u540c\u5fd7\uff01<br \/>\n\u2014\u2014\u60a8\u597d\uff0cB\u540c\u5fd7\uff01<br \/>\n\u2014\u2014\u60a8\u8eab\u4f53\u597d\u5417\uff0c\u4eb2\u7231\u7684\u540c\u5fd7\uff1f<br \/>\n\u2014\u2014\u8c22\u8c22\u3002\u6211\u8eab\u4f53\u5f88\u597d\u3002\u60a8\u5462\uff1f<br \/>\n\u2014\u2014\u4e5f\u8fd8\u597d\uff0c\u8c22\u8c22\uff01\u60a8\u5168\u5bb6\u4eba\u8eab\u4f53\u4e5f\u597d\u5417\uff1f<br \/>\n\u2014\u2014\u5f88\u597d\uff0c\u5f88\u5e78\u798f\u3002\u60a8\u5168\u5bb6\u4eba\u5462\uff1f<br \/>\n\u2014\u2014\u4e5f\u5f88\u597d\u3002\u6211\u5168\u5bb6\u4eba\u90fd\u5f88\u5065\u5eb7\u3002\u8fd9\u662f\u9996\u8981\u7684\u4e8b\u3002<br \/>\n\u2014\u2014\u2026\u2026<br \/>\n&nbsp;<br \/>\n&nbsp;<\/p>\n<h5>\u7ec3\u4e60\u53c2\u8003\u7b54\u6848<\/h5>\n<p>&nbsp;<\/p>\n<ol>\n<li>\u8bf4\u51fa\u4e0b\u5217\u7531-ig\u6784\u6210\u7684\u6d3e\u751f\u8bcd\u7684\u610f\u601d\uff1a\uff08\u7b54\u6848\u7565\uff09<\/li>\n<\/ol>\n<p>&nbsp;<\/p>\n<ol>\n<li>\u8bf4\u51fa\u4e0b\u5217\u7531-i\u011d\u6784\u6210\u7684\u6d3e\u751f\u8bcd\u7684\u610f\u601d\uff1a\uff08\u7b54\u6848\u7565\uff09<\/li>\n<\/ol>\n<p>&nbsp;<br \/>\nIII. \u7528\u540e\u7f00-ig\u6216-i\u011d\u586b\u5145\uff1a<\/p>\n<ol>\n<li>ig \u00a02. i\u011d, ig \u00a03. ig, ig \u00a04. i\u011d5. ig \u00a06. ig \u00a07. i\u011d8. ig \u00a09. ig \u00a010. i\u011d\u00a0\u00a011. i\u011d\u00a0\u00a012. ig \u00a013. i\u011d\u00a0\u00a014. i\u011d\u00a0\u00a015. i\u011d, i\u011d\u00a0\u00a016. ig \u00a017. i\u011d\u00a0\u00a018. i\u011d\u00a0\u00a019. i\u011d\u00a0\u00a020. i\u011d<\/li>\n<li>\u9009\u62e9\u586b\u5145\uff1a<\/li>\n<li>\u0109e \u00a02. je \u00a03. en \u00a04. renkonti\u011dis \u00a05. ekdormis \u00a06. dormis \u00a07. metu sur vin \u00a08. sidi\u011dis \u00a09. stari<\/li>\n<li>\u5c06\u4e0b\u5217\u53e5\u5b50\u8bd1\u6210\u6c49\u8bed\uff1a<\/li>\n<li>\u590f\u5929\u4e00\u8fc7\uff0c\u5979\u5c31\u8981\u548c\u4ed6\u7ed3\u5a5a\u3002\uff08\u6216\uff1a\u5c31\u8981\u5ac1\u7ed9\u4ed6\u3002\uff09<\/li>\n<li>\u624b\u4e0d\u7d2f\uff0c\u9762\u5305\u5c31\u505a\u4e0d\u6210\u3002\uff08\u8c1a\u8bed\uff09<\/li>\n<li>\u8fc7\u5206\u7684\u76d0\u4f1a\u4f7f\u83dc\u80b4\u53d8\u5f97\u4e0d\u9c9c\u7f8e\u3002\uff08\u8c1a\u8bed\uff09<\/li>\n<li>\u4e0d\u662f\u573a\u6240\u4f7f\u4eba\u7f8e\uff0c\u800c\u662f\u4eba\u4f7f\u573a\u6240\u7f8e\u3002\uff08\u8c1a\u8bed\uff09<\/li>\n<li>\u957f\u4e45\u4e0d\u52a8\uff0c\u77f3\u5934\u4e5f\u4f1a\u53d8\u7eff\u3002\uff08\u8c1a\u8bed\uff09<\/li>\n<li>\u9c7c\u4ece\u5934\u5f00\u59cb\u8150\u70c2\u3002\uff08\u8c1a\u8bed\uff09<\/li>\n<li>\u7a7a\u6c14\u5bf9\u4eba\u662f\u5fc5\u9700\u7684\u3002<\/li>\n<li>\u8fd9\u6761\u6cb3\u628a\u6211\u4eec\u7684\u57ce\u5e02\u5206\u6210\u4e24\u90e8\u5206\u3002<\/li>\n<li>\u4ed6\u4eec\u4e92\u9053\u665a\u5b89\u3002<\/li>\n<li>\u4ed6\u4eec\u7528\u4e16\u754c\u8bed\u4ea4\u8c08\u80fd\u591f\u76f8\u4e92\u4e86\u89e3\u3002<\/li>\n<\/ol>\n<p>&nbsp;<\/p>\n<ol>\n<li>\u5c06\u4e0b\u5217\u53e5\u5b50\u8bd1\u6210\u6c49\u8bed\uff0c\u6ce8\u610fkiam\u7684\u7528\u6cd5\uff1a<\/li>\n<\/ol>\n<p>A<\/p>\n<ol>\n<li>\u6211\u5230\u4ed6\u90a3\u65f6\u53bb\u7684\u65f6\u5019\uff0c\u4ed6\u5728\u7761\u89c9\u3002<\/li>\n<li>\u732b\u513f\u53bb\u6563\u6b65\uff0c\u8017\u5b50\u5f00\u5bb4\u4f1a\u3002\uff08\u8c1a\u8bed\uff09<\/li>\n<li>\u8bdd\u8bed\u51fa\u53e3\uff0c\u65e0\u6cd5\u6536\u56de\u3002\uff08\u8c1a\u8bed\uff09<\/li>\n<\/ol>\n<p>B<\/p>\n<ol>\n<li>\u4ed6\u4eec\u5de5\u4f5c\u7ed3\u675f\u540e\u56de\u5bb6\u53bb\u4e86\u3002<\/li>\n<li>\u5979\u5728\u68ee\u6797\u91cc\u5446\u4e86\u5f88\u77ed\u65f6\u95f4\uff0c\u5929\u5c31\u9ed1\u4e86\u3002<\/li>\n<li>\u592a\u9633\u843d\u5c71\u540e\uff0c\u6211\u4eec\u56de\u5bb6\u4e86\u3002<\/li>\n<\/ol>\n<p>C<\/p>\n<ol>\n<li>\u4ed6\u4e00\u56de\u6765\uff0c\u6211\u5c31\u53bb\u62dc\u8bbf\u4ed6\u3002<\/li>\n<li>\u4ed6\u4e00\u51fa\u53bb\uff0c\u5c31\u8bf7\uff08\u4f60\uff09\u7acb\u5373\u628a\u95e8\u5173\u4e0a\u3002<\/li>\n<li>\u592a\u9633\u4e00\u5347\u8d77\uff0c\u9e1f\u513f\u5c31\u98de\u8d70\u4e86\u3002<\/li>\n<\/ol>\n<p>&nbsp;<br \/>\nVII. \u56de\u7b54\u4e0b\u5217\u95ee\u9898\uff1a<\/p>\n<ol>\n<li>Mi kutime veki\u011das je la sesa.<\/li>\n<li>Min vekas mia vekhorlo\u011do.<\/li>\n<li>Post kiam mi veki\u011das, mi prenas miajn vestojn kaj min vestas.<\/li>\n<li>Mi faras gimnastikajn ekzercojn en la korto kaj lavas al mi la viza\u011don en la \u0109ambro.<\/li>\n<li>Mi purigas miajn dentojn per la dentobroso.<\/li>\n<li>Mi kutime matenman\u011das je la sepa.<\/li>\n<li>Mi eliras el mia domo je la sepa kaj duono. Kaj mi rapidas al mia lernejo.<\/li>\n<li>Mi lernas en la lernejo. Ni havas kvar lernohorojn anta\u016dtagmeze.<\/li>\n<li>Mi tagman\u011das hejme kaj post tio faras sieston.<\/li>\n<li>Nia posttagmeza lernado komenci\u011das je la dua kaj fini\u011das \u0109irka\u016dla kvara kaj duono.<\/li>\n<li>Post la vesperman\u011do mi faras mian hejmtaskon kaj memlernas Esperanton.<\/li>\n<li>Jes. Iafoje mi a\u016dskultas radion a\u016drigardas televidon.<\/li>\n<li>Mi enliti\u011das je la na\u016da nokte.<\/li>\n<li>\u0108iunokte mi dormas tiel profunde, ke mi ne veki\u011das \u011dis la mateno.<\/li>\n<\/ol>\n<p>&nbsp;<br \/>\n\u8fd4\u56de<a href=\"https:\/\/reto.cn\/php\/hanyu\/wangchongfang_mezgrada_kurso\/helpilo\/\">\u300a\u738b\u5d07\u82b3\u4e16\u754c\u8bed\u5b9e\u7528\u4e2d\u7ea7\u8bfe\u672c\u300b\u5b66\u4e60\u8f85\u5bfc\u76ee\u5f55<\/a>\t\t<\/p>\n","protected":false},"excerpt":{"rendered":"<p>\u7b2c\u4e94\u8bfe \u7b2c\u4e94\u8bfe\u8bfe\u6587\u53c2\u8003\u8bd1\u6587 &nbsp; A \u4e24\u5144\u5f1f \uff08\u4fdd\u52a0\u5229\u4e9a\u6c11\u95f4\u6545\u4e8b\uff09 \u4ece\u524d\u6709\u5f1f\u5144\u4e24\u4eba\u3002\u4ed6\u4eec\u5df2\u7ecf\u6210\u5bb6\u3002\u5f1f\u5f1f\u2026 <span class=\"read-more\"><a href=\"https:\/\/reto.cn\/php\/hanyu\/wangchongfang_mezgrada_kurso\/helpilo\/kurso_5\/\">\u7ee7\u7eed\u9605\u8bfb Legi pli &raquo;<\/a><\/span><\/p>\n","protected":false},"author":1,"featured_media":0,"parent":5162,"menu_order":9,"comment_status":"closed","ping_status":"closed","template":"","meta":{"footnotes":""},"_links":{"self":[{"href":"https:\/\/reto.cn\/php\/hanyu\/wp-json\/wp\/v2\/pages\/5224"}],"collection":[{"href":"https:\/\/reto.cn\/php\/hanyu\/wp-json\/wp\/v2\/pages"}],"about":[{"href":"https:\/\/reto.cn\/php\/hanyu\/wp-json\/wp\/v2\/types\/page"}],"author":[{"embeddable":true,"href":"https:\/\/reto.cn\/php\/hanyu\/wp-json\/wp\/v2\/users\/1"}],"replies":[{"embeddable":true,"href":"https:\/\/reto.cn\/php\/hanyu\/wp-json\/wp\/v2\/comments?post=5224"}],"version-history":[{"count":0,"href":"https:\/\/reto.cn\/php\/hanyu\/wp-json\/wp\/v2\/pages\/5224\/revisions"}],"up":[{"embeddable":true,"href":"https:\/\/reto.cn\/php\/hanyu\/wp-json\/wp\/v2\/pages\/5162"}],"wp:attachment":[{"href":"https:\/\/reto.cn\/php\/hanyu\/wp-json\/wp\/v2\/media?parent=5224"}],"curies":[{"name":"wp","href":"https:\/\/api.w.org\/{rel}","templated":true}]}}