{"id":5234,"date":"2019-03-21T11:58:16","date_gmt":"2019-03-21T03:58:16","guid":{"rendered":"http:\/\/reto.cn\/php\/hanyu\/?page_id=5234"},"modified":"2019-03-21T11:58:16","modified_gmt":"2019-03-21T03:58:16","slug":"kurso_7","status":"publish","type":"page","link":"https:\/\/reto.cn\/php\/hanyu\/wangchongfang_mezgrada_kurso\/helpilo\/kurso_7\/","title":{"rendered":"\u4e16\u754c\u8bed\u4e2d\u7ea7\u6559\u7a0b\u5b66\u4e60\u8f85\u5bfc \u7b2c\u4e03\u8bfe"},"content":{"rendered":"<p>\t\t\t\t<strong><b>\u7b2c\u4e03\u8bfe<\/b><\/strong><\/p>\n<h5>\u7b2c\u4e03\u8bfe\u8bfe\u6587\u53c2\u8003\u8bd1\u6587<\/h5>\n<p>&nbsp;<br \/>\n<strong><b>A<\/b><\/strong><br \/>\n<strong><b>\u75be\u75c5\u548c\u533b\u7597<\/b><\/strong><br \/>\n\u4eba\u751f\u75c5\u65f6\u5c31\u5230\u533b\u9662\u8bf7\u533b\u751f\u770b\u75c5\u6216\u63a5\u53d7\u533b\u751f\u7684\u6cbb\u7597\u3002<br \/>\n\u533b\u751f\u5bdf\u770b\u60a3\u8005\u7684\u820c\u5934\uff0c\u542c\u60a3\u8005\u7684\u5fc3\u80ba\uff0c\u7ed9\u60a3\u8005\u6309\u8109\uff0c\u91cf\u4f53\u6e29\uff0c\u91cf\u8840\u538b\uff0c\u4ee5\u4fbf\u627e\u51fa\u75c5\u75c7\u3002\u6709\u65f6\u60a3\u8005\u8fd8\u5fc5\u987b\u63a5\u53d7X\u5c04\u7ebf\u7684\u68c0\u67e5\u3002\u7136\u540e\u533b\u751f\u7ed9\u5b83\u5236\u5b9a\u9002\u5f53\u7684\u6cbb\u7597\u65b9\u6cd5\u548c\u6cbb\u7597\u624b\u6bb5\uff08\u4f8b\u5982\u836f\u7269\u3001\u7406\u7597\uff09\u3002<br \/>\n\u60a3\u8005\u5c06\u5904\u65b9\u4ea4\u7ed9\u836f\u623f\uff0c\u4ee5\u4fbf\u836f\u5242\u5e08\u4e3a\u4ed6\u628a\u836f\u65b9\u4e0a\u5f00\u7684\u836f\u914d\u597d\u3002\u8fd9\u65f6\u4ed6\u4fbf\u53ef\u5f97\u5230\u5185\u670d\u836f\u6216\u5916\u7528\u836f\uff0c\u7136\u540e\u6309\u836f\u65b9\u7528\u836f\u3002<br \/>\n\u5982\u679c\u4f60\u7259\u9f7f\u75bc\u75db\uff0c\u4f60\u5c31\u53bb\u627e\u7259\u79d1\u533b\u751f\uff0c\u4ed6\u5c06\u7ed9\u4f60\u8865\u7259\u6216\u7ed9\u4f60\u62d4\u6389\u86c0\u7259\u3002\u4ed6\u8fd8\u5c06\u7ed9\u4f60\u9576\u5047\u7259\uff0c\u5982\u679c\u4f60\u9700\u8981\u5047\u7259\u7684\u8bdd\u3002<br \/>\n\u5982\u679c\u4f60\u7684\u89c6\u529b\u4e0d\u597d\uff0c\u4f60\u5c31\u5f97\u53bb\u627e\u773c\u79d1\u533b\u751f\uff0c\u4ed6\u5c06\u4ed4\u7ec6\u68c0\u67e5\u4f60\u7684\u89c6\u529b\uff0c\u770b\u770b\u4f60\u662f\u8fd1\u89c6\u8fd8\u662f\u8fdc\u89c6\uff0c\u7136\u540e\u5f00\u51fa\u5904\u65b9\uff0c\u6309\u7167\u5904\u65b9\u4f60\u5c06\u7ed9\u81ea\u5df1\u914d\u4e00\u526f\u5408\u7528\u7684\u773c\u955c\u3002<br \/>\n\u5982\u679c\u6709\u4eba\u6298\u65ad\u624b\u81c2\uff0c\u533b\u751f\u5c31\u7ed9\u4ed6\u7528\u7ef7\u5e26\u5305\u624e\u597d\u3002\u5982\u679c\u6709\u4eba\u53d7\u4e86\u91cd\u4f24\u6216\u5f97\u4e86\u91cd\u75c5\uff0c\u5916\u79d1\u533b\u751f\u5c31\u7ed9\u4ed6\u52a8\u624b\u672f\uff0c\u7136\u540e\u62a4\u58eb\u5c31\u5bf9\u4ed6\u8fdb\u884c\u7cbe\u5fc3\u62a4\u7406\u3002<br \/>\n\u6709\u4e9b\u75c5\u662f\u4f20\u67d3\u6027\u7684\uff0c\u4f20\u67d3\u75c5\u60a3\u8005\u5e94\u8be5\u88ab\u9694\u79bb\u8d77\u6765\uff0c\u4ee5\u514d\u4ed6\u901a\u8fc7\u547c\u5438\u3001\u63a5\u89e6\u7b49\u6e20\u9053\u5c06\u8fd9\u79cd\u75c5\u4f20\u67d3\u7ed9\u522b\u4eba\u3002<br \/>\n\u70ed\u7231\u548c\u5c0a\u656c\u533b\u751f\u5427\uff0c\u56e0\u4e3a\u4ed6\u51cf\u8f7b\u4f60\u7684\u82e6\u75db\u5e76\u7ed9\u4f60\u6cbb\u75c5\u3002\u4ed6\u662f\u4eba\u7c7b\u4e0d\u53ef\u7f3a\u5c11\u7684\u670b\u53cb\u3002<br \/>\n&nbsp;<br \/>\n<strong><b>B<\/b><\/strong><br \/>\n<strong><b>\u770b\u75c5<\/b><\/strong><br \/>\n\u60a3\u8005\uff1a\u60a8\u597d\uff0c\u5927\u592b\u3002<br \/>\n\u533b\u751f\uff1a\u55ef\uff0c\u4f60\u600e\u4e48\u5566\uff1f\u4f60\u8eab\u4f53\u4e0d\u597d\u5417\uff1f<br \/>\n\u60a3\u8005\uff1a\u4e24\u4e09\u5929\u6765\u6211\u611f\u5230\u4e0d\u8212\u670d\u3002\u6211\u54b3\u55fd\uff0c\u5e38\u6253\u55b7\u568f\uff0c\u5589\u5499\u75bc\u3002<br \/>\n\u533b\u751f\uff1a\u8bf7\u628a\u820c\u5934\u4f38\u7ed9\u6211\u770b\u770b\u3002\u55ec\uff01\u820c\u82d4\u5f88\u539a\u3002\u4f60\u7684\u6e29\u5ea6\u6709\u70b9\u9ad8\u3002\u4f60\u5728\u53d1\u70e7\u3002\u4f60\u5934\u75bc\u5417\uff1f<br \/>\n\u60a3\u8005\uff1a\u662f\u7684\uff0c\u6211\u6bcf\u5929\u65e9\u6668\u5934\u75bc\u3002<br \/>\n\u533b\u751f\uff1a\u4f60\u80c3\u53e3\u597d\u5417\uff1f<br \/>\n\u60a3\u8005\uff1a\u4e00\u70b9\u80c3\u53e3\u4e5f\u6ca1\u6709\u3002\u4ece\u524d\u5929\u8d77\u6211\u4ec0\u4e48\u4e5f\u6ca1\u6709\u5403\u3002<br \/>\n\u533b\u751f\uff1a\u4f60\u7684\u80c3\u6709\u6bdb\u75c5\u3002\u8bf7\u628a\u4f60\u7684\u5634\u5f20\u5927\u53d1\u201c\u554a\u201d\u7684\u58f0\u97f3\u3002<br \/>\n\u60a3\u8005\uff1a\u554a\uff01\u554a\uff01\u554a\uff01<br \/>\n\u533b\u751f\uff1a\u4f60\u7684\u5589\u5499\u53d1\u708e\u4e86\u3002\u4f60\u6709\u5361\u4ed6\u6027\u708e\u3002\u8bf7\u89e3\u5f00\u4e0a\u8863\uff0c\u8ba9\u6211\u542c\u542c\u4f60\u7684\u80f8\u90e8\u3002\u6df1\u547c\u5438\u3002\u5514\uff0c\u4f60\u7684\u80ba\u548c\u5fc3\u810f\u90fd\u5065\u5eb7\u3002\u4f60\u6ca1\u6709\u4ec0\u4e48\u5927\u75c5\u3002\u4f60\u53ea\u662f\u611f\u5192\uff0c\u6211\u7ed9\u4f60\u5f00\u70b9\u836f\uff1b\u5982\u679c\u4f60\u6309\u65f6\u670d\u836f\uff0c\u4f60\u5f88\u5feb\u5c31\u4f1a\u597d\u7684\u3002<br \/>\n\u60a3\u8005\uff1a\u6211\u8981\u6253\u9488\u5417\uff1f<br \/>\n\u533b\u751f\uff1a\u4e0d\uff0c\u4e0d\u7528\u3002<br \/>\n\u60a3\u8005\uff1a\u6211\u5f88\u9ad8\u5174\u3002\u8c22\u8c22\u4f60\uff0c\u5927\u592b\u3002<br \/>\n&nbsp;<br \/>\n\u8c1a\u8bed<br \/>\n\u75be\u75c5\u6765\u5f97\u5feb\uff0c\u53bb\u5f97\u6162\u3002\uff08\u610f\u8fd1\uff1a\u75c5\u6765\u5982\u5c71\u5012\uff0c\u75c5\u53bb\u5982\u62bd\u4e1d\uff09<br \/>\n\u751f\u75c5\u65b9\u77e5\u5065\u5eb7\u53ef\u8d35\u3002<br \/>\n\u6700\u597d\u7684\u533b\u751f\u662f\u65f6\u95f4\u3002<br \/>\n\u826f\u836f\u82e6\u53e3\u3002<br \/>\n&nbsp;<br \/>\n\u5f00\u6000\u4e00\u7b11<br \/>\n\u4e00\u4f4d\u5e74\u8f7b\u5987\u5973\u8bf7\u533b\u751f\u770b\u75c5\u3002\u5979\u5520\u5520\u53e8\u53e8\u7684\u8bb2\u4e2a\u4e0d\u505c\uff0c\u533b\u751f\u4e0d\u5f97\u4e0d\u52a0\u4ee5\u5236\u6b62\u3002<br \/>\n\u2014\u2014\u8bf7\u628a\u4f60\u7684\u820c\u5934\u4f38\u51fa\u6765\u770b\u770b\uff01<br \/>\n\u5979\u4f9d\u4ece\u8bf7\u6c42\u4f38\u51fa\u4e86\u820c\u5934\u3002<br \/>\n\u2014\u2014\u597d\uff0c\u5c31\u8fd9\u6837\u4f38\u7740\u820c\u5934\uff0c\u76f4\u5230\u6211\u7ed9\u4f60\u5f00\u597d\u5904\u65b9\u4e3a\u6b62\u3002<br \/>\n&nbsp;<\/p>\n<h5>\u7ec3\u4e60\u53c2\u8003\u7b54\u6848<\/h5>\n<p>&nbsp;<\/p>\n<ol>\n<li>\u8bf4\u51fa\u4e0b\u5217\u6d3e\u751f\u8bcd\u7684\u610f\u601d\uff08\u53ef\u67e5\u9605\u8bcd\u5178\uff09\uff1a\uff08\u7b54\u6848\u7565\uff09<\/li>\n<\/ol>\n<p>&nbsp;<\/p>\n<ol>\n<li>\u5c06\u4e0b\u5217\u53e5\u5b50\u8bd1\u6210\u6c49\u8bed\uff1a<\/li>\n<li>\u8bb8\u591a\u6811\u5408\u5728\u4e00\u8d77\u5f62\u6210\u68ee\u6797\u3002<\/li>\n<li>\u72ec\u6728\u4e0d\u6210\u6797\u3002<\/li>\n<li>\u5bb3\u6015\u91ce\u517d\u5c31\u522b\u5230\u68ee\u6797\u91cc\u53bb\u3002<\/li>\n<li>\u5b66\u4e60\u662f\u4e0d\u4f1a\u6ca1\u6709\u6210\u679c\u7684\u3002\uff08\u8c1a\u8bed\uff09<\/li>\n<li>\u7011\u5e03\u662f\u4e00\u79cd\u7f8e\u666f\u3002<\/li>\n<li>\u80a5\u7682\u4e0d\u767d\uff0c\u4f46\u80fd\u628a\u4e1c\u897f\u6d17\u767d\u3002\uff08\u8c1a\u8bed\uff09<\/li>\n<li>\u56e2\u7ed3\u5c31\u662f\u529b\u91cf\u3002<\/li>\n<li>\u5979\u50cf\u5b69\u5b50\u822c\u5929\u771f\uff0c\u5e38\u5bf9\u6211\u8bf4\u4e9b\u5e7c\u7a1a\u7684\u8bdd\u3002<\/li>\n<li>\u6211\u548c\u4ed6\u4eec\u4eb2\u5bc6\u76f8\u5904\u3002<\/li>\n<li>\u5c0f\u6eaa\u6d41\u5411\u6c5f\u6cb3\u3002<\/li>\n<li>\u6211\u56fd\u6ca1\u6709\u5c71\uff0c\u53ea\u6709\u4e18\u9675\u3002<\/li>\n<li>\u54b3\u55fd\u548c\u7231\u60c5\u662f\u85cf\u4e0d\u4f4f\u7684\u3002\uff08\u8c1a\u8bed\uff09<\/li>\n<li>\u4f60\u80fd\u505a\u5230\u7684\u4e8b\u4eca\u5929\u5c31\u53bb\u505a\uff0c\u660e\u5929\u4f60\u4e5f\u8bb8\u4e0d\u4f1a\u518d\u627e\u5230\u673a\u4f1a\u3002<\/li>\n<li>\u660e\u5929\u53ef\u80fd\u4f1a\u66f4\u70ed\u3002<\/li>\n<\/ol>\n<p>&nbsp;<br \/>\nIII. \u7528\u51a0\u8bcdla\u586b\u7a7a\uff08\u4e0d\u9700\u8981\u586b\u51a0\u8bcd\u7684\u7a7a\u683c\u5185\u75280\u8868\u793a\uff09\uff1a<\/p>\n<ol>\n<li>La<\/li>\n<li>la<\/li>\n<li>La \u00a0la<\/li>\n<li>0<\/li>\n<li>La<\/li>\n<li>la<\/li>\n<li>0<\/li>\n<li>0<\/li>\n<li>la<\/li>\n<li>la<\/li>\n<li>la<\/li>\n<li>La<\/li>\n<li>la<\/li>\n<li>la<\/li>\n<li>La<\/li>\n<li>la<\/li>\n<li>la<\/li>\n<li>0<\/li>\n<\/ol>\n<p>&nbsp;<\/p>\n<ol>\n<li>\u6bd4\u8f83\u4e0b\u5217\u5404\u7ec4\u53e5\u5b50\u7684\u610f\u601d\uff1a<\/li>\n<\/ol>\n<p>1 \uff08\u6240\u6709\uff09\u53c2\u52a0\u90ca\u6e38\u7684\u4eba\u5c06\u5728\u5e7f\u573a\u4e0a\u96c6\u5408\u3002<br \/>\n\uff08\u4e00\u90e8\u5206\uff09\u53c2\u52a0\u90ca\u6e38\u7684\u4eba\u5c06\u5728\u5e7f\u573a\u4e0a\u96c6\u5408\u3002<br \/>\n2 \u6211\u770b\u89c1\u4e86\u90a3\u4e2a\u7a7f\u7ea2\u8863\u670d\u7684\u5973\u5b69\u5b50\u3002<br \/>\n\u6211\u770b\u89c1\u4e86\u4e00\u4e2a\u7a7f\u7ea2\u8863\u670d\u7684\u5973\u5b69\u5b50\u3002<br \/>\n3 \u6211\u4eca\u5929\u8981\u6234\u5e3d\u5b50\u3002\uff08\u6307\u81ea\u5df1\u7684\u90a3\u9876\u5e3d\u5b50\uff09<br \/>\n\u6211\u4eca\u5929\u8981\u6234\u5e3d\u5b50\u3002\uff08\u8fd9\u91cc\u53ea\u662f\u8bf4\u8981\u6234\u5e3d\u5b50\uff0c\u4e0d\u4e00\u5b9a\u975e\u8981\u6234\u81ea\u5df1\u7684\u6216\u67d0\u9876\u5e3d\u5b50\uff09<br \/>\n4 \u6211\u628a\u4ed6\u6628\u5929\u4e70\u7684\u8868\u4e22\u6389\u4e86\u3002<br \/>\n\u4ed6\u4e70\u4e86\u4e00\u5757\u8868\uff0c\u8fd9\u4e00\u5757\u8868\u5f88\u597d\u3002<br \/>\n&nbsp;<\/p>\n<ol>\n<li>\u5c06\u4e0b\u5217\u8bcd\u8bed\u8bd1\u6210\u4e16\u754c\u8bed\uff1a<\/li>\n<li>paciento<\/li>\n<li>malsano<\/li>\n<li>grava malsano<\/li>\n<li>malsaneto (malgrava malsano)<\/li>\n<li>infekta malsano<\/li>\n<li>febro<\/li>\n<li>kataro<\/li>\n<li>doloro<\/li>\n<li>kapdoloro<\/li>\n<li>stomakdoloro<\/li>\n<li>brulumi<\/li>\n<li>malvarmumi<\/li>\n<li>tusi<\/li>\n<li>terni<\/li>\n<li>vundi\u011di<\/li>\n<li>infekti<\/li>\n<li>miopa<\/li>\n<li>malmiopa<\/li>\n<li>vidado<\/li>\n<li>pulso<\/li>\n<li>sangpremo<\/li>\n<li>temperaturo<\/li>\n<li>hospitalo<\/li>\n<li>kuracisto<\/li>\n<li>doktoro<\/li>\n<li>kirurgo<\/li>\n<li>flegistino<\/li>\n<li>dentisto<\/li>\n<li>okulkuracisto, okulisto<\/li>\n<li>kuraci<\/li>\n<li>a\u016dskultumi<\/li>\n<li>palpi la pulson<\/li>\n<li>banda\u011di<\/li>\n<li>flegi<\/li>\n<li>apotekisto<\/li>\n<li>apoteko<\/li>\n<li>izoli<\/li>\n<li>operacio<\/li>\n<li>injekti<\/li>\n<li>banda\u011do<\/li>\n<li>preskribo<\/li>\n<li>recepto<\/li>\n<li>medikamento<\/li>\n<li>medikamento por interna uzado<\/li>\n<li>medikamento por ekstera uzado<\/li>\n<\/ol>\n<p>&nbsp;<\/p>\n<ol>\n<li>\u5c06\u4e0b\u5217\u53e5\u5b50\u8bd1\u6210\u4e16\u754c\u8bed\uff1a<\/li>\n<li>Hiera\u016dli iris al (la) hospitalo por konsulti kuraciston, \u0109ar li sentis sin malsaneta.<\/li>\n<li>Post kiam li donis la preskribon al la apoteko, li balda\u016dricevis medikamenton por interna uzado. (a\u016d: Doninte la preskribon al la apoteko, li balda\u016dricevis\u2026)<\/li>\n<li>La dentisto diris, ke li devas eltiri la putran denton por \u015di.<\/li>\n<li>Liaj okuloj ne bone vidas, tial li devas havigi al si ta\u016dgajn okulvitrojn.<\/li>\n<li>Hiera\u016dla kirurgo jam faris operacion al la grave vundita laboristo. (a\u016d: La kirurgo jam operaciis la grave vunditan laboriston.)<\/li>\n<li>Liaj pulmoj ne estas en ordo. Li devas ricevi X-radian ekzamenon.<\/li>\n<li>La devo de la kuracisto estas kuraci la homon de liaj malsanoj kaj kvietigi liajn suferojn. Ni devas respekti la kuraciston.<\/li>\n<li>Li regule prenis la medikamenton, tial li balda\u016dresani\u011dis.<\/li>\n<li>Li ne havas apetiton, lia temperaturo estas iom alta, kaj lia gor\u011do brulumas. Li iom malvarmumas.<\/li>\n<\/ol>\n<p>&nbsp;<br \/>\nVII. \u9605\u8bfb\u4e0b\u5217\u77ed\u6587\u5e76\u6839\u636e\u77ed\u6587\u8fa8\u522b\u4e0b\u5217\u5404\u53e5\u7684\u610f\u601d\u662f\u662f\u5426\u6b63\u786e\uff1a\uff08\u6b63\u786e\u7684\u7528\u221a\u8868\u793a\uff0c\u4e0d\u6b63\u786e\u7684\u7528\u00d7\u8868\u793a\uff09<\/p>\n<ol>\n<li>\u00d7 2. \u00d7 (\u0109ar \u015di diris, ke \u015di tuj endormi\u011dis, sed balda\u016d\u015di veki\u011dis) 3. \u221a 4. \u00d7 5. \u221a 6. \u221a<\/li>\n<\/ol>\n<p>&nbsp;<br \/>\n\u8fd4\u56de<a href=\"https:\/\/reto.cn\/php\/hanyu\/wangchongfang_mezgrada_kurso\/helpilo\/\">\u300a\u738b\u5d07\u82b3\u4e16\u754c\u8bed\u5b9e\u7528\u4e2d\u7ea7\u8bfe\u672c\u300b\u5b66\u4e60\u8f85\u5bfc\u76ee\u5f55<\/a><br \/>\n&nbsp;\t\t<\/p>\n","protected":false},"excerpt":{"rendered":"<p>\u7b2c\u4e03\u8bfe \u7b2c\u4e03\u8bfe\u8bfe\u6587\u53c2\u8003\u8bd1\u6587 &nbsp; A \u75be\u75c5\u548c\u533b\u7597 \u4eba\u751f\u75c5\u65f6\u5c31\u5230\u533b\u9662\u8bf7\u533b\u751f\u770b\u75c5\u6216\u63a5\u53d7\u533b\u751f\u7684\u6cbb\u7597\u3002 \u533b\u751f\u5bdf\u2026 <span class=\"read-more\"><a href=\"https:\/\/reto.cn\/php\/hanyu\/wangchongfang_mezgrada_kurso\/helpilo\/kurso_7\/\">\u7ee7\u7eed\u9605\u8bfb Legi pli &raquo;<\/a><\/span><\/p>\n","protected":false},"author":1,"featured_media":0,"parent":5162,"menu_order":11,"comment_status":"closed","ping_status":"closed","template":"","meta":{"footnotes":""},"_links":{"self":[{"href":"https:\/\/reto.cn\/php\/hanyu\/wp-json\/wp\/v2\/pages\/5234"}],"collection":[{"href":"https:\/\/reto.cn\/php\/hanyu\/wp-json\/wp\/v2\/pages"}],"about":[{"href":"https:\/\/reto.cn\/php\/hanyu\/wp-json\/wp\/v2\/types\/page"}],"author":[{"embeddable":true,"href":"https:\/\/reto.cn\/php\/hanyu\/wp-json\/wp\/v2\/users\/1"}],"replies":[{"embeddable":true,"href":"https:\/\/reto.cn\/php\/hanyu\/wp-json\/wp\/v2\/comments?post=5234"}],"version-history":[{"count":0,"href":"https:\/\/reto.cn\/php\/hanyu\/wp-json\/wp\/v2\/pages\/5234\/revisions"}],"up":[{"embeddable":true,"href":"https:\/\/reto.cn\/php\/hanyu\/wp-json\/wp\/v2\/pages\/5162"}],"wp:attachment":[{"href":"https:\/\/reto.cn\/php\/hanyu\/wp-json\/wp\/v2\/media?parent=5234"}],"curies":[{"name":"wp","href":"https:\/\/api.w.org\/{rel}","templated":true}]}}