{"id":5249,"date":"2019-03-21T13:20:58","date_gmt":"2019-03-21T05:20:58","guid":{"rendered":"http:\/\/reto.cn\/php\/hanyu\/?page_id=5249"},"modified":"2019-03-21T13:20:58","modified_gmt":"2019-03-21T05:20:58","slug":"kurso_10","status":"publish","type":"page","link":"https:\/\/reto.cn\/php\/hanyu\/wangchongfang_mezgrada_kurso\/helpilo\/kurso_10\/","title":{"rendered":"\u4e16\u754c\u8bed\u4e2d\u7ea7\u6559\u7a0b\u5b66\u4e60\u8f85\u5bfc \u7b2c\u5341\u8bfe"},"content":{"rendered":"<p>\t\t\t\t<strong><b>\u7b2c\u5341\u8bfe<\/b><\/strong><\/p>\n<h5>\u7b2c\u5341\u8bfe\u8bfe\u6587\u53c2\u8003\u8bd1\u6587<\/h5>\n<p>&nbsp;<br \/>\n<strong><b>A<\/b><\/strong><br \/>\n<strong><b>\u4eba\u548c\u56db\u5b63<\/b><\/strong><br \/>\n\uff08\u6563\u6587\u8bd7\uff09<br \/>\n&nbsp;<br \/>\n\u5728\u590f\u5b63\u6674\u6717\u7684\u665a\u4e0a\uff0c\u5f53\u4eba\u4eec\u5750\u5728\u623f\u524d\u5c0f\u51f3\u4e0a\u7684\u65f6\u5019\uff0c\u5c31\u4f1a\u60c5\u4e0d\u81ea\u7981\u5730\u60f3\u5230\u8fd9\u4e2a\u4e16\u754c\uff0c\u60f3\u5230\u5b8f\u4f1f\u7684\u5b87\u5b99\u3002\u65e0\u6570\u661f\u661f\u5728\u95ea\u70c1\uff0c\u6708\u5149\u7167\u7740\u4eba\u95f4\uff0c\u65f6\u800c\u6709\u6d41\u661f\u5212\u8fc7\u957f\u7a7a\u3002\u8fd9\u65f6\u5976\u5976\u5c31\u8bf4\uff0c\u4e16\u4e0a\u6709\u4e00\u4e2a\u4eba\u6b7b\u53bb\u4e86\u3002<br \/>\n\u6211\u4eec\u7684\u5730\u7403\u4e5f\u53ea\u662f\u4e00\u9897\u5c0f\u7684\u661f\u661f\u3002\u5b83\u5728\u8f68\u9053\u4e0a\u5954\u9a70\u7740\uff0c\u6781\u5feb\u5730\u5954\u9a70\u7740\uff0c\u670d\u4ece\u7740\u6c38\u6052\u7684\u89c4\u5f8b\u3002\u6211\u4eec\u7684\u5730\u7403\u662f\u6574\u4e2a\u5b87\u5b99\u7684\u4e00\u9762\u955c\u5b50\u3002<br \/>\n\u6211\u975e\u5e38\u559c\u6b22\u8fd9\u6837\u7684\u590f\u591c\uff0c\u56e0\u4e3a\u5b83\u4eec\u5524\u8d77\u6211\u4e0d\u5bfb\u5e38\u7684\u9050\u60f3\u3002\u8fd9\u4e9b\u9050\u60f3\u662f\u7eaf\u6d01\u7684\uff0c\u67d4\u548c\u7684\uff0c\u5b83\u4eec\u5360\u636e\u7740\u6211\u7684\u7075\u9b42\uff0c\u6211\u7684\u5fc3\u4fbf\u56e0\u6b64\u5145\u6ee1\u4e86\u5e84\u4e25\u7684\u611f\u60c5\u3002<br \/>\n\u5730\u7403\u7684\u751f\u547d\u662f\u5b87\u5b99\u7684\u4e00\u9762\u955c\u5b50\uff0c\u4eba\u7684\u751f\u547d\u662f\u5730\u7403\u7684\u4e00\u9762\u955c\u5b50\u3002<br \/>\n\u7ae5\u5e74\u8c61\u5f81\u7740\u6625\u5929\u3002\u513f\u7ae5\u597d\u6bd4\u4e00\u6735\u9c9c\u8273\u7684\u5c0f\u82b1\u3002\u8fd9\u6735\u5c0f\u82b1\u7eaf\u6d01\uff0c\u5a07\u5ae9\uff0c\u5b83\u5bfb\u6c42\u7740\u6e29\u6696\u7684\u9633\u5149\uff0c\u8fd8\u4e0d\u77e5\u9053\u4ec0\u4e48\u662f\u9634\u5f71\uff0c\u4e5f\u4ece\u6765\u6ca1\u6709\u7ecf\u5386\u8fc7\u72c2\u98ce\u66b4\u96e8\u3002<br \/>\n\u4eba\u7684\u9752\u5e74\u65f6\u671f\u8c61\u5f81\u7740\u81ea\u7136\u754c\u7684\u9752\u6625\u2014\u2014\u590f\u5b63\u3002\u8fd9\u65f6\u4eba\u5c31\u50cf\u5730\u7403\u4e00\u6837\u751f\u6d3b\u5728\u70bd\u70ed\u4e4b\u4e2d\u3002\u4ed6\u70ed\u60c5\u5730\u5de5\u4f5c\uff0c\u4ed6\u6b22\u4e50\u5730\u6b4c\u5531\uff0c\u6709\u65f6\u4e5f\u4f1a\u54ed\u6ce3\uff0c\u4f46\u6bcf\u6b21\u5f88\u5feb\u5c31\u5fd8\u6389\u70e6\u607c\uff0c\u56e0\u4e3a\u9634\u4e91\u6d88\u6563\u4ee5\u540e\uff0c\u4ec1\u6148\u7684\u6e29\u6696\u9633\u5149\u53c8\u4f1a\u91cd\u65b0\u51fa\u73b0\u3002<br \/>\n\u4eba\u7684\u58ee\u5e74\u65f6\u671f\u597d\u6bd4\u662f\u79cb\u5929\u3002\u7ecf\u8fc7\u957f\u671f\u52b3\u4f5c\u4e4b\u540e\uff0c\u4eba\u7684\u5fc3\u5883\u5b89\u5b81\u4e86\uff0c\u601d\u60f3\u6210\u719f\u4e86\u3002\u9633\u5149\u5df2\u7ecf\u4e0d\u518d\u50cf\u76db\u590f\u65f6\u90a3\u6837\u5f3a\u70c8\uff1b\u4f46\u5b83\u5374\u50cf\u5976\u5976\u6148\u7965\u7684\u5fae\u7b11\u90a3\u6837\u6e29\u67d4\u3002\u773c\u4e2d\u7684\u6cea\u6c34\u597d\u4f3c\u5927\u81ea\u7136\u4e2d\u9635\u9635\u7684\u79cb\u96e8\u3002<br \/>\n\u79cb\u5b63\u6210\u719f\u671f\u8fc7\u540e\u662f\u51ac\u5b63\u66ae\u5e74\u65f6\u671f\u3002\u79ef\u96ea\u8986\u76d6\u7740\u5927\u5730\uff0c\u4eba\u7684\u5934\u4e0a\u5df2\u767d\u53d1\u82cd\u82cd\u3002\u4eba\u7684\u5fc3\u4e5f\u611f\u5230\u4e86\u4e25\u5bd2\u7684\u5a01\u80c1\u3002\u592a\u9633\u867d\u7136\u8fd8\u5728\u53d1\u5149\uff0c\u4f46\u5df2\u7ecf\u4e0d\u518d\u7ed9\u4eba\u4ee5\u6e29\u6696\u3002\u5927\u7247\u7684\u4e4c\u4e91\u5e03\u6ee1\u5929\u7a7a\uff0c\u5bd2\u971c\u94fa\u6ee1\u4e86\u7530\u91ce\uff0c\u4e25\u51b0\u5c01\u76d6\u7740\u6c5f\u6cb3\u2026\u2026\u6162\u6162\u5730\uff0c\u6162\u6162\u5730\u6b7b\u4ea1\u6765\u5230\u4e86\u3002\u81ea\u7136\u754c\u7684\u751f\u547d\u5f00\u59cb\u6c89\u7761\u4e86\uff0c\u4e00\u76f4\u6c89\u7761\u5230\u65b0\u7684\u6625\u5929\u6765\u4e34\u3002<br \/>\n\u5bf9\u65b0\u7684\u6625\u5929\u7684\u5e0c\u671b\u4f34\u968f\u7740\u6bcf\u4e00\u4e2a\u5584\u826f\u4eba\u7684\u4e00\u751f\u3002\u8fd9\u5e0c\u671b\u662f\u71c3\u70e7\u5728\u6211\u4eec\u5fc3\u4e2d\u7684\u6c38\u6052\u7684\u706b\u3002\u4e00\u4ee3\u4eba\u63a5\u7740\u4e00\u4ee3\u4eba\uff0c\u6bcf\u4e00\u4ee3\u4eba\u90fd\u662f\u65b0\u7684\u6625\u5929\u3002<br \/>\n\u6bcf\u5e74\u51ac\u5929\u8fc7\u540e\u6625\u5929\u603b\u4f1a\u5230\u6765\uff0c\u51b0\u96ea\u878d\u5316\u4ee5\u540e\u603b\u4f1a\u51fa\u73b0\u65b0\u7684\u751f\u547d\u3002<br \/>\n&nbsp;<br \/>\n\uff08\u5c24\u5229\u00b7\u5df4\u57fa\u8457\uff09<br \/>\n&nbsp;<br \/>\n&nbsp;<br \/>\n<strong><b>B<\/b><\/strong><br \/>\n<strong><b>\u5929\u6c14<\/b><\/strong><br \/>\n\u5929\u6c14\u662f\u5728\u4e00\u5b9a\u5730\u533a\u548c\u4e00\u5b9a\u65f6\u95f4\u5185\u5173\u4e8e\u6e7f\u5ea6\u3001\u4e91\u3001\u96e8\u3001\u98ce\u3001\u6e29\u5ea6\u7b49\u7684\u5927\u6c14\u72b6\u51b5\u3002<br \/>\n\u5929\u7a7a\u5e03\u6ee1\u4e4c\u4e91\u65f6\uff0c\u5f80\u5f80\u6709\u6c34\u6ef4\u843d\u4e0b\uff0c\u8fd9\u5c31\u662f\u96e8\u3002\u5982\u679c\u96e8\u7ed3\u6210\u51b0\u5e76\u4ee5\u9897\u7c92\u72b6\u843d\u4e0b\uff0c\u8fd9\u5c31\u662f\u51b0\u96f9\u3002\u51ac\u5929\u5929\u6c14\u5bd2\u51b7\uff0c\u5e38\u6709\u767d\u8272\u7684\u5c0f\u800c\u8f7b\u7684\u7247\u72b6\u7269\u843d\u4e0b\uff0c\u8fd9\u5c31\u662f\u96ea\u3002\u96fe\u662f\u6d6e\u52a8\u5728\u5730\u9762\u4e0a\u5bc6\u96c6\u7684\u6c34\u6c14\u3002\u9732\u662f\u591c\u95f4\u6c34\u6c14\u5728\u690d\u7269\u548c\u5176\u4ed6\u7269\u4f53\u7684\u5bd2\u51b7\u7684\u8868\u9762\u4e0a\u5f62\u6210\u7684\u5c0f\u6c34\u6ef4\u3002\u5982\u679c\u5728\u4e25\u5bd2\u7684\u591c\u95f4\u9732\u6216\u8584\u96fe\u5728\u7269\u4f53\u4e0a\u7ed3\u6210\u51b0\uff0c\u8fd9\u65f6\u5c31\u4f1a\u51fa\u73b0\u7ec6\u5bc6\u7684\u767d\u8272\u7c89\u672b\uff0c\u8fd9\u5c31\u662f\u971c\u3002<br \/>\n\u98ce\u662f\u7a7a\u6c14\u7684\u6d41\u52a8\u3002\u7a7a\u6c14\u5fae\u5fae\u6d41\u52a8\u65f6\u522e\u5c0f\u98ce\uff1b\u7a7a\u6c14\u731b\u70c8\u8fd0\u52a8\u65f6\u522e\u5927\u98ce\u3002\u66b4\u98ce\u662f\u901a\u5e38\u4f34\u6709\u5927\u96e8\u7684\u6709\u7834\u574f\u6027\u7684\u5927\u98ce\uff1b\u98d3\u98ce\u662f\u4e00\u79cd\u6bd4\u66b4\u98ce\u66f4\u5f3a\u70c8\u7684\u5927\u98ce\uff0c\u4e5f\u5c31\u662f\u6700\u5f3a\u70c8\u7684\u98ce\u3002<br \/>\n\u9760\u8fd1\u5317\u6781\u6216\u5357\u6781\u7684\u5730\u65b9\u51ac\u5b63\u548c\u590f\u5b63\u90fd\u5f88\u51b7\uff0c\u800c\u975e\u6d32\u4e2d\u90e8\u603b\u662f\u5f88\u70ed\uff0c\u4ece\u6765\u4e0d\u51b7\u3002\u6211\u4eec\u8fd9\u91cc\u590f\u5b63\u5f00\u59cb\u65f6\uff0c\u6fb3\u5927\u5229\u4e9a\u51ac\u5b63\u5f00\u59cb\uff1b\u5317\u534a\u7403\u6625\u5b63\u7ed3\u675f\u65f6\uff0c\u5357\u534a\u7403\u6b63\u597d\u79cb\u5b63\u7ed3\u675f\u3002<br \/>\n&nbsp;<br \/>\n************<br \/>\n\u6628\u5929\u5929\u6c14\u6674\u6717\u3002\u78a7\u7a7a\u65e0\u4e91\uff0c\u9633\u5149\u707f\u70c2\uff0c\u5929\u6c14\u65e2\u4e0d\u592a\u70ed\uff0c\u4e5f\u4e0d\u592a\u51b7\u3002\u4f46\u665a\u4e0a\u5929\u7a7a\u660f\u6697\u8d77\u6765\uff0c\u5e76\u5f00\u59cb\u522e\u98ce\u3002\u591c\u95f4\u6253\u95ea\uff0c\u54cd\u96f7\uff0c\u4f46\u6ca1\u6709\u4e0b\u96e8\u3002\u7531\u4e8e\u96f7\u58f0\u5f88\u5927\uff0c\u6211\u4e00\u76f4\u5230\u534a\u591c\u624d\u7761\u7740\u3002\u4eca\u5929\u4e00\u6e05\u65e9\u5c31\u4e0b\u5927\u96e8\u3002\u5927\u96e8\u65f6\u65ad\u65f6\u7eed\u4e00\u76f4\u4e0b\u5230\u4e03\u70b9\u3002\u73b0\u5728\u592a\u9633\u5df2\u7ecf\u51fa\u6765\u3002\u7a7a\u6c14\u5f88\u65b0\u9c9c\uff0c\u77a7\uff0c\u591a\u4e48\u78a7\u84dd\u7684\u5929\u7a7a\u554a\uff01<br \/>\n&nbsp;<br \/>\n<strong><b>\u5173\u4e8e\u5929\u6c14\u7684\u5c0f\u5bf9\u8bdd<\/b><\/strong><br \/>\n1<br \/>\n\u2014\u2014\u4eca\u5929\u5929\u6c14\u5f88\u597d\uff0c\u4e0d\u662f\u5417\uff1f<br \/>\n\u2014\u2014\u662f\u7684\uff0c\u786e\u5b9e\u597d\u3002\u5929\u6c14\u5f88\u5b9c\u4eba\u3002<br \/>\n\u2014\u2014\u5929\u6c14\u8fd9\u4e48\u597d\uff0c\u6211\u4eec\u53bb\u6563\u6b65\u5427\u3002<br \/>\n\u2014\u2014\u54e6\uff0c\u6211\u662f\u5f88\u60f3\u53bb\u6563\u6b65\u7684\uff0c\u53ef\u662f\u6211\u5f97\u53bb\u4e70\u4e1c\u897f\u3002<br \/>\n2<br \/>\n\u2014\u2014A\u5148\u751f\uff0c\u6211\u5f88\u8363\u5e78\u5730\u5411\u60a8\u95ee\u5019\u3002<br \/>\n\u2014\u2014\u65e9\u6668\u597d\uff0c\u5e74\u9752\u7684\u670b\u53cb\u3002<br \/>\n\u2014\u2014\u4eca\u5929\u5929\u6c14\u5f88\u597d\u3002\u662f\u4e0d\u662f\uff0c\u5148\u751f\uff1f<br \/>\n\u2014\u2014\u662f\u7684\uff0c\u771f\u597d\u3002\u53ef\u5c31\u662f\u98ce\u5927\u4e86\u4e00\u70b9\u513f\u3002<br \/>\n3<br \/>\n\u2014\u2014\u4eca\u5929\u5929\u6c14\u5f88\u7cdf\u7cd5\u3002\u662f\u4e0d\u662f\uff0cA\u5148\u751f\uff1f<br \/>\n\u2014\u2014\u662f\u7684\uff0cB\u5148\u751f\u3002\u5929\u6c14\u592a\u7cdf\u4e86\uff01\u96e8\u771f\u5927\u554a\uff01<br \/>\n\u2014\u2014\u96e8\u4e0b\u4e86\u6574\u6574\u4e00\u591c\u3002<br \/>\n\u2014\u2014\u771f\u7684\u5417\uff1f\u6211\u7761\u7740\u7684\u65f6\u5019\uff0c\u542c\u4e0d\u89c1\u96e8\u58f0\uff0c\u5373\u4f7f\u503e\u76c6\u5927\u96e8\u4e5f\u542c\u4e0d\u89c1\u3002<br \/>\n&nbsp;<br \/>\n\u8c1a\u8bed<br \/>\n\u4e91\u5927\u96e8\u5c0f\u3002\uff08\u6bd4\u8f83\uff1a\u96f7\u58f0\u5927\uff0c\u96e8\u70b9\u5c0f\uff09<br \/>\n\u56db\u6708\u96e8\u6c34\u8d35\u5982\u6cb9\u3002<br \/>\n\u98ce\u96e8\u8fc7\u540e\u9633\u5149\u683c\u5916\u707f\u70c2\u3002<br \/>\n\u4e00\u65e5\u4e4b\u8ba1\u5728\u4e8e\u6668\u3002<br \/>\n\u4eba\u751f\u7684\u5404\u4e2a\u65f6\u671f\u90fd\u5e94\u589e\u957f\u667a\u6167\u3002<br \/>\n\u5047\u5982\u6211\u628a\u4e0d\u61c2\u7684\u4e1c\u897f\u5168\u90fd\u5f04\u61c2\u4e86\uff0c\u6240\u6709\u7684\u806a\u660e\u4eba\u90fd\u4f1a\u7fa1\u6155\u6211\u3002<br \/>\n\u8c01\u7b11\u5728\u6700\u540e\uff0c\u8c01\u7b11\u5f97\u6700\u597d\u3002<br \/>\n&nbsp;<br \/>\n&nbsp;<br \/>\n&nbsp;<br \/>\n&nbsp;<\/p>\n<h5>\u7ec3\u4e60\u53c2\u8003\u7b54\u6848<\/h5>\n<p>&nbsp;<br \/>\nI\u81f3II \uff08\u7565\uff09<br \/>\n&nbsp;<br \/>\nIII 1. sezono \u00a02. pluvo \u00a03. tondro \u00a04. stelo \u00a05. luno \u00a06. mortinto \u00a07. vendisto\/ vendanto \u00a08. hotelo<\/p>\n<ol>\n<li>\u56de\u7b54\u4e0b\u5217\u95ee\u9898\uff1a<\/li>\n<li>Mi (a\u016d: Mia frato) estas pli a\u011da.<\/li>\n<li>Marto estas pli longa.<\/li>\n<li>Februaro, aprilo, junio, septembro kaj novembro estas malpli longaj ol decembro.<\/li>\n<li>Somere estas pli varme.<\/li>\n<li>La vagonaro estas pli rapida.<\/li>\n<li>La tero estas pli granda.<\/li>\n<li>La pomo (a\u016d: piro) estas pli bongusta.<\/li>\n<li>La fero estas pli peza.<\/li>\n<li>La jako estas pli varma.<\/li>\n<li>La sukero estas pli multekosta. \u2014 La televidilo estas pli multekosta.<\/li>\n<li>La maturulo estas pli forta.<\/li>\n<li>Francio estas la plej granda.<\/li>\n<li>Jangzi estas la plej longa.<\/li>\n<li>Esperanto estas la plej facila.<\/li>\n<li>La filmo Ru\u011daj \u015cuoj \uff08\u300a\u7ea2\u83f1\u8273\u300b\u2014\u2014\u6839\u636e\u5b89\u5f92\u751f\u7684\u7ae5\u8bdd\u300aRu\u011daj \u015cuoj\u300b\u6539\u7f16\u6210\u7684\u4e00\u90e8\u82ad\u857e\u821e\u5267\uff09 estas por mi la plej interesa.<\/li>\n<li>\u300aFabeloj de Andersen\u300b plej pla\u0109as al mi. \uff08bildo, poemo, kanto \u53ef\u914c\u60c5\u56de\u7b54\uff09<\/li>\n<\/ol>\n<p>&nbsp;<\/p>\n<ol>\n<li>\u5c06\u4e0b\u5217\u53e5\u5b50\u8bd1\u6210\u6c49\u8bed\uff1a<\/li>\n<li>\u6211\u65e2\u559d\u8336\u53c8\u559d\u5496\u5561\u3002<\/li>\n<li>\u6211\u6216\u8005\u559d\u8336\u6216\u8005\u559d\u5496\u5561\u3002<\/li>\n<li>\u6211\u65e2\u4e0d\u559d\u8336\u4e5f\u4e0d\u559d\u5496\u5561\u3002<\/li>\n<li>\u6b22\u4e50\u548c\u60b2\u54c0\u90fd\u662f\u6682\u65f6\u7684\u3002\uff08\u8c1a\u8bed\uff09<\/li>\n<li>\u6211\u65e2\u6ca1\u7a7f\u84dd\u8863\u670d\uff0c\u4e5f\u6ca1\u7a7f\u7eff\u8272\u8863\u670d\uff0c\u800c\u7a7f\u9ed1\u8272\u8863\u670d\u3002<\/li>\n<li>\u6211\u5750\u5728\u65c1\u8fb9\uff0c\u6ca1\u6709\u542c\u89c1\uff0c\u4e5f\u6ca1\u6709\u770b\u89c1\u3002\uff08\u8c1a\u8bed\u3002\u610f\u4e3a\uff1a\u6211\u4e1d\u6beb\u6ca1\u6709\u6ce8\u610f\uff1b\u8fd9\u4e8b\u8ddf\u6211\u6beb\u4e0d\u76f8\u5e72\u3002\uff09<\/li>\n<li>\u6211\u6ca1\u6709\u9047\u89c1\u4ed6\uff0c\u4e5f\u6ca1\u6709\u9047\u89c1\u4ed6\u7684\u513f\u5b50\u3002<\/li>\n<li>\u50bb\u5b50\u7684\u5934\u4e0d\u4f1a\u53d8\u767d\uff0c\u4e5f\u4e0d\u4f1a\u53d8\u79c3\u3002\uff08\u8c1a\u8bed\uff09<\/li>\n<li>\u6211\u7684\u670b\u53cb\u4e0d\u662f\u628a\u6211\u5fd8\u4e86\uff0c\u5c31\u662f\u6709\u75c5\uff0c\u56e0\u4e3a\u4ed6\u6ca1\u6709\u5230\u6211\u8fd9\u513f\u6765\uff0c\u4e5f\u6ca1\u7ed9\u6211\u5199\u4fe1\u3002<\/li>\n<li>\u8981\u4e48\u73b0\u5728\u7b54\u590d\uff0c\u8981\u4e48\u660e\u5929\u7b54\u590d\u3002<\/li>\n<li>\u8bf7\u6478\u4e00\u6478\u7089\u5b50\uff0c\u770b\u770b\u5b83\u662f\u70ed\u7684\u8fd8\u662f\u51c9\u7684\u3002<\/li>\n<li>\u5230\u90a3\u4e2a\u5c0f\u57ce\u53bb\uff0c\u8fd8\u662f\u4e0d\u5230\u90a3\u4e2a\u5c0f\u57ce\u53bb\uff0c\u6211\u7684\u53d4\u53d4\u72b9\u8c6b\u4e0d\u51b3\u3002<\/li>\n<li>\u4e0d\u77e5\u662f\u7531\u4e8e\u6781\u5ea6\u9ad8\u5174\u8fd8\u662f\u7531\u4e8e\u5bb3\u6015\uff0c\u4ed6\u7684\u5fc3\u6026\u6026\u8df3\u52a8\u3002<\/li>\n<li>\u6211\u559d\u4ec0\u4e48\u5462\uff1f\u559d\u8336\uff1f\u559d\u5496\u5561\u8fd8\u662f\u559d\u522b\u7684\u4ec0\u4e48\u996e\u6599\uff1f<\/li>\n<li>\u4ed6\u4e00\u4f1a\u513f\u8bfb\u4e66\uff0c\u4e00\u4f1a\u513f\u770b\u6742\u5fd7\u3002<\/li>\n<li>\u4ed6\u8d70\u8d70\u8dd1\u8dd1\uff0c\u6765\u5230\u5bb6\u95e8\u3002<\/li>\n<li>\u5c71\u4e0e\u5c71\u4e0d\u76f8\u9022\uff0c\u4eba\u4e0e\u4eba\u4f1a\u76f8\u89c1\uff1b\u5c71\u548c\u5c71\u65e0\u6cd5\u76f8\u9047\uff0c\u4eba\u4e0e\u4eba\u603b\u4f1a\u76f8\u9022\uff08\u8c1a\u8bed\u3002\u672c\u53e5\u662f\u670b\u53cb\u60dc\u522b\u65f6\u7684\u7528\u8bed\uff0c\u6709\u201c\u540e\u4f1a\u6709\u671f\u201d\u7684\u610f\u601d\u3002\u610f\u8fd1\uff1a\u4eba\u751f\u4f55\u5904\u4e0d\u76f8\u9022\uff1b\u5c71\u4e0d\u8f6c\u6c34\u8f6c\uff0c\u6c34\u4e0d\u8f6c\u8def\u8f6c\u6216\u5730\u4e0d\u8f6c\u4eba\u8f6c\uff09<\/li>\n<li>\u665a\u95f4\u5c31\u8be5\u8d4f\u6708\u800c\u4e0d\u8be5\u5bfb\u627e\u592a\u9633\u3002\uff08\u8c1a\u8bed\u3002\u610f\u4e3a\uff1a\u4e0d\u8981\u5bfb\u627e\u4e0d\u53ef\u80fd\u627e\u5230\u7684\u4e1c\u897f\uff1b\u4e0d\u8981\u4f5c\u65e0\u8c13\u7684\u5bfb\u6c42\u3002\uff09<\/li>\n<li>\u5982\u679c\u4eba\u4eba\u81ea\u626b\u95e8\u524d\uff0c\u5168\u57ce\u5c31\u4f1a\u6574\u6d01\u4e0d\u4e71\uff1b\u4eba\u4eba\u95e8\u524d\u81ea\u5df1\u626b\uff0c\u5168\u57ce\u6574\u6d01\u81ea\u4f1a\u597d\u3002\uff08\u8c1a\u8bed\u3002\u610f\u4e3a\uff1a\u5982\u679c\u6bcf\u4e2a\u6210\u5458\u90fd\u80fd\u4e25\u683c\u8981\u6c42\u81ea\u5df1\uff0c\u628a\u81ea\u5df1\u5e94\u505a\u7684\u4e8b\u6216\u6240\u5206\u62c5\u7684\u5de5\u4f5c\u505a\u597d\uff0c\u90a3\u4e48\u6574\u4e2a\u4e8b\u4e1a\u6216\u603b\u7684\u60c5\u51b5\u5c31\u4f1a\u5904\u4e8e\u826f\u597d\u72b6\u6001\u4e2d\u3002\u610f\u8fd1\uff1a\u4f17\u64ce\u6613\u4e3e\u3002\uff09<\/li>\n<li>\u706b\u7130\u867d\u5c0f\uff0c\u5192\u70df\u4e0d\u5c11\u3002\uff08\u8c1a\u8bed\u3002\u610f\u4e3a\uff1a\u5c0f\u7684\u4e1c\u897f\u5f80\u5f80\u80fd\u8d77\u5927\u7684\u4f5c\u7528\u3002\uff09<\/li>\n<li>\u8d81\u70ed\u6253\u94c1\u3002\uff08\u8c1a\u8bed\uff09<\/li>\n<li>\u6211\u4eec\u5e94\u8be5\u4f7f\u8eab\u5fc3\u90fd\u5f97\u5230\u6ee1\u8db3\u3002<\/li>\n<\/ol>\n<p>&nbsp;<\/p>\n<ol>\n<li>\u7528\u9002\u5f53\u7684\u8fde\u8bcd\u586b\u7a7a\uff1a<\/li>\n<li>\u0109ar \u00a02. ke \u00a03. sed \u00a04. se \u00a05. ke \u00a06. tamen, \u0109u \u00a07. ke \u00a08. \u011dis \u00a09. nek \u00a010. kaj&#8230; kaj&#8230; (a\u016d: nek&#8230; nek&#8230;) \u00a011. \u0109u&#8230; \u0109u&#8230; \u00a012. ke<\/li>\n<\/ol>\n<p>&nbsp;<br \/>\nVII. \u7528\u4e0b\u5217\u5404\u7ec4\u8fde\u8bcd\u9020\u53e5\u3002\uff08\u8fd9\u4e5d\u5bf9\u76f8\u5173\u8fde\u8bcd\u8bfe\u672c\u8bed\u6cd5\u90e8\u5206\u90fd\u6709\u4f8b\u53e5\uff0c\u8bf7\u4eff\u7167\u4f8b\u53e5\u9020\u53e5\u3002\u7b54\u6848\u7565\u3002\uff09<br \/>\n&nbsp;<br \/>\nVIII. \u5c06\u4e0b\u5217\u53e5\u5b50\u8bd1\u6210\u4e16\u754c\u8bed\u3002<\/p>\n<ol>\n<li>Mi ne vidis vin, nek lin.<\/li>\n<li>Mi lin ne amas, nek malamas.<\/li>\n<li>Mi renkontis ne nur lin, sed anka\u016d lian edzinon.<\/li>\n<li>\u015ci jen ploras, jen ridas. (a\u016d: \u015ci jen ploris, jen ridis.)<\/li>\n<li>Kvankam jam estas malfrue, tamen ili ankora\u016d ne venis.<\/li>\n<li>Kion vi volas (a\u016d: deziras) legi? \u0108u (la) libron a\u016d (la) gazeton? \uff08\u8bf7\u6ce8\u610f\u7528la\u548c\u4e0d\u7528la\u5728\u610f\u601d\u4e0a\u7684\u7ec6\u5fae\u7ec6\u533a\u522b\uff09<\/li>\n<li>Demandu lin, \u0109u li morga\u016d venos a\u016d ne?<\/li>\n<li>Kiam mi skribis leteron, mia fratino venis en mian \u0109ambron.<\/li>\n<li>Se ili venos, ni devos bone akcepti ilin.<\/li>\n<li>A\u016d venu mem, a\u016d skribu al mi.<\/li>\n<li>Mi ne scias, \u0109u \u011di estas ru\u011da a\u016d nigra.<\/li>\n<li>Mi esperas, ke ili sukcesos.<\/li>\n<li>Mi amas kaj la poemon kaj la prozon.<\/li>\n<li>Li amas nek la poemon nek la prozon.<\/li>\n<\/ol>\n<p>\u8fd4\u56de<a href=\"https:\/\/reto.cn\/php\/hanyu\/wangchongfang_mezgrada_kurso\/helpilo\/\">\u300a\u738b\u5d07\u82b3\u4e16\u754c\u8bed\u5b9e\u7528\u4e2d\u7ea7\u8bfe\u672c\u300b\u5b66\u4e60\u8f85\u5bfc\u76ee\u5f55<\/a>\t\t<\/p>\n","protected":false},"excerpt":{"rendered":"<p>\u7b2c\u5341\u8bfe \u7b2c\u5341\u8bfe\u8bfe\u6587\u53c2\u8003\u8bd1\u6587 &nbsp; A \u4eba\u548c\u56db\u5b63 \uff08\u6563\u6587\u8bd7\uff09 &nbsp; \u5728\u590f\u5b63\u6674\u6717\u7684\u665a\u4e0a\uff0c\u5f53\u4eba\u4eec\u5750\u5728\u2026 <span class=\"read-more\"><a href=\"https:\/\/reto.cn\/php\/hanyu\/wangchongfang_mezgrada_kurso\/helpilo\/kurso_10\/\">\u7ee7\u7eed\u9605\u8bfb Legi pli &raquo;<\/a><\/span><\/p>\n","protected":false},"author":1,"featured_media":0,"parent":5162,"menu_order":16,"comment_status":"closed","ping_status":"closed","template":"","meta":{"footnotes":""},"_links":{"self":[{"href":"https:\/\/reto.cn\/php\/hanyu\/wp-json\/wp\/v2\/pages\/5249"}],"collection":[{"href":"https:\/\/reto.cn\/php\/hanyu\/wp-json\/wp\/v2\/pages"}],"about":[{"href":"https:\/\/reto.cn\/php\/hanyu\/wp-json\/wp\/v2\/types\/page"}],"author":[{"embeddable":true,"href":"https:\/\/reto.cn\/php\/hanyu\/wp-json\/wp\/v2\/users\/1"}],"replies":[{"embeddable":true,"href":"https:\/\/reto.cn\/php\/hanyu\/wp-json\/wp\/v2\/comments?post=5249"}],"version-history":[{"count":0,"href":"https:\/\/reto.cn\/php\/hanyu\/wp-json\/wp\/v2\/pages\/5249\/revisions"}],"up":[{"embeddable":true,"href":"https:\/\/reto.cn\/php\/hanyu\/wp-json\/wp\/v2\/pages\/5162"}],"wp:attachment":[{"href":"https:\/\/reto.cn\/php\/hanyu\/wp-json\/wp\/v2\/media?parent=5249"}],"curies":[{"name":"wp","href":"https:\/\/api.w.org\/{rel}","templated":true}]}}