{"id":5253,"date":"2019-03-21T13:25:25","date_gmt":"2019-03-21T05:25:25","guid":{"rendered":"http:\/\/reto.cn\/php\/hanyu\/?page_id=5253"},"modified":"2019-03-21T13:25:25","modified_gmt":"2019-03-21T05:25:25","slug":"kurso_11","status":"publish","type":"page","link":"https:\/\/reto.cn\/php\/hanyu\/wangchongfang_mezgrada_kurso\/helpilo\/kurso_11\/","title":{"rendered":"\u4e16\u754c\u8bed\u4e2d\u7ea7\u6559\u7a0b\u5b66\u4e60\u8f85\u5bfc \u7b2c\u5341\u4e00\u8bfe"},"content":{"rendered":"<p>\t\t\t\t<strong><b>\u7b2c\u5341\u4e00\u8bfe<\/b><\/strong><\/p>\n<h5>\u7b2c\u5341\u4e00\u8bfe\u8bfe\u6587\u53c2\u8003\u8bd1\u6587<\/h5>\n<p>&nbsp;<br \/>\n<strong><b>A<\/b><\/strong><br \/>\n<strong><b>\u5386\u6cd5<\/b><\/strong><br \/>\n&nbsp;<br \/>\n\u5386\u6cd5\u662f\u4e00\u79cd\u8ba1\u7b97\u548c\u5212\u5206\u65f6\u95f4\u7684\u7cfb\u7edf\u3002\u4e2d\u56fd\u4eba\u3001\u5370\u5ea6\u4eba\u3001\u963f\u62c9\u4f2f\u4eba\u3001\u5e0c\u4f2f\u6765\u4eba\u3001\u5e0c\u814a\u4eba\u5f88\u65e9\u5c31\u61c2\u5f97\u4e86\u5386\u6cd5\u3002\u4ed6\u4eec\u90a3\u65f6\u6309\u9634\u5386\u5373\u6309\u6708\u7403\u7ed5\u5730\u7403\u7684\u8f6c\u52a8\u8ba1\u7b97\u65f6\u95f4\u3002\u4f46\u662f\u4ed6\u4eec\u7684\u5386\u6cd5\u4e0d\u7cbe\u786e\uff0c\u4ea7\u751f\u4e86\u6216\u591a\u6216\u5c11\u7684\u8bef\u5dee\u3002<br \/>\n\u6211\u4eec\u73b0\u5728\u7684\u5386\u6cd5\u662f\u7f57\u6155\u8def\u65af\uff08Romulo\uff09\u521b\u59cb\u7684\u3002\u4ed6\u662f\u4f20\u8bf4\u4e2d\u7f57\u9a6c\u57ce\u7684\u5efa\u7acb\u8005\u548c\u7b2c\u4e00\u738b\uff08\u516c\u5143\u524d753\u81f3715\u5e74\uff09\u3002\u5728\u4ed6\u7684\u5386\u6cd5\u4e2d\u4e00\u5e74\u5305\u542b300\u5929\uff0c\u5206\u6210\u5341\u4e2a\u6708\u3002\u540e\u6765\u7f57\u9a6c\u7684\u7b2c\u4e8c\u738b\u9a7d\u9a6c\uff08Numo\uff09\u5728\u5341\u4e2a\u6708\u4e0a\u53c8\u53e6\u52a0\u4e86\u4e24\u4e2a\u6708\u4efd\uff0c\u4f46\u662f\u7531\u4e8e\u8fd9\u79cd\u4e0d\u7cbe\u786e\u7684\u8ba1\u65f6\u65b9\u6cd5\u5230\u516c\u5143\u524d47\u5e74\u65f6\u5df2\u7ecf\u79ef\u7d2f\u4e8667\u5929\u7684\u8bef\u5dee\u3002<br \/>\n\u4e8e\u662f\u5112\u7565\u2022\u607a\u6492\u628a\u8fd9\u79cd\u5386\u6cd5\u548c\u592a\u9633\u8054\u7cfb\u8d77\u6765\uff0c\u5bf9\u5b83\u8fdb\u884c\u4e86\u6539\u9769\u3002\u4ed6\u91c7\u7528\u4e86365\u53c81\/4\u5929\u7684\u5386\u6cd5\uff08\u5373\u5112\u7565\u5386\uff09\u3002\u4ed6\u662f\u8fd9\u6837\u5b89\u6392\u5929\u6570\u7684\uff1a\u4e00\u5e74\u5305\u542b365\u5929\uff0c\u6bcf\u96944\u5e74\u5c06\u989d\u5916\u7684\u4e00\u5929\u4e5f\u5c31\u662f\u95f0\u65e5\u9644\u52a0\u5230\u4e8c\u6708\u4efd\u4e0a\uff0c\u6709\u95f0\u65e5\u7684\u5e74\u4efd\u53eb\u505a\u95f0\u5e74\u3002\u4f46\u662f\u4e00\u56de\u5f52\u5e74\u5e76\u4e0d\u7b49\u4e8e365\u53c81\/4\u5929\uff0c\u800c\u662f365\u59295\u5c0f\u65f648\u520648\u79d2\u3002\u8fd9\u4e00\u8bef\u5dee\u5230\u516c\u51431582\u5e74\u5df2\u7ecf\u4ea7\u751f\u4e86\u5341\u5929\u7684\u5dee\u989d\u3002\u5176\u65f6\u7f57\u9a6c\u6559\u7687\u683c\u5217\u9ad8\u5229\u5341\u4e09\u4e16\u6539\u6b63\u4e86\u8fd9\u4e00\u7f3a\u9677\uff0c\u4ed6\u4e0b\u4ee4\u4ee5\u5f53\u5e74\u7684\u5341\u6708\u4e94\u65e5\u4e3a\u5341\u6708\u5341\u4e94\u65e5\u5e76\u4ece\u90a3\u65f6\u8d77\u9022\u767e\u4e4b\u5e74\u9664\u6bcf\u9694\u56db\u767e\u5e74\u7684\u5e74\u4efd\u5916\u4e0d\u95f0\u5e74\uff0c\u8fd9\u5c31\u4ea7\u751f\u4e86\u683c\u5217\u5386\uff0c\u8fd9\u79cd\u5386\u6cd5\u88ab\u51e0\u4e4e\u6240\u6709\u7684\u6b27\u6d32\u4eba\u6240\u91c7\u7528\u3002<br \/>\n\u867d\u7136\u683c\u5217\u5386\u8fd8\u6709\u4e00\u70b9\u5fae\u5c0f\u7684\u8bef\u5dee\uff08400\u5e74\u76f8\u5dee1\u5929\uff09\uff0c\u4f46\u5b83\u5f88\u65b9\u4fbf\uff0c\u56e0\u6b64\u73b0\u5728\u5df2\u7ecf\u5728\u4e16\u754c\u4e0a\u5e7f\u6cdb\u4f7f\u7528\u3002<br \/>\n&nbsp;<br \/>\n<strong><b>B<\/b><\/strong><br \/>\n<strong><b>\u5173\u4e8e\u5e74\u6708\u65e5\u7684\u5bf9\u8bdd<\/b><\/strong><br \/>\n<strong><b>\u00a0<\/b><\/strong><br \/>\nA\uff1a\u4e00\u5e74\u6709\u56db\u5b63\u3002\u4f60\u77e5\u9053\u5b83\u4eec\u7684\u540d\u79f0\u5417\uff1f\u5f53\u7136\u8981\u7528\u4e16\u754c\u8bed\u8bf4\u3002<br \/>\nB\uff1a\u6211\u77e5\u9053\u3002\u5b83\u4eec\u662f\u6625\u590f\u79cb\u51ac\u3002<br \/>\nA\uff1a\u4e00\u5e74\u53ea\u5206\u5b63\u8282\u5417\uff1f<br \/>\nB\uff1a\u4e0d\uff0c\u5b83\u4e5f\u5206\u6210\u6708\u4efd\u3002\u5b83\u4eec\u662f\u4e00\u6708\u3001\u4e8c\u6708\u3001\u4e09\u6708\u3001\u56db\u6708\u3001\u4e94\u6708\u3001\u516d\u6708\u3001\u4e03\u6708\u3001\u516b\u6708\u3001\u4e5d\u6708\u3001\u5341\u6708\u3001\u5341\u4e00\u6708\u3001\u5341\u4e8c\u6708\u3002<br \/>\nA\uff1a\u5f88\u597d\u3002\u73b0\u5728\u6211\u5f88\u60f3\u77e5\u9053\u4f60\u662f\u600e\u6837\u8bb0\u4f4f\u8fd9\u4e9b\u6708\u4efd\u7684\u540d\u79f0\u7684\u3002<br \/>\nB\uff1a\u6211\u662f\u628a\u5b83\u4eec\u5206\u6210\u82e5\u5e72\u7ec4\u6765\u5b66\u4e60\u7684\u3002\u7b2c\u4e00\u7ec4\u662f\u4e00\u6708\u548c\u4e8c\u6708\u3002\u5b83\u4eec\u90fd\u4ee5\u201cu-a-r-o\u201d\u7ed3\u5c3e\u3002\u7b2c\u4e8c\u7ec4\u662f\u6625\u5b63\u6708\u4efd\uff1a\u4e09\u6708\u3001\u56db\u6708\u3001\u4e94\u6708\u3002\u7b2c\u4e09\u7ec4\u662f\u590f\u5b63\u6708\u4efd\uff1a\u516d\u6708\u3001\u4e03\u6708\u3001\u516b\u6708\u3002\u516d\u6708\u548c\u4e03\u6708\u90fd\u4ee5\u201cj-u\u201d\u5f00\u5934\uff0c\u800c\u516b\u6708\u548c\u201c\u79cb\u5b63\u201d\u4e00\u6837\uff0c\u4ee5\u201ca-u\u201d\u5f00\u5934\u3002\u6700\u540e\u7684\u56db\u4e2a\u6708\u4efd\uff0c\u5373\u4e5d\u6708\u3001\u5341\u6708\u3001\u5341\u4e00\u6708\u3001\u5341\u4e8c\u6708\uff0c\u548c\u201cmembro\u201d\uff08\u6210\u5458\uff09\u8fd9\u4e2a\u8bcd\u4e00\u6837\u4ee5\u201cb-r-o\u201d\u7ed3\u5c3e\u3002<br \/>\nA\uff1a\u4f60\u7684\u65b9\u6cd5\u5f88\u597d\u3002\u90a3\u4e48\uff0c\u8bf7\u544a\u8bc9\u6211\uff0c\u6708\u4efd\u662f\u4e0d\u662f\u53ef\u4ee5\u5206\u6210\u82e5\u5e72\u90e8\u5206\uff1f<br \/>\nB\uff1a\u53ef\u4ee5\u5206\u3002\u8fd9\u4e9b\u90e8\u5206\u5c31\u662f\u661f\u671f\u3002\u6bcf\u4e2a\u661f\u671f\u6709\u4e03\u5929\u3002\u5b83\u4eec\u7684\u540d\u79f0\u662f\u661f\u671f\u4e00\u3001\u661f\u671f\u4e8c\u3001\u661f\u671f\u4e09\u3001\u661f\u671f\u56db\u3001\u661f\u671f\u4e94\u3001\u661f\u671f\u516d\u3001\u661f\u671f\u65e5\u3002<br \/>\nA\uff1a\u4eca\u5929\u662f\u661f\u671f\u51e0\uff1f<br \/>\nB\uff1a\u4eca\u5929\u662f\u661f\u671f\u4e00\u3002<br \/>\nA\uff1a\u661f\u671f\u4e00\u662f\u4ec0\u4e48\u65e5\u5b50\uff1f<br \/>\nB\uff1a\u661f\u671f\u4e00\u662f\u5de5\u4f5c\u7684\u65e5\u5b50\uff0c\u4e00\u4e2a\u661f\u671f\u7684\u7b2c\u4e00\u5929\u3002<br \/>\nA\uff1a\u6628\u5929\u662f\u661f\u671f\u51e0\uff1f<br \/>\nB\uff1a\u6628\u5929\u662f\u661f\u671f\u5929\u3002\u661f\u671f\u5929\u662f\u4f11\u606f\u7684\u65e5\u5b50\u3002\u662f\u4e00\u4e2a\u661f\u671f\u6700\u540e\u7684\u4e00\u5929\u3002<br \/>\nA\uff1a\u524d\u5929\u662f\u661f\u671f\u51e0\uff1f<br \/>\nB\uff1a\u524d\u5929\u662f\u661f\u671f\u516d\u3002<br \/>\nA\uff1a\u660e\u5929\u662f\u661f\u671f\u51e0\uff1f<br \/>\nB\uff1a\u660e\u5929\u662f\u661f\u671f\u4e8c\u3002<br \/>\nA\uff1a\u540e\u5929\u662f\u661f\u671f\u51e0\uff1f<br \/>\nB\uff1a\u540e\u5929\u662f\u661f\u671f\u4e09\u3002<br \/>\nA\uff1a\u4eca\u5929\u51e0\u6708\u51e0\u53f7\uff1f<br \/>\nB\uff1a\u4eca\u5929\u662f1983\u5e743\u670827\u53f7\u3002<br \/>\nA\uff1a\u6211\u4eec\u8bb2\u4e60\u73ed\u4ec0\u4e48\u65f6\u5019\u4e0a\u8bfe\uff1f<br \/>\nB\uff1a\u6bcf\u661f\u671f\u4e0a\u4e24\u6b21\u8bfe\uff1a\u661f\u671f\u4e00\u548c\u661f\u671f\u56db\u3002<br \/>\nA\uff1a\u4f60\u559c\u6b22\u4e0a\u4e16\u754c\u8bed\u8bfe\u5417\uff1f<br \/>\nB\uff1a\u5f53\u7136\u559c\u6b22\uff0c\u6211\u559c\u6b22\u4e16\u754c\u8bed\u3002\u5b83\u662f\u4e16\u754c\u4e0a\u6700\u5bb9\u6613\u5b66\u3001\u8bfb\u97f3\u6700\u4f18\u7f8e\u7684\u8bed\u8a00\u3002<br \/>\n&nbsp;<br \/>\n<strong><b>\u5e7d\u9ed8<\/b><\/strong><br \/>\n<strong><b>1<\/b><\/strong><br \/>\n\u6559\u5e08\uff1a\u8bf7\u544a\u8bc9\u6211\u95ea\u7535\u548c\u7535\u6709\u4ec0\u4e48\u533a\u522b\u3002<br \/>\n\u5b66\u751f\uff1a\u95ea\u7535\u662f\u514d\u8d39\u7684\uff0c\u800c\u7535\u5e94\u4ed8\u7535\u8d39\u3002<br \/>\n&nbsp;<br \/>\n<strong><b>2<\/b><\/strong><br \/>\n\u201c\u79d1\u5b66\u5bb6\u662f\u591a\u4e48\u806a\u660e\u554a\uff01\u201d\u5f7c\u5f97\u8bf4\uff1a\u201c\u4ed6\u4eec\u80fd\u9884\u5148\u77e5\u9053\u4ec0\u4e48\u65f6\u5019\u4f1a\u53d1\u751f\u65e5\u98df\uff01\u201d<br \/>\n\u201c\u50bb\u74dc\uff01\u201d\u7ea6\u7ff0\u56de\u7b54\u8bf4\uff1a\u201c\u4ed6\u4eec\u662f\u4ece\u65e5\u5386\u4e0a\u77e5\u9053\u7684\uff01\u201d<br \/>\n&nbsp;<br \/>\n<strong><b>3<\/b><\/strong><br \/>\n\u5916\u7701\u7684\u4e00\u4e2a\u8f66\u7ad9\u3002\u706b\u8f66\u665a\u70b9\u4e86\u3002<br \/>\n\u2014\u2014\u592a\u4e0d\u50cf\u8bdd\u4e86\uff01\u706b\u8f66\u665a\u70b9\u4e86\u4e8c\u5341\u591a\u5206\u949f\uff0c\u6211\u4e0d\u660e\u767d\u4e3a\u4ec0\u4e48\u8981\u6709\u65f6\u523b\u8868\uff1f<br \/>\n\u2014\u2014\u4f46\u662f\u5047\u5982\u6ca1\u6709\u65f6\u523b\u8868\uff0c\u4f60\u600e\u4e48\u4f1a\u77e5\u9053\u706b\u8f66\u665a\u70b9\u4e86\u5462\uff1f<br \/>\n&nbsp;<br \/>\n<strong><b>\u77ed\u8bd7\u4e24\u9996<\/b><\/strong><br \/>\n<strong><b>\u6708<\/b><\/strong><br \/>\n\u5bc2\u9759\u7684\u68ee\u6797\uff0c<br \/>\n\u591c\u6563\u53d1\u7740\u99a8\u9999\uff1b<br \/>\n\u94f6\u767d\u8272\u7684\u6708\uff0c<br \/>\n\u597d\u5947\u5730\u63a2\u89c6\u7740<br \/>\n\u795e\u79d8\u7684\u8def\u5f84\u3002<br \/>\n&nbsp;<br \/>\n<strong><b>\u677e<\/b><\/strong><br \/>\n\u51f6\u6b8b\u7684\u98ce\u5bd2\uff0c<br \/>\n\u548c\u90a3\u5c81\u6708\u7684\u684e\u688f\uff0c<br \/>\n\u538b\u4e0d\u5f2f\u52b2\u677e\u3002<br \/>\n\u5728\u5b83\u7684\u811a\u4e0b\u5750\u7740\uff0c<br \/>\n\u6211\u751f\u547d\u77ed\u4fc3\u3002<br \/>\n\u2014\u2014\u62c9\u7ea6\u65af\u2022\u5854\u5c14\u67ef\u5c3c<br \/>\n&nbsp;<br \/>\n&nbsp;<br \/>\n&nbsp;<br \/>\n&nbsp;<\/p>\n<h5>\u7ec3\u4e60\u53c2\u8003\u7b54\u6848<\/h5>\n<p>&nbsp;<\/p>\n<ol>\n<li>\u7528\u9002\u5f53\u7684\u4ecb\u8bcd\u586b\u5145\uff1a<\/li>\n<li>por 2. en 3. pro 4. en 5. Sen 6. en \u00a07. Anta\u016d 8. inter 9. al 10. tra 11. la\u016d 12. da 13. al 14. \u0109e 15. kun, pri 16. kun 17. pro 18. sur, en 19. Anstata\u016d 20. je 21. per 22. de, da 23. krom 24. super 25. El 26. por 27. \u011dis 28. kun 29. pri 30. al<\/li>\n<\/ol>\n<p>&nbsp;<\/p>\n<ol>\n<li>\u5c06\u4e0b\u5217\u53e5\u5b50\u8bd1\u6210\u6c49\u8bed\uff1a<\/li>\n<li>\u95f0\u5e74\u6709366\u5929\uff0c\u800c\u4e0d\u50cf\u5e73\u5e74\u6709365\u5929\u3002<\/li>\n<li>\u72d7\u751a\u81f3\u671d\u7740\u56fd\u738b\u558a\u53eb\u3002\uff08\u8c1a\u8bed\uff09<\/li>\n<li>\u5979\u5411\u6211\u501f\u4e86\u90a3\u672c\u4e66\u3002<\/li>\n<li>\u51e0\u53ea\u9e1f\u4ece\u5854\u65c1\u98de\u8fc7\u3002<\/li>\n<li>\u4ece\u5c0a\u4e25\u5230\u53ef\u7b11\u53ea\u4e00\u6b65\u4e4b\u9065\u3002\uff08\u8c1a\u8bed\uff09<\/li>\n<li>\u6211\u662f\u4e16\u754c\u4e0a\uff08\u76f4\u8bd1\u4e3a\uff1a\u9633\u5149\u4e0b\uff09\u6700\u5e78\u798f\u7684\u4eba\u3002<\/li>\n<li>\u4e3a\u7956\u56fd\u800c\u727a\u7272\u662f\u6109\u5feb\u7684\u3002<\/li>\n<li>\u5979\u7684\u6765\u8bbf\u4f7f\u4ed6\u611f\u5230\u6109\u5feb\u3002<\/li>\n<li>\u5b83\u4eec\u5728\u4ef7\u503c\u4e0a\u76f8\u5dee\u5f88\u5927\u3002<\/li>\n<li>\u9ed1\u4eba\u4e0e\u6b27\u6d32\u4e0a\u53ea\u5728\u80a4\u8272\u4e0a\u6709\u533a\u522b\u3002<\/li>\n<li>\u6211\u7b11\u4ed6\u5929\u771f\u3002<\/li>\n<li>\u5f2f\u6811\u987b\u5728\u5e7c\u5c0f\u65f6\u3002\uff08\u8c1a\u8bed\uff09<\/li>\n<li>\u90a3\u4ef6\u4e8b\u8d85\u51fa\u6211\u7684\u80fd\u529b\u8303\u56f4\u3002\uff08\u6216\uff1a\u90a3\u4ef6\u4e8b\u6211\u529b\u4e0d\u80fd\u53ca\u3002\uff09<\/li>\n<li>\u90a3\u53ea\u9e1f\u98de\u5230\u6cb3\u5bf9\u5cb8\uff0c\u56e0\u4e3a\u5bf9\u5cb8\u6709\u51e0\u53ea\u522b\u7684\u9e1f\u3002<\/li>\n<li>\u6bcf\u4e00\u4ef6\u574f\u4e8b\u90fd\u6709\u4e00\u4e9b\u597d\u7684\u65b9\u9762\u3002\uff08\u8c1a\u8bed\uff09<\/li>\n<li>\u6211\u8bf7\u4ed6\u539f\u8c05\u3002<\/li>\n<li>\u4e0d\u5230\u508d\u665a\u4e0d\u8981\u79f0\u8d5e\u767d\u65e5\u3002\uff08\u8c1a\u8bed\uff09<\/li>\n<li>\u6709\u89c4\u5219\u5fc5\u6709\u4f8b\u5916\u3002\uff08\u8c1a\u8bed\uff09<\/li>\n<li>\u8fc7\u5206\u6709\u793c\u8c8c\u7684\u5916\u8868\u7f3a\u4e4f\u771f\u8bda\u3002\uff08\u8c1a\u8bed\uff09<\/li>\n<li>\u773c\u662f\u5fc3\u7075\u7684\u955c\u5b50\u3002<\/li>\n<li>\u8981\u505a\u548c\u5b9e\u5730\u505a\u6709\u5f88\u5927\u7684\u4e0d\u540c\u3002<\/li>\n<li>\u8fd9\u5b69\u5b50\u7a7f\u7740\u4e00\u4ef6\u80a5\u5927\u7684\u8863\u670d\u3002<\/li>\n<li>\u751c\u871c\u975e\u81ea\u5929\u4e0a\u6765\u3002\uff08\u8c1a\u8bed\uff09<\/li>\n<li>\u4ed6\u4eec\u4e58\u8f66\u7a7f\u8fc7\u4e86\u6574\u4e2a\u6b27\u6d32\u3002<\/li>\n<\/ol>\n<p>&nbsp;<br \/>\nIII\uff0e\u8bf4\u51fa\u4e0b\u5217\u6d3e\u751f\u8bcd\u7684\u610f\u601d\u3002\uff08\u7b54\u6848\u7565\uff09<br \/>\n&nbsp;<\/p>\n<ol>\n<li>\u5c06\u4e0b\u5217\u53e5\u5b50\u8bd1\u6210\u6c49\u8bed\uff1a<\/li>\n<li>\u4eba\u4eec\u5b66\u4e60\u7684\u573a\u6240\u662f\u5b66\u6821\uff1b\u4eba\u4eec\u7948\u7977\u7684\u573a\u6240\u662f\u6559\u5802\u3002<\/li>\n<li>\u8fc7\u5206\u6311\u5254\u7684\u4eba\u4e00\u65e0\u6240\u83b7\u3002\uff08\u8c1a\u8bed\uff09<\/li>\n<li>\u8fd9\u4e2a\u91cd\u8981\u7684\u65e5\u5b50\u5c06\u6c38\u8fdc\u503c\u5f97\u6211\u6000\u5ff5\u3002<\/li>\n<li>\u4ed6\u7684\u59bb\u5b50\u5f88\u52e4\u4fed\uff0c\u4f46\u5979\u4e5f\u5f88\u7d6e\u53e8\uff0c\u559c\u6b22\u5435\u5435\u56b7\u56b7\u3002<\/li>\n<li>\u5979\u7684\u4e08\u592b\u5f88\u7231\u751f\u6c14\uff0c\u4f46\u4ed6\u5f88\u5bb9\u6613\u539f\u8c05\u522b\u4eba\uff1b\u4ed6\u5f88\u5feb\u5c31\u4f1a\u6d88\u6c14\uff0c\u800c\u4e14\u4e00\u70b9\u90fd\u4e0d\u8bb0\u4ec7\u3002<\/li>\n<li>\u4ed6\u5f88\u8f7b\u4fe1\uff0c\u8fde\u6700\u4e0d\u503c\u5f97\u4fe1\u4efb\u7684\u4eba\u7ed9\u4ed6\u8bb2\u7684\u6700\u4e0d\u53ef\u4fe1\u7684\u4e8b\uff0c\u4ed6\u90fd\u7acb\u523b\u76f8\u4fe1\u3002<\/li>\n<li>\u53ea\u6709\u5728\u5931\u53bb\u5065\u5eb7\u540e\u65b9\u77e5\u5065\u5eb7\u7684\u53ef\u8d35\u3002<\/li>\n<li>\u95ee\u5fc3\u65e0\u6127\u662f\u826f\u597d\u7684\u5b89\u7720\u5242\u3002\uff08\u8c1a\u8bed\uff09<\/li>\n<li>\u90a3\u672c\u6781\u6709\u4ef7\u503c\u7684\u4e66\u5f97\u4ee5\u51fa\u7248\uff0c\u6211\u4eec\u5e94\u8be5\u5341\u5206\u611f\u8c22\u52e4\u52b3\u7684\u7f16\u8f91\u3002<\/li>\n<li>\u6211\u4eec\u8fd9\u4e9b\u6765\u81ea\u4e0d\u540c\u56fd\u5bb6\u7684\u9752\u5e74\u4eba\u80fd\u591f\u76f8\u4e92\u4e86\u89e3\uff0c\u5168\u9760\u6211\u4eec\u7684\u5171\u540c\u8bed\u8a00\u4e16\u754c\u8bed\u3002<\/li>\n<\/ol>\n<p>&nbsp;<\/p>\n<ol>\n<li>\u6839\u636e\u7b54\u53e5\u63d0\u95ee\uff1a<\/li>\n<li>Kiu urbo estas la \u0109efurbo de Japanio?<\/li>\n<li>Kiuj riveroj estas la plej longaj riveroj de Afriko?<\/li>\n<li>Kien enfluas Danubo?<\/li>\n<li>Kiu estas la plej granda fizikisto de la 20a jarcento?<\/li>\n<li>Kies poemojn vi \u015datas?<\/li>\n<li>Kion vi nun faras?<\/li>\n<li>\u0108u vi jam \u011din legis?<\/li>\n<li>Kiam vi vidis la filmon?<\/li>\n<li>Kiomjara vi estas?<\/li>\n<li>Kiomjara estas via fratino?<\/li>\n<li>Kio \u015di estas?<\/li>\n<li>Kion \u015di studas?<\/li>\n<li>\u0108u \u015di lernas anka\u016d Esperanton?<\/li>\n<li>Kiom da fratoj vi havas?<\/li>\n<li>Kie ili lernas?<\/li>\n<\/ol>\n<p>&nbsp;<\/p>\n<ol>\n<li>\u7528\u9002\u5f53\u7684\u4ecb\u8bcd\u586b\u7a7a\uff1a<\/li>\n<\/ol>\n<p>en, el, al, malanta\u016d, sur, inter, sur, por, al, de sur, kun, al, al, en<br \/>\n&nbsp;<br \/>\nVII. \u5c06\u4e0b\u5217\u77ed\u6587\u8bd1\u6210\u4e16\u754c\u8bed\uff1a<br \/>\nLa plej frua kalendaro estas la luna kalendaro. \u0108ar la luna kalendaro ne estas tiel preciza kiel la suna, nun oni jam ne plu uzas \u011din en multaj landoj en la mondo. La suna kalendaro estas sistemo pri kalkulo kaj divido de la tempo la\u016d la rondiro de la tero \u0109irka\u016d la suno. La suna kalendaro, kiun ni nun uzas, estas la Gregoria kalendaro. En la Gregoria kalendaro unu jaro konsistas el 365 tagoj, dividitaj en 12 monatojn. \u0108iu el la monatoj januaro, marto, majo, julio, a\u016dgusto, oktobro, decembro havas 31 tagojn, dum \u0109iu el la monatoj aprilo, junio, septembro, novembro havas 30 tagojn, februaro havas nur 28 tagojn. La superjaro konsistas el 366 tagoj, kaj la supertago estas aldonata al la monato februaro. \u0108iu kvara jaro estas superjaro, sed \u0109iu centa jaro ne estas superjaro escepte de \u0109iu kvarcenta jaro.<br \/>\n&nbsp;<br \/>\n\u8fd4\u56de<a href=\"https:\/\/reto.cn\/php\/hanyu\/wangchongfang_mezgrada_kurso\/helpilo\/\">\u300a\u738b\u5d07\u82b3\u4e16\u754c\u8bed\u5b9e\u7528\u4e2d\u7ea7\u8bfe\u672c\u300b\u5b66\u4e60\u8f85\u5bfc\u76ee\u5f55<\/a>\t\t<\/p>\n","protected":false},"excerpt":{"rendered":"<p>\u7b2c\u5341\u4e00\u8bfe \u7b2c\u5341\u4e00\u8bfe\u8bfe\u6587\u53c2\u8003\u8bd1\u6587 &nbsp; A \u5386\u6cd5 &nbsp; \u5386\u6cd5\u662f\u4e00\u79cd\u8ba1\u7b97\u548c\u5212\u5206\u65f6\u95f4\u7684\u7cfb\u7edf\u3002\u4e2d\u56fd\u4eba\u3001\u2026 <span class=\"read-more\"><a href=\"https:\/\/reto.cn\/php\/hanyu\/wangchongfang_mezgrada_kurso\/helpilo\/kurso_11\/\">\u7ee7\u7eed\u9605\u8bfb Legi pli &raquo;<\/a><\/span><\/p>\n","protected":false},"author":1,"featured_media":0,"parent":5162,"menu_order":17,"comment_status":"closed","ping_status":"closed","template":"","meta":{"footnotes":""},"_links":{"self":[{"href":"https:\/\/reto.cn\/php\/hanyu\/wp-json\/wp\/v2\/pages\/5253"}],"collection":[{"href":"https:\/\/reto.cn\/php\/hanyu\/wp-json\/wp\/v2\/pages"}],"about":[{"href":"https:\/\/reto.cn\/php\/hanyu\/wp-json\/wp\/v2\/types\/page"}],"author":[{"embeddable":true,"href":"https:\/\/reto.cn\/php\/hanyu\/wp-json\/wp\/v2\/users\/1"}],"replies":[{"embeddable":true,"href":"https:\/\/reto.cn\/php\/hanyu\/wp-json\/wp\/v2\/comments?post=5253"}],"version-history":[{"count":0,"href":"https:\/\/reto.cn\/php\/hanyu\/wp-json\/wp\/v2\/pages\/5253\/revisions"}],"up":[{"embeddable":true,"href":"https:\/\/reto.cn\/php\/hanyu\/wp-json\/wp\/v2\/pages\/5162"}],"wp:attachment":[{"href":"https:\/\/reto.cn\/php\/hanyu\/wp-json\/wp\/v2\/media?parent=5253"}],"curies":[{"name":"wp","href":"https:\/\/api.w.org\/{rel}","templated":true}]}}