{"id":5264,"date":"2019-03-21T13:51:41","date_gmt":"2019-03-21T05:51:41","guid":{"rendered":"http:\/\/reto.cn\/php\/hanyu\/?page_id=5264"},"modified":"2019-03-21T13:51:41","modified_gmt":"2019-03-21T05:51:41","slug":"kurso_12","status":"publish","type":"page","link":"https:\/\/reto.cn\/php\/hanyu\/wangchongfang_mezgrada_kurso\/helpilo\/kurso_12\/","title":{"rendered":"\u4e16\u754c\u8bed\u4e2d\u7ea7\u6559\u7a0b\u5b66\u4e60\u8f85\u5bfc \u7b2c\u5341\u4e8c\u8bfe"},"content":{"rendered":"<p>\t\t\t\t<strong><b>\u7b2c\u5341\u4e8c\u8bfe<\/b><\/strong><\/p>\n<h5>\u7b2c\u5341\u4e8c\u8bfe\u8bfe\u6587\u53c2\u8003\u8bd1\u6587<\/h5>\n<p>&nbsp;<br \/>\n<strong><b>A<\/b><\/strong><br \/>\n<strong><b>\u8863\u7740<\/b><\/strong><br \/>\n&nbsp;<br \/>\n\u8863\u670d\u662f\u7a7f\u5728\u8eab\u4e0a\u906e\u853d\u8eab\u4f53\u7684\u4e1c\u897f\u3002\u4eba\u4eec\u7a7f\u8863\u65e2\u4e3a\u4e86\u5fa1\u5bd2\uff0c\u4e5f\u4e3a\u4e86\u7f8e\u5316\u81ea\u5df1\uff0c\u56e0\u800c\u7406\u60f3\u7684\u8863\u670d\u5e94\u8be5\u5177\u6709\u4e24\u65b9\u9762\u7684\u7279\u6027\uff0c\u5373\u6709\u76ca\u5065\u5eb7\u548c\u7f8e\u89c2\u7684\u7279\u6027\u3002<br \/>\n\u4f60\u662f\u5426\u77e5\u9053\u975e\u6d32\u4eba\u7531\u4e8e\u975e\u6d32\u6c14\u5019\u708e\u70ed\u8863\u670d\u7a7f\u5f97\u975e\u5e38\u7b80\u5355\uff1f\u4ed6\u4eec\u901a\u5e38\u7528\u4e00\u6839\u8170\u5e26\u548c\u4e00\u5757\u56f4\u8eab\u5e03\u3002\u8170\u5e26\u548c\u56f4\u8eab\u5e03\u662f\u4eba\u7c7b\u8863\u670d\u7684\u96cf\u5f62\u3002\u88d9\u5b50\u662f\u7531\u56f4\u8eab\u5e03\u6f14\u53d8\u800c\u6765\uff0c\u901a\u5e38\u88d9\u5b50\u662f\u5973\u5b50\u7684\u8863\u670d\uff0c\u4f46\u5728\u67d0\u4e9b\u56fd\u5bb6\uff08\u4f8b\u5982\u82cf\u683c\u5170\uff09\u7537\u4eba\u4e5f\u7a7f\u88d9\u5b50\u3002\u906e\u853d\u5168\u8eab\u7684\u8863\u670d\u7684\u539f\u59cb\u5f62\u5f0f\u662f\u6597\u7bf7\u3002\u88e4\u5b50\u662f\u8f83\u65b0\u7684\u8863\u670d\u5f62\u5f0f\u3002<br \/>\n\u8863\u670d\u968f\u7740\u5927\u6d32\u3001\u6c11\u65cf\u3001\u65f6\u4ee3\uff0c\u4e5f\u968f\u7740\u7a7f\u8863\u4eba\u7684\u793e\u4f1a\u5730\u4f4d\u3001\u5e74\u9f84\u3001\u6027\u522b\u7684\u4e0d\u540c\u800c\u6709\u5f88\u5927\u5dee\u522b\u3002\u6b64\u5916\uff0c\u4eba\u4eec\u8fd8\u968f\u7740\u5b63\u8282\u548c\u73af\u5883\u7684\u53d8\u5316\u66f4\u6362\u8863\u670d\u3002\u4e00\u4e2a\u6c11\u65cf\u3001\u9636\u7ea7\u3001\u65f6\u4ee3\u3001\u804c\u52a1\u7b49\u6240\u7279\u6709\u7684\u8863\u670d\u662f\u670d\u88c5\uff08kostumo\uff09\uff1b\u58eb\u5175\u3001\u8239\u5458\u3001\u8b66\u5bdf\u7b49\u6240\u7a7f\u7684\u670d\u88c5\u53eb\u505a\u5236\u670d\uff08uniformo\uff09\u3002<br \/>\n\u886c\u886b\u3001\u886c\u88e4\u548c\u957f\u7edf\u889c\u662f\u5185\u8863\u3002\u7537\u5b50\u7684\u670d\u88c5\u901a\u5e38\u7531\u88e4\u5b50\u3001\u80cc\u5fc3\u548c\u4e0a\u8863\u7ec4\u6210\u3002\u6b27\u6d32\u4eba\u901a\u5e38\u7ed3\u9886\u5e26\uff0c\u4f46\u4e0d\u603b\u7ed3\u9886\u5e26\u3002<br \/>\n\u80f8\u8863\u3001\u4e73\u7f69\u3001\u886c\u88d9\u662f\u5987\u5973\u7279\u6709\u7684\u5185\u8863\u3002\u5987\u5973\u901a\u5e38\u7a7f\u88d9\u5b50\u3001\u7d27\u8170\u5bbd\u4e0b\u6446\u5973\u886b\u3001\u8fde\u8863\u88d9\uff0c\u5979\u4eec\u7684\u670d\u88c5\u4e00\u822c\u6bd4\u7537\u5b50\u7684\u670d\u88c5\u8272\u5f69\u9c9c\u8273\u3002<br \/>\n\u4eba\u4eec\u5934\u6234\u6709\u8fb9\u5e3d\u6216\u65e0\u8fb9\u8f6f\u5e3d\uff0c\u624b\u6234\u624b\u5957\uff0c\u4f46\u4e0d\u662f\u6bcf\u4eba\u90fd\u6234\u4e5f\u4e0d\u662f\u59cb\u7ec8\u90fd\u6234\u3002\u6211\u4eec\u6b65\u884c\u65f6\u811a\u4e0a\u7a7f\u978b\u3001\u51c9\u978b\u6216\u9774\u5b50\u3002\u636e\u8bf4\uff0c\u51c9\u978b\u662f\u978b\u7684\u6700\u7b80\u5355\u3001\u6700\u53e4\u8001\u7684\u5f62\u5f0f\uff0c\u800c\u9774\u5b50\u5219\u662f\u7531\u978b\u548c\u957f\u7edf\u889c\u7ed3\u5408\u800c\u4ea7\u751f\u7684\u3002<br \/>\n\u4eba\u4eec\u5728\u5ba4\u5916\u7a7f\u77ed\u5927\u8863\u3001\u957f\u5927\u8863\u6216\u62ab\u98ce\u3002\u51ac\u5929\u4eba\u4eec\u7a7f\u68c9\u8884\u6216\u68c9\u5927\u8863\u3002\u5728\u96e8\u4e2d\u884c\u8d70\u65f6\u4eba\u4eec\u7a7f\u96e8\u8863\u548c\u5957\u978b\u3002\u4eba\u4eec\u5de5\u4f5c\u524d\u7a7f\u4e0a\u5de5\u4f5c\u670d\uff0c\u5de5\u4f5c\u540e\u8131\u6389\u5de5\u4f5c\u670d\u3002\u8863\u670d\u810f\u4e86\u4eba\u4eec\u8981\u628a\u5b83\u6d17\u5e72\u51c0\u5e76\u628a\u5b83\u71a8\u597d\uff1b\u5982\u679c\u8863\u670d\u6495\u7834\u4e86\uff0c\u5c31\u628a\u5b83\u8865\u7f00\u597d\u6216\u4fee\u8865\u597d\u3002<br \/>\n\u8863\u670d\u662f\u7531\u68c9\u82b1\u3001\u4e9a\u9ebb\u3001\u4e1d\u3001\u7f8a\u6bdb\u3001\u5c3c\u9f99\u6216\u5176\u4ed6\u6750\u6599\u505a\u6210\u7684\u3002\u7528\u4e8e\u505a\u8863\u670d\u7684\u7ec7\u7269\u53eb\u8863\u6599\u3002\u4e9a\u9ebb\u5e03\u3001\u68c9\u5e03\u3001\u4e1d\u7ef8\u3001\u5929\u9e45\u7ed2\u548c\u5462\u7ed2\u90fd\u662f\u8863\u6599\u3002<br \/>\n\u5982\u679c\u60a8\u60f3\u7a7f\u4e00\u4ef6\u5408\u8eab\u7684\u8863\u670d\uff0c\u5c31\u53bb\u627e\u88c1\u7f1d\uff0c\u4ed6\u9996\u5148\u7ed9\u4f60\u91cf\u8eab\u6750\uff0c\u7136\u540e\u6309\u91cf\u7684\u5c3a\u5bf8\u548c\u4f60\u8981\u6c42\u7684\u5f0f\u6837\u88c1\u526a\u8863\u6599\u3002\u6700\u540e\u4ed6\u7528\u624b\u6216\u7f1d\u7eab\u673a\u628a\u5404\u90e8\u5206\u7f1d\u5728\u4e00\u8d77\uff0c\u505a\u6210\u8863\u670d\uff0c\u8fd9\u4ef6\u8863\u670d\u4f60\u7a7f\u7740\u4e00\u5b9a\u5f88\u5408\u8eab\u3002<br \/>\n\u6709\u4eba\u6bd4\u8f83\u559c\u6b22\u6d45\u8272\u8863\u670d\uff0c\u6709\u4eba\u6bd4\u8f83\u559c\u6b22\u9ed1\u8272\u8863\u670d\u3002\u6709\u4eba\u6309\u6d41\u884c\u5f0f\u6837\u7a7f\u8863\uff0c\u6709\u4eba\u7a7f\u8863\u5219\u53ea\u4e3a\u8212\u670d\u6216\u65b9\u4fbf\uff1a\u8fd9\u7684\u786e\u662f\u4e00\u4ef6\u4e2a\u4eba\u7231\u597d\u7684\u4e8b\u3002<br \/>\n\u8863\u670d\u662f\u4eba\u6027\u683c\u7684\u4f53\u73b0\uff0c\u4e0d\u662f\u5417\uff1f<br \/>\n&nbsp;<br \/>\n<strong><b>B<\/b><\/strong><br \/>\n<strong><b>\u4e0d\u5e78\u7684\u5546\u4eba<\/b><\/strong><br \/>\n&nbsp;<br \/>\n\u6709\u4e2a\u5728\u672c\u57ce\u5931\u4e1a\u7684\u5e74\u8f7b\u4eba\u5230\u4f26\u6566\u6765\u6c42\u4eb2\u621a\u5e2e\u5fd9\u3002\u4eb2\u621a\u7ed9\u4ed6\u51e0\u9876\u5e3d\u5b50\uff0c\u529d\u4ed6\u5230\u8857\u4e0a\u53bb\u5356\u3002<br \/>\n\u7531\u4e8e\u9a6c\u4e0a\u5c31\u53ef\u4ee5\u6323\u5230\u4e00\u4e9b\u94b1\uff0c\u90a3\u5e74\u8f7b\u4eba\u5fc3\u91cc\u5f88\u9ad8\u5174\uff0c\u4fbf\u62ff\u8d77\u90a3\u4e9b\u5e3d\u5b50\u8d70\u5230\u4e00\u6761\u70ed\u95f9\u7684\u8857\u4e0a\uff0c\u5728\u4e00\u4e2a\u9002\u5f53\u7684\u8857\u89d2\u7ad9\u4e0b\u3002<br \/>\n\u665a\u4e0a\uff0c\u4ed6\u56de\u5230\u4eb2\u621a\u5bb6\u91cc\u3002\u4eb2\u621a\u95ee\u4ed6\uff0c\u201c\u600e\u4e48\u6837\uff0c\u5356\u5f97\u5f88\u591a\u5427\uff1f\u2014\u2014\u201c\u5509\uff0c\u4e00\u9876\u90fd\u6ca1\u6709\u5356\u6389\uff01\u201d\u5c0f\u4f19\u5b50\u96be\u8fc7\u5730\u56de\u7b54\u8bf4\u3002\u2014\u2014\u201c\u4e3a\u4ec0\u4e48\u5462\uff1f\u96be\u9053\u4f60\u6ca1\u6709\u5411\u4efb\u4f55\u4eba\u515c\u552e\uff1f\u90a3\u4f60\u4e00\u6574\u5929\u90fd\u5e72\u4ec0\u4e48\u5566\uff1f\u201d\u2014\u2014\u201c\u6211\u628a\u5e3d\u5b50\u4e25\u4e25\u5b9e\u5b9e\u5730\u85cf\u5728\u7bb1\u5b50\u91cc\uff0c\u4ee5\u514d\u7070\u5c18\u628a\u5b83\u4eec\u5f04\u810f\u3002\u53ef\u662f\u6574\u6574\u4e00\u5929\u6211\u90fd\u6ca1\u6709\u673a\u4f1a\u5411\u4eba\u515c\u552e\uff0c\u56e0\u4e3a\u6240\u6709\u4ece\u8857\u4e0a\u7ecf\u8fc7\u7684\u4eba\u5934\u4e0a\u90fd\u6234\u7740\u5e3d\u5b50\u3002\u201d<br \/>\n\uff08\u9009\u81ea\u300aLa Tuta Esperanto\u300b\uff09<br \/>\n&nbsp;<br \/>\n\u8c1a\u8bed<br \/>\n&nbsp;<br \/>\n\u6709\u4ef7\u503c\u7684\u4e0d\u662f\u5916\u8868\uff0c\u800c\u662f\u5b9e\u8d28\u3002<br \/>\n\u5341\u6b21\u91cf\u597d\uff0c\u4e00\u6b21\u526a\u4e0b\u3002<br \/>\n\u5929\u9e45\u7ed2\u63a9\u76d6\u4e0d\u4e86\u5929\u751f\u7684\u7f3a\u9677\u3002<br \/>\n&nbsp;<br \/>\n\u8c1c\u8bed<br \/>\n&nbsp;<br \/>\n\u8bf7\u731c\u4e00\u731c\uff01<\/p>\n<ol>\n<li>\u65e0\u624b\u65e0\u811a\uff0c\u5b83\u80fd\u628a\u95e8\u63a8\u5f00\u3002<\/li>\n<li>\u4e00\u5bf9\u5b6a\u751f\u513f\u2014\u2014\u4f46\u5b83\u4eec\u5f7c\u6b64\u770b\u4e0d\u89c1\u3002<\/li>\n<\/ol>\n<p>&nbsp;<br \/>\n&nbsp;<\/p>\n<h5>\u53c2\u8003\u7b54\u6848<\/h5>\n<p><strong><b>\u00a0<\/b><\/strong><br \/>\n&nbsp;<\/p>\n<ol>\n<li>\u6bd4\u8f83\u4e0b\u5217\u5404\u7ec4\u53e5\u5b50\u7684\u610f\u601d\u5e76\u8bf4\u51fa\u53e5\u4e2dsi\u548csia\u7684\u6307\u4ee3\u5bf9\u8c61\uff1a<\/li>\n<\/ol>\n<p>1 \u00a0\u5f7c\u5f97\u8bf7\u7ea6\u7ff0\u548c\u7ea6\u7ff0\u7684\u59bb\u5b50\u5230\u5f7c\u5f97\u7684\u5c4b\u91cc\u6765\u3002<br \/>\n\u5f7c\u5f97\u8bf7\u7ea6\u7ff0\u548c\u5f7c\u5f97\u7684\u59bb\u5b50\u5230\u5f7c\u5f97\u7684\u5c4b\u91cc\u6765\u3002<br \/>\n2 \u00a0\u7f57\u65af\u548c\u8389\u8389\u53ca\u7f57\u65af\u7684\u8868\u54e5\u5728\u4e00\u8d77\u6563\u6b65\u3002<br \/>\n\u7f57\u65af\u548c\u8389\u8389\u53ca\u8389\u8389\u7684\u8868\u54e5\u5728\u4e00\u8d77\u6563\u6b65\u3002<br \/>\n3 \u00a0\u7d22\u83f2\u4e9a\u8bf7\u739b\u4e3d\u628a\u739b\u4e3d\u7684\u4e66\u4ea4\u7ed9\u739b\u4e3d\u7684\u59d0\u59d0\u3002<br \/>\n\u7d22\u83f2\u4e9a\u8bf7\u739b\u4e3d\u628a\u739b\u4e3d\u7684\u4e66\u4ea4\u7ed9\u7d22\u83f2\u4e9a\u7684\u59d0\u59d0\u3002<br \/>\n\u7d22\u83f2\u4e9a\u8bf7\u739b\u4e3d\u628a\u7d22\u83f2\u4e9a\u7684\u4e66\u4ea4\u7ed9\u739b\u4e3d\u7684\u59d0\u59d0\u3002<br \/>\n4 \u00a0\u8fd9\u4f4d\u5148\u751f\u5429\u5490\u81ea\u5df1\u7684\u513f\u5b50\u8fc5\u901f\u7a7f\u8863\u3002<br \/>\n\u8fd9\u4f4d\u5148\u751f\u5429\u5490\u81ea\u5df1\u7684\u513f\u5b50\u7ed9\u4ed6\u8fc5\u901f\u7a7f\u8863\u3002<br \/>\n\u8fd9\u4f4d\u5148\u751f\u5429\u5490\u4ed6\u7684\uff08\u5373\u53e6\u4e00\u4eba\u7684\uff09\u513f\u5b50\u8fc5\u901f\u7a7f\u8863\u3002<br \/>\n5 \u00a0\u753b\u5bb6\u8bf7\u4ed6\u628a\u81ea\u5df1\u7684\u753b\u62ff\u8fdb\u753b\u5bb6\u7684\u623f\u95f4\u3002<br \/>\n\u753b\u5bb6\u8bf7\u4ed6\u628a\u753b\u5bb6\u7684\u753b\u62ff\u8fdb\u81ea\u5df1\u7684\u623f\u95f4\u3002<br \/>\n\u753b\u5bb6\u8bf7\u4ed6\u628a\u81ea\u5df1\u7684\u753b\u62ff\u8fdb\u81ea\u5df1\u7684\u623f\u95f4\u3002<br \/>\n\u753b\u5bb6\u8bf7\u4ed6\u628a\u753b\u5bb6\u7684\u753b\u62ff\u8fdb\u753b\u5bb6\u7684\u623f\u95f4\u3002<br \/>\n&nbsp;<\/p>\n<ol>\n<li>\u9009\u62e9\u586b\u7a7a\uff1a<\/li>\n<li>sin \u00a02. si \u00a03. sian \u00a04. sian \u00a05. sia \u00a06. \u011dian \u00a07. sia \u00a08. lia \u00a09. ilia \u00a010. lian<\/li>\n<\/ol>\n<p>&nbsp;<br \/>\nIII. \u5c06\u4e0b\u5217\u53e5\u5b50\u8bd1\u6210\u6c49\u8bed\uff1a<\/p>\n<ol>\n<li>\u6211\u7236\u4eb2\u548c\u4ed6\uff08\u5373\u7236\u4eb2\u7684\uff09\u670b\u53cb\u53ca\u670b\u53cb\u7684\u513f\u5b50\u4e00\u8d77\u6563\u6b65\u3002<\/li>\n<li>\u7ea6\u7ff0\u89c1\u4e86\u4ed6\u7684\uff08\u5373\u7ea6\u7ff0\u7684\uff09\u670b\u53cb\u548c\u670b\u53cb\u7684\u59bb\u5b50\u3002<\/li>\n<li>\u521d\u604b\u662f\u4e0d\u5bb9\u6613\u5fd8\u8bb0\u7684\u3002<\/li>\n<li>\u90a3\u672c\u4e66\u8ddf\u6211\u7684\u4e66\u4e00\u6837\u539a\u3002<\/li>\n<li>\u4ed6\u54e5\u54e5\u7684\u540d\u5b57\u53eb\u5361\u5c14\uff0c\u4ed6\u59d0\u59d0\u7684\u540d\u5b57\u53eb\u7d22\u83f2\u4e9a\u3002<\/li>\n<li>\u4f60\u7684\u8bdd\u548c\u4f60\u54e5\u54e5\u7684\u8bdd\u4e00\u6837\u3002<\/li>\n<li>\u4eba\u4eec\u628a\u4ed6\u5e26\u5230\u56fd\u738b\u9762\u524d\uff0c\u56fd\u738b\u4fbf\u5f00\u59cb\u548c\u4ed6\u8c08\u8bdd\u3002<\/li>\n<li>\u6d51\u6c34\u4e2d\u5bb9\u6613\u6355\u9c7c\u3002\uff08\u8c1a\u8bed\uff09<\/li>\n<li>\u6709\u5fd7\u8005\u4e8b\u7adf\u6210\u3002\uff08\u8c1a\u8bed\uff09<\/li>\n<li>\u804a\u80dc\u4e8e\u65e0\u3002\uff08\u8c1a\u8bed\uff09<\/li>\n<li>\u806a\u660e\u4eba\u7684\u77e5\u8bc6\u662f\u6709\u9650\u7684\uff0c\u65e0\u6240\u4e0d\u77e5\u7684\u4eba\u662f\u6ca1\u6709\u7684\u3002\uff08\u8c1a\u8bed\uff09<\/li>\n<li>\u8fd9\u662f\u4e00\u4f4d\u719f\u6089\u8fd9\u4e00\u60c5\u51b5\u7684\u4eba\u544a\u8bc9\u6211\u7684\u3002<\/li>\n<li>\u6709\u4e9b\u4eba\u5bf9\u6570\u5b66\u6709\u7279\u6b8a\u80fd\u529b\u3002<\/li>\n<li>\u50bb\u5b50\u5f80\u5f80\u80fd\u731c\u5230\u806a\u660e\u4eba\u6240\u4e0d\u61c2\u7684\u4e1c\u897f\u3002\uff08\u8c1a\u8bed\uff09<\/li>\n<li>\u8c01\u8981\u6253\u4eba\uff0c\u8c01\u5c31\u4f1a\u627e\u5230\u68cd\u68d2\u3002\uff08\u8c1a\u8bed\u3002\u8bd5\u6bd4\u8f83\uff1a\u6b32\u52a0\u4e4b\u7f6a\uff0c\u4f55\u60a3\u65e0\u8f9e\u3002\uff09<\/li>\n<li>\u4e0d\u6b20\u503a\u7684\u4eba\u662f\u5bcc\u6709\u7684\u7684\u3002\uff08\u8c1a\u8bed\uff09<\/li>\n<li>\u4e24\u53ea\u624b\u4ec0\u4e48\u90fd\u80fd\u5e72\uff0c\u4e00\u53ea\u624b\u4ec0\u4e48\u90fd\u5e72\u4e0d\u4e86\u3002\uff08\u8c1a\u8bed\uff09<\/li>\n<li>\u4efb\u4f55\u4e8b\u7269\u90fd\u6709\u7f3a\u9677\u3002\uff08\u8c1a\u8bed\uff09<\/li>\n<li>\u4e16\u754c\u8bed\u662f\u4e00\u79cd\u5de5\u5177\uff0c\u8fd9\u79cd\u5de5\u5177\u4efb\u4f55\u4eba\u90fd\u53ef\u4ee5\u7528\u6765\u4e3a\u81ea\u5df1\u7684\u5229\u76ca\u670d\u52a1\uff0c\u56e0\u6b64\u5b83\u53d7\u5230\u5927\u5bb6\u7684\u559c\u7231\u3002<\/li>\n<li>\u6211\u56fd\u7684\u4e00\u5207\u6743\u529b\u5c5e\u4e8e\u4eba\u6c11\u3002<\/li>\n<\/ol>\n<p>&nbsp;<br \/>\nIII. \u5c06\u4e0b\u5217\u5404\u8bcd\u8bd1\u6210\u4e16\u754c\u8bed\uff1a\uff08\u7565\uff09<\/p>\n<ol>\n<li>\u8bf4\u51fa\u4e0b\u5217\u6d3e\u751f\u8bcd\u548c\u5408\u6210\u8bcd\u7684\u610f\u601d\uff1a\uff08\u7565\uff09<\/li>\n<li>\u8bf4\u51fa\u4e0b\u5217\u6d3e\u751f\u8bcd\u548c\u5408\u6210\u8bcd\u7684\u610f\u601d\uff08\u53ef\u67e5\u9605\u8bcd\u5178\uff09\uff1a<\/li>\n<\/ol>\n<p>&nbsp;<\/p>\n<ol>\n<li>\u5c06\u4e0b\u5217\u53e5\u5b50\u8bd1\u6210\u6c49\u8bed\uff1a<\/li>\n<li>\u6625\u5929\u7ed9\u5927\u5730\u62ab\u4e0a\u7eff\u88c5\u3002<\/li>\n<li>\u68ee\u6797\u5c55\u73b0\u51fa\u5b83\u90a3\u591a\u5f69\u7684\u76db\u88c5\u3002<\/li>\n<li>\u8282\u7ea6\u6bcf\u4e00\u679a\u94b1\u5e01\uff0c\u4f60\u5c31\u4f1a\u628a\u53e3\u888b\u88c5\u6ee1\u3002\uff08\u8c1a\u8bed\uff09<\/li>\n<li>\u4efb\u4f55\u88c1\u7f1d\u90fd\u4fee\u8865\u4e0d\u4e86\u540d\u8a89\u4e0a\u7684\u7834\u6d1e\u3002\uff08\u8c1a\u8bed\uff09<\/li>\n<li>\u6bcf\u4e2a\u88c1\u7f1d\u90fd\u6709\u81ea\u5df1\u7684\u88c1\u526a\u65b9\u5f0f\u3002\uff08\u8c1a\u8bed\uff09<\/li>\n<li>\u5ba2\u4eba\u53ea\u5750\u4e00\u5206\u949f\uff0c\u5c31\u4f1a\u628a\u4e00\u5207\u770b\u5728\u773c\u91cc\u3002\uff08\u8c1a\u8bed\uff09<\/li>\n<li>\u603b\u662f\u5750\u5728\u623f\u5b50\u91cc\u662f\u4e0d\u80fd\u5f88\u597d\u5730\u8ba4\u8bc6\u4e16\u754c\u7684\u3002\uff08\u8c1a\u8bed\uff09<\/li>\n<li>\u4ed6\u503a\u53f0\u9ad8\u7b51\u3002\uff08\u8c1a\u8bed\uff09<\/li>\n<li>\u90a3\u9876\u5c0f\u5e3d\u5b50\u975e\u5e38\u9002\u5408\u4ed6\u6234\u3002<\/li>\n<li>\u6bcd\u5973\u4fe9\u9762\u5bf9\u9762\u7ad9\u7740\u3002<\/li>\n<li>\u4ed6\u575a\u6301\u81ea\u5df1\u7684\u8981\u6c42\u3002<\/li>\n<li>\u623f\u524d\u6709\u4e00\u68f5\u6811\u3002<\/li>\n<li>\u7f8e\u4e3d\u7684\u592a\u9633\u5728\u5929\u7a7a\u7167\u8000\u3002<\/li>\n<li>\u90a3\u65f6\u6211\u53cc\u773c\u542b\u7740\u6cea\u6c34\u3002<\/li>\n<li>\u4e00\u4e2a\u96be\u9898\u6446\u5728\u6211\u4eec\u9762\u524d\u3002<\/li>\n<li>\u6211\u4eec\u4e0d\u50cf\u964c\u751f\u4eba\u800c\u50cf\u5144\u5f1f\u4e00\u6837\u5e76\u6392\u7ad9\u7740\u3002<\/li>\n<li>\u8bf7\u628a\u4e8b\u60c5\u7684\u72b6\u51b5\u544a\u8bc9\u6211\u3002<\/li>\n<li>\u8fd0\u52a8\u7684\u603b\u5229\u76ca\u9ad8\u4e8e\u4e2a\u4eba\u7684\u5229\u76ca\u3002<\/li>\n<\/ol>\n<p>&nbsp;<br \/>\nVII. \u5c06\u4e0b\u5217\u53e5\u5b50\u8bd1\u6210\u4e16\u754c\u8bed\uff1a<\/p>\n<ol>\n<li>\u015ci pensas nur pri aliaj (homoj) kaj neniam pri si mem.<\/li>\n<li>La knabino estas nur kvarjara, tamen \u015di jam kapablas lavi al si la viza\u011don.<\/li>\n<li>Mi ne scias, kial \u015di hodia\u016d sentas sin tiel feli\u0109.<\/li>\n<li>Anta\u016d \u0109io ni diskutu, kiel ni dividos inter ni la laboron.<\/li>\n<li>Neniu el la du libroj interesas min.<\/li>\n<li>Ili amba\u016d estas tajloroj.<\/li>\n<li>\u0108iu el ni kantos sian plej \u015datatan kanton en la kunveno.<\/li>\n<li>\u0108u vi havas ion pli por diri?<\/li>\n<li>Li scias \u0109ion, dum mi nenion.<\/li>\n<li>En lia tasko sin trovas (a\u016d: trovi\u011das, estas) nenia gramatika eraro.<\/li>\n<li>Li konas iun, kiu povas paroli Esperanton (a\u016d: en Esperanto, Esperante)<\/li>\n<li>Estas nenio pli facila ol tio \u0109i.<\/li>\n<li>\u0108iu el tiuj soldatoj estas kura\u011da.<\/li>\n<li>Mi legis neniun el la gazetoj.<\/li>\n<li>Via pluvombrelo estas flava, kaj la mia \u2014 nigra.<\/li>\n<li>La fasono de mia vesto estas pli nova ol tiu de via vesto.<\/li>\n<li>La unua, kiu plenumos tion, ricevos la\u016ddon.<\/li>\n<li>Bonvolu diri al mi \u0109ion, kion vi faris.<\/li>\n<li>\u0108u vi scias pri tio, kio okazis sur la strato?<\/li>\n<li>Helpi aliajn estas virto.<\/li>\n<li>Kiu el vi volas paroli kun mi en Esperanto?<\/li>\n<li>Kiu el la du libroj pla\u0109as al vi?<\/li>\n<li>Mi ree ekzamenis la ma\u015dinon: \u0109io estas en ordo.<\/li>\n<li>\u0108u \u0109iu el vi ricevis sian novan lernolibron?<\/li>\n<li>Mi a\u016ddis, ke iu vin vokas.<\/li>\n<li>Kelkaj el la kuracistoj estas anoj de nia Esepranta kurso.<\/li>\n<li>Ili amba\u016d forveturis al Pekino.<\/li>\n<li>Ho, kiel bela estas la jupo, kiun vi hodia\u016d portas!<\/li>\n<li>Surmetinte (a\u016d: Metinte sur sin) la jakon li eliris.<\/li>\n<\/ol>\n<p>\u8fd4\u56de<a href=\"https:\/\/reto.cn\/php\/hanyu\/wangchongfang_mezgrada_kurso\/helpilo\/\">\u300a\u738b\u5d07\u82b3\u4e16\u754c\u8bed\u5b9e\u7528\u4e2d\u7ea7\u8bfe\u672c\u300b\u5b66\u4e60\u8f85\u5bfc\u76ee\u5f55<\/a>\t\t<\/p>\n","protected":false},"excerpt":{"rendered":"<p>\u7b2c\u5341\u4e8c\u8bfe \u7b2c\u5341\u4e8c\u8bfe\u8bfe\u6587\u53c2\u8003\u8bd1\u6587 &nbsp; A \u8863\u7740 &nbsp; \u8863\u670d\u662f\u7a7f\u5728\u8eab\u4e0a\u906e\u853d\u8eab\u4f53\u7684\u4e1c\u897f\u3002\u4eba\u4eec\u7a7f\u8863\u65e2\u2026 <span class=\"read-more\"><a href=\"https:\/\/reto.cn\/php\/hanyu\/wangchongfang_mezgrada_kurso\/helpilo\/kurso_12\/\">\u7ee7\u7eed\u9605\u8bfb Legi pli &raquo;<\/a><\/span><\/p>\n","protected":false},"author":1,"featured_media":0,"parent":5162,"menu_order":20,"comment_status":"closed","ping_status":"closed","template":"","meta":{"footnotes":""},"_links":{"self":[{"href":"https:\/\/reto.cn\/php\/hanyu\/wp-json\/wp\/v2\/pages\/5264"}],"collection":[{"href":"https:\/\/reto.cn\/php\/hanyu\/wp-json\/wp\/v2\/pages"}],"about":[{"href":"https:\/\/reto.cn\/php\/hanyu\/wp-json\/wp\/v2\/types\/page"}],"author":[{"embeddable":true,"href":"https:\/\/reto.cn\/php\/hanyu\/wp-json\/wp\/v2\/users\/1"}],"replies":[{"embeddable":true,"href":"https:\/\/reto.cn\/php\/hanyu\/wp-json\/wp\/v2\/comments?post=5264"}],"version-history":[{"count":0,"href":"https:\/\/reto.cn\/php\/hanyu\/wp-json\/wp\/v2\/pages\/5264\/revisions"}],"up":[{"embeddable":true,"href":"https:\/\/reto.cn\/php\/hanyu\/wp-json\/wp\/v2\/pages\/5162"}],"wp:attachment":[{"href":"https:\/\/reto.cn\/php\/hanyu\/wp-json\/wp\/v2\/media?parent=5264"}],"curies":[{"name":"wp","href":"https:\/\/api.w.org\/{rel}","templated":true}]}}