{"id":5266,"date":"2019-03-21T13:54:57","date_gmt":"2019-03-21T05:54:57","guid":{"rendered":"http:\/\/reto.cn\/php\/hanyu\/?page_id=5266"},"modified":"2019-03-21T13:54:57","modified_gmt":"2019-03-21T05:54:57","slug":"kurso_13","status":"publish","type":"page","link":"https:\/\/reto.cn\/php\/hanyu\/wangchongfang_mezgrada_kurso\/helpilo\/kurso_13\/","title":{"rendered":"\u4e16\u754c\u8bed\u4e2d\u7ea7\u6559\u7a0b\u5b66\u4e60\u8f85\u5bfc \u7b2c\u5341\u4e09\u8bfe"},"content":{"rendered":"<p>\t\t\t\t<strong><b>\u7b2c\u5341\u4e09\u8bfe<\/b><\/strong><\/p>\n<h5>\u7b2c\u5341\u4e09\u8bfe\u8bfe\u6587\u53c2\u8003\u8bd1\u6587<\/h5>\n<p>&nbsp;<br \/>\n<strong><b>A<\/b><\/strong><br \/>\n<strong><b>\u54e5\u4f26\u5e03\u7684\u86cb<\/b><\/strong><br \/>\n\u95e8\u591a\u8428\u7ea2\u8863\u4e3b\u6559\u4e3a\u54e5\u4f26\u5e03\u4e3e\u529e\u76db\u5927\u7684\u5bb4\u4f1a\u5e76\u5728\u7b75\u5e2d\u4e0a\u53d1\u8868\u4e86\u8d5e\u626c\u4ed6\u7684\u8bb2\u8bdd\u3002\u4ed6\u628a\u4ed6\u7684\u53d1\u73b0\u79f0\u4e3a\u4eba\u7c7b\u667a\u6167\u6700\u4f1f\u5927\u7684\u80dc\u5229\u3002\u8bb8\u591a\u53c2\u52a0\u5bb4\u4f1a\u7684\u5bab\u5ef7\u5b98\u5458\u542c\u7740\u8fd9\u4e9b\u8d5e\u7f8e\u7684\u8bdd\u5f88\u4e0d\u9ad8\u5174\u3002<br \/>\n\u201c\u6211\u8ba4\u4e3a\uff0c\u201d \u5176\u4e2d\u6709\u4e00\u4e2a\u4eba\u8bf4\uff0c\u201c\u627e\u5230\u901a\u5f80\u7f8e\u6d32\u7684\u8def\u5e76\u4e0d\u96be\u3002\u6d77\u6d0b\u5230\u5904\u901a\u884c\u65e0\u963b\uff0c\u5c31\u8fde\u6700\u666e\u901a\u7684\u6c34\u624b\u4e5f\u4e0d\u4f1a\u8ff7\u8def\uff01\u201d<br \/>\n\u201c\u6211\u4ece\u6765\u6ca1\u6709\u8ba4\u4e3a\u8fd9\u662f\u4e00\u79cd\u529f\u7ee9\uff0c\u201d \u54e5\u4f26\u5e03\u56de\u7b54\u8bf4\uff0c\u201c\u6211\u53ea\u611f\u8c22\u8001\u5929\uff0c\u662f\u5b83\u9009\u62e9\u6211\u53d1\u73b0\u7f8e\u6d32\u7684\u3002\u201d<br \/>\n\u5f53\u5bbe\u5ba2\u4eec\u7ee7\u7eed\u4e89\u8bba\u53d1\u73b0\u7f8e\u6d32\u662f\u96be\u662f\u6613\u7684\u65f6\u5019\uff0c\u54e5\u4f26\u5e03\u7ad9\u8d77\u6765\uff0c\u62ff\u8d77\u4e00\u53ea\u9e21\u86cb\u8bf4\uff1a<br \/>\n\u201c\u4f60\u4eec\u5f53\u4e2d\u8c01\u80fd\u591f\u4f7f\u8fd9\u4e2a\u86cb\u7ad9\u4f4f\u800c\u4e0d\u5012\u4e0b\uff1f\u201d<br \/>\n\u5bbe\u5ba2\u4e2a\u4e2a\u90fd\u60f3\u663e\u793a\u4e00\u4e0b\u81ea\u5df1\u7684\u672c\u9886\uff0c\u4f46\u6ca1\u6709\u4e00\u4e2a\u80fd\u4f7f\u86cb\u7ad9\u4f4f<br \/>\n\u201c\u8bf7\u628a\u86cb\u9012\u7ed9\u6211\uff0c\u201d\u54e5\u4f26\u5e03\u8bf4\u3002\u4ed6\u62ff\u8d77\u86cb\uff0c\u8f7b\u8f7b\u5730\u5728\u684c\u4e0a\u6572\u4e86\u4e00\u4e0b\uff0c\u86cb\u7834\u4e86\u4e00\u5c0f\u5757\uff0c\u7ad9\u4f4f\u4e86\u3002<br \/>\n\u201c\u554a\uff0c\u201d\u5bbe\u5ba2\u90fd\u558a\u53eb\u8d77\u6765\uff0c\u201c\u8fd9\u4e48\u505a\u6211\u4eec\u8c01\u90fd\u4f1a\uff01\u201d<br \/>\n\u201c\u90a3\u4e48\u4e3a\u4ec0\u4e48\uff0c\u201d \u54e5\u4f26\u5e03\u5fae\u7b11\u7740\u56de\u7b54\u8bf4\uff0c\u201c\u4f60\u4eec\u4e0d\u8fd9\u4e48\u505a\u5462\uff1f\u6211\u4eec\u4e4b\u95f4\u7684\u533a\u522b\u5728\u4e8e\uff1a\u4f60\u4eec\u80fd\u8fd9\u4e48\u505a\u4f46\u6ca1\u6709\u505a\uff0c\u800c\u6211\u8fd9\u4e48\u505a\u4e86\u3002\u201d<br \/>\n\u8fd9\u5c31\u662f\u201c\u54e5\u4f26\u5e03\u7684\u86cb\u201d\u8fd9\u4e00\u4e60\u8bed\u7684\u7531\u6765\u3002<br \/>\n&nbsp;<br \/>\n<strong><b>B<\/b><\/strong><br \/>\n&nbsp;<br \/>\n\u6211\uff1a\u8fd9\u4e24\u4f4d\u662f\u6765\u81ea\u51b0\u5c9b\u7684\u5965\u65af\u5361\u5c14\u592b\u5987\u3002\u8fd9\u4f4d\u662fA\u540c\u5fd7\uff0c\u6211\u4eec\u8fd9\u6b21\u8336\u8bdd\u4f1a\u7684\u4e3b\u6301\u4eba\u3002<br \/>\nA\u540c\u5fd7\uff1a\u6b22\u8fce\uff01\u89c1\u5230\u4f60\u4eec\u5f88\u9ad8\u5174\u3002\u4f60\u4eec\u8eab\u4f53\u597d\u5417\uff1f<br \/>\n\u4ed6\uff1a\u8c22\u8c22\uff01\u6211\u4eec\u8eab\u4f53\u5f88\u597d\u3002<br \/>\nA\u540c\u5fd7\uff1a\u540c\u5fd7\u4eec\uff0c\u8bf7\u5750\uff01\u73b0\u5728\u6211\u4eec\u5f00\u59cb\u5f00\u4f1a\u3002\u4eb2\u7231\u7684\u540c\u5fd7\u4eec\uff0c\u6211\u5f88\u9ad8\u5174\u628a\u6211\u4eec\u7684\u51b0\u5c9b\u5ba2\u4eba\u5965\u65af\u5361\u5c14\u5148\u751f\u4ecb\u7ecd\u7ed9\u4f60\u4eec\u3002\u5965\u65af\u5361\u5c14\u592b\u5987\u662f\u70ed\u5fc3\u7684\u4e16\u754c\u8bed\u8005\u3001\u4e2d\u56fd\u4eba\u6c11\u7684\u597d\u670b\u53cb\u3002\u4e3a\u4e86\u4fc3\u8fdb\u4e2d\u51b0\u4e24\u56fd\u4eba\u6c11\u7684\u76f8\u4e92\u4e86\u89e3\u548c\u53cb\u8c0a\uff0c\u4ed6\u4eec\u8bbf\u95ee\u6211\u56fd\u5e76\u5149\u4e34\u6211\u4eec\u7684\u8336\u8bdd\u4f1a\u3002\u6211\u8c28\u4ee3\u8868\u5927\u5bb6\u8bf7\u4f60\u4eec\u4e8c\u4f4d\u7ed9\u6211\u4eec\u8bb2\u4e00\u70b9\u6709\u5173\u4f60\u4eec\u56fd\u5bb6\u3001\u4f60\u4eec\u7684\u4eba\u6c11\u548c\u4f60\u4eec\u7684\u6587\u5316\u4ee5\u53ca\u6211\u4eec\u4e24\u56fd\u4eba\u6c11\u4e4b\u95f4\u7684\u53cb\u8c0a\u6216\u8005\u6709\u5173\u4e16\u754c\u8bed\u8fd0\u52a8\u7684\u60c5\u51b5\u3002\u8bf7\u968f\u4fbf\u8bb2\u5427\u3002<br \/>\n\u4ed6\uff1a\u4eb2\u7231\u7684\u540c\u5fd7\u4eec\uff0c\u5728\u672a\u8bb2\u4e4b\u524d\uff0c\u8bf7\u5141\u8bb8\u6211\u4eec\u4ee3\u8868\u96f7\u514b\u4e9a\u672a\u514b\u4e16\u754c\u8bed\u8005\u5411\u4f60\u4eec\u81f4\u610f\u3002\u4ed6\u4eec\u8bf7\u6211\u5411\u4f60\u4eec\uff0c\u5317\u4eac\u5e02\u7684\u4e16\u754c\u8bed\u8005\uff0c\u8f6c\u8fbe\u4ed6\u4eec\u7684\u826f\u597d\u795d\u613f\u548c\u4ed6\u4eec\u5bf9\u4f60\u4eec\u8fd1\u51e0\u5e74\u6765\u5728\u57ce\u5e02\u5efa\u8bbe\u548c\u4e16\u754c\u8bed\u8fd0\u52a8\u4e2d\u6240\u53d6\u5f97\u7684\u6210\u5c31\u7684\u795d\u8d3a\u3002<br \/>\n\u5979\uff1a\u6211\u7279\u5730\u7ed9\u50cf\u7537\u4eba\u4eec\u4e00\u6837\u5982\u6b64\u9ad8\u5c1a\u3001\u4e0d\u75b2\u5026\u5730\u4e3a\u7956\u56fd\u5efa\u8bbe\u548c\u4e16\u754c\u8bed\u8fd0\u52a8\u5de5\u4f5c\u7740\u7684\u5317\u4eac\u5e02\u7684\u5973\u540c\u5fd7\u4eec\u5e26\u6765\u96f7\u514b\u4e9a\u672a\u514b\u5973\u4e16\u754c\u8bed\u8005\u4eec\u7684\u95ee\u5019\u3002<br \/>\n\u4ed6\uff1a\u6211\u4eec\u8bbf\u95ee\u7684\u76ee\u7684\u4e4b\u4e00\u662f\u8ba4\u8bc6\u4e00\u4e0b\u8d35\u56fd\u548c\u8d35\u56fd\u4eba\u6c11\uff0c\u6211\u4eec\u5728\u300a\u4e2d\u56fd\u62a5\u9053\u300b\u4e0a\u5df2\u7ecf\u8bfb\u8fc7\u5f88\u591a\u6709\u5173\u8fd9\u65b9\u9762\u7684\u6587\u7ae0\u4e86\uff1b\u5982\u679c\u6709\u53ef\u80fd\u7684\u8bdd\uff0c\u8fd8\u8981\u548c\u51e0\u4f4d\u61c2\u4e16\u754c\u8bed\u7684\u4e2d\u56fd\u5316\u5b66\u5bb6\u4ea4\u670b\u53cb\uff0c\u56e0\u4e3a\u6211\u662f\u641e\u5316\u5b66\u7684\u3002\u4f46\u6211\u4eec\u9996\u5148\u8981\u4eb2\u773c\u770b\u4e00\u770b\u4f60\u4eec\u4e2d\u56fd\u540c\u5fd7\u662f\u600e\u6837\u4e3a\u4e16\u754c\u8bed\u7684\u5d07\u9ad8\u7406\u60f3\u5de5\u4f5c\u548c\u6218\u6597\u7684\u3002\u4e16\u754c\u8bed\u4e0d\u4f46\u662f\u4e3a\u88ab\u56fd\u754c\u963b\u9694\u7684\u5404\u56fd\u4eba\u6c11\u7684\u76f8\u4e92\u4e86\u89e3\u670d\u52a1\u7684\uff0c\u4e5f\u662f\u4e3a\u793e\u4f1a\u8fdb\u6b65\u670d\u52a1\u7684\uff0c\u56e0\u6b64\uff0c\u6211\u8ba4\u4e3a\u5b83\u4eca\u5929\u4e5f\u5e94\u8be5\u5728\u6559\u80b2\u65b9\u9762\u8d77\u5de8\u5927\u7684\u4f5c\u7528\u3002\u901a\u8fc7\u4e16\u754c\u8bed\u5404\u56fd\u4eba\u6c11\u4e0d\u4f46\u5728\u6587\u5316\u827a\u672f\u800c\u4e14\u5e94\u8be5\u5728\u79d1\u5b66\u6280\u672f\u9886\u57df\u5185\u8fdb\u884c\u5408\u4f5c\u3002\u6211\u4eec\u771f\u8bda\u5e0c\u671b\u4e2d\u56fd\u4e16\u754c\u8bed\u8005\u80fd\u6210\u4e3a\u8fd9\u79cd\u5408\u4f5c\u7684\u4e00\u652f\u5148\u9063\u961f\u5e76\u4ee5\u81ea\u5df1\u7684\u667a\u6167\u548c\u52e4\u594b\u7684\u5de5\u4f5c\u4e3a\u8fd9\u4e00\u5d07\u9ad8\u7406\u60f3\u591a\u4f5c\u8d21\u732e\u3002<br \/>\nB\u540c\u5fd7\uff1a\u60a8\u7684\u89c1\u89e3\u662f\u6b63\u786e\u7684\u3002\u53ef\u662f\uff0c\u5965\u65af\u5361\u5c14\u5148\u751f\uff0c\u60a8\u80fd\u5426\u7ed9\u6211\u4eec\u8bb2\u4e00\u8bb2\u5728\u8d35\u56fd\u9996\u90fd\u53ec\u5f00\u7684\u548c62\u5c4a\u56fd\u9645\u4e16\u754c\u8bed\u5927\u4f1a\u7684\u60c5\u51b5\uff1f<br \/>\n\u4ed6\uff1a\u597d\u5427\u3002\u6211\u4eb2\u81ea\u51fa\u5e2d\u4e86\u90a3\u6b21\u5927\u4f1a\u3002\u8fd9\u6837\u7684\u5927\u4f1a\u662f\u7b2c\u4e00\u6b21\u5728\u6211\u4eec\u7684\u7956\u56fd\u53ec\u5f00\u3002\u5927\u4f1a\u5f00\u5f97\u76db\u5927\u3001\u9686\u91cd\u3001\u5145\u6ee1\u4e86\u53cb\u8c0a\u548c\u56fd\u9645\u6027\u7684\u6c14\u6c1b\uff0c\u7ed9\u6211\u7559\u4e0b\u7f8e\u597d\u7684\u5370\u8c61\u3002\u6765\u81ea\u4e0d\u540c\u56fd\u5bb6\u7684\u4e00\u5343\u591a\u5927\u4f1a\u51fa\u5e2d\u8005\u8bf4\u7740\u540c\u4e00\u79cd\u8bed\u8a00\uff0c\u4e0d\u9700\u8981\u7ffb\u8bd1\u5c31\u80fd\u5b8c\u5168\u76f8\u4e92\u4e86\u89e3\uff0c\u8fd9\u96be\u9053\u8fd8\u4e0d\u5145\u5206\u8bc1\u660e\u6211\u4eec\u7684\u8bed\u8a00\u662f\u4e00\u79cd\u6d3b\u7740\u7684\u3001\u5f88\u6709\u7528\u7684\u8bed\u8a00\u5417\uff1f<br \/>\nC\u540c\u5fd7\uff1a\u4f60\u5728\u5927\u4f1a\u671f\u95f4\u9047\u89c1\u8fc7\u300a\u4e2d\u56fd\u62a5\u9053\u300b\u7684\u8bfb\u8005\u5417\uff1f\u4ed6\u4eec\u5bf9\u8be5\u520a\u6709\u4ec0\u4e48\u610f\u89c1\uff1f<br \/>\n\u4ed6\uff1a\u6211\u4eec\u9047\u89c1\u4e86\u8bb8\u591a\u8bfb\u8005\u3002\u6211\u4eec\u751a\u81f3\u8fd8\u4e3a\u5b83\u6269\u5927\u4e86\u8ba2\u6237\u3002\u4eba\u4eec\u53cd\u6620\u5b83\u7684\u5185\u5bb9\u5f88\u4e30\u5bcc\u3001\u5916\u89c2\u5f88\u6f02\u4eae\u3002\u4f46\u6211\u611f\u5230\u9057\u61be\u7684\u662f\u5b83\u7684\u6587\u4f53\u4e0d\u5927\u6d3b\u6cfc\uff0c\u6b64\u5916\uff0c\u91cc\u9762\u8fd8\u7f3a\u5c11\u56fa\u5b9a\u7684\u8bed\u8a00\u4e13\u680f\u3002\u6211\u8ba4\u4e3a\uff0c\u5982\u679c\u5b83\u6bcf\u671f\u90fd\u80fd\u591a\u767b\u4e00\u4e9b\u5173\u4e8e\u4e16\u754c\u8bed\u548c\u4e16\u754c\u8bed\u5b66\u65b9\u9762\u7684\u6587\u7ae0\uff0c\u5b83\u5728\u5168\u4e16\u754c\u4e00\u5b9a\u4f1a\u62e5\u6709\u66f4\u591a\u7684\u8bfb\u8005\u3002<br \/>\nA\u540c\u5fd7\uff1a\u5341\u5206\u611f\u8c22\u4f60\u4eec\u4e3a\u300a\u4e2d\u56fd\u62a5\u9053\u300b\u6269\u5927\u8ba2\u6237\u548c\u4f60\u4eec\u6240\u63d0\u7684\u6781\u4e3a\u5b9d\u8d35\u7684\u5efa\u8bae\u3002\u6211\u5c06\u628a\u4f60\u4eec\u7684\u610f\u89c1\u548c\u5efa\u8bae\u8f6c\u544a\u7ed9\u300a\u4e2d\u56fd\u62a5\u9053\u300b\u7f16\u8f91\u90e8\u3002<br \/>\nB\u540c\u5fd7\uff1a\u5982\u80fd\u542c\u5230\u60a8\u8c08\u8c08\u8d35\u56fd\u548c\u8d35\u56fd\u4eba\u6c11\uff0c\u6211\u4eec\u5c06\u611f\u5230\u6109\u5feb\uff0c\u8d35\u56fd\u548c\u8d35\u56fd\u4eba\u4eec\u5bf9\u6211\u4eec\u6765\u8bf4\u662f\u5982\u6b64\u9065\u8fdc\uff0c\u5982\u6b64\u964c\u751f\uff0c\u7136\u800c\u53c8\u975e\u5e38\u4f7f\u6211\u611f\u5174\u8da3\u3002<br \/>\n\u4ed6\uff1a\u6211\u8bb2\u4e9b\u4ec0\u4e48\u5462\uff1f<br \/>\nC\u540c\u5fd7\uff1a\u4f60\u559c\u6b22\u8bb2\u4ec0\u4e48\u5c31\u8bb2\u4ec0\u4e48\u5427\u3002<br \/>\n\u4ed6\uff1a\u597d\uff0c\u6211\u5c31\u5148\u8bb2\u6211\u4eec\u7684\u57ce\u5e02\u96f7\u514b\u4e9a\u672a\u514b\u5427\u2026\u2026<br \/>\n&nbsp;<br \/>\n\u6709\u8da3\u7684\u5bf9\u8bdd<br \/>\n&nbsp;<br \/>\n1<br \/>\n\u5979\uff1a\u4f60\u61c2\u97f3\u4e50\u5417\uff1f<br \/>\n\u4ed6\uff1a\u61c2\uff0c\u592b\u4eba\u3002<br \/>\n\u5979\uff1a\u6211\u73b0\u5728\u5f39\u7684\u662f\u4ec0\u4e48\uff1f<br \/>\n\u4ed6\uff1a\u94a2\u7434\u3002<br \/>\n\uff08ludi\u7684\u5bbe\u8bed\u53ef\u4ee5\u662f\u4e50\u5668\uff0c\u4e5f\u53ef\u4ee5\u662f\u4e50\u66f2\u3002\u5bf9\u8bdd\u4e2d\u7684\u95ee\u8bdd\u7684\u610f\u56fe\u548c\u7b54\u8bdd\u4eba\u7684\u56de\u7b54\u663e\u7136\u662f\u4e0d\u4e00\u81f4\u7684\uff09<br \/>\n&nbsp;<br \/>\n&nbsp;<br \/>\n2<br \/>\n\u6559\u5e08\uff1a\u8c01\u5e2e\u52a9\u4f60\u753b\u7684\u8fd9\u5e45\u5730\u56fe\uff1f<br \/>\n\u5b66\u751f\uff1a\u8c01\u4e5f\u6ca1\u6709\u3002<br \/>\n\u6559\u5e08\uff1a\u4f60\u7684\u54e5\u54e5\u6ca1\u6709\u5e2e\u52a9\u4f60\u5417\uff1f<br \/>\n\u5b66\u751f\uff1a\u6ca1\u6709\u3002\u8fd9\u5168\u662f\u4ed6\u4e00\u4e2a\u4eba\u753b\u7684\u3002<br \/>\n&nbsp;<br \/>\n&nbsp;<\/p>\n<h5>\u7ec3\u4e60\u53c2\u8003\u7b54\u6848<\/h5>\n<p>&nbsp;<\/p>\n<ol>\n<li>\u586b\u5165\u7f3a\u5c11\u7684\u5b57\u6bcd\uff1a<\/li>\n<li>-u \u00a02. -en \u00a03. -e \u00a04. -e \u00a05. -e \u00a06. -el \u00a07. -am \u00a08. -om \u00a09. -al \u00a010. -al \u00a011. -am \u00a012. -am 13. -el \u00a014. -am \u00a015. -om \u00a016. -el \u00a017. -om \u00a018. -e \u00a019. -om \u00a020. \u2013am<\/li>\n<\/ol>\n<p>&nbsp;<\/p>\n<ol>\n<li>\u5c06\u4e0b\u5217\u53e5\u5b50\u8bd1\u6210\u6c49\u8bed\uff1a<\/li>\n<li>\u7531\u4e8e\u67d0\u4e00\u539f\u56e0\u6211\u5230\u4f60\u8fd9\u91cc\u6765\uff0c\u4f46\u6211\u5fd8\u4e86\u662f\u4ec0\u4e48\u539f\u56e0\u3002<\/li>\n<li>\u6211\u7684\u4e66\u5f88\u591a\uff0c\u684c\u5b50\u4e0a\u653e\u4e0d\u4e0b\u3002<\/li>\n<li>\u4f60\u9700\u8981\u591a\u5c11\uff0c\u5c31\u62ff\u591a\u5c11\u3002<\/li>\n<li>\u6211\u5230\u5904\u627e\u6211\u7684\u8868\uff0c\u4f46\u54ea\u513f\u4e5f\u627e\u4e0d\u5230\u3002<\/li>\n<li>\u4f60\u51b3\u4e0d\u53ef\u80fd\u59a8\u788d\u6211\u3002<\/li>\n<li>\u6211\u66fe\u7ecf\u5728\u67d0\u4e2a\u5730\u65b9\u9047\u89c1\u8fc7\u4f60\uff0c\u4f46\u6211\u8bb0\u4e0d\u8bf7\u5728\u4ec0\u4e48\u5730\u65b9\u3002<\/li>\n<li>\u4f60\u592a\u75b2\u52b3\u4e86\uff0c\u56e0\u6b64\u4f60\u5e94\u8be5\u7a0d\u5fae\u4f11\u606f\u4e86\u4e00\u4e0b\u3002<\/li>\n<li>\u5728\u5144\u5f1f\u4eec\u6253\u67b6\u7684\u65f6\u5019\uff0c\u5916\u4eba\u4e0d\u8981\u4ecb\u5165\u3002\uff08\u8c1a\u8bed\uff09<\/li>\n<li>\u9488\u8d70\u5230\u54ea\u91cc\uff0c\u5c31\u628a\u7ebf\u5f15\u5230\u54ea\u91cc\u3002\uff08\u8c1a\u8bed\uff09<\/li>\n<li>\u574f\u5929\u6c14\u4e0d\u4f1a\u6c38\u8fdc\u6301\u7eed\u4e0b\u53bb\u3002\uff08\u8c1a\u8bed\uff09<\/li>\n<li>\u6211\u7237\u7237\u65e0\u7f18\u65e0\u6545\u5730\u751f\u6c14\u3002<\/li>\n<li>\u6c38\u8fdc\u522b\u8bf4\u8c0e\u8bdd\uff0c\u8981\u59cb\u7ec8\u8bf4\u771f\u8bdd\u3002<\/li>\n<li>\u6211\u53ef\u4ee5\u7528\u67d0\u79cd\u65b9\u5f0f\u5e2e\u52a9\u4f60\u5417\uff1f<\/li>\n<li>\u4ed6\u8dd1\u5f97\u8ddf\u4f60\u4e00\u6837\u5feb\u3002<\/li>\n<li>\u4ed6\u6765\u7684\u65f6\u5019\uff0c\u5979\u5df2\u7ecf\u5c31\u5bdd\u4e86\u3002<\/li>\n<li>\u4ed6\u4eec\u5343\u65b9\u767e\u8ba1\u731c\u51fa\u4e86\u8fd9\u4e2a\u8c1c\u8bed\u3002<\/li>\n<li>\u4ed6\u62e5\u6709\u4e00\u5207,\u800c\u6211\u4ec0\u4e48\u90fd\u6ca1\u6709\u3002<\/li>\n<\/ol>\n<p>&nbsp;<br \/>\nIII. \u5c31\u4e0b\u5217\u5404\u53e5\u5212\u7ebf\u90e8\u5206\u63d0\u95ee\uff1a<\/p>\n<ol>\n<li>Kie vi lernas?<\/li>\n<li>Kiuj alvenis?<\/li>\n<li>Kiam vi lin vizitos?<\/li>\n<li>Por kio (a\u016dkial) li prenis plumon?<\/li>\n<\/ol>\n<p>Li prenis plumon <u>por skribi.<\/u><\/p>\n<ol start=\"5\">\n<li>Kiun libron vi \u015datas legi?<\/li>\n<li>Kio li estas?<\/li>\n<li>Kiom da fojoj (a\u016d: Kiomfoje \/ Kiel ofte) kutime oni man\u011das \u0109iutage?<\/li>\n<li>Kiel \u015di kantis la kanton \u201cLa Espero\u201d?<\/li>\n<li>Kion vi legis hiera\u016d vespere?<\/li>\n<li>Kion ili faras tie?<\/li>\n<li>Kien via patro voja\u011dos?<\/li>\n<li>Kiom da kuleroj da salo vi metis en la supon?<\/li>\n<li>Per kia man\u011dilo la e\u016dropano man\u011das viandon?<\/li>\n<li>Pro kio (a\u016dkial) hiera\u016d vi ne iris al \u015di?<\/li>\n<\/ol>\n<p>&nbsp;<\/p>\n<ol>\n<li>\u7528\u4e0b\u5217\u526f\u8bcd\u5404\u9020\u4e00\u4e2a\u53e5\u5b50\uff1a\uff08\u7b54\u6848\u7565\uff09<\/li>\n<\/ol>\n<p>&nbsp;<\/p>\n<ol>\n<li>\u4eff\u7167\u4f8b\u53e5\u8bd1\u6587\u5c06\u4e0b\u5217\u5404\u53e5\u8bd1\u6210\u6c49\u8bed\uff1a<\/li>\n<\/ol>\n<p>A.<\/p>\n<ol>\n<li>\u4ed6\u770b\u8d77\u6765\u5fc3\u5730\u5584\u826f\u3002<\/li>\n<li>\u5979\u770b\u8d77\u6765\u50cf\u4e00\u4e2a\u7075\u5de7\u7684\u59d1\u5a18\u3002<\/li>\n<li>\u4ed6\u597d\u50cf\u8981\u8dcc\u5012\u5728\u5730\u4e0a\u3002<\/li>\n<li>\u5979\u7684\u53cc\u773c\u4f3c\u4e4e\u5728\u6d41\u6cea\u3002<\/li>\n<\/ol>\n<p>B.<\/p>\n<ol>\n<li>\u6211\u89c9\u5f97\u6700\u540e\u4e24\u9996\u6b4c\u66f2\u5e76\u4e0d\u597d\u542c\u3002<\/li>\n<li>\u4ed6\u89c9\u5f97\u4ed6\u4eec\u662f\u5bf9\u7684\u3002<\/li>\n<li>\u7a81\u7136\u4ed6\u89c9\u5f97\u6709\u4e00\u4e2a\u4eba\u7684\u624b\u8f7b\u8f7b\u78b0\u4e86\u4e00\u4e0b\u4ed6\u7684\u5934\u3002<\/li>\n<\/ol>\n<p>C.<\/p>\n<ol>\n<li>\u6bcf\u6b21\u6211\u770b\u89c1\u4f60\u7684\u65f6\u5019\uff0c\u6211\u90fd\u89c9\u5f97\u4f60\u8d8a\u6765\u8d8a\u6f02\u4eae\u3002<\/li>\n<li>\u90a3\u5ea7\u57ce\u5e02\u5728\u6211\u770b\u6765\u597d\u50cf\u662f\u4e00\u5ea7\u82b1\u56ed\u3002<\/li>\n<\/ol>\n<p>\u0108.<\/p>\n<ol>\n<li>\u4ed6\u5e76\u4e0d\u50cf\u770b\u8d77\u6765\u90a3\u6837\u4e0d\u516c\u6b63\u3002<\/li>\n<li>\u8fd9\u4ef6\u4e8b\u5e76\u4e0d\u50cf\u770b\u8d77\u6765\u90a3\u6837\u7b80\u5355\u3002<\/li>\n<\/ol>\n<p>D.<\/p>\n<ol>\n<li>\u770b\u6765\u4f60\u5fc3\u60c5\u5f88\u6109\u5feb\u3002<\/li>\n<li>\u770b\u6765\u90a3\u6b21\u5bb4\u4f1a\u7ed9\u4ed6\u7559\u4e0b\u4e86\u5f3a\u70c8\u7684\u5370\u8c61\u3002<\/li>\n<\/ol>\n<p>E.<\/p>\n<ol>\n<li>\u6211\u89c9\u5f97\u4f60\u597d\u50cf\u5728\u6d41\u6cea\u3002<\/li>\n<li>\u6211\u770b\uff0c\u4ed6\u8fd8\u5728\u7761\u89c9\u3002<\/li>\n<\/ol>\n<p>F.<\/p>\n<ol>\n<li>\u4f60\u59b9\u59b9\u770b\u8d77\u6765\u662f\u4e00\u4e2a\u975e\u5e38\u597d\u7684\u59d1\u5a18\u3002<\/li>\n<li>\u770b\u6765\u4eba\u4eec\u5c31\u662f\u8fd9\u6837\u79f0\u547c\u4f60\u7684\u3002<\/li>\n<\/ol>\n<p>&nbsp;<\/p>\n<ol>\n<li>\u5c06\u4e0b\u5217\u53e5\u5b50\u8bd1\u6210\u6c49\u8bed\uff1a<\/li>\n<li>\u5b69\u5b50\u4eec\u5728\u9662\u5b50\u91cc\u73a9\u3002<\/li>\n<li>\u6211\u59b9\u59b9\u6bd4\u8f83\u559c\u6b22\u5f39\u94a2\u7434\u3002<\/li>\n<li>\u6211\u8bf7\u5979\u7ed9\u6211\u5f39\u4e00\u9996\u821e\u66f2\u3002<\/li>\n<li>\u98ce\u513f\u5439\u52a8\u7740\u59d1\u5a18\u7684\u5934\u53d1\u3002<\/li>\n<li>\u7ef3\u5b50\u4e0a\u6302\u7740\u51e0\u6761\u9c7c\u3002<\/li>\n<li>\u5899\u4e0a\u6302\u7740\u6211\u7956\u7236\u7684\u76f8\u7247\u3002<\/li>\n<li>\u5979\u7684\u5934\u53d1\u5782\u5230\u4e86\u80a9\u4e0a\u3002<\/li>\n<li>\u77a7\uff0c\u8fd9\u513f\u7a81\u7136\u51fa\u73b0\u4e00\u6761\u4f38\u7740\u957f\u820c\u5934\u7684\u72d7\u3002<\/li>\n<li>\u8fd9\u4ef6\u4e8b\u8fd8\u4e0d\u80fd\u80af\u5b9a\u3002\uff08\u76f4\u8bd1\uff1a\u8fd9\u4ef6\u4e8b\u8fd8\u5728\u7a7a\u4e2d\u60ac\u7740\u3002\uff09<\/li>\n<li>\u4ed6\u8037\u62c9\u7740\u8111\u888b\u7ad9\u5728\u90a3\u91cc\u3002<\/li>\n<li>\u8fd9\u4e2a\u513f\u5b50\u4f9d\u8d56\u7236\u4eb2\u3002<\/li>\n<li>\u6bcf\u4e00\u4e2a\u4eba\u7684\u540d\u8a89\u90fd\u53d6\u51b3\u4e8e\u4ed6\u7684\u8a00\u884c\u3002<\/li>\n<li>\u4eba\u7684\u547d\u8fd0\u4e0d\u7531\u4e0a\u5e1d\u800c\u7531\u4ed6\u81ea\u5df1\u51b3\u5b9a\u3002<\/li>\n<li>\u4e00\u5207\u53d6\u51b3\u4e8e\u4eba\u4eec\u600e\u6837\u770b\u5f85\u8fd9\u4ef6\u4e8b\u3002<\/li>\n<li>\u6211\u4eec\u5230\u5357\u4eac\u53bb\u8fd8\u662f\u7559\u5728\u5bb6\u91cc\uff0c\u7531\u4f60\u51b3\u5b9a\u3002<\/li>\n<li>\u4ed6\u559d\u4e86\u6ee1\u6ee1\u4e00\u676f\u5496\u5561\u3002<\/li>\n<li>\u684c\u4e0a\u6709\u4e00\u53ea\u76db\u6ee1\u6c34\u7684\u73bb\u7483\u676f\u3002<\/li>\n<li>\u8bfe\u6587\u51e0\u4e4e\u65e0\u6cd5\u9605\u8bfb\uff0c\u56e0\u4e3a\u91cc\u9762\u6ee1\u662f\u9519\u8bef\u3002<\/li>\n<li>\u5979\u6ee1\u6000\u7740\u5e78\u798f\u7684\u5fc3\u60c5\u5750\u5728\u5979\u7231\u4eba\u7684\u8eab\u8fb9\u3002<\/li>\n<li>\u4e00\u8f6e\u6ee1\u6708\u9ad8\u60ac\u5728\u5929\u7a7a\u3002<\/li>\n<li>\u6211\u5728\u8fd9\u5bb6\u5de5\u5382\u91cc\u5df2\u7ecf\u5de5\u4f5c\u4e86\u6574\u6574\u516d\u5e74\u3002<\/li>\n<li>\u90a3\u4e2a\u8138\u86cb\u5706\u5706\u7684\u7537\u5b69\u5f88\u53ef\u7231\u3002<\/li>\n<li>\u5979\u5b8c\u5168\u539f\u8c05\u4e86\u6211\u3002<\/li>\n<li>\u4e01\u9999\u82b1\u4f7f\u7a7a\u6c14\u5145\u6ee1\u82b3\u9999\u3002<\/li>\n<li>\u8fd9\u6d88\u606f\u4f7f\u4ed6\u5145\u6ee1\u559c\u60a6\u3002<\/li>\n<li>\u6700\u8981\u7d27\u7684\u662f\u4f60\u7684\u5065\u5eb7\u3002<\/li>\n<li>\u9996\u5148\uff0c\uff08\u4f60\uff09\u8981\u52e4\u594b\uff0c\u575a\u6301\u4e0d\u61c8\u5730\u5b66\u4e60\u3002<\/li>\n<li>\u8bf7\u5148\u95ee\u4e00\u95ee\u4ed6\u6765\u4e0d\u6765\u3002<\/li>\n<li>\u6211\u611f\u5230\u9996\u5148\u5e94\u8be5\u611f\u8c22\u8bfb\u8005\u3002<\/li>\n<li>\u610f\u5927\u5229\u8bed\u6765\u81ea\u62c9\u4e01\u8bed\u3002<\/li>\n<li>\u5308\u7259\u5229\u4eba\u6765\u6e90\u4e8e\u8499\u53e4\u4eba\u79cd\u3002<\/li>\n<li>\u4ed6\u662f\u534e\u88d4\u7f8e\u56fd\u4eba\uff08\u6216\uff1a\u7f8e\u7c4d\u534e\u4eba\uff09<\/li>\n<\/ol>\n<p>&nbsp;<br \/>\nVII. \u5c06\u4e0b\u5217\u6545\u4e8b\u8bd1\u6210\u4e16\u754c\u8bed\uff1a<br \/>\n<strong><b>Mono kaj justeco<\/b><\/strong><br \/>\nIutage la re\u011do demandis Afanti: \u201cSe anta\u016d vi ku\u015dus mono unuflanke kaj justeco aliflanke, kiun do vi elektus?\u201d<br \/>\n\u201cLa monon, kompreneble.\u201d respondis Afanti.<br \/>\n\u201cKion vi diris, Afanti!\u201d diris la re\u011do. \u201cSe mi estus vi, mi prenus la justecon, \u0109ar mono estas pli facile trovebla, ol justeco.\u201d<br \/>\n\u201cHo, Via Majesto,\u201d diris Afanti, \u201cmi elektus la monon, \u0109ar mi jam havas la justecon. Vi ja posedas multe da mono, sed neniom da justeco, jen kial vi elektus la justecon.\u201d<br \/>\n&nbsp;<br \/>\n\u8fd4\u56de<a href=\"https:\/\/reto.cn\/php\/hanyu\/wangchongfang_mezgrada_kurso\/helpilo\/\">\u300a\u738b\u5d07\u82b3\u4e16\u754c\u8bed\u5b9e\u7528\u4e2d\u7ea7\u8bfe\u672c\u300b\u5b66\u4e60\u8f85\u5bfc\u76ee\u5f55<\/a>\t\t<\/p>\n","protected":false},"excerpt":{"rendered":"<p>\u7b2c\u5341\u4e09\u8bfe \u7b2c\u5341\u4e09\u8bfe\u8bfe\u6587\u53c2\u8003\u8bd1\u6587 &nbsp; A \u54e5\u4f26\u5e03\u7684\u86cb \u95e8\u591a\u8428\u7ea2\u8863\u4e3b\u6559\u4e3a\u54e5\u4f26\u5e03\u4e3e\u529e\u76db\u5927\u7684\u5bb4\u4f1a\u5e76\u5728\u7b75\u5e2d\u4e0a\u53d1\u2026 <span class=\"read-more\"><a href=\"https:\/\/reto.cn\/php\/hanyu\/wangchongfang_mezgrada_kurso\/helpilo\/kurso_13\/\">\u7ee7\u7eed\u9605\u8bfb Legi pli &raquo;<\/a><\/span><\/p>\n","protected":false},"author":1,"featured_media":0,"parent":5162,"menu_order":21,"comment_status":"closed","ping_status":"closed","template":"","meta":{"footnotes":""},"_links":{"self":[{"href":"https:\/\/reto.cn\/php\/hanyu\/wp-json\/wp\/v2\/pages\/5266"}],"collection":[{"href":"https:\/\/reto.cn\/php\/hanyu\/wp-json\/wp\/v2\/pages"}],"about":[{"href":"https:\/\/reto.cn\/php\/hanyu\/wp-json\/wp\/v2\/types\/page"}],"author":[{"embeddable":true,"href":"https:\/\/reto.cn\/php\/hanyu\/wp-json\/wp\/v2\/users\/1"}],"replies":[{"embeddable":true,"href":"https:\/\/reto.cn\/php\/hanyu\/wp-json\/wp\/v2\/comments?post=5266"}],"version-history":[{"count":0,"href":"https:\/\/reto.cn\/php\/hanyu\/wp-json\/wp\/v2\/pages\/5266\/revisions"}],"up":[{"embeddable":true,"href":"https:\/\/reto.cn\/php\/hanyu\/wp-json\/wp\/v2\/pages\/5162"}],"wp:attachment":[{"href":"https:\/\/reto.cn\/php\/hanyu\/wp-json\/wp\/v2\/media?parent=5266"}],"curies":[{"name":"wp","href":"https:\/\/api.w.org\/{rel}","templated":true}]}}