{"id":5284,"date":"2019-03-21T20:58:12","date_gmt":"2019-03-21T12:58:12","guid":{"rendered":"http:\/\/reto.cn\/php\/hanyu\/?page_id=5284"},"modified":"2019-03-21T20:58:12","modified_gmt":"2019-03-21T12:58:12","slug":"kurso_16","status":"publish","type":"page","link":"https:\/\/reto.cn\/php\/hanyu\/wangchongfang_mezgrada_kurso\/helpilo\/kurso_16\/","title":{"rendered":"\u4e16\u754c\u8bed\u4e2d\u7ea7\u6559\u7a0b\u5b66\u4e60\u8f85\u5bfc \u7b2c\u5341\u516d\u8bfe"},"content":{"rendered":"<p>\t\t\t\t<strong><b>\u7b2c\u5341\u516d\u8bfe<\/b><\/strong><\/p>\n<h5>\u7b2c\u5341\u516d\u8bfe\u8bfe\u6587\u53c2\u8003\u8bd1\u6587<\/h5>\n<p>&nbsp;<br \/>\n<strong><b>A<\/b><\/strong><br \/>\n<strong><b>\u6bcf\u4e00\u4e2a\u52b3\u52a8\u8005\u90fd\u6709\u81ea\u5df1\u7684\u8d21\u732e<\/b><\/strong><br \/>\n\u793e\u4f1a\u5c31\u50cf\u4e00\u8258\u8239\u4e0a\u7684\u5168\u4f53\u8239\u5458\u4e00\u6837\uff0c\u5b83\u7684\u6bcf\u4e00\u4e2a\u6210\u5458\u90fd\u5728\u81ea\u5df1\u7684\u5c97\u4f4d\u4e0a\u4e3a\u8239\u7684\u822a\u884c\u51fa\u529b\u3002\u5982\u679c\u67d0\u4e00\u4e2a\u8239\u5458\u5de5\u4f5c\u9a6c\u864e\uff0c\u4ed6\u5c31\u4f1a\u7ed9\u5168\u4f53\u8239\u5458\u5e26\u6765\u5371\u5bb3\uff0c\u56e0\u4e3a\u4ed6\u6240\u505a\u574f\u4e86\u7684\u5de5\u4f5c\u5371\u53ca\u8239\u7684\u547d\u8fd0\u3002\u793e\u4f1a\u4e5f\u662f\u8fd9\u6837\uff1a\u6211\u4eec\u6bcf\u4e2a\u4eba\u6240\u4ece\u4e8b\u7684\u804c\u4e1a\u5c31\u662f\u6bcf\u4e2a\u4eba\u5728\u793e\u4f1a\u4e2d\u6240\u8d77\u7684\u4f5c\u7528\uff1b\u4ed6\u5bf9\u793e\u4f1a\u6709\u8d21\u732e\u8fd8\u662f\u5bf9\u793e\u4f1a\u6709\u5bb3\uff0c\u53d6\u51b3\u4ed6\u7684\u5de5\u4f5c\u662f\u5426\u52e4\u594b\u3002\u4e0d\u79cd\u7530\u7684\u519c\u6c11\u4e0d\u4f46\u662f\u61d2\u60f0\u7684\u4eba\uff0c\u800c\u4e14\u4e5f\u662f\u6709\u5bb3\u7684\u4eba\uff1a\u4ed6\u4e0d\u4e3a\u793e\u4f1a\u751f\u4ea7\u679c\u5b9e\u53cd\u800c\u4eab\u53d7\u793e\u4f1a\u7684\u679c\u5b9e\u3002\u4e0d\u7ecf\u5fc3\u5de5\u4f5c\u7684\u5de5\u4eba\u548c\u4e0d\u52aa\u529b\u4ece\u4e8b\u827a\u672f\u521b\u4f5c\u7684\u827a\u672f\u5bb6\u4e5f\u540c\u6837\u5bf9\u793e\u4f1a\u72af\u6709\u8fc7\u5931\u3002<br \/>\n\u5c31\u50cf\u4e00\u8258\u8239\u4e0a\u7684\u5168\u4f53\u8239\u5458\u662f\u7531\u5404\u79cd\u503c\u73ed\u4eba\u5458\u7ec4\u6210\u7684\u90a3\u6837\uff0c\u793e\u4f1a\u4e0d\u4f46\u9700\u8981\u519c\u6c11\u3001\u56ed\u6797\u5de5\u4eba\u3001\u70bc\u94a2\u5de5\u4eba\u3001\u77ff\u5de5\u3001\u7ec7\u5e03\u5973\u5de5\u3001\u5546\u4eba\u3001\u7ec6\u6728\u5de5\u5320\u3001\u978b\u5320\u3001\u7406\u53d1\u5e08\u548c\u5176\u4ed6\u624b\u827a\u4eba\uff0c\u800c\u4e14\u9700\u8981\u79d1\u5b66\u5bb6\u3001\u5de5\u7a0b\u5e08\u3001\u6559\u5e08\u3001\u533b\u52a1\u5de5\u4f5c\u8005\u3001\u6cd5\u5b98\u3001\u4f5c\u5bb6\u3001\u65b0\u95fb\u5de5\u4f5c\u8005\u3001\u827a\u672f\u5bb6\u7b49\u3002\u5728\u6211\u56fd\u6240\u6709\u804c\u4e1a\u90fd\u540c\u6837\u5149\u8363\uff0c\u56e0\u4e3a\u5728\u5404\u79cd\u5c97\u4f4d\u4e0a\u5de5\u4f5c\u7684\u4eba\u90fd\u662f\u5728\u4e3a\u7956\u56fd\u7684\u73b0\u4ee3\u5316\u4f5c\u8d21\u732e\u3002\u4e00\u4e2a\u4eba\u53ea\u8981\u5de5\u4f5c\u52e4\u6073\uff0c\u6210\u7ee9\u663e\u8457\uff0c\u5c31\u5e94\u8be5\u53d7\u5230\u8868\u626c\u5e76\u5e94\u53d7\u5230\u793e\u4f1a\u5c0a\u91cd\uff0c\u4e0d\u7ba1\u4ed6\u662f\u4f53\u529b\u52b3\u52a8\u8005\u8fd8\u662f\u8111\u529b\u52b3\u52a8\u8005\u3002<br \/>\n\u4eba\u6709\u5404\u79cd\u5404\u6837\u7684\u5174\u8da3\u548c\u624d\u80fd\u3002\u6709\u4e9b\u4eba\u559c\u6b22\u673a\u5668\u548c\u53d1\u52a8\u673a\u3002\u4ed6\u4eec\u60f3\u8981\u5f53\u673a\u68b0\u5e08\u3001\u6c7d\u8f66\u53f8\u673a\u3001\u62d6\u62c9\u673a\u624b\u3002\u6709\u4e9b\u4eba\u770b\u5230\u7236\u6bcd\u4eb2\u7684\u5de5\u4f5c\uff0c\u4ed6\u4eec\u613f\u610f\u7ed9\u81ea\u5df1\u9009\u62e9\u7236\u4eb2\u6216\u6bcd\u4eb2\u7684\u804c\u4e1a\uff1a\u6709\u7684\u8981\u5f53\u98de\u884c\u5458\u3001\u6444\u5f71\u5e08\u3001\u7535\u6c14\u5e08\u3001\u94c1\u8def\u5de5\u4eba\u3001\u953b\u5de5\u6216\u6280\u672f\u5458\uff0c\u6709\u7684\u8981\u5f53\u88c1\u7f1d\u3001\u5bb6\u5177\u5de5\u4eba\u3001\u6e05\u9053\u5de5\u3001\u4e58\u52a1\u5458\u3001\u552e\u8d27\u5458\u6216\u90ae\u9012\u5458\u3002\u4e5f\u6709\u4e00\u4e9b\u5177\u6709\u7279\u6b8a\u827a\u672f\u624d\u80fd\u7684\u4eba\u3002\u4ed6\u4eec\u9002\u5408\u5f53\u4f5c\u66f2\u5bb6\u3001\u6b4c\u5531\u5bb6\u3001\u6f14\u5458\u3001\u821e\u8e48\u5bb6\u6216\u8bd7\u4eba\u3002\u4f18\u79c0\u7684\u827a\u672f\u5bb6\u662f\u793e\u4f1a\u7684\u8d22\u5b9d\u3002<br \/>\n\u597d\u597d\u5de5\u4f5c\uff0c\u4e3a\u793e\u4f1a\u670d\u52a1\uff0c\u8fd9\u662f\u6bcf\u4e2a\u793e\u4f1a\u6210\u5458\u5e94\u5c3d\u7684\u804c\u8d23\u3002\u4eb2\u7231\u7684\u5e74\u9752\u670b\u53cb\u4eec\uff0c\u4e3a\u4e86\u4f60\u4eec\u660e\u5929\u80fd\u6210\u4e3a\u6709\u4e30\u5bcc\u77e5\u8bc6\u7684\u3001\u6709\u624d\u5e72\u7684\u4eba\uff0c\u4e5f\u5c31\u662f\u6709\u76ca\u4e8e\u6211\u4eec\u793e\u4f1a\u548c\u7956\u56fd\u7684\u4eba\uff0c\u5c3d\u53ef\u80fd\u52e4\u594b\u5730\u5b66\u4e60\u548c\u9605\u8bfb\u6709\u76ca\u7684\u4e66\u7c4d\u5427\u3002<br \/>\n&nbsp;<br \/>\n&nbsp;<br \/>\n&nbsp;<br \/>\n****************************<br \/>\n\u5e7d\u9ed8<br \/>\n\u2014\u2014\u4f60\u957f\u5927\u540e\u60f3\u505a\u4ec0\u4e48\uff1f<br \/>\n\u2014\u2014\u9996\u5148\uff0c\u4e3a\u4e86\u4f7f\u6211\u6bcd\u4eb2\u6ee1\u610f\uff0c\u6211\u8981\u5f53\u4e00\u540d\u533b\u751f\u3002\u7136\u540e\uff0c\u4e3a\u4e86\u4f7f\u6211\u81ea\u5df1\u6ee1\u610f\uff0c\u6211\u8981\u5f53\u4e00\u540d\u6d77\u5458\u3002<br \/>\n****************************<br \/>\n\u60a8\u662f\u5426\u77e5\u9053<br \/>\n\u8fd9\u51e0\u4f4d\u8457\u540d\u4e16\u754c\u8bed\u8005\u4ece\u4e8b\u7684\u804c\u4e1a\uff1f<br \/>\n\u4e16\u754c\u8bed\u521b\u59cb\u4ebaL. L. Zamenhof\u662f\u773c\u79d1\u533b\u751f\u3002\u4ed6\u7684\u7236\u4eb2\u662f\u5916\u8bed\u6559\u5e08\u3002<br \/>\n\u4e16\u754c\u8bed\u7b2c\u4e00\u6587\u4f53\u5bb6\u3001\u8457\u540d\u6ce2\u5170\u4f5c\u5bb6\u548c\u7ffb\u8bd1\u5bb6Kazimierz Bein\uff08\u5728\u4e16\u754c\u8bed\u6587\u5b66\u4e2d\u4ed6\u4ee5\u7b14\u540dKabe\u4e3a\u5927\u5bb6\u6240\u719f\u77e5\uff09\u4e5f\u540c\u6837\u662f\u773c\u79d1\u533b\u751f\u3002\u201c\u4e16\u754c\u8bed\u8bd7\u6b4c\u4e4b\u7236\u201dAntoni Grabowski\u662f\u5316\u5b66\u5de5\u7a0b\u5e08\u3002<br \/>\n\u201c\u8bd7\u4eba\u4e2d\u7684\u8bd7\u4eba\u201d\uff08\u610f\u4e3a\u6700\u6770\u51fa\u7684\u8bd7\u4eba\uff09Kolomano Kalocsay\u535a\u58eb\u662f\u4e3b\u4efb\u533b\u5e08\u3001\u5927\u5b66\u6559\u6388\u3002Edmond Privat\u4e5f\u540c\u6837\u662f\u5927\u5b66\u6559\u6388\uff0c\u4f46\u4ed6\u4e0d\u662f\u533b\u751f\uff0c\u800c\u662f\u793e\u4f1a\u79d1\u5b66\u5bb6\u3002\u6700\u53d7\u4eba\u6b22\u8fce\u7684\u4e16\u754c\u8bed\u8bd7\u4ebaJulio Baghy\u548c\u4ed6\u7684\u7236\u4eb2\u4e00\u6837\u662f\u6f14\u5458\u3002<br \/>\n<strong><b>B<\/b><\/strong><br \/>\n<strong><b>\u5fb7\u6469\u65af\u68af\u5c3c<\/b><\/strong><br \/>\n\u5fb7\u6469\u65af\u68af\u5c3c\u662f\u5e0c\u814a\u6700\u4f1f\u5927\u7684\u6f14\u8bf4\u5bb6\u3002\u4ed6\u4e0d\u5230\u4e03\u5c81\u5c31\u5931\u53bb\u4e86\u7236\u4eb2\u3002\u6709\u4e00\u6b21\u4ed6\u542c\u4e86\u4e00\u4f4d\u6f14\u8bf4\u5bb6\u7684\u8bb2\u6f14\uff0c\u88ab\u90a3\u7f8e\u5999\u7684\u6f14\u8bf4\u8ff7\u4f4f\u4e86\u3002\u4ed6\u7acb\u523b\u51b3\u5b9a\u5c06\u6765\u4e5f\u8981\u5f53\u4e00\u540d\u6f14\u8bf4\u5bb6\u3002<br \/>\n\u4ece\u90a3\u5929\u8d77\u4ed6\u4e0d\u518d\u53c2\u52a0\u6e38\u620f\u800c\u628a\u5168\u90e8\u65f6\u95f4\u7528\u5728\u8bfb\u4e66\u548c\u8bb2\u6f14\u4e0a\u3002\u5728\u4ed6\u5df2\u7ecf\u6210\u5e74\u7684\u65f6\u5019\uff0c\u6709\u4e00\u6b21\u4ed6\u51c6\u5907\u4e86\u4e00\u7bc7\u6f02\u4eae\u7684\u8bb2\u6f14\u8bcd\u5728\u516c\u4f17\u805a\u4f1a\u4e0a\u8fdb\u884c\u8bb2\u6f14\u3002\u4f46\u662f\u4eba\u4eec\u5411\u4ed6\u559d\u5012\u5f69\uff0c\u770b\u6765\u4ed6\u7684\u5168\u90e8\u52aa\u529b\u90fd\u767d\u8d39\u4e86\u3002<br \/>\n\u4ed6\u60b2\u4f24\u5730\u56de\u5230\u5bb6\u4e2d\u3002\u4e00\u4f4d\u670b\u53cb\u9f13\u52b1\u4ed6\u8fdb\u884c\u7b2c\u4e8c\u6b21\u5c1d\u8bd5\u3002\u4ed6\u66f4\u52a0\u52e4\u594b\u5730\u5b66\u4e60\uff0c\u66f4\u52a0\u6d41\u5229\u5730\u8bb2\u6f14\u3002\u4f46\u5f88\u4e0d\u5e78\uff0c\u4eba\u4eec\u53c8\u4e00\u6b21\u5632\u7b11\u4ed6\u3002<br \/>\n\u4ed6\u628a\u8138\u85cf\u5728\u5916\u5957\u9886\u5b50\u91cc\u5931\u671b\u5730\u56de\u5230\u5bb6\u4e2d\u3002\u53e6\u4e00\u4f4d\u670b\u53cb\u6765\u770b\u671b\u4ed6\uff0c\u7ed9\u4ed6\u6307\u51fa\u4ed6\u8bb2\u6f14\u65b9\u5f0f\u7684\u7f3a\u70b9\u548c\u9519\u8bef\u3002\u4f5c\u4e3a\u4e00\u4e2a\u6f14\u8bf4\u5bb6\uff0c\u4ed6\u6709\u4e09\u4e2a\u4e3b\u8981\u7f3a\u70b9\uff1a\u7b2c\u4e00\uff0c\u4ed6\u8bb2\u8bdd\u58f0\u97f3\u592a\u4f4e\uff0c\u56e0\u4e3a\u4ed6\u80f8\u8154\u5171\u9e23\u80fd\u529b\u4e0d\u5f3a\uff1b\u7b2c\u4e8c\uff0c\u4ed6\u8bb2\u8bdd\u53e3\u9f7f\u4e0d\u6e05\uff0c\u6709\u51e0\u4e2a\u97f3\u4ed6\u6839\u672c\u4e0d\u4f1a\u53d1\uff0c\u4f8b\u5982r\u8fd9\u4e2a\u97f3\uff1b\u6700\u540e\uff0c\u4ed6\u8fd8\u6709\u6bcf\u6f14\u5b8c\u4e00\u53e5\u8bdd\u603b\u8981\u62ac\u8d77\u80a9\u8180\u7684\u574f\u4e60\u60ef\u3002\u7136\u800c\u600e\u6837\u514b\u670d\u8fd9\u4e9b\u7f3a\u70b9\u5462\uff1f\u5fb7\u6469\u65af\u68af\u5c3c\u5e76\u6ca1\u6709\u5931\u671b\u3002<br \/>\n\u6709\u5fd7\u8005\uff0c\u4e8b\u7adf\u6210\u3002\u4e3a\u4e86\u589e\u5f3a\u80f8\u8154\u5171\u9e23\u80fd\u529b\uff0c\u5fb7\u6469\u65af\u68af\u5c3c\u6bcf\u5929\u5728\u6ce2\u6d9b\u6c79\u6d8c\u7684\u9661\u5ced\u7684\u5c71\u5d16\u6216\u5230\u6d77\u6ee8\u7528\u81ea\u5df1\u7684\u55d3\u97f3\u538b\u5012\u6d77\u6d6a\u7684\u5de8\u5927\u58f0\u54cd\u3002\u4e3a\u4e86\u53d1\u597dr\u548c\u5176\u4ed6\u51e0\u4e2a\u97f3\uff0c\u4ed6\u628a\u5c0f\u77f3\u5757\u653e\u5728\u820c\u5934\u4e0b\u7ec3\u4e60\u8bf4\u8bdd\u3002\u4e3a\u4e86\u514b\u670d\u62ac\u80a9\u7684\u4e60\u60ef\uff0c\u4ed6\u5728\u80a9\u5934\u4e0a\u60ac\u6302\u4e00\u628a\u5229\u5251\uff0c\u6bcf\u5f53\u4ed6\u62ac\u80a9\u65f6\uff0c\u5229\u5251\u4fbf\u523a\u4f24\u4ed6\u7684\u80a9\u5934\u3002\u6700\u540e\u4ed6\u628a\u5934\u53d1\u526a\u77ed\uff1a\u4ed6\u4e0d\u80fd\u51fa\u95e8\uff0c\u53ea\u597d\u628a\u5168\u90e8\u65f6\u95f4\u7528\u5728\u5b66\u4e60\u4e0a\u3002\u901a\u8fc7\u8fd9\u6837\u4e0d\u65ad\u7684\u7ec3\u4e60\u548c\u52aa\u529b\u4ed6\u7ec8\u4e8e\u6210\u4e3a\u4e16\u754c\u4e0a\u6700\u4f1f\u5927\u7684\u6f14\u8bf4\u5bb6\u3002<br \/>\n&nbsp;<br \/>\n\u65e9\u6b7b\u65e9\u597d<br \/>\n\u5343\u6237\u5728\u5403\u7f8a\u8089\u65f6\uff0c\u4e00\u5757\u9aa8\u5934\u5361\u5728\u4ed6\u7684\u5589\u5499\u91cc\u3002\u4ed6\u4e0d\u80fd\u628a\u5b83\u53d6\u51fa\u6765\uff0c\u4e5f\u4e0d\u80fd\u628a\u5b83\u541e\u4e0b\u53bb\uff1b\u5b83\u4f7f\u4ed6\u611f\u5230\u975e\u5e38\u75bc\u75db\u3002\u4ed6\u8bf7\u6765\u7684\u533b\u751f\u4e2d\u6ca1\u6709\u4e00\u4e2a\u4eba\u80fd\u591f\u5e2e\u52a9\u4ed6\uff0c\u6700\u540e\u4ed6\u4e0d\u5f97\u4e0d\u6d3e\u4eba\u53bb\u8bf7\u963f\u51e1\u63d0\u5e2e\u5fd9\u3002<br \/>\n\u963f\u51e1\u63d0\u5199\u4e86\u4e00\u5c01\u4fe1\u4ea4\u7ed9\u6765\u4eba\uff0c\u5bf9\u6765\u4eba\u8bf4\uff0c\u9605\u8bfb\u90a3\u5c01\u4fe1\u8981\u6bd4\u836f\u7269\u7684\u6548\u529b\u5927\u3002<br \/>\n\u6d3e\u53bb\u7684\u4eba\u8fc5\u901f\u56de\u6765\uff0c\u628a\u4fe1\u4ea4\u7ed9\u5343\u6237\u3002\u5343\u6237\u6253\u5f00\u4fe1\u5c01\u8bfb\u4e86\u4fe1\u4e4b\u540e\u7acb\u523b\u5927\u6012\uff0c\u5f88\u5feb\u5c31\u6b7b\u4e86\u3002\u4eba\u4eec\u62ff\u8d77\u4fe1\u6765\u4e00\u770b\uff0c\u4fe1\u4e0a\u5199\u7740\uff1a\u201c\u5343\u6237\u9601\u4e0b\uff01\u4f60\u4e00\u751f\u4f5c\u6076\u591a\u7aef\uff0c\u5c31\u8fde\u4f60\u4eca\u5929\u5403\u7684\u7f8a\u4e5f\u662f\u4f60\u4ece\u7a77\u4eba\u5bb6\u62a2\u6765\u7684\u3002\u7f8a\u9aa8\u5934\u628a\u4f60\u5361\u6b7b\u662f\u4f60\u7684\u5e78\u8fd0\u3002\u4e3a\u4ec0\u4e48\u8fd8\u8981\u6c42\u533b\u5462\uff1f\u65e9\u6b7b\u65e9\u597d\uff01\u201d<br \/>\n&nbsp;<\/p>\n<h5>\u7ec3\u4e60\u53c2\u8003\u7b54\u6848<\/h5>\n<p>&nbsp;<\/p>\n<ol>\n<li>\u5c06\u4e0b\u5217\u53e5\u5b50\u8bd1\u6210\u4e16\u754c\u8bed\uff1a\uff08\u7b54\u6848\u7565\uff09<\/li>\n<\/ol>\n<p>&nbsp;<\/p>\n<ol>\n<li>\u7528\u62ec\u53f7\u4e2d\u7684\u8bcd\u8fdb\u884c\u5bf9\u8bdd\uff1a\uff08\u7b54\u6848\u7565\uff09<\/li>\n<\/ol>\n<p>&nbsp;<br \/>\nIII\uff0e\u5b8c\u6210\u4e0b\u5217\u53e5\u5b50\uff1a<\/p>\n<ol>\n<li>poeto \u00a02. komponisto \u00a03. aktorino \u00a04. laboristo \u00a05. flegistino \u00a06. kirurgo \u00a07. oficistino \u00a08. tradukisto \u00a09. studento \u00a010. \u015doforo<\/li>\n<\/ol>\n<p>&nbsp;<\/p>\n<ol>\n<li>\u4e0b\u5217\u53e5\u5b50\u662f\u5bf9\u4ec0\u4e48\u4eba\u8bb2\u7684\uff0c\u8bf7\u628a\u4ed6\u7684\u804c\u522b\u586b\u5728\u62ec\u53f7\u5185\uff1a<\/li>\n<li>horlo\u011disto \u00a02. kuracisto \u00a03. tajloro \u00a04. barbiro \u00a05. vendisto \u00a06. instruisto \u00a07. radioriparisto \u00a08. adresatino\uff08\u5973\u6536\u4fe1\u4eba\uff09 \u00a09. kelnero \u00a010. esperantisto<\/li>\n<\/ol>\n<p>&nbsp;<\/p>\n<ol>\n<li>\u5206\u6790\u4e0b\u9762\u53e5\u7684\u53e5\u5b50\u6210\u5206<\/li>\n<li>\u6807\u793a\u51fa\u53e5\u4e2d\u7684\u4e3b\u8bed\u548c\u8c13\u8bed\uff08\u4e3b\u8bed\u7528\u7ea2\u8272\u6807\u793a\uff0c\u8c13\u8bed\u7528\u84dd\u8272\u6807\u793a\uff09\uff1a<\/li>\n<li>Demosteno perdas la patron en sia sepjara a\u011do.<\/li>\n<li>Li laboris ankora\u016d pli diligente kaj pli flue diris la paroladon.<\/li>\n<li>Lia tuta penado estis vana.<\/li>\n<li>Petro profunde dormas en sia \u0109ambro.<\/li>\n<li>Vivon travivi estas arto malfacila.<\/li>\n<li>Kvin kaj kvar estas na\u016d.<\/li>\n<li>La profesoro kolektas antikva\u0135ojn.<\/li>\n<li>Kritiki estas facile, fari (estas) malfacile.<\/li>\n<li>Mi venis, vidis, venkis.<\/li>\n<li>Estas utile gimnastiki.<\/li>\n<li>\u5212\u51fa\u53e5\u4e2d\u7684\u8868\u8bed\u6216\u5bbe\u8bed\uff08\u4e3b\u8bed\u7684\u8868\u8bed\u7528\u7c89\u7ea2\u8272\u6807\u793a\uff0c\u5bbe\u8bed\u7684\u8868\u8bed\u7528\u7eff\u8272\u6807\u793a\uff0c\u72b6\u8bed\u6027\u8868\u8bed\u7528\u6a59\u8272\u6807\u793a\uff0c\u76f4\u63a5\u5bbe\u8bed\u7528\u7d2b\u7f57\u5170\u8272\u6807\u793a\uff0c\u95f4\u63a5\u5bbe\u8bed\u7528\u6df1\u9ec4\u8272\u6807\u793a\uff09\uff1a<\/li>\n<li>la suno brunigis al ili la ha\u016dton.<\/li>\n<li>\u015ci iris tre malrapide, por ke \u015diaj piedoj restu puraj.<\/li>\n<li>Scii na\u011di estas utilege.<\/li>\n<li>Li stari\u011dis kaj diris jes.<\/li>\n<li>li fari\u011dis kiel \u015dtono.<\/li>\n<li>Estas eble, ke li venos tre balda\u016d.<\/li>\n<li>Li la unua eniris en la salonon.<\/li>\n<li>Dirine al li \u201c\u011dis revido\u201d, li foriris.<\/li>\n<li>Li sentis sin tuj falonta.<\/li>\n<li>Mia frato estas de meza kresko.<\/li>\n<li>\u0108u hodia\u016d estas varme a\u016d malvarme?<\/li>\n<li>Mi deziras sidi\u011di.<\/li>\n<li>Li trovis la vinon bona.<\/li>\n<li>Lia ordono estas, ke ni iru.<\/li>\n<li>Li \u015dajnas homo honesta.<\/li>\n<li>\u0108u tiu glaso estas por mi?<\/li>\n<li>\u015ci donis al li iom da akvo por trinki.<\/li>\n<li>Frukto malpermesita estas plej bongusta.<\/li>\n<li>Li edzi\u011dis malri\u0109ulo.<\/li>\n<li>La \u0109emizon, kalsonon ktp. oni nomas subvestoj.<\/li>\n<li>Kara estas dono en minuto de bezono.<\/li>\n<li>Morti estas por li kiel dormi.<\/li>\n<li>Mi jam legis &lt;<em><i>Patroj kaj Filoj&gt;<\/i><\/em>.<\/li>\n<li>\u015ci aspektas vire maltima.<\/li>\n<li>Nevo de papo facile fari\u011dos kardinalo.<\/li>\n<li>Mi amas esti kun vi.<\/li>\n<li>Nia domo estas el brikoj.<\/li>\n<li>Ne naski\u011du ri\u0109a, naski\u011du feli\u0109a.<\/li>\n<li>Mi ne scias, ke li estas malsana.<\/li>\n<li>Mi opinias ebla, kion li deziras.<\/li>\n<\/ol>\n<p>&nbsp;<\/p>\n<ol>\n<li>\u5c06\u4e0b\u5217\u53e5\u5b50\u8bd1\u6210\u6c49\u8bed\uff1a<\/li>\n<li>\u753b\u5bb6\u628a\u90a3\u4e2a\u5973\u4eba\u753b\u6210\u5750\u59ff\u3002\uff08\u8bd5\u6bd4\u8f83\uff1ala pentristo pentris la virinon sidantan. \u753b\u5bb6\u7ed9\u90a3\u4e2a\u5750\u7740\u7684\u5973\u4eba\u753b\u50cf\u3002 La pentristo pentris la virinon sidante. \u753b\u5bb6\u5750\u7740\u7ed9\u90a3\u4e2a\u5973\u4eba\u753b\u50cf\u3002\uff09<\/li>\n<li>\u4eba\u4eba\u90fd\u8ba4\u4e3a\u81ea\u5df1\u7684\u5b69\u5b50\u6f02\u4eae\u3002<\/li>\n<li>\u4eba\u4eec\u53d1\u73b0\u90a3\u59d1\u5a18\u6b7b\u4e86\u3002<\/li>\n<li>\u7236\u6bcd\u79f0\u81ea\u5df1\u7684\u513f\u5b50\u4e3aJo\u0109jo\uff0c\u79f0\u81ea\u5df1\u7684\u5973\u513f\u4e3aSonjo\uff0c\u513f\u5973\u79f0\u81ea\u5df1\u7684\u7236\u4eb2\u4e3apa\u0109jo\uff0c\u79f0\u81ea\u5df1\u7684\u6bcd\u4eb2\u4e3apanjo<\/li>\n<li>\u6211\u76f8\u4fe1\u90a3\u662f\u771f\u7684\u3002<\/li>\n<li>\u6211\u611f\u5230\u6bd4\u8fc7\u53bb\u5e74\u8f7b\u4e86\u5341\u5c81\u3002<\/li>\n<li>\u4ed6\u8ba9\u95e8\u655e\u5f00\u7740\u3002\uff08\u6216\u7b80\u5355\u5730\u8bd1\u4e3a\uff1a\u4ed6\u655e\u7740\u95e8\u3002\uff09<\/li>\n<li>\u6211\u770b\u89c1\u6211\u59b9\u59b9\u6b63\u5728\u54ed\u3002<\/li>\n<li>\u6211\u8ba4\u4e3a\u4ed6\u8bf4\u7684\u8bdd\u662f\u771f\u7684\u3002<\/li>\n<li>\u6240\u6709\u7684\u4eba\u90fd\u79f0\u4ed6\u5c06\u519b\u3002<\/li>\n<li>\u4ed6\u628a\u7070\u8272\u7684\u5899\u7c89\u5237\u6210\u9ec4\u8272\u7684\u3002<\/li>\n<li>\u4eba\u4eec\u900f\u8fc7\u7ea2\u8272\u73bb\u7483\u4f1a\u628a\u767d\u8272\u7684\u4e1c\u897f\u770b\u6210\u7ea2\u8272\u7684\u3002<\/li>\n<\/ol>\n<p>&nbsp;<br \/>\nVII. \u5c06\u4e0b\u5217\u53e5\u5b50\u8bd1\u6210\u6c49\u8bed\uff0c\u6ce8\u610f\u53e5\u4e2d\u4ecb\u8bcd\u7684\u7528\u6cd5\uff1a<br \/>\n\u0108IRKA\u016c<\/p>\n<ol>\n<li>\u5f53\u5979\u5c0f\u624b\u56f4\u4f4f\u706b\u67f4\u7684\u65f6\u5019\uff0c\u706b\u67f4\u53d1\u51fa\u660e\u4eae\u7684\u706b\u7130\u3002<\/li>\n<li>\u6708\u7403\u7ed5\u5730\u7403\u8fd0\u884c\u3002<\/li>\n<li>\u4ed6\u4f38\u51fa\u53cc\u81c2\u6402\u4f4f\u4e86\u8fd9\u59d1\u5a18\u7684\u8116\u5b50\u3002<\/li>\n<li>\u6211\u5c06\u5728\u4e94\u6708\u524d\u540e\u5230\u6b27\u6d32\u65c5\u884c\u3002<\/li>\n<li>\u4ed6\u5c06\u5728\u5341\u70b9\u5de6\u53f3\u6765\u3002<\/li>\n<li>\u81ea\u4ed6\u53bb\u4e16\u4ee5\u6765\u5c06\u8fd1\u4e09\u5e74\u8fc7\u53bb\u4e86\u3002<\/li>\n<li>\u5979\u5927\u7ea6\u4e94\u5341\u5c81\u3002<\/li>\n<\/ol>\n<p>DA<\/p>\n<ol>\n<li>\u6211\u7ed9\u4ed6\u4e00\u76d2\u706b\u67f4\u3002<\/li>\n<li>\u4ed6\u559d\u4e86\u4e00\u676f\u8461\u8404\u9152\u3002<\/li>\n<li>\u6211\u4e70\u4e86\u4e00\u6253\u94c5\u7b14\u3002<\/li>\n<li>\u6211\u4e00\u5c0f\u65f6\u80fd\u8bfb15\u9875\u8bfe\u6587\u3002<\/li>\n<li>\u4ed6\u9700\u8981\u8bb8\u591a\u7eb8\u3002<\/li>\n<li>\u4ed6\u7ed9\u4e86\u6211\u8bb8\u591a\u4e66\u548c\u8fd8\u6709\u51e0\u53ea\u7b14\u3002<\/li>\n<li>\u4eca\u5929\u65e9\u6668\u4ed6\u53ea\u5403\u4e86\u4e00\u5757\u9762\u5305\uff0c\u559d\u4e86\u4e00\u70b9\u725b\u5976\u3002<\/li>\n<\/ol>\n<p>DE<\/p>\n<ol>\n<li>\u4ed6\u4ece\u5317\u4eac\u6b65\u884c\u5230\u5929\u6d25\u3002<\/li>\n<li>\u6211\u79bb\u4ed6\u53ea\u6709\u4e09\u6b65\u3002<\/li>\n<li>\u82b1\u74f6\u4ece\u684c\u4e0a\u6454\u5230\u5730\u677f\u4e0a\u3002<\/li>\n<li>\u5979\u8e66\u6765\u8e66\u53bb\u5730\u8df3\u4e86\u4e00\u6574\u5929\u3002<\/li>\n<li>\u5979\u64e6\u53bb\u8138\u4e0a\u7684\u6c57\u3002<\/li>\n<li>\u9ed1\u4eba\u4e0e\u6211\u4eec\u53ea\u6709\u80a4\u8272\u4e0a\u7684\u5dee\u522b\u3002<\/li>\n<li>\u6211\u6536\u5230\u6211\u53d4\u53d4\u4e00\u4ef6\u793c\u7269\u3002<\/li>\n<li>\u4ed6\u75c5\u4e86\u4e24\u4e2a\u6708\u3002<\/li>\n<li>\u4ed6\u4ece\u65e9\u5230\u665a\u5de5\u4f5c\u3002<\/li>\n<li>\u4ed6\u51b7\u5f97\u53d1\u6296\u3002<\/li>\n<li>\u4ed6\u53d7\u5230\u6240\u6709\u4eba\u5c0a\u656c\u3002<\/li>\n<li>\u6211\u6bcf\u5929\u65e9\u6668\u88ab\u9e1f\u513f\u7684\u6b4c\u58f0\u5524\u9192\u3002<\/li>\n<li>\u8fd9\u68f5\u6811\u88ab\u5927\u98ce\u5439\u65ad\u3002<\/li>\n<li>\u6211\u7684\u8863\u670d\u88ab\u6cb9\u6c61\u5f04\u810f\u3002<\/li>\n<li>\u5934\u53d1\u4e0d\u662f\u7531\u4e8e\u5c81\u6708\u800c\u662f\u7531\u4e8e\u64cd\u5fc3\u800c\u53d8\u767d\u7684\u3002\uff08\u8c1a\u8bed\uff09<\/li>\n<li>\u8fd9\u8981\u770b\u60c5\u51b5\u800c\u5b9a\u3002<\/li>\n<li>\u4ed6\u662f\u4ed6\u7236\u4eb2\u7684\u9a84\u50b2\u3002<\/li>\n<li>\u5979\u9a91\u7740\u4e00\u5339\u767d\u8272\u7684\u9a6c\u3002<\/li>\n<li>\u4ed6\u5df2\u7ecf80\u5c81\u4e86\u3002<\/li>\n<li>\u6211\u4e70\u7684\u7cd5\u4ed6\u5403\u4e86\u534a\u5757\u3002<\/li>\n<li>\u7236\u6bcd\u5bf9\u5b50\u5973\u7684\u7231\u603b\u662f\u8d85\u8fc7\u5b50\u5973\u5bf9\u7236\u6bcd\u7684\u7231\u3002<\/li>\n<li>\u7f3a\u5c11\u91d1\u94b1\u5e76\u975e\u6709\u5931\u4f53\u9762\u3002\uff08\u8c1a\u8bed\uff09<\/li>\n<li>\u8fd9\u4e2a\u73bb\u7483\u676f\u76db\u6ee1\u4e86\u6c34\u3002<\/li>\n<li>\u8fd9\u8f86\u6c7d\u8f66\u505c\u5728\u8857\u4e2d\u95f4\u3002<\/li>\n<li>\u4ed6\u51fa\u8eab\u4e8e\u8d2b\u82e6\u5bb6\u5ead\u3002<\/li>\n<\/ol>\n<p>DUM<\/p>\n<ol>\n<li>\u5728\u51e0\u5206\u949f\u65f6\u95f4\u5185\u6211\u542c\u89c1\u4e86\u4e24\u58f0\u67aa\u54cd\u3002<\/li>\n<li>\u5979\u8bb2\u8bdd\u65f6\u58f0\u97f3\u5f88\u5927\u3002<\/li>\n<li>\u4ed6\u4e00\u8def\u4e0a\u540c\u739b\u4e3d\u5a05\u8bf4\u8bdd\u3002<\/li>\n<li>\u8fd9\u5802\u8bfe\u6ca1\u6709\u4e00\u4e2a\u4eba\u7f3a\u5e2d\u3002<\/li>\n<li>\u4ed6\u6e38\u6cf3\u6e38\u4e86\u4e24\u5c0f\u65f6\u3002<\/li>\n<\/ol>\n<p>EKSTER<\/p>\n<ol>\n<li>\u6211\u7ad9\u5728\u5c4b\u5916\uff0c\u4ed6\u7ad9\u5728\u5c4b\u5185\u3002<\/li>\n<li>\u4ed6\u50cf\u79bb\u5f00\u6c34\u7684\u9c7c\u4e00\u6837\u6323\u624e\u3002<\/li>\n<li>\u8fd9\u662f\u4e0d\u5bb9\u7f6e\u7591\u7684\u3002<\/li>\n<li>\u9664\u4e86\u8fd9\u4e9b\u89c4\u5219\u4e4b\u5916\u8fd8\u6709\u5176\u4ed6\u89c4\u5219\u3002<\/li>\n<\/ol>\n<p>VII. \u8bf4\u51fa\u4e0b\u5217\u6d3e\u751f\u8bcd\u7684\u610f\u601d\uff1a\uff08\u7b54\u6848\u7565\uff09<br \/>\nVIII. \u5c06\u4e0b\u5217\u53e5\u5b50\u8bd1\u6210\u4e16\u754c\u8bed\uff1a<\/p>\n<ol>\n<li>Tio (\u0109i) estas obeenda regulo.<\/li>\n<li>Li diris, ke li pli diligente laboros, por ke li povu plenumi la taskon kiel eble plej frue.\u00a0(a\u016d: por plenumi la taskon kiel eble plej frue.)<\/li>\n<li>Kiel esperantistoj, ni devas anta\u016d \u0109io bone ellerni nian lingvon.<\/li>\n<li>\u015ci iom ripozis post \u0109iu kantita kanto.<\/li>\n<li>\u0108iu el ni havas sian \u015datokupon.<\/li>\n<li>\u0108iu el ni devas kontribui al la modernigo de la patrujo.<\/li>\n<li>Mi renkontis Petron kun lia edzino kaj ties patrino.<\/li>\n<li>Li laboras tre diligente, tial li estas la\u016ddata kaj estimata de la socio.<\/li>\n<li>Li diris al mi, ke morga\u016d li veturos al Pekino per\u00a0vagonaro.<\/li>\n<li>Kiam mi (en)iris en la \u0109ambron, mi vidis, ke li skribas leteron.<\/li>\n<li>Li dedi\u0109is sian tutan vivon al la Esperanta movado.<\/li>\n<li>Kiam \u015di perdis la esperon, \u0109iuj kura\u011digis \u015din al dua provo.<\/li>\n<li>Hodia\u016d li portas (la) bluan jakon anstata\u016d la grizan.<\/li>\n<li>Hodia\u016d ni devas diligente lerni kaj legi kiel eble plej multajn utilajn librojn, por ke ni morga\u016d povu fari\u011di homo utilaj al la socio kaj la patrujo.<\/li>\n<\/ol>\n<p>\u8fd4\u56de<a href=\"https:\/\/reto.cn\/php\/hanyu\/wangchongfang_mezgrada_kurso\/helpilo\/\">\u300a\u738b\u5d07\u82b3\u4e16\u754c\u8bed\u5b9e\u7528\u4e2d\u7ea7\u8bfe\u672c\u300b\u5b66\u4e60\u8f85\u5bfc\u76ee\u5f55<\/a>\t\t<\/p>\n","protected":false},"excerpt":{"rendered":"<p>\u7b2c\u5341\u516d\u8bfe \u7b2c\u5341\u516d\u8bfe\u8bfe\u6587\u53c2\u8003\u8bd1\u6587 &nbsp; A \u6bcf\u4e00\u4e2a\u52b3\u52a8\u8005\u90fd\u6709\u81ea\u5df1\u7684\u8d21\u732e \u793e\u4f1a\u5c31\u50cf\u4e00\u8258\u8239\u4e0a\u7684\u5168\u4f53\u8239\u5458\u4e00\u6837\uff0c\u2026 <span class=\"read-more\"><a href=\"https:\/\/reto.cn\/php\/hanyu\/wangchongfang_mezgrada_kurso\/helpilo\/kurso_16\/\">\u7ee7\u7eed\u9605\u8bfb Legi pli &raquo;<\/a><\/span><\/p>\n","protected":false},"author":1,"featured_media":0,"parent":5162,"menu_order":26,"comment_status":"closed","ping_status":"closed","template":"","meta":{"footnotes":""},"_links":{"self":[{"href":"https:\/\/reto.cn\/php\/hanyu\/wp-json\/wp\/v2\/pages\/5284"}],"collection":[{"href":"https:\/\/reto.cn\/php\/hanyu\/wp-json\/wp\/v2\/pages"}],"about":[{"href":"https:\/\/reto.cn\/php\/hanyu\/wp-json\/wp\/v2\/types\/page"}],"author":[{"embeddable":true,"href":"https:\/\/reto.cn\/php\/hanyu\/wp-json\/wp\/v2\/users\/1"}],"replies":[{"embeddable":true,"href":"https:\/\/reto.cn\/php\/hanyu\/wp-json\/wp\/v2\/comments?post=5284"}],"version-history":[{"count":0,"href":"https:\/\/reto.cn\/php\/hanyu\/wp-json\/wp\/v2\/pages\/5284\/revisions"}],"up":[{"embeddable":true,"href":"https:\/\/reto.cn\/php\/hanyu\/wp-json\/wp\/v2\/pages\/5162"}],"wp:attachment":[{"href":"https:\/\/reto.cn\/php\/hanyu\/wp-json\/wp\/v2\/media?parent=5284"}],"curies":[{"name":"wp","href":"https:\/\/api.w.org\/{rel}","templated":true}]}}