{"id":5288,"date":"2019-03-21T21:03:15","date_gmt":"2019-03-21T13:03:15","guid":{"rendered":"http:\/\/reto.cn\/php\/hanyu\/?page_id=5288"},"modified":"2019-03-21T21:03:15","modified_gmt":"2019-03-21T13:03:15","slug":"kurso_17","status":"publish","type":"page","link":"https:\/\/reto.cn\/php\/hanyu\/wangchongfang_mezgrada_kurso\/helpilo\/kurso_17\/","title":{"rendered":"\u4e16\u754c\u8bed\u4e2d\u7ea7\u6559\u7a0b\u5b66\u4e60\u8f85\u5bfc \u7b2c\u5341\u4e03\u8bfe"},"content":{"rendered":"<p>\t\t\t\t<strong><b>\u7b2c\u5341\u4e03\u8bfe<\/b><\/strong><\/p>\n<h5>\u7b2c\u5341\u4e03\u8bfe\u8bfe\u6587\u53c2\u8003\u8bd1\u6587<\/h5>\n<p>&nbsp;<br \/>\n<strong><b>A<\/b><\/strong><br \/>\n<strong><b>\u4f53\u80b2\u8fd0\u52a8<\/b><\/strong><br \/>\n\u201c\u5de5\u4f5c\u5b8c\u6bd5\uff0c\u5c31\u8be5\u4f11\u606f\u201d\u662f\u4e00\u53e5\u4e16\u754c\u8bed\u8c1a\u8bed\u3002\u5728\u4e00\u4e9b\u6c11\u65cf\u8bed\u4e2d\u4e5f\u6709\u7c7b\u4f3c\u8bf4\u6cd5\u3002\u786e\u5b9e\uff0c\u5f53\u6211\u4eec\u611f\u5230\u75b2\u52b3\u65f6\uff0c\u6211\u4eec\u6bcf\u4e2a\u4eba\u90fd\u9700\u8981\u4f11\u606f\u3002\u5982\u679c\u6211\u4eec\u60f3\u8981\u66f4\u597d\u5730\u5b8c\u6210\u6211\u4eec\u7684\u5de5\u4f5c\uff0c\u6211\u4eec\u5c31\u4e0d\u5e94\u8be5\u4e0d\u4f11\u606f\u5730\u6574\u5929\u5e72\u6d3b\u3002<br \/>\n\u6bcf\u4e2a\u4eba\u90fd\u6709\u81ea\u5df1\u559c\u7231\u7684\u4f11\u606f\u65b9\u5f0f\u3002\u52b3\u7d2f\u4e4b\u540e\u6709\u7684\u4eba\u6bd4\u8f83\u559c\u6b22\u5b89\u9759\u5730\u5750\u7740\u6216\u5c0f\u7761\u7247\u523b\uff0c\u6709\u7684\u4eba\u5219\u559c\u6b22\u9605\u8bfb\u6d88\u9063\u6027\u7684\u8bfb\u7269\u6216\u5230\u4e61\u4e0b\u53bb\u8fdc\u8db3\u3002\u4f46\u6700\u597d\u7684\u65b9\u5f0f\u4e5f\u8bb8\u662f\u53c2\u52a0\u4f53\u80b2\u8fd0\u52a8\u3002<br \/>\n\u4f53\u80b2\u662f\u4e00\u79cd\u8eab\u4f53\u953b\u70bc\u6216\u6e38\u620f\uff0c\u5b83\u4e0d\u4f46\u4ee5\u5a31\u4e50\u4e3a\u76ee\u7684\uff0c\u800c\u4e14\u8fd8\u4ee5\u53d1\u5c55\u4f53\u529b\u548c\u8eab\u4f53\u7684\u7075\u5de7\u6027\u3001\u953b\u70bc\u6bc5\u529b\u3001\u57f9\u517b\u987d\u5f3a\u610f\u5fd7\u548c\u679c\u65ad\u7cbe\u795e\u4e3a\u76ee\u7684\u3002\u4f53\u80b2\u8fd0\u52a8\u53ef\u4ee5\u662f\u5728\u961f\u4e0e\u961f\u4e4b\u95f4\u8fdb\u884c\u7684\uff0c\u5982\u7bee\u7403\u548c\u8db3\u7403\uff0c\u6216\u662f\u7531\u4e2a\u4eba\u8fdb\u884c\u7684\uff0c\u5982\u8dd1\u3001\u8df3\u3001\u6295\u63b7\u3001\u5c04\u51fb\u3001\u9a91\u81ea\u884c\u8f66\u3001\u5212\u8239\u3001\u6e38\u6cf3\u3001\u767b\u5c71\u3001\u4f53\u64cd\u3001\u4e3e\u91cd\u7b49\u3002\u53e6\u5916\uff0c\u56fd\u9645\u8c61\u68cb\u3001\u724c\u620f\u3001\u9493\u9c7c\u3001\u6253\u730e\u4ee5\u53ca\u5176\u4ed6\u7c7b\u4f3c\u7684\u5a31\u4e50\u6d3b\u52a8\u4e5f\u5c5e\u4f53\u80b2\u8fd0\u52a8\u8303\u7574\u3002<br \/>\n\u5e76\u975e\u6bcf\u4e00\u4e2a\u5bf9\u4f53\u80b2\u8fd0\u52a8\u611f\u5174\u8da3\u7684\u4eba\u90fd\u613f\u610f\u4eb2\u81ea\u53c2\u52a0\u4f53\u80b2\u8fd0\u52a8\u3002\u8bb8\u591a\u4eba\u5b81\u613f\u505a\u89c2\u4f17\uff0c\u4ed6\u4eec\u6216\u8005\u4eb2\u81ea\u5728\u73b0\u573a\u89c2\u770b\u4f53\u80b2\u6bd4\u8d5b\uff0c\u6216\u8005\u770b\u7535\u89c6\u5b9e\u51b5\u8f6c\u64ad\u3002\u5728\u4e3e\u884c\u91cd\u5927\u4e52\u4e53\u7403\u8d5b\u6216\u5176\u4ed6\u4f53\u80b2\u7ade\u8d5b\u65f6\uff0c\u901a\u5e38\u662f\u5f88\u96be\u5f04\u5230\u5165\u573a\u5238\u7684\uff0c\u56e0\u4e3a\u786e\u5b9e\u8c01\u90fd\u60f3\u5230\u73b0\u573a\u89c2\u770b\u8fd9\u6837\u7684\u6bd4\u8d5b\u3002<br \/>\n\u4f53\u80b2\u8fd0\u52a8\u53ef\u4ee5\u4f7f\u6211\u4eec\u7684\u5934\u8111\u6062\u590d\u6e05\u65b0\u3001\u589e\u5f3a\u6211\u4eec\u7684\u4f53\u8d28\u3002\u5982\u679c\u6211\u4eec\u60f3\u8981\u7ecf\u5e38\u4fdd\u6301\u9971\u6ee1\u7684\u7cbe\u795e\u548c\u5065\u5168\u7684\u4f53\u9b44\uff0c\u90a3\u5c31\u70ed\u7231\u548c\u53c2\u52a0\u4f53\u80b2\u8fd0\u52a8\u5427\u3002<br \/>\n&nbsp;<br \/>\n<strong><b>B<\/b><\/strong><br \/>\n<strong><b>\u5965\u6797\u5339\u514b\u8fd0\u52a8\u4f1a<\/b><\/strong><br \/>\n\u5168\u4e16\u754c\u6700\u4f18\u79c0\u7684\u8fd0\u52a8\u5458\u6bcf\u56db\u5e74\u4e00\u6b21\u805a\u4f1a\u5728\u4e00\u8d77\u53c2\u52a0\u6700\u91cd\u5927\u7684\u4f53\u80b2\u7ade\u8d5b \u2014\u2014 \u5965\u6797\u5339\u514b\u8fd0\u52a8\u4f1a\u3002<br \/>\n\u53e4\u4ee3\u5965\u6797\u5339\u4e9a\u7ade\u6280\u662f\u53e4\u5e0c\u814a\u4eba\u5728\u5965\u6797\u5339\u4e9a\u57ce\u6bcf\u56db\u5e74\u4e3e\u884c\u4e00\u6b21\u7684\u4f53\u80b2\u7ade\u8d5b\uff1b\u5386\u53f2\u4e0a\u8bb0\u8f7d\u7684\u53e4\u4ee3\u5965\u6797\u5339\u4e9a\u7ade\u6280\u6700\u65e9\u5728\u516c\u5143\u524d776\u5e74\u4e3e\u884c\u3002\u4ece\u90a3\u65f6\u8d77\u5965\u6797\u5339\u4e9a\u7ade\u6280\u5c31\u6210\u4e3a\u53e4\u5e0c\u814a\u4eba\u6700\u91cd\u5927\u7684\u8282\u65e5\u3002\u7ade\u8d5b\u524d\u540e\u548c\u7ade\u8d5b\u671f\u95f4\u5404\u4e00\u4e2a\u6708\uff0c\u5373\u5728\u603b\u5171\u4e09\u4e2a\u6708\u7684\u65f6\u95f4\u91cc\u5230\u5904\u662f\u4e00\u7247\u5965\u6797\u5339\u4e9a\u7684\u548c\u5e73\u6c1b\u56f4\u3002\u8fd9\u610f\u5473\u7740\u6b66\u5668\u58f0\u7684\u5b8c\u5168\u6c89\u5bc2\u548c\u5341\u5206\u5b89\u5b81\u7684\u878d\u6d3d\u6c14\u6c1b\u3002\u5728\u8fd9\u671f\u95f4\u6218\u4e89\u4e00\u6982\u505c\u6b62\uff0c\u4eba\u4eec\u90fd\u4e25\u5389\u60e9\u7f5a\u4e0d\u9075\u5b88\u8fd9\u4e00\u60ef\u4f8b\u7684\u4eba\u3002<br \/>\n\u53e4\u4ee3\u5965\u6797\u5339\u4e9a\u7ade\u6280\u603b\u5171\u4e3e\u884c\u4e86293\u5c4a\u3002<br \/>\n1894\u5e74\u6cd5\u56fd\u4f5c\u5bb6\u987e\u62dc\u65e6\u5021\u8bae\u4e3e\u529e\u73b0\u4ee3\u5965\u6797\u5339\u514b\u8fd0\u52a8\u4f1a\uff0c\u6309\u7167\u4ed6\u7684\u63d0\u8bae\u5341\u4e2a\u56fd\u5bb6\u7684\u4ee3\u8868\u5728\u5df4\u9ece\u5f00\u4f1a\u51b3\u5b9a\uff1a<br \/>\n\u201c\u4eff\u6548\u53e4\u5e0c\u814a\u4eba\u6bcf\u56db\u5e74\u4e3e\u884c\u4e00\u6b21\u5965\u6797\u5339\u4e9a\u7ade\u6280\u7684\u65b9\u5f0f\uff0c\u5c06\u8f6e\u6d41\u5728\u5404\u56fd\u4e3e\u529e\u76db\u5927\u7684\u4f53\u80b2\u6bd4\u8d5b\u2026\u2026\u201d<br \/>\n\u5927\u5bb6\u8fdb\u4e00\u6b65\u51b3\u5b9a\uff1a<br \/>\n\u201c\u5965\u6797\u5339\u514b\u8fd0\u52a8\u4f1a\u5c06\u5305\u62ec\u4e0b\u5217\u9879\u76ee\uff1a<br \/>\na\uff09\u7530\u5f84\u8fd0\u52a8\uff08\u8dd1\u3001\u8df3\u3001\u6295\u63b7\u7b49\uff09<br \/>\nb\uff09\u6c34\u4e0a\u8fd0\u52a8\uff08\u8222\u677f\u9a76\u5e06\u3001\u5212\u8239\u3001\u6e38\u6cf3\u7b49\uff09<br \/>\nc\uff09\u51fb\u5251\u3001\u9a6c\u672f\u8fd0\u52a8\u3001\u5c04\u51fb\u3001\u4f53\u64cd\u3001\u81ea\u884c\u8f66\u8fd0\u52a8\u7b49<br \/>\n\u9664\u51fb\u5251\u5916\uff0c\u6240\u6709\u8fd0\u52a8\u9879\u76ee\u53ea\u80fd\u7531\u4e1a\u4f59\u8fd0\u52a8\u5458\u53c2\u52a0\u3002\u201d<br \/>\n\u7b2c\u4e00\u5c4a\u5965\u6797\u5339\u514b\u8fd0\u52a8\u4f1a\u6309\u7167\u4f20\u7edf\u5728\u96c5\u5178\u4e3e\u884c\u3002\u4ee5\u540e\u7684\u5404\u5c4a\u662f\uff1a<br \/>\n1900 \u2014\u2014 \u5df4\u9ece<br \/>\n1904 \u2014\u2014 \u5723\u8def\u6613\u65af<br \/>\n1908 \u2014\u2014 \u4f26\u6566<br \/>\n1912 \u2014\u2014 \u65af\u5fb7\u54e5\u5c14\u6469<br \/>\n1916 \u2014\u2014 \u56e0\u7b2c\u4e00\u6b21\u4e16\u754c\u5927\u6218\u672a\u4e3e\u884c<br \/>\n1920 \u2014\u2014 \u5b89\u7279\u536b\u666e<br \/>\n1924 \u2014\u2014 \u963f\u59c6\u65af\u7279\u4e39<br \/>\n1928 \u2014\u2014 \u5df4\u9ece<br \/>\n1932 \u2014\u2014 \u6d1b\u6749\u77f6<br \/>\n1936 \u2014\u2014 \u67cf\u6797<br \/>\n1940\u548c1944 \u2014\u2014 \u56e0\u7b2c\u4e8c\u6b21\u4e16\u754c\u5927\u6218\u672a\u4e3e\u884c<br \/>\n1948 \u2014\u2014 \u4f26\u6566<br \/>\n1956 \u2014\u2014 \u8d6b\u5c14\u8f9b\u57fa<br \/>\n1960 \u2014\u2014 \u7f57\u9a6c<br \/>\n1964 \u2014\u2014 \u4e1c\u4eac<br \/>\n1968 \u2014\u2014 \u58a8\u897f\u54e5\u57ce<br \/>\n1972 \u2014\u2014 \u6155\u5c3c\u9ed1<br \/>\n1976 \u2014\u2014 \u8499\u7279\u5229\u5c14<br \/>\n1980 \u2014\u2014 \u83ab\u65af\u79d1<br \/>\n1984 \u2014\u2014 \u6d1b\u6749\u77f6<br \/>\n\u5965\u6797\u5339\u514b\u8fd0\u52a8\u4f1a\u7684\u6bd4\u8d5b\u9879\u76ee\u548c\u53c2\u52a0\u4eba\u6570\u90fd\u5728\u9010\u5e74\u589e\u591a\u3002\u9075\u5faa\u987e\u62dc\u65e6\u63d0\u51fa\u7684\u201c\u5965\u6797\u5339\u514b\u8fd0\u52a8\u4f1a\u7684\u5b9e\u8d28\u4e0d\u662f\u6218\u80dc\u5bf9\u624b\uff0c\u800c\u662f\u53c2\u52a0\u6bd4\u8d5b\u548c\u82f1\u52c7\u62fc\u640f\u201d\u7684\u53e3\u53f7\uff0c\u73b0\u4ee3\u5965\u6797\u5339\u514b\u8fd0\u52a8\u4f1a\u6b63\u5982\u4eba\u4eec\u6240\u5e0c\u671b\u7684\u90a3\u6837\uff0c\u786e\u5b9e\u662f\u5168\u4e16\u754c\u6700\u4f18\u79c0\u8fd0\u52a8\u5458\u7684\u771f\u6b63\u7684\u53cb\u597d\u548c\u7766\u7684\u805a\u4f1a\u3002<br \/>\n&nbsp;<br \/>\n\u8da3\u95fb<br \/>\n1<br \/>\n\u6709\u4eba\u9080\u8bf7\u4e00\u4e2a\u611a\u7b28\u7684\u5730\u4e3b\u89c2\u770b\u7bee\u7403\u6bd4\u8d5b\u3002\u4ed6\u5f88\u6709\u5174\u8da3\u5730\u548c\u5176\u4ed6\u89c2\u4f17\u4e00\u6837\u89c2\u770b\u5e76\u4e0d\u65ad\u558a\u53eb\u3001\u559d\u5f69\u3002\u6bd4\u8d5b\u7ed3\u675f\u540e\u6709\u4eba\u95ee\u4ed6\u559c\u6b22\u4e0d\u559c\u6b22\u3002<br \/>\n\u6574\u4e2a\u7403\u8d5b\u6211\u90fd\u975e\u5e38\u559c\u6b22\uff0c\u4f46\u53ea\u6709\u4e00\u70b9\u6211\u4e0d\u7406\u89e3\uff1a\u4e3a\u4ec0\u4e48\u53ea\u53d1\u7ed9\u5341\u4e2a\u4eba\u4e00\u53ea\u7403\uff1f\u96be\u9053\u5c31\u4e0d\u80fd\u7ed9\u5927\u5bb6\u6bcf\u4eba\u53d1\u4e00\u53ea\u7403\uff0c\u597d\u8ba9\u4ed6\u4eec\u5b89\u5b89\u9759\u9759\u5730\u73a9\uff1f\uff01<br \/>\n&nbsp;<br \/>\n2<br \/>\n\u5f7c\u5f97\u5f88\u559c\u6b22\u8db3\u7403\uff0c\u4f46\u4e0d\u559c\u6b22\u5199\u4f5c\u6587\u3002\u6709\u4e00\u6b21\u5728\u5b66\u6821\u7684\u4e16\u754c\u8bed\u8bfe\u4e0a\u5b66\u751f\u4eec\u5fc5\u987b\u5199\u4e00\u7bc7\u9898\u4e3a\u201c\u6211\u4eec\u6700\u8fd1\u7684\u4e00\u6b21\u8db3\u7403\u8d5b\u201d\u7684\u77ed\u6587\u3002\u522b\u7684\u5b66\u751f\u521a\u52a8\u7b14\uff0c\u5f7c\u5f97\u5c31\u5df2\u7ecf\u5408\u4e0a\u4e86\u7ec3\u4e60\u672c\u3002\u8001\u5e08\u60ca\u5947\u5730\u95ee\uff1a<br \/>\n\u2014\u2014 \u5f7c\u5f97\uff0c\u4f60\u4e3a\u4ec0\u4e48\u4e0d\u5199\u5440\uff1f<br \/>\n\u2014\u2014 \u6211\u5df2\u7ecf\u5199\u597d\u4e86\uff0c\u8001\u5e08\u3002<br \/>\n\u2014\u2014 \u5199\u597d\u4e86\uff1f\u628a\u4f60\u7684\u672c\u5b50\u7ed9\u6211\u770b\u770b\uff01<br \/>\n\u5f7c\u5f97\u628a\u672c\u5b50\u62ff\u7ed9\u8001\u5e08\uff0c\u6559\u5e08\u770b\u5230\u4e0a\u9762\u5199\u7740\uff1a\u201c\u6628\u5929\u4e0b\u96e8\uff0c\u7403\u8d5b\u6ca1\u6709\u4e3e\u884c\u3002\u201d<br \/>\n&nbsp;<br \/>\n3<br \/>\n\u5361\u5c14\u662f\u4e00\u4e2a\u70ed\u5fc3\u7684\u4e1a\u4f59\u8fd0\u52a8\u5458\u3002\u6709\u4e00\u5929\u4ed6\u5f97\u4e86\u75c5\uff0c\u4fbf\u53bb\u627e\u533b\u751f\u3002\u533b\u751f\u91cf\u4e86\u4ed6\u7684\u4f53\u6e29\uff1a<br \/>\n\u2014\u2014 38\u5ea66\uff01<br \/>\n\u2014\u2014 \u90a3\u4e48\u4e16\u754c\u7eaa\u5f55\u662f\u591a\u5c11\u5462\uff1f \u2014\u2014 \u5361\u5c14\u95ee\u3002<br \/>\n&nbsp;<br \/>\n&nbsp;<br \/>\n&nbsp;<br \/>\n&nbsp;<\/p>\n<h5>\u7ec3\u4e60\u53c2\u8003\u7b54\u6848<\/h5>\n<p>&nbsp;<\/p>\n<ol>\n<li>\u5c06\u4e0b\u5217\u5404\u8bcd\u8bd1\u6210\u4e16\u754c\u8bed\uff1a\uff08\u7b54\u6848\u7565\uff09<\/li>\n<\/ol>\n<p>&nbsp;<\/p>\n<ol>\n<li>\u56de\u7b54\u4e0b\u5217\u95ee\u9898\uff1a<\/li>\n<li>La pragrekaj olimpiaj ludoj komenci\u011dis en 776 a.K.<\/li>\n<li>\u011ci signifis perfektan silenton de armiloj, plenan trankvilon kaj konkordon.<\/li>\n<li>Entute okazis 293 pragrekaj olimpiadoj.<\/li>\n<li>La franca verkisto Petro de Coubertin renovigis la okimpian ideon.<\/li>\n<li>\u011cis nun okazis 23 modernaj olimpiadoj, sed fakte nur 20, \u0109ar tiuj en 1916, 1940 kaj 1944 ne okazis pro la du mondmilitoj.<\/li>\n<li>La lasta olimpiado okazis en Los-An\u011deleso kaj la sekva okazos en Seulo.<\/li>\n<li>Escepte de la skermo, nur amatoraj sportistoj povas partopreni en la olimpiaj ludoj.<\/li>\n<li>Por la modernaj olimpiadoj Coubertin elmetis la devizon: \u201cLa esenco de la olimpiaj ludoj estas ne la venko, sed la partopreno kaj la brava lukto.\u201d<\/li>\n<li>Jes, mi ofte sportas.<\/li>\n<li>Mi praktikas gimnastikon, na\u011dadon, kuradon, bicikladon, montogrimpadon ktp.<\/li>\n<li>Korbopilko estas la plej \u015datata sporto en nia lernejo (a\u016d: fabriko).<\/li>\n<li>Li Ming estas la plej bona sportisto en nia klaso (a\u016d: laborejo).<\/li>\n<li>Mi saltas 5 metrojn longe kaj unu kaj duonan metrojn alte.<\/li>\n<li>Mi kuras 100 metrojn dum 14 sekundoj.<\/li>\n<li>Jes, mi amas gimnastiki. (a\u016d: Ne, mi ne amas gimnastiki.)<\/li>\n<li>\u4f60\u4eec\u5f53\u4e2d\u8c01\u662f\u6700\u597d\u7684\u4f53\u64cd\u8fd0\u52a8\u5458\uff1f<\/li>\n<li>\u011ci tre pla\u0109is al mi, kaj mi kredas, ke \u011di estas unu el la plej bonaj piedpilkaj mat\u0109oj, kiujn mi spektis.<\/li>\n<\/ol>\n<p>&nbsp;<br \/>\nIII. \u4eff\u7167\u4f8b\u53e5\u6807\u793a\u51fa\u5404\u53e5\u7684\u5b9a\u8bed\u6216\u72b6\u8bed\uff08\u5b9a\u8bed\u7528\u7ea2\u8272\u6807\u793a\uff0c\u72b6\u8bed\u7528\u84dd\u8272\u6807\u793a\uff09<\/p>\n<ol>\n<li>Esperanto estas lingvo internacia.<\/li>\n<li>\u015ci metis la libron sur la tablon.<\/li>\n<li>Mi sidi\u011dis \u0109e la tablo apud la fenestro. \uff08\u6b64\u53e5\u4e2d\u7684\u201capud la fenestro\u201d\u4e5f\u53ef\u4ee5\u7406\u89e3\u4e3a\u540d\u8bcd\u201cla tablo\u201d\u7684\u5b9a\u8bed\u3002\uff09<\/li>\n<li>Ni ne perdu nian tempon, babilante kaj diskutante.<\/li>\n<li>Li laboradis \u011dis profunda nokto.<\/li>\n<li>Tiu libro pezas duonkilogramon.<\/li>\n<li>\u015ci estas patrino de Pa\u016dlo.<\/li>\n<li>La monto estos alta je du mil metroj.<\/li>\n<li>Vento forblovis la defalintajn foliojn.<\/li>\n<li>Tiu homo estas mia amiko.<\/li>\n<li>Jam estas la tempo iri hejmen.<\/li>\n<li>Mi amas Esperanton pro \u011diaj simpleco, logikeco kaj belsoneco.<\/li>\n<li>Ni estas kontra\u016d la ekspluatado de la homo al la homo.<\/li>\n<li>Li eksaltis de \u011dojo.<\/li>\n<li>La birdeto jam ricevis la kapablon flugi.<\/li>\n<li>Mi sendos al vi la libron, pri kiu mi parolis.<\/li>\n<li>Ili sendis lin labori en la kamparo.<\/li>\n<li>Sen gutoj malgrandaj maro ne ekzistus.<\/li>\n<li>Ni iru dormi.<\/li>\n<li>Ni bezonas ripozon, kiam ni sentas nin lacaj.<\/li>\n<li>Li naski\u011dis la na\u016dan de julio 1936.<\/li>\n<li>Ni ne devas senripoze laboradi la tutan tagon.<\/li>\n<li>Mi havas libron pri kemio.<\/li>\n<li>Ili batalas \u015dultro \u0109e \u015dultro.<\/li>\n<li>Lia propono elekti novan prezidanton ne estis akceptita.<\/li>\n<li>Oni invitis stultan bienulon rigardi korbopilkan mat\u0109on.<\/li>\n<li>La Pariza Ejfel-turo estas konstruita el fero.<\/li>\n<li>Sur la monto staras domo el ligno.<\/li>\n<li>La tro multa parolado lacigis lin.<\/li>\n<li>\u0108inio estas lando kun longa historio.<\/li>\n<\/ol>\n<p>&nbsp;<br \/>\nIII. \u5c06\u4e0b\u5217\u53e5\u5b50\u8bd1\u6210\u6c49\u8bed\u5e76\u6ce8\u610f\u53e5\u4e2d\u5bbe\u683c\u7684\u7528\u6cd5\uff1a<\/p>\n<ol>\n<li>\u4e00\u5929\u53c8\u4e00\u5929\uff0c\u5929\u5929\u4e0d\u4e00\u6837\u3002\uff08\u8c1a\u8bed\uff09<\/li>\n<li>\u6211\u6bd4\u4f60\u5927\u4e24\u5c81\u3002<\/li>\n<li>\u4ed6\u4e09\u4e2a\u661f\u671f\u524d\u4e58\u8f66\u8d70\u4e86\u3002<\/li>\n<li>\u4ed6\u7956\u7236\u5df2\u53bb\u4e16\u4e24\u5e74\u3002<\/li>\n<li>\u4ed6\u57286\u67082\u65e5\u6b7b\u4ea1\u3002<\/li>\n<li>\u4ed6\u4eec\u6574\u5929\u5de5\u4f5c\u3002<\/li>\n<li>\u4ed6\u6d3b\u4e0d\u5230\u4e00\u4e2a\u6708\u4e86\uff0c\u56e0\u4e3a\u4ed6\u5df2\u75c5\u5165\u818f\u8093\u3002<\/li>\n<li>\u4ed6\u5728\u975e\u6d32\u5446\u4e863\u5e746\u4e2a\u6708\u3002<\/li>\n<li>\u5979\u628a\u5b83\u5e26\u51fa\u57ce\u5916\u3002<\/li>\n<li>\u8bf7\u8ba9\u5f00\uff0c\u5148\u751f\u3002<\/li>\n<li>\u6211\u4eec\u8fc7\u7740\u5e78\u798f\u7684\u751f\u6d3b\u3002<\/li>\n<li>\u4ed6\u4e0a\u661f\u671f\u4e00\u52a8\u8eab\u65c5\u884c\u3002<\/li>\n<li>\u6d3b\u5230\u8001\uff0c\u5b66\u5230\u8001\u3002\uff08\u8c1a\u8bed\uff09<\/li>\n<li>\u4ed6\u770b\u671b\u8fc7\u6211\u4e09\u6b21\u3002<\/li>\n<li>\u8fd9\u68f5\u6811\u670920\u7c73\u9ad8\u3002<\/li>\n<li>\u8f66\u7ad9\u79bb\u8fd9\u91cc\u53ea\u6709\u4e24\u516c\u91cc\u8fdc\u3002<\/li>\n<li>\u8fd9\u672c\u4e66\u4ef7\u683c\u4e3a20\u6cd5\u90ce\u3002<\/li>\n<li>\u70c8\u706b\u70bc\u771f\u91d1\uff0c\u60a3\u96be\u89c1\u4eba\u5fc3\u3002\uff08\u8c1a\u8bed\uff09<\/li>\n<li>\u6211\u56de\u67654\u5929\u540e\u6211\u7684\u5973\u670b\u53cb\u6765\u770b\u6211\u3002<\/li>\n<li>\u5979\u5230\u56fd\u5916\u65c5\u884c\u53bb\u4e86\u3002<\/li>\n<li>\u4ed6\u8dcc\u5012\u5728\u5730\u4e0a\u3002<\/li>\n<li>\u4ed6\u7684\u8bb2\u6f14\u6301\u7eed\u4e86\u5dee\u4e0d\u591a\u4e24\u4e2a\u5c0f\u65f6\u3002<\/li>\n<li>\u6211\u4f2f\u6bcd\u4f53\u91cd60\u516c\u65a4\u3002<\/li>\n<li>\u6211\u8dd1\u5230\u623f\u524d\u3002<\/li>\n<li>\u8fd9\u5757\u77f3\u5934\u843d\u5230\u6211\u80cc\u540e\u5730\u9762\u4e0a\u3002<\/li>\n<\/ol>\n<p>&nbsp;<\/p>\n<ol>\n<li>\u5c06\u4e0b\u5217\u5404\u8bcd\u8bd1\u6210\u6c49\u8bed\uff0c\u6ce8\u610f\u53e5\u4e2d\u4ecb\u8bcd\u7684\u7528\u6cd5\uff1a<\/li>\n<\/ol>\n<p><strong><b>EL<\/b><\/strong><\/p>\n<ol>\n<li>\u4ed6\u4eec\u4ece\u897f\u73ed\u7259\u56de\u6765\u3002<\/li>\n<li>\u5f1f\u5144\u4e09\u4eba\u4e2d\u4ed6\u529b\u6c14\u6700\u5927\u3002<\/li>\n<li>\u4e24\u53ea\u624b\u4e2d\u53f3\u624b\u7684\u529b\u6c14\u8f83\u5927\u3002<\/li>\n<li>\u6211\u628a\u4ed6\u4ece\u7761\u68a6\u4e2d\u53eb\u9192\u3002<\/li>\n<li>\u4ed6\u4ece\u4f7f\u8005\u624b\u4e2d\u63a5\u8fc7\u90a3\u5c01\u4fe1\u3002<\/li>\n<li>\u4eba\u7684\u8eab\u4f53\u7531\u5934\u3001\u8eaf\u5e72\u3001\u56db\u80a2\u4e09\u4e2a\u4e3b\u8981\u90e8\u5206\u6784\u6210\u3002<\/li>\n<li>\u6674\u5929\u54cd\u8d77\u4e00\u58f0\u9739\u96f3\u3002<\/li>\n<li>\u5e76\u975e\u6bcf\u79cd\u6728\u6599\u90fd\u53ef\u5236\u4f5c\u5c0f\u63d0\u7434\u3002\uff08\u8c1a\u8bed\uff09<\/li>\n<li>\u8fd9\u4ef6\u62ab\u98ce\u662f\u7528\u5929\u9e45\u7ed2\u505a\u7684\u3002<\/li>\n<li>\u4ed6\u771f\u5fc3\u5730\u7231\u5979\u3002<\/li>\n<li>\u4ed6\u4eec\u9760\u79ef\u84c4\u8fc7\u6d3b\u3002<\/li>\n<li>\u8fd9\u7bc7\u7ae5\u8bdd\u8bd1\u81ea\u6c49\u8bed\u3002<\/li>\n<li>\u6211\u4e0d\u77e5\u9053\u4ed6\u7531\u4e8e\u4ec0\u4e48\u539f\u56e0\u6ca1\u6709\u6765\u3002<\/li>\n<li>\u6211\u4eec\u7684\u82f9\u679c\u548c\u4f60\uff08\u4eec\uff09\u679c\u56ed\u7684\u82f9\u679c\u4e00\u6837\u751c\u3002<\/li>\n<li>\u4ed6\u7528\u4ed6\u7236\u4eb2\u7684\u65e7\u5e3d\u5b50\u7ed9\u81ea\u5df1\u505a\u4e86\u4e00\u9876\u5e3d\u5b50\u3002<\/li>\n<\/ol>\n<p>&nbsp;<br \/>\n<strong><b>EN<\/b><\/strong><\/p>\n<ol>\n<li>\u6211\u611f\u5230\u81ea\u5df1\u50cf\u6c34\u4e2d\u7684\u9c7c\u513f\u4e00\u6837\u5065\u5eb7\u3002<\/li>\n<li>\u4ed6\u8eba\u5728\u5e8a\u4e0a\u3002<\/li>\n<li>\u6211\u975e\u5e38\u559c\u6b22\u90a3\u6837\u7684\u590f\u591c\uff0c\u56e0\u4e3a\u5b83\u4eec\u4f1a\u5f15\u8d77\u6211\u4e0d\u5bfb\u5e38\u7684\u9050\u60f3\u3002<\/li>\n<li>\u6211\u4eec\u624b\u633d\u7740\u624b\u6563\u6b65\u3002<\/li>\n<\/ol>\n<p>5. \u6211\u4eec\u628a\u4e16\u754c\u8bed\u770b\u6210\u662f\u5168\u4e16\u754c\u672a\u6765\u7684\u8bed\u8a00\u3002<\/p>\n<ol start=\"6\">\n<li>\u6211\u8bf7\u4f60\u4eec\u4ece\u73b0\u5728\u8d77\u5c31\u4e0d\u8981\u628a\u6211\u770b\u6210\u201c\u5927\u5e08\u201d\u3002<\/li>\n<li>\u771f\u6b63\u7684\u5feb\u4e50\u5728\u4e8e\u6211\u4eec\u4e3a\u4eba\u7c7b\u9020\u798f\u3002<\/li>\n<li>\u4e0d\u8981\u63d2\u624b\u4ed6\u4eba\u7684\u4e8b\u60c5\uff08\u522b\u7ba1\u95f2\u4e8b\uff09\u3002<\/li>\n<li>\u5979\u7a7f\u7740\u4e00\u4ef6\u65b0\u8863\u670d\u6765\u4e86\u3002<\/li>\n<li>\u8fd9\u662f\u6211\u529b\u6240\u80fd\u53ca\u7684\u4e8b\u3002<\/li>\n<li>\u6211\u660e\u5e74\u5c06\u8981\u8bbf\u95ee\u5fb7\u56fd\u3002<\/li>\n<li>\u5fc5\u8981\u65f6\u60a8\u4f1a\u5e2e\u52a9\u6211\u4eec\u5417\uff1f<\/li>\n<li>\u8fc7\u516d\u4e2a\u6708\u4f60\u5c31\u4f1a\u628a\u6211\u5fd8\u6389\u3002<\/li>\n<li>\u4ed6\u4eec\u8702\u62e5\u800c\u6765\u3002<\/li>\n<li>\u4ed6\u4eec\u7528\u5404\u79cd\u65b9\u5f0f\u8fdb\u884c\u89e3\u91ca\u3002<\/li>\n<li>\u6211\u4ee3\u8868\u5317\u4eac\u5e02\u7684\u4e16\u754c\u8bed\u8005\u5411\u60a8\u95ee\u5019\u3002<\/li>\n<li>\u4ed6\u628a\u7f50\u5b50\u6253\u788e\u4e86\u3002<\/li>\n<li>\u8bf7\u628a\u8fd9\u672c\u4e66\u8bd1\u6210\u4e16\u754c\u8bed\u3002<\/li>\n<li>\u8fd9\u4e2a\u56fd\u5bb6\u7684\u56fd\u571f\u5206\u4e3a\u4e5d\u4e2a\u7701\u3002<\/li>\n<li>\u300a\u4eba\u4e0e\u56db\u5b63\u300b\u662f\u4e00\u7bc7\u6563\u6587\u8bd7\u3002<\/li>\n<li>\u4ed6\u81ea\u8a00\u81ea\u8bed\u3002<\/li>\n<li>\u4ed6\u5728\u56db\u5929\u5185\u8bfb\u5b8c\u4e86\u8fd9\u672c\u4e66\u3002<\/li>\n<\/ol>\n<p>\u011cIS<\/p>\n<ol>\n<li>\u6211\u9001\u6211\u7684\u5973\u670b\u53cb\u5230\u95e8\u53e3\u3002<\/li>\n<li>\u4ed6\u76ee\u5149\u77ed\u6d45\uff08\u6216\uff1a\u9f20\u76ee\u5bf8\u5149\uff09\u3002<\/li>\n<\/ol>\n<p>3.\u3000\u4ed6\u4eec\u5168\u526f\u6b66\u88c5\uff08\u76f4\u8bd1\u4e3a\uff1a\u4ece\u5934\u6b66\u88c5\u5230\u811a\uff09\u3002<\/p>\n<ol start=\"4\">\n<li>\u4ed6\u4e00\u76f4\u5de5\u4f5c\u5230\u6df1\u591c\u3002<\/li>\n<li>\u6211\u5c06\u5728\u8fd9\u91cc\u5446\u5230\u660e\u5929\u3002<\/li>\n<li>\u76f4\u5230\u73b0\u5728\u6211\u8fd8\u6ca1\u6709\u89c1\u5230\u8fc7\u6211\u4f4f\u5728\u6b27\u6d32\u7684\u53d4\u7236\uff08\u6216\u8205\u7236\u7b49\uff09\u3002<\/li>\n<li>\u4ed6\u4e00\u76f4\u5230\u5929\u4eae\u624d\u7761\u3002<\/li>\n<\/ol>\n<p>INTER<\/p>\n<ol>\n<li>\u5fb7\u56fd\u4f4d\u4e8e\u6cd5\u56fd\u548c\u6ce2\u5170\u4e4b\u95f4\u3002<\/li>\n<li>\u8bf7\u572812\u70b9\u52304\u70b9\u4e4b\u95f4\u6765\u770b\u6211\u3002<\/li>\n<li>\u4ed6\u4eec\u65e5\u51fa\u800c\u4f5c\uff0c\u65e5\u843d\u800c\u5f52\uff08\u6216\u8bd1\u4e3a\uff1a\u4ed6\u4eec\u4ece\u65e5\u51fa\u5de5\u4f5c\u5230\u65e5\u843d\uff09\u3002<\/li>\n<li>\u4ed6\u751f\u6d3b\u5728\u519c\u6c11\u4e4b\u4e2d\u3002<\/li>\n<li>\u4ed6\u628a\u82f9\u679c\u5206\u7ed9\u4e86\u5b69\u5b50\u3002<\/li>\n<li>\u4ed6\u4eec\u5f7c\u6b64\u610f\u89c1\u4e00\u81f4\u3002<\/li>\n<li>\u4ed6\u4eec\u5e74\u9f84\u5927\u5c0f\u4e0d\u540c\u3002<\/li>\n<li>\u8fd9\u4e24\u4e2a\u65b9\u6848\u6beb\u65e0\u5171\u540c\u4e4b\u5904\u3002<\/li>\n<li>\u505a\u548c\u8bf4\u4e4b\u95f4\u9694\u7740\u4e00\u5ea7\u5927\u5c71\u3002\uff08\u8c1a\u8bed\uff09<\/li>\n<\/ol>\n<p>JE<\/p>\n<ol>\n<li>\u8fd9\u6761\u8def\u957f\u5341\u516c\u91cc\u3002<\/li>\n<li>\u4ed6\u80f8\u90e8\u6709\u75c5\u3002<\/li>\n<li>\u4ed6\u5f97\u4e86\u80ba\u7ed3\u6838\u3002<\/li>\n<li>\u8c01\u90fd\u4e0d\u662f\u4e07\u80fd\u7684\u3002<\/li>\n<li>\u6211\u6293\u4f4f\u4e86\u5979\u7684\u80f3\u818a\u3002<\/li>\n<li>\u4ed6\u6bd4\u5979\u9ad8\u534a\u5934\u3002<\/li>\n<li>\u6211\u6bd4\u4f60\u5c0f\u4e00\u5c81\uff0c\u7136\u800c\u6211\u6bd4\u4f60\u806a\u660e\u591a\u5c11\u5462\uff1f<\/li>\n<li>\u6211\u4e0d\u4fe1\u4e0a\u5e1d\u3002<\/li>\n<li>\u8fd9\u5c0f\u5b69\u628a\u74f6\u5b50\u6253\u788e\u4e86\u3002<\/li>\n<li>\u4ed6\u4ece\u4e8b\u97f3\u4e50\u5de5\u4f5c\uff08\u6216\uff1a\u4ed6\u641e\u97f3\u4e50\uff09\u3002<\/li>\n<li>\u8fd9\u68f5\u6811\u6811\u53f6\u5168\u88ab\u98ce\u5439\u843d\u4e86\u3002<\/li>\n<\/ol>\n<p>&nbsp;<\/p>\n<ol>\n<li>\u8bf4\u51fa\u4e0b\u5217\u6d3e\u751f\u8bcd\u7684\u610f\u601d\uff08\u53ef\u67e5\u9605\u8bcd\u5178\uff09\uff1a\uff08\u7b54\u6848\u7565\uff09<\/li>\n<\/ol>\n<p>&nbsp;<br \/>\nVII. \u5c06\u4e0b\u5217\u53e5\u5b50\u8bd1\u6210\u4e16\u754c\u8bed\uff1a<\/p>\n<ol>\n<li>Petro pruntedonis (a\u016d: pruntis) al mi la libron.<\/li>\n<li>Iuj ludas \u015dakon, la aliaj legas \u0135urnalon.<\/li>\n<li>Tiuj \u0109i pomoj \u015dajnas maturaj.<\/li>\n<li>Mi kredas, ke la knabo estas honesta.<\/li>\n<li>Mia patro ekveturis (a\u016d: ekvoja\u011dis) al \u015canhajo la lastan mardon.<\/li>\n<li>Kutime oni man\u011das tri fojojn. (a\u016d: trifoje) dum \u0109iu tago.<\/li>\n<li>Mi trovis lian aspekton tre ridinda.<\/li>\n<li>Tiu \u0109i tablo estas je du metroj (a\u016d: du metrojn) longa kaj je unu metro (a\u016d: unu metron) lar\u011da.<\/li>\n<li>Mi restis \u0109e mia onklo tri tagojn.<\/li>\n<\/ol>\n<p>10. La kateto kuris sub la liton kaj tial neniu povas (a\u016d: povis) \u011din kapti.<br \/>\n&nbsp;<br \/>\n\u8fd4\u56de<a href=\"https:\/\/reto.cn\/php\/hanyu\/wangchongfang_mezgrada_kurso\/helpilo\/\">\u300a\u738b\u5d07\u82b3\u4e16\u754c\u8bed\u5b9e\u7528\u4e2d\u7ea7\u8bfe\u672c\u300b\u5b66\u4e60\u8f85\u5bfc\u76ee\u5f55<\/a>\t\t<\/p>\n","protected":false},"excerpt":{"rendered":"<p>\u7b2c\u5341\u4e03\u8bfe \u7b2c\u5341\u4e03\u8bfe\u8bfe\u6587\u53c2\u8003\u8bd1\u6587 &nbsp; A \u4f53\u80b2\u8fd0\u52a8 \u201c\u5de5\u4f5c\u5b8c\u6bd5\uff0c\u5c31\u8be5\u4f11\u606f\u201d\u662f\u4e00\u53e5\u4e16\u754c\u8bed\u8c1a\u8bed\u3002\u5728\u4e00\u4e9b\u6c11\u65cf\u2026 <span class=\"read-more\"><a href=\"https:\/\/reto.cn\/php\/hanyu\/wangchongfang_mezgrada_kurso\/helpilo\/kurso_17\/\">\u7ee7\u7eed\u9605\u8bfb Legi pli &raquo;<\/a><\/span><\/p>\n","protected":false},"author":1,"featured_media":0,"parent":5162,"menu_order":27,"comment_status":"closed","ping_status":"closed","template":"","meta":{"footnotes":""},"_links":{"self":[{"href":"https:\/\/reto.cn\/php\/hanyu\/wp-json\/wp\/v2\/pages\/5288"}],"collection":[{"href":"https:\/\/reto.cn\/php\/hanyu\/wp-json\/wp\/v2\/pages"}],"about":[{"href":"https:\/\/reto.cn\/php\/hanyu\/wp-json\/wp\/v2\/types\/page"}],"author":[{"embeddable":true,"href":"https:\/\/reto.cn\/php\/hanyu\/wp-json\/wp\/v2\/users\/1"}],"replies":[{"embeddable":true,"href":"https:\/\/reto.cn\/php\/hanyu\/wp-json\/wp\/v2\/comments?post=5288"}],"version-history":[{"count":0,"href":"https:\/\/reto.cn\/php\/hanyu\/wp-json\/wp\/v2\/pages\/5288\/revisions"}],"up":[{"embeddable":true,"href":"https:\/\/reto.cn\/php\/hanyu\/wp-json\/wp\/v2\/pages\/5162"}],"wp:attachment":[{"href":"https:\/\/reto.cn\/php\/hanyu\/wp-json\/wp\/v2\/media?parent=5288"}],"curies":[{"name":"wp","href":"https:\/\/api.w.org\/{rel}","templated":true}]}}