{"id":5295,"date":"2019-03-21T22:02:28","date_gmt":"2019-03-21T14:02:28","guid":{"rendered":"http:\/\/reto.cn\/php\/hanyu\/?page_id=5295"},"modified":"2019-03-21T22:02:28","modified_gmt":"2019-03-21T14:02:28","slug":"kurso_18","status":"publish","type":"page","link":"https:\/\/reto.cn\/php\/hanyu\/wangchongfang_mezgrada_kurso\/helpilo\/kurso_18\/","title":{"rendered":"\u4e16\u754c\u8bed\u4e2d\u7ea7\u6559\u7a0b\u5b66\u4e60\u8f85\u5bfc \u7b2c\u5341\u516b\u8bfe"},"content":{"rendered":"<p>\t\t\t\t<strong><b>\u7b2c\u5341\u516b\u8bfe<\/b><\/strong><\/p>\n<h5>\u7b2c\u5341\u516b\u8bfe\u8bfe\u6587\u53c2\u8003\u8bd1\u6587<\/h5>\n<p>&nbsp;<br \/>\n<strong><b>A<\/b><\/strong><br \/>\n<strong><b>\u52a8\u7269<\/b><\/strong><br \/>\n\u201canimalo\u201d\uff08\u52a8\u7269\uff09\u662f\u6240\u6709\u6709\u611f\u89c9\u3001\u80fd\u8fd0\u52a8\u7684\u751f\u7269\u7684\u5171\u540c\u540d\u79f0\u3002\u52a8\u7269\u9700\u8981\u547c\u5438\u3001\u5403\u98df\u548c\u996e\u6c34\uff0c\u56e0\u4e3a\u5b83\u4eec\u6d3b\u7740\uff1b\u6ca1\u6709\u7a7a\u6c14\u548c\u98df\u7269\u5b83\u4eec\u5c31\u4e0d\u80fd\u751f\u5b58\uff0c\u5b83\u4eec\u5c31\u6b7b\u4ea1\u3002<br \/>\n\u4eba\u5c5e\u4e8e\u52a8\u7269\u754c\uff1b\u9664\u4eba\u4e4b\u5916\u7684\u4e00\u5207\u52a8\u7269\u79f0\u4e3abesto\uff08\u4e5f\u8bd1\u4f5c\u201c\u52a8\u7269\u201d\uff09\uff0c\u4eba\u4eec\u5c06\u52a8\u7269\u5206\u6210\u82e5\u5e72\u7c7b\u522b\u3002\u52a8\u7269\u7684\u4e3b\u8981\u7c7b\u522b\u662f\u54fa\u4e73\u7c7b\u3001\u9e1f\u7c7b\u3001\u722c\u884c\u7c7b\u3001\u4e24\u6816\u7c7b\u3001\u9c7c\u7c7b\u548c\u6606\u866b\u7c7b\u3002<br \/>\n\u54fa\u4e73\u52a8\u7269\u662f\u7531\u96cc\u4f53\u7528\u4e73\u6c41\u54fa\u80b2\u5e7c\u4f53\u7684\u52a8\u7269\u79cd\u7c7b\u3002\u51e0\u4e4e\u6240\u6709\u7684\u54fa\u4e73\u52a8\u7269\u90fd\u662f\u56db\u8db3\u52a8\u7269\u3002\u56db\u8db3\u52a8\u7269\u751f\u6d3b\u5728\u9646\u5730\u4e0a\uff1b\u5b83\u4eec\u6709\u56db\u53ea\u811a\u7528\u6765\u884c\u8d70\u3001\u5954\u8dd1\u548c\u8df3\u8dc3\uff1b\u5b83\u4eec\u7684\u8eab\u4f53\u901a\u5e38\u90fd\u8986\u76d6\u7740\u6bdb\u53d1\u3002<br \/>\n\u56db\u8db3\u52a8\u7269\u4e2d\u7684\u9a6c\u3001\u9a74\u3001\u725b\u3001\u7ef5\u7f8a\u3001\u5c71\u7f8a\u3001\u5bb6\u5154\u3001\u72d7\u3001\u732b\u3001\u732a\u3001\u9a86\u9a7c\u7b49\u662f\u5bb6\u517b\u52a8\u7269\uff0c\u800c\u72ee\u5b50\u3001\u864e\u3001\u718a\u3001\u72fc\u3001\u72d0\u72f8\u3001\u91ce\u5154\u3001\u8c61\u3001\u7334\u5b50\u7b49\u5219\u662f\u91ce\u751f\u52a8\u7269\u3002\u5bb6\u755c\u662f\u6307\u4eba\u4eec\u4e3a\u81ea\u8eab\u5229\u76ca\u800c\u7267\u517b\u7684\u90a3\u4e9b\u56db\u8db3\u5bb6\u517b\u52a8\u7269\uff0c\u4f8b\u5982\u725b\u548c\u7f8a\u3002<br \/>\n\u9e1f\u7c7b\u751f\u6d3b\u5728\u7a7a\u4e2d\u548c\u5730\u4e0a\u3002\u5b83\u4eec\u6709\u4e24\u53ea\u7528\u6765\u884c\u8d70\u548c\u8df3\u8dc3\u7684\u811a\u548c\u4e24\u53ea\u7528\u6765\u98de\u7fd4\u7684\u7fc5\u8180\u3002\u5b83\u4eec\u6709\u5599\u800c\u6ca1\u6709\u5634\uff0c\u5b83\u4eec\u7684\u8eab\u4f53\u8986\u76d6\u7740\u7fbd\u6bdb\u3002<br \/>\n\u4e0a\u8ff0\u4e24\u7c7b\u52a8\u7269\u6709\u6e29\u6696\u9c9c\u7ea2\u7684\u8840\u6db2\u548c\u4e00\u9897\u8df3\u52a8\u7684\u5e76\u4ee5\u6b64\u63a8\u52a8\u8840\u6db2\u5faa\u73af\u7684\u5fc3\u810f\u3002\u5b83\u4eec\u6709\u7528\u6765\u547c\u5438\u7684\u80ba\u548c\u7528\u6765\u6d88\u5316\u98df\u7269\u7684\u80c3\u3002\u5982\u679c\u8fd9\u4e9b\u5668\u5b98\u6b63\u5e38\u5730\u53d1\u6325\u4f5c\u7528\uff0c\u5b83\u4eec\u7684\u5065\u5eb7\u72b6\u51b5\u5c31\u662f\u826f\u597d\u7684\uff1b\u5426\u5219\uff0c\u5b83\u4eec\u5c31\u751f\u75c5\u3002<br \/>\n\u9f9f\u3001\u8725\u8734\u3001\u86c7\u548c\u9cc4\u9c7c\u5e94\u5f52\u5165\u722c\u884c\u52a8\u7269\u7c7b\u3002\u5b83\u4eec\u5728\u5730\u4e0a\u722c\u884c\uff0c\u5b83\u4eec\u7684\u4f53\u6e29\u4e0d\u662f\u6052\u5b9a\u7684\uff0c\u800c\u662f\u968f\u7740\u5468\u56f4\u7684\u6c14\u6e29\u800c\u6539\u53d8\u3002<br \/>\n\u86d9\u548c\u87fe\u870d\u662f\u4e24\u6816\u52a8\u7269\uff0c\u5b83\u4eec\u65e2\u751f\u6d3b\u5728\u6c34\u4e2d\u4e5f\u751f\u6d3b\u5728\u9646\u4e0a\u3002\u5b83\u4eec\u7684\u4f53\u6e29\u4e5f\u968f\u7740\u6c14\u6e29\u800c\u6539\u53d8\u3002<br \/>\n\u9c7c\u751f\u6d3b\u5728\u6c5f\u6cb3\u6e56\u6d77\u4e2d\uff1b\u5b83\u4eec\u65e2\u6ca1\u6709\u811a\uff0c\u4e5f\u6ca1\u6709\u7fc5\u8180\uff0c\u4f46\u6709\u7528\u6765\u6e38\u6cf3\u7684\u9ccd\u3002\u5b83\u4eec\u7684\u8eab\u4f53\u8986\u76d6\u7740\u9cde\u3002\u5b83\u4eec\u4e5f\u547c\u5438\uff0c\u4f46\u5b83\u4eec\u4e0d\u7528\u80ba\u800c\u7528\u9cc3\u547c\u5438\u3002<br \/>\n\u6606\u866b\u662f\u50cf\u871c\u8702\u3001\u8424\u706b\u866b\u3001\u8695\u3001\u82cd\u8747\u3001\u868a\u5b50\u548c\u8682\u8681\u90a3\u6837\u7684\u52a8\u7269\u3002\u917f\u871c\u7684\u871c\u8702\u548c\u5410\u4e1d\u7684\u8695\u662f\u76ca\u866b\uff0c\u800c\u82cd\u8747\u3001\u868a\u5b50\u5219\u662f\u5bb3\u866b\uff0c\u56e0\u4e3a\u5b83\u4eec\u4e0d\u4f46\u4e0d\u751f\u4ea7\u4efb\u4f55\u4e1c\u897f\uff0c\u751a\u81f3\u8fd8\u5371\u5bb3\u4eba\u7c7b\u3002<br \/>\n&nbsp;<br \/>\n<strong><b>B<\/b><\/strong><br \/>\n<strong><b>\u5947\u5f02\u7684\u6d77\u661f<\/b><\/strong><br \/>\n\u5982\u679c\u7531\u4e8e\u610f\u5916\u4e8b\u6545\u6d77\u661f\u5931\u53bb\u5b83\u4e94\u53ea\u80f3\u818a\u4e2d\u7684\u4e00\u53ea\u80f3\u818a\uff0c\u5b83\u80fd\u591f\u628a\u90a3\u53ea\u7f3a\u5c11\u7684\u80f3\u818a\u91cd\u65b0\u957f\u51fa\u6765\u3002\u4f46\u8fd9\u8fd8\u4e0d\u8db3\u4e3a\u5947\u3002\u90a3\u53ea\u6389\u4e0b\u6765\u7684\u80f3\u818a\u4f1a\u9519\u8bef\u5730\u7406\u89e3\u81ea\u5df1\u7684\u5904\u5883\uff0c\u4ee5\u4e3a\u5b83\u628a\u8eab\u4f53\u7684\u5176\u4f59\u90e8\u5206\u4e22\u5931\u4e86\uff0c\u4e8e\u662f\u4fbf\u518d\u751f\u957f\u51fa\u65b0\u7684\u8eab\u4f53\u7684\u4e2d\u5fc3\u90e8\u5206\u548c\u56db\u53ea\u65b0\u7684\u80f3\u818a\uff01\u4ee4\u4eba\u60ca\u5f02\u7684\u662f\uff0c\u539f\u59cb\u52a8\u7269\u7684\u8fd9\u79cd\u91cd\u65b0\u957f\u51fa\u4e27\u5931\u6389\u7684\u90e8\u5206\u8eab\u4f53\u7684\u80fd\u529b\u662f\u591a\u4e48\u5927\u554a\uff01<br \/>\n&nbsp;<br \/>\n****************************<br \/>\n\u72d0\u72f8\u4e0e\u8461\u8404<br \/>\n\u4e00\u5929\uff0c\u5929\u6c14\u708e\u70ed\uff0c\u4e00\u53ea\u975e\u5e38\u53e3\u6e34\u7684\u72d0\u72f8\u770b\u89c1\u4e86\u679c\u56ed\u91cc\u6210\u719f\u7684\u8461\u8404\u3002\u72d0\u72f8\u81ea\u8a00\u81ea\u8bed\u5730\u8bf4\uff1a\u201c\u5f88\u597d\uff01\u6211\u8fd9\u5c31\u53bb\u5403\u3002\u5b83\u4eec\u770b\u8d77\u6765\u5473\u9053\u5f88\u751c\u7f8e\uff0c\u4e00\u5b9a\u6bd4\u6700\u6e05\u51c9\u7684\u6c34\u8fd8\u8981\u89e3\u6e34\u3002\u201c\u72d0\u72f8\u4fbf\u5077\u5077\u8d70\u8fdb\u679c\u56ed\u3002\u5b83\u8df3\u8d77\u6765\u60f3\u6293\u5230\u90a3\u4e9b\u8461\u8404\uff0c\u4f46\u662f\u679d\u6761\u957f\u5f97\u592a\u9ad8\u4e86\u3002\u5b83\u591f\u4e0d\u7740\u3002\u5b83\u8df3\u4e86\u597d\u591a\u6b21\uff0c\u4f46\u90fd\u6beb\u65e0\u7ed3\u679c\u3002\u770b\u5230\u81ea\u5df1\u65e0\u6cd5\u591f\u7740\u90a3\u4e9b\u8461\u8404\uff0c\u5b83\u6700\u540e\u6253\u6d88\u4e86\u5403\u8461\u8404\u7684\u5ff5\u5934\u3002\u5b83\u5750\u4e0b\u6765\u4f11\u606f\uff0c\u4e0d\u518d\u7ee7\u7eed\u8e66\u8df3\u4e86\uff0c\u5e76\u4e14\u8bf4\uff1a\u201d\u6211\u5176\u5b9e\u5e76\u4e0d\u60f3\u5403\u8fd9\u4e9b\u8461\u8404\uff0c\u56e0\u4e3a\u5b83\u4eec\u770b\u8d77\u6765\u50cf\u662f\u751f\u7684\uff0c\u800c\u4e14\u5473\u9053\u4e5f\u662f\u9178\u7684\u3002\u201d<br \/>\n\uff08\u636e\u300a\u4f0a\u7d22\u5bd3\u8a00\u300b\u6539\u5199\uff09<br \/>\n****************************<br \/>\n\u72d0\u72f8\u4e0e\u8461\u8404<br \/>\n&nbsp;<br \/>\n\u8461\u8404\u8bf1\u4eba\uff0c\u4f46\u957f\u5f97\u592a\u9ad8\u3002<br \/>\n\u4e3a\u4e86\u6458\u5230\u5b83\u72d0\u72f8\u53c8\u8e66\u53c8\u8df3\uff0c<br \/>\n\u591f\u4e0d\u7740\uff0c\u53ea\u597d\u8d2a\u5a6a\u5730\u5411\u5b83\u50bb\u770b\uff0c<br \/>\n\u6700\u540e\u8038\u8038\u80a9 \uff0c\u5634\u91cc\u8bf4\u9053\uff1a\u201c\u5509\uff0c\u592a\u9178\u4e86\uff01\u201d<br \/>\n\uff08\u5361\u6d1b\u91c7\uff09<br \/>\n****************************<br \/>\n&nbsp;<br \/>\nLINGVAJ \u015cERCOJ<br \/>\n\uff08\u8bd1\u6587\u7565\u3002\u53c2\u89c1\u672c\u8bfe\u6ce8\u91caB\u90e8\u5206\u7684\u89e3\u8bf4\uff09<br \/>\n&nbsp;<br \/>\n&nbsp;<br \/>\n&nbsp;<br \/>\n&nbsp;<\/p>\n<h5>\u7ec3\u4e60\u53c2\u8003\u7b54\u6848<\/h5>\n<p>&nbsp;<\/p>\n<ol>\n<li>\u5c06\u4e0b\u5217\u540d\u8bcd\u8bd1\u6210\u4e16\u754c\u8bed\uff1a<\/li>\n<li>animalo \u00a02. besto \u00a03. mamuloj \u00a04. birdo \u00a05. rampuloj \u00a06. amfibio \u00a07. fi\u015do \u00a08. insekto \u00a09. kvarpiedulo \u00a010. \u0109evalo \u00a011. azeno \u00a012. bovo \u00a013. \u015dafo \u00a014. kapro \u00a015. kuniklo \u00a016. hundo \u00a017. kato \u00a018. porko \u00a019. kamelo \u00a020. leono \u00a021. tigro \u00a022. urso \u00a023. lupo \u00a024. vulpo \u00a025. leporo \u00a026. elefanto \u00a027. simio \u00a028. bruto \u00a029. hirundo \u00a030. koko \u00a031. ansero \u00a032. testudo \u00a033. lacerto \u00a034. serpento \u00a035. krokodilo \u00a036. rano \u00a037. \u00a0bufo \u00a038. abelo \u00a039. lampiro \u00a040. ra\u016dpo \u00a041. silkra\u016dpo \u00a042. mu\u015do \u00a043. moskito \u00a044. formiko \u00a045. utila insekto \u00a046. malutila insekto (a\u016d: fiinsekto) \u00a047. haro \u00a048. plumo \u00a049. flugilo \u00a050. beko \u00a051. na\u011dilo \u00a052. Skvamo 53. branko<\/li>\n<li>\u5c06\u9002\u5f53\u7684\u52a8\u7269\u540d\u79f0\u586b\u5728\u4e0b\u5217\u5404\u9898\u7684\u62ec\u53f7\u5185\uff1a<\/li>\n<li>(bovino) \u00a02. (\u015dafo) \u00a03. (kato) \u00a04. (hundo) \u00a05. (hirundo) \u00a06. (koko) \u00a07. (krokodilo) \u00a08. (mu\u015do) \u00a09. (lupo) \u00a010. (leporo)<\/li>\n<\/ol>\n<p>III. \u586b\u5165\u9002\u5f53\u7684\u4ece\u5c5e\u8fde\u8bcd\uff1a<\/p>\n<ol>\n<li>\u011dis \u00a02. (por) ke \u00a03. escepte se \u00a04. kvaza\u016d \u00a05. ke \u00a06. ke \u00a07. \u0109u \u00a08. se \u00a09. ke \u00a010. escepte se \u00a011. \u0109ar \u00a012. ke \u00a013. kvankam \u00a014. ke \u00a015. ke \u00a016. \u0109ar \u00a017. Krom se \u00a018. ke \u00a019. ol \u00a020. Dum \u00a021. ke \u00a022. kvaza\u016d \u00a023. Se \u00a024. Dum \u00a025. ke \u00a026. E\u0109 se \u00a027. \u011dis \u00a028. ke \u00a029. \u0109ar \u00a030. Apena\u016d<\/li>\n<\/ol>\n<p>&nbsp;<\/p>\n<ol>\n<li>\u5c06\u4e0b\u5217\u53e5\u5b50\u8bd1\u6210\u6c49\u8bed\uff1a<\/li>\n<li>\u4ed6\u4eec\u5230\u9662\u5b50\u91cc\u547c\u5438\u65b0\u9c9c\u7a7a\u6c14\u3002<\/li>\n<li>\u623f\u95f4\u91cc\u6563\u53d1\u7740\u73ab\u7470\u82b1\u9999\u3002<\/li>\n<li>\u5979\u6df1\u6df1\u5730\u5438\u4e86\u4e00\u53e3\u6c14\u3002<\/li>\n<li>\u6c99\u5b50\u6563\u53d1\u51fa\u6e29\u5ea6\u6781\u9ad8\u7684\u70ed\u3002<\/li>\n<li>\u5728\u8fd9\u7247\u5e7f\u9614\u7530\u91ce\u4e0a\u4e00\u7fa4\u7fa4\u7ef5\u7f8a\u5728\u5403\u8349\u3002<\/li>\n<li>\u4ed6\u4eec\u8ba9\u81ea\u5df1\u7684\u7272\u53e3\u5728\u5c71\u5761\u4e0a\u5403\u8349\u3002<\/li>\n<li>\u516c\u7528\u7684\u9a74\u5b50\u6700\u6328\u6253\u3002\uff08\u8c1a\u8bed\uff09<\/li>\n<li>\u4ed6\u62cd\u53bb\u5730\u6bef\u4e0a\u7684\u7070\u5c18\u3002<\/li>\n<li>\u65f6\u949f\u521a\u6572\u516d\u70b9\u3002<\/li>\n<li>\u5341\u4e8c\u70b9\u949f\u5df2\u7ecf\u6572\u8fc7\u4e86\u3002<\/li>\n<li>\u96e8\u6253\u7740\u7a97\u73bb\u7483\u3002<\/li>\n<li>\u6211\u7684\u5fc3\u554a\uff0c\u83ab\u8981\u4e0d\u5e73\u9759\u5730\u8df3\u52a8\u3002<\/li>\n<li>\u8840\u6db2\u7ecf\u8fc7\u80ba\u4ece\u5fc3\u810f\u5faa\u73af\u5230\u5fc3\u810f\u3002<\/li>\n<li>\u8bb8\u591a\u4eba\u548c\u8f66\u8f86\u5728\u8857\u4e0a\u7f13\u6162\u5730\u6765\u5f80\u4e0d\u606f\u3002<\/li>\n<li>\u57ce\u91cc\u6d41\u4f20\u7740\u5404\u79cd\u5404\u6837\u7684\u8c23\u8a00\u3002<\/li>\n<li>\u6bcd\u7f8a\u901a\u5e38\u53ea\u751f\u4e00\u4ed4\u3002<\/li>\n<li>\u90a3\u4e9b\u6811\u7ed3\u82f9\u679c\u3002<\/li>\n<li>\u4e9a\u6d32\u76db\u4ea7\u7cae\u98df\u3002<\/li>\n<li>\u90a3\u4e00\u5730\u533a\u4ea7\u91d1\u3002<\/li>\n<li>\u90a3\u5bb6\u5de5\u5382\u751f\u4ea7\u4f18\u8d28\u5e03\u3002<\/li>\n<li>\u5317\u65b9\u4e0d\u751f\u957f\u8461\u8404\u3002<\/li>\n<li>\u6cb3\u6c34\u5728\u4e0d\u65ad\u4e0a\u6da8\u3002<\/li>\n<li>\u4eba\u7fa4\u6bcf\u65f6\u6bcf\u523b\u90fd\u5728\u589e\u591a\u3002<\/li>\n<li>\u6211\u4eec\u7684\u529b\u91cf\u4e0e\u65e5\u4ff1\u589e\u3002<\/li>\n<li>\u7f57\u9a6c\u867d\u597d\uff0c\u4f46\u79bb\u6211\u4eec\u7684\u5bb6\u592a\u8fdc\u3002\uff08\u8c1a\u8bed\uff09<\/li>\n<li>\u4f60\u5e74\u7eaa\u592a\u8f7b\uff0c\u4e0d\u80fd\u8bfb\u8fd9\u6837\u7684\u4e66\u3002<\/li>\n<li>\u4ed6\u5df2\u7ecf\u592a\u7d2f\u4e86\uff0c\u80cc\u4e0d\u52a8\u8fd9\u6c89\u91cd\u7684\u7bb1\u5b50\u3002<\/li>\n<li>\u65f6\u95f4\u592a\u5b9d\u8d35\u4e86\uff0c\u4e0d\u80fd\u6d6a\u8d39\u5728\u8fd9\u6837\u4e00\u4e9b\u65e0\u8c13\u7684\u4e89\u8bba\u4e0a\u3002<\/li>\n<li>\u4ed6\u592a\u9ad8\u5174\u4e86\uff0c\u8bf4\u8d77\u8bdd\u6765\u8bed\u65e0\u4f26\u6b21\u3002<\/li>\n<li>\u53a8\u5e08\u592a\u591a\uff0c\u7cca\u4e86\u7ca5\u9505\u3002\uff08\u8c1a\u8bed\uff09<\/li>\n<\/ol>\n<p>&nbsp;<\/p>\n<ol>\n<li>\u5c06\u4e0b\u5217\u53e5\u5b50\u8bd1\u6210\u6c49\u8bed\uff0c\u6ce8\u610f\u53e5\u4e2d\u4ecb\u8bcd\u7684\u7528\u6cd5\uff1a<\/li>\n<\/ol>\n<p>KONTRA\u016c<\/p>\n<ol>\n<li>\u90a3\u4e24\u4e2a\u4eba\u76f8\u5bf9\u800c\u7acb\u3002<\/li>\n<li>\u4ed6\u548c\u5979\u9762\u5bf9\u9762\u5730\u8c08\u8bdd\u3002<\/li>\n<li>\u4ed6\u4eec\u52c7\u6562\u5730\u548c\u654c\u4eba\u8fdb\u884c\u6218\u6597\u3002<\/li>\n<li>\u4ed6\u751f\u6211\u7684\u6c14\u3002<\/li>\n<li>\u4ed6\u9006\u6c34\u6e38\u6cf3\u3002<\/li>\n<li>\u4f60\u5fc5\u987b\u670d\u7528\u9000\u70e7\u836f\u3002<\/li>\n<li>\u4e0d\u8981\u8bf4\u8fdd\u80cc\u826f\u5fc3\u7684\u8bdd\u3002<\/li>\n<li>\u4ed6\u82b1\u51e0\u6cd5\u90ce\u4ece\u4e00\u4e2a\u5c0f\u5b69\u90a3\u91cc\u4e70\u4e0b\u4e86\u8fd9\u53ea\u9e1f\u3002<\/li>\n<li>\u4f60\u5bf9\u6211\u592a\u597d\u4e86\u3002<\/li>\n<li>\u4ed6\u600e\u6837\u5bf9\u6211\uff0c\u6211\u5c06\u600e\u6837\u5bf9\u4ed6\u3002<\/li>\n<li>\u6211\u4e0d\u62b1\u6028\u547d\u8fd0\u3002<\/li>\n<\/ol>\n<p>KROM<\/p>\n<ol>\n<li>\u9664\u4ed6\u4e4b\u5916\uff0c\u6240\u6709\u4eba\u90fd\u6765\u4e86\u3002<\/li>\n<li>\u73b0\u5728\u5979\u9664\u4e86\u5531\u6b4c\u4e4b\u5916\uff0c\u522b\u7684\u4ec0\u4e48\u4e5f\u4e0d\u60f3\u5e72\u3002<\/li>\n<li>\u9664\u4e86\u5f7c\u5f97\u4e4b\u5916\uff0c\u7ea6\u7ff0\u4e5f\u6765\u4e86\u3002<\/li>\n<li>\u9664\u300a\u5b89\u5f92\u751f\u7ae5\u8bdd\u96c6\u300b\u5916\uff0c\u6211\u4e5f\u8bfb\u5176\u4ed6\u7684\u4e66\u3002<\/li>\n<li>\u6211\u4eec\u53ef\u4ee5\u7ed9\u4f60\u4e00\u5207\uff0c\u4f46\u4e0d\u80fd\u7ed9\u4f60\u5929\u624d\u3002<\/li>\n<li>\u9664\u4e86\u8981\u6c42\u4eba\u4eec\u4e0d\u518d\u79f0\u4ed6\u5927\u5e08\u4e4b\u5916\uff0c\u67f4\u95e8\u970d\u592b\u522b\u65e0\u4ed6\u6c42\u3002<\/li>\n<\/ol>\n<p>KUN<\/p>\n<ol>\n<li>\u4ed6\u7684\u76ee\u5149\u548c\u90a3\u5c0f\u4f19\u5b50\u7684\u76ee\u5149\u76f8\u9047\u3002<\/li>\n<li>\u4ed6\u5bf9\u4e16\u754c\u8bed\u7684\u70ed\u60c5\u4e00\u5929\u6bd4\u4e00\u5929\u9ad8\u6da8\u3002<\/li>\n<li>\u4ed6\u4eec\u548c\u6211\u8ba8\u8bba\u8fc7\u8fd9\u4e2a\u95ee\u9898\u3002<\/li>\n<li>\u4ed6\u624b\u91cc\u62ff\u7740\u4e00\u672c\u4e66\u5230\u6211\u8fd9\u91cc\u6765\u8fc7\u3002<\/li>\n<li>\u4e2d\u56fd\u662f\u4e00\u4e2a\u5386\u53f2\u60a0\u4e45\u7684\u56fd\u5bb6\u3002<\/li>\n<li>\u4ed6\u7830\u7684\u4e00\u58f0\u628a\u95e8\u5173\u4e0a\u3002<\/li>\n<li>\u5979\u5fc3\u513f\u6026\u6026\u5730\u8df3\u52a8\u7740\u95ee\u9053\u3002<\/li>\n<li>\u4ed6\u4fa7\u7740\u8eab\u5b50\u884c\u8d70\u3002<\/li>\n<li>\u6c34\u624b\u4eec\u52c7\u6562\u5730\u548c\u6d77\u6d6a\u640f\u6597\u3002<\/li>\n<li>\u90a3\u4e2a\u9752\u5e74\u66fe\u548c\u6211\u4e00\u8d77\u4e0e\u654c\u4eba\u8fdb\u884c\u6218\u6597\u3002<\/li>\n<li>\u4e00\u4e2a\u5934\u53d1\u6563\u4e71\u7684\u5973\u4eba\u8d70\u4e86\u8fdb\u6765\u3002<\/li>\n<\/ol>\n<p>LA\u016c<\/p>\n<ol>\n<li>\u6211\u4f9d\u7167\u4ed6\u7684\u613f\u671b\u7559\u5728\u8fd9\u91cc\u3002<\/li>\n<li>\u4f9d\u6211\u770b\uff08\u6216\uff1a\u6211\u8ba4\u4e3a\uff09\u90a3\u672c\u4e66\u5f88\u597d\u3002<\/li>\n<li>\u8fd9\u8258\u8239\u5728\u987a\u98ce\u884c\u9a76\u3002<\/li>\n<li>\u6211\u6cbf\u7740\u5c0f\u6cb3\u6563\u6b65\u3002<\/li>\n<li>\u5979\u89c9\u5f97\u4ed6\u5f88\u53ef\u7231\u3002<\/li>\n<li>\u6211\u53ea\u77e5\u9053\u4ed6\u7684\u540d\u5b57\u3002<\/li>\n<li>\u6bcf\u4e2a\u4eba\u90fd\u7528\u81ea\u5df1\u7684\u5c3a\u5ea6\u8861\u91cf\u522b\u4eba\uff08\u76f8\u5f53\u4e8e\uff1a\u4ee5\u5df1\u5ea6\u4eba\uff09\u3002\uff08\u8c1a\u8bed\uff09<\/li>\n<li>\u4eba\u4eec\u51ed\u679c\u5b9e\u8ba4\u8bc6\u6811\u6728\uff08\u4e5f\u53ef\u8bd1\u4e3a\uff1a\u89c2\u5176\u679c\u800c\u8bc6\u5176\u6811\uff0c\u610f\u5373\uff1a\u89c2\u5176\u884c\u800c\u77e5\u5176\u4eba\uff1b\u8ba4\u6811\u8ba4\u679c\u5b9e\uff0c\u610f\u5373\uff1a\u770b\u4eba\u770b\u884c\u52a8\uff09<\/li>\n<\/ol>\n<p>MALGRA\u016c<\/p>\n<ol>\n<li>\u4ed6\u4e0d\u987e\u6211\u7684\u7981\u6b62\u8dd1\u51fa\u53bb\u4e86\u3002<\/li>\n<li>\u5c3d\u7ba1\u5929\u6c14\u6076\u52a3\uff0c\u4ed6\u4eec\u8fd8\u662f\u6765\u4e86\u3002<\/li>\n<li>\u4e0d\u7ba1\u600e\u6837\uff0c\u4f60\u662f\u4f1a\u6210\u529f\u7684\u3002<\/li>\n<\/ol>\n<p>PER<\/p>\n<ol>\n<li>\u8fd9\u4e9b\u9e1f\u513f\u5728\u632f\u7fc5\u98de\u7fd4\u3002<\/li>\n<li>\u4ed6\u5f80\u74f6\u5b50\u91cc\u5012\u6ee1\u4e86\u9152\u3002<\/li>\n<li>\u5f62\u5bb9\u8bcd\u4ee5-a\u7ed3\u5c3e\u3002<\/li>\n<li>\u4ed6\u6258\u4ed6\u7684\u670b\u53cb\u628a\u4ed6\u4eec\u8bf7\u6765\u3002<\/li>\n<li>\u667a\u6167\u4e0d\u603b\u662f\u4ee5\u5e74\u9f84\u6765\u8861\u91cf\u7684\u3002\uff08\u8c1a\u8bed\uff09<\/li>\n<li>\u4e09\u5341\u516b\u9664\u4ee5\u4e09\u7b49\u4e8e\u5341\u4e8c\u4f59\u4e8c\u3002<\/li>\n<li>\u516d\u4e58\u4ee5\u5341\u7b49\u4e8e\u516d\u5341\u3002<\/li>\n<li>\u501f\u52a9\u8bcd\u5178\u6211\u770b\u61c2\u4e86\u4f60\u7684\u4fe1\u3002<\/li>\n<li>\u6211\u7761\u5f97\u5f88\u719f\u3002<\/li>\n<li>\u6211\u4eec\u4e0d\u53ef\u80fd\u4e00\u4e0b\u5b50\u5c31\u8fbe\u5230\u6240\u6709\u7684\u76ee\u7684\u3002\uff08\u6216\uff1a\u6211\u4eec\u4e0d\u53ef\u80fd\u6bd5\u5176\u529f\u4e8e\u4e00\u5f79\uff09<\/li>\n<li>\u4ed6\u7528\u624b\u6293\u4f4f\u90a3\u5b69\u5b50\u3002\uff08\u6bd4\u8f83\uff1aLi prenis la infanon je la mano. \u4ed6\u6293\u4f4f\u90a3\u5b69\u5b50\u7684\u624b\u3002\uff09<\/li>\n<\/ol>\n<p>&nbsp;<\/p>\n<ol>\n<li>\u8bf4\u51fa\u4e0b\u5217\u6d3e\u751f\u8bcd\u7684\u610f\u601d\uff08\u53ef\u67e5\u9605\u8bcd\u5178\uff09\uff1a\uff08\u7b54\u6848\u7565\uff09<\/li>\n<\/ol>\n<p>&nbsp;<br \/>\nVII. \u5c06\u4e0b\u5217\u53e5\u5b50\u8bd1\u6210\u4e16\u754c\u8bed\uff1a<\/p>\n<ol>\n<li>Malgra\u016d la pluvo mi iros tien. (a\u016d: Kvankam pluvas, tamen mi volas iri tien. )<\/li>\n<li>La\u016d mia opinio (a\u016d: La\u016d mi) tio (\u0109i) estas verko tre valora.<\/li>\n<li>La vero estas kun ni.<\/li>\n<li>Apena\u016d li enliti\u011dis, li ekdormis.<\/li>\n<li>Iu maljunulo kun grizaj haroj eniris en la domon.<\/li>\n<li>\u0108iuj venis krom la maljunaj.<\/li>\n<li>Lia domo staras kontra\u016d magazeno.<\/li>\n<li>Tiu \u015dipo veturas kontra\u016d la vento.<\/li>\n<li>Ni devas batali kontra\u016d (la) malfacila\u0135oj.<\/li>\n<li>Suzhou sin trovas (a\u016d: ku\u015das) inter Nanjing kaj Shanghai.<\/li>\n<li>Ili laboradas de la mateno \u011dis la vespero.<\/li>\n<li>Li akompanis min \u011dis la pordo.<\/li>\n<li>Hiera\u016d \u015di einiris en la urbon kune kun sia filino.<\/li>\n<li>Lusin \u0109iam vivas en nia koro.<\/li>\n<li>La kunveno iras en la atmosfero de amikeco.<\/li>\n<li>Per kia metodo li solvis la problemon?<\/li>\n<li>Li en griza surtuto promenas sur la strato.<\/li>\n<li>Tio estas silka\u0135o el Suzhou.<\/li>\n<li>Sur la tablo estas (a\u016d: ku\u015das) skatolo da alumetoj.<\/li>\n<li>Mia onklino lo\u011das ekster Pekino.<\/li>\n<li>Li neniam parolis (a\u016d: diris ion) kontra\u016d sia konscienco dum sia tuta vivo.<\/li>\n<li>\u015cia avino mortis de malsano lastjare (a\u016d: en la lasta jaro).<\/li>\n<li>Nia instruisto havas \u0109irka\u016d kvardek jarojn.<\/li>\n<li>Hiera\u016d mi vesperman\u011dis \u0109e profesoro Zhang.<\/li>\n<li>Apud (a\u016d: proksime de) la stacidomo sin trovas granda hotelo.<\/li>\n<li>Li sin amuzas anstata\u016d labori.<\/li>\n<li>Ilia kunveno fini\u011dos anta\u016d la kvina horo.<\/li>\n<li>Venko apartenas al tiu(j), kiu(j) sen\u0109ese batalas por sia ideo.<\/li>\n<\/ol>\n<p>\u8fd4\u56de<a href=\"https:\/\/reto.cn\/php\/hanyu\/wangchongfang_mezgrada_kurso\/helpilo\/\">\u300a\u738b\u5d07\u82b3\u4e16\u754c\u8bed\u5b9e\u7528\u4e2d\u7ea7\u8bfe\u672c\u300b\u5b66\u4e60\u8f85\u5bfc\u76ee\u5f55<\/a>\t\t<\/p>\n","protected":false},"excerpt":{"rendered":"<p>\u7b2c\u5341\u516b\u8bfe \u7b2c\u5341\u516b\u8bfe\u8bfe\u6587\u53c2\u8003\u8bd1\u6587 &nbsp; A \u52a8\u7269 \u201canimalo\u201d\uff08\u52a8\u7269\uff09\u662f\u6240\u6709\u6709\u611f\u89c9\u3001\u80fd\u8fd0\u52a8\u7684\u751f\u7269\u7684\u2026 <span class=\"read-more\"><a href=\"https:\/\/reto.cn\/php\/hanyu\/wangchongfang_mezgrada_kurso\/helpilo\/kurso_18\/\">\u7ee7\u7eed\u9605\u8bfb Legi pli &raquo;<\/a><\/span><\/p>\n","protected":false},"author":1,"featured_media":0,"parent":5162,"menu_order":30,"comment_status":"closed","ping_status":"closed","template":"","meta":{"footnotes":""},"_links":{"self":[{"href":"https:\/\/reto.cn\/php\/hanyu\/wp-json\/wp\/v2\/pages\/5295"}],"collection":[{"href":"https:\/\/reto.cn\/php\/hanyu\/wp-json\/wp\/v2\/pages"}],"about":[{"href":"https:\/\/reto.cn\/php\/hanyu\/wp-json\/wp\/v2\/types\/page"}],"author":[{"embeddable":true,"href":"https:\/\/reto.cn\/php\/hanyu\/wp-json\/wp\/v2\/users\/1"}],"replies":[{"embeddable":true,"href":"https:\/\/reto.cn\/php\/hanyu\/wp-json\/wp\/v2\/comments?post=5295"}],"version-history":[{"count":0,"href":"https:\/\/reto.cn\/php\/hanyu\/wp-json\/wp\/v2\/pages\/5295\/revisions"}],"up":[{"embeddable":true,"href":"https:\/\/reto.cn\/php\/hanyu\/wp-json\/wp\/v2\/pages\/5162"}],"wp:attachment":[{"href":"https:\/\/reto.cn\/php\/hanyu\/wp-json\/wp\/v2\/media?parent=5295"}],"curies":[{"name":"wp","href":"https:\/\/api.w.org\/{rel}","templated":true}]}}