{"id":5297,"date":"2019-03-21T22:06:47","date_gmt":"2019-03-21T14:06:47","guid":{"rendered":"http:\/\/reto.cn\/php\/hanyu\/?page_id=5297"},"modified":"2019-03-21T22:06:47","modified_gmt":"2019-03-21T14:06:47","slug":"kurso_19","status":"publish","type":"page","link":"https:\/\/reto.cn\/php\/hanyu\/wangchongfang_mezgrada_kurso\/helpilo\/kurso_19\/","title":{"rendered":"\u4e16\u754c\u8bed\u4e2d\u7ea7\u6559\u7a0b\u5b66\u4e60\u8f85\u5bfc \u7b2c\u5341\u4e5d\u8bfe"},"content":{"rendered":"<p>\t\t\t\t<strong><b>\u7b2c\u5341\u4e5d\u8bfe<\/b><\/strong><\/p>\n<h5>\u7b2c\u5341\u4e5d\u8bfe\u8bfe\u6587\u53c2\u8003\u8bd1\u6587<\/h5>\n<p>&nbsp;<br \/>\n<strong><b>A<\/b><\/strong><br \/>\n<strong><b>\u690d\u7269<\/b><\/strong><br \/>\n\u5728\u519c\u6751\u4eba\u4eec\u51e0\u4e4e\u5230\u5904\u770b\u5230\u690d\u7269\uff0c\u5373\u4e54\u6728\u3001\u704c\u6728\u3001\u8349\u672c\u690d\u7269\u3001\u83cc\u7c7b\u7b49\u3002<br \/>\n\u4e54\u6728\u662f\u6811\u5e72\u8f83\u4e3a\u9ad8\u5927\u5e76\u6709\u5206\u679d\u7684\u591a\u5e74\u751f\u6728\u672c\u690d\u7269\uff0c\u5982\u677e\u6811\u3001\u6cd5\u56fd\u68a7\u6850\u3001\u680e\u6811\u3002\u704c\u6728\u4e5f\u662f\u6728\u672c\u690d\u7269\uff0c\u4f46\u5b83\u53ea\u6709\u77ee\u5c0f\u7684\u6811\u5e72\u800c\u4e14\u4ece\u57fa\u5e95\u90e8\u5c31\u5f00\u59cb\u5206\u679d\uff0c\u5982\u73ab\u7470\u3001\u4e01\u9999\u3001\u5c71\u6942\u3002\u5982\u679c\u8bb8\u591a\u6811\u6728\u5bc6\u96c6\u5730\u751f\u957f\u5728\u76f8\u5f53\u5927\u9762\u79ef\u7684\u5730\u9762\u4e0a\uff0c\u5b83\u4eec\u5c31\u5f62\u6210\u4e86\u68ee\u6797\u3002<br \/>\n\u7ed3\u679c\u5b50\u7684\u6811\u662f\u679c\u6811\u3002\u6625\u5929\u679c\u6811\u53d1\u82bd\u5e76\u5f00\u51fa\u7f8e\u4e3d\u7684\u82b1\uff1b\u590f\u5929\u679c\u6811\u957f\u6ee1\u8302\u5bc6\u7684\u6811\u53f6\u3001\u7ed3\u6ee1\u91d1\u9ec4\u7684\u679c\u5b9e\uff1b\u79cb\u5929\u6811\u53f6\u51cb\u843d\uff1b\u51ac\u5929\u6811\u6728\u9759\u9759\u5730\u5728\u4f53\u5185\u4e3a\u6765\u5e74\u6625\u5929\u65f6\u7684\u590d\u82cf\u505a\u7740\u51c6\u5907\u3002<br \/>\n\u7ed3\u82f9\u679c\u7684\u6811\u662f\u82f9\u679c\u6811\uff0c\u7ed3\u68a8\u5b50\u7684\u6811\u662f\u68a8\u6811\u3002\u82f9\u679c\u6811\u548c\u68a8\u6811\u662f\u679c\u6811\u3002\u4e0b\u9762\u662f\u51e0\u79cd\u5176\u4ed6\u679c\u6811\u7684\u540d\u79f0\uff1a\u6a58\u5b50\u6811\u3001\u6a31\u6843\u6811\u3001\u6843\u6811\u3001\u674e\u6811\u3001\u6817\u6811\u3001\u6a44\u6984\u6811\u3002<br \/>\n\u4f46\u662f\u5e76\u975e\u6240\u6709\u7ed3\u679c\u5b9e\u7684\u690d\u7269\u90fd\u662f\u4e54\u6728\uff0c\u4f8b\u5982\u8461\u8404\u6811\u662f\u704c\u6728\uff0c\u8349\u8393\u53ea\u662f\u8349\u672c\u690d\u7269\u3002<br \/>\n\u8349\u672c\u690d\u7269\u662f\u8f83\u4e3a\u67d4\u8f6f\u5e76\u542b\u6709\u8f83\u591a\u7684\u6db2\u6c41\u7684\u690d\u7269\uff0c\u5b83\u7684\u5730\u4e0a\u90e8\u5206\u6bcf\u5e74\u90fd\u8981\u67af\u6b7b\u3002\u8349\u672c\u690d\u7269\u6709\u830e\u5e72\u800c\u6ca1\u6709\u6811\u5e72\u3002\u8c37\u7c7b\u548c\u852c\u83dc\u662f\u8349\u672c\u690d\u7269\uff0c\u751c\u74dc\u548c\u897f\u74dc\u4e5f\u662f\u8349\u672c\u690d\u7269\uff1b\u6b64\u5916\uff0c\u5c31\u8fde\u9999\u8549\u4e5f\u662f\u8349\u672c\u690d\u7269\u3002<br \/>\n\u5bf9\u519c\u4f5c\u7269\u6709\u5bb3\u7684\u8349\u53eb\u505a\u6742\u8349\u3002\u8349\u5730\u662f\u88ab\u8349\u8986\u76d6\u7684\u5730\u65b9\uff0c\u7267\u8349\u5730\u662f\u957f\u6ee1\u91ce\u751f\u6216\u4eba\u5de5\u683d\u57f9\u7684\u7267\u8349\u7684\u5730\u65b9\u3002\u9972\u755c\u5e72\u8349\u662f\u6210\u719f\u4e86\u7684\u4f5c\u4e3a\u7272\u755c\u9972\u6599\u7684\u5e72\u8349\u3002<br \/>\n\u5404\u79cd\u751f\u4ea7\u7cae\u98df\u7684\u8349\u672c\u690d\u7269\u53eb\u505a\u8c37\u7c7b\u3002\u5e94\u5f52\u5165\u8c37\u7c7b\u7684\u6709\u5c0f\u9ea6\u3001\u5927\u9ea6\u3001\u5c0f\u7c73\u3001\u7389\u7c73\u548c\u5927\u7c73\u3002\u8c37\u7c7b\u6210\u719f\u65f6\uff0c\u519c\u6c11\u7528\u9570\u5200\u6536\u5272\u5e76\u628a\u5b83\u4eec\u624e\u6210\u6346\u3002\u7136\u540e\u4ed6\u4eec\u628a\u8c37\u6346\u642c\u8fd0\u5230\u6253\u8c37\u573a\u4e0a\u5e76\u7528\u8fde\u67b7\u6216\u8131\u7c92\u673a\u8131\u7c92\u3002<br \/>\n\u51e1\u662f\u6211\u4eec\u53ef\u4ee5\u7528\u6765\u505a\u83dc\u7684\u5728\u56ed\u4e2d\u683d\u57f9\u7684\u8349\u672c\u690d\u7269\u5c31\u662f\u852c\u83dc\uff0c\u4f8b\u5982\u82b8\u82d4\u3001\u82b1\u6930\u83dc\u3001\u571f\u8c46\u3001\u756a\u8304\u3001\u83e0\u83dc\u3001\u80e1\u841d\u535c\u3001\u841d\u535c\u3001\u9ec4\u74dc\u3001\u8c4c\u8c46\u3001\u6d0b\u8471\u3001\u8fa3\u6912\u3001\u8695\u8c46\u3001\u83dc\u8c46\u3002\u5404\u79cd\u4e0d\u540c\u7684\u852c\u83dc\u690d\u7269\u6709\u5404\u79cd\u4e0d\u540c\u7684\u98df\u7528\u90e8\u5206\u3002\u571f\u8c46\u662f\u571f\u8c46\u690d\u7269\u7684\u5730\u4e0b\u830e\uff1b\u756a\u8304\u662f\u756a\u8304\u690d\u7269\u7684\u679c\u5b9e\uff1b\u80e1\u841d\u535c\u662f\u80e1\u841d\u535c\u690d\u7269\u7684\u6839\u3002\u82b1\u6930\u83dc\u53ef\u4ee5\u98df\u7528\u7684\u90e8\u5206\u662f\u82b1\uff0c\u800c\u83e0\u83dc\uff0c\u6b63\u5982\u4eba\u4eec\u6240\u77e5\u9053\u7684\uff0c\u51e0\u4e4e\u6240\u6709\u90e8\u5206\u90fd\u53ef\u4ee5\u98df\u7528\u3002<br \/>\n\u690d\u7269\u751f\u957f\u5728\u5404\u79cd\u5730\u65b9\u548c\u5404\u79cd\u73af\u5883\u4e2d\u3002\u5728\u65e5\u7167\u957f\u3001\u571f\u58e4\u9002\u5b9c\u7684\u6e29\u6696\u6f6e\u6e7f\u7684\u5730\u65b9\uff0c\u690d\u7269\u751f\u957f\u5f97\u5f88\u5feb\u3002\u82d4\u85d3\u53ef\u4ee5\u751f\u957f\u5728\u5341\u5206\u5bd2\u51b7\u3001\u9634\u6697\u7684\u5730\u65b9\uff0c\u4ed9\u4eba\u638c\u548c\u67d0\u4e9b\u91ce\u8349\u53ef\u4ee5\u751f\u957f\u5728\u5341\u5206\u5e72\u71e5\u3001\u708e\u70ed\u7684\u5730\u65b9\uff0c\u8611\u83c7\u6b63\u5982\u4eba\u4eec\u6240\u77e5\uff0c\u662f\u751f\u957f\u5728\u522b\u7684\u690d\u7269\u6216\u8150\u70c2\u7684\u6728\u5934\u4e0a\u7684\u3002<br \/>\n\u6709\u7684\u690d\u7269\u662f\u91ce\u751f\u7684\uff0c\u6709\u7684\u690d\u7269\u53ea\u751f\u957f\u5728\u4eba\u4eec\u64ad\u4e0b\u5b83\u4eec\u79cd\u5b50\u7684\u5730\u65b9\uff0c\u5373\u5728\u7530\u5730\u91cc\u6216\u56ed\u5703\u4e2d\u3002\u4e3a\u4e86\u4f7f\u690d\u7269\u80fd\u5f88\u597d\u5730\u751f\u957f\uff0c\u4eba\u4eec\u5fc5\u987b\u8015\u7ffb\u571f\u5730\uff0c\u65f6\u5e38\u7ed9\u519c\u7530\u3001\u83dc\u56ed\u3001\u679c\u56ed\u8019\u5730\u548c\u9664\u8349\uff0c\u62a4\u7406\u4f5c\u7269\u7b49\uff0c\u8fd9\u5c31\u4ea7\u751f\u4e86\u5168\u4eba\u7c7b\u8d56\u4ee5\u751f\u5b58\u7684\u57fa\u7840\u2014\u2014\u519c\u4e1a\u3002<br \/>\n&nbsp;<br \/>\n&nbsp;<br \/>\n<strong><b>B<\/b><\/strong><br \/>\n<strong><b>\u86af\u8693<\/b><\/strong><br \/>\n\u4eba\u4eba\u90fd\u8ba4\u8bc6\u86af\u8693\uff0c\u86af\u8693\u4fd7\u79f0tervermo\uff08\u571f\u86c6\uff09\u3002\u6709\u4e9b\u4eba\u8ba8\u538c\u86af\u8693\uff0c\u5728\u56ed\u4e2d\u53d1\u73b0\u86af\u8693\u540e\u5c31\u7acb\u5373\u628a\u5b83\u6254\u6389\uff0c\u4f46\u4e5f\u6709\u4eba\u61c2\u5f97\u5b83\u662f\u6709\u76ca\u7684\u52a8\u7269\uff0c\u56e0\u800c\u4e0d\u628a\u5b83\u6254\u6389\u3002\u4f46\u60a8\u662f\u5426\u77e5\u9053\u86af\u8693\u662f\u600e\u6837\u5e76\u4e14\u4e3a\u4ec0\u4e48\u5bf9\u571f\u5730\u8fd9\u4e48\u6709\u76ca\u7684\u5462\uff1f<br \/>\n\u86af\u8693\u901a\u5e38\u751f\u6d3b\u5728\u5730\u4e0b\u6ce5\u571f\u4e2d\uff0c\u5b83\u5728\u5730\u4e0b\u4e00\u9762\u541e\u98df\u4e00\u9762\u5411\u524d\u8815\u52a8\u3002\u88ab\u541e\u98df\u7684\u6ce5\u571f\u901a\u8fc7\u86af\u8693\u7684\u80a0\u9053\u65f6\uff0c\u80a0\u58c1\u4fbf\u4ece\u6ce5\u571f\u4e2d\u5438\u6536\u53ef\u6d88\u5316\u7684\u7269\u8d28\uff0c\u86af\u8693\u5c31\u662f\u9760\u8fd9\u4e9b\u7269\u8d28\u7ed9\u81ea\u5df1\u4f9b\u5e94\u8425\u517b\u7684\u3002\u7531\u4e8e\u4e0a\u8ff0\u8fc7\u7a0b\u7684\u4f5c\u7528\u571f\u58e4\u5f62\u6210\u4e86\u8bb8\u591a\u5b54\u9699\uff0c\u7a7a\u6c14\u548c\u6c34\u4fbf\u53ef\u4ee5\u5728\u571f\u4e2d\u6d41\u901a\uff0c\u8fd9\u5bf9\u751f\u957f\u5728\u5730\u9762\u4e0a\u7684\u690d\u7269\u5177\u6709\u91cd\u5927\u610f\u4e49\u3002\u9ed1\u591c\u91cc\u86af\u8693\u4ece\u6d1e\u4e2d\u6765\u5230\u5730\u4e0a\u5bfb\u627e\u67af\u840e\u7684\u6811\u53f6\u548c\u8349\u5c51\u7b49\u7269\u3002\u627e\u5230\u4e86\u8fd9\u4e9b\u4e1c\u897f\uff0c\u5b83\u4eec\u5c31\u52aa\u529b\u7528\u67d4\u8f6f\u7684\u5634\u5507\u628a\u5b83\u4eec\u62c9\u8fdb\u6d1e\u4e2d\u3002\u8fd9\u4e9b\u690d\u7269\u7684\u6b8b\u5b58\u7269\u5728\u6ce5\u571f\u4e2d\u8150\u70c2\uff0c\u8fd9\u5c31\u4f7f\u5f97\u571f\u5730\u80a5\u6c83\u8d77\u6765\u3002\u86af\u8693\u5b9e\u9645\u4e0a\u6bd4\u4efb\u4f55\u4eba\u5de5\u53d1\u660e\u7269\u7ed9\u571f\u5730\u65bd\u80a5\u66f4\u52a0\u6709\u6761\u7406\u3001\u66f4\u52a0\u5f7b\u5e95\u5f97\u591a\u3002<br \/>\n\u86af\u8693\u7684\u786e\u662f\u79cd\u7530\u4eba\u5fe0\u5b9e\u7684\u3001\u52e4\u52c9\u7684\u3001\u4e0d\u62ff\u5de5\u94b1\u7684\u5e2e\u624b\uff0c\u5b83\u4eec\u751a\u81f3\u90fd\u4e0d\u8981\u6c42\u6709\u5047\u671f\u3002\u6ca1\u6709\u86af\u8693\u5c31\u4e0d\u53ef\u80fd\u6709\u519c\u4e1a\u3001\u56ed\u827a\u3001\u6797\u4e1a\uff0c\u4f46\u9057\u61be\u7684\u662f\u5e76\u975e\u6bcf\u4e00\u4e2a\u519c\u6c11\u90fd\u61c2\u5f97\u4ed6\u4eec\u7684\u6536\u83b7\u5728\u591a\u5927\u7a0b\u5ea6\u4e0a\u5e94\u5f52\u529f\u4e8e\u8fd9\u4e9b\u201c\u8ba8\u538c\u7684\u201d\u5c0f\u52a8\u7269\u3002<br \/>\n&nbsp;<br \/>\n******************************<br \/>\n\u77ed\u8bd7\u4e24\u9996<br \/>\n&nbsp;<br \/>\n\u897f\u74dc<br \/>\n&nbsp;<br \/>\n\u897f\u74dc\uff0c<br \/>\n\u897f\u74dc\uff0c<br \/>\n\u8bf7\u544a\u8bc9\u6211\uff0c\u4f46\u522b\u81ea\u5938\uff1a<br \/>\n\u4f60\u662f\u7ea2\u74e4\u8fd8\u662f\u767d\u74e4\uff0c<br \/>\n\u5473\u9053\u751c\u7f8e\u8fd8\u662f\u4e0d\u4f73\uff1f<br \/>\n\u2014\u2014\u5c1d\u4e00\u5c1d\u5427\uff0c\u8bf7\u522b\u62c5\u5fc3\uff0c<br \/>\n\u662f\u6148\u7231\u7684\u9633\u5149\u629a\u80b2\u6211\u957f\u5927\u3002<br \/>\n\uff08\u8def\u5fb7\u7c73\u62c9\u2022\u53f6\u8299\u585e\u8036\u5a03\uff09<br \/>\n&nbsp;<br \/>\n\u96d5\u548c\u9a7c\u9e1f<br \/>\n&nbsp;<br \/>\n\u96d5\u5728\u7a7a\u4e2d\u9ad8\u9ad8\u98de\u7fd4\uff0c<br \/>\n\u9a7c\u9e1f\u5403\u529b\u5730\u8d70\u5728\u5730\u4e0a\u3002<br \/>\n\u5b83\u5f92\u52b3\u5730\u9f13\u52a8\u53cc\u7fc5\uff0c<br \/>\n\u8bd5\u56fe\u548c\u96d5\u6bd4\u9ad8\u5417\uff1f\u5984\u60f3\uff01<br \/>\n\uff08\u5c24\u91cc\u2022\u5df4\u57fa\uff09<br \/>\n&nbsp;<br \/>\n&nbsp;<\/p>\n<h5>\u7ec3\u4e60\u53c2\u8003\u7b54\u6848<\/h5>\n<p>&nbsp;<\/p>\n<ol>\n<li>\u5c06\u4e0b\u5217\u540d\u8bcd\u8bd1\u6210\u4e16\u754c\u8bed\uff1a<\/li>\n<li>vegeta\u0135o (a\u016d: planto, kreska\u0135o) \u00a02. arbo \u00a03. arbedo \u00a04. ligneca planto \u00a05. herbeca planto \u00a06. fungo \u00a07. radiko \u00a08. trunko \u00a09. bran\u0109o \u00a010. bur\u011dono \u00a011. floro \u00a012. folio \u00a013. tigo \u00a014. suko \u00a015. spiko \u00a016. grajno \u00a017. semo \u00a018. frukto \u00a019. bero \u00a020. pomo \u00a021. piro \u00a022. oran\u011do \u00a023. \u0109erizo \u00a024. persiko \u00a025. abrikoto \u00a026. vinbero \u00a027. frago \u00a028. ka\u015dtano \u00a029. melono \u00a030. akvomelono \u00a031. banano \u00a032. pino \u00a033. platano \u00a034. kverko \u00a035. rozo \u00a036. siringo \u00a037. kratago \u00a038. fruktarbo \u00a039. greno \u00a040. tritiko \u00a041. hordeo \u00a042. milio \u00a043. maizo \u00a044. rizo \u00a045. legomo \u00a046. brasiko \u00a047. florbrasiko \u00a048. tomato \u00a049. spinaco \u00a050. karoto \u00a051. rafano \u00a052. kukumo \u00a053. pizo \u00a054. cepo \u00a055. kapsiko \u00a056. fabo \u00a057. fazeolo<\/li>\n<\/ol>\n<p>&nbsp;<\/p>\n<ol>\n<li>\u7528\u4e16\u754c\u8bed\u8bf4\u51fa\u4e0b\u5217\u6c34\u679c\u7684\u540d\u79f0\uff1a<\/li>\n<li>(oran\u011do) \u00a02. (piro) \u00a03. (persiko) \u00a04. (banano) \u00a05. (akvomelono) \u00a06. (olivo) \u00a07. (pomo) \u00a08. (vinbero)<\/li>\n<\/ol>\n<p>&nbsp;<br \/>\nIII. \u5c06\u4e0b\u5217\u53e5\u5b50\u8bd1\u6210\u6c49\u8bed\uff1a<\/p>\n<ol>\n<li>\u82b1\u513f\u6b63\u5728\u76db\u5f00\u3002<\/li>\n<li>\u4ed6\u9001\u7ed9\u5979\u4e00\u675f\u82b1\u3002<\/li>\n<li>\u88f4\u591a\u83f2\u6b7b\u4e8e\u98ce\u534e\u6b63\u8302\u7684\u9752\u5e74\u65f6\u4ee3\u3002<\/li>\n<li>\u6211\u5728\u90a3\u91cc\u770b\u89c1\u4e86\u51e0\u682a\u5f00\u82b1\u7684\u6843\u6811\u3002<\/li>\n<li>\u613f\u6211\u4eec\u4e24\u56fd\u4eba\u6c11\u7684\u53cb\u8c0a\u50cf\u9c9c\u82b1\u4e00\u6837\u76db\u5f00\u3002<\/li>\n<li>\u5982\u679c\u4eba\u6c11\u4eab\u6709\u8f83\u591a\u7684\u6b22\u4e50\uff0c\u4eba\u4eec\u5c31\u8bf4\u90a3\u4e2a\u56fd\u5bb6\u662f\u7e41\u8363\u660c\u76db\u7684\u3002<\/li>\n<li>\u90a3\u68f5\u6811\u7684\u5f00\u82b1\u671f\u8fdf\u3002<\/li>\n<li>\u5728\u751f\u706b\u53d6\u6696\u7684\u5c4b\u5b50\u91cc\u82b1\u513f\u51cb\u8c22\u5f97\u6bd4\u8f83\u5feb\u3002<\/li>\n<li>\u6458\u4e0b\u7684\u73ab\u7470\u82b1\u6ca1\u6709\u6c34\u5f88\u5feb\u5c31\u4f1a\u67af\u840e\u3002<\/li>\n<li>\u4e66\u9875\u4e2d\u5939\u7740\u51e0\u6735\u67af\u840e\u7684\u82b1\u3002<\/li>\n<li>\u6211\u4e0d\u559c\u6b22\u8fd9\u53ea\u4e0d\u65b0\u9c9c\u7684\u82f9\u679c\u3002<\/li>\n<li>\u5e55\u5e03\u5df2\u7ecf\u892a\u8272\u3002<\/li>\n<li>\u90a3\u8001\u592a\u592a\u4f38\u51fa\u5979\u5e72\u762a\u7684\u53cc\u81c2\u548c\u7626\u9aa8\u5d99\u5ccb\u7684\u53cc\u624b\u3002<\/li>\n<li>\u708e\u70ed\u7684\u592a\u9633\u4f7f\u82b1\u67af\u840e\u3002<\/li>\n<li>\u4ed6\u9010\u9875\u901a\u8bfb\u4e86\u8fd9\u672c\u4e66\u3002<\/li>\n<li>\u8fd9\u68f5\u82f9\u679c\u6811\u7684\u6811\u679d\u88ab\u679c\u5b9e\u538b\u5f2f\u4e86\u3002<\/li>\n<li>\u7cbe\u901a\u6240\u6709\u5b66\u79d1\u7684\u535a\u58eb\u8fd8\u672a\u66fe\u6709\u8fc7\u3002<\/li>\n<li>\u8fd9\u4e9b\u5c31\u662f\u5c71\u7684\u652f\u8109\u3002<\/li>\n<li>\u901a\u5411\u90a3\u5ea7\u57ce\u5e02\u7684\u8def\u5728\u8fd9\u91cc\u548c\u5927\u8def\u5206\u5c94\u3002<\/li>\n<li>\u4e16\u754c\u8bed\u8fd0\u52a8\u5df2\u5728\u6211\u5e02\u5f00\u59cb\u53d1\u5c55\u3002<\/li>\n<li>\u4e0d\u64ad\u79cd\u5c31\u4e0d\u4f1a\u6709\u6536\u83b7\u3002\uff08\u8c1a\u8bed\uff09\uff08Pe\u0109jo\u7684\u610f\u601d\u662f\u5e7c\u5e74\u7684\u5f7c\u5f97\u3002\uff09<\/li>\n<li>\u8c01\u64ad\u4e0b\u4e0d\u4e49\uff0c\u8c01\u5c31\u53d7\u5230\u8d23\u9a82\u3002<\/li>\n<li>\u6211\u5e0c\u671b\u4f60\u505c\u6b62\u5728\u6211\u4eec\u4e4b\u95f4\u6563\u5e03\u4e0d\u548c\u3002<\/li>\n<li>\u5c0f\u9ea6\u6536\u5272\u4ee5\u540e\u4eba\u4eec\u5c31\u5c3d\u60c5\u6b22\u4e50\u3002<\/li>\n<li>\u4ed6\u9664\u4e86\u5f97\u5230\u5fd8\u6069\u8d1f\u4e49\u4e4b\u5916\uff0c\u4ec0\u4e48\u4e5f\u6ca1\u6709\u5f97\u5230\u3002<\/li>\n<li>\u8fd9\u4f4d\u6f14\u8bf4\u5bb6\u83b7\u5f97\u4e86\u5de8\u5927\u6210\u529f\u3002<\/li>\n<li>\u4eba\u96be\u9053\u53ef\u4ee5\u50cf\u690d\u7269\u4e00\u6837\u8fc7\u5355\u8c03\u7684\u751f\u6d3b\uff1f<\/li>\n<li>\u4eba\u4eec\u5728\u5df4\u9ece\u751f\u6d3b\u4e30\u5bcc\u591a\u5f69\uff0c\u5728\u5916\u7701\u751f\u6d3b\u5355\u8c03\u5446\u677f\u3002<\/li>\n<li>\u4ed6\u4eec\u5728\u6781\u7aef\u611a\u6627\u65e0\u77e5\u7684\u72b6\u6001\u4e2d\u751f\u6d3b\u3002<\/li>\n<li>\u6ca1\u6709\u4ec0\u4e48\u6bd4\u5728\u4e0e\u4e16\u9694\u7edd\u7684\u60c5\u51b5\u4e0b\u65e0\u58f0\u65e0\u606f\u5730\u751f\u6d3b\u66f4\u7cdf\u7684\u4e86\u3002<\/li>\n<\/ol>\n<p>&nbsp;<\/p>\n<ol>\n<li>\u8bf4\u51fa\u4e0b\u5217\u5404\u7ec4\u53e5\u5b50\u5728\u610f\u601d\u4e0a\u7684\u7ec6\u5fae\u5dee\u522b\uff1a<\/li>\n<li>\u6211\u6ca1\u6709\u5199\u4fe1\u3002 \u6211\u5199\u7684\u4e0d\u662f\u4fe1\u3002 \u4e0d\u662f\u6211\u5199\u7684\u4fe1\u3002<\/li>\n<li>\u6211\u5b8c\u5168\u4e0d\u76f8\u4fe1\u90a3\u4ef6\u4e8b\u3002 \u6211\u4e0d\u5b8c\u5168\u76f8\u4fe1\u90a3\u4ef6\u4e8b\u3002<\/li>\n<li>\u6211\u6628\u5929\u53ea\u8bfb\u4e66\u3002 \u6628\u5929\u53ea\u6709\u6211\u8bfb\u4e66\u3002 \u6211\u53ea\u5728\u6628\u5929\u8bfb\u4e66\u3002<\/li>\n<li>\u8fde\u4ed6\u90fd\u5632\u7b11\u90a3\u4ef6\u4e8b\u3002 \u4ed6\u8fde\u90a3\u4ef6\u4e8b\u90fd\u5632\u7b11\u3002 \u4ed6\u751a\u81f3\u5632\u7b11\u90a3\u4ef6\u4e8b\u3002<\/li>\n<li>\u8fde\u4ed6\u90fd\u628a\u4fe1\u7ed9\u6211\u770b\u4e86\u3002 \u4ed6\u628a\u4fe1\u751a\u81f3\u62ff\u7ed9\u6211\u770b\u4e86\u3002 \u4ed6\u628a\u4fe1\u751a\u81f3\u4e5f\u7ed9\u6211\u770b\u4e86\u3002 \u4ed6\u751a\u81f3\u628a\u4fe1\u90fd\u7ed9\u6211\u770b\u4e86\u3002<\/li>\n<li>\u6211\u81f3\u5c11\u9700\u8981\u4e09\u5c0f\u65f6\uff08\u5f3a\u8c03tri horojn\uff09\u3002 \u81f3\u5c11\u6211\u9700\u8981\u4e09\u5c0f\u65f6\uff08\u5f3a\u8c03mi\uff09\u3002<\/li>\n<li>\uff08\u9664\u522b\u4eba\u6b3e\u5f85\u4f60\u4e4b\u5916\uff09\u6211\u4e5f\u8981\u6b3e\u5f85\u4f60\uff08\u5f3a\u8c03mi\uff09\u3002 \uff08\u9664\u6b3e\u5f85\u522b\u4eba\u5916\uff09\u6211\u4e5f\u8981\u6b3e\u5f85\u4f60\uff08\u5f3a\u8c03vin\uff09\u3002 \uff08\u9664\u522b\u7684\u4e8b\u5916\uff09\u6211\u8fd8\u8981\u6b3e\u5f85\u4f60\uff08\u5f3a\u8c03regalos\uff09\u3002<\/li>\n<li>\uff08\u9664\u4e86\u4f4f\u5728\u522b\u7684\u5730\u65b9\u5916\uff09\u6211\u4e5f\u4f4f\u5728\u90a3\u91cc\uff08\u5f3a\u8c03tie\uff09\u3002 \uff08\u9664\u4e86\u522b\u4eba\u5916\uff09\u6211\u4e5f\u4f4f\u5728\u90a3\u91cc\uff08\u5f3a\u8c03mi\uff09\u3002 \u00a0\u6211\uff08\u4e0d\u4f46\u5728\u90a3\u91cc\u5de5\u4f5c\u800c\u4e14\uff09\u4e5f\u4f4f\u5728\u90a3\u91cc\uff08\u5f3a\u8c03lo\u011das\uff09\u3002<\/li>\n<li>\u516b\u70b9\u949f\u65f6\u6240\u6709\u4eba\u90fd\u51e0\u4e4e\u505a\u5b8c\u5de5\u4f5c\u3002 \u516b\u70b9\u949f\u65f6\u51e0\u4e4e\u6240\u6709\u4eba\u90fd\u505a\u5b8c\u5de5\u4f5c\u3002 \u5c06\u8fd1\u516b\u70b9\u949f\u65f6\u6240\u6709\u4eba\u90fd\u505a\u5b8c\u5de5\u4f5c\u3002<\/li>\n<li>\u6211\u4eec\u5728\u8fd9\u91cc\u53ea\u8bb2\u4e16\u754c\u8bed\uff08\u5f3a\u8c03paroli\uff09\u3002 \u6211\u4eec\u5728\u8fd9\u91cc\u53ea\u8bb2\u4e16\u754c\u8bed\uff08\u800c\u4e0d\u8bb2\u522b\u7684\u8bed\u8a00\uff09\u3002 \u5728\u8fd9\u91cc\u53ea\u6709\u6211\u4eec\u8bb2\u4e16\u754c\u8bed\u3002 \u6211\u4eec\u53ea\u5728\u8fd9\u91cc\u8bb2\u4e16\u754c\u8bed\u3002<\/li>\n<\/ol>\n<p>&nbsp;<\/p>\n<ol>\n<li>\u4e0b\u5217\u5404\u53e5\u5728\u8bcd\u5e8f\u5b89\u6392\u4e0a\u90fd\u4e0d\u591f\u5b8c\u6ee1\u3002\u8bf7\u6839\u636e\u4f60\u5bf9\u53e5\u610f\u7684\u7406\u89e3\u9002\u5f53\u8c03\u6574\u8bcd\u5e8f\uff0c\u4f7f\u53e5\u5b50\u66f4\u52a0\u5b8c\u7f8e\u3002<\/li>\n<\/ol>\n<p>\uff08\u4e0b\u9762\u53ea\u63d0\u4f9b\u4e00\u79cd\u53c2\u8003\u7b54\u6848\u3002\u5b9e\u9645\u4e0a\u53e5\u5b50\u7684\u8bcd\u5e8f\u53ef\u4ee5\u6709\u591a\u79cd\u4e0d\u540c\u7684\u5b89\u6392\uff0c\u4e0d\u540c\u7684\u8bcd\u5e8f\u53ef\u4f7f\u53e5\u610f\u548c\u4fee\u8f9e\u8272\u5f69\u4ea7\u751f\u4e0d\u540c\u7684\u7ec6\u5fae\u5dee\u522b\u3002\uff09<\/p>\n<ol>\n<li>Mi renkontis lian fratinon sur la strato.<\/li>\n<li>Tiu libro estas treege interesa.<\/li>\n<li>Nun mi jam komprenas la tekston.<\/li>\n<li>En Finnlando la vintro estas longa.<\/li>\n<li>Tio mi ne kredas, respondis la patro de Johano.<\/li>\n<li>Oni akceptis la proponon faritan de Petro.<\/li>\n<li>Mi renkontis ne lin, sed lian fraton.<\/li>\n<li>En diman\u0109o oni devas ne labori, sed ripozi.<\/li>\n<li>Mi pruntedonis al li mian novan vortaron.<\/li>\n<li>Jam velkis la floroj kaj herboj sur la kampoj.<\/li>\n<\/ol>\n<p>&nbsp;<\/p>\n<ol>\n<li>\u5c06\u4e0b\u5217\u53e5\u5b50\u8bd1\u6210\u6c49\u8bed\uff0c\u6ce8\u610f\u53e5\u4e2d\u4ecb\u8bcd\u7684\u7528\u6cd5\uff1a<\/li>\n<\/ol>\n<p>PO<\/p>\n<ol>\n<li>\u6211\u7ed9\u6211\u7684\u4e09\u4e2a\u5b69\u5b50\u4e70\u4e86\u4e5d\u4e2a\u82f9\u679c\uff0c\u7ed9\u4e86\u4ed6\u4eec\u6bcf\u4eba\u4e09\u4eba\u3002<\/li>\n<li>\u8fd9\u672c\u4e66\u670960\u9875\uff0c\u56e0\u6b64\uff0c\u5982\u679c\u6211\u6bcf\u5929\u8bfb15\u9875\uff0c\u6211\u5c06\u5728\u56db\u5929\u5185\u8bfb\u5b8c\u5168\u4e66\u3002<\/li>\n<li>\u6211\u4eec\u6bcf\u5929\u5750\u8f66\u8d7050\u516c\u91cc\u3002<\/li>\n<li>\u5bbe\u5ba2\u6bcf\u4eba\u559d\u4e86\u4e00\u5c0f\u676f\u8461\u8404\u9152\u3002<\/li>\n<li>\u8fd9\u8863\u65995\u5143\u94b1\u4e00\u7c73\u3002<\/li>\n<\/ol>\n<p>POR<\/p>\n<ol>\n<li>\u6211\u7ed9\u4f60\u8981\u4e86\u4e00\u676f\u5496\u5561\u3002<\/li>\n<li>\u8fd9\u662f\u5ba2\u623f\u3002<\/li>\n<li>\u4ed6\u88ab\u8bf7\u6765\u5531\u6b4c\u3002<\/li>\n<li>\u7528\u91d1\u5b50\u505a\u6210\u7684\u5de5\u5177\u662f\u4e07\u80fd\u7684\u3002\uff08\u8c1a\u8bed\uff09<\/li>\n<li>\u4ed6\u82b1\u4e24\u6cd5\u90ce\u4e3a\u59bb\u5b50\u4e70\u4e86\u4e00\u4e9b\u82b1\u3002<\/li>\n<li>\u4ed6\u4e70\u8fd9\u4e9b\u82b1\u82b1\u4e86\u4e24\u6cd5\u90ce\u3002<\/li>\n<li>\u6211\u9884\u8ba2\u4e86\u4e00\u5e74\u7684\u300a\u4e2d\u56fd\u62a5\u9053\u300b\u6742\u5fd7\u3002<\/li>\n<li>\u8fd9\u4ef6\u8863\u670d\u5356\u8fd9\u4e2a\u4ef7\u94b1\u4e0d\u8d35\u3002<\/li>\n<li>\u4f60\u5230\u6211\u8fd9\u91cc\u6765\u5e72\u4ec0\u4e48\uff1f\u96be\u9053\u53ea\u4e3a\u4e86\u548c\u6211\u804a\u5929\u5417\uff1f<\/li>\n<li>\u4e8c\u5341\u4e94\u4e2a\u6210\u5458\u6295\u7968\u8d5e\u6210\u8fd9\u9879\u63d0\u8bae\uff0c\u53ea\u6709\u5341\u4e2a\u6210\u5458\u6295\u7968\u53cd\u5bf9\u3002<\/li>\n<li>\u4ed6\u4eec\u65e0\u8bdd\u53ef\u8bf4\u3002<\/li>\n<li>\u4ed6\u592a\u9a84\u50b2\u4e86\uff0c\u4e0d\u542c\u6211\u7684\u529d\u544a\u3002<\/li>\n<li>\u6211\u628a\u5371\u9669\u5f53\u6210\u4e86\u513f\u620f\u3002<\/li>\n<li>\u8fd9\u5bf9\u6211\u662f\u5f88\u5927\u7684\u635f\u5931\u3002<\/li>\n<li>\u8fd9\u4e00\u5929\u5c06\u6c38\u8fdc\u503c\u5f97\u6211\u6000\u5ff5\u3002<\/li>\n<li>\u8bf7\u628a\u4f60\u7684\u4e66\u501f\u7ed9\u6211\u770b\u4e00\u4f1a\u513f\u3002<\/li>\n<li>\u6211\u6c38\u8fdc\u662f\u4f60\u7684\u670b\u53cb\u3002<\/li>\n<li>\u4f60\u73b0\u5728\u8981\u52e4\u594b\u5b66\u4e60\uff0c\u4ee5\u4fbf\u660e\u5929\u80fd\u5bf9\u7956\u56fd\u7684\u56db\u4e2a\u73b0\u4ee3\u5316\u4f5c\u66f4\u5927\u7684\u8d21\u732e\u3002<\/li>\n<\/ol>\n<p>&nbsp;<br \/>\nPOST<\/p>\n<ol>\n<li>\u98ce\u96e8\u8fc7\u540e\u9633\u5149\u683c\u5916\u707f\u70c2\uff1b\u96e8\u8fc7\u5929\u6674<\/li>\n<li>\u5927\u98ce\u6162\u6162\u5e73\u606f\u4e0b\u6765<\/li>\n<li>\u4ed6\u8eb2\u5728\u5e55\u5e03\u540e\u9762<\/li>\n<li>\u5979\u8fde\u906d\u4e0d\u5e78<\/li>\n<li>\u4ed6\u968f\u624b\u5173\u95e8<\/li>\n<\/ol>\n<p>&nbsp;<br \/>\nPRETER<\/p>\n<ol>\n<li>\u4ed6\u6211\u8eab\u65c1\u8d70\u8fc7\uff0c\u6ca1\u6709\u548c\u6211\u6253\u62db\u547c\u3002<\/li>\n<li>\u8fd9\u6761\u6cb3\u4ece\u5c0f\u6751\u65c1\u7ed5\u8fc7\u3002<\/li>\n<li>\u8fd9\u6761\u6cb3\u4ece\u6211\u5e02\u5e02\u90ca\u6d41\u8fc7\u3002<\/li>\n<li>\u4ed6\u6ca1\u6709\u5c04\u4e2d\u76ee\u6807\u3002<\/li>\n<\/ol>\n<p>PRI<\/p>\n<ol>\n<li>\u5979\u5728\u548c\u4ed6\u8c08\u4e00\u4ef6\u91cd\u8981\u7684\u4e8b\u3002<\/li>\n<li>\u4ed6\u662f\u6587\u5b66\u6559\u6388\u3002<\/li>\n<li>\u6177\u4ed6\u4eba\u4e4b\u6168\u3002\uff08\u8c1a\u8bed\u3002\u76f4\u8bd1\u4e3a\uff1a\u4eba\u4eec\u5bf9\u90bb\u4eba\u7684\u8d22\u4ea7\u662f\u6177\u6168\u7684\u3002\uff09<\/li>\n<li>\u53ea\u6709\u978b\u624d\u77e5\u9053\u889c\u5b50\u6709\u6d1e\u3002\uff08\u8c1a\u8bed\uff09<\/li>\n<li>\u8c01\u5bf9\u5077\u7a83\u6c89\u9ed8\uff0c\u8c01\u5c31\u8d5e\u540c\u5077\u7a83\u3002\uff08\u8c1a\u8bed\uff09<\/li>\n<\/ol>\n<p>PRO<\/p>\n<ol>\n<li>\u5979\u56e0\u60a3\u611f\u5192\u5fc5\u987b\u6574\u5929\u8eba\u5728\u5e8a\u4e0a\u3002<\/li>\n<li>\u6811\u591a\u4e0d\u89c1\u6797\u3002\uff08\u8c1a\u8bed\uff09<\/li>\n<li>\u4ed6\u4eec\u7b11\u4ed6\u5929\u771f\u3002<\/li>\n<li>\u8ba9\u6211\u4eec\u4e3e\u676f\u795d\u6211\u4eec\u7684\u7237\u7237\u5065\u5eb7\u3002<\/li>\n<li>\u4ed6\u95ee\u5979\u4e3a\u4ec0\u4e48\u54ed\uff1f<\/li>\n<li>\u5f7c\u5f97\u82b1\u4e00\u767e\u6cd5\u90ce\u4e70\u4e86\u8fd9\u5934\u725b\u3002<\/li>\n<li>\u4ed6\u4eec\u95ee\u4ed6\u90a3\u5339\u9a6c\u8981\u5356\u591a\u5c11\u94b1\u3002<\/li>\n<\/ol>\n<p>&nbsp;<\/p>\n<ol>\n<li>\u8bf4\u51fa\u4e0b\u5217\u6d3e\u751f\u8bcd\u7684\u610f\u601d\uff08\u53ef\u67e5\u9605\u8bcd\u5178\uff09\uff1a\uff08\u7b54\u6848\u7565\uff09<\/li>\n<\/ol>\n<p>&nbsp;<br \/>\nVII. \u4e0b\u4e0b\u5217\u77ed\u6587\u7a7a\u767d\u5904\u586b\u5165\u9002\u5f53\u7684\u4ecb\u8bcd\uff1a<br \/>\nen, \u00a0al, \u00a0en, \u00a0en, \u00a0en, \u00a0tra, \u00a0post, \u00a0sur, \u00a0da, \u00a0En, \u00a0el, \u00a0de, \u00a0per, \u00a0\u0109e, \u00a0sur, \u00a0al, \u00a0sur, \u00a0de, \u00a0sur<br \/>\n&nbsp;<br \/>\n\u8fd4\u56de<a href=\"https:\/\/reto.cn\/php\/hanyu\/wangchongfang_mezgrada_kurso\/helpilo\/\">\u300a\u738b\u5d07\u82b3\u4e16\u754c\u8bed\u5b9e\u7528\u4e2d\u7ea7\u8bfe\u672c\u300b\u5b66\u4e60\u8f85\u5bfc\u76ee\u5f55<\/a>\t\t<\/p>\n","protected":false},"excerpt":{"rendered":"<p>\u7b2c\u5341\u4e5d\u8bfe \u7b2c\u5341\u4e5d\u8bfe\u8bfe\u6587\u53c2\u8003\u8bd1\u6587 &nbsp; A \u690d\u7269 \u5728\u519c\u6751\u4eba\u4eec\u51e0\u4e4e\u5230\u5904\u770b\u5230\u690d\u7269\uff0c\u5373\u4e54\u6728\u3001\u704c\u6728\u3001\u8349\u672c\u690d\u7269\u3001\u83cc\u2026 <span class=\"read-more\"><a href=\"https:\/\/reto.cn\/php\/hanyu\/wangchongfang_mezgrada_kurso\/helpilo\/kurso_19\/\">\u7ee7\u7eed\u9605\u8bfb Legi pli &raquo;<\/a><\/span><\/p>\n","protected":false},"author":1,"featured_media":0,"parent":5162,"menu_order":31,"comment_status":"closed","ping_status":"closed","template":"","meta":{"footnotes":""},"_links":{"self":[{"href":"https:\/\/reto.cn\/php\/hanyu\/wp-json\/wp\/v2\/pages\/5297"}],"collection":[{"href":"https:\/\/reto.cn\/php\/hanyu\/wp-json\/wp\/v2\/pages"}],"about":[{"href":"https:\/\/reto.cn\/php\/hanyu\/wp-json\/wp\/v2\/types\/page"}],"author":[{"embeddable":true,"href":"https:\/\/reto.cn\/php\/hanyu\/wp-json\/wp\/v2\/users\/1"}],"replies":[{"embeddable":true,"href":"https:\/\/reto.cn\/php\/hanyu\/wp-json\/wp\/v2\/comments?post=5297"}],"version-history":[{"count":0,"href":"https:\/\/reto.cn\/php\/hanyu\/wp-json\/wp\/v2\/pages\/5297\/revisions"}],"up":[{"embeddable":true,"href":"https:\/\/reto.cn\/php\/hanyu\/wp-json\/wp\/v2\/pages\/5162"}],"wp:attachment":[{"href":"https:\/\/reto.cn\/php\/hanyu\/wp-json\/wp\/v2\/media?parent=5297"}],"curies":[{"name":"wp","href":"https:\/\/api.w.org\/{rel}","templated":true}]}}