{"id":5591,"date":"2019-05-24T22:00:35","date_gmt":"2019-05-24T14:00:35","guid":{"rendered":"http:\/\/reto.cn\/php\/hanyu\/?page_id=5591"},"modified":"2022-07-09T19:48:41","modified_gmt":"2022-07-09T11:48:41","slug":"antauklarigo","status":"publish","type":"page","link":"https:\/\/reto.cn\/php\/hanyu\/paso_al_plena_posedo\/antauklarigo\/","title":{"rendered":"\u524d\u8a00 Anta\u016dklarigo"},"content":{"rendered":"<div class=\"page\">\n<div class=\"text\">\n<p>\u9ad8\u7ea7\u4e16\u754c\u8bed\u6559\u7a0b\u00a0 \u524d\u8a00<\/p>\n<h1>Pa\u015doj al plena posedo<\/h1>\n<div>\n<div class=\"page\">\n<div class=\"text\">\n<div>\n<div class=\"page\">\n<div class=\"text\">\n<h2 style=\"text-align: center;\">ANTA\u016cKLARIGO<\/h2>\n<p>Tiu \u0109i libro estas planita tiel, ke \u0109iun &#8220;pa\u015don&#8221; la studanto komencu per legado de la lega\u0135o. Kiam li renkontas vorton, kiun li ne konas, a\u016d kies signifon li ne povas diveni la\u016d la kunteksto, nur tiam li sin turnu al la sekcio &#8220;Vortaro&#8221;, kaj pere de la klarigo tie donita li klopodu kompreni la sencon de la vorto en \u011dia aktuala kunteksto. Nur en okazo de absoluta bezono, a\u016d eventuale por kontroli sian koncepton pri la signifo de la vorto, li sin turnu al nacilingva vortaro. <span class=\"rem\">(La difinoj en tiu \u0109i libro ne celas esti kompletaj kaj definitivaj \u2014 tio ja estas la tasko de la vortaristoj; ili celas nur ebligi al la studanto kompreni\u011don pri la kuntekste uzita vorto.)<\/span><\/p>\n<p>La celo de tiu \u0109i agmaniero estas: liberi\u011di kiel eble plej komplete el la katenoj de la nacilingva pensado. Kompreneble, se temas pri arbnomoj <span class=\"rem\">(ekzemple)<\/span> li eble devos konsulti vortaron anta\u016d ol scii, pri kiu arbo fakte temas. Finkompreninte la lega\u0135on, li povas fari la lingvajn ekzercojn de tiu &#8220;pa\u015do&#8221;.<\/p>\n<p style=\"text-align: left;\">En la komenco mi supozas \u0109e la studanto posedon de la gramatiko kaj elementan vortprovizon de \u0109. 700 vortoj <span class=\"rem\">(precize, tiuj en \u201cEsperanto &#8211; A New Approach\u201d; sed \u011denerale tiuj vortoj estos pli-malpli komunaj al \u0109iuj studintoj en elementa kurso)<\/span>. En tiu \u0109i libro estas klarigataj 1.682 vortoj; kun la elementa vortaro, do, la studanto en la fino devus disponi pri \u0109. 2.400 radikoj. Post la unuaj lecionoj, la sperta esperantisto eble rimarkos, ke kelkfoje la vortprovizo de la lega\u0135o ne \u0109iam kongruas kun tiu de la ekzercoj; kelkfoje, ekzemple, vorto enkondukita en la ekzercoj aperas nur poste en la anta\u016dlega\u0135a vortaro. Tio okazas \u0109ar \u0109iun novan vorton en la lega\u0135o mi klarigas, sed nur por tiuj, kiuj volas tralegi la libron ignorante a\u016d lasante por posta tralaboro la ekzercojn. Mi anka\u016d supozas, ke neniu studanto plendos pri tro multe da klarigoj.<\/p>\n<p>Estas menciinde, ke la nombro da vortoj en la listoj ne indikas la malfacilecon de la teksto. \u0108iu studanto tuj rekonas certan nombron de la novaj vortoj \u2014 la preciza nombro dependos de lia lingvoscio \u2014 kaj ne bezonos sin turni al la klarigoj. La tekstoj estas aran\u011ditaj progresige, kaj ilia malfacileco estas \u011denerale gramatika a\u016d stilistika.<\/p>\n<p>La libro celas kaj kursojn kaj memlernantojn. Kursgvidantoj scios utiligi la donitan ekzercmaterialon la\u016d sia bontrovo. La devizo de la libro estas: Esperanton oni plej bone lernas per studado de bona Esperanto. La\u016deble evitu la nacian lingvon; komprenu en Esperanto, kaj vi pensos en Esperanto!<\/p>\n<div>\n<p>W. Auld,<br \/>\nDollar, la 25 an de a\u016dgusto, 1967.<\/p>\n<p>Enhavo Anta\u016dklarigo <a href=\"https:\/\/reto.cn\/php\/hanyu\/paso_al_plena_posedo\/paso-unua\">01<\/a> <a href=\"https:\/\/reto.cn\/php\/hanyu\/paso_al_plena_posedo\/paso-dua\">02<\/a> <a href=\"https:\/\/reto.cn\/php\/hanyu\/paso_al_plena_posedo\/paso-tria\">03<\/a> <a href=\"https:\/\/reto.cn\/php\/hanyu\/paso_al_plena_posedo\/paso-kvara\">04<\/a> <a href=\"https:\/\/reto.cn\/php\/hanyu\/paso_al_plena_posedo\/paso-kvina\">05<\/a> <a href=\"https:\/\/reto.cn\/php\/hanyu\/paso_al_plena_posedo\/paso-sesa\">06<\/a> <a href=\"https:\/\/reto.cn\/php\/hanyu\/paso_al_plena_posedo\/paso-sepa\">07<\/a> <a href=\"https:\/\/reto.cn\/php\/hanyu\/paso_al_plena_posedo\/paso-oka\">08<\/a> <a href=\"https:\/\/reto.cn\/php\/hanyu\/paso_al_plena_posedo\/paso-naua\">09<\/a> <a href=\"https:\/\/reto.cn\/php\/hanyu\/paso_al_plena_posedo\/paso-deka\">10<\/a> <a href=\"https:\/\/reto.cn\/php\/hanyu\/paso_al_plena_posedo\/paso-dekunua\">11<\/a> <a href=\"https:\/\/reto.cn\/php\/hanyu\/paso_al_plena_posedo\/paso-dekdua\">12<\/a> <a href=\"https:\/\/reto.cn\/php\/hanyu\/paso_al_plena_posedo\/paso-dektria\">13<\/a> <a href=\"https:\/\/reto.cn\/php\/hanyu\/paso_al_plena_posedo\/paso-dekkvara\">14<\/a> <a href=\"https:\/\/reto.cn\/php\/hanyu\/paso_al_plena_posedo\/paso-dekkvina\">15<\/a> <a href=\"https:\/\/reto.cn\/php\/hanyu\/paso_al_plena_posedo\/paso-deksesa\">16<\/a> <a href=\"https:\/\/reto.cn\/php\/hanyu\/paso_al_plena_posedo\/paso-deksepa\">17<\/a> <a href=\"https:\/\/reto.cn\/php\/hanyu\/paso_al_plena_posedo\/paso-dekoka\">18<\/a> <a href=\"https:\/\/reto.cn\/php\/hanyu\/paso_al_plena_posedo\/paso-deknaua\">19<\/a> <a href=\"https:\/\/reto.cn\/php\/hanyu\/paso_al_plena_posedo\/paso-dudeka\">20<\/a> <a href=\"https:\/\/reto.cn\/php\/hanyu\/paso_al_plena_posedo\/paso-dudukunua\">21<\/a> <a href=\"https:\/\/reto.cn\/php\/hanyu\/paso_al_plena_posedo\/paso-dudekdua\">22<\/a> <a href=\"https:\/\/reto.cn\/php\/hanyu\/paso_al_plena_posedo\/paso-dudektria\">23<\/a> <a href=\"https:\/\/reto.cn\/php\/hanyu\/paso_al_plena_posedo\/paso-dudekkvara\">24<\/a> <a href=\"https:\/\/reto.cn\/php\/hanyu\/paso_al_plena_posedo\/paso-dudekkvina\">25<\/a> <a href=\"https:\/\/reto.cn\/php\/hanyu\/paso_al_plena_posedo\/paso-dudeksesa\">26<\/a> <a href=\"https:\/\/reto.cn\/php\/hanyu\/paso_al_plena_posedo\/paso-dudeksepa\">27<\/a> <a href=\"https:\/\/reto.cn\/php\/hanyu\/paso_al_plena_posedo\/paso-dudekoka\">28<\/a> <a href=\"https:\/\/reto.cn\/php\/hanyu\/paso_al_plena_posedo\/paso-dudeknaua\">29<\/a> <a href=\"https:\/\/reto.cn\/php\/hanyu\/paso_al_plena_posedo\/paso-trideka\">30<\/a>\u00a0\u00a0<a href=\"https:\/\/reto.cn\/php\/hanyu\/paso_al_plena_posedo\/solvoj\">SOLVOJ<\/a> <a href=\"https:\/\/reto.cn\/php\/hanyu\/paso_al_plena_posedo\/por-pasi-pluen\/\">POR PA\u015cI PLUEN<\/a><\/p>\n<\/div>\n<\/div>\n<\/div>\n<\/div>\n<\/div>\n<\/div>\n<\/div>\n<\/div>\n<\/div>\n","protected":false},"excerpt":{"rendered":"<p>\u9ad8\u7ea7\u4e16\u754c\u8bed\u6559\u7a0b\u00a0 \u524d\u8a00 Pa\u015doj al plena posedo ANTA\u016cKLARIGO Tiu \u0109i l\u2026 <span class=\"read-more\"><a href=\"https:\/\/reto.cn\/php\/hanyu\/paso_al_plena_posedo\/antauklarigo\/\">\u7ee7\u7eed\u9605\u8bfb Legi pli &raquo;<\/a><\/span><\/p>\n","protected":false},"author":1,"featured_media":0,"parent":240,"menu_order":0,"comment_status":"open","ping_status":"closed","template":"","meta":{"footnotes":""},"_links":{"self":[{"href":"https:\/\/reto.cn\/php\/hanyu\/wp-json\/wp\/v2\/pages\/5591"}],"collection":[{"href":"https:\/\/reto.cn\/php\/hanyu\/wp-json\/wp\/v2\/pages"}],"about":[{"href":"https:\/\/reto.cn\/php\/hanyu\/wp-json\/wp\/v2\/types\/page"}],"author":[{"embeddable":true,"href":"https:\/\/reto.cn\/php\/hanyu\/wp-json\/wp\/v2\/users\/1"}],"replies":[{"embeddable":true,"href":"https:\/\/reto.cn\/php\/hanyu\/wp-json\/wp\/v2\/comments?post=5591"}],"version-history":[{"count":0,"href":"https:\/\/reto.cn\/php\/hanyu\/wp-json\/wp\/v2\/pages\/5591\/revisions"}],"up":[{"embeddable":true,"href":"https:\/\/reto.cn\/php\/hanyu\/wp-json\/wp\/v2\/pages\/240"}],"wp:attachment":[{"href":"https:\/\/reto.cn\/php\/hanyu\/wp-json\/wp\/v2\/media?parent=5591"}],"curies":[{"name":"wp","href":"https:\/\/api.w.org\/{rel}","templated":true}]}}