{"id":5599,"date":"2019-05-24T22:19:56","date_gmt":"2019-05-24T14:19:56","guid":{"rendered":"http:\/\/reto.cn\/php\/hanyu\/?page_id=5599"},"modified":"2022-01-31T15:03:37","modified_gmt":"2022-01-31T07:03:37","slug":"paso-unua","status":"publish","type":"page","link":"https:\/\/reto.cn\/php\/hanyu\/paso_al_plena_posedo\/paso-unua\/","title":{"rendered":"\u7b2c1\u8bfe Pa\u015do Unua"},"content":{"rendered":"<p>\u9ad8\u7ea7\u4e16\u754c\u8bed\u6559\u7a0b\u00a0 \u7b2c1\u8bfe<\/p>\n<h1>Pa\u015doj al plena posedo<\/h1>\n<h2 style=\"text-align: center;\">PA\u015cO UNUA<\/h2>\n<h1>VORTARO<\/h1>\n<p><b>AGO<\/b>: io, kion oni faras.<br \/>\n<b>BENZINO<\/b>: hejta\u0135o por irigi a\u016dtomobilon.<br \/>\n<b>CERTA<\/b>: malhezitema.<br \/>\n<b>DANA<\/b>: rilata al la lando Danujo.<br \/>\n<b>DATO<\/b>: tago, en rilato al la tempo.<br \/>\n<b>EFEKTIVA<\/b>: reala.<br \/>\n<b>FABELO<\/b>: historio pri mirigaj okaza\u0135oj.<br \/>\n<b>FERIO<\/b>: libertempo.<br \/>\n<b>FIDI<\/b>: plenkredi pri iu al io.<br \/>\n<b>FROSTI<\/b> : esti tre malvarma.<br \/>\n<b>FROTI<\/b>: preme movi ion sur io alia.<br \/>\n<b>GLASO<\/b>: ujo, el kiu oni drinkas.<br \/>\n<b>GLITI<\/b>: facile movigi sur grasa supra\u0135o.<br \/>\n<b>HEJTI<\/b>: varmigi \u0109ambron a\u016d lo\u011dejon.<br \/>\n<b>JAKO<\/b>: vesta\u0135o por la supra parto de la korpo.<br \/>\n<b>KONSIDERI<\/b>: zorge atenti ion.<br \/>\n<b>KAPTI<\/b>: ekteni.<br \/>\n<b>KOSTO<\/b>: pago necesa por ricevi ion.<br \/>\n<b>LITO<\/b>: a\u0135o, sur kiu oni dormas.<br \/>\n<b>MARMORO<\/b>: bela blanka \u015dtono.<br \/>\n<b>MATERIALO<\/b>: Kruda\u0135o necesa por plenumi ion.<br \/>\n<b>MEDITI<\/b>: pripensadi.<br \/>\n<b>METROPOLO<\/b>: granda urbego.<br \/>\n<b>MODERNA<\/b>: nuntempa.<br \/>\n<b>MODESTA<\/b>: malfiera.<br \/>\n<b>NU<\/b>: vorto uzata por atentigi pri tio, kio sekvos.<br \/>\n<b>ORDINARA<\/b>: kutima.<br \/>\n<b>PA\u016cZO<\/b>: mallonga hezito.<br \/>\n<b>PUTO<\/b>: subterejo, el kiu oni levprenas kutime akvon.<br \/>\n<b>PROVIZI<\/b>: havigi necesa\u0135ojn.<br \/>\n<b>RAKONTI<\/b>: diri historion.<br \/>\n<b>RANO<\/b>: vivanta\u0135eto, kiu lo\u011das sambone teron kaj akvon.<br \/>\n<b>RIPOZI<\/b>: resti nenion faranta, eble dormanta.<br \/>\n<b>RULI<\/b>: \u0109irka\u016dmove anta\u016denigi ion.<br \/>\n<b>SOBRA<\/b>: malebria.<br \/>\n<b>SPECIALA<\/b>: intencata por unu celo.<br \/>\n<b>SUPOZI<\/b>: kredi ion vera.<br \/>\n<b>\u015cULTRO<\/b>: plej supra trunkoparto.<br \/>\n<b>\u015cVEBI<\/b>: resti senmove pendanta, kvaza\u016d fluge.<br \/>\n<b>TERURO<\/b>: timego.<br \/>\n<b>UR\u011cI<\/b>: plirapidigi.<br \/>\n<b>VOJA\u011cI<\/b>: iri a\u016d veturi por atingi lokon ne proksiman.<\/p>\n<h1>LEGA\u0134O<\/h1>\n<h2>TRE MODERNA FABELO<\/h2>\n<p>Tiun \u0109i eksterordinaran kaj fre\u015ddatan fabelon mi nur peras transigante la respondecon al mia tre fidinda amiko \u2014 ni nomu lin Sen Dubo \u2014 kiu la unuan fojon rakontis \u011din \u0109e blanka tablo, kie ne mankis glasoj.<\/p>\n<p>&#8220;A\u016ddu nur&#8221; \u2014 diris Sen. &#8220;Mia amiko, Ripsrops, veturis anta\u016d nelonge per sia beleta \u0109aro, vi scias, tiu Mercedes, inter Ar\u0125angelsk kaj Kopenhago sur la \u015doseo. Sed li jam ne estis malproksime de Kopenhago, kiam \u0109e benzinputo, post kiam li a\u0109etis hejtmaterialon kaj dum la agado de la benzinulo, li iom promenis. Subite li a\u016ddis vo\u0109on sub si:<\/p>\n<p>&#8220;Sinjoro Ripsrops, sinjoro, bonvolu atendi&#8230;&#8221;<\/p>\n<p>Ripsrops rigardis malsupren kaj vidis ranon ruli\u011dantan al li. Li ne estas speciala \u015datanto de ranoj, sed io kaptis lin en la afero.<\/p>\n<p>&#8220;\u0108u mi komprenas rane? Kaj \u0109u vi povas paroli? \u0108u vi konas min?&#8221;<\/p>\n<p>La rano respondis:<\/p>\n<p>&#8220;Jes, kara sinjoro Ripsrops, mi povas paroli, sed mi ne parolas rane, sed dane. Mi petas vin, sinjoro Ripsrops&#8230; Mi frostas. Metu min en vian po\u015don. \u0108u mi rajtas kunveturi al Kopenhago? Por bonfaro vi ricevos bonon!&#8221;<\/p>\n<p>Ripsrops tre miris, precipe, ke la rano frostas, kiam estas varme, sed rano estas rano, kaj \u0109ar la petita varmo ne kostos al li elspezojn, li metis la ranon en sian po\u015don. <span class=\"rem\">(&#8230; Kion vi diras? Jes&#8230; Jes, li estis sobra kiel mi.)<\/span><\/p>\n<p>lom post iom la rano i\u011dis hejmeca de Ripsrops. \u011ci petis e\u0109 man\u011don kaj iom da akvo, kiujn Ripsrops, kiu konsideris la ranon cetere tre modesta, donis al sia kunvoja\u011danto. Tiel ili alvenis vespere al la metropolo, e\u0109 al la lo\u011dejo de Ripsrops, \u0109ar la rano petis ripozlokon. Ripsrops malfermis la pordon de sia lo\u011dejo kaj tiam la rano denove ekparolis:<\/p>\n<p>&#8220;Kara sinjoro Ripsrops, mi estas tiel dormema. \u0108u mi rajtus dormi en tiu lito?&#8221;<\/p>\n<p>Ripsrops ekmeditis. Estis la unua fojo, ke iu fremdulo volis dormi en ilia familia lito, sed efektive sinjorino Ripsrops estis for kaj tiu \u0109i mirinda rano estis tiel dormema. Li metis la ranon en la apudan liton kaj demetis sian jakon kaj komencis pretigi sin por la nokta trankvilo. Li volis jam mallumigi, kiam li alrigardis la apudan liton kaj tiam li rimarkis, ke el la stranga rano fari\u011dis belega re\u011didino, kiu supozeble apena\u016d estis provizita per noktovestoj. Lia rigardo ekglitis sur la marmoraj \u015dultroj de la re\u011didino. Ripsrops tute teruri\u011dis. Li frotis la okulojn. La regidino alrigardis lin kaj diris:<\/p>\n<p>&#8220;Ri i-ips\u0109jo!&#8221;<\/p>\n<p>Sen Dubo, t.e. la rakontanto, nun faris longan pa\u016dzon kaj sekvis iom malcerte la \u015dvebon de la cigareda fumo.<\/p>\n<p>Mi ur\u011dis:<\/p>\n<p>&#8220;Nu, kiel estis poste?&#8221;<\/p>\n<p>Sen alrigardis min kaj diris:<\/p>\n<p>&#8220;\u0108u vi vere kredas tiun \u0109i historion?&#8221;<\/p>\n<p>&#8220;Kredi? Tute ne. Kial mi kredu?&#8221;<\/p>\n<p>&#8220;Nu anka\u016d sinjorino Ripsrops, kiu tiumomente realvenis neatendite el sia feriado en Polinezio kaj malfermis la pordon de la dormo\u0109ambro, ne kredis \u011din. E\u0109 ne unu vorton&#8230;&#8221;<\/p>\n<div>\n<p>F Szil\u00e1gyi<br \/>\n<span class=\"rem\">(el &#8216;Norda Prismo&#8217;)<\/span><\/p>\n<\/div>\n<h1><br clear=\"all\" \/>EKZERCOJ<\/h1>\n<p>1. Leginte la supran fabelon, respondu jenajn demandojn:<\/p>\n<div class=\"indent\">\n<p>1. Kion faris Sen Dubo kaj lia amiko anta\u016d ol tiu lasta rakontis la fabelon?<br \/>\n2. Kial Ripsrops haltigis sian a\u016dtomobilon proksime al Kopenhago?<br \/>\n3. Kiun lingvon parolis la rano?<br \/>\n4. &#8220;&#8230; la petita varmo ne kostos al li elspezojn.&#8221; Kion tiuj vortoj sciigas al ni pri Ripsrops?<br \/>\n5. Kion donis Ripsrops al la rano dumvoja\u011de?<br \/>\n6. Kial Ripsrops hezitis konsenti, ke la rano dormu \u0109e Ii?<br \/>\n7. Pro kiuj kialoj li fine konsentis?<br \/>\n8. Kio okazis al la rano dum Ripsrops pretigis sin por dormo?<br \/>\n9. Kiajn vestojn portis la re\u011didino?<br \/>\n10. Kio okazis anta\u016d ol Ripsrops povis enliti\u011di?<\/p>\n<\/div>\n<p>2. Jen estas kelkaj respondoj. Skribu la faritajn demandojn:<\/p>\n<div class=\"indent\">\n<p>1. Lia nomo estis Sen Dubo.<br \/>\n2. De Ar\u0125angelsk \u011dis Kopenhago.<br \/>\n3. Li iom promenis.<br \/>\n4. \u011ci promesis, ke li ricevos bonon.<br \/>\n5. \u0108ar estis varme.<br \/>\n6. Li metis \u011din en sian po\u015don.<br \/>\n7. En lia lito.<br \/>\n8. Li tute teruri\u011dis.<br \/>\n9. &#8220;Rri-ips\u0109jo!&#8221;<br \/>\n10. Ne, mi \u011din ne kredas.<\/p>\n<\/div>\n<p>3. Kion, la\u016d via opinio, diris s-ino Ripsrops al sia edzo, kiam li rakontis sian historion? <span class=\"rem\">(Skribu detale!)<\/span><\/p>\n<p>4. En la sekvantaj frazoj, elektu la \u011dustan vorton inter krampoj:<\/p>\n<div class=\"indent\">\n<p>1. \u0108ar mi <span class=\"rem\">(SUPOZIS\/SUPOZIGIS)<\/span> lin fidinda, al li mi ne <span class=\"rem\">(SUPOZIS\/SUPOZIGIS)<\/span> la malveron.<br \/>\n2. \u0108ar mi volis mem <span class=\"rem\">(RIPOZI\/RIPOZIGI)<\/span>, mi klopodis <span class=\"rem\">(RIPOZI\/RIPOZIGI)<\/span> la infanon.<br \/>\n3. Viaj deziroj <span class=\"rem\">(EFEKTIVIGOS\/EFEKTIVI\u011cOS)<\/span> se vi scios mem <span class=\"rem\">(EFEKTIVIGI\/EFEKTIVI\u011cI)<\/span> ilin.<br \/>\n4. La fortegulo <span class=\"rem\">(TERURI\u011cIS\/TERURIS)<\/span> la vila\u011danojn; ili tiel <span class=\"rem\">(TERURI\u011cIS\/ TERURIS)<\/span>, ke ill forkuris.<br \/>\n5. Unue li <span class=\"rem\">(ENLITI\u011cIS\/ENLITIGIS)<\/span> siajn gefilojn, poste li <span class=\"rem\">(ENLITI\u011cIS\/ ENLITIGIS)<\/span> mem.<br \/>\n6. Tiu libro <span class=\"rem\">(DATAS\/DATI\u011cAS)<\/span> de la deka jarcento; fama historiisto <span class=\"rem\">(DATIS\/ DATIGIS)<\/span> \u011din.<br \/>\n7. Eksterle\u011duloj kaptis la vila\u011don; per do multaj havinda\u0135oj <span class=\"rem\">(KAPTIGIS\/KAPTI\u011cIS)<\/span>.<br \/>\n8. Kiam mi <span class=\"rem\">(ELPUTI\u011cIS\/ELPUTIGIS)<\/span> akvon, samtempe <span class=\"rem\">(ELPUTIGIS\/ELPUTI\u011cIS)<\/span> tri ranoj.<\/p>\n<\/div>\n<p>5. Jen estas kvin adjektivoj; substantivigu ilin, kaj uzu en frazoj:<\/p>\n<div class=\"indent\">\n<p>MODERNA MODESTA ORDINARA SOBRA CERTA.<\/p>\n<p><span class=\"rem\">(Ekzemple: EFEKTIVA &gt; efektivo = Kiam mi ricevis la atenditan surprizon, la efektivo mal\u011dojigis min.)<\/span>.<\/p>\n<\/div>\n<p>6. LA RANO FROSTAS, KIAM ESTAS VARME. Post &#8220;esti&#8221; kaj &#8220;i\u011di&#8221;, kiam mankas subjekto la predikativo havas adverban finafon <span class=\"rem\">(ne adjektivan)<\/span>. Skribu propoziciojn, kiuj enhavas jenajn frazojn:<\/p>\n<table border=\"0\" cellspacing=\"0\" cellpadding=\"2\">\n<tbody>\n<tr>\n<td>estis froste<\/td>\n<td>i\u011dis certe<\/td>\n<\/tr>\n<tr>\n<td>estos dan\u011dere<\/td>\n<td>i\u011das neeble<\/td>\n<\/tr>\n<tr>\n<td>estas malvarme<\/td>\n<td>i\u011dos ur\u011de<\/td>\n<\/tr>\n<tr>\n<td>estis nekontentige<\/td>\n<td>i\u011dis mallume<\/td>\n<\/tr>\n<tr>\n<td>estas \u011dojige<\/td>\n<td>i\u011das nedezirinde<\/td>\n<\/tr>\n<\/tbody>\n<\/table>\n<p>Enhavo <a href=\"https:\/\/reto.cn\/php\/hanyu\/paso_al_plena_posedo\/antauklarigo\">Anta\u016dklarigo<\/a> 01 <a href=\"https:\/\/reto.cn\/php\/hanyu\/paso_al_plena_posedo\/paso-dua\">02<\/a> <a href=\"https:\/\/reto.cn\/php\/hanyu\/paso_al_plena_posedo\/paso-tria\">03<\/a> <a href=\"https:\/\/reto.cn\/php\/hanyu\/paso_al_plena_posedo\/paso-kvara\">04<\/a> <a href=\"https:\/\/reto.cn\/php\/hanyu\/paso_al_plena_posedo\/paso-kvina\">05<\/a> <a href=\"https:\/\/reto.cn\/php\/hanyu\/paso_al_plena_posedo\/paso-sesa\">06<\/a> <a href=\"https:\/\/reto.cn\/php\/hanyu\/paso_al_plena_posedo\/paso-sepa\">07<\/a> <a href=\"https:\/\/reto.cn\/php\/hanyu\/paso_al_plena_posedo\/paso-oka\">08<\/a> <a href=\"https:\/\/reto.cn\/php\/hanyu\/paso_al_plena_posedo\/paso-naua\">09<\/a> <a href=\"https:\/\/reto.cn\/php\/hanyu\/paso_al_plena_posedo\/paso-deka\">10<\/a> <a href=\"https:\/\/reto.cn\/php\/hanyu\/paso_al_plena_posedo\/paso-dekunua\">11<\/a> <a href=\"https:\/\/reto.cn\/php\/hanyu\/paso_al_plena_posedo\/paso-dekdua\">12<\/a> <a href=\"https:\/\/reto.cn\/php\/hanyu\/paso_al_plena_posedo\/paso-dektria\">13<\/a> <a href=\"https:\/\/reto.cn\/php\/hanyu\/paso_al_plena_posedo\/paso-dekkvara\">14<\/a> <a href=\"https:\/\/reto.cn\/php\/hanyu\/paso_al_plena_posedo\/paso-dekkvina\">15<\/a> <a href=\"https:\/\/reto.cn\/php\/hanyu\/paso_al_plena_posedo\/paso-deksesa\">16<\/a> <a href=\"https:\/\/reto.cn\/php\/hanyu\/paso_al_plena_posedo\/paso-deksepa\">17<\/a> <a href=\"https:\/\/reto.cn\/php\/hanyu\/paso_al_plena_posedo\/paso-dekoka\">18<\/a> <a href=\"https:\/\/reto.cn\/php\/hanyu\/paso_al_plena_posedo\/paso-deknaua\">19<\/a> <a href=\"https:\/\/reto.cn\/php\/hanyu\/paso_al_plena_posedo\/paso-dudeka\">20<\/a> <a href=\"https:\/\/reto.cn\/php\/hanyu\/paso_al_plena_posedo\/paso-dudukunua\">21<\/a> <a href=\"https:\/\/reto.cn\/php\/hanyu\/paso_al_plena_posedo\/paso-dudekdua\">22<\/a> <a href=\"https:\/\/reto.cn\/php\/hanyu\/paso_al_plena_posedo\/paso-dudektria\">23<\/a> <a href=\"https:\/\/reto.cn\/php\/hanyu\/paso_al_plena_posedo\/paso-dudekkvara\">24<\/a> <a href=\"https:\/\/reto.cn\/php\/hanyu\/paso_al_plena_posedo\/paso-dudekkvina\">25<\/a> <a href=\"https:\/\/reto.cn\/php\/hanyu\/paso_al_plena_posedo\/paso-dudeksesa\">26<\/a> <a href=\"https:\/\/reto.cn\/php\/hanyu\/paso_al_plena_posedo\/paso-dudeksepa\">27<\/a> <a href=\"https:\/\/reto.cn\/php\/hanyu\/paso_al_plena_posedo\/paso-dudekoka\">28<\/a> <a href=\"https:\/\/reto.cn\/php\/hanyu\/paso_al_plena_posedo\/paso-dudeknaua\">29<\/a> <a href=\"https:\/\/reto.cn\/php\/hanyu\/paso_al_plena_posedo\/paso-trideka\">30\u00a0\u00a0<\/a><a href=\"https:\/\/reto.cn\/php\/hanyu\/paso_al_plena_posedo\/solvoj\">SOLVOJ<\/a> <a href=\"https:\/\/reto.cn\/php\/hanyu\/paso_al_plena_posedo\/por-pasi-pluen\/\">POR PA\u015cI PLUEN<\/a><\/p>\n","protected":false},"excerpt":{"rendered":"<p>\u9ad8\u7ea7\u4e16\u754c\u8bed\u6559\u7a0b\u00a0 \u7b2c1\u8bfe Pa\u015doj al plena posedo PA\u015cO UNUA VORTARO AG\u2026 <span class=\"read-more\"><a href=\"https:\/\/reto.cn\/php\/hanyu\/paso_al_plena_posedo\/paso-unua\/\">\u7ee7\u7eed\u9605\u8bfb Legi pli &raquo;<\/a><\/span><\/p>\n","protected":false},"author":1,"featured_media":0,"parent":240,"menu_order":1,"comment_status":"open","ping_status":"closed","template":"","meta":{"footnotes":""},"_links":{"self":[{"href":"https:\/\/reto.cn\/php\/hanyu\/wp-json\/wp\/v2\/pages\/5599"}],"collection":[{"href":"https:\/\/reto.cn\/php\/hanyu\/wp-json\/wp\/v2\/pages"}],"about":[{"href":"https:\/\/reto.cn\/php\/hanyu\/wp-json\/wp\/v2\/types\/page"}],"author":[{"embeddable":true,"href":"https:\/\/reto.cn\/php\/hanyu\/wp-json\/wp\/v2\/users\/1"}],"replies":[{"embeddable":true,"href":"https:\/\/reto.cn\/php\/hanyu\/wp-json\/wp\/v2\/comments?post=5599"}],"version-history":[{"count":0,"href":"https:\/\/reto.cn\/php\/hanyu\/wp-json\/wp\/v2\/pages\/5599\/revisions"}],"up":[{"embeddable":true,"href":"https:\/\/reto.cn\/php\/hanyu\/wp-json\/wp\/v2\/pages\/240"}],"wp:attachment":[{"href":"https:\/\/reto.cn\/php\/hanyu\/wp-json\/wp\/v2\/media?parent=5599"}],"curies":[{"name":"wp","href":"https:\/\/api.w.org\/{rel}","templated":true}]}}