{"id":5647,"date":"2019-05-25T19:38:33","date_gmt":"2019-05-25T11:38:33","guid":{"rendered":"http:\/\/reto.cn\/php\/hanyu\/?page_id=5647"},"modified":"2022-02-02T13:05:01","modified_gmt":"2022-02-02T05:05:01","slug":"paso-kvara","status":"publish","type":"page","link":"https:\/\/reto.cn\/php\/hanyu\/paso_al_plena_posedo\/paso-kvara\/","title":{"rendered":"\u7b2c4\u8bfe Pa\u015do Kvar"},"content":{"rendered":"<header class=\"entry-header\">\u9ad8\u7ea7\u4e16\u754c\u8bed\u6559\u7a0b \u7b2c4\u8bfe<\/p>\n<h1>Pa\u015doj al plena posedo<\/h1>\n<div class=\"page\">\n<div class=\"text\">\n<h2 style=\"text-align: center;\">PA\u015cO KVARA<\/h2>\n<h1>VORTARO<\/h1>\n<p><b>AFI\u015cO<\/b>: surmura presita sciigo.<br \/>\n<b>APERTI<\/b>: malfermi.<br \/>\n<b>APOGI<\/b>: subteni iun a\u016d ion per io.<br \/>\n<b>BILETO<\/b>: rajtiga papereto.<br \/>\n<b>DAMNI<\/b>: kondamni <span class=\"rem\">(ofte uzata kiel sakro)<\/span>.<br \/>\n<b>DEZERTA<\/b>: senhoma.<br \/>\n<b>DOMACO<\/b>: beda\u016drinda\u0135o.<br \/>\n<b>EKSPRESA<\/b>: tre rapids.<br \/>\n<b>ENUI<\/b>: malplezuri pro senintereso.<br \/>\n<b>FERO<\/b>: malmola metalo.<br \/>\n<b>FOIRO<\/b>: granda komerca kunveno.<br \/>\n<b>FU\u011cI<\/b>: forkuri por sin savi.<br \/>\n<b>FUNKCII<\/b>: plenumi sian taskon.<br \/>\n<b>GASTO<\/b>: amika vizitanto.<br \/>\n<b>GI\u0108ETO<\/b>: fenestreto en muro, kie oni a\u0109etas, ekzemple biletojn.<br \/>\n<b>GLUO<\/b>: flua\u0135o, per kiu oni fiksas ion al io alia.<br \/>\n<b>GRUMBLI<\/b>: murmuri malkontente.<br \/>\n<b>KABANO<\/b>: iom kruda dometo.<br \/>\n<b>KAJERO<\/b>: maldika libreto.<br \/>\n<b>KALVA<\/b>: senhara.<br \/>\n<b>KASO<\/b>: monkesto.<br \/>\n<b>KATO<\/b>: hejmbesto kun belaj korpharoj.<br \/>\n<b>KOMBINI<\/b>: kunmeti.<br \/>\n<b>KOOPERATIVO<\/b>: societo kunaganta.<br \/>\n<b>KUBUTO<\/b>: mezpunkto de la brako.<br \/>\n<b>KULTURI<\/b>: prilabori la teron.<br \/>\n<b>KUPEO<\/b>: parto de la vagono.<br \/>\n<b>LACA<\/b>: bezonanta ripozon.<br \/>\n<b>LAGO<\/b>: etenda\u0135o da akvo, \u0109iuflanke \u0109irka\u016data de tero.<br \/>\n<b>LINIO<\/b>: kontinua streko.<br \/>\n<b>MENUO<\/b>: listo de haveblaj man\u011da\u0135oj.<br \/>\n<b>MIOPA<\/b>: havanta neordinare mallongan vidpovon.<br \/>\n<b>NAJLO<\/b>: lar\u011dkapa metala pinto.<br \/>\n<b>NAZO<\/b>: korpoparto, per kiu oni flaras.<br \/>\n<b>OLDA<\/b>: maljuna, a\u016d malnova.<br \/>\n<b>OPONI<\/b>: kontra\u016dstari.<br \/>\n<b>PARKERE<\/b>: per la memoro.<br \/>\n<b>PASA\u011cERO<\/b>: veturanto.<br \/>\n<b>PINTO<\/b>: pika ekstremo.<br \/>\n<b>PLORI<\/b>: montri doloron per larmoj.<br \/>\n<b>PRINCIPO<\/b>: fundamenta vera\u0135o.<br \/>\n<b>RANDO<\/b>: \u0109irka\u016da ekstrema\u0135o de io.<br \/>\n<b>RESTORACIO<\/b>: loko, kie oni povas man\u011di se oni pagas.<br \/>\n<b>SEKA<\/b>: enhavanta neniom a\u016d malmulte da akvo.<br \/>\n<b>SKRAPI<\/b>: iom akre froti ion.<br \/>\n<b>STACIO<\/b>: loko, kie haltas publikaj veturiloj.<br \/>\n<b>STREKI<\/b>: desegni linion per unu movo de skribilo.<br \/>\n<b>STRIO<\/b>: longa mallar\u011da peco kun paralelaj randoj.<br \/>\n<b>STUDI<\/b>: diligente esplori.<br \/>\n<b>SUFERI<\/b>: senti doloron.<br \/>\n<b>SUFOKI<\/b>: mortigi per senigo de aero.<br \/>\n<b>SUMO<\/b>: \u0109iuj partoj kune, kiel tuto.<br \/>\n<b>SURDA<\/b>: nepovanta a\u016ddi.<br \/>\n<b>SVARMI<\/b>: esti tre multnombra.<br \/>\n<b>TRAJNO<\/b>: vagonaro kun lokomotivo.<br \/>\n<b>VAGONO<\/b>: veturilo, kiun trenas lokomotivo.<br \/>\n<b>VITRO<\/b>: malmola, travidebla, rompebla substanco.<br \/>\n<b>VULPO<\/b>: flavru\u011da hundosimila rabobesto.<\/p>\n<h1>LEGA\u0134O<\/h1>\n<h2>CELSTACIO<\/h2>\n<p>La stacieto estis malgranda kaj sufokaera. Sur la muroj enuis landkonigaj afi\u015doj. La horlo\u011do malfunkciis. \u011cin strekis kruce gluitaj gazetstrioj. Sur la rando de apertita fenestro dormetis kato de fervojisto. Malanta\u016d la kasa gi\u0109eto homo suferis pro varmego. Li rekonscii\u011dis nur je la vo\u0109o de pasa\u011dero.<\/p>\n<p>\u201cKien?\u201d<\/p>\n<p>\u201cEgale.\u201d<\/p>\n<p>\u201cPer la klaso?\u201d<\/p>\n<p>\u201cEgale.\u201d<\/p>\n<p>\u201cDo eble Gzdzin?\u201d demandis la kasisto. Li rigardis ne la pasa\u011deron, sed fiksitan per kapnajleto horaron pri trajnoj trakurantaj lian stacieton.<\/p>\n<p>\u201cPovas esti Gzdzin,\u201dkonsentis la kliento.<\/p>\n<p>\u201cPrincipe PKP* devus koni la celstacion de siaj klientoj,\u201dgrumbletis la fervojisto kaj reiris al la tableto, sur kiu ku\u015dis biletkajeroj. La kasisto estis malalta seki\u011dinta olduleto. Li havis vulpecan viza\u011don de miopulo.<\/p>\n<p>\u201cDo Gzdzin?\u201d<\/p>\n<p>\u201cGzdzin.\u201d<\/p>\n<p>\u201cTie estas nun malsvarme. Vi iras, sinjoro, ekzemple per vojo Z. Arbaro, vojetoj, vi plezure laci\u011das per tiu arbaro. Vi povas ku\u015digi \u0109e la vojo, ku\u015di kaj pensi nenion.<\/p>\n<p>\u201cBone,\u201ddiris la pasa\u011dero, \u201cmi ne volas pensi.\u201d<\/p>\n<p>La kasisto komencis plenigi blanketon.<\/p>\n<p>\u201cKombinata. Estos kombinata. Al Konopiski ekspreso kaj poste normala.\u201d<\/p>\n<p>\u201cNe,\u201doponis la pasa\u011dero. \u201cNe povas esti kupe\u015dan\u011do. Mi pensados pri tiu damna kupes\u015dan\u011do kaj mi ja diris, ke mi ne volas pensi. Pri nenio.\u201d<\/p>\n<p>\u201cAha,\u201dkonsentis la kasisto.<\/p>\n<p>Li komencis skrapeti la kalva\u0135on. Li studis la horaron, kvaza\u016d li ne konus \u011din parkere.<\/p>\n<p>\u201c\u011cis la tria dudek tri mi havas por vi, sinjoro, nenion sen kupe\u015dan\u011do. Je la tria dudek tri iras laborista trajno al Wolow.<\/p>\n<p>\u201cDonu al Wolow,\u201ddiris la pasa\u011dero.<\/p>\n<p>\u201cPer la dua klaso?\u201d<\/p>\n<p>\u201cPovas esti dua.\u201d<\/p>\n<p>\u201cMi donos al vi la unuan,\u201ddiris la kasisto, \u201cen la dua povas esti plenplene. En Wolow estas hodia\u016d foiro.\u201d<\/p>\n<p>\u201cFoiro?\u201d maltrankvili\u011dis la pasa\u011dero. \u201cMi ne volas vian Wolow. Mi ne volas homamason. Mi volas kvieton. Sen la homa ridado, sen kvereloj, sen vo\u0109oj. Sen virinoj, sen amikoj, sen infanoj. Damno kun tia kiel vi. Kasisto, kaj ne kapablas vendi bileton al homo.\u201d<\/p>\n<p>La fervojisto jesis kompreneme. Vere estis al li doma\u011de, ke li ne scias helpi la pasa\u011deron. Al liaj devoj apartenis \u011dusta priservado de la PKP-aj klientoj. Li estis sperta kasisto. Dum sia vivo li certe vendis milionon da diversaj biletoj kaj la pasa\u011derojn li havis diversajn. Li anka\u016d pri tiu ne miris. Estis nenio mirinda. Simple estis malbone al la ulo. Tiaj ne konas siajn celstaciojn. Ili fu\u011das nenien.<\/p>\n<p>Li aliris la horaron kaj komencis ser\u0109i. Li faris tion kiel gasto en restoracio. La trajna menuo de la malgranda stacieto estis a\u0109a. Ne estis tro por elekti: Jezowice, Kakolin, Barcz.<\/p>\n<p>\u201cMi havas,\u201dli diris kun kontento. \u201cMi havas por vi Pustkow. La kvina haltejo post Gorow. Arbaro. Du kabanoj sume. De la staciestro kaj arbaristo. La arbaristo surda, maljuna. La virino gastama. Kaj lago. La lago ne kulturata, sova\u011da. Depost la tempo kiam oni donis \u011din al kooperativo ne estas fi\u015dsistoj. Akva dezerto, ne lago. Povas esti al Pustkow.\u201d<\/p>\n<p>\u201cPovas esti,\u201ddiris la pasagero. \u201cDonu al tiu Pustkow.\u201d<\/p>\n<p>\u201cPer la dua?\u201ddemandis la kasisto. \u201cPer la unua,\u201ddiris la pasa\u011dero.<\/p>\n<p>\u2014Ne \u2014 meditis la fervojisto \u2014 ne valoras. Sep haltejoj, kaj la trajno malplena. Cetere la unua klaso entute ne estas en tiu vagonaro.<\/p>\n<p>\u201cDonu la duan.\u201d<\/p>\n<p>La kasisto surnazigis okulvitrojn kaj komencis plenigi la duaklasan bileton al Pustkow, kie estas lago, kvieto kaj la gastama virino de la duonsurda arbaristo, kaj kie oni pensas pri nenio. La pasa\u011dero apogis sin per la kubutoj je la kasa rando kaj rigardis kiel la fervojisto plenigas la bileton.<\/p>\n<p>\u011custe tiam aliris lin knabino. \u015ci estis juna kaj tre bela.<\/p>\n<p>\u201cIru hejmen,\u201d\u015di diris al la homo, kiu ne konis la celstacion de sia voja\u011do. \u201cPanjo ploras.\u201d<\/p>\n<p>La kasisto \u0109esis plenigi la bileton. Li malfermis la tirkeston, prenis liniilon, almetis \u011din al la biletaj pintoj kaj kruce trastrekis \u011din per dikaj ru\u011daj linioj.<\/p>\n<div>\n<p>Czeslaw Ostankowicz<br \/>\nel la pola: Jerzy Grum<br \/>\n<span class=\"rem\">(el &#8220;Esperanto&#8221;)<\/span><\/p>\n<\/div>\n<p><br clear=\"all\" \/>* PKP = mallongigo de Polskie Koleje Pa\u0144stwowe <span class=\"rem\">(Polaj \u015ctataj Fervojoj)<\/span>.<\/p>\n<h1>EKZERCOJ<\/h1>\n<p>22. Leginte la supran rakonton, respondu jenajn demandojn:<\/p>\n<div class=\"indent\">\n<p>1. Kia estis la stacieto?<br \/>\n2. Kio dormetis sur la fenestrorando?<br \/>\n3. Kia estis la kasisto?<br \/>\n4. Kial la pasa\u011dero ne volis iri al Gzdzin?<br \/>\n5. Kion deziris la pasa\u011dero, ke li ne volis iri al foiro?<br \/>\n6. Kiom da biletoj vendis la kasisto dum sia vivo?<br \/>\n7. Kial la kasisto ne miris pri tia pasa\u011dero?<br \/>\n8. Kiom da dometoj estis en Pustkow?<br \/>\n9. Kial la kasisto ne povis doni unuaklasan bileton al Pustkow?<br \/>\n10. Kial tiu pasa\u011dero entute emis voja\u011di?<\/p>\n<\/div>\n<p>23. Jen estas kelkaj respondoj. Skribu la faritain demandojn:<\/p>\n<div class=\"indent\">\n<p>1. Per la dua klaso.<br \/>\n2. La horaron pri trajnoj.<br \/>\n3. Vi povas ku\u015di kaj pensi nenion.<br \/>\n4. Ekspreso kaj poste normala.<br \/>\n5. Li komencis skrapeti la kalva\u0135on.<br \/>\n6. En Wolow hodia\u016d.<br \/>\n7. \u0108ar line sciis helpi.<br \/>\n8. \u011custa priservado de la klientoj.<br \/>\n9. Depost kiam oni dons gin al Kooperativo.<br \/>\n10. \u0108ar lia edzino ploris.<\/p>\n<\/div>\n<p>24. La artikolo LA estas preciziga. \u011ci distingas inter \u011denerala termino kaj specifa<span class=\"rem\">(j)<\/span> individua<span class=\"rem\">(j)<\/span> ekzemplero<span class=\"rem\">(j)<\/span> de \u011denerala\u0135o. Donu al mi libron = donu al mi iun ajn libron; donu al mi la libron = donu al mi tiun libron <span class=\"rem\">(ni amba\u016d scias, pri kiu individua libro temas)<\/span>. \u0108u li alportis monon? = kiom ajn da mono; \u0108u li alportis la monon? = \u0108u li alportis tiun konatan, jam menciitan sumon.<\/p>\n<p>En tiaj kuntekstoj, oni povus eventuale anstata\u016digi la vorton &#8220;la&#8221; per la vorto &#8220;tiu&#8221;, ne \u015dan\u011dante la sencon.<\/p>\n<p>Kie la senco tion postulas, enmetu LA en la subajn propoziciojn:<\/p>\n<div class=\"indent\">\n<p>1. Mi volas iri al Gzdzin. Donu al mi bileton.<br \/>\n2. Mi ne povas iri al koncerto, \u0109ar mi perdis bileton.<br \/>\n3. Li venis al vila\u011do, kies nomon li ne sciis.<br \/>\n4. Vila\u011do, en kiu li lo\u011dis, estis kvieta kaj trankvila.<br \/>\n5. Monon, kiun la kasisto \u015duldis al ni, li ne volis transdoni.<br \/>\n6. Li tre beda\u016dris, ke li ne povas helpi petanton.<br \/>\n7. Amikojn li ne havis, \u0109ar nur malofte li forlasis domon.<br \/>\n8. Donu al mi kapnajleton, por ke mi alfiksu afi\u015don.<br \/>\n9. Filino alparolis patron, kiu staris en la stacidomo.<br \/>\n10. La\u016d menuo, estis haveblaj fi\u015do kaj viando.<\/p>\n<\/div>\n<p>25. La artikolo LA indikas, ke substantivo estas sola, unika en sia speco. Estas erare diri, ekzemple: \u011di egalas preska\u016d al longeco de ekvatoro, \u0109ar la mondo havas nur unu ekvatoron, kaj la ekvatoro havas, evidente, nur unu longecon. Oni do diru: \u011di egalas preska\u016d al la longeco de la ekvatoro.<\/p>\n<p>Kie la senco tion postulas, enmetu LA en la subajn propoziciojn:<\/p>\n<div class=\"indent\">\n<p>1. Suno brilis, \u0109ielo estis blua.<br \/>\n2. Mi lo\u011das en \u0109efurbo de mia lando.<br \/>\n3. \u011ci ku\u015dis sur fundo de la kesto.<br \/>\n4. Montru al mi enhavon de via po\u015do.<br \/>\n5. Pri li mi konis nur nomon kaj adreson.<br \/>\nDistingu inter la du signifoj de \u0109iu propozicio, unue kun LA, poste sen \u011di:<br \/>\n6. Mi bonvenigis <span class=\"rem\">(la)<\/span> filinon de mia malnova amiko.<br \/>\n7. Li posedas <span class=\"rem\">(la)<\/span> restoracion en mia urbo.<br \/>\n8. \u015cekspiro estas <span class=\"rem\">(la)<\/span> angla dramverkisto.<br \/>\n9. \u015ci estas <span class=\"rem\">(la)<\/span> administranto de la hotelo.<br \/>\n10. La kanibalestro alvokis <span class=\"rem\">(la)<\/span> edzinon.<\/p>\n<\/div>\n<p>Escepto al la supra regulo estas la propraj nomoj, \u0109ar ili sufi\u0109e indikas sian unikecon. Tio validas anka\u016d rilate geografiajn nomojn, krom se tiujn akompanas komunsignifa adjektivo, ekzemple: Tra Egiptujo fluas Nilo; ili velis la\u016d Mediteraneo; sed ili velis la\u016d la Norda Maro.<\/p>\n<p>26. Uzu adverbe en propozicioj jenajn substantivojn:<\/p>\n<div class=\"indent\">\n<p>VITRO VULPO RANDO KATO LAGO LINIO GASTO DOMA\u011cO PRINCIPO STRIO<\/p>\n<\/div>\n<p>27. Verku dialogon inter butikisto kaj virino, kiu ne scias, kion li volas a\u0109eti.<\/p>\n<p>Enhavo <a href=\"https:\/\/reto.cn\/php\/hanyu\/paso_al_plena_posedo\/antauklarigo\">Anta\u016dklarigo<\/a> <a href=\"https:\/\/reto.cn\/php\/hanyu\/paso_al_plena_posedo\/paso-unua\">01<\/a> <a href=\"https:\/\/reto.cn\/php\/hanyu\/paso_al_plena_posedo\/paso-dua\">02<\/a> <a href=\"https:\/\/reto.cn\/php\/hanyu\/paso_al_plena_posedo\/paso-tria\">03<\/a> 04 <a href=\"https:\/\/reto.cn\/php\/hanyu\/paso_al_plena_posedo\/paso-kvina\">05<\/a> <a href=\"https:\/\/reto.cn\/php\/hanyu\/paso_al_plena_posedo\/paso-sesa\">06<\/a> <a href=\"https:\/\/reto.cn\/php\/hanyu\/paso_al_plena_posedo\/paso-sepa\">07<\/a> <a href=\"https:\/\/reto.cn\/php\/hanyu\/paso_al_plena_posedo\/paso-oka\">08<\/a> <a href=\"https:\/\/reto.cn\/php\/hanyu\/paso_al_plena_posedo\/paso-naua\">09<\/a> <a href=\"https:\/\/reto.cn\/php\/hanyu\/paso_al_plena_posedo\/paso-deka\">10<\/a> <a href=\"https:\/\/reto.cn\/php\/hanyu\/paso_al_plena_posedo\/paso-dekunua\">11<\/a> <a href=\"https:\/\/reto.cn\/php\/hanyu\/paso_al_plena_posedo\/paso-dekdua\">12<\/a> <a href=\"https:\/\/reto.cn\/php\/hanyu\/paso_al_plena_posedo\/paso-dektria\">13<\/a> <a href=\"https:\/\/reto.cn\/php\/hanyu\/paso_al_plena_posedo\/paso-dekkvara\">14<\/a> <a href=\"https:\/\/reto.cn\/php\/hanyu\/paso_al_plena_posedo\/paso-dekkvina\">15<\/a> <a href=\"https:\/\/reto.cn\/php\/hanyu\/paso_al_plena_posedo\/paso-deksesa\">16<\/a> <a href=\"https:\/\/reto.cn\/php\/hanyu\/paso_al_plena_posedo\/paso-deksepa\">17<\/a> <a href=\"https:\/\/reto.cn\/php\/hanyu\/paso_al_plena_posedo\/paso-dekoka\">18<\/a> <a href=\"https:\/\/reto.cn\/php\/hanyu\/paso_al_plena_posedo\/paso-deknaua\">19<\/a> <a href=\"https:\/\/reto.cn\/php\/hanyu\/paso_al_plena_posedo\/paso-dudeka\">20<\/a> <a href=\"https:\/\/reto.cn\/php\/hanyu\/paso_al_plena_posedo\/paso-dudukunua\">21<\/a> <a href=\"https:\/\/reto.cn\/php\/hanyu\/paso_al_plena_posedo\/paso-dudekdua\">22<\/a> <a href=\"https:\/\/reto.cn\/php\/hanyu\/paso_al_plena_posedo\/paso-dudektria\">23<\/a> <a href=\"https:\/\/reto.cn\/php\/hanyu\/paso_al_plena_posedo\/paso-dudekkvara\">24<\/a> <a href=\"https:\/\/reto.cn\/php\/hanyu\/paso_al_plena_posedo\/paso-dudekkvina\">25<\/a> <a href=\"https:\/\/reto.cn\/php\/hanyu\/paso_al_plena_posedo\/paso-dudeksesa\">26<\/a> <a href=\"https:\/\/reto.cn\/php\/hanyu\/paso_al_plena_posedo\/paso-dudeksepa\">27<\/a> <a href=\"https:\/\/reto.cn\/php\/hanyu\/paso_al_plena_posedo\/paso-dudekoka\">28<\/a> <a href=\"https:\/\/reto.cn\/php\/hanyu\/paso_al_plena_posedo\/paso-dudeknaua\">29<\/a> <a href=\"https:\/\/reto.cn\/php\/hanyu\/paso_al_plena_posedo\/paso-trideka\">30<\/a>\u00a0\u00a0<a href=\"https:\/\/reto.cn\/php\/hanyu\/paso_al_plena_posedo\/solvoj\">SOLVOJ<\/a> <a href=\"https:\/\/reto.cn\/php\/hanyu\/paso_al_plena_posedo\/por-pasi-pluen\/\">POR PA\u015cI PLUEN<\/a><\/p>\n<\/div>\n<\/div>\n<p>&nbsp;<\/p>\n<\/header>\n","protected":false},"excerpt":{"rendered":"<p>\u9ad8\u7ea7\u4e16\u754c\u8bed\u6559\u7a0b \u7b2c4\u8bfe Pa\u015doj al plena posedo PA\u015cO KVARA VORTARO AF\u2026 <span class=\"read-more\"><a href=\"https:\/\/reto.cn\/php\/hanyu\/paso_al_plena_posedo\/paso-kvara\/\">\u7ee7\u7eed\u9605\u8bfb Legi pli &raquo;<\/a><\/span><\/p>\n","protected":false},"author":1,"featured_media":0,"parent":240,"menu_order":4,"comment_status":"open","ping_status":"closed","template":"","meta":{"footnotes":""},"_links":{"self":[{"href":"https:\/\/reto.cn\/php\/hanyu\/wp-json\/wp\/v2\/pages\/5647"}],"collection":[{"href":"https:\/\/reto.cn\/php\/hanyu\/wp-json\/wp\/v2\/pages"}],"about":[{"href":"https:\/\/reto.cn\/php\/hanyu\/wp-json\/wp\/v2\/types\/page"}],"author":[{"embeddable":true,"href":"https:\/\/reto.cn\/php\/hanyu\/wp-json\/wp\/v2\/users\/1"}],"replies":[{"embeddable":true,"href":"https:\/\/reto.cn\/php\/hanyu\/wp-json\/wp\/v2\/comments?post=5647"}],"version-history":[{"count":0,"href":"https:\/\/reto.cn\/php\/hanyu\/wp-json\/wp\/v2\/pages\/5647\/revisions"}],"up":[{"embeddable":true,"href":"https:\/\/reto.cn\/php\/hanyu\/wp-json\/wp\/v2\/pages\/240"}],"wp:attachment":[{"href":"https:\/\/reto.cn\/php\/hanyu\/wp-json\/wp\/v2\/media?parent=5647"}],"curies":[{"name":"wp","href":"https:\/\/api.w.org\/{rel}","templated":true}]}}