{"id":5657,"date":"2019-05-25T19:55:24","date_gmt":"2019-05-25T11:55:24","guid":{"rendered":"http:\/\/reto.cn\/php\/hanyu\/?page_id=5657"},"modified":"2022-02-02T13:09:29","modified_gmt":"2022-02-02T05:09:29","slug":"paso-sepa","status":"publish","type":"page","link":"https:\/\/reto.cn\/php\/hanyu\/paso_al_plena_posedo\/paso-sepa\/","title":{"rendered":"\u7b2c7\u8bfe Pa\u015do Sepa"},"content":{"rendered":"<p>\u9ad8\u7ea7\u4e16\u754c\u8bed\u6559\u7a0b \u7b2c7\u8bfe<\/p>\n<h1>Pa\u015doj al plena posedo<\/h1>\n<div class=\"page\">\n<div class=\"text\">\n<h2 style=\"text-align: center;\">PA\u015cO SEPA<\/h2>\n<h1>VORTARO<\/h1>\n<p><b>ADMONI<\/b>: averti iun, ke li ne faru ion.<br \/>\n<b>AKRA<\/b>: tran\u0109- a\u016d pik-kapabla.<br \/>\n<b>AKSO<\/b>: limo, \u0109irka\u016d kiu turni\u011das korpo.<br \/>\n<b>AKTO<\/b>: parto de dramo.<br \/>\n<b>AKUZI<\/b>: aserti iun kulpa pri io.<br \/>\n<b>ANGULO<\/b>: spaco inter du renkontaj surfacoj: do: nerimarkata loko.<br \/>\n<b>BAGATELO<\/b>: afero neserioza, negrava.<br \/>\n<b>BEZONI<\/b>: esti en stato, ke io mankas.<br \/>\n<b>BLINDA<\/b>: nevidpova.<br \/>\n<b>BRANDO<\/b>: forta alkohola\u0135o.<br \/>\n<b>CERBO<\/b>: pensorgano.<br \/>\n<b>DETALO<\/b>: malgranda parto.<br \/>\n<b>DIAMANTO<\/b>: malmola valor\u015dtono.<br \/>\n<b>DIFINI<\/b>: precize klarigi la signifon de io.<br \/>\n<b>DRONI<\/b>: morti, sufoki\u011dante en akvo.<br \/>\n<b>EGOISMO<\/b>: memamo.<br \/>\n<b>EPOKO<\/b>: jararo.<br \/>\n<b>ESPLORI<\/b>: zorge peni por ekkoni ion.<br \/>\n<b>FILOZOFIO<\/b>: scienco pri la vivprincipoj.<br \/>\n<b>FINGRO<\/b>: ekstrema\u0135o de la mano.<br \/>\n<b>FUNDO<\/b>: plej malsupra parto.<br \/>\n<b>GLOBO<\/b>: sfera objekto.<br \/>\n<b>GRAVA<\/b>: grandinflua.<br \/>\n<b>GUTO<\/b>: globeto de flua\u0135o.<br \/>\n<b>HONORARIO<\/b>: pago por servo.<br \/>\n<b>INCITI<\/b>: kolerigi.<br \/>\n<b>INTELEKTO<\/b>: kapablo pensi kaj kompreni.<br \/>\n<b>INTIMA<\/b>: profunde komunsenta kaj sen\u011dena.<br \/>\n<b>JUSTA<\/b>: la\u016dmerita.<br \/>\n<b>KAMARADO<\/b>: amika kunulo.<br \/>\n<b>KAPABLA<\/b>: povanta fari ion.<br \/>\n<b>KARAKTERO<\/b>: individua trajtaro.<br \/>\n<b>KA\u016cZO<\/b>: tio, pro kio io okazas.<br \/>\n<b>KELNERO<\/b>: servisto en restoracio.<br \/>\n<b>KLIMATO<\/b>: tutajo de la veteraj kondi\u0109oj.<br \/>\n<b>KONDAMNI<\/b>: deklari iun kulpa.<br \/>\n<b>KONJEKTI<\/b>: havi opinion pri io.<br \/>\n<b>KONTENTA<\/b>: havanta \u0109ion, kion oni dezirus.<br \/>\n<b>KREVI<\/b>: subite rompi\u011di pro interna premo.<br \/>\n<b>KRIMO<\/b>: ago kontra\u016dle\u011da.<br \/>\n<b>KULPA<\/b>: intence a\u016d konscie plenuminta ion ripro\u0109indan.<br \/>\n<b>LANGO<\/b>: movebla karna\u0135o en la bu\u015do.<br \/>\n<b>LA\u016cDI<\/b>: esprimi favoran opinion.<br \/>\n<b>LECIONO<\/b>: tio, kion oni lernigas.<br \/>\n<b>LIRO<\/b>: speco de monero.<br \/>\n<b>MEDIKAMENTO<\/b>: saniga rimedo.<br \/>\n<b>MENSOGI<\/b>: diri malveron.<br \/>\n<b>OBJEKTO<\/b>: io konceptebla a\u016d perceptebla.<br \/>\n<b>PARENCO<\/b>: membro de la sama familio.<br \/>\n<b>PENTI<\/b>: senti beda\u016dron.<br \/>\n<b>PEREI<\/b>: tute nenii\u011di.<br \/>\n<b>POSTENO<\/b>: ofico.<br \/>\n<b>POZICIO<\/b>: loko, sur kiu io estas.<br \/>\n<b>PUNI<\/b>: ka\u016dzi al iu suferon kompense de ties malbonfaro.<br \/>\n<b>RABI<\/b>: perforte forpreni ion, kio apartenas al alia.<br \/>\n<b>SANA<\/b>: normale funkcianta.<br \/>\n<b>SANGO<\/b>: ru\u011da flua\u0135o en la korpo.<br \/>\n<b>SITUACIO<\/b>: tuto de 1a kondi\u0109oj kaj cirkonstancoj.<br \/>\n<b>SKUI<\/b>: rapide movi tien kaj reen.<br \/>\n<b>SOCIO<\/b>: tuto da homoj kunvivanta<br \/>\n<b>STULTA<\/b>: malsa\u011da<br \/>\n<b>UTILA<\/b>: uzinda.<br \/>\n<b>VAKI<\/b>: esti neokupata.<br \/>\n<b>VERSI<\/b>: fluigi flua\u0135on el ujo.<br \/>\n<b>VERVO<\/b>: spirita fervoro.<\/p>\n<h1>LEGA\u0134O<\/h1>\n<h2>IDE-KAMARADO<\/h2>\n<p>\u201cVenu, ni iom trinku tie!<\/p>\n<p>Kara sinjoro mia, oni ne batos vin hejme pro duonhora malfrui\u011do. Mi ne estas edzi\u011dinta, sed mi komprenas tiajn aferojn. Tie \u0109i oni povas ricevi bonegajn trinka\u0135ojn&#8230; kaj malmultekoste. Ni konas nin reciproke jam longe&#8230; trinku almena\u016d unufoje brandon kun mi&#8230;<\/p>\n<p>He, kelnero&#8230; alportu ion&#8230;!<\/p>\n<p>Sidi\u011du, mia karega! Kvankam nia amikeco estas nova, jam mi tre ek\u015datis vin. Mi estas tia homo, kiu kutimas \u015dati siajn kamaradojn. Precipe mi admiras tiujn, kiuj povas esti ide-kamaradoj. \u0108u ne, mia frato, ni estas kvindek intelektuloj en la lando \u2014 kia fari\u011dus nia situacio, se ni ne defendos nin, konante unu 1a alian? Oni diras: \u201cNun profitemo regas la mondon, ne ekzistas mal-egoisma amikeco&#8230;\u201d\u2014 sed mi ne kredas tion. Mi ne povas pensi, kiel la ordinara popolo. Nek nia eduko, nek nia karaktero, nek niaj ideoj permesas tion. La viajn mi ne konas, sed mi kredas je spirita ligo, kiu estas super la objekto, je la sento, kiu proksimigas la homojn unuj al aliaj. Pripensu, \u0109u la vivo havus ian sencon, se ne ekzistus e\u0109 la bezono \u201cami unu la alian, proksimigi unu al la alia\u201d? Nur ili estas tio, kio nin plialtigas super la publikon. Sed anka\u016d inter ni, intelektuloj, mankas tiaj kelkaj difinitaj idea] ligoj; \u0109iuj estas en sia klimato kaj ser\u0109as sian memprofiton&#8230; Tial mi \u0109irka\u016degas la bonan amikon, se mi trovas iun.<\/p>\n<p>Nia urbeto estas malgranda. La homo dronas, \u0109iu inteligentulo havas multajn opiniojn pri la homoj, pri la vivo, \u2014 li havas sian filozofion. Ni \u0109iuj bezonas amikon, kiu komprenos tiujn temojn, kiu a\u016ddigos siajn kontra\u016dajn opiniojn. Mi ja diris, mankas&#8230; mankas&#8230; En nia oficejo ni estas proksimume dek personoj. \u0108iuj estas inteligentaj, havas edukon, sa\u011daj personoj, sed mi ne povas esti intima amiko e\u0109 kun unu el ili.<\/p>\n<p>Tute mala estis mia amikeco kun tiu junulo, sindonema&#8230; frata&#8230; Tiu nia knabo estis en granda oficejo. Unufoje lin trafis malbon\u015danco&#8230; Jen, tia afero&#8230; Vi, kiel advokato, ver\u015dajne estus akceptinta lian defendon&#8230; Vere, li estis tre homeca knabo, havis koron kiel el diamanto. Mi nur konis lin kiel sinceran kamaradon&#8230; Kion vi farus? Jen, tiaj estas la homoj&#8230; Unu mensoga\u0135o, kaj jen \u2014 ek en la malliberejon!&#8230; Kvankam li ne estis tute senkulpa, ne estrinte bone sian langon kaj babilinte tro multe&#8230; Multfoje mi diris al li: Filo mia, nia epoko ne estas tia, ke vi&#8230; du vi pensas, ke vi plibonigos la mondon? Ricevadu vian malgrandan salajron, sidu en angulo!&#8230; \u0109u ne, mia sinjoro? Anka\u016d ni ja havas niajn ideojn&#8230; Jes, tiu \u0109i mondo ne estas en ordo, sed venos \u0109ies vico&#8230; Rigardu, \u0109u mi malfermas la bu\u015don? Irante sur la tero oni ne devas lasi postsignojn&#8230; Sed la stulta knabo ne obeis. Li \u0109iam iris la\u016d sia kutimo, kvaza\u016d li, tute sola, kapablus \u015dan\u011di la pozicion de la akso de la terglobo&#8230;<\/p>\n<p>Kelnero, filo mia&#8230; alportu al ni pluan glaseton da brando!<\/p>\n<p>Li \u0109iam legadis, konjektante, ke tio, kion li legas, estas vera; li plenigadis sian cerbon per tio, kio estis skribita en la libroj.. Sed&#8230; oni devas rigardi la vivon&#8230; la vivon&#8230; en la libroj estas nenio. Kiu scias, eble anka\u016d ni tiel legadas hejme&#8230; sed la vivo estas tute alia afero&#8230; Oni atentu la \u0109irka\u016da\u0135on kaj la tempon&#8230; Kiam la \u011dusta tempo estos veninta, tiam mi ali\u011dos al la afero e\u0109 pli sinofereme ol li; se mi ne ver\u015dos mian sangon \u011dis la lasta guto por la ideo, kiu estas en mia cerbo, mi estu fihomo. Sed mi ja diris, ke estas ankora\u016d sufi\u0109e da tempo por tio.<\/p>\n<p>Ah, ah&#8230; bruligis siajn fingrojn la knabo, bruligis&#8230; Nia urbeto estas malgranda, oni tuj trograndigas ion en interparoloj&#8230; Necesas vivi kviete, trankvile, rifu\u011dante en angulon. Sed li \u2014 tute male \u2014 parolatakis \u0109iun, kiun li renkontis. \u0108iun gravulon de la lando li malamikigis al si. Fine li ekamiki\u011dis kun la fama\u0109aj homoj. Tiam mi admonis lin: Mia filo, \u0109i tiuj ne havas religion, kredon; ili unue faras tion, kio estas farota plej laste!&#8230; Sed li ne volis a\u016dskulti min. La aliaj mensoge akuzis lin, kiam ili trovis du falsajn atestantojn&#8230; kaj la knabo estis \u0135etita en malliberejon&#8230;<\/p>\n<p>Vi eble ne kredos, ke tiun tagon mi \u011dis vespero vagadis de loko al loko kiel frenezulo. Kiam mi nur ekpensis pri li, miaj okuloj malseki\u011dis. Jes, mi ploris! Ne kredu, se vi ne volas, mia frato; sed mi ja diris, ke mi estas tia homo, kiu \u015datas siajn kamaradajn. Precipe por tiu pereu mia animo, kiun mi tiel \u015datis!&#8230; Sen mensogo mi diras, ke mia koro preskad krevis. Li havas nek monon, nek parencojn, lia patrino kaj la gefratoj atendas la vivrimedojn de li. Malfeli\u0109o&#8230; kaj kia malfeli\u0109o! Mi ne havas monon, ke mi donu&#8230; Se mi havus&#8230; mi ja diris, ke pereu, mia animo&#8230; Sed estas konata afero&#8230; ni estas salajruloj&#8230; kaj oni povas klarigi nenion, irante al iu peti&#8230; Malbona kulpo&#8230; oni ekruinigas homon. \u0108iuj havas po dek krimoj je \u0109iu el siaj fingroj&#8230; Mi e\u0109 ne povis rigardi lin, irantan en la malliberejon. \u0108u vi komprenas? Malvarma estas la viza\u011do de la malbenita loko&#8230; Sed mi volas fari por la malfeli\u0109a knabo \u0109ion, kion mi povos. Mi ja diris, ke mi estas preta oferi mian animon por kamarado&#8230;<\/p>\n<p>Kiam mi a\u016ddis, ke li elektis vin kiel sian advokaton, mi i\u011dis tre kontenta, \u0109ar lia afero estas delikata problemo. \u011ci ne estas afero, kiun \u0109iu alia advokato kapablus mastri. Oni rakontis al mi pri la defenda parolado, kiun vi diris dum la unua akto <span class=\"rem\">(tiam mi estis malsaneta kaj ne povis veni en la ju\u011dejon, sed la detalojn mi a\u016ddis de miaj amikoj)<\/span>; oni diras, ke vi diris la\u016ddindan defendparoladon. Eble vi savos la knabon&#8230;<\/p>\n<p>Kelnero&#8230;! Venu kaj enver\u015du ankora\u016dfoje!<\/p>\n<p>Trinku, mia frato, trinku! \u2014 Kredu, ke mi trinkas tion nur pro mal\u011dojo. Se vi scius, kiel brulas mia koro! Se mi ser\u0109adus dum dek jaroj, mi ne povus trovi alian tiel ta\u016dgan kamaradon \u2014 kaj e\u0109 lin forrabis de mi la sorto. Kiu scias, kion li faras inter la \u015dtonaj muroj nun, dum ni trinkas&#8230; Ho, la a\u0109a mondo&#8230;!<\/p>\n<p>Sed&#8230; \u0109u vi scias kion? Eble tio estas bona leciono por li. Eble e\u0109 ne estos malbone por li, se li restos tie dum la tempo&#8230; Li bezonis tian punon, \u0109u ne? Hm? Kion vi diras? De tempo al tempo li estis tre malkvieti\u011danta. Pro Dio, sur la vojo, kiun li iris, li povus esti farinta e\u0109 ion, por kio oni punas per morto&#8230; Finfine, li restos tie dum unu-du jaroj&#8230; anka\u016d tion li bezonas&#8230; bezonas por sia estonta vivo&#8230; por la trankvileco de sia vivo&#8230; por nia idealo: \u0108u vi komprenis? \u2014 bezonas por nia idealo. Mia karega frato, se vi Was lin kiel mi, ne defendu lin&#8230; Se vi volas fari bonon al li, lasu lin, ke li suferu iom&#8230;<\/p>\n<p>Kion diris Mussolini? Li diris, ke por esti utila homo, oni devas pasigi iom da tempo en malliberejo; \u0109u ne? Estas la\u016ddenda homo, tiu Mussolini, sendube&#8230; Dum la mizerega situacio de la socio estas por intelektulo necesege restadi en malliberejo. Ne estas alia medikamento por i\u011di matura, por kompreni la vivon. Eble nia homo anka\u016d kredas tion, levos iom la kapon el libroj, vidos la \u0109irka\u016da\u0135on kaj pentos pro sia blinda atakemo.<\/p>\n<p>Mi ja diris, ke se vi \u015datas lin, ne tro klopodu savi lin. Ne esploru \u0109ion tiel \u011disfunde. Mi a\u016ddis, ke vi estis tre verva en la ju\u011dejo; mi kaj \u011dojis kaj \u2014 pro la knabo \u2014 \u0109agrenigis. Mi invitis vin \u0109i tien por priparoli la aferon. Li mem ja estas nervoza kaj incitos la ju\u011distojn per siaj bagatelaj dira\u0135oj kaj tute fu\u015dos la aferon&#8230; kaj i\u011dos kondamnita. Ha-ha&#8230; unu-du jaretojn li restos tie&#8230;<\/p>\n<p>Kial vi skuas la kapon? Se vi ricevos alpagon al via advokata honorario, \u0109u vi diros, ke okazis io maljusta? Tio ja ne estos malbona por li, sed bona&#8230; Se vi volas, ne akceptu tiun monon. Faru sindoneman agon por kamarado kaj ne akceptu. Sed&#8230; kiom da liroj li estis dononta al vi? Dudek kvin lirojn, \u0109u ne? Mi donos al vi tridek lirojn, sed vi nur kondamnigu lin&#8230; Vi vidas, ke mi \u015dparas nenian oferon por ka\u016dzi bonon al li. Sed \u0109u nur tion? Mi ja akre sentos la mankon de tia bona amiko kaj ide-kamarado&#8230;<\/p>\n<p>Kion? Vi demandas, de kie mi prenos la tridek lirojn&#8230;? Nu, kiam nia knabo estis \u0135etita en malliberejon, tiam \u2014 memkompreneble \u2014 lia posteno liberi\u011dis kaj restis vakanta&#8230; Kiel anstata\u016dulo mi prizorgas lian oficon kaj ekde \u0109i-monato mi ricevados krom-salajron&#8230; sume proksimume kvardek lirojn aldone al mia salajro&#8230;<\/p>\n<p>Kelnero&#8230;! Ankora\u016d da brando&#8230;!&#8221;<\/p>\n<div>\n<p>Sabahattin Ali<br \/>\nel la turka: Ferruh Canatay<br \/>\n<span class=\"rem\">(el: &#8220;Esperantisto Slovaka&#8221;)<\/span><\/p>\n<\/div>\n<h1><br clear=\"all\" \/>EKZERCOJ<\/h1>\n<p>40. Leginte la supran rakonton, respondu jenajn demandojn:<\/p>\n<div class=\"indent\">\n<p>1. Kiu parolas, kaj al kiu li parolas?<br \/>\n2. Kia estis \u2014 la\u016d la parolanto \u2014 la rilato inter li kaj la arestita junulo? 3. Pro kio la junulo estis arestita?<br \/>\n4. \u0108u la parolanto havis reformismajn opiniojn?<br \/>\n5. \u0108u la parolanto estis mal\u011doja, kiam oni arestis la junulon? Kion, la\u016d li, li faris tiun tagon?<br \/>\n6. \u0108u la advokato bone defendis la junulon?<br \/>\n7. Kian pretekston trovas la parolanto por, se eble, restigi sian \u201camikon\u201d en malliberejo?<br \/>\n8. Priskribu klare la progresajn pa\u015dojn, la\u016d kiuj la parolanto iom post iom malka\u015das sian veran sintenon kaj efektivan motivi\u011don.<br \/>\n9. Trovu minimume tri rektajn mensogojn en la paroloj de la parolanto.<br \/>\n10. Kia homo estis la parolanto?<br \/>\n11. \u0108u vi opinias, la\u016d la irado de la konversacio, ke la parolanto atingis sian celon?<br \/>\n12. \u0108u la junulo prave agis?<\/p>\n<\/div>\n<p>41. AKTIVAJ ADJEKTIVOJ PARTICIPAJ.<\/p>\n<div class=\"indent\">\n<p>En la momento, kiam mi veki\u011dAS, la sonorilo \u011duste sonAS = Kiam mi veki\u011dAS, la sonorilo estAS sonAnta.<\/p>\n<p>En la momento, kiam mi veki\u011dIS, la sonorilo \u011duste sonIS = Kiam mi veki\u011dIS, la sonorilo estIS sonAnta.<\/p>\n<p>En la momento, kiam mi veki\u011dOS, la sonorilo \u011duste sonOS = Kiam mi veki\u011dOS, la sonorilo estOS sonAnta.<\/p>\n<p>En la momento, kiam mi veki\u011dAS, la sonorilo jam pli frue sonIS = Kiam mi veki\u011dAS, la sonorilo estAS sonInta.<\/p>\n<p>En la momento, kiam mi veki\u011dIS, la sonorilo jam pli frue sonIS = Kiam mi vekigIS, la sonorilo estIS sonInta.<\/p>\n<p>En la momento, kiam mi veki\u011dOS, la sonorilo jam pli frue sonIS = Kiam mi veki\u011dOS, la sonorilo estOS sonInta.<\/p>\n<p>En la momento, kiam mi veki\u011dAS, la sonorilo ankora\u016d ne sonis <span class=\"rem\">(sed poste sonOS)<\/span> = Kiam mi veki\u011dAS, la sonorilo estAS sonOnta.<\/p>\n<p>En la momento, kiam mi veki\u011dIS, la sonorilo ankora\u016d ne sonis <span class=\"rem\">(sed poste sonOS)<\/span> = Kiam mi veki\u011dIS, la sonorilo estIS sonOnta.<\/p>\n<p>En la momento, ham mi veki\u011dOS, la sonorilo ankora\u016d ne sonis <span class=\"rem\">(sed poste sonOS)<\/span> = Kiam mi veki\u011dOS, la sonorilo estOS sonOnta.<\/p>\n<\/div>\n<p>Studinte la suprajn ekzemplojn, reskribu la subajn propoziciojn, uzante adjektivojn adjektivojn participajn:<\/p>\n<div class=\"indent\">\n<p>1. La instruisto pardonis la kulpulon, \u0109ar li jam pentis <span class=\"rem\">(= \u0109ar li est_____ pent________a)<\/span>.<br \/>\n2. Oni \u0135etis \u015dnuron al la na\u011danto, \u011duste kiam li ekdronis <span class=\"rem\">(est______ dron____a)<\/span>.<br \/>\n3. Kiam mi kuris tiel rapide, mia koro ankora\u016d-ne-krevis-sed-poste-krevos.<br \/>\n4. Hodia\u016d mi ankora\u016d-ne-iris-sed-poste-iron <span class=\"rem\"> (est_____ ir_____a)<\/span> al la urbo.<br \/>\n5. Li ne sukcesas kapti la ranon, kiam \u011di jam pli frue saltis <span class=\"rem\">(est_______ salt_____a)<\/span>.<br \/>\n6. Mi \u0109iam \u0109eestas, kiam li prelegas <span class=\"rem\">(est______ preleg_____a)<\/span>.<br \/>\n7. Morga\u016d mi laboros <span class=\"rem\">(est_______ labor______a)<\/span> la tutan tagon.<br \/>\n8. Li certe malhelpos min, kiam mi ankora\u016d-ne-parolis-sed-poste-parolos.<br \/>\n9. Li ricevos ovacion, kiam li finis sian paroladon <span class=\"rem\">(est______ parol_____a)<\/span>.<br \/>\n10. Kiam mi jam pli frue solvis <span class=\"rem\">(est_____ solv_____a)<\/span> la misteron, la kulpulon mi facile trovis.<\/p>\n<\/div>\n<p>42. PASIVAJ ADJEKTIVOJ PARTICIPAJ.<\/p>\n<div class=\"indent\">\n<p>En la momento, kiam mi alvenAS oni \u011duste ver\u015dAS vinon = Kiam ml alvenAS, la vino estAS versAta.<\/p>\n<p>En la momento, kiam mi alvenIS, oni \u011duste ver\u015dIS la vinon = Kiam mi alvenlS la vino estIS versAta.<\/p>\n<p>En la momento, kiam mi alvenOS, oni \u011duste vers\u015dOS la vinon = Kiam mi alvenOS, la vino estOS ver\u015dAta.<\/p>\n<p>En la momento, kiam mi alvenAS, oni jam pli frue ver\u015dIS la vinon = Kiam mi alvenAS, la vino estAS ver\u015dIta.<\/p>\n<p>En la momento, kiam mi alvenIS, oni jam pli frue ver\u015dIS la vinon = Kiam mi alvenIS, la vino estIS vers\u015dIta.<\/p>\n<p>En la momento, kiam mi alvenOS, oni jam pli frue ver\u015dIS la vinon = Kiam mi alvenOS la vino estOS verilta.<\/p>\n<p>En la momento, kiam mi alvenAS, oni ankora\u016d ne ver\u015dis <span class=\"rem\">(sed poste ver\u015dOS)<\/span> la vinon = Kiam mi alvenAS, la vino estAS ver\u015dOta.<\/p>\n<p>En la momento, kiam mi alvenIS, oni ankora\u016d ne ver\u015dis <span class=\"rem\">(sed poste ver\u015dOS)<\/span> la vinon = Kiam mi alvenIS, la vino estIS ver\u015dOta.<\/p>\n<p>En la momento, kiam mi alvenOS, oni ankora\u016d ne ver\u015dis <span class=\"rem\">(sed poste ver\u015dOS)<\/span> la vinon = Kiam mi alvenOS, la vino estOS ver\u015dOta.<\/p>\n<\/div>\n<p>Studinte la suprajn ekzemplojn, reskribu la subajn propoziciojn, uzante pasivajn adjektivojn participajn:<\/p>\n<div class=\"indent\">\n<p>1. Mi retrovis tin, \u011duste kiam oni ankora\u016d ne forsendis <span class=\"rem\">(sed poste sendos)<\/span> lin <span class=\"rem\">(li est_____ forsend_____a)<\/span>.<br \/>\n2. Li \u0109iam esploras la vagonon, kiam oni ankora\u016d ne plenigis <span class=\"rem\">(sed poste plenigos)<\/span> \u011din <span class=\"rem\"> (li est________ plenig______a)<\/span>.<br \/>\n3. Kiam mi alvenos, la tagordon oni ankora\u016d-ne-difinis-sed-poste-difinos <span class=\"rem\">(la tagordo est_______ difin________a)<\/span>.<br \/>\n4. Medikamenton oni ne bezonas <span class=\"rem\">(medikamento ne est_______ bezon______a)<\/span>,kiam oni estas sana.<br \/>\n5. Kiam ajn li aperis, oni la\u016ddis lian bonkorecon <span class=\"rem\"> (lia bonkoreco est_____ la\u016dd______a)<\/span>.<br \/>\n6. Kiam ajn li aperos, oni la\u016ddos lian bonkorecon <span class=\"rem\"> (lia bonkoreco est______ la\u016dd____a)<\/span>.<br \/>\n7. Kiam vi ricevos mian leteron, oni certe jam pli frue retrovis vian monujon <span class=\"rem\">(via monujo certe est_______ retrov_______a)<\/span>.<br \/>\n8. Dum ni ser\u0109is lin, oni jam pli frue dronigis lin <span class=\"rem\">(li est_____ dronig_____ a)<\/span>.<br \/>\n9. Kiam oni jam pli frue fermis la pordon <span class=\"rem\">(la pordo est_____ ferm________a)<\/span>, la vizitantoj ne povas eniri.<br \/>\n10. \u011custe kiam ni alvenis, oni esploris tiun demandon <span class=\"rem\">(tiu demando est______ esplor_____a)<\/span>.<\/p>\n<\/div>\n<p>43. Sinjoro A klopodas persvadi Sinjoron B ke estos pli bone, se li, Sinjoro A, ne kandidati\u011dos por la prezidanteco de loka societo <span class=\"rem\">(\u0109ar sekrete Sinjoro B mem deziras i\u011di prezidanto)<\/span>. Skribu monologe la argumentojn de Sinjoro A.<\/p>\n<p>Enhavo <a href=\"https:\/\/reto.cn\/php\/hanyu\/paso_al_plena_posedo\/antauklarigo\">Anta\u016dklarigo<\/a> <a href=\"https:\/\/reto.cn\/php\/hanyu\/paso_al_plena_posedo\/paso-unua\">01<\/a> <a href=\"https:\/\/reto.cn\/php\/hanyu\/paso_al_plena_posedo\/paso-dua\">02<\/a> <a href=\"https:\/\/reto.cn\/php\/hanyu\/paso_al_plena_posedo\/paso-tria\">03<\/a> <a href=\"https:\/\/reto.cn\/php\/hanyu\/paso_al_plena_posedo\/paso-kvara\">04<\/a> <a href=\"https:\/\/reto.cn\/php\/hanyu\/paso_al_plena_posedo\/paso-kvina\">05<\/a> <a href=\"https:\/\/reto.cn\/php\/hanyu\/paso_al_plena_posedo\/paso-sesa\">06<\/a> 07 <a href=\"https:\/\/reto.cn\/php\/hanyu\/paso_al_plena_posedo\/paso-oka\">08<\/a> <a href=\"https:\/\/reto.cn\/php\/hanyu\/paso_al_plena_posedo\/paso-naua\">09<\/a> <a href=\"https:\/\/reto.cn\/php\/hanyu\/paso_al_plena_posedo\/paso-deka\">10<\/a> <a href=\"https:\/\/reto.cn\/php\/hanyu\/paso_al_plena_posedo\/paso-dekunua\">11<\/a> <a href=\"https:\/\/reto.cn\/php\/hanyu\/paso_al_plena_posedo\/paso-dekdua\">12<\/a> <a href=\"https:\/\/reto.cn\/php\/hanyu\/paso_al_plena_posedo\/paso-dektria\">13<\/a> <a href=\"https:\/\/reto.cn\/php\/hanyu\/paso_al_plena_posedo\/paso-dekkvara\">14<\/a> <a href=\"https:\/\/reto.cn\/php\/hanyu\/paso_al_plena_posedo\/paso-dekkvina\">15<\/a> <a href=\"https:\/\/reto.cn\/php\/hanyu\/paso_al_plena_posedo\/paso-deksesa\">16<\/a> <a href=\"https:\/\/reto.cn\/php\/hanyu\/paso_al_plena_posedo\/paso-deksepa\">17<\/a> <a href=\"https:\/\/reto.cn\/php\/hanyu\/paso_al_plena_posedo\/paso-dekoka\">18<\/a> <a href=\"https:\/\/reto.cn\/php\/hanyu\/paso_al_plena_posedo\/paso-deknaua\">19<\/a> <a href=\"https:\/\/reto.cn\/php\/hanyu\/paso_al_plena_posedo\/paso-dudeka\">20<\/a> <a href=\"https:\/\/reto.cn\/php\/hanyu\/paso_al_plena_posedo\/paso-dudukunua\">21<\/a> <a href=\"https:\/\/reto.cn\/php\/hanyu\/paso_al_plena_posedo\/paso-dudekdua\">22<\/a> <a href=\"https:\/\/reto.cn\/php\/hanyu\/paso_al_plena_posedo\/paso-dudektria\">23<\/a> <a href=\"https:\/\/reto.cn\/php\/hanyu\/paso_al_plena_posedo\/paso-dudekkvara\">24<\/a> <a href=\"https:\/\/reto.cn\/php\/hanyu\/paso_al_plena_posedo\/paso-dudekkvina\">25<\/a> <a href=\"https:\/\/reto.cn\/php\/hanyu\/paso_al_plena_posedo\/paso-dudeksesa\">26<\/a> <a href=\"https:\/\/reto.cn\/php\/hanyu\/paso_al_plena_posedo\/paso-dudeksepa\">27<\/a> <a href=\"https:\/\/reto.cn\/php\/hanyu\/paso_al_plena_posedo\/paso-dudekoka\">28<\/a> <a href=\"https:\/\/reto.cn\/php\/hanyu\/paso_al_plena_posedo\/paso-dudeknaua\">29<\/a> <a href=\"https:\/\/reto.cn\/php\/hanyu\/paso_al_plena_posedo\/paso-trideka\">30<\/a>\u00a0\u00a0<a href=\"https:\/\/reto.cn\/php\/hanyu\/paso_al_plena_posedo\/solvoj\">SOLVOJ<\/a> <a href=\"https:\/\/reto.cn\/php\/hanyu\/paso_al_plena_posedo\/por-pasi-pluen\/\">POR PA\u015cI PLUEN<\/a><\/p>\n<\/div>\n<\/div>\n","protected":false},"excerpt":{"rendered":"<p>\u9ad8\u7ea7\u4e16\u754c\u8bed\u6559\u7a0b \u7b2c7\u8bfe Pa\u015doj al plena posedo PA\u015cO SEPA VORTARO ADM\u2026 <span class=\"read-more\"><a href=\"https:\/\/reto.cn\/php\/hanyu\/paso_al_plena_posedo\/paso-sepa\/\">\u7ee7\u7eed\u9605\u8bfb Legi pli &raquo;<\/a><\/span><\/p>\n","protected":false},"author":1,"featured_media":0,"parent":240,"menu_order":7,"comment_status":"open","ping_status":"closed","template":"","meta":{"footnotes":""},"_links":{"self":[{"href":"https:\/\/reto.cn\/php\/hanyu\/wp-json\/wp\/v2\/pages\/5657"}],"collection":[{"href":"https:\/\/reto.cn\/php\/hanyu\/wp-json\/wp\/v2\/pages"}],"about":[{"href":"https:\/\/reto.cn\/php\/hanyu\/wp-json\/wp\/v2\/types\/page"}],"author":[{"embeddable":true,"href":"https:\/\/reto.cn\/php\/hanyu\/wp-json\/wp\/v2\/users\/1"}],"replies":[{"embeddable":true,"href":"https:\/\/reto.cn\/php\/hanyu\/wp-json\/wp\/v2\/comments?post=5657"}],"version-history":[{"count":0,"href":"https:\/\/reto.cn\/php\/hanyu\/wp-json\/wp\/v2\/pages\/5657\/revisions"}],"up":[{"embeddable":true,"href":"https:\/\/reto.cn\/php\/hanyu\/wp-json\/wp\/v2\/pages\/240"}],"wp:attachment":[{"href":"https:\/\/reto.cn\/php\/hanyu\/wp-json\/wp\/v2\/media?parent=5657"}],"curies":[{"name":"wp","href":"https:\/\/api.w.org\/{rel}","templated":true}]}}