{"id":5677,"date":"2019-05-25T21:56:40","date_gmt":"2019-05-25T13:56:40","guid":{"rendered":"http:\/\/reto.cn\/php\/hanyu\/?page_id=5677"},"modified":"2022-02-02T13:19:46","modified_gmt":"2022-02-02T05:19:46","slug":"paso-dekdua","status":"publish","type":"page","link":"https:\/\/reto.cn\/php\/hanyu\/paso_al_plena_posedo\/paso-dekdua\/","title":{"rendered":"\u7b2c12\u8bfe Pa\u015do Dekdua"},"content":{"rendered":"<p>\u9ad8\u7ea7\u4e16\u754c\u8bed\u6559\u7a0b \u7b2c12\u8bfe<\/p>\n<h1>Pa\u015doj al plena posedo<\/h1>\n<div class=\"page\">\n<div class=\"text\">\n<h2 style=\"text-align: center;\">PA\u015cO DEKDUA<\/h2>\n<h1>VORTARO<\/h1>\n<p><b>ALARMO<\/b>: signalvoko.<br \/>\n<b>ASEKURI<\/b>: kontrakti kontra\u016d eventuala perdo.<br \/>\n<b>AUDIENCO<\/b>: oficiala akcepto.<br \/>\n<b>BANDO<\/b>: ara\u0109o.<br \/>\n<b>BOMBO<\/b>: eksploda\u0135o.<br \/>\n<b>BOVO<\/b>: kampara besto, kies ino donas lakton.<br \/>\n<b>DEMONO<\/b>: diablo.<br \/>\n<b>EKSTERMI<\/b>: tute detrui, neniigi.<br \/>\n<b>ELEFANTO<\/b>: plej granda landbesto.<br \/>\n<b>FLOKO<\/b>: malpeza peceto.<br \/>\n<b>FOJNO<\/b>: sekigita herbo.<br \/>\n<b>FORMIKO<\/b>: speco de insekto,tre laborema.<br \/>\n<b>GAJNI<\/b>: akiri profite.<br \/>\n<b>GRENO<\/b>: kreska\u0135o, el kiu oni faras panon.<br \/>\n<b>GURDO<\/b>: muzikilo, kiun oni funkciigas per turnilo.<br \/>\n<b>INCENDIO<\/b>: brulego.<br \/>\n<b>INDULGI<\/b>: trakti pardoneme.<br \/>\n<b>KA\u0108O<\/b>: man\u011da\u0135o el faruno, kun lakto a\u016d akvo.<br \/>\n<b>KAPRO<\/b>: barbhava kampara besto.<br \/>\n<b>KOMFORTO<\/b>: \u0109io, kio agrabligas la vivon.<br \/>\n<b>LAKTO<\/b>: blanka flua\u0135o de bovino.<br \/>\n<b>LAMENTI<\/b>: plendadi \u011demante.<br \/>\n<b>MU\u015cO<\/b>: fluginsekto.<br \/>\n<b>PLEDI<\/b>: prezenti sian aferon anta\u016d ju\u011disto.<br \/>\n<b>LOTI<\/b>: decidi ion la\u016d hazardo.<br \/>\n<b>LINO<\/b>: kreska\u0135o, el kiu oni faras tolon.<br \/>\n<b>PORKO<\/b>: besto, kiun oni grasigas por man\u011di.<br \/>\n<b>PROFESIO<\/b>: okupo, per kiu oni vivtenas sin.<br \/>\n<b>PROVIANTO<\/b>: provizoj de man\u011da\u0135o.<br \/>\n<b>PRUNO<\/b>: speco de frukto.<br \/>\n<b>PULO<\/b>: parazita sudinsekto.<br \/>\n<b>SAKO<\/b>: ujo el maldelikata \u015dtofo.<br \/>\n<b>SEKALO<\/b>: speco de greno.<br \/>\n<b>SEMI<\/b>: dis\u0135eti grajnojn sur la teron.<br \/>\n<b>STALO<\/b>: bestlo\u011dejo.<br \/>\n<b>STERKO<\/b>: io uzata por plifekundigi la teron.<br \/>\n<b>SVARMI<\/b>: amase kunestadi kaj movi\u011di.<br \/>\n<b>SVATI<\/b>: sin proponi al iu kiel edz<span class=\"rem\">(in)<\/span>on.<br \/>\n<b>TABAKO<\/b>: sekigitaj folioj, kiujn oni fumas.<br \/>\n<b>TASKO<\/b>: difinita laboro.<br \/>\n<b>TERNI<\/b>: brue kaj subite elspiri tra la nazo.<br \/>\n<span class=\"rem\">(<b>BRIKSEN<\/b> = ekzilloko de la a\u016dtoro.)<\/span><\/p>\n<h1>LEGA\u0134O<\/h1>\n<h2>DIA MASTRUMADO<\/h2>\n<p><span class=\"rem\">(Parolas Peruno, dio de la antikvaj slavoj:)<\/span><\/p>\n<p>\u201cVi sensperte vivas certe,<br \/>\nneestinte dio.<br \/>\nFalse \u015dajnas, ke mi gajnas<br \/>\nen la profesio!<\/p>\n<p>Mi matene devas pene<br \/>\nrosi kampan valon,<br \/>\nhejti sunon, kaj la lunon<br \/>\nfermi en la stalon.<\/p>\n<p>Noktfantomojn kaj demonojn<br \/>\nen la sakon loki,<br \/>\nla stelflokojn kiel kokojn<br \/>\nal nestejo voki.<\/p>\n<p>\u0108ies bu\u015do: birdo, mu\u015do,<br \/>\npulp, elefanto,<br \/>\nfrue jam \u011di volas man\u011di<br \/>\nel di-provianto.<\/p>\n<p>La ekstaro de 1&#8242; homaro,<br \/>\nah, \u011di ka\u016dzas servojn!<br \/>\nLa lamento de l&#8217; homgento<br \/>\n\u015diras miajn nervojn!<\/p>\n<p>Nur se pikoj de formikoj<br \/>\nvian a\u016ddon \u011denus,<br \/>\nla matenan audiencon<br \/>\neble vi komprenus.<\/p>\n<p>Pre\u011doj svarmas kaj alarmas,<br \/>\n\u011dis mi preska\u016d surdas:<br \/>\ntiu kantas, flustras, larmas,<br \/>\ntiu psalmojn gurdas.<\/p>\n<p>\u0108u kalkuli la postulojn?<br \/>\nEstus vane peni!<br \/>\nKapo krevus, se mi devus<br \/>\n\u011din nur memorteni:<\/p>\n<p>Doni sanon kaj infanon,<br \/>\npanon por satman\u011di;<br \/>\nke fabrikoj \u0109esu \u015dpini,<br \/>\ndevus di&#8217; aran\u011di!<\/p>\n<p>\u2018Gardu grenon kaj \u011dardenon!&#8217;<br \/>\noni al mi taskas;<br \/>\nnova krio: \u2018Helpu dio!<br \/>\nLa bovino naskas!&#8217;<\/p>\n<p>La vetero estu varma<br \/>\nkaj samtempe frosta,<br \/>\nla sekalo estu kara<br \/>\nkaj malmultekosta.<\/p>\n<p>Pluvu! Iu semis linon,<br \/>\ndi&#8217; \u011din rosu bene!<br \/>\nPluvi? Oj ne! Sed porfojne<br \/>\nbrilu sun&#8217; serene!<\/p>\n<p>Ve, ke estis virina\u0109oj<br \/>\nestigitaj per mi!<br \/>\nLa \u0109agrenan bandon \u011denan<br \/>\ndevos mi ekstermi!<\/p>\n<p>Tondro ilin&#8230;! Jam e\u0109 dio<br \/>\ndevas ja blasfemi!<br \/>\nSe ne laktas la kaprino,<br \/>\nili plendas de mi.<\/p>\n<p>\u0108iu vivus ne per zorgoj,<br \/>\nsed per pre\u011dovorto,<br \/>\nkvaza\u016d oni havus dion<br \/>\nsole por komforto.<\/p>\n<p>Akvon, sekon, kampan sterkon<br \/>\ndio disdonacu!<br \/>\nSe porkulo sanon perdis,<br \/>\nmi lin rekuracu!<\/p>\n<p>\u015ci min tedas, de mi pledas,<br \/>\nke \u015din oni svatu;<br \/>\nedzo pre\u011das, ke jam tondro<br \/>\n1a edzinon batu!<\/p>\n<p>Kiu volas loton gajni,<br \/>\nsuba\u0109etas dion;<br \/>\nkiu pagis asekuron,<br \/>\nvolas incendion!<\/p>\n<p>Ho, se mi ne tro indulgus<br \/>\nvin, la hombanda\u0109on,<br \/>\nmi vin premus kiel prunojn,<br \/>\nfarus el vi ka\u0109on!\u201d<\/p>\n<p>Li enspiris naztabakon,<br \/>\nternis bombobrue&#8230;<br \/>\nTondro frapis, fulmo fajris,<br \/>\npluvo \u015dprucis flue.<\/p>\n<p>Kredu, frato! Ne amuzas<br \/>\ntiu di-ekzerco!<br \/>\nBriksen mem \u2014 kompare tion \u2014<br \/>\nestas preska\u016d \u015derco.<\/p>\n<p><em>Karel Havli\u010dek Borovsk\u00fd<\/em><br \/>\n<em>el la \u0109e\u0125a: Tom\u00e1\u0161 Pumpr<\/em><br \/>\n<em><span class=\"rem\">(el \u201cLa Bapto de Caro Vladimir\u201d)<\/span><\/em><\/p>\n<div align=\"center\"><\/div>\n<h1>EKZERCOJ<\/h1>\n<p>64. Leginte la supran poemon, respondu jenajn demandojn:<\/p>\n<div class=\"indent\">\n<p>1. \u0108u Peruno estas kontenta, estante dio?<br \/>\n2. Skribu frazon samsignifan, anstata\u016d la vorto \u201cmatene\u201d.<br \/>\n3. \u201cFermi en la stalon&#8221;\u201d: kial akuzativo, kaj kiel \u011di helpas la bildon?<br \/>\n4. La poeto similigas la stelojn al du tute malsamaj a\u0135oj : al kiuj?<br \/>\n5. La poeto rimas per \u201cjam \u011di\u201d kaj \u201cman\u011di\u201d: tiajn ne tute perfektajn rimojn oni nomas \u201crimoidoj\u201d. Kiujn aliajn rimoidojn vi trovas en la poemo?<br \/>\n6. Al kio komparas Peruno la pre\u011dojn de la homaro?<br \/>\n7. Kial Peruno ne povas kontentigi \u0109ies pre\u011dojn?<br \/>\n8. Certe vi povas diveni la\u016d la kunteksto la senton esprimatan per la interjekcio \u201cOj!\u201d Kion \u011di esprimas?<br \/>\n9. \u201cTondro ilin &#8230;!\u201d Kiu vorto, la\u016d via opinio, kompletigus tiun frazon?<br \/>\n10. Kial homo, kiu pagis asekuron, volus incendion?<\/p>\n<\/div>\n<p>65. En la sekvantaj propoziciojn enmetu korekte jenajn prepoziciojn:<\/p>\n<div class=\"indent\">\n<p>AL ANSTATA\u016c ANTA\u016c APUD \u0108IRKA\u016c DA DE DUM EKSTER EL.<\/p>\n<p>1. _________ la tuta tago li laboris _________ mi, tiel ke ni restis \u0109iam kune.<br \/>\n2. ___________ la tagmezo, tre proksimume, ni iris _________ la domo kaj laboris __________ pluraj horoj __________ dome.<br \/>\n3. ___________ la bovino mi ekhavis iom ___________ lakto, kaj mi trinkis tion __________ akvo.<br \/>\n4. Balda\u016d ni trovis nin __________ dan\u011dero, kaj ne plu timis la vojon _________ ni.<br \/>\n5. La steloj eklumis __________ la klara \u0109ielo sen e\u0109 ombro _________ nubo.<br \/>\n6. __________ fojno li havis multe, kiun li amasigis _________ la stalo.<br \/>\n7. Mi sopiras __________ mia hejmo, kie zorgojn oni povas restigi __________ la domo.<br \/>\n8. La akuzito pledis _________ la ju\u011distaro, dirante, ke alia devus stari tie _____________ li.<br \/>\n9. ___________ la amaso, kiu staris _________ li, li kriis, ke li estas amiko _________ la popolo.<br \/>\n10. La __________ starantoj _________ brakis lin, tuj kiam li promesis ________i sian amikon.<\/p>\n<\/div>\n<p>66. Klarigu la sencan diferencon inter jenaj propozicioj:<\/p>\n<div class=\"indent\">\n<p>1.<span class=\"rem\">(a)<\/span> La malfeli\u0109ulo ripro\u0109s sin; <span class=\"rem\">(b)<\/span> la malfeli\u0109ulo ripro\u0109is lin.<br \/>\n2. <span class=\"rem\">(a)<\/span> Sin rapide liberiginte li forkuris el la \u0109ambro; <span class=\"rem\">(b)<\/span> Lin rapide liberiginte li forkuris el la \u0109ambro; <span class=\"rem\">(c)<\/span> Lin rapide liberiginte li forkurigis lin el la \u0109ambro; <span class=\"rem\">(d)<\/span> Sin rapide liberiginte li forkurigis lin el la \u0109ambro; <span class=\"rem\">(e)<\/span> Sin rapide liberi\u011dintan li forpafis el la \u0109ambro.<br \/>\n3. <span class=\"rem\">(a)<\/span> Sian novan domon ili trovis ne tre oportuna; <span class=\"rem\">(b)<\/span> \u015cian novan domon ili trovis ne tre oportuna; <span class=\"rem\">(c)<\/span> Ilian novan domon ili trovis ne tre oportuna.<\/p>\n<\/div>\n<p>67. Uzu jenajn vortojn korekte en propozicioj:<\/p>\n<div class=\"indent\">\n<p>SIATEMPE SIAFLANKE SIAVICE SIANOME.<\/p>\n<\/div>\n<p>68. Verku konversacion inter dio kaj diablo <span class=\"rem\">(a\u016d demono)<\/span>. A\u016d traktaton por a\u016d kontra\u016d la sinteno de Peruno. A\u016d mallongan versa\u0135on, per kiu la homoj ripro\u0109as Perunon.<\/p>\n<p>Enhavo <a href=\"https:\/\/reto.cn\/php\/hanyu\/paso_al_plena_posedo\/antauklarigo\">Anta\u016dklarigo<\/a> <a href=\"https:\/\/reto.cn\/php\/hanyu\/paso_al_plena_posedo\/paso-unua\">01<\/a> <a href=\"https:\/\/reto.cn\/php\/hanyu\/paso_al_plena_posedo\/paso-dua\">02<\/a> <a href=\"https:\/\/reto.cn\/php\/hanyu\/paso_al_plena_posedo\/paso-tria\">03<\/a> <a href=\"https:\/\/reto.cn\/php\/hanyu\/paso_al_plena_posedo\/paso-kvara\">04<\/a> <a href=\"https:\/\/reto.cn\/php\/hanyu\/paso_al_plena_posedo\/paso-kvina\">05<\/a> <a href=\"https:\/\/reto.cn\/php\/hanyu\/paso_al_plena_posedo\/paso-sesa\">06<\/a> <a href=\"https:\/\/reto.cn\/php\/hanyu\/paso_al_plena_posedo\/paso-sepa\">07<\/a> <a href=\"https:\/\/reto.cn\/php\/hanyu\/paso_al_plena_posedo\/paso-oka\">08<\/a> <a href=\"https:\/\/reto.cn\/php\/hanyu\/paso_al_plena_posedo\/paso-naua\">09<\/a> <a href=\"https:\/\/reto.cn\/php\/hanyu\/paso_al_plena_posedo\/paso-deka\">10<\/a> <a href=\"https:\/\/reto.cn\/php\/hanyu\/paso_al_plena_posedo\/paso-dekunua\">11<\/a> 12 <a href=\"https:\/\/reto.cn\/php\/hanyu\/paso_al_plena_posedo\/paso-dektria\">13<\/a> <a href=\"https:\/\/reto.cn\/php\/hanyu\/paso_al_plena_posedo\/paso-dekkvara\">14<\/a> <a href=\"https:\/\/reto.cn\/php\/hanyu\/paso_al_plena_posedo\/paso-dekkvina\">15<\/a> <a href=\"https:\/\/reto.cn\/php\/hanyu\/paso_al_plena_posedo\/paso-deksesa\">16<\/a> <a href=\"https:\/\/reto.cn\/php\/hanyu\/paso_al_plena_posedo\/paso-deksepa\">17<\/a> <a href=\"https:\/\/reto.cn\/php\/hanyu\/paso_al_plena_posedo\/paso-dekoka\">18<\/a> <a href=\"https:\/\/reto.cn\/php\/hanyu\/paso_al_plena_posedo\/paso-deknaua\">19<\/a> <a href=\"https:\/\/reto.cn\/php\/hanyu\/paso_al_plena_posedo\/paso-dudeka\">20<\/a> <a href=\"https:\/\/reto.cn\/php\/hanyu\/paso_al_plena_posedo\/paso-dudukunua\">21<\/a> <a href=\"https:\/\/reto.cn\/php\/hanyu\/paso_al_plena_posedo\/paso-dudekdua\">22<\/a> <a href=\"https:\/\/reto.cn\/php\/hanyu\/paso_al_plena_posedo\/paso-dudektria\">23<\/a> <a href=\"https:\/\/reto.cn\/php\/hanyu\/paso_al_plena_posedo\/paso-dudekkvara\">24<\/a> <a href=\"https:\/\/reto.cn\/php\/hanyu\/paso_al_plena_posedo\/paso-dudekkvina\">25<\/a> <a href=\"https:\/\/reto.cn\/php\/hanyu\/paso_al_plena_posedo\/paso-dudeksesa\">26<\/a> <a href=\"https:\/\/reto.cn\/php\/hanyu\/paso_al_plena_posedo\/paso-dudeksepa\">27<\/a> <a href=\"https:\/\/reto.cn\/php\/hanyu\/paso_al_plena_posedo\/paso-dudekoka\">28<\/a> <a href=\"https:\/\/reto.cn\/php\/hanyu\/paso_al_plena_posedo\/paso-dudeknaua\">29<\/a> <a href=\"https:\/\/reto.cn\/php\/hanyu\/paso_al_plena_posedo\/paso-trideka\">30<\/a>\u00a0\u00a0<a href=\"https:\/\/reto.cn\/php\/hanyu\/paso_al_plena_posedo\/solvoj\">SOLVOJ<\/a> <a href=\"https:\/\/reto.cn\/php\/hanyu\/paso_al_plena_posedo\/por-pasi-pluen\/\">POR PA\u015cI PLUEN<\/a><\/p>\n<\/div>\n<\/div>\n<div class=\"page\">\n<hr size=\"1\" \/>\n<\/div>\n","protected":false},"excerpt":{"rendered":"<p>\u9ad8\u7ea7\u4e16\u754c\u8bed\u6559\u7a0b \u7b2c12\u8bfe Pa\u015doj al plena posedo PA\u015cO DEKDUA VORTARO \u2026 <span class=\"read-more\"><a href=\"https:\/\/reto.cn\/php\/hanyu\/paso_al_plena_posedo\/paso-dekdua\/\">\u7ee7\u7eed\u9605\u8bfb Legi pli &raquo;<\/a><\/span><\/p>\n","protected":false},"author":1,"featured_media":0,"parent":240,"menu_order":12,"comment_status":"open","ping_status":"closed","template":"","meta":{"footnotes":""},"_links":{"self":[{"href":"https:\/\/reto.cn\/php\/hanyu\/wp-json\/wp\/v2\/pages\/5677"}],"collection":[{"href":"https:\/\/reto.cn\/php\/hanyu\/wp-json\/wp\/v2\/pages"}],"about":[{"href":"https:\/\/reto.cn\/php\/hanyu\/wp-json\/wp\/v2\/types\/page"}],"author":[{"embeddable":true,"href":"https:\/\/reto.cn\/php\/hanyu\/wp-json\/wp\/v2\/users\/1"}],"replies":[{"embeddable":true,"href":"https:\/\/reto.cn\/php\/hanyu\/wp-json\/wp\/v2\/comments?post=5677"}],"version-history":[{"count":0,"href":"https:\/\/reto.cn\/php\/hanyu\/wp-json\/wp\/v2\/pages\/5677\/revisions"}],"up":[{"embeddable":true,"href":"https:\/\/reto.cn\/php\/hanyu\/wp-json\/wp\/v2\/pages\/240"}],"wp:attachment":[{"href":"https:\/\/reto.cn\/php\/hanyu\/wp-json\/wp\/v2\/media?parent=5677"}],"curies":[{"name":"wp","href":"https:\/\/api.w.org\/{rel}","templated":true}]}}