{"id":5688,"date":"2019-05-26T09:18:13","date_gmt":"2019-05-26T01:18:13","guid":{"rendered":"http:\/\/reto.cn\/php\/hanyu\/?page_id=5688"},"modified":"2022-02-02T13:26:34","modified_gmt":"2022-02-02T05:26:34","slug":"paso-dudeka","status":"publish","type":"page","link":"https:\/\/reto.cn\/php\/hanyu\/paso_al_plena_posedo\/paso-dudeka\/","title":{"rendered":"\u7b2c20\u8bfe Pa\u015do Dudeka"},"content":{"rendered":"<p>\u9ad8\u7ea7\u4e16\u754c\u8bed\u6559\u7a0b \u7b2c20\u8bfe<\/p>\n<h1>Pa\u015doj al plena posedo<\/h1>\n<div class=\"page\">\n<div class=\"text\">\n<h2 style=\"text-align: center;\">PA\u015cO DUDEKA<\/h2>\n<h1>VORTARO<\/h1>\n<p><b>APARTA<\/b>: malkuna, disigita de.<br \/>\n<b>ATRIBUI<\/b>: destini; aljugi.<br \/>\n<b>BARIO<\/b>: ar\u011dentblanka metalo.<br \/>\n<b>BIOLOGIO<\/b>: scienco pri la fenomenoj de la vivo.<br \/>\n<b>BISMUTO<\/b>: flavblanka metalo.<br \/>\n<b>CIVILIZI<\/b>: socie kulturi.<br \/>\n<b>DISERTACIO<\/b>: verko traktanta pri scienca a\u016d literatura temo.<br \/>\n<b>DOKTORO<\/b>: plej alta universitata diplomo.<br \/>\n<b>EFIKI<\/b>: havi rezulton.<br \/>\n<b>EKSPLIKI<\/b>: klarigi kaj komprenigi ion.<br \/>\n<b>ERAO<\/b>: difinita epoko.<br \/>\n<b>ERCO<\/b>: neprilaborita metalo.<br \/>\n<b>FAKULTATO<\/b>: fako de universitato.<br \/>\n<b>FASCINI<\/b>: nerezisteble allogi.<br \/>\n<b>FORMULO<\/b>: preciza dirformo.<br \/>\n<b>HELIUMO<\/b>: unu el la kemiajelementoj\u00a0<span class=\"rem\">(He)<\/span>.<br \/>\n<b>INDUSTRIO<\/b>: produktado de ri\u0109a\u0135oj.<br \/>\n<b>INICIATI<\/b>: esti la unua, kiu proponas a\u016d faras ion novan.<br \/>\n<b>INSTITUTO<\/b>: nomo de scienca a\u016d artista altlernejo.<br \/>\n<b>INTUICIO<\/b>: kvaza\u016dinstinkta kono.<br \/>\n<b>IRONIO<\/b>: moka dirmaniero.<br \/>\n<b>IZOTOPO<\/b>: atomo de elemento,kies atompezo diferencas.<br \/>\n<b>JONO<\/b>: atomo, kiu gajnis a\u016d perdis elektronojn.<br \/>\n<b>JONIZI<\/b>: produkti jonojn.<br \/>\n<b>KALIO<\/b>: unu el la kemiaj elementoj\u00a0<span class=\"rem\">(K)<\/span>.<br \/>\n<b>KATEDRO<\/b>: profesora se\u011do.<br \/>\n<b>KLI\u015cO<\/b>: fotografia negativo.<br \/>\n<b>KOMPONI<\/b>: harmonie aran\u011di;kunigi la kemiajn elementojn de io.<br \/>\n<b>KONDI\u0108O<\/b>: cirkonstanco de kiu dependas efektivi\u011do.<br \/>\n<b>KORTO<\/b>: spaco \u0109irka\u016dita de konstruoj a\u016d muroj.<br \/>\n<b>KUPRO<\/b>: brunru\u011da peza metalo<span class=\"rem\">\u00a0(Cu)<\/span>.<br \/>\n<b>KURENTO<\/b>: fluo de elektro.<br \/>\n<b>LAVANGO<\/b>: falanta ne\u011damasego.<br \/>\n<b>LICENCIO<\/b>: universitata rango.<br \/>\n<b>LISTO<\/b>: serio de nomoj.<br \/>\n<b>LONDONO<\/b>: la \u0109efurbo de Britujo.<br \/>\n<b>MAKROKOSMO<\/b>: la tuta universo.<br \/>\n<b>MANSARDO<\/b>: subtegmenta \u0109ambro.<br \/>\n<b>MATERIO<\/b>: perceptebla substanco.<br \/>\n<b>MEDALO<\/b>: metala honoriga disko,stampita amba\u016dflanke.<br \/>\n<b>MEDICINO<\/b>: scienco pri sano kaj malsano.<br \/>\n<b>MIKROKOSMO<\/b>: malgranda universo; modelo de 1a universo.<br \/>\n<b>MODELO<\/b>: malgranda kopia\u0135o de io.<br \/>\n<b>MOLEKULO<\/b>: plej malgranda ero de kemia korpo.<br \/>\n<b>NUKLEO<\/b>: atomkerno.<br \/>\n<b>OMA\u011cI<\/b>: fari honoron al iu.<br \/>\n<b>PARIZO<\/b>: la \u0109efurbo de Francujo.<br \/>\n<b>PERSPEKTIVO<\/b>: aspekto de io malproksima.<br \/>\n<b>POLA<\/b>: rilata al Pollando.<br \/>\n<b>PRECEDENCO<\/b>: pasinta\u0135o, kiu pravigas nunan agadon.<br \/>\n<b>PROFESORO<\/b>: fakestro en universitato.<br \/>\n<b>RADIKALA<\/b>: \u011disfunda, esenca.<br \/>\n<b>RADIOLOGIO<\/b>: scienco pri radiokrea energio.<br \/>\n<b>RANGO<\/b>: grado de graveco de iu.<br \/>\n<b>SOLDATO<\/b>: nmilitisto.<br \/>\n<b>SORBONO<\/b>: la universitato en Parizo.<br \/>\n<b>SPONTANA<\/b>: propravola; ekestanta sen ekstera influo.<br \/>\n<b>STRUKTURO<\/b>: kunaran\u011do de diversaj partoj de tuta\u0135o.<br \/>\n<b>SUBSTANCO<\/b>: \u0109iu speco de materio.<br \/>\n<b>TERAPIO<\/b>: arto kuraci.<br \/>\n<b>TITOLO<\/b>: nomo montranta rangon.<br \/>\n<b>TORIO<\/b>: unu el la kemiaj elementoj\u00a0<span class=\"rem\">(Th)<\/span>.<br \/>\n<b>TRAFIKO<\/b>: \u0109irka\u016dirado sur vojoj.<br \/>\n<b>TRAGIKA<\/b>: terure malfeli\u0109a.<br \/>\n<b>TUMORO<\/b>: malsaneca \u0109elaro kreskanta en organismo.<br \/>\nVARSOVIO: la \u0109efurbo de Pollando.<\/p>\n<h1>LEGA\u0134O<\/h1>\n<h2>LA VERKO DE MARIA SK\u0141ODOWSKA-CURIE<\/h2>\n<p>A\u016dtune de 1891 en la pariza Sorbono komencas studadon juna polino \u2014 Maria Sk\u0142odowska, alveninta el la lando, kiu de cent jaroj estis mallibera. Lo\u011dante en eta, nehejtita mansardo, sur la sesa eta\u011do de iu domo en Quartier Latin, baraktante kontra\u016d la \u0109iama manko de mono kaj la malfacila\u0135oj de la vivo en fremda lando, \u015di studas samtempe fizikon kaj matematikon. Jam en 1893 Maria Sk\u0142odowska fari\u011dis licenciatino pri fiziko, akirante la unuan lokon; unu jaron pli poste, sur la dua loko, \u015di fari\u011dis licenciatino pri matematiko. \u015ci ekkonas tiam la jam elstaran francan fizikiston, Pierre Curie, kiu fari\u011das \u015dia edzo kaj la plej proksima scienca kunlaboranto. Komence la juna sciencistino okupi\u011das pri la esploroj super magnetismo \u2014 tamen balda\u016d turninte la atenton sur la mirigan observon de Henri Becquerel, \u015di decidas ekokupi\u011di pri la radiado eligata de la plej peza el inter la konataj tiam elementoj \u2014 uranio.<\/p>\n<p>En tiu tempo unu el la plej grandaj sciencaj enigmoj estis la trapenetrantaj radioj, malkovritaj en 1895 fare de Konrad Roentgen dum la esploroj super la elektraj mal\u015dar\u011doj en maldensigitaj gasoj. Becquerel provis difini, \u0109u la kemiaj kombinoj de uranio anka\u016d eligas similajn radiojn \u2014 hazarde li rimarkis, ke prepara\u0135oj de uraniatoj nigrigas fotokli\u015don tute spontane, anta\u016d prilumigo a\u016d efikado per elektra kurento. El kie do fontis la energio de \u0109i tiuj misteraj nevideblaj radioj, efikantaj sur la kli\u015don kaj jonizantaj la aeron.\u00a0<span class=\"rem\">(t.e. farantaj el la aero elektrokondukilon)<\/span>? Maria Sk\u0142odowska kun la tuta energio komencis esplorojn pri \u0109i tiu problemo \u2014 la genia scienca intuicio tuj montris al \u015di la vastecon de la perspektivoj, kiujn ekmalfermis la malkovro de Becquerel.<\/p>\n<p>En la komenco de la esploroj la juna sciencistino formulas la le\u011don, kiu estas la fundamento de la novmalkovrita sfero de la fenomenoj, nomitaj de \u015di radioaktiveco de la materio; la radiadkapablo estas eco de elemento kaj ne de la kemiaj kombinoj\u00a0<span class=\"rem\">(kion komence sugestis aliaj fizikistoj)<\/span>, kaj la intenseco de la radiado estas proporcia al la kvanto de \u0109i tiu elemento en koncema radioaktiva substanco. Sekve, la novmalkovrita de \u015di propreco de la materio kaj nomita radioaktiveco \u2014 estas la atoma eco de difinitaj elementoj.<\/p>\n<p>Maria Sk\u0142odowska aplikas novajn metodojn de mezurado de la mistera fenomeno. Balda\u016d \u015di malkovris, ke krom uranio la radioaktivajn ecojn havas anka\u016d torio. Esplorante la uraniajn ercojn \u015di konstatas, ke ili montras e\u0109 pli grandan radian aktivecon ol la kemie pura uranio. \u0108i tiu fakto mirigis kaj surprizis tiutempajn fizikistojn. Juna doktorkandidatino en Sorbono\u00a0<span class=\"rem\">(kaj en tiu tempo \u015diaj sciencaj aktivadoj, pro la fakto mem, ke \u015di estis virino, e\u0109 juna virino, elvokadis kelkfoje ironiajn rimarkojn flanke de pli a\u011daj profesoroj)<\/span>\u00a0ne hezitis fari kura\u011dan, kaj e\u0109 \u2014 la\u016d ies rimarko \u2014 \u201csimple fantazian\u201d hipotezon: en la uraniaj ercoj trovi\u011das nekonata \u011dis nun en la scienco kemia elemento pli aktiva ol uranio. Kaj krome \u2014 devas ekzisti pliaj radioaktivaj elementoj. Sk\u0142odowska anta\u016dvidas, du eble anta\u016dsentas \u2014 jam tiam \u2014 ke tiel esenca eco de la materialo, kiel la radiado, devas esti ligita kun iuj fundamentaj, \u011deneralaj naturaj le\u011doj.<\/p>\n<p>Pierre Curie, profunde fascinita per la esploroj de la edzino rezignas pri siaj \u011disnunaj eksperimentoj en alia sfero de fiziko kaj komencas kunlaboron kun Maria \u2014 kiun kunlaboron finigos lia tragika morto sub la radoj de \u015dar\u011dveturilo en 1906.<\/p>\n<p>En la jaro 1898 geedzoj Curie publikigas komunikon, en kiu ili konstatas la malkovron de du novaj kemiaj elementoj \u2014 unuan, pro siaj karakteriza\u0135oj proksima al bismuto, ili nomis \u201cpolonio\u201d<span class=\"rem\">(\u201c&#8230; se ekzisto de \u0109i tiu nova elemento konfirmi\u011dos, ni proponas nomi \u011din polonio, la\u016d la gepatra lando de unu el ni\u201d)<\/span>, kaj la alia, simila al bario, \u201cradiumo\u201d.<\/p>\n<p>Nun necesis apartigi el la ercoj kaj ricevi en la pura stato du elementojn. Tio estis penego tute eksterordinara kaj pro la \u011deneralaj malfacila\u0135oj de la apartigado de nekonataj substancoj, kaj pro la escepte malfacilaj laborkondi\u0109oj de geedzoj Curie. La sciencistoj disponis sole pri unu malnova budo en la korto de la Lernejo pri Industria Fiziko kaj Kemio, \u0109e la strato Lhomond. En \u0109i tiu hazarda laboratorio \u201c&#8230; ni laboris \u2014 preska\u016d sen ies helpo \u2014 dum du jaroj, okupi\u011dante kune kaj pri la kemiaj laboroj, kaj pri la sciencaj esploroj super la radiado de \u0109iam pli forte radioaktivaj elementoj, kiujn ni iom post iom ricevadis.\u201d<\/p>\n<p>La rezultojn de la esploroj en la malnova budo publikigas Maria Sk\u0142odowska en la jaro 1903 en la doktori\u011da disertacio \u201cLa esploroj super la radioaktivaj elementoj\u201d. La Fakultato de Ekzaktaj Sciencoj en Sorbono atribuas al \u015di la titolon \u2014 doktoro de la fizikaj sciencoj. La Re\u011da Londona Societo distingas geedzojn Curie per la ar\u011denta medalo je la nomo de Davy. Kaj en la sama jaro la scienca mondo oma\u011das la malkovrintojn de radioaktivado per la plej alta distingo \u2014 Pierre kaj Maria Curie, kune kun Henri Becquerel, ricevas Nobelpremion pri fiziko.<\/p>\n<p>Nun ilia vivsituacio \u015dan\u011di\u011das radikale. Pierre Curie investi\u011das en la Katedro pri Fiziko de Sorbono; de \u0109iuj flankoj \u015duti\u011das medaloj, invitoj, proponoj de kunlaboro.<\/p>\n<p>Post la tragika morto de la edzo en 1906, Maria Sk\u0142odowska Curie ricevas la gvidon de la Katedro pri Fiziko, komence kiel eksterordinara profesoro, kaj de la jaro 1908 \u2014 jam regula profesoro de la pariza Sorbono. La unuan fojon en la historio de la fama franca altlernejo oni konfidis katedron al virino. Maria Sk\u0142odowska difinas la atompezon de radiumo, \u015di esploras la bazajn proprecojn de polonio kaj radiumo, \u015di preparas la unuan intemacian modelon de la kvanta signado de la radiado, \u015di iniciatas la biologiajn kaj medicinajn esplorojn de radioaktiveco. Ekestas tiam nova bran\u0109o de medicino \u2014 kuriterapio \u2014 aplikanta la radiumajn radiojn por kontra\u016dbatalo de tumoroj. En 1910 la sciencistino eldonas sian klasikan, 1000-pa\u011dan verkon \u201cTraite de Radioactivite\u201d\u2014 la unuan eksplikon de la atingoj kaj principoj de la nova scienco. En decembro 1911 \u2014 la afero tute senprecedenca en la historio de la scienco \u2014 Maria Sk\u0142odowska-Curie la duan fojon ricevas Nobelpremion, \u0109ifoje pri kemio.<\/p>\n<p>Dum la Unua Mondmilito la sciencistino organizas trafikantan radiologian servon \u2014 helpo por vunditaj soldatoj \u2014 kio permesos al \u015di kolekti spertojn kaj pruvi la signifon de radiologio por kuracado. Post la milito \u015di organizas en Parizo Radiuman Instituton, estanta la monda centro de la esploroj en \u0109i tiu sfero. La\u016d \u015dia iniciato similaj institutoj fondi\u011dis en aliaj landoj, kaj anka\u016d \u2014 en 1932 \u2014 en \u015dia gepatra lando, en Varsovio\u00a0<span class=\"rem\">(Radiuma Instituto je la nomo de Maria Sk\u0142odowska-Curie)<\/span>. La listo de la distingoj kaj premioj atribuitaj al \u015di atingas jam la nombron 130. Tri uraniaj mineraloj estas nomitaj: kurito, sklodovskito, kaj kupro-sklodovskito. La plej altrangaj superaj lernejoj de la mondo lokigas \u015din sur la listoj de siaj honoraj doktoroj; cent sciencaj societcj proponas al \u015di la membrecon.<\/p>\n<p>La malkovroj en la kampo de radioaktiveco malfermis novan eraon por fiziko, biologio kaj medicino. Ankora\u016d en 1899 Maria Sk\u0142odowska starigis hipotezon pri \u201cla atoma transformi\u011dado de radiumo\u201d kaj pri la transformi\u011dado de la radioaktivaj elementoj. Tri jarojn poste W. Ramsay kaj F. Soddy konfirmis \u0109i tiun hipotezon eksperimente kaj konstatis, ke prepara\u0135oj de radiumo estas fonto de alia elemento \u2014 heliumo. Iom poste Rutherford kaj Soddy prezentis la \u011deneralan teorion de la radioaktiva malkomponi\u011do. Konfirmi\u011dis anka\u016d alia hipotezo de la genia sciencistino \u2014 ke ne sole la kemiaj elementoj kun granda atompezo\u00a0<span class=\"rem\">(kiel ekzemple uranio a\u016d radiumo)<\/span>\u00a0povas elmontri radiadon \u2014 tio devas esti pli \u011denerala eco de la materio. La \u011dustecon de \u0109i tiu hipotezo montris la malkovro de la radioaktivaj izotopoj de la malpezaj elementoj \u2014 tiaj kiel kalio kaj rubidio \u2014 kaj balda\u016d poste la malkovro de la artefarita radioaktiveco. La propreco de radioaktivado estas efektive \u011denerala propreco de la materio.<\/p>\n<p>La laboro de Maria kaj Pierre Curie, kaj poste tiu de Ernest Rutherford, permesis formi la unuan nuklean modelon de atomo, kaj ili ekkomencis la lavangan progreson de la nuklea fiziko alkondukante \u011dis la liberigo kaj ekrego de la nuklea energio. En biologio kaj medicino ekestis apartaj bran\u0109oj, ligitaj kun la aplikado de radioaktiveco. La esploroj super la influo de radioaktivado al la viva materio kaj la apliko de la radioaktivaj izotopoj en biologio malfermis novan eraon \u2014 de la molekula biologio, kiu provas hodia\u016d solvi la enigmon de la plej ka\u015ditaj fundamentoj de la vivo.<\/p>\n<p>Oni povas diri, ke la malkovro kaj esploro de la radioaktiveco de kemiaj elementoj fari\u011dis la bazo de preska\u016d la tuta nuntempa naturkono. \u0108i tiuj malkovroj \u015dan\u011dis la anta\u016dajn, falsajn konceptojn pri la konstruo de la materio kaj \u011dustendirektis la esplorojn pri \u011dia strukturo. Dank&#8217; al \u0109i tiuj unuaj malkovroj estas ebla la hodia\u016da evoluo de la nuklea tekniko, kiu ricevas la decidan signifon en la civiliza progreso sur la tero. \u201cLa Verkoj de Maria Sk\u0142odowska \u2014 skribas unu sciencisto \u2014 ka\u016dzis la potencan revolucion en la scio pri mikrokosmo, simile kiel la malkovro de Nikolao Kopernik elvokis renversi\u011don en la scienco pri makrokosmo&#8230; La revolucia transformi\u011do realigita dank&#8217;al la laboroj de Maria Sk\u0142odowska\u00a0<span class=\"rem\">(&#8230;.)<\/span>\u00a0apartenas al tiuj grandaj atingoj, kiuj influis la konceptojn de la tuta naturkono.\u201d<\/p>\n<p>** ** **<\/p>\n<p>La 4-an de julio 1934 Maria Sk\u0142odowska-Curie mortis pro la sangomalsano \u201ckiu estis sekvo de longeda\u016dra efikado de la radioaktivaj substancoj, kiujn \u015di malkovris kune kun la edzo.\u201d En la sama jaro \u015dia filino, Irena Curie, publikigas kune kun la edzo, Frideric Joliot, la komunikon pri la malkovro de la artefarita radioaktiveco de elementoj\u00a0<span class=\"rem\">(kiu malkovro anka\u016d estis balda\u016d kronita per Nobelpremio)<\/span>. Komenci\u011das la erao de radioaktivaj izotopoj kaj de la nuklea energio \u2014 nova erao en la historio de la scienco kaj de la homaro.<\/p>\n<div>\n<p>Maciej Rowiecki<br \/>\n<span class=\"rem\">(el \u201cHeroldo de Esperanto\u201d)<\/span><\/p>\n<\/div>\n<h1><br clear=\"all\" \/>EKZERCOJ<\/h1>\n<p>110. Leginte la supran artikolon, respondu jenajn demandojn:<\/p>\n<div class=\"indent\">\n<p>1. En la artikoto la a\u016dtoro uzas, kvankam la okaza\u0135oj estas jam \u0109iuj pasintaj,<\/p>\n<div class=\"indent\">\n<p>sufi\u0109e ofte la nuntempon\u00a0<span class=\"rem\">(-as)<\/span>; kelkfoje la nuntempa kaj pasinta tempoj proksime intermiksi\u011das. Ekzemple: \u201cMaria Sk\u0142odowska aplikas novajn metodojn de mezurado de la mistera fenomeno. Balda\u016d \u015di malkovris, ke &#8230;\u201d\u0108u vi povas klarigi tian uzadon de la nuntempo, kiam temas pri pasinta\u0135oj?<\/p>\n<\/div>\n<p>2. \u201cEn la uraniaj ercoj trovi\u011das nekonata \u011dis nun en la scienco kemia elemento.\u201d En tiu propozicio estas adjektiva frazo priskribanta la vorton elemento: \u201cnekonata-\u011dis-nun-en-la-scienco\u201d. Tiu vortordo disigas la vorton kun adjektiva finalo\u00a0<span class=\"rem\">(nekonata)<\/span>\u00a0disde \u011dia substantivo\u00a0<span class=\"rem\">(elemento)<\/span>; \u011di tamen metas la \u0109efan vorton en la fino de la propozicio, kaj \u011di atentigas, ke la tuta frazo devas esti konsiderata kiel adjektiva tuta\u0135o. Oni povus skribi la propozicion anka\u016d jene: \u201cEn la uraniaj ercoj trovi\u011das kemia elemento \u011dis nun nekonata en la scienco\u201d; tiu vortordo apudigas la verbon kaj \u011dian subjekton. Dank&#8217; al la libera vortordo de Esperanto, elekto estas afero de stilo, kaj oni havas diversajn eblecojn akcenti kaj elegantigi sian esprimadon. Trovu en la artikolo minimume du aliajn ekzemplojn de tiaj frazoj, kiuj disigas adjektivon kaj \u011dian substantivon.<br \/>\n3. \u201cLa lavanga progreso de la nuklea fiziko\u201d. Klarigu la tiean metaforon.<br \/>\n4. Klarigu la diferencon inter radioaktiveco kaj radioaktivado.<br \/>\n5. \u201cEl kie do fontis la energio de \u0109i tiuj misteraj, nevideblaj radioj, efikantaj sur la kli\u015don kaj jonizantaj la aeron.\u201d Reskribu tiun propozicion, ne uzante la participajn fina\u0135ojn.<br \/>\n6. \u201cTiutempaj fizikistoj.\u201d Donu sinonimon de \u201ctiutempaj\u201d.<br \/>\n7. \u201cLa kunlaboron finigos lia tragika morto.\u201d Klarigu la uzon de -ig en tiu propozicio.<br \/>\n8. \u201cTio estis penego tute eksterordinara kaj pro la \u011deneralaj malfacila\u0135oj kaj pro la escepte malfacilaj laborkondi\u0109oj.\u201d Klarigu la signifon de la duobla kaj. Per kiu alia vortparo oni povas esprimi la saman signifon?<br \/>\n9. \u201c&#8230; konfirmis \u0109i tiun hipotezon eksperimente.\u201d Anstata\u016d la vorto eksperimente, skribu samsignifan adverban frazon.<br \/>\n10. \u201cLa molekula biologio, kiu provas hodia\u016d solvi la enigmon&#8230;\u201d Tie enestas ekzemplo pri personigo: klarigu \u011din.<\/p>\n<\/div>\n<p>111. Kompletigu la subajn propoziciojn:<\/p>\n<div class=\"indent\">\n<p><span class=\"rem\">(a)<\/span>\u00a0Temas pri &#8230;\u00a0<span class=\"rem\">(b)<\/span>\u00a0Okazis ke &#8230;\u00a0<span class=\"rem\">(c)<\/span>\u00a0Pro tio, ke &#8230;\u00a0<span class=\"rem\">(d)<\/span>\u00a0\u015cajnas ke &#8230;\u00a0<span class=\"rem\">(e)<\/span>\u00a0Venas al mi en la kapon, ke &#8230;<\/p>\n<\/div>\n<p>112. En la subaj propozicioj elektu \u0109iufoje la \u011dustan vorton el tiuj inter krampoj:<\/p>\n<div class=\"indent\">\n<p><span class=\"rem\">(a)<\/span>\u00a0\u0109iu el vi ricevos\u00a0<span class=\"rem\">(LIAN, VIAN, SIAN)<\/span>\u00a0monon.<br \/>\n<span class=\"rem\">(b)<\/span>\u00a0Neniu el ni evitos\u00a0<span class=\"rem\">(NIAN, SIAN, LIAN)<\/span>\u00a0sorton.<br \/>\n<span class=\"rem\">(c)<\/span>\u00a0Karlo kaj\u00a0<span class=\"rem\">(LIA, SIA)<\/span>\u00a0frato ne povas iri al la konferenco.<br \/>\n<span class=\"rem\">(d)<\/span>\u00a0Sk\u0142odowska kaj\u00a0<span class=\"rem\">(SIA, \u015cIA)<\/span>\u00a0edzo eltrovis radiumon.<br \/>\n<span class=\"rem\">(e)<\/span>\u00a0Li volis sin liberigi de la konsciencriprocoj\u00a0<span class=\"rem\">(LIN, SIN)<\/span>\u00a0turmentantaj.<br \/>\n<span class=\"rem\">(f)<\/span>\u00a0\u015ci tre amas la kanton kantatan de\u00a0<span class=\"rem\">(\u015cIAJ, SIAJ)<\/span>\u00a0infanoj.<\/p>\n<\/div>\n<p>113. Uzu korekte en propozicioj la subajn vortojn:<\/p>\n<div class=\"indent\">\n<p>SINREGADO; SINGARDEMA; SINESTIMO; SINDONEMA; SINDETENEMA; SINKONO; SINFIDO; SINOFEREMO; SINAMO.<\/p>\n<\/div>\n<p><a name=\"114\"><\/a>114. Skribu po du propozicioj, uzante la subajn vortojn. En la unua propozicio uzu la vorton senmetafore; en la dua uzu \u011din metafore. Ekzemple:\u00a0<span class=\"rem\">(1)<\/span>\u00a0Ni rostis terpomojn en la fajro.\u00a0<span class=\"rem\">(2)<\/span>\u00a0\u015ci bruligis amofajron en mia koro.<\/p>\n<div class=\"indent\">\n<p>AKU\u015cI; AMBOSO; ARMEO; BEBO; BOJI; BUR\u011cONI; DRAKO; DRESI; FA\u016cKO; EBENA.<\/p>\n<\/div>\n<p>115. La rado; la skribado; la kalendaro. Kiu el \u0109i tiuj tri teknikaj inventoj \u015dajnas al vi la plej grava, kaj kial?<\/p>\n<p>Enhavo <a href=\"https:\/\/reto.cn\/php\/hanyu\/paso_al_plena_posedo\/antauklarigo\">Anta\u016dklarigo<\/a> <a href=\"https:\/\/reto.cn\/php\/hanyu\/paso_al_plena_posedo\/paso-unua\">01<\/a> <a href=\"https:\/\/reto.cn\/php\/hanyu\/paso_al_plena_posedo\/paso-dua\">02<\/a> <a href=\"https:\/\/reto.cn\/php\/hanyu\/paso_al_plena_posedo\/paso-tria\">03<\/a> <a href=\"https:\/\/reto.cn\/php\/hanyu\/paso_al_plena_posedo\/paso-kvara\">04<\/a> <a href=\"https:\/\/reto.cn\/php\/hanyu\/paso_al_plena_posedo\/paso-kvina\">05<\/a> <a href=\"https:\/\/reto.cn\/php\/hanyu\/paso_al_plena_posedo\/paso-sesa\">06<\/a> <a href=\"https:\/\/reto.cn\/php\/hanyu\/paso_al_plena_posedo\/paso-sepa\">07<\/a> <a href=\"https:\/\/reto.cn\/php\/hanyu\/paso_al_plena_posedo\/paso-oka\">08<\/a> <a href=\"https:\/\/reto.cn\/php\/hanyu\/paso_al_plena_posedo\/paso-naua\">09<\/a> <a href=\"https:\/\/reto.cn\/php\/hanyu\/paso_al_plena_posedo\/paso-deka\">10<\/a> <a href=\"https:\/\/reto.cn\/php\/hanyu\/paso_al_plena_posedo\/paso-dekunua\">11<\/a> <a href=\"https:\/\/reto.cn\/php\/hanyu\/paso_al_plena_posedo\/paso-dekdua\">12<\/a> <a href=\"https:\/\/reto.cn\/php\/hanyu\/paso_al_plena_posedo\/paso-dektria\">13<\/a> <a href=\"https:\/\/reto.cn\/php\/hanyu\/paso_al_plena_posedo\/paso-dekkvara\">14<\/a> <a href=\"https:\/\/reto.cn\/php\/hanyu\/paso_al_plena_posedo\/paso-dekkvina\">15<\/a> <a href=\"https:\/\/reto.cn\/php\/hanyu\/paso_al_plena_posedo\/paso-deksesa\">16<\/a> <a href=\"https:\/\/reto.cn\/php\/hanyu\/paso_al_plena_posedo\/paso-deksepa\">17<\/a> <a href=\"https:\/\/reto.cn\/php\/hanyu\/paso_al_plena_posedo\/paso-dekoka\">18<\/a> <a href=\"https:\/\/reto.cn\/php\/hanyu\/paso_al_plena_posedo\/paso-deknaua\">19<\/a> 20 <a href=\"https:\/\/reto.cn\/php\/hanyu\/paso_al_plena_posedo\/paso-dudukunua\">21<\/a> <a href=\"https:\/\/reto.cn\/php\/hanyu\/paso_al_plena_posedo\/paso-dudekdua\">22<\/a> <a href=\"https:\/\/reto.cn\/php\/hanyu\/paso_al_plena_posedo\/paso-dudektria\">23<\/a> <a href=\"https:\/\/reto.cn\/php\/hanyu\/paso_al_plena_posedo\/paso-dudekkvara\">24<\/a> <a href=\"https:\/\/reto.cn\/php\/hanyu\/paso_al_plena_posedo\/paso-dudekkvina\">25<\/a> <a href=\"https:\/\/reto.cn\/php\/hanyu\/paso_al_plena_posedo\/paso-dudeksesa\">26<\/a> <a href=\"https:\/\/reto.cn\/php\/hanyu\/paso_al_plena_posedo\/paso-dudeksepa\">27<\/a> <a href=\"https:\/\/reto.cn\/php\/hanyu\/paso_al_plena_posedo\/paso-dudekoka\">28<\/a> <a href=\"https:\/\/reto.cn\/php\/hanyu\/paso_al_plena_posedo\/paso-dudeknaua\">29<\/a> <a href=\"https:\/\/reto.cn\/php\/hanyu\/paso_al_plena_posedo\/paso-trideka\">30<\/a>\u00a0\u00a0<a href=\"https:\/\/reto.cn\/php\/hanyu\/paso_al_plena_posedo\/solvoj\">SOLVOJ<\/a> <a href=\"https:\/\/reto.cn\/php\/hanyu\/paso_al_plena_posedo\/por-pasi-pluen\/\">POR PA\u015cI PLUEN<\/a><\/p>\n<\/div>\n<\/div>\n","protected":false},"excerpt":{"rendered":"<p>\u9ad8\u7ea7\u4e16\u754c\u8bed\u6559\u7a0b \u7b2c20\u8bfe Pa\u015doj al plena posedo PA\u015cO DUDEKA VORTARO \u2026 <span class=\"read-more\"><a href=\"https:\/\/reto.cn\/php\/hanyu\/paso_al_plena_posedo\/paso-dudeka\/\">\u7ee7\u7eed\u9605\u8bfb Legi pli &raquo;<\/a><\/span><\/p>\n","protected":false},"author":1,"featured_media":0,"parent":240,"menu_order":20,"comment_status":"open","ping_status":"closed","template":"","meta":{"footnotes":""},"_links":{"self":[{"href":"https:\/\/reto.cn\/php\/hanyu\/wp-json\/wp\/v2\/pages\/5688"}],"collection":[{"href":"https:\/\/reto.cn\/php\/hanyu\/wp-json\/wp\/v2\/pages"}],"about":[{"href":"https:\/\/reto.cn\/php\/hanyu\/wp-json\/wp\/v2\/types\/page"}],"author":[{"embeddable":true,"href":"https:\/\/reto.cn\/php\/hanyu\/wp-json\/wp\/v2\/users\/1"}],"replies":[{"embeddable":true,"href":"https:\/\/reto.cn\/php\/hanyu\/wp-json\/wp\/v2\/comments?post=5688"}],"version-history":[{"count":0,"href":"https:\/\/reto.cn\/php\/hanyu\/wp-json\/wp\/v2\/pages\/5688\/revisions"}],"up":[{"embeddable":true,"href":"https:\/\/reto.cn\/php\/hanyu\/wp-json\/wp\/v2\/pages\/240"}],"wp:attachment":[{"href":"https:\/\/reto.cn\/php\/hanyu\/wp-json\/wp\/v2\/media?parent=5688"}],"curies":[{"name":"wp","href":"https:\/\/api.w.org\/{rel}","templated":true}]}}