{"id":5708,"date":"2019-05-27T19:13:25","date_gmt":"2019-05-27T11:13:25","guid":{"rendered":"http:\/\/reto.cn\/php\/hanyu\/?page_id=5708"},"modified":"2022-02-02T13:28:33","modified_gmt":"2022-02-02T05:28:33","slug":"paso-dudukunua","status":"publish","type":"page","link":"https:\/\/reto.cn\/php\/hanyu\/paso_al_plena_posedo\/paso-dudukunua\/","title":{"rendered":"\u7b2c21\u8bfe Pa\u015do Dudukunua"},"content":{"rendered":"<p>\u9ad8\u7ea7\u4e16\u754c\u8bed\u6559\u7a0b \u7b2c21\u8bfe<\/p>\n<h1>Pa\u015doj al plena posedo<\/h1>\n<div class=\"page\">\n<div class=\"text\">\n<h2 style=\"text-align: center;\">PA\u015cO DUDEKUNUA<\/h2>\n<h1>VORTARO<\/h1>\n<p><b>AKTORO<\/b>: teatra ludisto.<br \/>\n<b>ALMOZO<\/b>: monhelpo al malri\u0109ulo.<br \/>\n<b>ANEKDOTO<\/b>: mallonga sprita rakonto.<br \/>\n<b>APLA\u016cDI<\/b>: montri aprobon.<br \/>\n<b>ARTIFIKO<\/b>: trompa ruza\u0135o.<br \/>\n<b>BENGALA<\/b>: rilata al Bengalujo, orienta regiono de Hindujo.<br \/>\n<b>CIGANO<\/b>: homo el vaganta hindujdevena gento.<br \/>\n<b>CIVITO<\/b>: tuta\u0135o de la regnanoj.<br \/>\n<b>DIREKTORO<\/b>: direktisto de ofico.<br \/>\n<b>DORNO<\/b>: pikileto de vegeta\u0135o.<br \/>\n<b>EVIDENTA<\/b>: klara kaj senduba.<br \/>\n<b>FILISTRO<\/b>: senidealulo, vulgarulo.<br \/>\n<b>GRATULI<\/b>: esprimi al iu kontentecon pri iu lia sukceso.<br \/>\n<b>\u011cEMI<\/b>: a\u016ddigi plendan brueton.<br \/>\n<b>ILUZIO<\/b>: erara penso a\u016d opinio.<br \/>\n<b>IMITI<\/b>: similigi sin a\u016d ion al io a\u016d iu alia.<br \/>\n<b>INFEKTI<\/b>: havigi al iu malsanon.<br \/>\n<b>INKLUZIVA<\/b>: enhavanta en si.<br \/>\n<b>INSTRUMENTO<\/b>: speciala ilo; \u0109i tie: muzikilo.<br \/>\n<b>JAGUARO<\/b>: amerika katsimila rabobesto.<br \/>\n<b>KOLOMBO<\/b>: birdo kun forta hejmiga instinkto.<br \/>\n<b>KOLUBRO<\/b>: nedan\u011dera serpento.<br \/>\n<b>KOMPROMITI<\/b>: endan\u011derigi.<br \/>\n<b>KONFERANSEO<\/b>: programestro.<br \/>\n<b>KONKLUDO<\/b>: fino de rezonado; finrezulto.<br \/>\n<b>KORBO<\/b>: portebla ujo farita el sekaj herba\u0135oj ks.<br \/>\n<b>KRAVATO<\/b>: ornama rubanda\u0135o, kiun viroj portas \u0109irka\u016d la kolo.<br \/>\n<b>KRO\u0108I<\/b>: ligi per hoko.<br \/>\n<b>LEVO<\/b>: bulgara monunuo.<br \/>\n<b>MANTELO<\/b>: longa supervesto.<br \/>\n<b>MIKROFONO<\/b>: instrumento, kiu plila\u016dtigas sonojn.<br \/>\n<b>MORDI<\/b>: \u015diri per la dentoj.<br \/>\n<b>MUSO<\/b>: malgranda malutila besto.<br \/>\n<b>NEGLEKTI<\/b>: malzorgi, malatenti.<br \/>\n<b>ORIGINALA<\/b>: ne simila al aliaj.<br \/>\n<b>POPO<\/b>: grekortodoksa pastro.<br \/>\n<b>PROGRAMO<\/b>: la enhavo de teatra\u0135o ks.<br \/>\n<b>PRONONCI<\/b>: a\u016ddigi klare.<br \/>\n<b>PROTESTI<\/b>: fari deklaron kontra\u016d io.<br \/>\n<b>RATO<\/b>: malutila besteto.<br \/>\n<b>REKVIZITO<\/b>: teatra ekipo.<br \/>\n<b>TELEGRAMO<\/b>: komuniko rapide transsendata.<br \/>\n<b>TELERO<\/b>: malprofunda man\u011dovazo.<br \/>\n<b>TIGRO<\/b>: granda katsimila rabobesto.<br \/>\n<b>TIKLI<\/b>: delikate kaj ridige tu\u015deti iun.<br \/>\n<b>TRETI<\/b>: piedpremi.<br \/>\n<b>TUMULTO<\/b>: konfuza brua malordego.<br \/>\n<b>VOSTO<\/b>: postpenda hararo de besto.<\/p>\n<h1>LEGA\u0134O<\/h1>\n<h2>KONFERANSEO<\/h2>\n<p>Kiam mi estis en la dua lerneja klaso ni prezentis teatra\u0135on kaj en \u011di mi partoprenis en rolo de popo. \u0108e \u0109iu mia apero la publiko krevis pro rido kaj apla\u016ddis vigle, malgra\u016d ke la teatra\u0135o estis tragika \u2014 iu re\u011dfilino estas \u015dtelita de ciganoj,\u015di suferas kaj mortas kiel almozulino malproksime de sia hejmo. Mi supozas, ke pri la rido kulpis mia barbo, \u0109ar \u0109iuj komprenis, ke la barbo estas farita el kapra vosto.<\/p>\n<p>\u0108e \u0109iu provo diri ion mia barbo turni\u011dis supren, fermadis mian bu\u015don, tiklis mian nazon kaj mi tuj ternis. Sed plej grandan sukceson mi atingis en la fino de la teatra\u0135o kiam la re\u011dfilino mortis. Mi devis levi miajn manojn kiel eble plej rapide kaj voki Dion preni \u015dian animon, kaj mi faris tion tiel energie ke mia popa mantelo \u015diri\u011dis <span class=\"rem\">(mi estis \u011din surtretinta per miaj piedoj antaw ol levi la manojn)<\/span> kaj la barbo malkro\u0109i\u011dis kaj mole falis sur la plankon. Mi kredas, ke e\u0109 Kin ne atingis tian sukceson \u2014 la salono apena\u016d ne detrui\u011dis pro apla\u016ddado kaj rido.<\/p>\n<p>De tiam mi ekvivis kun la penso, ke mi estas naskita artisto. Kun paso de la tempo mi plia\u011di\u011dis kaj farigis helpadministranto, sed tiu penso pri mia destino ne lasis min e\u0109 dum minuto.<\/p>\n<p>Kaj jen, hazarde, anta\u016d ne longe, oni scii\u011dis, ke la urba konsilantaro aran\u011das grandan vesperamuzon en la salonoj de la novkonstruita modela restoracio.<\/p>\n<p>\u0108io estis en ordo, sed en la lasta momento, sabate tagmeze, oni eksciis, ke forestos la konferanseo; la anta\u016dvidita persono ebrii\u011dis vendrede kaj malaperis. Sabate li sendis el urbo Sliven luksan telegramon: \u201cMi estas bone, kiel vi fartas\u201d. La situacio minacis fari\u011di dan\u011dera, se mi ne enmiksi\u011dus. Tuj mi iris al la \u0109efa urba respondeculo, kiu prizorgas la amuzon, kaj deklaris al li, ke mi estas preta konferansei, des pli ke mi havas sperton en tiaj aferoj, ja mi ludis en la lernejo la rolon de popo kaj tiel plu. Dum momento al mi \u015dajnis, ke mi vidas \u011dojan brilon el la okuloj de la respondeculo, sed poste li svingis per mano kaj diris:<\/p>\n<p>\u2014 Mi petas vin, kamarado Conev, klopodu, ke \u0109io estu iom pli&#8230; ja vi komprenas, ni ne devas nin kompromiti kaj krome la nomo de nia urba konsilantaro&#8230; \u0109u vi komprenas?&#8230;<\/p>\n<p>\u2014 Estu trankvila, kamarado, lasu tion al mi. Ni ja ludis en la pasinto, mi havas sufi\u0109an sperton, ne maltrankvili\u011du!<\/p>\n<p>Sed Dio scias pro kio, la respondeculo da\u016dre rigardis min kun certa dubo kaj malgaje balancis la kapon.<\/p>\n<p>Eh, Dio mia \u2014 \u011demis li kaj al mi \u015dajnis, ke li pentas pro la fakto, ke li entreprenis tiun respondecan kaj riskan aran\u011don.<\/p>\n<p>Sed jen la vespero venis. Mi renkontadis la gastojn \u0109e la pordo, manpremis neglekte kun \u0109iuj gravaj personoj de la urbo kaj kiam ili demandis min: \u201cHe, kiel estas, ha? \u0108u ni amuzos nin?\u201d, mi svingis per la mano dirante: \u201cMi petas \u2014 \u0109u ne mi estas la konferanseo?\u201d kaj similajn sprita\u0135ojn. Poste mi ekvagis inter la tabloj kaj la gastoj konkuris regali min kaj demandi pri detaloj de la programo. Al \u0109iuj mi respondadis sub sekreto, ke mi aran\u011dis \u0109ion kaj estos grandaj surprizoj kaj multe da rido. Neatendite tamen la respondeculo kaptis kaj eltiris min de \u0109e unu tablo, kie mi klarigas la signifon kaj la rolon de la konferanseo kaj kriis al mi:<\/p>\n<p>\u2014 Kion vi faras? Jam estas la 22a horo kaj la programo ankora\u016d ne komenci\u011dis!?<\/p>\n<p>\u2014 Kia programo? \u2014 ekmiris mi.<\/p>\n<p>\u2014 Kiel kia?!\u2014 ek\u011demis la respondeculo. Ja vi devas malfermi la amuzvesperon kaj prezenti la aktorojn kaj ties numerojn. La de estantoj jam protestas.<\/p>\n<p>\u2014 Ha, estos anka\u016d numeroj \u2014 ek\u011dojis mi. Tre bone, sa\u011de elpensite.<\/p>\n<p>Mi etendis mian manon por gratuli lin, sed li forpu\u015dis \u011din kaj montris al mi la scenejon. Meze de tondro de apla\u016ddoj mi riverencis kaj sciigis per la movebla mikrofono, kiun oni enmanigis al mi, ke nia programo komenci\u011das. Poste mi eksidis sur unu se\u011do kaj diris al la sidantaj personoj de la najbara tablo, ke certe la programo estos tre interesa kaj mi komencis kanteti la kanton \u201cDornoj, knabinoj, dornoj\u201d. En la sama momento la tuta salono ekkrevis pro rido. Mi turnis min malanta\u016den kaj demandis pro kio oni ridas, sed la rido pliforti\u011dis. Tiam la respondeculo kriis en miajn orelojn: \u201cFor\u0135etu tiun mikrofonon, senta\u016dgulo!\u201d Nur tiam mi vidis, ke mi tenas ankora\u016d la mikrofonon kaj la publiko a\u016ddas tion, kion mi parolas. Mi tamen devas diri, ke anka\u016d la respondeculo sin kompromitis, \u0109ar \u0109iuj a\u016ddis kiel li min insultis.<\/p>\n<p>Anka\u016d post tio mi ne perdis mian trankvilon kaj sciigis, ke sekvos la unua punkto de la programo. En tiu momento anta\u016d mi staris unu el la flutistoj de la orkestro kaj al mia kapo tuj venis la penso profiti la okazon kaj prezenti lin kiel plenumanton de ludado per fluto.<\/p>\n<p>\u2014 Kamarado Petrov <span class=\"rem\">(mi ne sciis \u0109u li nomi\u011das Petrov a\u016d alie, sed tio ne gravis en la momento)<\/span> ludos ion per fluto \u2014 anoncis mi. La flutisto retiri\u011dis kaj ekrigardis min ektimigite, sed mi malla\u016dte kriis al li, ke ni pagas al la orkestrantoj ne por rigardi la plafonon, sed por ludi. A\u016ddante mian koleran vo\u0109on la flutisto konsciigis kaj tuj ekblovis sian instrumenton. En tiu momento alvenis, profunde spirante, alia prizorganto por la amuzo, kaj sciigis al mi, ke en la suba salono la iluziisto Carli atendas min. Mi ordonis al la flutisto, ke li ludu \u011dis kiam mi revenis kaj rapide iris al la suba salono. Sed intertempe la iluziisto estis perdinta paciencon kaj mem ekiris ser\u0109i min. Tial estis necese, ke mi trovu eliron el tiu situacio. La publiko ja estis okupinta la lokojn kaj stre\u0109e atendis. Konsiderante rapide kion fari, mi scii\u011dis, ke anka\u016d mi scipovas artifika\u0135ojn kaj mi prenis la kravaton de la kolo de unu sinjoro, prenis anka\u016d unu tre grandan restoracian teleron kaj k-r-a-\u015d! \u2014 frapis la teleron je la plankon kaj la kravaton dis\u015diris je pecoj. La publiko komencis furioze apla\u016ddi, nur la direktoro de la restoracio kaj la sinjoro restinta sen kravato ekrigardis min scivoleme \u2014 evidente i1i atendis, ke mi tuj rekreos anta\u016d \u0109ies okuloj la teleron kaj la kravaton. Sed ilin mi trankviligis:<\/p>\n<p>\u2014 Civitanoj \u2014 diris mi \u2014 vi certe atendas, ke mi restarigos tion, kion mi rompis kaj \u015diris. Vere iuj iluziistoj faras tion, sed mi ne. Mi iras la\u016d propra vojo.<\/p>\n<p>La publiko denove ekridis kontenta, \u0109ar tio vere estis tre ridinda, nur la direktoro protestis la\u016dte kaj ekiris ser\u0109i la \u0109efan respondeculon, kaj la posedanto de la kravato sin \u0135etis kontra\u016d min por bati min. Mi tamen lerte manovris kaj sukcesis eviti la frapon. En tiu momento alvenis la vera iluziisto kaj li flustris en mian orelon, ke li, se ne estus la publiko, de\u015dirus mian kapon, \u0109ar li kuris tra \u0109iuj salonoj ser\u0109ante min. Mi tamen ne konfuzi\u011dis pro tiuj minacoj kaj alproksimi\u011dante al la rekvizitoj de la iluziisto komencis malfermi skatolojn, korbojn kaj sakojn. Sed subite mi ekkriis, \u0109ar iu besteto mordis min kaj mi retiri\u011dante malanta\u016den, falis en korbon, el kiu eliris 10 kolomboj, 17 blankaj musoj, 3 kolubroj, \u0109irka\u016d 10 akvaj serpentoj kaj multaj aliaj etaj kaj nedan\u011deraj bestetoj, kiuj tuj ekrampis inter la gastoj. La lastaj, mi ne scias pro kio, levis grandan bruon; iuj surtabli\u011dis kaj fari\u011dis tia tumulto, kvaza\u016d okazus io eksterordinara. Al mi mem \u0109io \u015dajnis tre gaja kaj mi ridis elkore \u011dis mi vidis, ke venas la \u0109efa respondeculo, kiu havis teruran esprimon sur sia viza\u011do. Li ordonis al mi, ke mi tuj iru supren kaj liberigu la kompatindan flutiston. Mi plenumis tiun ordonon kaj alveninte en la supran salonon mi kun miro konstatis, ke la tuta publiko sidas kiel rigida kaj la flutisto da\u016drigas blovadi en la fluton kun lastaj fortoj. Vidante min, li apena\u016d povis prononci: \u201cAh, jen vi finfine\u201d, kaj svenante falis en la manojn de la ceteraj orkestrantoj, kiuj lin elportis.<\/p>\n<p>Por serenigi la atmosferon mi komencis rakonti ian anekdoton, sed mi ne povis fini \u011din, \u0109ar en la salonon \u015dtorme eniris la gastoj el la suba salono kaj post ili inter la tabloj ekrampis la musoj, kunikloj, serpentoj, kolubroj, ratoj k.a. bestoj de la iluziisto Carli Gicov. Okazis vera paniko, en kiu, kiel mi sukcesis vidi, la respondeculo svenis en la brakoj de unu dika sinjorino, kiu siavice konsideris lin muso kaj ekkriis per la\u016dta vo\u0109o. Sia krio infektis \u0109iujn ceterajn kaj balda\u016d la tuta salono eksimilis al vivanta maro, en kiu viroj kaj virinoj interpu\u015dante unu la alian, renversante kaj rompante \u0109ion sur sia vojo, direkti\u011dis al la eliro.<\/p>\n<p>Mi plifortigis la tumulton imitante per la mikrofono la vo\u0109ojn de diversaj sova\u011daj bestoj, de jaguaro \u011dis bengala tigro. Do, persone por mi, la amuzo iris tre gaje kaj plene diferencis de aliaj tiaspecaj aran\u011doj.<\/p>\n<p>La postan tagon, tamen, vokis min la \u0109efa respondeculo kaj klarigis al mi, ke li sugestis al mia \u0109efo, ke senta\u016dguloj kiel mi ne devas okupi \u015dtatan postenon. Poste li da\u016drigis:<\/p>\n<p>\u2014 Krome, \u201cKara amiko\u201d, je via konto ni kalkulis \u0109iujn elspezojn por la amuzvespero, inkluzive la rompitajn kaj difektitajn objektojn je sumo 15 624 levoj. Kaj nun \u2014 konkludis li \u2014 for de \u0109i tie, \u0109ar semi vidos vin \u0109i tie refoje, ml sufokos vin per miaj propraj manoj.<\/p>\n<p>Dirante tion li ek\u011demis \u201cOh\u201d kaj kaptis sin je la okulo, kiu estis blui\u011dinta \u2014 kredeble, la dika sinjorino frapis lin je tiu loko, opiniante lin muso.<\/p>\n<p>Sed, \u201cse\u201d&#8230; Mi mem intencis forlasi tiun filistran urbon kaj transloki\u011di en la \u0109efurbon, por tie plene dedi\u0109i min al la arto.<\/p>\n<p>Kaj se la vizitantoj de la amuzvespero ne komprenis, ke mi estas la plej originala kaj kura\u011da konferanseo, ja vi karaj legantoj plene komprenis tion. Mi petas vin, kunhelpu, ke mi estu enoficigita kiel \u015dtata konferanseo en Sofia. Skribu al la adreso: Vasil Conev, Sofia, Str. 6 septembro N 49.<\/p>\n<div>\n<p>Vasil Conev<br \/>\nel la bulgara: Metodi Pan\u0109ev<br \/>\n<span class=\"rem\">(el \u201cBelarto\u201d)<\/span><\/p>\n<\/div>\n<h1><br clear=\"all\" \/>EKZERCOJ<\/h1>\n<p>116. Leginte la supran rakonton, respondu jenajn demandojn:<\/p>\n<div class=\"indent\">\n<p>1. \u201c&#8230; iu re\u011dfilino estas \u015dtelita de ciganoj, \u015di suferas kaj mortas &#8230;\u201d Kial \u0109i tie estas uzita la nuntempo <span class=\"rem\">(-as)<\/span>? La unua parto de la propozicio estas pasiva:<\/p>\n<div class=\"indent\">\n<p>reskribu \u011din aktive. Donu sinonimon de re\u011dfilino.<\/p>\n<\/div>\n<p>2. \u201cLa barbo estas farita el kapra vosto.\u201d Skribu anka\u016d tiun propozicion aktive. 3. \u201cKiel eble plej rapide.\u201d Skribu propoziciojn, uzante kiel eble plej kun jenaj vortoj<\/p>\n<div class=\"indent\">\n<p>EVIDENTA; IMITINDA; NEGLEKTE; ORIGINALA; ARTIFIKE.<\/p>\n<\/div>\n<p>4. \u201cLa salono apena\u016d ne detrui\u011dis&#8230;\u201d skribu unuvortan sinonimon de apena\u016d ne.<br \/>\n5. \u201cMi estas bone, kiel vi fartas?\u201d Jen ekzemplo de idiotisma Esperanto. Gramatike, la unua frazo devus legi\u011di: \u201cAl mi estas bone\u201d <span class=\"rem\">(kial?)<\/span>, sed ofta kaj kutima uzado de la plena frazo ka\u016dzas, ke la frazo de la a\u016dtoro restas tute komprenebla kaj natura. Kial li ne povis skribi \u201cMi estas bona\u201d?<br \/>\n6. \u201c&#8230; rigardis min kun certa dubo.\u201d Jen denove idiotismo, sufi\u0109e disvasti\u011dinta. \u0108i tie la vorto certa estas uzita anstata\u016d iom da a\u016d ia. Kion signifas fundamente la vorto certa?<br \/>\n7. \u201cMi frapis la teleron je la plankon kaj la kravaton dis\u015diris je pecoj.\u201d La\u016deble<br \/>\nklarigu la diferenoon signifan inter la du uzoj de \u201cje\u201d.<br \/>\n8. \u201c\u015cia krio infektis \u0109iujn ceteraj&#8230;\u201d Klarigu la metaforon.<br \/>\n9. \u201c&#8230; la tuta salono eksimilis al vivanta maro.\u201d Klarigu tiun similigon.<br \/>\n10. Kial la vortoj \u201ckara amiko\u201d, en la fina parolo de la \u0109efa respondeculo, estas skribitaj inter citiloj?<\/p>\n<\/div>\n<p>117. Skribu po du propozicioj, uzante la subajn vortojn. En la unua propozicio uzu la vorton senmetafore; en la dua uzu \u011din metafore <span class=\"rem\">(vidu ekzercon <a href=\"https:\/\/eduinf.waw.pl\/esp\/lern\/librejo\/0032\/0021.php#114\">114<\/a>)<\/span>:<\/p>\n<div class=\"indent\">\n<p>DORNO; MORDI; TIGRO; TIKLI; TUMULTI; JUKI; KUNIKLO; LAFO; NODO; ORBITO.<\/p>\n<\/div>\n<p>118. Uzu jenajn vortojn korekte en propozicioj:<\/p>\n<div class=\"indent\">\n<p>PRILABORI; PRISKRIBI; PRIPENSI; PRIKANTI; PRIRABI; PRI\u015cTELI; PRILUMI; PRIDISPONI; PRIMOKI; PRIPAROLI.<\/p>\n<\/div>\n<p>119. Uzu jenajn vortojn korekte en propozicioj:<\/p>\n<div class=\"indent\">\n<p>DEMETI; DEKUTIMIGI; DELOGI; DEFLANKIGI; DETENI; DEPRENI; DELONGE; DENASKA; DEVOJIGI; DEVENI.<\/p>\n<\/div>\n<p>120. Kiun adjektivon vi uzus por priskribi:<\/p>\n<div class=\"indent\">\n<p>a) personon, kiu helpadas al homoj senhavaj?<br \/>\nb) priskribon troigan kaj, kvankam ne tute malveran, tamen iom misprezentan?<br \/>\nc) virinon allogan kaj mode vestitan?<br \/>\nd) nova\u0135on maltrankviligan?<br \/>\ne) paroladon komplete sensencan?<br \/>\nf) kutimon tre provizoran kaj paseman?<br \/>\ng) okaza\u0135on tre absurdan?<br \/>\nh) homon tre religian?<br \/>\ni) virinon, kiu ne kapablas naski?<br \/>\nj) spacon tute malplenan?<\/p>\n<\/div>\n<p>121. \u201cIu re\u011dfilino estas \u015dtelita de ciganoj, \u015di suferas kaj mortas kiel almozulino malproksime de sia hejmo.\u201d Do verku tian teatra\u0135eton \u2014 nu, ne necesas trakti la temon tute serioze!<\/p>\n<p>Enhavo <a href=\"https:\/\/reto.cn\/php\/hanyu\/paso_al_plena_posedo\/antauklarigo\">Anta\u016dklarigo<\/a> <a href=\"https:\/\/reto.cn\/php\/hanyu\/paso_al_plena_posedo\/paso-unua\">01<\/a> <a href=\"https:\/\/reto.cn\/php\/hanyu\/paso_al_plena_posedo\/paso-dua\">02<\/a> <a href=\"https:\/\/reto.cn\/php\/hanyu\/paso_al_plena_posedo\/paso-tria\">03<\/a> <a href=\"https:\/\/reto.cn\/php\/hanyu\/paso_al_plena_posedo\/paso-kvara\">04<\/a> <a href=\"https:\/\/reto.cn\/php\/hanyu\/paso_al_plena_posedo\/paso-kvina\">05<\/a> <a href=\"https:\/\/reto.cn\/php\/hanyu\/paso_al_plena_posedo\/paso-sesa\">06<\/a> <a href=\"https:\/\/reto.cn\/php\/hanyu\/paso_al_plena_posedo\/paso-sepa\">07<\/a> <a href=\"https:\/\/reto.cn\/php\/hanyu\/paso_al_plena_posedo\/paso-oka\">08<\/a> <a href=\"https:\/\/reto.cn\/php\/hanyu\/paso_al_plena_posedo\/paso-naua\">09<\/a> <a href=\"https:\/\/reto.cn\/php\/hanyu\/paso_al_plena_posedo\/paso-deka\">10<\/a> <a href=\"https:\/\/reto.cn\/php\/hanyu\/paso_al_plena_posedo\/paso-dekunua\">11<\/a> <a href=\"https:\/\/reto.cn\/php\/hanyu\/paso_al_plena_posedo\/paso-dekdua\">12<\/a> <a href=\"https:\/\/reto.cn\/php\/hanyu\/paso_al_plena_posedo\/paso-dektria\">13<\/a> <a href=\"https:\/\/reto.cn\/php\/hanyu\/paso_al_plena_posedo\/paso-dekkvara\">14<\/a> <a href=\"https:\/\/reto.cn\/php\/hanyu\/paso_al_plena_posedo\/paso-dekkvina\">15<\/a> <a href=\"https:\/\/reto.cn\/php\/hanyu\/paso_al_plena_posedo\/paso-deksesa\">16<\/a> <a href=\"https:\/\/reto.cn\/php\/hanyu\/paso_al_plena_posedo\/paso-deksepa\">17<\/a> <a href=\"https:\/\/reto.cn\/php\/hanyu\/paso_al_plena_posedo\/paso-dekoka\">18<\/a> <a href=\"https:\/\/reto.cn\/php\/hanyu\/paso_al_plena_posedo\/paso-deknaua\">19<\/a> <a href=\"https:\/\/reto.cn\/php\/hanyu\/paso_al_plena_posedo\/paso-dudeka\">20<\/a> 21 <a href=\"https:\/\/reto.cn\/php\/hanyu\/paso_al_plena_posedo\/paso-dudekdua\">22<\/a> <a href=\"https:\/\/reto.cn\/php\/hanyu\/paso_al_plena_posedo\/paso-dudektria\">23<\/a> <a href=\"https:\/\/reto.cn\/php\/hanyu\/paso_al_plena_posedo\/paso-dudekkvara\">24<\/a> <a href=\"https:\/\/reto.cn\/php\/hanyu\/paso_al_plena_posedo\/paso-dudekkvina\">25<\/a> <a href=\"https:\/\/reto.cn\/php\/hanyu\/paso_al_plena_posedo\/paso-dudeksesa\">26<\/a> <a href=\"https:\/\/reto.cn\/php\/hanyu\/paso_al_plena_posedo\/paso-dudeksepa\">27<\/a> <a href=\"https:\/\/reto.cn\/php\/hanyu\/paso_al_plena_posedo\/paso-dudekoka\">28<\/a> <a href=\"https:\/\/reto.cn\/php\/hanyu\/paso_al_plena_posedo\/paso-dudeknaua\">29<\/a> <a href=\"https:\/\/reto.cn\/php\/hanyu\/paso_al_plena_posedo\/paso-trideka\">30<\/a>\u00a0\u00a0<a href=\"https:\/\/reto.cn\/php\/hanyu\/paso_al_plena_posedo\/solvoj\">SOLVOJ<\/a> <a href=\"https:\/\/reto.cn\/php\/hanyu\/paso_al_plena_posedo\/por-pasi-pluen\/\">POR PA\u015cI PLUEN<\/a><\/p>\n<\/div>\n<\/div>\n<div class=\"page\">\n<hr size=\"1\" \/>\n<\/div>\n","protected":false},"excerpt":{"rendered":"<p>\u9ad8\u7ea7\u4e16\u754c\u8bed\u6559\u7a0b \u7b2c21\u8bfe Pa\u015doj al plena posedo PA\u015cO DUDEKUNUA VORTA\u2026 <span class=\"read-more\"><a href=\"https:\/\/reto.cn\/php\/hanyu\/paso_al_plena_posedo\/paso-dudukunua\/\">\u7ee7\u7eed\u9605\u8bfb Legi pli &raquo;<\/a><\/span><\/p>\n","protected":false},"author":1,"featured_media":0,"parent":240,"menu_order":21,"comment_status":"open","ping_status":"closed","template":"","meta":{"footnotes":""},"_links":{"self":[{"href":"https:\/\/reto.cn\/php\/hanyu\/wp-json\/wp\/v2\/pages\/5708"}],"collection":[{"href":"https:\/\/reto.cn\/php\/hanyu\/wp-json\/wp\/v2\/pages"}],"about":[{"href":"https:\/\/reto.cn\/php\/hanyu\/wp-json\/wp\/v2\/types\/page"}],"author":[{"embeddable":true,"href":"https:\/\/reto.cn\/php\/hanyu\/wp-json\/wp\/v2\/users\/1"}],"replies":[{"embeddable":true,"href":"https:\/\/reto.cn\/php\/hanyu\/wp-json\/wp\/v2\/comments?post=5708"}],"version-history":[{"count":0,"href":"https:\/\/reto.cn\/php\/hanyu\/wp-json\/wp\/v2\/pages\/5708\/revisions"}],"up":[{"embeddable":true,"href":"https:\/\/reto.cn\/php\/hanyu\/wp-json\/wp\/v2\/pages\/240"}],"wp:attachment":[{"href":"https:\/\/reto.cn\/php\/hanyu\/wp-json\/wp\/v2\/media?parent=5708"}],"curies":[{"name":"wp","href":"https:\/\/api.w.org\/{rel}","templated":true}]}}