{"id":5710,"date":"2019-05-27T19:17:15","date_gmt":"2019-05-27T11:17:15","guid":{"rendered":"http:\/\/reto.cn\/php\/hanyu\/?page_id=5710"},"modified":"2022-02-02T13:47:07","modified_gmt":"2022-02-02T05:47:07","slug":"paso-dudekkvara","status":"publish","type":"page","link":"https:\/\/reto.cn\/php\/hanyu\/paso_al_plena_posedo\/paso-dudekkvara\/","title":{"rendered":"\u7b2c24\u8bfe PA\u015cO DUDEKKVARA"},"content":{"rendered":"<p>\u9ad8\u7ea7\u4e16\u754c\u8bed\u6559\u7a0b \u7b2c24\u8bfe<\/p>\n<h1>Pa\u015doj al plena posedo<\/h1>\n<div class=\"page\">\n<div class=\"text\">\n<h2 style=\"text-align: center;\">PA\u015cO DUDEKKVARA<\/h2>\n<h1>VORTARO<\/h1>\n<p><b>A\u016cDACI<\/b>: maltimi.<br \/>\n<b>BALADO<\/b>: rakonta poezia\u0135o.<br \/>\n<b>BANDA\u011cO<\/b>: longa tola\u0135o por kovri vundon.<br \/>\n<b>BASO<\/b>: plej malalta vira vo\u0109o.<br \/>\n<b>BLEKI<\/b>: krii kiel besto.<br \/>\n<b>BUBO<\/b>: petola knabeto.<br \/>\n<b>\u0108EVALO<\/b>: kvarpieda rajdbesto.<br \/>\n<b>GLORO<\/b>: famo kaj honoro.<br \/>\n<b>GRIMACO<\/b>: tordi\u011do de la viza\u011do.<br \/>\n<b>\u0134ALUZA<\/b>: timanta pri perdo de kara objekto.<br \/>\n<b>KAPONO<\/b>: kastrita koko, kiun oni man\u011das.<br \/>\n<b>KAPREOLO<\/b>: cervosimila besto.<br \/>\n<b>LEOPARDO<\/b>: afrika katsimila rabobesto.<br \/>\n<b>LIMAKO<\/b>: \u011dardena rampuleto.<br \/>\n<b>MASA\u011cI<\/b>: kurace premfroti la muskolojn.<br \/>\n<b>MIRA\u011cO<\/b>: erariga alloga iluzio.<br \/>\n<b>PANTOFLO<\/b>: hejma piedvesto.<br \/>\n<b>PAVO<\/b>: birdo kun granda bela vosto.<br \/>\n<b>RIMO<\/b>: versfina samsoneco.<br \/>\n<b>RUBANDO<\/b>: longa mallar\u011da teksa\u0135o.<br \/>\n<b>SENTENCO<\/b>: mallonga frazo en havanta \u011deneralan moralan principon.<br \/>\n<b>SOPRANO<\/b>: plej alta virina vo\u0109o.<br \/>\n<b>TAMBURO<\/b>: muzikilo, kiun oni batas per bastonoj.<br \/>\n<b>VARTI<\/b>: zorgi infaneton.<br \/>\n<b>VILA<\/b>: kovrita per densaj mallongaj haroj.<\/p>\n<h1>LEGA\u0134O<\/h1>\n<h2>LA A\u011cOJ DE LA HOMO (1)<\/h2>\n<div>\n<p>Je la unua jaro, li similas re\u011don ku\u015dantan en portlito, \u0109iuj lin \u0109irka\u016dbrakas kaj kisas;<br \/>\nje la dua jaro, li similas porkon, kiu baraktas en malpura\u0135oj;<br \/>\nje la deka jaro, li saltadas kiel kapreolo;<br \/>\nje la dudeka jaro, li blekas kiel \u0109evalo, vostumas kiel pavo, kaj postulas inon;<br \/>\nkiam li akiras edzinon, li similas azenon;<br \/>\nkiam li akiris idojn, li fari\u011das a\u016ddaca kiel hundo, por havigi al ili panon kaj vivtenon;<br \/>\nfine, maljuni\u011dinte, li similas simion&#8230;<\/p>\n<p><em>Rabeno \u015cimeon Ben Eleazar<\/em><br \/>\n<em>el la aramea: A. Nurak<\/em><br \/>\n<em><span class=\"rem\">(el \u201cLa Nica Literatura Revuo\u201d)<\/span><\/em><\/p>\n<\/div>\n<h2>LA A\u011cOJ DE LA HOMO (2)<\/h2>\n<p>En supra \u0109ambro, lulo&#8230; lulo&#8230;<br \/>\nAn\u011dele dormas la etulo:<br \/>\nEta\u011do.<br \/>\nSed balda\u016d li el dorm&#8217; sin \u015diras<br \/>\nKaj pri la bela mondo miras:<br \/>\nMira\u011do.<br \/>\nJam ne plu side li tamburas,<br \/>\nSed tra la dom&#8217; esplore kuras:<br \/>\nKura\u011do.<br \/>\nKun vundoj li <span class=\"rem\">(kaj sen rubandoj)<\/span><br \/>\nRevenas el stratbubaj bandoj:<br \/>\nBanda\u011do.<br \/>\nKaj balda\u016d sekvas li kun \u011dojo<br \/>\nKnabinon \u0109ien sur la vojo:<br \/>\nVoja\u011do.<br \/>\nAl \u015di li donas sian nomon:<br \/>\nPor fondi kune novan domon:<br \/>\nDoma\u011do.<br \/>\nLi tiam estas tre utila<br \/>\nFortika viro, kvankam vila:<br \/>\nVila\u011do.<br \/>\nKaj post rapida tempopaso<br \/>\nPostrestas nur senviva maso:<br \/>\nMasa\u011do.<br \/>\nP.S.<br \/>\nNi ne apliku al Virino<br \/>\n\u0108i tiun viv- kaj rimo-sa\u011don,<br \/>\n\u0108ar de 1&#8242; komenco \u011dis la fino<br \/>\n\u015ci \u0109iam havas saman a\u011don:<br \/>\nAvanta\u011do.<\/p>\n<p><em>Raymond Schwartz<\/em><br \/>\n<em><span class=\"rem\">(el \u201cLa Stranga Butiko\u201d)<\/span><\/em><\/p>\n<\/div>\n<h2>LA A\u011cOJ DE LA HOMO (3)<\/h2>\n<div align=\"center\">\n<div style=\"text-align: left;\">\n<p>Kaj unu homo ludas multajn rolojn<br \/>\nEn sia viv&#8217;, kun a\u011doj sep por aktoj.<br \/>\nUnue la infano, ploradante<br \/>\n\u0108e 1&#8242; brakoj de la vartistino.<br \/>\nTiam La juna lernejknabo, plendetante,<\/p>\n<p>Havante librosakon, kun viza\u011do<br \/>\nMatenopura, rampetante kiel<br \/>\nLimako nevolonte al lernejo.<br \/>\nKaj tiam la amanto, sopirante<\/p>\n<p>Kiel fornego, kun balad&#8217; malgaja<br \/>\nAl brovo de la amatino. Tiam<br \/>\nSoldato, plena je mirigaj \u0135uroj,<br \/>\nHavante barbon kvaza\u016d leopardo,<br \/>\n\u0134aluza pri honoro, malpacema,<br \/>\nCelante tiun aerglobon, gloron,<br \/>\nE\u0109 de la fa\u016dko de la pafilego.<\/p>\n<p>Kaj tiam, la ju\u011disto, dikakorpa<br \/>\nPro multe da donacoj de kaponoj,<br \/>\nSeverokula, kun tondita barbo<br \/>\nLa\u016d profesio lia, kaj dirante<br \/>\nSentencojn sa\u011doplenajn, kaj ekzemplojn<br \/>\nModernajn. Tiel li la rolon ludas.<\/p>\n<p>La sesa a\u011do transmovi\u011das tiam<br \/>\nJe grimacul&#8217; maldika, en pantofloj,<br \/>\nPortanta okulvitrojn, kun saketo<br \/>\n\u0108e 1&#8242; flanko; liaj \u015dtrumpoj, konservitaj<br \/>\nAnkora\u016d de juneco, jam tro lar\u011daj<br \/>\nPor la malgrasaj kruroj. Lia vo\u0109o<br \/>\nNe plu vireca baso, san\u011di\u011dinte<br \/>\nEn infanecan soprana\u0109on, pepas<br \/>\nKaj fajfas en la son&#8217;. La lasta sceno<br \/>\nDe 1&#8242; stranga okazplena historio \u2014<br \/>\nMaljunegeco \u2014 nura forgeseco,<br \/>\nSen dentoj, sen okuloj, gusto, \u0109io.<\/p>\n<p><em>William Shakespeare<\/em><br \/>\n<em>el la angla: Ivy Kellerman<\/em><br \/>\n<em><span class=\"rem\">(el \u201cKiel Pla\u0109as al Vi\u201d)<\/span><\/em><\/p>\n<\/div>\n<h1 style=\"text-align: left;\">EKZERCOJ<\/h1>\n<p style=\"text-align: left;\">135. Leginte la suprajn eltira\u0135ojn, respondu jenajn demandojn:<\/p>\n<div class=\"indent\" style=\"text-align: left;\">\n<p>1. \u201cLi vostumas kiel pavo.\u201d Analizu la nuancon de la sufikso -UM.<br \/>\n2. \u201c\u0108irka\u016dbrakas.\u201d Esprimu la saman koncepton per radiko plus -UM.<br \/>\n3. En la poemo de Schwartz trovi\u011das multaj vortludoj, kiujn oni nomas kalemburoj. Ilia efiko dependas de la samformeco de diverssignifaj vortoj. Elpensu plurajn propoziciojn, kiuj estas ambiguaj pro kalemburoj.<br \/>\n4. \u201c&#8230; \u0109ien sur la vojo.&#8221; Klarigu la neceson de la akuzativo en \u0109ien.<br \/>\n5. \u201cTiam la juna lernejknabo &#8230; nevolonte al lernejo.\u201d Kio estas gramatike neregula en tiu propozicio?<br \/>\n6. \u201cSopirante kiel fornego.\u201d Klarigu tiun similigon.<br \/>\n7. \u201cMirigaj \u0135uroj\u201d. Kiu vorto estus pli preciza ol \u201c\u0135uroj\u201d \u0109i tie?<br \/>\n8. Donu sinonimon de \u201cpafilego\u201d.<br \/>\n9. \u201cHavante barbon kvaza\u016d leopardo.\u201d \u0108u vi trovas tiun similigon trafa? Motivigu vian respondon.<\/p>\n<\/div>\n<p style=\"text-align: left;\">136. En la subajn propoziciojn metu korekte PLI a\u016d PLU:<\/p>\n<div class=\"indent\" style=\"text-align: left;\">\n<p>a) Iru _______ rapide!<br \/>\nb) Mi postulus nenion ________ krom ke oni montru al mi estimon.<br \/>\nc) Dan\u011dere estas lin lasi _______ en tia libereco.<br \/>\nd) Li ne vivos _________o1 unu tagon.<br \/>\ne) Mi ne povas in unu pa\u015don __________.<\/p>\n<\/div>\n<p style=\"text-align: left;\">137. En \u0109iun suban propozicion enmetu korekte po unu el jenaj vortoj:<\/p>\n<div class=\"indent\" style=\"text-align: left;\">\n<p>DETRUI; EKSTERMI; EL\u0108ERPI; FORMAN\u011cI; KONSUMI; NENIGI; NULIGI; PERDIGI; PEREIGI; RUINIGI.<\/p>\n<p>a) Malsato __________os lian forton.<br \/>\nb) Kia granda homo _________i\u011dis!<br \/>\nc) Ne sufi\u0109as _______i, necesas plenigi la malplenon.<br \/>\nd) Sekeco _______as la grenon.<br \/>\ne) La krizo _________is al ni multajn amikojn.<br \/>\nf) Li balda\u016d _________is la tutan vinon el la barelo.<br \/>\ng) La bordon iom post iom ________as la maro.<br \/>\nh) Tertremo _________is la urbon.<br \/>\ni) La komitato ________is sian anta\u016dan decidon.<br \/>\nj) La malamikoj volis tute ________i nian popolon.<\/p>\n<\/div>\n<p style=\"text-align: left;\">138. Donu sinonimojn de la sekvantaj vortoj:<\/p>\n<div class=\"indent\" style=\"text-align: left;\">\n<p>BONEMO; FLIRTEMA; HEJM\u015cUO; ENSPEZO; JU\u011cDECIDO; KANAJLO; PAROLADISTO; ROLANTO; SABLOMONTETO; TERPOSEDA\u0134O.<\/p>\n<\/div>\n<p style=\"text-align: left;\">139. Uzu jenajn substantivojn verbe en propozicioj:<\/p>\n<div class=\"indent\" style=\"text-align: left;\">\n<p>FONTANO; GEMO; HIMNO; HIPOTEZO; INDIVIDUO; KA\u016c\u0108UKO; KONTURO; KRIZO; MANDARENO; METODO.<\/p>\n<\/div>\n<p style=\"text-align: left;\">140. Uzu korekte jenajn vortojn en propozicioj:<\/p>\n<div class=\"indent\" style=\"text-align: left;\">\n<p>PERI; PERLABORI; PERFORTI; PERLETERE; PERKRAJONE; SENPERA<\/p>\n<\/div>\n<p style=\"text-align: left;\">141. Elpensu sep a\u011dojn de la virino. Klopodu, por ke viaj komparoj estu simile trafaj kaj spritaj, kiel tiuj de Simeon Ben Ekazar.<\/p>\n<p style=\"text-align: left;\">142. Priskribu <span class=\"rem\">(proze, se vi volas!)<\/span> la sep stadiojn de la geedzeco.<\/p>\n<p style=\"text-align: left;\">143. Vi legis supre tri opiniojn pri la diversaj a\u011doj de la homo. Kiu el ili \u015dajnas al vi plej trafa? Plej sprita? Plej serioza? <span class=\"rem\">(Pravigu \u0109iufoje vian respondon.)<\/span> \u0108u vi konsentas kun ili? Se ne, kial ne?<\/p>\n<p style=\"text-align: left;\">Enhavo <a href=\"https:\/\/reto.cn\/php\/hanyu\/paso_al_plena_posedo\/antauklarigo\">Anta\u016dklarigo<\/a> <a href=\"https:\/\/reto.cn\/php\/hanyu\/paso_al_plena_posedo\/paso-unua\">01<\/a> <a href=\"https:\/\/reto.cn\/php\/hanyu\/paso_al_plena_posedo\/paso-dua\">02<\/a> <a href=\"https:\/\/reto.cn\/php\/hanyu\/paso_al_plena_posedo\/paso-tria\">03<\/a> <a href=\"https:\/\/reto.cn\/php\/hanyu\/paso_al_plena_posedo\/paso-kvara\">04<\/a> <a href=\"https:\/\/reto.cn\/php\/hanyu\/paso_al_plena_posedo\/paso-kvina\">05<\/a> <a href=\"https:\/\/reto.cn\/php\/hanyu\/paso_al_plena_posedo\/paso-sesa\">06<\/a> <a href=\"https:\/\/reto.cn\/php\/hanyu\/paso_al_plena_posedo\/paso-sepa\">07<\/a> <a href=\"https:\/\/reto.cn\/php\/hanyu\/paso_al_plena_posedo\/paso-oka\">08<\/a> <a href=\"https:\/\/reto.cn\/php\/hanyu\/paso_al_plena_posedo\/paso-naua\">09<\/a> <a href=\"https:\/\/reto.cn\/php\/hanyu\/paso_al_plena_posedo\/paso-deka\">10<\/a> <a href=\"https:\/\/reto.cn\/php\/hanyu\/paso_al_plena_posedo\/paso-dekunua\">11<\/a> <a href=\"https:\/\/reto.cn\/php\/hanyu\/paso_al_plena_posedo\/paso-dekdua\">12<\/a> <a href=\"https:\/\/reto.cn\/php\/hanyu\/paso_al_plena_posedo\/paso-dektria\">13<\/a> <a href=\"https:\/\/reto.cn\/php\/hanyu\/paso_al_plena_posedo\/paso-dekkvara\">14<\/a> <a href=\"https:\/\/reto.cn\/php\/hanyu\/paso_al_plena_posedo\/paso-dekkvina\">15<\/a> <a href=\"https:\/\/reto.cn\/php\/hanyu\/paso_al_plena_posedo\/paso-deksesa\">16<\/a> <a href=\"https:\/\/reto.cn\/php\/hanyu\/paso_al_plena_posedo\/paso-deksepa\">17<\/a> <a href=\"https:\/\/reto.cn\/php\/hanyu\/paso_al_plena_posedo\/paso-dekoka\">18<\/a> <a href=\"https:\/\/reto.cn\/php\/hanyu\/paso_al_plena_posedo\/paso-deknaua\">19<\/a> <a href=\"https:\/\/reto.cn\/php\/hanyu\/paso_al_plena_posedo\/paso-dudeka\">20<\/a> <a href=\"https:\/\/reto.cn\/php\/hanyu\/paso_al_plena_posedo\/paso-dudukunua\">21<\/a> <a href=\"https:\/\/reto.cn\/php\/hanyu\/paso_al_plena_posedo\/paso-dudekdua\">22<\/a> <a href=\"https:\/\/reto.cn\/php\/hanyu\/paso_al_plena_posedo\/paso-dudektria\">23<\/a> 24 <a href=\"https:\/\/reto.cn\/php\/hanyu\/paso_al_plena_posedo\/paso-dudekkvina\">25<\/a> <a href=\"https:\/\/reto.cn\/php\/hanyu\/paso_al_plena_posedo\/paso-dudeksesa\">26<\/a> <a href=\"https:\/\/reto.cn\/php\/hanyu\/paso_al_plena_posedo\/paso-dudeksepa\">27<\/a> <a href=\"https:\/\/reto.cn\/php\/hanyu\/paso_al_plena_posedo\/paso-dudekoka\">28<\/a> <a href=\"https:\/\/reto.cn\/php\/hanyu\/paso_al_plena_posedo\/paso-dudeknaua\">29<\/a> <a href=\"https:\/\/reto.cn\/php\/hanyu\/paso_al_plena_posedo\/paso-trideka\">30<\/a> <a href=\"https:\/\/reto.cn\/php\/hanyu\/paso_al_plena_posedo\/solvoj\">SOLVOJ<\/a> <a href=\"https:\/\/reto.cn\/php\/hanyu\/paso_al_plena_posedo\/por-pasi-pluen\/\">POR PA\u015cI PLUEN<\/a><\/p>\n<\/div>\n<\/div>\n","protected":false},"excerpt":{"rendered":"<p>\u9ad8\u7ea7\u4e16\u754c\u8bed\u6559\u7a0b \u7b2c24\u8bfe Pa\u015doj al plena posedo PA\u015cO DUDEKKVARA VORT\u2026 <span class=\"read-more\"><a href=\"https:\/\/reto.cn\/php\/hanyu\/paso_al_plena_posedo\/paso-dudekkvara\/\">\u7ee7\u7eed\u9605\u8bfb Legi pli &raquo;<\/a><\/span><\/p>\n","protected":false},"author":1,"featured_media":0,"parent":240,"menu_order":24,"comment_status":"open","ping_status":"closed","template":"","meta":{"footnotes":""},"_links":{"self":[{"href":"https:\/\/reto.cn\/php\/hanyu\/wp-json\/wp\/v2\/pages\/5710"}],"collection":[{"href":"https:\/\/reto.cn\/php\/hanyu\/wp-json\/wp\/v2\/pages"}],"about":[{"href":"https:\/\/reto.cn\/php\/hanyu\/wp-json\/wp\/v2\/types\/page"}],"author":[{"embeddable":true,"href":"https:\/\/reto.cn\/php\/hanyu\/wp-json\/wp\/v2\/users\/1"}],"replies":[{"embeddable":true,"href":"https:\/\/reto.cn\/php\/hanyu\/wp-json\/wp\/v2\/comments?post=5710"}],"version-history":[{"count":0,"href":"https:\/\/reto.cn\/php\/hanyu\/wp-json\/wp\/v2\/pages\/5710\/revisions"}],"up":[{"embeddable":true,"href":"https:\/\/reto.cn\/php\/hanyu\/wp-json\/wp\/v2\/pages\/240"}],"wp:attachment":[{"href":"https:\/\/reto.cn\/php\/hanyu\/wp-json\/wp\/v2\/media?parent=5710"}],"curies":[{"name":"wp","href":"https:\/\/api.w.org\/{rel}","templated":true}]}}