{"id":5732,"date":"2019-05-27T19:31:57","date_gmt":"2019-05-27T11:31:57","guid":{"rendered":"http:\/\/reto.cn\/php\/hanyu\/?page_id=5732"},"modified":"2022-02-02T13:55:26","modified_gmt":"2022-02-02T05:55:26","slug":"por-pasi-pluen","status":"publish","type":"page","link":"https:\/\/reto.cn\/php\/hanyu\/paso_al_plena_posedo\/por-pasi-pluen\/","title":{"rendered":"\u8fdb\u4e00\u6b65\u5b66\u4e60\u63d0\u9ad8 POR PA\u015cI PLUEN"},"content":{"rendered":"<p>\u9ad8\u7ea7\u4e16\u754c\u8bed\u6559\u7a0b \u4e60\u9898\u7b54\u6848<\/p>\n<h1>Pa\u015doj al plena posedo<\/h1>\n<div class=\"page\">\n<div class=\"text\">\n<h2 style=\"text-align: center;\">POR PA\u015cI PLUEN<\/h2>\n<p>La plej ampleksa listo de haveblaj libroj en Esperanto estas la Katalogo de la Libroservo de UEA, kiu enhavas \u0109. 2000 titolojn. Nove aperintaj titoloj anonci\u011das en preskal \u0109iu numero de la revuo Esperanto kaj de Heroldo de Esperanto. \u0108i tie mi donas nur kelkajn sugestojn por plua legado; ili reprezentas nur malgrandan onon de la eblecoj.<\/p>\n<div class=\"indent\">\n<h1>Aliaj legolibroj kaj kompila\u0135oj<\/h1>\n<div class=\"indent\">\n<p><i>Baza literatura krestomatio<\/i>. Red. Vilmos Benczik.<\/p>\n<p><i>De sezono al sezono<\/i> <span class=\"rem\">(2 vol.)<\/span>. Red. Miyamoto masao.<\/p>\n<p><i>25 jaroj: Antologio de Belartaj Konkursoj.<\/i> Red. William Auld kaj Vilmos Benczik.<\/p>\n<p><i>Esperanta legolibro.<\/i> Red. Elio Migliorini.<\/p>\n<p><i>Fundamenta krestomatio.<\/i> Red. L. L. Zamenhof. Klasika kolekto, aperinta unue en 1903.<\/p>\n<\/div>\n<h1>Pri Esperanto kaj la Esperanto-movado<\/h1>\n<div class=\"indent\">\n<p><i>Enciklopedio de Esperanto.<\/i> Represo de verko aperinta en 1933.<\/p>\n<p><i>Esperanto en perspektivo.<\/i> Red. No Lapenna k.a. Monumenta faktlibro.<\/p>\n<p><i>Gvidlibro por supera ekzameno.<\/i> Red. Alfonso Pechan.<\/p>\n<p><i>La\u016dokazaj lingvaj notoj.<\/i> Avo <span class=\"rem\">(Alec Venture)<\/span>. Konsilaro.<\/p>\n<p><i>Lingvaj respondoj.<\/i> L. L. Zamenhof. Konsilaro.<\/p>\n<p><i>Lingvistikaj aspektoj de Esperanto.<\/i> John Wells. Studo.<\/p>\n<p><i>Lingvo stilo formo.<\/i> K\u00e1lm\u00e1n Kalocsay. Eseoj.<\/p>\n<p><i>1887 kaj la sekvo &#8230;<\/i> Gaston Waringhien. Eseoj.<\/p>\n<p><i>Plena analiza gramatiko de Esperanto.<\/i> K\u00e1lm\u00e1n Kalocsay kaj Gaston Waringhien.<\/p>\n<p><i>Pri lingvo kaj aliaj artoj.<\/i> William Auld. Eseoj.<\/p>\n<p><i>Sarkasme kaj entuziasme.<\/i> Miyamoto Masao. Eseoj.<\/p>\n<\/div>\n<h1>Originala beletro<\/h1>\n<div class=\"indent\">\n<p>Auld, William. <i>La infana raso.<\/i> Poemo 25-\u0109apitra.<\/p>\n<p>Beaucaire, Louis. <i>El la vivo de bervala senta\u016dgulo.<\/i> Malpudoraj humuraj noveloj.<\/p>\n<p>Engholm, Stellan. <i>Homoj sur la tero.<\/i> Romano pri tri generacioj de sveda biena familio.<\/p>\n<p>Ero\u015denko, Vasilij. <i>Lumo kaj ombro.<\/i> Noveloj, poemoj kaj artikoloj de rusa blindulo, kiu multe voja\u011dis en Azio.<\/p>\n<p>Francis, John. <i>La granda kaldrono.<\/i> Eposa romano pri skota familio dum du mondmilitoj.<\/p>\n<p>Konisi gaku. <i>Vage tra la dimensioj.<\/i> Sciencfikcia novelaro.<\/p>\n<p>Lanti, E\u016dgeno. <i>Vortoj.<\/i> Eseoj de unu el la \u0109efaj ideologoj de Esperanto.<\/p>\n<p>Luyken, H. A. <i>Pro I\u015dtar<\/i>. Romano pri babilonanoj en la tempo de Ijob.<\/p>\n<p>Nervi, Mauro. <i>La turoj de l\u2019\u0109efurbo.<\/i> Poemoj, noveloj kaj teatra\u0135oj.<\/p>\n<p>Peneter, P. kaj G. P. <i>Libro de amo.<\/i> Erotika poemaro, kun la ciklo \u201cSekretaj Sonetoj\u201d kaj priamora terminaro.<\/p>\n<p>Rossetti, Cezaro. <i>Kredu min, Sinjorino!<\/i> Sprita a\u016dtobiografia romano pri voja\u011danta vendisto en Britujo.<\/p>\n<p>Schwartz, Raymond. <i>Anni kaj Montmartre.<\/i> Romano pri junulino en Parizo.<\/p>\n<p>Szathmari, Sandor. <i>Kain kaj Abel.<\/i> Amare satiraj noveloj pri la homa malraciemo.<\/p>\n<p>Ueyama masao. <i>Mi amas &#8230;<\/i> Noveloj a\u016dtobiografiaj.<\/p>\n<p>Valano, Johan. <i>\u0108u li bremsis sufice?<\/i> Krimromano sprite verkita.<\/p>\n<p>Varankin, Vladimir. <i>Metropoliteno.<\/i> Romano stile interesa kaj enhave pensiga<\/p>\n<\/div>\n<h1>El aliaj literaturoj<\/h1>\n<div class=\"indent\">\n<p>Alencar, Jose de. <i>Iracema.<\/i> Brazila romano.<\/p>\n<p>Andersen, Hans Christian. <i>Fabeloj<\/i>, vol. 1.<\/p>\n<p>Angla Antologio 1000-1800.<\/p>\n<p>Babits, Mihaly. <i>La cikoni-kalifo.<\/i> Fantazia romano, el la hungara.<\/p>\n<p>Brecht, Bertolt. <i>Trigro\u015da romano.<\/i> Socikritika satiro.<\/p>\n<p>Bulgara prozo. 19 noveloj.<\/p>\n<p>Burns, Robert. <i>Kantoj poemoj kaj satiroj.<\/i><\/p>\n<p>Capek, Karel. <i>Libro de apokrifoj<\/i>. Mallongaj noveloj pri famuloj historiaj, mitologiaj kaj literaturaj.<\/p>\n<p>Cervantes Saavedra, Miguel de. <i>La in\u011denia hidalgo Don Quijote de la Mancha.<\/i><\/p>\n<p>Dante. <i>Infero<\/i>. Unua kaj plej fama parto de la Dia Komedio.<\/p>\n<p>El \u0109ina poezio. Verkoj antikvaj kaj modernaj.<\/p>\n<p>El japana literaturo. Noveloj de la Meiji-periodo \u011dis la dua mondmilito.<\/p>\n<p>Gallegos, Romulo. <i>Do\u0148a B\u00e1rbara.<\/i> Venezuela romano.<\/p>\n<p>Gogol, N. V. <i>La revizoro<\/i>. Komedio pri timemaj koruptuloj.<\/p>\n<p>Goscinny kaj Uderzo. <i>Asteriks la ga\u016dlo<\/i>. La unua en la fama komiksa serio.<\/p>\n<p>Heine, Heinrich. <i>Kantoj kaj romancoj.<\/i><\/p>\n<p>Hemandez, Jose. Mart\u00edn Fierro. <i> Ga\u016d\u0109a eposo.<\/i><\/p>\n<p>Ibsen, Henrik. <i>Brand.<\/i><br \/>\n<i>Peer Gynt.<\/i><\/p>\n<p>Islandaj pravo\u0109oj. Tri sagaecaj rakontoj kaj unu poemo.<\/p>\n<p>Kivi, Aleksis. <i>Sep fratoj.<\/i> Klasika finna humura romano.<\/p>\n<p>Lonrot, Elias. <i>Kalevala.<\/i> Eposo kompilita lag finnaj popolaj tradicioj.<\/p>\n<p>Lusin. Noveloj. Plena kolekto de la noveloj de la plej elstara \u0109ina verkisto de la jarcento.<\/p>\n<p>Madach, Imre. <i>La tragedio de 1&#8242; homo.<\/i> Filozofia versa dramo, el la hungara.<\/p>\n<p>Majurani\u0109, Ivan. <i>La morto de Smail-agao \u0108en\u011di\u0109.<\/i> Poemo pri la lukto inter turkoj kaj montenegranoj.<\/p>\n<p>Martinson, Harry. <i>Aniaro<\/i>. Sciencfikcia eposa poemo, de sveda nobelpremiito.<\/p>\n<p>Nakazima atusi. <i>La obstino.<\/i> Fantaziaj noveloj.<\/p>\n<p><i>Nobla Korano<\/i>, <i>La<\/i>. Paralelaj tekstoj, en la araba kaj Esperanto.<\/p>\n<p>Prus, Boles\u0142aw. <i>La Faraono.<\/i> Klarika pola romano pri la politiko en antikva Egiptujo.<\/p>\n<p>Rakontoj pri fantom-spitantoj. El la \u0109ina.<\/p>\n<p><i>Sankta Biblio<\/i>, <i>La<\/i>. La Malnova Testamento tradukis L. L. Zamenhof.<\/p>\n<p>Sartre, Jean-Paul. <i>La na\u016dzo<\/i>. Romano.<br \/>\n<i>La respektema p<\/i>&#8230; \/ Sen eliro. Teatra\u0135oj.<\/p>\n<p>Shakespeare, William. <i>Epifanio, a\u016d Kiel vi volas.<\/i><br \/>\n<i>Hamleto, re\u011dido de Danujo.<\/i> Tradukis L. L. Zamenhof.<br \/>\n<i>Otelo.<\/i><br \/>\n<i>Re\u011do Lear.<\/i><br \/>\n<i>Rikardo tria<\/i>. Historia dramo.<\/p>\n<p>Sienkiewicz, Henryk. <i>Tra dezerto kaj praarbaro.<\/i> Romano porjunula pri aventuroj en norda Afriko.<\/p>\n<p>Skota antologio.<\/p>\n<p>Tagor, Rabindranath. <i>Malsata \u015dtono.<\/i> Noveloj, el la bengala.<br \/>\n<i>Primico.<\/i> Poemoj.<\/p>\n<p>Tanizaki zyun&#8217;itir\u00f3. <i>El la vivo de Syunkin.<\/i> Cinikaj dramoj kaj noveloj.<\/p>\n<p>Voltaire. <i>Tri verkoj de Volter. <\/i> \u201cKandid\u201d, \u201cZadig\u201d kaj \u201cLa senartifikulo\u201d.<\/p>\n<p>Enhavo <a href=\"https:\/\/reto.cn\/php\/hanyu\/paso_al_plena_posedo\/antauklarigo\">Anta\u016dklarigo<\/a> <a href=\"https:\/\/reto.cn\/php\/hanyu\/paso_al_plena_posedo\/paso-unua\">01<\/a> <a href=\"https:\/\/reto.cn\/php\/hanyu\/paso_al_plena_posedo\/paso-dua\">02<\/a> <a href=\"https:\/\/reto.cn\/php\/hanyu\/paso_al_plena_posedo\/paso-tria\">03<\/a> <a href=\"https:\/\/reto.cn\/php\/hanyu\/paso_al_plena_posedo\/paso-kvara\">04<\/a> <a href=\"https:\/\/reto.cn\/php\/hanyu\/paso_al_plena_posedo\/paso-kvina\">05<\/a> <a href=\"https:\/\/reto.cn\/php\/hanyu\/paso_al_plena_posedo\/paso-sesa\">06<\/a> <a href=\"https:\/\/reto.cn\/php\/hanyu\/paso_al_plena_posedo\/paso-sepa\">07<\/a> <a href=\"https:\/\/reto.cn\/php\/hanyu\/paso_al_plena_posedo\/paso-oka\">08<\/a> <a href=\"https:\/\/reto.cn\/php\/hanyu\/paso_al_plena_posedo\/paso-naua\">09<\/a> <a href=\"https:\/\/reto.cn\/php\/hanyu\/paso_al_plena_posedo\/paso-deka\">10<\/a> <a href=\"https:\/\/reto.cn\/php\/hanyu\/paso_al_plena_posedo\/paso-dekunua\">11<\/a> <a href=\"https:\/\/reto.cn\/php\/hanyu\/paso_al_plena_posedo\/paso-dekdua\">12<\/a> <a href=\"https:\/\/reto.cn\/php\/hanyu\/paso_al_plena_posedo\/paso-dektria\">13<\/a> <a href=\"https:\/\/reto.cn\/php\/hanyu\/paso_al_plena_posedo\/paso-dekkvara\">14<\/a> <a href=\"https:\/\/reto.cn\/php\/hanyu\/paso_al_plena_posedo\/paso-dekkvina\">15<\/a> <a href=\"https:\/\/reto.cn\/php\/hanyu\/paso_al_plena_posedo\/paso-deksesa\">16<\/a> <a href=\"https:\/\/reto.cn\/php\/hanyu\/paso_al_plena_posedo\/paso-deksepa\">17<\/a> <a href=\"https:\/\/reto.cn\/php\/hanyu\/paso_al_plena_posedo\/paso-dekoka\">18<\/a> <a href=\"https:\/\/reto.cn\/php\/hanyu\/paso_al_plena_posedo\/paso-deknaua\">19<\/a> <a href=\"https:\/\/reto.cn\/php\/hanyu\/paso_al_plena_posedo\/paso-dudeka\">20<\/a> <a href=\"https:\/\/reto.cn\/php\/hanyu\/paso_al_plena_posedo\/paso-dudukunua\">21<\/a> <a href=\"https:\/\/reto.cn\/php\/hanyu\/paso_al_plena_posedo\/paso-dudekdua\">22<\/a> <a href=\"https:\/\/reto.cn\/php\/hanyu\/paso_al_plena_posedo\/paso-dudektria\">23<\/a> <a href=\"https:\/\/reto.cn\/php\/hanyu\/paso_al_plena_posedo\/paso-dudekkvara\">24<\/a> <a href=\"https:\/\/reto.cn\/php\/hanyu\/paso_al_plena_posedo\/paso-dudekkvina\">25<\/a> <a href=\"https:\/\/reto.cn\/php\/hanyu\/paso_al_plena_posedo\/paso-dudeksesa\">26<\/a> <a href=\"https:\/\/reto.cn\/php\/hanyu\/paso_al_plena_posedo\/paso-dudeksepa\">27<\/a> <a href=\"https:\/\/reto.cn\/php\/hanyu\/paso_al_plena_posedo\/paso-dudekoka\">28<\/a> <a href=\"https:\/\/reto.cn\/php\/hanyu\/paso_al_plena_posedo\/paso-dudeknaua\">29<\/a> <a href=\"https:\/\/reto.cn\/php\/hanyu\/paso_al_plena_posedo\/paso-trideka\">30<\/a> <a href=\"https:\/\/reto.cn\/php\/hanyu\/paso_al_plena_posedo\/solvoj\">SOLVOJ<\/a> POR PA\u015cI PLUEN<\/p>\n<\/div>\n<\/div>\n<\/div>\n<\/div>\n<div class=\"page\">\n<hr size=\"1\" \/>\n<\/div>\n","protected":false},"excerpt":{"rendered":"<p>\u9ad8\u7ea7\u4e16\u754c\u8bed\u6559\u7a0b \u4e60\u9898\u7b54\u6848 Pa\u015doj al plena posedo POR PA\u015cI PLUEN La pl\u2026 <span class=\"read-more\"><a href=\"https:\/\/reto.cn\/php\/hanyu\/paso_al_plena_posedo\/por-pasi-pluen\/\">\u7ee7\u7eed\u9605\u8bfb Legi pli &raquo;<\/a><\/span><\/p>\n","protected":false},"author":1,"featured_media":0,"parent":240,"menu_order":32,"comment_status":"open","ping_status":"closed","template":"","meta":{"footnotes":""},"_links":{"self":[{"href":"https:\/\/reto.cn\/php\/hanyu\/wp-json\/wp\/v2\/pages\/5732"}],"collection":[{"href":"https:\/\/reto.cn\/php\/hanyu\/wp-json\/wp\/v2\/pages"}],"about":[{"href":"https:\/\/reto.cn\/php\/hanyu\/wp-json\/wp\/v2\/types\/page"}],"author":[{"embeddable":true,"href":"https:\/\/reto.cn\/php\/hanyu\/wp-json\/wp\/v2\/users\/1"}],"replies":[{"embeddable":true,"href":"https:\/\/reto.cn\/php\/hanyu\/wp-json\/wp\/v2\/comments?post=5732"}],"version-history":[{"count":0,"href":"https:\/\/reto.cn\/php\/hanyu\/wp-json\/wp\/v2\/pages\/5732\/revisions"}],"up":[{"embeddable":true,"href":"https:\/\/reto.cn\/php\/hanyu\/wp-json\/wp\/v2\/pages\/240"}],"wp:attachment":[{"href":"https:\/\/reto.cn\/php\/hanyu\/wp-json\/wp\/v2\/media?parent=5732"}],"curies":[{"name":"wp","href":"https:\/\/api.w.org\/{rel}","templated":true}]}}