{"id":5802,"date":"2019-06-18T22:43:50","date_gmt":"2019-06-18T14:43:50","guid":{"rendered":"http:\/\/reto.cn\/php\/hanyu\/?page_id=5802"},"modified":"2022-03-31T20:15:11","modified_gmt":"2022-03-31T12:15:11","slug":"sango-de-civilizacio-en-europo","status":"publish","type":"page","link":"https:\/\/reto.cn\/php\/hanyu\/rigardi-la-mondon-per-esperanto\/sango-de-civilizacio-en-europo\/","title":{"rendered":"Granda \u015dan\u011do de civilizacio en E\u016dropo \u6b27\u6d32\u6587\u660e\u5de8\u53d8"},"content":{"rendered":"<p>En E\u016dropo okazadas granda \u015dan\u011do de civilizacio. Sed oni silentigas priparolojn de tiu fenomeno pro la falsa akuzo de la &#8220;rasismo!&#8221;.<br \/>\nSed tio ja estas la sorto de E\u016dropo, la estonto de ties popoloj, la estonto de la Okcidento, la estonto de la tuta civilizacio! Oni devas paroli pri tio!<\/p>\n<p>Dum la lastaj 1000 jaroj ne estis tiaj \u015dan\u011doj en E\u016dropo, kiam milionoj da homoj de alia civilizacio eniras en E\u016dropon kaj \u015dan\u011das tiun deinterne. Estas tiuj kiuj nomas tiun fenomenon invado, estas tiuj kiuj nomas tion okupacio, aliaj esperas pri asimilacio&#8230;<br \/>\nIam vere estis tiu espero, tiu ideo pri mult-kultureco sed tiu ideo jam forvapori\u011dis. E\u0109 Merkel kaj aliaj gvidantoj de E\u016dropo agnoskas ke &#8220;mult-kultureco&#8221; malsukcesis. Neniu jam ne parolas pri tio. Sed migrado da\u016dras en grandegaj amasoj.<br \/>\nKaj jen Berlin, Malme kie jam pli ol 40% da lo\u011dantaro estas islamanoj.<\/p>\n<p>\u2026 Kontra\u016de de la judoj en la 30aj jaroj de la anta\u016da jarcento kiuj ne havis la lokon kien forfu\u011di, nun judoj havas sian \u015dtaton por fu\u011di. Sed kio okazos en E\u016dropo mem?<\/p>\n<p>(Guy Bechor)<\/p>\n<p><a href=\"https:\/\/reto.cn\/php\/hanyu\/rigardi-la-mondon-per-esperanto\">\u8fd4\u56de\u672c\u680f\u76ee\u76ee\u5f55 reveni al la listo de tiu \u0109i rubriko<\/a><\/p>\n","protected":false},"excerpt":{"rendered":"<p>En E\u016dropo okazadas granda \u015dan\u011do de civilizacio. Sed oni\u2026 <span class=\"read-more\"><a href=\"https:\/\/reto.cn\/php\/hanyu\/rigardi-la-mondon-per-esperanto\/sango-de-civilizacio-en-europo\/\">\u7ee7\u7eed\u9605\u8bfb Legi pli &raquo;<\/a><\/span><\/p>\n","protected":false},"author":1,"featured_media":0,"parent":4915,"menu_order":0,"comment_status":"open","ping_status":"closed","template":"","meta":{"footnotes":""},"_links":{"self":[{"href":"https:\/\/reto.cn\/php\/hanyu\/wp-json\/wp\/v2\/pages\/5802"}],"collection":[{"href":"https:\/\/reto.cn\/php\/hanyu\/wp-json\/wp\/v2\/pages"}],"about":[{"href":"https:\/\/reto.cn\/php\/hanyu\/wp-json\/wp\/v2\/types\/page"}],"author":[{"embeddable":true,"href":"https:\/\/reto.cn\/php\/hanyu\/wp-json\/wp\/v2\/users\/1"}],"replies":[{"embeddable":true,"href":"https:\/\/reto.cn\/php\/hanyu\/wp-json\/wp\/v2\/comments?post=5802"}],"version-history":[{"count":0,"href":"https:\/\/reto.cn\/php\/hanyu\/wp-json\/wp\/v2\/pages\/5802\/revisions"}],"up":[{"embeddable":true,"href":"https:\/\/reto.cn\/php\/hanyu\/wp-json\/wp\/v2\/pages\/4915"}],"wp:attachment":[{"href":"https:\/\/reto.cn\/php\/hanyu\/wp-json\/wp\/v2\/media?parent=5802"}],"curies":[{"name":"wp","href":"https:\/\/api.w.org\/{rel}","templated":true}]}}