{"id":6090,"date":"2020-05-07T11:19:35","date_gmt":"2020-05-07T03:19:35","guid":{"rendered":"http:\/\/reto.cn\/php\/hanyu\/?page_id=6090"},"modified":"2022-03-31T20:11:59","modified_gmt":"2022-03-31T12:11:59","slug":"palestina-eduka-sistemo","status":"publish","type":"page","link":"https:\/\/reto.cn\/php\/hanyu\/rigardi-la-mondon-per-esperanto\/palestina-eduka-sistemo\/","title":{"rendered":"Palestina Eduka Sistemo \u5df4\u52d2\u65af\u5766\u7684\u6559\u80b2\u4f53\u7cfb"},"content":{"rendered":"<p>\u4f5c\u8005 Tuviah Rosenberg \uff08\u4ee5\u8272\u5217\uff09<\/p>\n<p>Mi multajn fojojn rakontis pri la palestina eduksistemo kiu edukas arabajn geinfanojn al la malamo al judoj kaj instigas militemajn sentojn en sia infanaro. Sed ne multaj povis vidi tiujn librojn.<\/p>\n<p>Sed nun jen kronviruso helpis konigi tiujn terura\u0135ojn al la tuta mondo.<\/p>\n<p>Kiel Israelo same anka\u016d Palestina A\u016dtoritato komencis instrui infanaron konektite per interreto (&#8220;online&#8221;). Kaj jen la tuta homaro povas vidi kion oni instruas en la Palestina A\u016dtonomio siajn geinfanojn.<\/p>\n<p>\u0108iujn instigantajn materialojn kiuj estas en la lokaj lernolibroj PA enigis en la interretajn programojn.<\/p>\n<p>PA adaptis \u0109iujn 2D materialojn en pli allogajn Youtub&#8217;ajn programojn de instruistoj kies salajron pagas e\u016dropanoj, en FBajn oficialajn pa\u011dojn de palestinaj lernejoj.<\/p>\n<p>Por instrui la skribadon, legadon kaj komprenon de la ligiitan, ili uzas la &#8220;heroan&#8221; rakonton pri la &#8220;israela sanga a\u016dtobuso&#8221; en kiu 6-7 araboj pafmortigis 35 kaj vundis 71 judojn.<\/p>\n<p>Alia scienca demando por geinfanoj: &#8220;\u0108u misiloj sendataj sur Israelon havas kinetan energion a\u016d potencialan energion?&#8221;<\/p>\n<p>A\u016d por klarigi la teran graviton anstata\u016d rakonti pri la &#8220;pomo de Newton&#8221; oni demandas &#8220;Kial \u015dtonoj \u0135etitaj el \u0135etiloj sur israelanojn falas teren?&#8221;<\/p>\n<p>A\u016dtoro: Tuviah Rosenberg<!--more--><\/p>\n<p>el Facebook<\/p>\n<p><a href=\"https:\/\/reto.cn\/php\/hanyu\/rigardi-la-mondon-per-esperanto\">\u8fd4\u56de\u672c\u680f\u76ee\u76ee\u5f55 reveni al la listo de tiu \u0109i rubriko<\/a><\/p>\n","protected":false},"excerpt":{"rendered":"<p>\u4f5c\u8005 Tuviah Rosenberg \uff08\u4ee5\u8272\u5217\uff09 Mi multajn fojojn rakontis pr\u2026 <span class=\"read-more\"><a href=\"https:\/\/reto.cn\/php\/hanyu\/rigardi-la-mondon-per-esperanto\/palestina-eduka-sistemo\/\">\u7ee7\u7eed\u9605\u8bfb Legi pli &raquo;<\/a><\/span><\/p>\n","protected":false},"author":1,"featured_media":0,"parent":4915,"menu_order":0,"comment_status":"open","ping_status":"closed","template":"","meta":{"footnotes":""},"_links":{"self":[{"href":"https:\/\/reto.cn\/php\/hanyu\/wp-json\/wp\/v2\/pages\/6090"}],"collection":[{"href":"https:\/\/reto.cn\/php\/hanyu\/wp-json\/wp\/v2\/pages"}],"about":[{"href":"https:\/\/reto.cn\/php\/hanyu\/wp-json\/wp\/v2\/types\/page"}],"author":[{"embeddable":true,"href":"https:\/\/reto.cn\/php\/hanyu\/wp-json\/wp\/v2\/users\/1"}],"replies":[{"embeddable":true,"href":"https:\/\/reto.cn\/php\/hanyu\/wp-json\/wp\/v2\/comments?post=6090"}],"version-history":[{"count":0,"href":"https:\/\/reto.cn\/php\/hanyu\/wp-json\/wp\/v2\/pages\/6090\/revisions"}],"up":[{"embeddable":true,"href":"https:\/\/reto.cn\/php\/hanyu\/wp-json\/wp\/v2\/pages\/4915"}],"wp:attachment":[{"href":"https:\/\/reto.cn\/php\/hanyu\/wp-json\/wp\/v2\/media?parent=6090"}],"curies":[{"name":"wp","href":"https:\/\/api.w.org\/{rel}","templated":true}]}}