{"id":6144,"date":"2020-06-12T19:19:48","date_gmt":"2020-06-12T11:19:48","guid":{"rendered":"http:\/\/reto.cn\/php\/hanyu\/?page_id=6144"},"modified":"2022-01-29T12:42:47","modified_gmt":"2022-01-29T04:42:47","slug":"elektra-aviadilo-aprobita","status":"publish","type":"page","link":"https:\/\/reto.cn\/php\/hanyu\/rigardi-la-mondon-per-esperanto\/elektra-aviadilo-aprobita\/","title":{"rendered":"Elektra Aviadilo Aprobita \u7535\u52a8\u98de\u673a\u53d6\u5f97\u98de\u884c\u8bb8\u53ef"},"content":{"rendered":"<p>A\u016dtoro: Paulo Cesar Pires<br \/>\n<img decoding=\"async\" loading=\"lazy\" class=\"alignnone size-medium\" src=\"http:\/\/reto.cn\/rigardi-la-mondon\/bildoj\/elektra_aviadilo.jpg\" width=\"601\" height=\"337\" \/><br \/>\nHiera\u016d (merkrede, la 10-an) la E\u016dropa Aviada Sekureca Agentejo, EASA, anoncis la aprobon de tuta elektra aviadilo, kiu posedas du sidlokojn kaj celas \u0109efe pilototrejnadon \u2013 \u011di estis disvokvita de la slovena firmao Pipistrel Aircraft.<\/p>\n<p>\u201cTiu estas la unua elektra aviadilo komfirmita de EASA, kaj certe \u011di ne estos la lasta\u201d, tion diris Patrick Ky, kiu estas la \u0109efestro de EASA, citita en ties gazetara komunika\u0135o. La koncerna atestilo rajtigas la flugadon, kaj \u011di nepras por la agado de nova aviadilo.<\/p>\n<p>La aviadilo nomi\u011das \u201cVelis Electro\u201d, kaj la\u016d Ivo Boscarol, kiu estas \u0109efestro de la fabrikanta firmao \u201c\u011di estas sufi\u0109e pli silenta ol aliaj aviadiloj, kaj ne produktas brulgasojn\u201d.<\/p>\n<p>Origina titolo: E\u016dropo donis la unuan flugpermeson koncerne al elektra aviadilo<\/p>\n<p>\u9009\u81ea\u00a0<a href=\"https:\/\/esperanto.blog\">https:\/\/esperanto.blog<\/a><\/p>\n<p><a href=\"https:\/\/reto.cn\/php\/hanyu\/rigardi-la-mondon-per-esperanto\">\u8fd4\u56de\u672c\u680f\u76ee\u76ee\u5f55 reveni al la listo de tiu \u0109i rubriko<\/a><\/p>\n","protected":false},"excerpt":{"rendered":"<p>A\u016dtoro: Paulo Cesar Pires Hiera\u016d (merkrede, la 10-an) l\u2026 <span class=\"read-more\"><a href=\"https:\/\/reto.cn\/php\/hanyu\/rigardi-la-mondon-per-esperanto\/elektra-aviadilo-aprobita\/\">\u7ee7\u7eed\u9605\u8bfb Legi pli &raquo;<\/a><\/span><\/p>\n","protected":false},"author":1,"featured_media":0,"parent":4915,"menu_order":0,"comment_status":"open","ping_status":"closed","template":"","meta":{"footnotes":""},"_links":{"self":[{"href":"https:\/\/reto.cn\/php\/hanyu\/wp-json\/wp\/v2\/pages\/6144"}],"collection":[{"href":"https:\/\/reto.cn\/php\/hanyu\/wp-json\/wp\/v2\/pages"}],"about":[{"href":"https:\/\/reto.cn\/php\/hanyu\/wp-json\/wp\/v2\/types\/page"}],"author":[{"embeddable":true,"href":"https:\/\/reto.cn\/php\/hanyu\/wp-json\/wp\/v2\/users\/1"}],"replies":[{"embeddable":true,"href":"https:\/\/reto.cn\/php\/hanyu\/wp-json\/wp\/v2\/comments?post=6144"}],"version-history":[{"count":0,"href":"https:\/\/reto.cn\/php\/hanyu\/wp-json\/wp\/v2\/pages\/6144\/revisions"}],"up":[{"embeddable":true,"href":"https:\/\/reto.cn\/php\/hanyu\/wp-json\/wp\/v2\/pages\/4915"}],"wp:attachment":[{"href":"https:\/\/reto.cn\/php\/hanyu\/wp-json\/wp\/v2\/media?parent=6144"}],"curies":[{"name":"wp","href":"https:\/\/api.w.org\/{rel}","templated":true}]}}