{"id":6149,"date":"2020-06-12T19:45:07","date_gmt":"2020-06-12T11:45:07","guid":{"rendered":"http:\/\/reto.cn\/php\/hanyu\/?page_id=6149"},"modified":"2024-10-25T13:58:03","modified_gmt":"2024-10-25T05:58:03","slug":"usonaj-merkatoj-eksplodas","status":"publish","type":"page","link":"https:\/\/reto.cn\/php\/hanyu\/rigardi-la-mondon-per-esperanto\/usonaj-merkatoj-eksplodas\/","title":{"rendered":"Usonaj Merkatoj Eksplodas"},"content":{"rendered":"<p><em>\u4f5c\u8005 Tuviah Rosenberg \uff08\u4ee5\u8272\u5217\uff09<\/em><\/p>\n<p>La festo! Historia tago en la historio de la usona ekonomio: merkatoj eksplodas supren, sub la direkto de la Granda Majstro.<\/p>\n<p>Oni volis enterigi lin, kaj li enterigis ilin. Kontra\u016de al la progresivaj &#8220;komentistoj&#8221; kiuj profetis ke la usona ekonomio detrui\u011dos pro la politiko de Trump, kaj okazas inverso: la Indekso pri teknologiaj akcioj atingis hodia\u016d rekordan nivelon dum la \u0109iuj tempoj de la usona historio, e\u0109 superalti\u011dis la linion de 10000.<\/p>\n<p>Atentu kion markis tiu grafika\u0135o en la tempo de la juda malamanto Mu-Barak \u0124usejn.<\/p>\n<p><img decoding=\"async\" loading=\"lazy\" class=\"alignnone size-medium\" src=\"http:\/\/reto.cn\/rigardi-la-mondon\/bildoj\/usonaj_merkatoj_eksplodi.jpg\" width=\"768\" height=\"482\" \/><\/p>\n<p>Tiamaniere borso venigas kreskantan ekonomion, malgra\u016d kronviruso kaj malgra\u016d barbaraj tumultoj de progresivistoj, kaj la Prezidenton Trump al la venonta kadenco <a href='https:\/\/www.east-gonflable.fr\/e105-parcours-obstacle-gonflable.html' style=\"color: black; text-decoration: none;\">parcours obstacle gonflable<\/a>.<br \/>\nKaj kie estas la alia pretendanto Joe Biden? Kie estas lia profunda-profunda kelo? Korupta, seksa krimulo kaj demenculo.<\/p>\n<p>A\u016dtoro\u00a0<em>Tuviah Rosenberg<\/em><\/p>\n<p><a href=\"https:\/\/reto.cn\/php\/hanyu\/rigardi-la-mondon-per-esperanto\">\u8fd4\u56de\u672c\u680f\u76ee\u76ee\u5f55 reveni al la listo de tiu \u0109i rubriko<\/a><\/p>\n","protected":false},"excerpt":{"rendered":"<p>\u4f5c\u8005 Tuviah Rosenberg \uff08\u4ee5\u8272\u5217\uff09 La festo! Historia tago en la\u2026 <span class=\"read-more\"><a href=\"https:\/\/reto.cn\/php\/hanyu\/rigardi-la-mondon-per-esperanto\/usonaj-merkatoj-eksplodas\/\">\u7ee7\u7eed\u9605\u8bfb Legi pli &raquo;<\/a><\/span><\/p>\n","protected":false},"author":1,"featured_media":0,"parent":4915,"menu_order":0,"comment_status":"open","ping_status":"closed","template":"","meta":{"footnotes":""},"_links":{"self":[{"href":"https:\/\/reto.cn\/php\/hanyu\/wp-json\/wp\/v2\/pages\/6149"}],"collection":[{"href":"https:\/\/reto.cn\/php\/hanyu\/wp-json\/wp\/v2\/pages"}],"about":[{"href":"https:\/\/reto.cn\/php\/hanyu\/wp-json\/wp\/v2\/types\/page"}],"author":[{"embeddable":true,"href":"https:\/\/reto.cn\/php\/hanyu\/wp-json\/wp\/v2\/users\/1"}],"replies":[{"embeddable":true,"href":"https:\/\/reto.cn\/php\/hanyu\/wp-json\/wp\/v2\/comments?post=6149"}],"version-history":[{"count":0,"href":"https:\/\/reto.cn\/php\/hanyu\/wp-json\/wp\/v2\/pages\/6149\/revisions"}],"up":[{"embeddable":true,"href":"https:\/\/reto.cn\/php\/hanyu\/wp-json\/wp\/v2\/pages\/4915"}],"wp:attachment":[{"href":"https:\/\/reto.cn\/php\/hanyu\/wp-json\/wp\/v2\/media?parent=6149"}],"curies":[{"name":"wp","href":"https:\/\/api.w.org\/{rel}","templated":true}]}}