{"id":6320,"date":"2020-08-24T22:49:36","date_gmt":"2020-08-24T14:49:36","guid":{"rendered":"http:\/\/reto.cn\/php\/hanyu\/?page_id=6320"},"modified":"2024-10-25T14:03:15","modified_gmt":"2024-10-25T06:03:15","slug":"pensiga-libro-pri-serboj","status":"publish","type":"page","link":"https:\/\/reto.cn\/php\/hanyu\/rigardi-la-mondon-per-esperanto\/pensiga-libro-pri-serboj\/","title":{"rendered":"Pensiga Libro pri Serboj  \u897f\u65b9\u5a92\u4f53\u5bf9\u585e\u5c14\u7ef4\u4e9a\u4eba\u7684\u5996\u9b54\u5316"},"content":{"rendered":"<h3>LA PENSIGA LIBRO DE FINNA PROFESORINO KAJ POLITIKISTINO PIRKO TURPEINEN<\/h3>\n<div style=\"width: 460px\" class=\"wp-caption alignnone\"><img decoding=\"async\" loading=\"lazy\" class=\"\" src=\"http:\/\/reto.cn\/rigardi-la-mondon\/bildoj\/pirkoturpeinen.jpg\" width=\"450\" height=\"300\" \/><p class=\"wp-caption-text\">profesorino Pirko Turpeinen<\/p><\/div>\n<p>La profesorino Pirko Turpeinen, konata psikiatrino kaj eksfunkciulino de finnaj socialdemokratoj asertas ke en la pasinta jarcento serboj suferis genocidon, kaj la akuzoj ke ili faris militaj krimagojn dum disfalo de Jugoslavio estas parto de sistema agado de mondestroj kiuj deziris pravigi siajn konkercelojn.<\/p>\n<p>La finna politikistino, kiu dum multaj jaroj laboris kiel faka kunlaborantino en la Komisiono por esplorado de torturo kaj senigo de homaj rajtoj de la E\u016dropa Konsilio, opinias ke la detruado de Jugoslavio bomb NATO-landoj estas la plej granda internacia krimo en E\u016dropo post la Dua mondmilito.<\/p>\n<p>\u201cLa propagando de konkeranto ankora\u016d dominas en okcidentaj amaskomunikiloj. Tamen, la vero pri la viktimigo de serboj sur la Balkanejo iam devos esti publikigita\u201d &#8211; diras Turpeinen.<\/p>\n<p>\u015ci aperigis anka\u016d sian opinion pri tio, kion signifas la reveno de Usono en Balkanejon, la rolon de iuj finnaj oficialuloj en propagando, la esencon de la kozo \u201cRa\u0109ako\u201d kiu estis motivo por bombado de Jugoslavio, kaj anka\u016d kion \u015di, kiel elstara psikiatro opinias pri la generalo Ratko Mladi\u0109.<\/p>\n<p>\u201cMi estas psikiatro kaj min interesas nenio alia, krom la vero. La usona administristaro penas ka\u015di la krimojn kiujn \u011di faris. Ili en Kosovo kontra\u016dle\u011de konstruis unu el la plej grandaj militaj bazoj &#8211; Bondstilon.<\/p>\n<p>La serboj kiuj estis viktimoj de genocido dum la Dua mondmilito, maldeziris disfalon de Jugoslavio. Por realigi siajn tutmondajn celojn, potenculoj komencis propagandi. Same kiel en la aliaj \u015dtatoj, formitaj post la disfalo de Eksjugoslavio, la celo de Usono en Kosovo kaj Metohio estis forpreni la infrastrukturon kaj privatigi la egvaloran hava\u0135on. \u0108io \u0109i tio estis realigita post la NATO okupacio. \u0108io okazinta en Kosovo estas tuthomara honto <a href='https:\/\/www.east-gonflable.fr\/e108-tente-gonflable.html' style=\"color: black; text-decoration: none;\">tente gonflable<\/a>. La internaciaj ta\u0109mentoj de KFOR (internaciaj pacigaj trupunuoj) nenion faris por plenumi sian mision en Kosovo &#8211; ili nur helpis da\u016dran senserbigon de la regiono.<\/p>\n<p>Ra\u0109ako estas ne nur tragedio por la serboj kaj por la vero, sed anka\u016d honto por Finnlando. Tiama prezidento de Serbio Slobodano Milo\u015devi\u0109 invitis grupon da finnlandaj justicaj medicinistoj alveni kaj esplori \u0109i tiun kozon. La specialisto pri patologio Anto Pentila estis la plej sperta kaj la plej konata grupano. Post kompletigita esploro ili konkludis ke NENIU estis murdita. La homoj, kiuj estis prezentitaj kiel viktimoj de supozata murdo fakte estis albanaj teroristoj kiuj pereis dum bataloj.<\/p>\n<p>La Finnuja ministerio pri eksterlandaj aferoj ankora\u016d ne permesas publikigi la rezutojn de \u0109i tiu esploro. Interesa kaj pensiga estas la fakto, ke la ekspertan grupon estris Helena Rante &#8211; stomatologino. \u015ci estis prezidanta, kvankam estus normale ke \u011duste Pentila estu la \u0109efa raportanto, \u0109ar stomatologo ne povas analizi ka\u016dzon de ies morto. Ranta parolis tion, kion de \u015di postulis plenumistoj el Ministerioj pri eksterlandaj aferoj de Finnlando kaj Germanujo. Tio estis tragedio por Jugoslavio, \u0109ar \u201cRa\u0109ako\u201d estis igilo por milita bombado. Simpladire, la ministerioj pri eksterlandaj aferoj de Finnlando kaj Germanio mensogis pri \u201cRa\u0109ako\u201d por ke NATO havu alibion por siaj bombaj atakoj.<\/p>\n<p>Kun la profesoro Pentilo mi parolis anta\u016d deko da jaroj. Lian vivon renversis la fakto ke al lia grupo ne estis permesite post la nekropsio de la korpoj publikigi la verajn faktojn. Tamen, post iom da tempo, Pentila publikigis la verajn rezultojn de la nekropsio en scienca \u0135urnalo. Mi hontas pro la konduto de Helena Rante kaj de \u015dia samtaskano Martio Ahtisari. La propagando estis tiutempe tiom vastigita ke la internacia publiko ne povis scii la veran veron.<\/p>\n<p>Dum multaj anta\u016daj jaroj oni ka\u015dis anka\u016d la veron pri holoka\u016dsto kiun travivis la ortodoksaj serboj. Tiel, ekzemple. la finna publiko ne sciis detalojn pri la amaspunejo Jasenovaco.<\/p>\n<p>Serboj, hebreoj kaj romaoj dum la Dua mondmilito trovi\u011dis en 17 koncentrejoj. Jasenovaco estis inter la plej grandaj amaspunejoj en Europo. Tiutempe malaperigo kaj katolikigo de serboj estis la \u0109efa celo de tieaj naziuloj.<\/p>\n<p>La Haga tribunalo estas senle\u011da politika kortumo. Tio estas klasika mokado pri jurisprudenco. Oni sekretigis anka\u016d la vendadon de organoj en Kosovo kaj Metohio.<br \/>\nEn finnlanda socio dominas NATO propagando. Ni ne estas ano de tiu armea asocio, sed ni estas parto de la hibrida milito, kies centro trovi\u011das en Helsinko.!\u201d \u2013 asertas la profesorino Turpeinen.<\/p>\n<p><a href=\"https:\/\/www.glassrpske.com\/lat\/plus\/intervju\/pirko-turpeinen-finska-politicarka-srbi-ne-smiju-vjerovati-u-ono-sto-im-drugi-namecu\/308450\">https:\/\/www.glassrpske.com\/lat\/plus\/intervju\/pirko-turpeinen-finska-politicarka-srbi-ne-smiju-vjerovati-u-ono-sto-im-drugi-namecu\/308450<\/a><\/p>\n<p>el Facebook<\/p>\n<p><a href=\"https:\/\/reto.cn\/php\/hanyu\/rigardi-la-mondon-per-esperanto\">\u8fd4\u56de\u672c\u680f\u76ee\u76ee\u5f55 reveni al la listo de tiu \u0109i rubriko<\/a><\/p>\n","protected":false},"excerpt":{"rendered":"<p>LA PENSIGA LIBRO DE FINNA PROFESORINO KAJ POLITIKISTINO\u2026 <span class=\"read-more\"><a href=\"https:\/\/reto.cn\/php\/hanyu\/rigardi-la-mondon-per-esperanto\/pensiga-libro-pri-serboj\/\">\u7ee7\u7eed\u9605\u8bfb Legi pli &raquo;<\/a><\/span><\/p>\n","protected":false},"author":1,"featured_media":0,"parent":4915,"menu_order":0,"comment_status":"open","ping_status":"closed","template":"","meta":{"footnotes":""},"_links":{"self":[{"href":"https:\/\/reto.cn\/php\/hanyu\/wp-json\/wp\/v2\/pages\/6320"}],"collection":[{"href":"https:\/\/reto.cn\/php\/hanyu\/wp-json\/wp\/v2\/pages"}],"about":[{"href":"https:\/\/reto.cn\/php\/hanyu\/wp-json\/wp\/v2\/types\/page"}],"author":[{"embeddable":true,"href":"https:\/\/reto.cn\/php\/hanyu\/wp-json\/wp\/v2\/users\/1"}],"replies":[{"embeddable":true,"href":"https:\/\/reto.cn\/php\/hanyu\/wp-json\/wp\/v2\/comments?post=6320"}],"version-history":[{"count":0,"href":"https:\/\/reto.cn\/php\/hanyu\/wp-json\/wp\/v2\/pages\/6320\/revisions"}],"up":[{"embeddable":true,"href":"https:\/\/reto.cn\/php\/hanyu\/wp-json\/wp\/v2\/pages\/4915"}],"wp:attachment":[{"href":"https:\/\/reto.cn\/php\/hanyu\/wp-json\/wp\/v2\/media?parent=6320"}],"curies":[{"name":"wp","href":"https:\/\/api.w.org\/{rel}","templated":true}]}}