{"id":6373,"date":"2020-11-11T18:33:16","date_gmt":"2020-11-11T10:33:16","guid":{"rendered":"http:\/\/reto.cn\/php\/hanyu\/?page_id=6373"},"modified":"2022-01-29T12:37:11","modified_gmt":"2022-01-29T04:37:11","slug":"kial-judoj-devas-vocdoni-por-trump","status":"publish","type":"page","link":"https:\/\/reto.cn\/php\/hanyu\/rigardi-la-mondon-per-esperanto\/kial-judoj-devas-vocdoni-por-trump\/","title":{"rendered":"Kial Judoj Devas Vo\u0109doni por Trump? \u4e3a\u4ec0\u4e48\u72b9\u592a\u4eba\u5fc5\u987b\u6295\u7968\u7ed9\u7279\u6717\u666e\uff1f"},"content":{"rendered":"<p>a\u016dtoro <em>Tuviah Rosenberg\u00a0 ( Izraelio \u4ee5\u8272\u5217 )<\/em><\/p>\n<p>&#8220;De Ciro \u011dis Trump ne naski\u011dis iu kiel Donald Trump.&#8221;<\/p>\n<p>Anta\u016d 2500 jaroj la persa re\u011do Ciro la Granda permesis al judoj reveni el la Babilona ekzilo en la Israelan Landon kaj rekonstrui la Templon en Jerusalemo. Tiu estis la 2a Juda Templo sur la Templa Monto en Jerusalemo.<\/p>\n<p>Post la nova elpelo de judoj el lsraelo farita de Romia imperio en la 70a jaro PK, dum 2500 jaroj \u011dis Donald Trump ne estis homo kun la tutmonda influo kiu tiom helpis al judoj reakiri Jerusalemon kaj subtenis la judojn en ilia Juda \u015ctato. Li estas la plej por-judoj, la plej por-Juda \u015ctato kiu estis dum la lastaj 2536 jaroj de la tempo de la konsento kaj kura\u011digo de Ciro la Granda konstrui la Duan Templon.<\/p>\n<p>Tiu komparo estas vera de la momento kiam Trump agnoskis Jerusalemon kiel la \u0109efurbo de Israelo, kaj transigis tien la usonan ambasadejon. Tiu estis unu el sennombraj pa\u015doj kiujn faris Trump por la bono de Israelo:<br \/>\n&#8211; Trump sukcesis sufoki islaman revolucion de Irano;<br \/>\n&#8211; agnosko de la Golana alta\u0135o kiel suverena teritorio de Israelo;<br \/>\n&#8211; for\u0135eto de la reprezentanto de PLO el Washington;<br \/>\n&#8211; \u0109eso de la subteno de UNRWA * ;<br \/>\n&#8211; la decido pri la personaj sankcioj al la prokuroroj de la Internacia Kortumo en Hago se tiuj a\u016ddacos komenci proceson kontra\u016d Usono kaj Israelo;<br \/>\n&#8211; la dono de 24-hora ultimatumo al la Sudana registaro por la akcepto de israela delegacio por subskribi la inter\u015dtatan pacan interkonsenton.<\/p>\n<p>Ne estis tia precedenco en la mallonga israela historio. Estas neniu ombro de ombro de dubo ke se Biden estus la Prezidento, li ne farus e\u0109 unu el tiuj gravegaj pa\u015doj.<\/p>\n<p>* UNRWA <em>United Nations Relief and Works Agency for Palestine Refugees in the Near East, Agentejo de la Unui\u011dintaj Nacioj por la Palestinaj Rifu\u011dintoj.<\/em><\/p>\n<p>el <a href=\"https:\/\/m.facebook.com\/story.php?story_fbid=3439712552772131&amp;id=100002002597851\">Facebook<\/a><\/p>\n<p><a href=\"https:\/\/reto.cn\/php\/hanyu\/rigardi-la-mondon-per-esperanto\">\u8fd4\u56de\u672c\u680f\u76ee\u76ee\u5f55 reveni al la listo de tiu \u0109i rubriko<\/a><\/p>\n","protected":false},"excerpt":{"rendered":"<p>a\u016dtoro Tuviah Rosenberg\u00a0 ( Izraelio \u4ee5\u8272\u5217 ) &#8220;De Cir\u2026 <span class=\"read-more\"><a href=\"https:\/\/reto.cn\/php\/hanyu\/rigardi-la-mondon-per-esperanto\/kial-judoj-devas-vocdoni-por-trump\/\">\u7ee7\u7eed\u9605\u8bfb Legi pli &raquo;<\/a><\/span><\/p>\n","protected":false},"author":1,"featured_media":0,"parent":4915,"menu_order":0,"comment_status":"open","ping_status":"closed","template":"","meta":{"footnotes":""},"_links":{"self":[{"href":"https:\/\/reto.cn\/php\/hanyu\/wp-json\/wp\/v2\/pages\/6373"}],"collection":[{"href":"https:\/\/reto.cn\/php\/hanyu\/wp-json\/wp\/v2\/pages"}],"about":[{"href":"https:\/\/reto.cn\/php\/hanyu\/wp-json\/wp\/v2\/types\/page"}],"author":[{"embeddable":true,"href":"https:\/\/reto.cn\/php\/hanyu\/wp-json\/wp\/v2\/users\/1"}],"replies":[{"embeddable":true,"href":"https:\/\/reto.cn\/php\/hanyu\/wp-json\/wp\/v2\/comments?post=6373"}],"version-history":[{"count":0,"href":"https:\/\/reto.cn\/php\/hanyu\/wp-json\/wp\/v2\/pages\/6373\/revisions"}],"up":[{"embeddable":true,"href":"https:\/\/reto.cn\/php\/hanyu\/wp-json\/wp\/v2\/pages\/4915"}],"wp:attachment":[{"href":"https:\/\/reto.cn\/php\/hanyu\/wp-json\/wp\/v2\/media?parent=6373"}],"curies":[{"name":"wp","href":"https:\/\/api.w.org\/{rel}","templated":true}]}}