{"id":6395,"date":"2020-11-19T20:31:59","date_gmt":"2020-11-19T12:31:59","guid":{"rendered":"http:\/\/reto.cn\/php\/hanyu\/?page_id=6395"},"modified":"2022-01-29T12:36:15","modified_gmt":"2022-01-29T04:36:15","slug":"la-landaj-limoj","status":"publish","type":"page","link":"https:\/\/reto.cn\/php\/hanyu\/rigardi-la-mondon-per-esperanto\/la-landaj-limoj\/","title":{"rendered":"La Landaj Limoj \u56fd\u754c"},"content":{"rendered":"<p>a\u016dtoro <em>Guido Hern\u00e1ndez Mar\u00edn\u00a0 ( Kostariko \u54e5\u65af\u8fbe\u9ece\u52a0 )<\/em><\/p>\n<p>Rigardante la nova\u0135ojn pri la konflikto inter Armenio kaj Azerbaj\u011dano pri la teritorio de Montara Karabaakho, mi ne povas ne mal\u011doji.<\/p>\n<p>Armenoj retiri\u011das de la loko, kie ili lo\u011dis dum jarcentoj.<\/p>\n<p>Anta\u016d foriro, ili ekbruligis tion, kio estis iliaj hejmoj kaj de iliaj prapatroj.<\/p>\n<p>Malgaja vido.<\/p>\n<p>Mi pensas pri tiuj homoj, kiuj estis forpelitaj de sia lando kaj mi imagas la malamon, kiun ili sentas al siaj najbaroj.<\/p>\n<p>Jean Jacques Rousseau diris, ke la problemoj de la homaro komenci\u011dis, kiam iu mezuris terpecon kaj deklaris \u011din kiel sian poseda\u0135on.<\/p>\n<p>Mi memoras, kiam mi vizitis Belgion kaj Nederlandon. Tie mi vidis, ke \u0109i tiuj du landoj kunekzistas kiel bonaj najbaroj. Linio sur la planko sufi\u0109as por indiki \u0109u vi estas en Belgio a\u016d Nederlando.<\/p>\n<p>Tiam mi pensis pri la versoj de nia kostarika poeto Jorge Debravo, kiu vokis el\u015diri la limojn unu post la alia kaj lasi nur la aeron kiel la limon.<\/p>\n<p>Dum vizito de la hidroelektra centralo Itaip\u00fa, mi a\u016ddis paragvajanon diri, ke la rivero Paranao ligas Brazilon kun Paragvajo.<\/p>\n<p>Tiu frazo \u015dokis min kaj mi pensante pri la rivero San-Juano, kiu disigas mia lando Kostariko de Nikaragvo \u011dis hodia\u016d.<\/p>\n<p>Mi kredas, ke iam niaj popoloj havos tiujn manojn kaj tiujn grandegajn kaj potencajn animojn, kiuj finfine unuigos nin kaj e\u0109 la aero ne estas limo.<\/p>\n<p>2020.11.17<\/p>\n<p><em>el Facebook<\/em><\/p>\n<p><a href=\"https:\/\/reto.cn\/php\/hanyu\/rigardi-la-mondon-per-esperanto\">\u8fd4\u56de\u672c\u680f\u76ee\u76ee\u5f55 reveni al la listo de tiu \u0109i rubriko<\/a><\/p>\n","protected":false},"excerpt":{"rendered":"<p>a\u016dtoro Guido Hern\u00e1ndez Mar\u00edn\u00a0 ( Kostariko \u54e5\u65af\u8fbe\u9ece\u52a0 ) Rigar\u2026 <span class=\"read-more\"><a href=\"https:\/\/reto.cn\/php\/hanyu\/rigardi-la-mondon-per-esperanto\/la-landaj-limoj\/\">\u7ee7\u7eed\u9605\u8bfb Legi pli &raquo;<\/a><\/span><\/p>\n","protected":false},"author":1,"featured_media":0,"parent":4915,"menu_order":0,"comment_status":"open","ping_status":"closed","template":"","meta":{"footnotes":""},"_links":{"self":[{"href":"https:\/\/reto.cn\/php\/hanyu\/wp-json\/wp\/v2\/pages\/6395"}],"collection":[{"href":"https:\/\/reto.cn\/php\/hanyu\/wp-json\/wp\/v2\/pages"}],"about":[{"href":"https:\/\/reto.cn\/php\/hanyu\/wp-json\/wp\/v2\/types\/page"}],"author":[{"embeddable":true,"href":"https:\/\/reto.cn\/php\/hanyu\/wp-json\/wp\/v2\/users\/1"}],"replies":[{"embeddable":true,"href":"https:\/\/reto.cn\/php\/hanyu\/wp-json\/wp\/v2\/comments?post=6395"}],"version-history":[{"count":0,"href":"https:\/\/reto.cn\/php\/hanyu\/wp-json\/wp\/v2\/pages\/6395\/revisions"}],"up":[{"embeddable":true,"href":"https:\/\/reto.cn\/php\/hanyu\/wp-json\/wp\/v2\/pages\/4915"}],"wp:attachment":[{"href":"https:\/\/reto.cn\/php\/hanyu\/wp-json\/wp\/v2\/media?parent=6395"}],"curies":[{"name":"wp","href":"https:\/\/api.w.org\/{rel}","templated":true}]}}