{"id":6527,"date":"2021-01-15T13:25:52","date_gmt":"2021-01-15T05:25:52","guid":{"rendered":"http:\/\/reto.cn\/php\/hanyu\/?page_id=6527"},"modified":"2024-04-11T09:31:32","modified_gmt":"2024-04-11T01:31:32","slug":"esperantaj-videoj","status":"publish","type":"page","link":"https:\/\/reto.cn\/php\/hanyu\/esperantaj-videoj\/","title":{"rendered":"\u4e16\u754c\u8bed\u89c6\u9891"},"content":{"rendered":"<h3>Esperantaj Videoj<\/h3>\n<ul>\n<li style=\"list-style-type: none;\">\n<ul>\n<li><a href=\"https:\/\/www.bilibili.com\/video\/BV1iz4y1m7nM\/\" target=\"_blank\" rel=\"noopener noreferrer\">La alfabeto de Esperanto \u4e16\u754c\u8bed\u5b57\u6bcd\u53d1\u97f3<\/a><\/li>\n<li><a href=\"https:\/\/www.bilibili.com\/video\/BV1hy4y1m7UN\/\" target=\"_blank\" rel=\"noopener noreferrer\">Dek bovinoj &#8211; Infana kanto en esperanto 10\u5934\u6bcd\u725b \u4e16\u754c\u8bed\u513f\u6b4c<\/a><br \/>\nInfana kanto en Esperanto<br \/>\n\u4e16\u754c\u8bed\u513f\u6b4c<\/li>\n<li><a href=\"https:\/\/www.bilibili.com\/video\/BV19U4y1x7Fe\/\" target=\"_blank\" rel=\"noopener noreferrer\">Esperanto Facila &#8211; Salutoj de Kroko \u7b80\u5355\u4e16\u754c\u8bed &#8212; \u5c0f\u9cc4\u9c7c\u7684\u95ee\u5019<\/a><br \/>\n\u5df4\u897f\u4e16\u754c\u8bed\u89c6\u9891\u3002\u8bed\u8a00\u6bd4\u8f83\u7b80\u5355\u3002<br \/>\nKroko finfine salutas vin! Li rakontas iom pri sia historio kaj vere volas fari\u011di via amiko. A\u016dskultu lin kaj ali\u011du al Esperanto Facila kanalo! Estu bonvena!<\/li>\n<li><a href=\"https:\/\/www.bilibili.com\/video\/BV1xh411y725\/\" target=\"_blank\" rel=\"noopener noreferrer\">Esperanto Facila &#8211; Brazilano \u7b80\u5355\u4e16\u754c\u8bed &#8212; \u5df4\u897f\u4eba<\/a><br \/>\n\u5df4\u897f\u4e16\u754c\u8bed\u89c6\u9891\u3002\u8bed\u8a00\u6bd4\u8f83\u7b80\u5355\u3002<br \/>\nKroko faras hejmtaskon pri Brazila historio. Spektu tiun \u0109i videon kaj lernu iom pli pri Brazilo, lando kie Kroko lo\u011das nun.<\/li>\n<li><a href=\"https:\/\/www.bilibili.com\/video\/BV12v411W7vg\/\" target=\"_blank\" rel=\"noopener noreferrer\">Esperanto Facila &#8211; Multkolora Mondo \u7b80\u5355\u4e16\u754c\u8bed &#8212; \u591a\u5f69\u7684\u4e16\u754c<\/a><br \/>\n\u5df4\u897f\u4e16\u754c\u8bed\u89c6\u9891\u3002\u8bed\u8a00\u6bd4\u8f83\u7b80\u5355\u3002<br \/>\nKroko estas ravita de \u0109ielarko, kaj de nia tiom bela multkolora mondo!<\/li>\n<li><a href=\"https:\/\/reto.cn\/php\/hanyu\/esperantaj-videoj\/unua_paorla_lingva_kurso\/\">\u7b2c\u4e00\u671f\u4e16\u754c\u8bed\u53e3\u8bed\u73ed<\/a><br \/>\nLa unua parola kurso de Esperanto<\/li>\n<li><a href=\"https:\/\/www.bilibili.com\/video\/BV1GU4y147BB\/\" target=\"_blank\" rel=\"noopener noreferrer\">Trans La Florida Markolo \u8de8\u8d8a\u4f5b\u7f57\u91cc\u8fbe\u6d77\u5ce1<\/a><br \/>\n&#8220;Trans La Florida Markolo&#8221; estas 30-minuta dokumenta filmo, kiu registras historian momenton. Temas pri la unua la\u016dle\u011da vizito de Usonaj Esperantistoj al Kubo post 54 jaroj da malpermeso. Krome, la filmo anka\u016d reliefigas kiel Esperanto povas helpi en tiaj situacioj.<br \/>\n\u7f8e\u56fd\u548c\u53e4\u5df4\u4e16\u754c\u8bed\u8005\u62cd\u6444\u7684\u7eaa\u5f55\u7247\u3002<\/li>\n<li><a href=\"https:\/\/www.bilibili.com\/video\/BV12X4y1K7fm\/\" target=\"_blank\" rel=\"noopener noreferrer\">Promenado en Novosibirsko \u65b0\u897f\u4f2f\u5229\u4e9a\u6f2b\u6b65<\/a> <span style=\"color: #ff0000;\">\u6709\u5b57\u5e55<\/span><br \/>\nLa promenado estis dum la novjaraj festoj 2020. \u0108i-tie ni rakontas pri nia urbo &#8211; Novosibirsko: pri la historio, klimato, teritorio kaj Transsibiria fervojo&#8230;<br \/>\n\u6f2b\u6b65\u65b0\u897f\u4f2f\u5229\u4e9a\u3002\u4ecb\u7ecd\u4e86\u65b0\u897f\u4f2f\u5229\u4e9a\u7684\u5386\u53f2\u3001\u6c14\u5019\u3001\u5730\u57df\u548c\u8de8\u897f\u4f2f\u5229\u4e9a\u94c1\u8def&#8230;<\/li>\n<li><a href=\"https:\/\/www.bilibili.com\/video\/BV1kr4y1T7tM\/\" target=\"_blank\" rel=\"noopener noreferrer\">Somera kaj vintra sezonoj en Siberio \u897f\u4f2f\u5229\u4e9a\u7684\u590f\u5929\u548c\u51ac\u5929<\/a> <span style=\"color: #ff0000;\">\u6709\u5b57\u5e55<\/span><br \/>\nIrina en Siberio invitas vin promeni kun \u015di dum malgranda ekskurso en \u015dia urbo &#8211; Novosibirsko kaj kompari someran kaj vintran sezonojn \u0109i-tie.<br \/>\n\u4fc4\u7f57\u65af\u7684 Irina \u9080\u8bf7\u4f60\u5728\u65b0\u897f\u4f2f\u5229\u4e9a\u4e00\u8d77\u6f2b\u6b65\uff0c\u770b\u770b\u90a3\u513f\u7684\u590f\u5929\u548c\u51ac\u5929\u3002<\/li>\n<li><a href=\"https:\/\/www.bilibili.com\/video\/BV1wr4y1K7EL\/\" target=\"_blank\" rel=\"noopener noreferrer\">Esperanto Geedzigas &#8211; \u0108efa Parto \u4e16\u754c\u8bed\u5a5a\u793c\u2014\u6b63\u7247<\/a><br \/>\nBrazilano kaj polino, kiuj konati\u011dis dank&#8217; al Esperanto, kaj ekde tiam konstruas seriozan interrilaton pere de la Internacias Lingvo. La filmeto bone montras kiel Esperanto trafas la korojn de \u011diaj parolantoj.<br \/>\n\u5df4\u897f\u548c\u6ce2\u5170\u7684\u4e00\u5bf9\u4e16\u754c\u8bed\u8005\u7684\u5a5a\u793c\u89c6\u9891\u3002\u4ed6\u548c\u5979\u901a\u8fc7\u4e16\u754c\u8bed\u76f8\u8bc6\uff0c\u5e76\u6700\u7ec8\u7ed3\u4e3a\u592b\u59bb\u3002\u6b64\u4e3a\u65f6\u957f5\u5206\u949f\u5230\u6b63\u7247\u3002<\/li>\n<li><a href=\"https:\/\/www.bilibili.com\/video\/BV18V411q7B1\/\" target=\"_blank\" rel=\"noopener noreferrer\">Esperanto Geedzigas &#8211; Ekstra Parto \u4e16\u754c\u8bed\u5a5a\u59fb\u2014\u82b1\u7d6e<\/a><br \/>\nBrazilano kaj polino, kiuj konati\u011dis dank&#8217; al Esperanto, kaj ekde tiam konstruas seriozan interrilaton pere de la Internacias Lingvo. La filmeto bone montras kiel Esperanto trafas la korojn de \u011diaj parolantoj.<br \/>\n\u5df4\u897f\u548c\u6ce2\u5170\u7684\u4e00\u5bf9\u4e16\u754c\u8bed\u8005\u7684\u5a5a\u793c\u89c6\u9891\u3002\u4ed6\u548c\u5979\u901a\u8fc7\u4e16\u754c\u8bed\u76f8\u8bc6\uff0c\u5e76\u6700\u7ec8\u7ed3\u4e3a\u592b\u59bb\u3002\u6b64\u4e3a\u65f6\u957f5\u5206\u949f\u7684\u82b1\u7d6e\u3002<\/li>\n<li><a href=\"https:\/\/www.bilibili.com\/video\/BV1TN411o7F4\/\" target=\"_blank\" rel=\"noopener noreferrer\">\u5317\u7f8e\u6691\u671f\u4e16\u754c\u8bed\u5b66\u4e60\u73ed-1 NASK &#8211; Nordamerika Somera Kursaro de Esperanto (1-a parto)<\/a><br \/>\n\u0108i tiu filmeto estas la 1-a parto de raporto pri NASK (Nordamerika Somera Kursaro de Esperanto).<\/li>\n<li><a href=\"https:\/\/www.bilibili.com\/video\/BV1Er4y1K7jA\/\" target=\"_blank\" rel=\"noopener noreferrer\">\u5317\u7f8e\u6691\u671f\u4e16\u754c\u8bed\u5b66\u4e60\u73ed-2 NASK &#8211; Nordamerika Somera Kursaro de Esperanto (2-a parto)<\/a><br \/>\n\u0108i tiu filmeto estas la 1-a parto de raporto pri NASK (Nordamerika Somera Kursaro de Esperanto).<del><\/del><\/li>\n<li>\u8054\u5408\u56fd\u6559\u79d1\u6587\u7ec4\u7ec770\u5e74\uff08\u603b46\u671f\uff09\u2014\u2014\u56fd\u9645\u4e16\u754c\u8bed\u534f\u4f1a\u526f\u4e3b\u5e2d\u9ec4\u94f6\u5b9d&nbsp; <span style=\"color: #ff0000;\">\u6709\u5b57\u5e55<\/span><br \/>\nRakonto pri Unesko dum 70 jaroj (sume 46 rakontoj)<br \/>\n<a href=\"https:\/\/www.bilibili.com\/video\/BV1BK4y1Q73Q\/\" target=\"_blank\" rel=\"noopener noreferrer\">1<\/a>&nbsp; <a href=\"https:\/\/www.bilibili.com\/video\/BV1zA411u7xY\/\" target=\"_blank\" rel=\"noopener noreferrer\">2<\/a>&nbsp; <a href=\"https:\/\/www.bilibili.com\/video\/BV1py4y1n79d\/\" target=\"_blank\" rel=\"noopener noreferrer\">3<\/a>&nbsp; <a href=\"https:\/\/www.bilibili.com\/video\/BV11U4y1s7QD\/\" target=\"_blank\" rel=\"noopener noreferrer\">4<\/a>&nbsp; <a href=\"https:\/\/www.bilibili.com\/video\/BV1VA411u7Vv\/\" target=\"_blank\" rel=\"noopener noreferrer\">5<\/a>&nbsp; <a href=\"https:\/\/www.bilibili.com\/video\/BV1n54y1W7m4\/\" target=\"_blank\" rel=\"noopener noreferrer\">6<\/a>&nbsp; <a href=\"https:\/\/www.bilibili.com\/video\/BV1rv411a7xi\/\" target=\"_blank\" rel=\"noopener noreferrer\">7<\/a>&nbsp; <a href=\"https:\/\/www.bilibili.com\/video\/BV1Mh411y79c\/\" target=\"_blank\" rel=\"noopener noreferrer\">8<\/a> &nbsp;<a href=\"https:\/\/www.bilibili.com\/video\/BV1654y1h7oS\" target=\"_blank\" rel=\"noopener noreferrer\">9<\/a> <a href=\"https:\/\/www.bilibili.com\/video\/BV1zA411T7RC\" target=\"_blank\" rel=\"noopener noreferrer\">10<\/a>&nbsp; <span style=\"color: #ff0000;\">\u5f85\u7eed<\/span><\/li>\n<li><a href=\"https:\/\/www.bilibili.com\/video\/BV1Nt411u7w6\" target=\"_blank\" rel=\"noopener noreferrer\">\u7b2c104\u5c4a\u56fd\u9645\u4e16\u754c\u8bed\u5927\u4f1a-Universala Kongreso de Esperanto 2019<\/a><br \/>\n2019\u5e747\u670821\u65e5\uff0c\u7b2c104\u5c4a\u56fd\u9645\u4e16\u754c\u8bed\u5927\u4f1a\u5728\u5728\u82ac\u5170\u62c9\u8d6b\u8482\u5f00\u5e55\u3002\u6b64\u89c6\u9891\u4e3a\u5927\u4f1a\u573a\u666f\u7247\u6bb5\u3002<br \/>\nLa 104-a Universala Kongreso de Esperanto en Lahtio, Finnlando. Filmeto farita de Filmeas.<\/li>\n<li><a href=\"https:\/\/www.bilibili.com\/video\/BV1Fv411y7Yj?spm_id_from=333.337.search-card.all.click&amp;vd_source=82c44cec0ea101a2fb760339ae52a91f\">\u4e16\u754c\u8bed\u6bcd\u8bed\u8005 Stela<\/a> <span style=\"color: #ff0000;\">\u6709\u53cc\u8bed\u5b57\u5e55<\/span><\/li>\n<p><a href=\"https:\/\/www.east-inflatables.com\/e103-inflatable-slide.html\" style=\"color: white; text-decoration: none;\">inflatable slide<\/a><\/ul>\n<\/li>\n<\/ul>\n","protected":false},"excerpt":{"rendered":"<p>Esperantaj Videoj La alfabeto de Esperanto \u4e16\u754c\u8bed\u5b57\u6bcd\u53d1\u97f3 Dek \u2026 <span class=\"read-more\"><a href=\"https:\/\/reto.cn\/php\/hanyu\/esperantaj-videoj\/\">\u7ee7\u7eed\u9605\u8bfb Legi pli &raquo;<\/a><\/span><\/p>\n","protected":false},"author":1,"featured_media":0,"parent":0,"menu_order":0,"comment_status":"open","ping_status":"closed","template":"","meta":{"footnotes":""},"_links":{"self":[{"href":"https:\/\/reto.cn\/php\/hanyu\/wp-json\/wp\/v2\/pages\/6527"}],"collection":[{"href":"https:\/\/reto.cn\/php\/hanyu\/wp-json\/wp\/v2\/pages"}],"about":[{"href":"https:\/\/reto.cn\/php\/hanyu\/wp-json\/wp\/v2\/types\/page"}],"author":[{"embeddable":true,"href":"https:\/\/reto.cn\/php\/hanyu\/wp-json\/wp\/v2\/users\/1"}],"replies":[{"embeddable":true,"href":"https:\/\/reto.cn\/php\/hanyu\/wp-json\/wp\/v2\/comments?post=6527"}],"version-history":[{"count":0,"href":"https:\/\/reto.cn\/php\/hanyu\/wp-json\/wp\/v2\/pages\/6527\/revisions"}],"wp:attachment":[{"href":"https:\/\/reto.cn\/php\/hanyu\/wp-json\/wp\/v2\/media?parent=6527"}],"curies":[{"name":"wp","href":"https:\/\/api.w.org\/{rel}","templated":true}]}}