{"id":6622,"date":"2021-03-11T11:20:39","date_gmt":"2021-03-11T03:20:39","guid":{"rendered":"http:\/\/reto.cn\/php\/hanyu\/?page_id=6622"},"modified":"2024-04-11T08:49:24","modified_gmt":"2024-04-11T00:49:24","slug":"ursoj-ofte-aperas-en-loglokoj","status":"publish","type":"page","link":"https:\/\/reto.cn\/php\/hanyu\/rigardi-la-mondon-per-esperanto\/ursoj-ofte-aperas-en-loglokoj\/","title":{"rendered":"&#8220;Ursoj ofte aperas en lo\u011dlokoj&#8221; \u201c\u718a\u51fa\u6ca1\u201d"},"content":{"rendered":"<p>&#8220;Ursoj ofte aperas en lo\u011dlokoj&#8221; \u201c\u718a\u51fa\u6ca1\u201d<\/p>\n<p>Lastatempe ursoj ofte aperas en vila\u011detoj tra la lando kaj donas dama\u011don al homoj. La\u016d statistiko de la Ministerio pri la Medio, dum aprilo kaj septembro en 2020 aperis en lo\u011dlokoj de homoj sume 13 670 ursoj, la plej multe en la lastaj kvin jaroj.<\/p>\n<p>En oktobro du homoj de la gubernioj Akita kaj Niigata estis atakitaj de ursoj en lo\u011dlokoj kaj morti\u011dis.<\/p>\n<p>\u015cajnas, ke tiuj akcidentoj okazis \u0109ar lastatempe plimulti\u011dis ursoj, pro la plivasti\u011do de la vivejo de ursoj kiu rezultis el la malmulti\u011do de lo\u011dantoj en montaraj regionoj. Do multi\u011das okazoj renkonti ursojn kiuj kutimas ser\u0109i man\u011da\u0135ojn en lo\u011dlokoj de homo.<\/p>\n<p>\u0108i-jare multaj ursoj precipe en regionoj frontaj al la Japana Maro sinsekve transloki\u011das de montaraj regionoj al lo\u011dlokoj de homoj pro alia ka\u016dzo, malri\u0109a rikolto de glano.<\/p>\n<p><img decoding=\"async\" loading=\"lazy\" class=\"size-medium aligncenter\" src=\"http:\/\/reto.cn\/rigardi-la-mondon\/bildoj\/ursoj.jpg\" width=\"275\" height=\"183\">Por multaj ursoj kiuj kutimas vintrodormi glano estas tre grava man\u011da\u0135o por la kutimo. Tamen, la\u016d la Ministerio pri la Medio \u0109i-jare la rikolto de glano estis tre malbona pro furioza varmego kaj manko de pluvo en \u0109i-somero. Pro tio multaj lokoj tra la lando estas plagitaj de mizera rikolto de kverko, fago k.a., kies frukto estas glano. Ursoj do probable ne povas kontentigi malsatan stomakon nur en montoj kaj venas lo\u011dlokojn de homoj por ser\u0109i man\u011da\u0135on.<\/p>\n<p>La\u016d la Ministerio, dum aprilo \u011dis a\u016dgusto de \u0109i-jaro estis kaptitaj sume 2 965 japanaj ursoj, el kiuj \u0109. 95 procentoj (2 800) estis e\u016dtanazitaj. Tiu \u0109i nombro dum la kvin monatoj estas la plej multa en la historio.<\/p>\n<p>Por eviti tian mortigon okazas tra la lando diversaj eksperimentoj por &#8220;kunvivi&#8221; kun ursoj. Ekzemple, en la urbeto karuizawa de la gubernio Nagano la neprofita organizo Picchio remetas kaptintajn ursojn en monton, gluinte radioondajn dissendilojn al ili por gardi la denunan movi\u011don. Kaj kiam oni konfirmis per radioradio, ke ursoj proksimi\u011das al vilao k.a. oni forpelas ilin al montoprofundo per la hundo nomata &#8220;Karelian Bear Dog&#8221;, speciale trejnita, ke povu senti odoron kaj ekziston de ursoj.<\/p>\n<p>Krome, anta\u016d \u0109. 15 jaroj la Japana Asocio por Urso kaj Arbaro, unu el la organizoj por la protekto de la Naturo en la gubernio Hyogo ekplantis plantidon de persimono, kverko k.a. inter montoj kaj lo\u011dlokoj de homoj. Tiu \u0109i &#8220;artefarita arbaro&#8221; havas rolon preventi la proksimi\u011don de ursoj al lo\u011dlokoj de homoj, \u0109ar ursoj povus gajni man\u011da\u0135ojn en la arbaro.<a href=\"https:\/\/www.east-inflatables.co.nz\/e101-bouncy-castle.html\" style=\"color: #ffffff; text-decoration: none;\">bouncy castle<\/a><\/p>\n<p>Nun tiuj projektoj disvasti\u011das anka\u016d al la gubernioj Shizoka, Ishikawa k.a.<\/p>\n<div>Lasta Nova\u0135o de Japanio<\/div>\n<div>(n-ro 375, 2020.11.29)<\/div>\n<p><em>el Facebook<\/em><\/p>\n<p><a href=\"https:\/\/reto.cn\/php\/hanyu\/rigardi-la-mondon-per-esperanto\">\u8fd4\u56de\u672c\u680f\u76ee\u76ee\u5f55 reveni al la listo de tiu \u0109i rubriko<\/a><\/p>\n","protected":false},"excerpt":{"rendered":"<p>&#8220;Ursoj ofte aperas en lo\u011dlokoj&#8221; \u201c\u718a\u51fa\u6ca1\u201d Lasta\u2026 <span class=\"read-more\"><a href=\"https:\/\/reto.cn\/php\/hanyu\/rigardi-la-mondon-per-esperanto\/ursoj-ofte-aperas-en-loglokoj\/\">\u7ee7\u7eed\u9605\u8bfb Legi pli &raquo;<\/a><\/span><\/p>\n","protected":false},"author":1,"featured_media":0,"parent":4915,"menu_order":0,"comment_status":"closed","ping_status":"closed","template":"","meta":{"footnotes":""},"_links":{"self":[{"href":"https:\/\/reto.cn\/php\/hanyu\/wp-json\/wp\/v2\/pages\/6622"}],"collection":[{"href":"https:\/\/reto.cn\/php\/hanyu\/wp-json\/wp\/v2\/pages"}],"about":[{"href":"https:\/\/reto.cn\/php\/hanyu\/wp-json\/wp\/v2\/types\/page"}],"author":[{"embeddable":true,"href":"https:\/\/reto.cn\/php\/hanyu\/wp-json\/wp\/v2\/users\/1"}],"replies":[{"embeddable":true,"href":"https:\/\/reto.cn\/php\/hanyu\/wp-json\/wp\/v2\/comments?post=6622"}],"version-history":[{"count":0,"href":"https:\/\/reto.cn\/php\/hanyu\/wp-json\/wp\/v2\/pages\/6622\/revisions"}],"up":[{"embeddable":true,"href":"https:\/\/reto.cn\/php\/hanyu\/wp-json\/wp\/v2\/pages\/4915"}],"wp:attachment":[{"href":"https:\/\/reto.cn\/php\/hanyu\/wp-json\/wp\/v2\/media?parent=6622"}],"curies":[{"name":"wp","href":"https:\/\/api.w.org\/{rel}","templated":true}]}}