{"id":6924,"date":"2021-07-14T22:43:18","date_gmt":"2021-07-14T14:43:18","guid":{"rendered":"http:\/\/reto.cn\/php\/hanyu\/?page_id=6924"},"modified":"2022-01-17T18:55:07","modified_gmt":"2022-01-17T10:55:07","slug":"kiom-da-parolantoj-havas-esperanto","status":"publish","type":"page","link":"https:\/\/reto.cn\/php\/hanyu\/esperantologio\/kiom-da-parolantoj-havas-esperanto\/","title":{"rendered":"Kiom da parolantoj havas Esperanto? \u6709\u591a\u5c11\u8bf4\u4e16\u754c\u8bed\u7684\u4eba\uff1f"},"content":{"rendered":"<p><img decoding=\"async\" loading=\"lazy\" class=\"size-medium aligncenter\" src=\"http:\/\/reto.cn\/bildo\/cina\/esperantologio\/esperanto_nombro.png\" alt=\"ESPERANTO\" width=\"570\" height=\"386\" \/><br \/>\nA\u016dtoro: Drago Dussich<br \/>\n<em>Vi ne trovos la respondon \u0109i tie, sed vi vidos, ke ne gravas.<\/em><br \/>\nKiam ni vizitis la nacian muzeon de Irano en Teherano en 2014, nia \u0109i\u0109erono, instruistita viro, kiu parolis perfekte la anglan kaj neniam eliris sian landon, demandis nin, kiel \u0109i tiu muzeo kompareblas kun la Louvre.<br \/>\nMia frato respondis lin: tiu estas pli grandega kaj pli bela ol via, sed via ne estas plena de \u015dtelitaj a\u0135oj. Vi povas esti fiera pri via muzeo.<br \/>\nSammaniere mi kredas, ke la angla, la franca kaj la plej gravaj lingvoj de la mondo atingis sian grandan nombron da parolantoj per la forto kaj morto de miloj da homoj.<br \/>\nSe Esperanto havas sesdek tri mil parolantojn a\u016d du milionojn, tio ne gravas, ni povas fieri pri \u0109i tiu nombro, \u0109ar Esperanto ne bezonis perforton por atingi \u011din kaj neniu iam ajn devigis alian paroli \u011din.<\/p>\n<p><em>el<\/em> <a href=\"https:\/\/finvenkismo.com\" target=\"_blank\" rel=\"noopener noreferrer\">https:\/\/finvenkismo.com<\/a><\/p>\n<p><a href=\"https:\/\/reto.cn\/php\/hanyu\/esperantologio\">\u8fd4\u56de\u4e16\u754c\u8bed\u7814\u7a76\u680f\u76ee\u76ee\u5f55<\/a><\/p>\n","protected":false},"excerpt":{"rendered":"<p>A\u016dtoro: Drago Dussich Vi ne trovos la respondon \u0109i tie,\u2026 <span class=\"read-more\"><a href=\"https:\/\/reto.cn\/php\/hanyu\/esperantologio\/kiom-da-parolantoj-havas-esperanto\/\">\u7ee7\u7eed\u9605\u8bfb Legi pli &raquo;<\/a><\/span><\/p>\n","protected":false},"author":1,"featured_media":0,"parent":3204,"menu_order":0,"comment_status":"open","ping_status":"closed","template":"","meta":{"footnotes":""},"_links":{"self":[{"href":"https:\/\/reto.cn\/php\/hanyu\/wp-json\/wp\/v2\/pages\/6924"}],"collection":[{"href":"https:\/\/reto.cn\/php\/hanyu\/wp-json\/wp\/v2\/pages"}],"about":[{"href":"https:\/\/reto.cn\/php\/hanyu\/wp-json\/wp\/v2\/types\/page"}],"author":[{"embeddable":true,"href":"https:\/\/reto.cn\/php\/hanyu\/wp-json\/wp\/v2\/users\/1"}],"replies":[{"embeddable":true,"href":"https:\/\/reto.cn\/php\/hanyu\/wp-json\/wp\/v2\/comments?post=6924"}],"version-history":[{"count":0,"href":"https:\/\/reto.cn\/php\/hanyu\/wp-json\/wp\/v2\/pages\/6924\/revisions"}],"up":[{"embeddable":true,"href":"https:\/\/reto.cn\/php\/hanyu\/wp-json\/wp\/v2\/pages\/3204"}],"wp:attachment":[{"href":"https:\/\/reto.cn\/php\/hanyu\/wp-json\/wp\/v2\/media?parent=6924"}],"curies":[{"name":"wp","href":"https:\/\/api.w.org\/{rel}","templated":true}]}}