{"id":6951,"date":"2021-07-19T22:17:32","date_gmt":"2021-07-19T14:17:32","guid":{"rendered":"http:\/\/reto.cn\/php\/hanyu\/?page_id=6951"},"modified":"2022-01-29T12:29:42","modified_gmt":"2022-01-29T04:29:42","slug":"subakva-gardeno-en-italio","status":"publish","type":"page","link":"https:\/\/reto.cn\/php\/hanyu\/rigardi-la-mondon-per-esperanto\/subakva-gardeno-en-italio\/","title":{"rendered":"Subakva \u011cardeno en Italio \u610f\u5927\u5229\u7684\u6c34\u4e0b\u82b1\u56ed"},"content":{"rendered":"<p>\u0108u vi scias ke en Italujo (en la urbeto Noli, Ligurio) oni konstruis la unuan subakvan \u011dardenon? \u011ci nomi\u011das &#8216;la \u011dardeno de Nemo&#8217;, kaj \u011di estas eksperimento pri subakva agrikulturo. Ene de grandaj sferoj oni flegas vegeta\u0135ojn kaj plantojn, kaj la\u016d la unuaj konkludoj oni asertas ke estas la sekvaj avanta\u011doj:<\/p>\n<p>1 la temperaturo de la maro estas konstanta kaj tio bonas por verduloj<\/p>\n<p>2 la akvo mara funkcias kiel filtrilo kiu pasigas nur la lumajn kolorradiojn utilajn<\/p>\n<p>3 plantoj tie kreskas pli rapide, pli bongustaj kaj bonkvalitaj<\/p>\n<p>4 la maro defendas ilin kontra\u016d iu ajn parazito, do oni ne bezonas kemia\u0135ojn por kulturi<\/p>\n<p>Krome, oni ne plu bezonus detrui arbarojn por havi teron kulturotan<\/p>\n<p><img decoding=\"async\" loading=\"lazy\" class=\"size-medium aligncenter\" src=\"http:\/\/reto.cn\/rigardi-la-mondon\/bildoj\/subakava_gardeno.jpg\" width=\"1077\" height=\"861\" \/><\/p>\n<p>A\u016dtoro: Hildegarda De Bingen<\/p>\n<p>el Facebook<\/p>\n<p><a href=\"https:\/\/reto.cn\/php\/hanyu\/rigardi-la-mondon-per-esperanto\">\u8fd4\u56de\u672c\u680f\u76ee\u76ee\u5f55 reveni al la listo de tiu \u0109i rubriko<\/a><\/p>\n","protected":false},"excerpt":{"rendered":"<p>\u0108u vi scias ke en Italujo (en la urbeto Noli, Ligurio) \u2026 <span class=\"read-more\"><a href=\"https:\/\/reto.cn\/php\/hanyu\/rigardi-la-mondon-per-esperanto\/subakva-gardeno-en-italio\/\">\u7ee7\u7eed\u9605\u8bfb Legi pli &raquo;<\/a><\/span><\/p>\n","protected":false},"author":1,"featured_media":0,"parent":4915,"menu_order":0,"comment_status":"open","ping_status":"closed","template":"","meta":{"footnotes":""},"_links":{"self":[{"href":"https:\/\/reto.cn\/php\/hanyu\/wp-json\/wp\/v2\/pages\/6951"}],"collection":[{"href":"https:\/\/reto.cn\/php\/hanyu\/wp-json\/wp\/v2\/pages"}],"about":[{"href":"https:\/\/reto.cn\/php\/hanyu\/wp-json\/wp\/v2\/types\/page"}],"author":[{"embeddable":true,"href":"https:\/\/reto.cn\/php\/hanyu\/wp-json\/wp\/v2\/users\/1"}],"replies":[{"embeddable":true,"href":"https:\/\/reto.cn\/php\/hanyu\/wp-json\/wp\/v2\/comments?post=6951"}],"version-history":[{"count":0,"href":"https:\/\/reto.cn\/php\/hanyu\/wp-json\/wp\/v2\/pages\/6951\/revisions"}],"up":[{"embeddable":true,"href":"https:\/\/reto.cn\/php\/hanyu\/wp-json\/wp\/v2\/pages\/4915"}],"wp:attachment":[{"href":"https:\/\/reto.cn\/php\/hanyu\/wp-json\/wp\/v2\/media?parent=6951"}],"curies":[{"name":"wp","href":"https:\/\/api.w.org\/{rel}","templated":true}]}}