{"id":6958,"date":"2021-07-19T23:44:22","date_gmt":"2021-07-19T15:44:22","guid":{"rendered":"http:\/\/reto.cn\/php\/hanyu\/?page_id=6958"},"modified":"2022-01-29T12:34:58","modified_gmt":"2022-01-29T04:34:58","slug":"kiu-fremda-lingvo-estas-pli-utila","status":"publish","type":"page","link":"https:\/\/reto.cn\/php\/hanyu\/rigardi-la-mondon-per-esperanto\/kiu-fremda-lingvo-estas-pli-utila\/","title":{"rendered":"Kiu fremda lingvo estas pli utila? \u54ea\u79cd\u5916\u8bed\u6700\u6709\u7528\uff1f"},"content":{"rendered":"<p><img decoding=\"async\" loading=\"lazy\" class=\"size-medium aligncenter\" src=\"http:\/\/reto.cn\/rigardi-la-mondon\/bildoj\/lingvoj.jpg\" width=\"620\" height=\"420\" \/><\/p>\n<p>Krom la angla, kiu alia lingvo estas pli utila kaj donas pli altan investan revenon? Multaj koreaj dramaj adorantoj lernas koreajn, japanaj dramaj adorantoj lernas japanojn, \u0109u vi scias, ke \u0109i tiuj du lingvoj nur estas uzitaj en Koreio kaj Japanio, respektive? La \u015danco uzi \u0109i tiujn du lingvojn en multaj landoj de la mondo estas malalta.<\/p>\n<p>Kio estas via konsidero de elekti fremdan lingvon? Lasu min montri al vi liston de faktoj, kiuj povas helpi vin decidi tiun lingvon, kiun vi povas lerni.<\/p>\n<h3>1. \u0108efaj 10 lingvoj la\u016d nombro da parolantoj<\/h3>\n<p>\u0108ina, hispana, angla, hinda, araba, portugala, bengala, rusa, japana kaj punjaba<\/p>\n<h3>2. \u0108efaj 10 lingvoj la\u016d nombro da landoj<\/h3>\n<p>Angla, franca, araba, hispana, portugala, germana, itala, malaja, svahila kaj rusa<\/p>\n<h3>3. Oficialaj lingvoj de Unui\u011dintaj Nacioj<\/h3>\n<p>Araba, \u0109ina, angla, franca, rusa kaj hispana<\/p>\n<p><img decoding=\"async\" loading=\"lazy\" class=\"alignnone size-medium aligncenter\" src=\"http:\/\/reto.cn\/rigardi-la-mondon\/bildoj\/chefaj_lingvoj.gif\" width=\"620\" height=\"420\" \/><\/p>\n<p>\u0108i tiuj tri faktoj montras al vi lingvojn, kiuj estas popularaj \u0109irka\u016d la mondo. Vi devas pripensi zorgeme pri via motivo anta\u016d de vi decidas lerni lingvon. Krom de lerni lingvojn por amuzo, vi devas meti atenton al \u0109i tiuj tri faktoroj:<\/p>\n<ol>\n<li>La plej kutima motivo por lerni lingvon estas komuniki\u011di kun fremduloj<\/li>\n<li>Koni fremdajn lingvojn helpas vin dum voja\u011dado<\/li>\n<li>Lernado de lingvoj kiuj estas uzataj de internaciaj organizoj donas pli ekonomiajn avanta\u011dojn<\/li>\n<\/ol>\n<p>Eble vi povas demandi &#8230;<\/p>\n<h3>1. Lernado de lingvo prenas longan tempon kaj multan penon, kion mi faru?<\/h3>\n<p>Vi povas komenci kun pli facilaj lingvoj, \u011di povas esti lingvoj simile al lingvoj, kiujn vi jam konas a\u016d uzas la saman skriban sistemon. Se vi estas angla parolanto, provu hispanan, portugalan, germanan, italan a\u016d francan.<\/p>\n<h3>2. Lernado de lingvo ne estas malmultekosta, \u0109u ekzistas facile disponeblaj a\u016d senpagaj rimedoj?<\/h3>\n<p>Vi povas trovi ajnajn lingvajn centrojn proksime de via loko, lingvo-partneron a\u016d instruiston. Koncerne al enretaj rimedoj, vi povas rigardi filmojn a\u016d televidajn programojn, ali\u011di al forumoj, uzi lingvajn programojn, ktp. kiuj plejparte estas senpagaj a\u016d malmultekostaj. Vi anka\u016d povas lerni legante gazeton a\u016d revuon, a\u016dskultante la radion a\u016d irante al la biblioteko. Se vi povas trovi la parolantojn de viaj celaj lingvoj, provu asimili vin en ilian komunumon kaj lerni nature.<\/p>\n<p>Finfine, ne gravas tiu, kiun lingvon vi lernas, \u011di fari\u011dos grava parto de via vivo por \u0109iam. Do, kiun lingvon vi lernos?<\/p>\n<p>Kunhavigu vian rakonton kun ni!<\/p>\n<p>&nbsp;<\/p>\n<p>el <a href=\"https:\/\/neesblogesperanto.blogspot.com\" target=\"_blank\" rel=\"noopener noreferrer\">Nee&#8217;s Blog Esperanto<\/a><\/p>\n<p><a href=\"https:\/\/reto.cn\/php\/hanyu\/rigardi-la-mondon-per-esperanto\">\u8fd4\u56de\u672c\u680f\u76ee\u76ee\u5f55 reveni al la listo de tiu \u0109i rubriko<\/a><\/p>\n","protected":false},"excerpt":{"rendered":"<p>Krom la angla, kiu alia lingvo estas pli utila kaj dona\u2026 <span class=\"read-more\"><a href=\"https:\/\/reto.cn\/php\/hanyu\/rigardi-la-mondon-per-esperanto\/kiu-fremda-lingvo-estas-pli-utila\/\">\u7ee7\u7eed\u9605\u8bfb Legi pli &raquo;<\/a><\/span><\/p>\n","protected":false},"author":1,"featured_media":0,"parent":4915,"menu_order":0,"comment_status":"open","ping_status":"closed","template":"","meta":{"footnotes":""},"_links":{"self":[{"href":"https:\/\/reto.cn\/php\/hanyu\/wp-json\/wp\/v2\/pages\/6958"}],"collection":[{"href":"https:\/\/reto.cn\/php\/hanyu\/wp-json\/wp\/v2\/pages"}],"about":[{"href":"https:\/\/reto.cn\/php\/hanyu\/wp-json\/wp\/v2\/types\/page"}],"author":[{"embeddable":true,"href":"https:\/\/reto.cn\/php\/hanyu\/wp-json\/wp\/v2\/users\/1"}],"replies":[{"embeddable":true,"href":"https:\/\/reto.cn\/php\/hanyu\/wp-json\/wp\/v2\/comments?post=6958"}],"version-history":[{"count":0,"href":"https:\/\/reto.cn\/php\/hanyu\/wp-json\/wp\/v2\/pages\/6958\/revisions"}],"up":[{"embeddable":true,"href":"https:\/\/reto.cn\/php\/hanyu\/wp-json\/wp\/v2\/pages\/4915"}],"wp:attachment":[{"href":"https:\/\/reto.cn\/php\/hanyu\/wp-json\/wp\/v2\/media?parent=6958"}],"curies":[{"name":"wp","href":"https:\/\/api.w.org\/{rel}","templated":true}]}}