{"id":6975,"date":"2021-07-21T20:24:03","date_gmt":"2021-07-21T12:24:03","guid":{"rendered":"http:\/\/reto.cn\/php\/hanyu\/?page_id=6975"},"modified":"2022-01-29T12:34:18","modified_gmt":"2022-01-29T04:34:18","slug":"la-graveco-uzi-ofte-la-lingvon-lernatan","status":"publish","type":"page","link":"https:\/\/reto.cn\/php\/hanyu\/rigardi-la-mondon-per-esperanto\/la-graveco-uzi-ofte-la-lingvon-lernatan\/","title":{"rendered":"La graveco uzi ofte la lingvon lernatan \u7ecf\u5e38\u4f7f\u7528\u6240\u5b66\u8bed\u8a00\u7684\u91cd\u8981\u6027"},"content":{"rendered":"<p><img decoding=\"async\" loading=\"lazy\" class=\"alignnone size-medium aligncenter\" src=\"http:\/\/reto.cn\/rigardi-la-mondon\/bildoj\/lerni_lingvon_lernatan.jpg\" width=\"2048\" height=\"1365\" \/><\/p>\n<p>\u0108iu lernas lingvon por malsamaj celoj. Ili povus esti por laborposteno, postvivado, hereda\u0135o, romantikismo, a\u016d e\u0109 nur hobio. Sen konsidero de la elekto de lingvo, tio certe helpos vin mense kaj logike. \u0108u vi lernas lingvon sole a\u016d kun instruisto, vi devas kompreni, ke via lerteco nur pliboni\u011das tiel rapide kiel kiom ofte vi ekzercas.<\/p>\n<h2>Lerni pli a\u016d malpli?<\/h2>\n<p>Komparu tiujn du situaciojn de du lingvolernantoj. Nomu ni ilin kiel Tomo kaj Johano, kaj ili lernas la portugalan. Tomo prenas klason kun instruisto, ili renkontas dufoje semajne por 2 horoj \u0109iu. Johano anka\u016d prenas klason kun instruisto, sed ili nur renkontas unufoje semajne por 4 horoj \u0109iu. Kiun vi pensas ke progresos rapide?<\/p>\n<p>La respondo dependas de kiom multe ili uzas la lingvon ekster la klaso. Krom fari la taskojn, ili povas a\u016dskulti la radion, spekti filmetojn, a\u016d trovi iun ajn por ekzerci kune. Analizante la kvanton de tempo ke ili donis en la lernado, amba\u016d pasas la saman 4 horojn \u0109iu semajne. Tomo havas tempon por revizii la unuan lecionon anta\u016d ol li da\u016dras la duan lecionon en la sama semajno. Aliflanke, Johano ricevas pli lecionojn je la sama tago. \u011ci signifas, ke Johano devas procesi pli informon je malplilonga tempo ol Tomo.<\/p>\n<p>Kiel sperta lingvolernanto, mi sugestus vin procezi malmultan informon samtempe. Vi devas lerni komforte, ne el\u0109erpu vian cerbon, \u0109ar \u011di malfaciligos la lernadon kaj estigos seninteresan. Tial, ofte uzi la lingvon, kiun vi lernas estas grava.<\/p>\n<h2>Konscia kaj nekonscia lernado<\/h2>\n<p>Vi lernas konscie kiam vi faras la taskojn. Tio estas \u0109ar vi devas meti atenton al la lingvo, kiun vi lernas. Vi lernos nekonscie kiam vi \u011duas a\u016dskulti kantojn a\u016d radion en la lingvo, kiun vi lernas. Tio estas \u0109ar vi ne metas atenton al la karakteriza\u0135oj de la lingvo, kiel ekzemple gramatiko a\u016d vortprovizo. Male, via cerbo lernas kiel diri la frazojn nature el la kunteksto. Cetere, via cerbo anka\u016d lernas la akcenton, tonalton, kaj manieron de paroli.<\/p>\n<p>el <a href=\"https:\/\/neesblogesperanto.blogspot.com\" target=\"_blank\" rel=\"noopener noreferrer\">Nee\u2019s Blog Esperanto<\/a><\/p>\n<p>la originala titolo estas <em>La graveco de uzi ofte la lingvon, kiun vi lernas<\/em><\/p>\n<p><a href=\"https:\/\/reto.cn\/php\/hanyu\/rigardi-la-mondon-per-esperanto\">\u8fd4\u56de\u672c\u680f\u76ee\u76ee\u5f55 reveni al la listo de tiu \u0109i rubriko<\/a><\/p>\n","protected":false},"excerpt":{"rendered":"<p>\u0108iu lernas lingvon por malsamaj celoj. Ili povus esti p\u2026 <span class=\"read-more\"><a href=\"https:\/\/reto.cn\/php\/hanyu\/rigardi-la-mondon-per-esperanto\/la-graveco-uzi-ofte-la-lingvon-lernatan\/\">\u7ee7\u7eed\u9605\u8bfb Legi pli &raquo;<\/a><\/span><\/p>\n","protected":false},"author":1,"featured_media":0,"parent":4915,"menu_order":0,"comment_status":"open","ping_status":"closed","template":"","meta":{"footnotes":""},"_links":{"self":[{"href":"https:\/\/reto.cn\/php\/hanyu\/wp-json\/wp\/v2\/pages\/6975"}],"collection":[{"href":"https:\/\/reto.cn\/php\/hanyu\/wp-json\/wp\/v2\/pages"}],"about":[{"href":"https:\/\/reto.cn\/php\/hanyu\/wp-json\/wp\/v2\/types\/page"}],"author":[{"embeddable":true,"href":"https:\/\/reto.cn\/php\/hanyu\/wp-json\/wp\/v2\/users\/1"}],"replies":[{"embeddable":true,"href":"https:\/\/reto.cn\/php\/hanyu\/wp-json\/wp\/v2\/comments?post=6975"}],"version-history":[{"count":0,"href":"https:\/\/reto.cn\/php\/hanyu\/wp-json\/wp\/v2\/pages\/6975\/revisions"}],"up":[{"embeddable":true,"href":"https:\/\/reto.cn\/php\/hanyu\/wp-json\/wp\/v2\/pages\/4915"}],"wp:attachment":[{"href":"https:\/\/reto.cn\/php\/hanyu\/wp-json\/wp\/v2\/media?parent=6975"}],"curies":[{"name":"wp","href":"https:\/\/api.w.org\/{rel}","templated":true}]}}