{"id":7044,"date":"2021-07-22T17:12:09","date_gmt":"2021-07-22T09:12:09","guid":{"rendered":"http:\/\/reto.cn\/php\/hanyu\/?page_id=7044"},"modified":"2022-02-15T11:48:59","modified_gmt":"2022-02-15T03:48:59","slug":"adjektivoj","status":"publish","type":"page","link":"https:\/\/reto.cn\/php\/hanyu\/gramatiko_de_esperanto\/detala-lernu-gramatiko\/adjektivoj\/","title":{"rendered":"\u4e16\u754c\u8bed\u8be6\u89e3\u8bed\u6cd5 \u5f62\u5bb9\u8bcd"},"content":{"rendered":"<p>&nbsp;<\/p>\n<header class=\"entry-header\">\n<h3>\u4e16\u754c\u8bed\u8be6\u89e3\u8bed\u6cd5<\/h3>\n<h3 style=\"text-align: center;\"><strong>\u7b2c4\u7ae0\u00a0 \u5f62\u5bb9\u8bcd<\/strong><\/h3>\n<\/header>\n<div class=\"entry-content\">\n<div class=\"entry-content\">\n\u5f62\u5bb9\u8bcd\u8868\u793a\u6027\u8d28\u3001\u4f18\u52a3\u3001\u5f52\u5c5e\u3001\u5173\u7cfb\u7b49\u3002\u5728\u4e16\u754c\u8bed\u4e2d\uff0c\u5f62\u5bb9\u8bcd\u5e26\u6709A\u8bcd\u5c3e\uff1a<\/p>\n<ul>\n<li>longa\u00a0 \u957f\u7684<\/li>\n<li>ru\u011da\u00a0 \u7ea2\u8272\u7684<\/li>\n<li>\u00a0bona\u00a0 \u597d\u7684\uff1b\u5584\u7684<\/li>\n<li>inteligenta\u00a0 \u7406\u89e3\u529b\u5f3a\u7684\uff1b\u806a\u9896\u7684<\/li>\n<li>homa\u00a0 \u4eba\u7684\uff1b\u4eba\u7c7b\u7684<\/li>\n<li>malaperinta\u00a0 \u5df2\u6d88\u5931\u7684<\/li>\n<\/ul>\n<p>\u7269\u4e3b\u4ee3\u8bcd\uff08\u00a79\uff09\u548c\u5e8f\u6570\u8bcd\uff08\u00a717\uff09\u4e5f\u662f\u5f62\u5bb9\u8bcd\uff0c\u4f46\u662f\u8fd9\u4e9b\u8bcd\u5f53\u4e2d\u7684A\u8bcd\u5c3e\u5177\u6709\u7279\u522b\u7684\u610f\u601d\u3002<br \/>\n\u5728A\u8bcd\u5c3e\u540e\u53ef\u4ee5\u8ddfJ\u8bcd\u5c3e\u6784\u6210\u590d\u6570\uff08\u00a76\uff09\uff0c\u8fd8\u53ef\u4ee5\u8ddf\u5bbe\u683cN\u8bcd\u5c3e\uff08\u00a710.2\uff09\u3002\u8fd8\u53ef\u4ee5\u4e24\u4e2a\u90fd\u7528\uff0c\u4f46\u662fJ\u59cb\u7ec8\u4f4d\u4e8eN\u4e4b\u524d\uff1a<\/p>\n<ul>\n<li>longaj longan\u00a0\u00a0 longajn<\/li>\n<li>ru\u011daj ru\u011dan ru\u011dajn<\/li>\n<li>miaj mian miajn<\/li>\n<li>sesaj sesan\u00a0\u00a0\u00a0\u00a0 sesajn<\/li>\n<\/ul>\n<p><strong>4.1 <\/strong><strong>\u5f62\u5bb9\u8bcd\u7684\u7528\u6cd5<\/strong><br \/>\n\u5f62\u5bb9\u8bcd\u4e3b\u8981\u7528\u6765\u4fee\u9970\u540d\u8bcd\u3002<br \/>\n<strong>4.1.1 <\/strong><strong>\u4fee\u9970\u6027\u5f62\u5bb9\u8bcd<\/strong><br \/>\n\u5f62\u5bb9\u8bcd\u53ef\u4ee5\u5145\u5f53\u540d\u8bcd\u7684\u4fee\u9970\u8bed\uff08\u76f4\u63a5\u8fdb\u884c\u4fee\u9970\u7684\u5f62\u5bb9\u8bcd\uff09\u3002\u4fee\u9970\u6027\u5f62\u5bb9\u8bcd\u4f4d\u4e8e\u540d\u8bcd\u4e4b\u524d\u6700\u4e3a\u5e38\u89c1\uff0c\u4f46\u662f\u4e5f\u53ef\u4ee5\u4f4d\u4e8e\u540d\u8bcd\u4e4b\u540e\u3002\u751a\u81f3\u540c\u4e00\u540d\u8bcd\u4e4b\u524d\u548c\u4e4b\u540e\u53ef\u4ee5\u540c\u65f6\u90fd\u6709\u5f62\u5bb9\u8bcd\uff1a<\/p>\n<ul>\n<li><strong>granda<\/strong> domo\u00a0 \u5927\u623f\u5b50<\/li>\n<li>domo <strong>granda\u00a0 <\/strong>\u5927\u623f\u5b50<\/li>\n<li>la tago <strong>longa\u00a0 <\/strong>\u957f\u957f\u7684\u767d\u5929<\/li>\n<li>la <strong>longa<\/strong> tago\u00a0 \u957f\u957f\u7684\u767d\u5929<\/li>\n<li><strong>fama Franca<\/strong> verkisto\u00a0 \u8457\u540d\u7684\u6cd5\u56fd\u4f5c\u5bb6<\/li>\n<li><strong>fama<\/strong> verkisto <strong>Franca\u00a0 <\/strong>\u8457\u540d\u7684\u6cd5\u56fd\u4f5c\u5bb6<\/li>\n<li>Lingvo <strong>Internacia<\/strong> \u56fd\u9645\u8bed\uff08\u4e16\u754c\u8bed\u7684\u539f\u540d\uff09<\/li>\n<\/ul>\n<p>\u4f4d\u4e8e\u540d\u8bcd\u4e4b\u540e\u7684\u4fee\u9970\u6027\u5f62\u5bb9\u8bcd\u5e38\u5e38\u662f\u88ab\u5f3a\u8c03\u7684\u3002<br \/>\n<strong>4.1.2 <\/strong><strong>\u8868\u8bed\u5f62\u5bb9\u8bcd<\/strong><br \/>\n\u5f62\u5bb9\u8bcd\u8fd8\u53ef\u4ee5\uff08\u501f\u52a9\u52a8\u8bcd\uff09\u4ee5\u8868\u8bed\u7684\u65b9\u5f0f\u4fee\u9970\u4e8b\u7269\uff08\u00a710.1.4\uff09\uff1a<\/p>\n<ul>\n<li>La domo estas <strong>granda<\/strong>.\u00a0 \u90a3\u5ea7\u623f\u5b50\u5927\u3002\u25c7Granda\u901a\u8fc7\u52a8\u8bcdestas\u4fee\u9970\u540d\u8bcddomo\u3002<\/li>\n<li>Tiuj \u0109i verkistoj estas <strong>famaj<\/strong>. \u8fd9\u4e9b\u4f5c\u5bb6\u5f88\u6709\u540d\u3002\u25c7Famaj\u901a\u8fc7estas\u4fee\u9970\u540d\u8bcdverkistoj\u3002<\/li>\n<li>Mi farbis mian domon <strong>blanka<\/strong>. \u6211\u628a\u6211\u7684\u623f\u5b50\u5237\u6210\u4e86\u767d\u8272\u3002\u25c7Blanka\u501f\u52a9\u52a8\u8bcdfarbis\u4fee\u9970\u540d\u8bcddomon\u3002<\/li>\n<\/ul>\n<p><strong>4.1.3 <\/strong><strong>\u5bf9\u5176\u4ed6\u8bcd\u7684\u4fee\u9970<\/strong><br \/>\n\u5f62\u5bb9\u8bcd\u8fd8\u53ef\u4ee5\u7528\u6765\u4fee\u9970\u540d\u8bcd\u6027\u5c0f\u54c1\u8bcd\uff0c\u4f8b\u5982\u4eba\u79f0\u4ee3\u8bcd\uff08\u00a79\uff09\uff0c\u901a\u5e38\u662f\u505a\u8868\u8bed\uff1a<\/p>\n<ul>\n<li>Mi estas <strong>feli\u0109a<\/strong>.\u00a0 \u6211\u5f88\u5e78\u798f\u3002<\/li>\n<li>Tiu estas <strong>mia<\/strong>.\u00a0 \u90a3\u4e00\u4e2a\u662f\u6211\u7684\u3002<\/li>\n<li>Tio estas <strong>bona<\/strong>.\u00a0 \u90a3\u5f88\u597d\u3002<\/li>\n<li>Ili fari\u011dis <strong>koleraj<\/strong>.\u00a0 \u4ed6\u4eec\u751f\u6c14\u4e86\u3002<\/li>\n<li>Amba\u016d \u015dajnis <strong>dormantaj<\/strong>.\u00a0 \u4e24\u4eba\u597d\u50cf\u90fd\u7761\u7740\u4e86\u3002<\/li>\n<\/ul>\n<p><strong>4.1.4 <\/strong><strong>\u5f62\u5bb9\u8bcd\u7684\u540d\u8bcd\u6027\u7528\u6cd5<\/strong><br \/>\n\u5f53\u5f62\u5bb9\u8bcd\u5145\u5f53\u540d\u8bcd\u7684\u4fee\u9970\u8bed\u65f6\uff0c\u6709\u65f6\u7701\u53bb\u8be5\u540d\u8bcd\u3002\u8fd9\u65f6\uff0c\u8be5\u5f62\u5bb9\u8bcd\u4f3c\u4e4e\u72ec\u81ea\u63a5\u53d7\u4e86\u540d\u8bcd\u7684\u4f5c\u7528\u3002\u5f53\u4e0a\u4e0b\u6587\u6e05\u695a\u5730\u8868\u660e\u5e94\u7701\u53bb\u54ea\u4e00\u4e2a\u540d\u8bcd\u65f6\uff0c\u8fd9\u79cd\u60c5\u51b5\u624d\u6709\u53ef\u80fd\uff1a<\/p>\n<ul>\n<li>La palaco de la imperiestro estis <strong>la plej belega<\/strong> [palaco] en la mondo.\u00a0 \u8fd9\u5ea7\u7687\u5bab\u662f\u4e16\u754c\u4e0a\u6700\u7f8e\u7684\uff08\u7687\u5bab\uff09\u3002<\/li>\n<li>Mi ne volas tiun \u0109i supon, donu al mi <strong>alian<\/strong> [supon].\u00a0 \u6211\u4e0d\u60f3\u8981\u8fd9\u79cd\u6c64\uff0c\u8bf7\u7ed9\u6211\u53e6\u4e00\u79cd\uff08\u6c64\uff09\u3002<\/li>\n<li>Tro <strong>malmultaj<\/strong> [homoj\/a\u016dskultantoj] venis.\u00a0 \u6765\u4e86\u592a\u5c11\uff08\u4eba\uff0f\u542c\u4f17\uff09\u3002<\/li>\n<li>\u00a0<strong>Kelkaj<\/strong> [personoj] el ni alvenis malfrue.\u00a0 \u6211\u4eec\u4e2d\u7684\u4e00\u4e9b\uff08\u4eba\uff09\u6765\u5f97\u5f88\u8fdf\u3002<\/li>\n<li>Ni amba\u016d volas <strong>la saman<\/strong> [aferon].\u00a0 \u6211\u4eec\u4e24\u4eba\u60f3\u8981\u540c\u6837\u7684\uff08\u4e8b\u60c5\uff09\u3002\u25c7\u6216\u8005\uff1aNi amba\u016d volas la samon.<\/li>\n<li>Vi estas <strong>la unuaj<\/strong> [personoj], kiujn mi vidas hodia\u016d matene.\u00a0 \u4f60\u4eec\u662f\u6211\u4eca\u5929\u65e9\u4e0a\u89c1\u5230\u7684\u7b2c\u4e00\u6279\uff08\u4eba\uff09\u3002<\/li>\n<li>Via pano estas malpli fre\u015da, ol <strong>mia<\/strong> [pano].\u00a0 \u4f60\u7684\u9762\u5305\u6ca1\u6709\u6211\u7684\uff08\u9762\u5305\uff09\u65b0\u9c9c\u3002<\/li>\n<li>Estas nun la <strong>dua<\/strong> [horo].\u00a0 \u73b0\u5728\u662f\u4e24\u70b9\uff08\u949f\uff09\u3002<\/li>\n<li>Mi parolas la <strong>Francan<\/strong> [lingvon].\u00a0 \u6211\u8bb2\u6cd5\u8bed\u3002<\/li>\n<\/ul>\n<p><strong>4.2 <\/strong><strong>\u5f62\u5bb9\u8bcd\u6027\u5c0f\u54c1\u8bcd<\/strong><br \/>\n\u4e16\u754c\u8bed\u4e2d\u7684\u4e00\u4e9b\u5c0f\u54c1\u8bcd\u5728\u53e5\u4e2d\u53ef\u4ee5\u5145\u5f53\u5f62\u5bb9\u8bcd\uff0c\u4f46\u662f\u6ca1\u6709A\u8bcd\u5c3e\u3002\u8fd9\u4e9b\u8bcd\u662fA\u5c3e\u3001U\u5c3e\u548cES\u5c3e\u7684\u8bcd\u8868\u8bcd\uff08\u00a711\uff09\uff0c\u5c0f\u54c1\u8bcdamba\u016d\u548c\u6570\u8bcd\uff08\u00a717.1\uff09\u3002<\/p>\n<p>\u4e2d\u56fd\u4e16\u754c\u8bed\u7f51\u7ad9\u7eff\u7f51<br \/>\nVerda Reto, la \u0109ina esperanta retejo<br \/>\n<a href=\"https:\/\/reto.cn\/\">https:\/\/reto.cn<br \/>\n<\/a><br \/>\n<a href=\"https:\/\/reto.cn\/php\/hanyu\/detala-lernu-gramatiko\/\">\u8fd4\u56de\u4e16\u754c\u8bed\u8be6\u89e3\u8bed\u6cd5\u76ee\u5f55<\/a><\/p>\n<\/div>\n<\/div>\n","protected":false},"excerpt":{"rendered":"<p>&nbsp; \u4e16\u754c\u8bed\u8be6\u89e3\u8bed\u6cd5 \u7b2c4\u7ae0\u00a0 \u5f62\u5bb9\u8bcd \u5f62\u5bb9\u8bcd\u8868\u793a\u6027\u8d28\u3001\u4f18\u52a3\u3001\u5f52\u5c5e\u3001\u5173\u7cfb\u7b49\u3002\u5728\u4e16\u754c\u8bed\u4e2d\uff0c\u5f62\u5bb9\u8bcd\u5e26\u6709A\u8bcd\u2026 <span class=\"read-more\"><a href=\"https:\/\/reto.cn\/php\/hanyu\/gramatiko_de_esperanto\/detala-lernu-gramatiko\/adjektivoj\/\">\u7ee7\u7eed\u9605\u8bfb Legi pli &raquo;<\/a><\/span><\/p>\n","protected":false},"author":1,"featured_media":0,"parent":6989,"menu_order":4,"comment_status":"open","ping_status":"closed","template":"","meta":{"footnotes":""},"_links":{"self":[{"href":"https:\/\/reto.cn\/php\/hanyu\/wp-json\/wp\/v2\/pages\/7044"}],"collection":[{"href":"https:\/\/reto.cn\/php\/hanyu\/wp-json\/wp\/v2\/pages"}],"about":[{"href":"https:\/\/reto.cn\/php\/hanyu\/wp-json\/wp\/v2\/types\/page"}],"author":[{"embeddable":true,"href":"https:\/\/reto.cn\/php\/hanyu\/wp-json\/wp\/v2\/users\/1"}],"replies":[{"embeddable":true,"href":"https:\/\/reto.cn\/php\/hanyu\/wp-json\/wp\/v2\/comments?post=7044"}],"version-history":[{"count":0,"href":"https:\/\/reto.cn\/php\/hanyu\/wp-json\/wp\/v2\/pages\/7044\/revisions"}],"up":[{"embeddable":true,"href":"https:\/\/reto.cn\/php\/hanyu\/wp-json\/wp\/v2\/pages\/6989"}],"wp:attachment":[{"href":"https:\/\/reto.cn\/php\/hanyu\/wp-json\/wp\/v2\/media?parent=7044"}],"curies":[{"name":"wp","href":"https:\/\/api.w.org\/{rel}","templated":true}]}}