{"id":7051,"date":"2021-07-22T23:01:42","date_gmt":"2021-07-22T15:01:42","guid":{"rendered":"http:\/\/reto.cn\/php\/hanyu\/?page_id=7051"},"modified":"2022-02-15T11:48:47","modified_gmt":"2022-02-15T03:48:47","slug":"adverboj","status":"publish","type":"page","link":"https:\/\/reto.cn\/php\/hanyu\/gramatiko_de_esperanto\/detala-lernu-gramatiko\/adverboj\/","title":{"rendered":"\u4e16\u754c\u8bed\u8be6\u89e3\u8bed\u6cd5  \u526f\u8bcd"},"content":{"rendered":"<p>&nbsp;<\/p>\n<header class=\"entry-header\">\n<h3>\u4e16\u754c\u8bed\u8be6\u89e3\u8bed\u6cd5<\/h3>\n<h3 style=\"text-align: center;\"><strong>\u7b2c5\u7ae0\u00a0 \u526f\u8bcd<\/strong><\/h3>\n<p>\u526f\u8bcd\u8868\u793a\u65b9\u5f0f\u3001\u5730\u70b9\u3001\u65f6\u95f4\u3001\u6570\u91cf\u7b49\u3002\u5728\u4e16\u754c\u8bed\u4e2d\uff0c\u526f\u8bcd\u5e26\u6709E\u8bcd\u5c3e\uff1a<\/p>\n<ul>\n<li>rapide\u00a0 \u8fc5\u901f\u5730<\/li>\n<li>bele\u00a0 \u4f18\u7f8e\u5730<\/li>\n<li>urbe\u00a0 \u5728\u57ce\u91cc<\/li>\n<li>hejme\u00a0 \u5728\uff08\u81ea\u5df1\uff09\u5bb6\u91cc<\/li>\n<li>tage\u00a0 \u5728\u767d\u5929<\/li>\n<li>matene\u00a0 \u5728\u65e9\u6668<\/li>\n<li>lunde\u00a0 \u5728\u661f\u671f\u4e00\uff1b\u6bcf\u5468\u4e00<\/li>\n<li>normale\u00a0 \u6b63\u5e38\u5730\uff1b\u5728\u901a\u5e38\u60c5\u51b5\u4e0b<\/li>\n<li>multe\u00a0 \u5927\u91cf\u5730<\/li>\n<li>alveninte\u00a0 \u6765\u5230\u4ee5\u540e<\/li>\n<\/ul>\n<p>\u5728\u5730\u70b9\u526f\u8bcd\u4e0a\u53ef\u4ee5\u51fa\u73b0\u5bbe\u683c\u8bcd\u5c3eN\u8868\u793a\u65b9\u5411\uff08\u00a710.2\uff09\uff1aurben \u53bb\u57ce\u91cc\uff0chejmen \u56de\u5bb6\u3002\u25c7\u4f46\u662f\u526f\u8bcd\u6c38\u8fdc\u4e0d\u53ef\u63a5J\u8bcd\u5c3e\u3002<br \/>\n<strong><b>5.1 <\/b><\/strong><strong><b>\u526f\u8bcd\u7684\u7528\u6cd5<\/b><\/strong><br \/>\n\u526f\u8bcd\u53ef\u4ee5\u5145\u5f53\u52a8\u8bcd\u7684\u72b6\u8bed\uff1a<\/p>\n<ul>\n<li>Ili man\u011das <strong><b>rapide<\/b><\/strong>.\u00a0 \u4ed6\u4eec\u5403\u5f97\u5f88\u5feb\u3002\u25c7rapide\u662fman\u011das\u7684\u72b6\u8bed\uff0c\u8868\u793a\u201c\u5403\u201d\u7684\u65b9\u5f0f\u3002<\/li>\n<li><strong><b>Urbe<\/b><\/strong>trovi\u011das multaj restoracioj.\u00a0\u57ce\u91cc\u6709\u8bb8\u591a\u9910\u9986\u3002\u25c7Urbe\u662ftrovi\u011das\u7684\u72b6\u8bed\uff0c\u8868\u793a\u201c\u6709\u201d\u7684\u5730\u70b9\u3002<\/li>\n<\/ul>\n<p>\u526f\u8bcd\u72b6\u8bed\u4e5f\u53ef\u4ee5\u4e0e\u5168\u53e5\u6709\u5173\uff1a<\/p>\n<ul>\n<li><strong><b>Kompreneble<\/b><\/strong>mi iros.\u00a0 \u5f53\u7136\uff0c\u6211\u4f1a\u53bb\u7684\u3002\u25c7Kompreneble\u4e0e\u5168\u53e5\u6709\u5173\u3002\u5b83\u4e0d\u8868\u793a\u201c\u53bb\u201d\u7684\u65b9\u5f0f\uff0c\u800c\u5bf9\u201c\u6211\u4f1a\u53bb\u7684\u201d\u8fdb\u884c\u8bc4\u8bba\u3002\u8fd9\u4e00\u5168\u90e8\u4e8b\u5b9e\u662f\u53ef\u4ee5\u7406\u89e3\u7684\u3002<\/li>\n<\/ul>\n<p>\u526f\u8bcd\u4e5f\u53ef\u4ee5\u5145\u5f53\u5f62\u5bb9\u8bcd\u3001\u5176\u4ed6\u526f\u8bcd\u548c\u526f\u8bcd\u6027\u5c0f\u54c1\u8bcd\u7684\u4fee\u9970\u8bed\uff1a<\/p>\n<ul>\n<li>\u011ci estas <strong><b>sufi\u0109e<\/b><\/strong>granda.\u00a0 \u90a3\u4e1c\u897f\u591f\u5927\u7684\u3002<\/li>\n<li>Li man\u011das <strong><b>terure<\/b><\/strong>multe.\u00a0 \u4ed6\u5403\u5f97\u6781\u591a\u3002<\/li>\n<li>Ili revenos <strong><b>treege<\/b><\/strong>balda\u016d.\u00a0 \u4ed6\u4eec\u5f88\u5feb\u5c31\u4f1a\u56de\u6765\u3002<\/li>\n<\/ul>\n<p>\u526f\u8bcd\u4e5f\u53ef\u4ee5\u662f\u52a8\u8bcd\u4e0d\u5b9a\u5f0f\u6216\u4ece\u53e5\u7684\u8868\u8bed\u4fee\u9970\u8bed\uff08\u00a710.1.4\uff09\uff1a<\/p>\n<ul>\n<li>Estas <strong><b>amuze<\/b><\/strong>labori.\u00a0 \u52b3\u52a8\u6109\u5feb\u3002\u25c7Amuze\u4fee\u9970\u4e0d\u5b9a\u5f0flabori\u4e00\u8bcd\u3002<\/li>\n<li>Multe ma\u0109i estas <strong><b>necese<\/b><\/strong>por bona digesto.\u00a0 \u7ec6\u56bc\u5bf9\u4e8e\u826f\u597d\u7684\u6d88\u5316\u662f\u6709\u5fc5\u8981\u7684\u3002<\/li>\n<\/ul>\n<p>\u5f62\u5bb9\u8bcd\u548c\u526f\u8bcd\u662f\u975e\u5e38\u76f8\u50cf\u7684\u3002\u4eba\u4eec\u60f3\u8981\u4fee\u9970\u7684\u4e8b\u7269\uff0c\u51b3\u5b9a\u4e86\u8981\u4f7f\u7528\u5f62\u5bb9\u8bcd\u8fd8\u662f\u526f\u8bcd\u3002<br \/>\n\u6570\u91cf\u526f\u8bcd\u53ef\u4ee5\u5982\u540c\u540d\u8bcd\u4e00\u6837\u4f7f\u7528\uff08\u00a718\uff09\uff1aSur la arbo sin trovis <strong><b>multe<\/b><\/strong><strong><b>\u00a0<\/b><\/strong>(\u6216multo) da birdoj.\u00a0 \u6811\u4e0a\u6709\u8bb8\u8bb8\u591a\u591a\u7684\u9e1f\u3002<b><\/b><br \/>\n<strong><b>5.2 <\/b><\/strong><strong><b>\u526f\u8bcd\u6027\u5c0f\u54c1\u8bcd<\/b><\/strong><br \/>\n\u4e16\u754c\u8bed\u4e2d\u7684\u4e00\u4e9b\u5c0f\u54c1\u8bcd\u5728\u53e5\u4e2d\u53ef\u4ee5\u5145\u5f53\u526f\u8bcd\uff0c\u4f46\u662f\u6ca1\u6709E\u8bcd\u5c3e\u3002\u8fd9\u4e9b\u8bcd\u662fE\u5c3e\u3001EL\u5c3e\u3001OM\u5c3e\u3001AM\u5c3e\u548cAL\u5c3e\u7684\u8bcd\u8868\u8bcd\uff08\u00a711\uff09\uff0c\u5c0f\u54c1\u8bcdpli\u548cplej\uff08\u00a714\uff09\uff0c\u5c0f\u54c1\u8bcdne\uff08\u00a715\uff09\uff0c\u5c0f\u54c1\u8bcd\u0109i, for, ankora\u016d, balda\u016d, hodia\u016d, hiera\u016d, morga\u016d, jam, \u0135us, nun, plu, tuj, ajn, almena\u016d, anka\u016d, apena\u016d, des, do, e\u0109, ja, jen, jes, ju, kvaza\u016d, mem, nur, preska\u016d, tamen, tre\u548ctro\u3002\uff08\u8bb8\u591a\u8bed\u6cd5\u4e66\u4e5f\u5c06\u8fd9\u4e9b\u5c0f\u54c1\u8bcd\u7b80\u79f0\u4e3a\u201c\u526f\u8bcd\u201d\uff0c\u4f46\u662f\u5728\u672c\u4e66\u4e2d\uff0c\u4e3a\u4e86\u6e05\u695a\u5730\u5c06\u5b83\u4eec\u533a\u522b\u4e8e\u5e26E\u8bcd\u5c3e\u7684\u526f\u8bcd\uff0c\u5b83\u4eec\u79f0\u4e3a\u201c\u526f\u8bcd\u6027\u5c0f\u54c1\u8bcd\u201d\u3002\uff09<\/p>\n<\/header>\n<div class=\"entry-content\">\n<div class=\"entry-content\">\n\u4e2d\u56fd\u4e16\u754c\u8bed\u7f51\u7ad9\u7eff\u7f51<br \/>\nVerda Reto, la \u0109ina esperanta retejo<br \/>\n<a href=\"https:\/\/reto.cn\/\">https:\/\/reto.cn<br \/>\n<\/a><br \/>\n<a href=\"https:\/\/reto.cn\/php\/hanyu\/detala-lernu-gramatiko\/\">\u8fd4\u56de\u4e16\u754c\u8bed\u8be6\u89e3\u8bed\u6cd5\u76ee\u5f55<\/a><\/div>\n<\/div>\n","protected":false},"excerpt":{"rendered":"<p>&nbsp; \u4e16\u754c\u8bed\u8be6\u89e3\u8bed\u6cd5 \u7b2c5\u7ae0\u00a0 \u526f\u8bcd \u526f\u8bcd\u8868\u793a\u65b9\u5f0f\u3001\u5730\u70b9\u3001\u65f6\u95f4\u3001\u6570\u91cf\u7b49\u3002\u5728\u4e16\u754c\u8bed\u4e2d\uff0c\u526f\u8bcd\u5e26\u6709E\u8bcd\u5c3e\uff1a \u2026 <span class=\"read-more\"><a href=\"https:\/\/reto.cn\/php\/hanyu\/gramatiko_de_esperanto\/detala-lernu-gramatiko\/adverboj\/\">\u7ee7\u7eed\u9605\u8bfb Legi pli &raquo;<\/a><\/span><\/p>\n","protected":false},"author":1,"featured_media":0,"parent":6989,"menu_order":5,"comment_status":"open","ping_status":"closed","template":"","meta":{"footnotes":""},"_links":{"self":[{"href":"https:\/\/reto.cn\/php\/hanyu\/wp-json\/wp\/v2\/pages\/7051"}],"collection":[{"href":"https:\/\/reto.cn\/php\/hanyu\/wp-json\/wp\/v2\/pages"}],"about":[{"href":"https:\/\/reto.cn\/php\/hanyu\/wp-json\/wp\/v2\/types\/page"}],"author":[{"embeddable":true,"href":"https:\/\/reto.cn\/php\/hanyu\/wp-json\/wp\/v2\/users\/1"}],"replies":[{"embeddable":true,"href":"https:\/\/reto.cn\/php\/hanyu\/wp-json\/wp\/v2\/comments?post=7051"}],"version-history":[{"count":0,"href":"https:\/\/reto.cn\/php\/hanyu\/wp-json\/wp\/v2\/pages\/7051\/revisions"}],"up":[{"embeddable":true,"href":"https:\/\/reto.cn\/php\/hanyu\/wp-json\/wp\/v2\/pages\/6989"}],"wp:attachment":[{"href":"https:\/\/reto.cn\/php\/hanyu\/wp-json\/wp\/v2\/media?parent=7051"}],"curies":[{"name":"wp","href":"https:\/\/api.w.org\/{rel}","templated":true}]}}