{"id":7125,"date":"2021-07-24T12:46:49","date_gmt":"2021-07-24T04:46:49","guid":{"rendered":"http:\/\/reto.cn\/php\/hanyu\/?page_id=7125"},"modified":"2022-02-15T12:47:53","modified_gmt":"2022-02-15T04:47:53","slug":"prepozicioj","status":"publish","type":"page","link":"https:\/\/reto.cn\/php\/hanyu\/gramatiko_de_esperanto\/detala-lernu-gramatiko\/prepozicioj\/","title":{"rendered":"\u4e16\u754c\u8bed\u8be6\u89e3\u8bed\u6cd5 \u4ecb\u8bcd"},"content":{"rendered":"<header class=\"entry-header\">\n<h3>\u4e16\u754c\u8bed\u8be6\u89e3\u8bed\u6cd5<\/h3>\n<h3 style=\"text-align: center;\"><strong>10.3\u00a0 \u4ecb\u8bcd<\/strong><\/h3>\n<\/header>\n<div class=\"entry-content\">\n<div class=\"entry-content\">\n<p><strong><b>10.3 <\/b><\/strong><strong><b>\u4ecb\u8bcd<\/b><\/strong><\/p>\n<p>\u4ecb\u8bcd\u662f\u653e\u5728\u53e5\u6210\u5206\u4e4b\u524d\u6765\u8868\u793a\u53e5\u4f5c\u7528\u7684\u5c0f\u54c1\u8bcd\u3002<\/p>\n<p>\u4ecb\u8bcd\u901a\u5e38\u4f4d\u4e8e\u540d\u8bcd\u6216\u4ee3\u8bcd\uff08\u00a79\uff09\u4e4b\u524d\uff0c\u4f46\u662f\u4e5f\u4f4d\u4e8e\u4e0d\u5b9a\u5f0f\u52a8\u8bcd\uff08\u00a720.2\uff09\u3001\u4ece\u53e5\uff08\u00a723\uff09\u548c\u6570\u91cf\u526f\u8bcd\uff08\u00a718\uff09\u4e4b\u524d\u3002\u6709\u65f6\uff0c\u4ecb\u8bcd\u7528\u4e8e\u5730\u70b9\u548c\u65f6\u95f4\u526f\u8bcd\u4e4b\u524d\u3002\u8fd9\u65f6\uff0c\u4ecb\u8bcd\u4f7f\u5f97\u5730\u70b9\u6216\u65f6\u95f4\u7684\u610f\u4e49\u66f4\u52a0\u7cbe\u51c6\u3002<\/p>\n<p>\u4ee5\u4e0b\u5c0f\u54c1\u8bcd\u4e3a\u4ecb\u8bcd\uff1aal, anstata\u016d, anta\u016d, apud, \u0109e, \u0109irka\u016d, da, de, dum, ekster, el, en, \u011dis, inter, je, kontra\u016d, krom, kun, la\u016d, malgra\u016d, per, po, por, post, preter, pri, pro, sen, sub, super, sur, tra \u548ctrans\u3002<\/p>\n<p>\u4ee5\u4e0b\u662f\u6709\u5173\u6700\u91cd\u8981\u7684\u4ecb\u8bcd\u7684\u89e3\u91ca\uff1a<\/p>\n<ul>\n<li>\u5730\u70b9\u4ecb\u8bcd\uff08\u00a710.3.1\uff09<\/li>\n<li>\u65b9\u5411\u4ecb\u8bcd\uff08\u00a710.3.2\uff09<\/li>\n<li>Je\uff08\u00a710.3.3\uff09<\/li>\n<li>De\uff08\u00a710.3.4\uff09<\/li>\n<li>Da\uff08\u00a710.3.5\uff09<\/li>\n<li>Anstata\u016d\u548ckrom\uff08\u00a710.3.6\uff09<\/li>\n<li>Po\uff08\u00a710.3.7\uff09<\/li>\n<\/ul>\n<p><strong><b>\u72ec\u7acb\u4ecb\u8bcd<\/b><\/strong><\/p>\n<p>\u4ecb\u8bcd\u4e4b\u540e\u901a\u5e38\u6709\u4e0e\u8be5\u4ecb\u8bcd\u76f8\u5173\u7684\u77ed\u8bed\u3002\u6ca1\u6709\u8fd9\u6837\u7684\u540e\u7eed\u77ed\u8bed\uff0c\u4ecb\u8bcd\u5219\u65e0\u610f\u4e49\uff1asur\u00a0<strong><b>la tablo<\/b><\/strong>,\u00a0en\u00a0<strong><b>mia domo<\/b><\/strong>, ekster <strong><b>tiu \u0109i \u0109ambro<\/b><\/strong>, dum <strong><b>la pa\u016dzo<\/b><\/strong>, anstata\u016d <strong><b>tio<\/b><\/strong>, krom <strong><b>Petro<\/b><\/strong>\u7b49\u3002<\/p>\n<p>\u5982\u679c\u60f3\u8981\u7701\u53bb\u4ecb\u8bcd\u4e4b\u540e\u7684\u8bcd\u8bed\uff0c\u5c31\u5fc5\u987b\u4f7f\u7528\u5e26E\u8bcd\u5c3e\u7684\u4ecb\u8bcd\uff0c\u56e0\u4e3a\u8fd9\u65f6\u4ecb\u8bcd\u5df2\u7ecf\u6210\u4e3a\u8d77\u526f\u8bcd\u4f5c\u7528\u7684\u7279\u6709\u7684\u53e5\u6210\u5206\uff1a<\/p>\n<ul>\n<li>Li staras apud mi.\u00a0 \u4ed6\u7ad9\u5728\u6211\u65c1\u8fb9\u3002\u2192 Li staras <strong><b>apude<\/b><\/strong>.\u00a0\u4ed6\u7ad9\u5728\u65c1\u8fb9\u3002<\/li>\n<li>\u015ci sidas ekster la domo.\u00a0 \u5979\u5750\u5728\u623f\u5b50\u5916\u9762\u3002\u2192 \u015ci sidas <strong><b>ekstere<\/b><\/strong>.\u00a0\u5979\u5750\u5728\u5916\u9762\u3002<\/li>\n<li>Tio okazis dum la pa\u016dzo.\u00a0 \u90a3\u4ef6\u4e8b\u53d1\u751f\u5728\u6682\u505c\u65f6\u3002\u2192 Tio okazis <strong><b>dume<\/b><\/strong>.\u00a0\u5176\u95f4\u53d1\u751f\u4e86\u90a3\u4ef6\u4e8b\u3002<\/li>\n<li>Tio okazos post la kongreso.\u00a0 \u90a3\u4ef6\u4e8b\u5c06\u5728\u5927\u4f1a\u540e\u53d1\u751f\u3002\u2192 Tio okazos <strong><b>poste<\/b><\/strong>.\u00a0 \u90a3\u4ef6\u4e8b\u4f1a\u7a0d\u540e\u53d1\u751f\u3002<\/li>\n<\/ul>\n<p>\u5982\u679c\u6b64\u7c7b\u526f\u8bcd\u8868\u793a\u5730\u70b9\uff0c\u5b83\u53ef\u4ee5\u91c7\u7528\u8bcd\u5c3eN\uff0c\u8868\u793a\u5411\u8be5\u5730\u7684\u79fb\u52a8\uff08\u00a710.2.4\uff09\uff1a<\/p>\n<ul>\n<li>Li sidas ekster la domo.\u00a0 \u4ed6\u5750\u5728\u623f\u5b50\u5916\u9762\u3002\u2192 Li sidas ekstere.\u00a0 \u4ed6\u5750\u5728\u5916\u9762\u3002\u2192 Li iras <strong><b>eksteren<\/b><\/strong>. = &#8230;al ekstera loko (al loko ekster la domo).\u00a0 \u4ed6\u671d\u5916\u8d70\u3002<\/li>\n<\/ul>\n<p>\u6709\u65f6\uff0c\u5982\u679c\u539f\u53e5\u6210\u5206\u8d77\u5f62\u5bb9\u8bcd\u4f5c\u7528\uff0c\u5219\u5728\u4ecb\u8bcd\u540e\u4f7f\u7528A\u8bcd\u5c3e\uff1a<\/p>\n<ul>\n<li>Li lo\u011das en domo apud mia domo.\u00a0 \u4ed6\u4f4f\u5728\u6211\u5bb6\u9644\u8fd1\u7684\u623f\u5b50\u91cc\u3002\u2192 Li lo\u011das en <strong><b>apuda<\/b><\/strong>domo. &#8230;\u00a0en domo <strong><b>apuda<\/b><\/strong>.\u00a0\u4ed6\u4f4f\u5728\u9644\u8fd1\u7684\u623f\u5b50\u91cc\u3002<\/li>\n<\/ul>\n<p>\u4f46\u662f\uff0c\u5728\u8fd9\u79cd\u60c5\u51b5\u4e0b\u4e5f\u53ef\u4ee5\u4f7f\u7528\u5730\u70b9\u6216\u65f6\u95f4\u526f\u8bcd\uff1a<\/p>\n<ul>\n<li>Li lo\u011das en domo <strong><b>apude<\/b><\/strong>. = Li lo\u011das en domo, kiu trovi\u011das apude.\u00a0 \u4ed6\u4f4f\u5728\u9644\u8fd1\u7684\u623f\u5b50\u91cc\u3002<\/li>\n<\/ul>\n<p>\u7531\u4e8e\u67d0\u79cd\u539f\u56e0\uff0c\u5728\u5b9e\u8df5\u4e2d\u67d0\u4e9b\u4ecb\u8bcd\u51e0\u4e4e\u4e0d\u4e0eE\u8bcd\u5c3e\u6216A\u8bcd\u5c3e\u8fde\u7528\u3002\u4f8b\u5982\uff0c\u51e0\u4e4e\u4ece\u6765\u4e0d\u8bf4paroli prie = \u201cparoli pri tio\u201d, iri dee = \u201ciri de la koncerna loko\u201d,\u00a0ala veturo\u00a0= \u201cveturo al la koncerna loko\u201d,\u00a0proa agado\u00a0= \u201cagado pro tio\u201d\u3002<\/p>\n<p>\u4e2d\u56fd\u4e16\u754c\u8bed\u7f51\u7ad9\u7eff\u7f51<br \/>\nVerda Reto, la \u0109ina esperanta retejo<br \/>\n<a href=\"https:\/\/reto.cn\/\">https:\/\/reto.cn<br \/>\n<\/a><br \/>\n<a href=\"https:\/\/reto.cn\/php\/hanyu\/detala-lernu-gramatiko\/\">\u8fd4\u56de\u4e16\u754c\u8bed\u8be6\u89e3\u8bed\u6cd5\u76ee\u5f55<\/a><\/p>\n<\/div>\n<\/div>\n","protected":false},"excerpt":{"rendered":"<p>\u4e16\u754c\u8bed\u8be6\u89e3\u8bed\u6cd5 10.3\u00a0 \u4ecb\u8bcd 10.3 \u4ecb\u8bcd \u4ecb\u8bcd\u662f\u653e\u5728\u53e5\u6210\u5206\u4e4b\u524d\u6765\u8868\u793a\u53e5\u4f5c\u7528\u7684\u5c0f\u54c1\u8bcd\u3002 \u4ecb\u8bcd\u901a\u5e38\u4f4d\u4e8e\u540d\u8bcd\u2026 <span class=\"read-more\"><a href=\"https:\/\/reto.cn\/php\/hanyu\/gramatiko_de_esperanto\/detala-lernu-gramatiko\/prepozicioj\/\">\u7ee7\u7eed\u9605\u8bfb Legi pli &raquo;<\/a><\/span><\/p>\n","protected":false},"author":1,"featured_media":0,"parent":6989,"menu_order":123,"comment_status":"open","ping_status":"closed","template":"","meta":{"footnotes":""},"_links":{"self":[{"href":"https:\/\/reto.cn\/php\/hanyu\/wp-json\/wp\/v2\/pages\/7125"}],"collection":[{"href":"https:\/\/reto.cn\/php\/hanyu\/wp-json\/wp\/v2\/pages"}],"about":[{"href":"https:\/\/reto.cn\/php\/hanyu\/wp-json\/wp\/v2\/types\/page"}],"author":[{"embeddable":true,"href":"https:\/\/reto.cn\/php\/hanyu\/wp-json\/wp\/v2\/users\/1"}],"replies":[{"embeddable":true,"href":"https:\/\/reto.cn\/php\/hanyu\/wp-json\/wp\/v2\/comments?post=7125"}],"version-history":[{"count":0,"href":"https:\/\/reto.cn\/php\/hanyu\/wp-json\/wp\/v2\/pages\/7125\/revisions"}],"up":[{"embeddable":true,"href":"https:\/\/reto.cn\/php\/hanyu\/wp-json\/wp\/v2\/pages\/6989"}],"wp:attachment":[{"href":"https:\/\/reto.cn\/php\/hanyu\/wp-json\/wp\/v2\/media?parent=7125"}],"curies":[{"name":"wp","href":"https:\/\/api.w.org\/{rel}","templated":true}]}}